{"id":986,"date":"2024-08-14T15:54:58","date_gmt":"2024-08-14T12:54:58","guid":{"rendered":"http:\/\/imago-systems.com\/?post_type=product&#038;p=986"},"modified":"2026-01-21T10:45:14","modified_gmt":"2026-01-21T09:45:14","slug":"szuflada-kasowa-smk-18","status":"publish","type":"product","link":"https:\/\/imago-systems.com\/ua\/%d0%bf%d1%80%d0%be%d0%b4%d1%83%d0%ba%d1%82\/szuflada-kasowa-smk-18\/","title":{"rendered":"\u0413\u0440\u043e\u0448\u043e\u0432\u0430 \u0441\u043a\u0440\u0438\u043d\u044c\u043a\u0430 SMK-18"},"content":{"rendered":"<h1><strong>\u0413\u0440\u043e\u0448\u043e\u0432\u0456 \u0448\u0443\u0445\u043b\u044f\u0434\u0438 SMK \u2014 \u0446\u0435 \u043c\u0456\u0446\u043d\u0456 \u043c\u0435\u0442\u0430\u043b\u0435\u0432\u0456 \u0440\u0456\u0448\u0435\u043d\u043d\u044f \u0434\u043b\u044f \u0437\u0431\u0435\u0440\u0456\u0433\u0430\u043d\u043d\u044f \u0433\u043e\u0442\u0456\u0432\u043a\u0438, \u044f\u043a\u0456 \u043f\u043e\u0454\u0434\u043d\u0443\u044e\u0442\u044c \u0444\u0443\u043d\u043a\u0446\u0456\u043e\u043d\u0430\u043b\u044c\u043d\u0456\u0441\u0442\u044c \u0437 \u0431\u0435\u0437\u043f\u0435\u043a\u043e\u044e.<\/strong><\/h1>\n<p>\u041e\u0441\u043d\u0430\u0449\u0435\u043d\u0456 \u043c\u0456\u0446\u043d\u0438\u043c\u0438 \u0440\u043e\u043b\u0438\u043a\u0430\u043c\u0438 \u043d\u0430 \u043a\u0443\u043b\u044c\u043a\u043e\u0432\u0438\u0445 \u043f\u0456\u0434\u0448\u0438\u043f\u043d\u0438\u043a\u0430\u0445 \u0430\u0431\u043e \u043c\u0435\u0442\u0430\u043b\u0435\u0432\u0438\u043c\u0438 \u043d\u0430\u043f\u0440\u044f\u043c\u043d\u0438\u043c\u0438, \u0432\u043e\u043d\u0438 \u0437\u0430\u0431\u0435\u0437\u043f\u0435\u0447\u0443\u044e\u0442\u044c \u0442\u0438\u0445\u0443 \u0442\u0430 \u043f\u043b\u0430\u0432\u043d\u0443 \u0440\u043e\u0431\u043e\u0442\u0443.<\/p>\n<h2 data-pm-slice=\"1 1 []\"><strong>\u041e\u0441\u043d\u043e\u0432\u043d\u0456 \u0445\u0430\u0440\u0430\u043a\u0442\u0435\u0440\u0438\u0441\u0442\u0438\u043a\u0438 \u043a\u0430\u0441\u043e\u0432\u0438\u0445 \u0448\u0443\u0445\u043b\u044f\u0434 SMK-18:<\/strong><\/h2>\n<ul>\n<li><strong>\u0420\u0435\u0433\u0443\u043b\u044c\u043e\u0432\u0430\u043d\u0456 \u0440\u043e\u0437\u0434\u0456\u043b\u044c\u043d\u0438\u043a\u0438<\/strong> \u0434\u043e\u0437\u0432\u043e\u043b\u044f\u044e\u0442\u044c \u0433\u043d\u0443\u0447\u043a\u043e \u043d\u0430\u043b\u0430\u0448\u0442\u043e\u0432\u0443\u0432\u0430\u0442\u0438 \u043f\u0440\u043e\u0441\u0442\u0456\u0440 \u0434\u043b\u044f \u0431\u0430\u043d\u043a\u043d\u043e\u0442 \u0432\u0456\u0434\u043f\u043e\u0432\u0456\u0434\u043d\u043e \u0434\u043e \u0456\u043d\u0434\u0438\u0432\u0456\u0434\u0443\u0430\u043b\u044c\u043d\u0438\u0445 \u043f\u043e\u0442\u0440\u0435\u0431 \u043a\u043e\u0440\u0438\u0441\u0442\u0443\u0432\u0430\u0447\u0430.<\/li>\n<li><strong>\u0422\u0440\u0438\u0440\u0456\u0432\u043d\u0435\u0432\u0438\u0439 \u0437\u0430\u043c\u043e\u043a <\/strong>\u0437\u0430\u0431\u0435\u0437\u043f\u0435\u0447\u0443\u0454 \u043c\u0430\u043a\u0441\u0438\u043c\u0430\u043b\u044c\u043d\u0443 \u0431\u0435\u0437\u043f\u0435\u043a\u0443, \u0437\u0430\u0445\u0438\u0449\u0430\u044e\u0447\u0438 \u0432\u043c\u0456\u0441\u0442 \u0448\u0443\u0445\u043b\u044f\u0434\u0438 \u0432\u0456\u0434 \u043d\u0435\u0441\u0430\u043d\u043a\u0446\u0456\u043e\u043d\u043e\u0432\u0430\u043d\u043e\u0433\u043e \u0434\u043e\u0441\u0442\u0443\u043f\u0443.<\/li>\n<li><strong>\u0412\u0430\u0436\u0456\u043b\u044c \u0430\u0432\u0430\u0440\u0456\u0439\u043d\u043e\u0433\u043e \u0440\u043e\u0437\u0431\u043b\u043e\u043a\u0443\u0432\u0430\u043d\u043d\u044f <\/strong>\u0434\u043e\u0437\u0432\u043e\u043b\u044f\u0454 \u0448\u0432\u0438\u0434\u043a\u043e \u0432\u0456\u0434\u043a\u0440\u0438\u0442\u0438 \u0448\u0443\u0445\u043b\u044f\u0434\u0443 \u0432 \u0435\u043a\u0441\u0442\u0440\u0435\u043d\u0438\u0445 \u0441\u0438\u0442\u0443\u0430\u0446\u0456\u044f\u0445.<\/li>\n<li><strong>\u0412\u0430\u0440\u0456\u0430\u043d\u0442\u0438 \u043a\u043e\u043b\u044c\u043e\u0440\u0456\u0432 \u2013 <\/strong>\u043c\u043e\u0436\u043b\u0438\u0432\u0456\u0441\u0442\u044c \u0432\u0438\u0431\u043e\u0440\u0443 \u043f\u0435\u0440\u0435\u0434\u043d\u044c\u043e\u0457 \u043f\u0430\u043d\u0435\u043b\u0456 \u0447\u043e\u0440\u043d\u043e\u0433\u043e, \u0431\u0456\u043b\u043e\u0433\u043e \u043a\u043e\u043b\u044c\u043e\u0440\u0443 \u0430\u0431\u043e \u043a\u043e\u043b\u044c\u043e\u0440\u0443 \u043d\u0435\u0440\u0436\u0430\u0432\u0456\u044e\u0447\u043e\u0457 \u0441\u0442\u0430\u043b\u0456, \u0449\u043e \u0434\u043e\u0437\u0432\u043e\u043b\u044f\u0454 \u043f\u0456\u0434\u0456\u0431\u0440\u0430\u0442\u0438 \u0457\u0457 \u0434\u043e \u0434\u0438\u0437\u0430\u0439\u043d\u0443 \u0456\u043d\u0442\u0435\u0440&#039;\u0454\u0440\u0443.<\/li>\n<\/ul>\n<p>&nbsp;<\/p>\n<h3><strong>\u041d\u0430\u043b\u0430\u0448\u0442\u0443\u0432\u0430\u0442\u0438 <a href=\"https:\/\/imago-systems.com\/ua\/%d0%ba%d0%b0%d1%82%d0%b5%d0%b3%d0%be%d1%80%d1%96%d1%8f-%d0%bf%d1%80%d0%be%d0%b4%d1%83%d0%ba%d1%82%d1%83\/%d0%ba%d0%b0%d1%81%d0%be%d0%b2%d1%96-%d1%81%d0%ba%d1%80%d0%b8%d0%bd%d1%8c%d0%ba%d0%b8\/\">\u043a\u0430\u0441\u043e\u0432\u0456 \u0441\u043a\u0440\u0438\u043d\u044c\u043a\u0438<\/a> \u0432\u0456\u0434\u043f\u043e\u0432\u0456\u0434\u043d\u043e \u0434\u043e \u0432\u0430\u0448\u0438\u0445 \u0432\u043b\u0430\u0441\u043d\u0438\u0445 \u0443\u043f\u043e\u0434\u043e\u0431\u0430\u043d\u044c.<\/strong><\/h3>","protected":false},"excerpt":{"rendered":"<p>\u0421\u0435\u0440\u0456\u044f \u0448\u0443\u0445\u043b\u044f\u0434 SMK \u2013 \u0446\u0435 \u0456\u0434\u0435\u0430\u043b\u044c\u043d\u0438\u0439 \u0431\u0430\u043b\u0430\u043d\u0441 \u043c\u0456\u0436 \u044f\u043a\u0456\u0441\u0442\u044e \u0442\u0430 \u0446\u0456\u043d\u043e\u044e. \u0417\u0430\u0432\u0434\u044f\u043a\u0438 \u0432\u0438\u0431\u043e\u0440\u0443 \u0447\u043e\u0440\u043d\u0438\u0445, \u0431\u0456\u043b\u0438\u0445 \u0430\u0431\u043e \u043d\u0435\u0440\u0436\u0430\u0432\u0456\u044e\u0447\u0438\u0445 \u0441\u0442\u0430\u043b\u0435\u0432\u0438\u0445 \u043f\u0435\u0440\u0435\u0434\u043d\u0456\u0445 \u043f\u0430\u043d\u0435\u043b\u0435\u0439 \u0442\u0430 \u0443\u0434\u0430\u0440\u043e\u0441\u0442\u0456\u0439\u043a\u043e\u043c\u0443 \u043a\u0430\u0441\u043e\u0432\u043e\u043c\u0443 \u0430\u043f\u0430\u0440\u0430\u0442\u0443 \u0437 ABS-\u043f\u043b\u0430\u0441\u0442\u0438\u043a\u0443, SMK \u0454 \u0456\u0434\u0435\u0430\u043b\u044c\u043d\u0438\u043c \u0440\u0456\u0448\u0435\u043d\u043d\u044f\u043c \u0434\u043b\u044f \u0440\u043e\u0437\u0434\u0440\u0456\u0431\u043d\u043e\u0457 \u0442\u043e\u0440\u0433\u0456\u0432\u043b\u0456 \u0442\u0430 \u0440\u0435\u0441\u0442\u043e\u0440\u0430\u043d\u0456\u0432.<\/p>","protected":false},"featured_media":1721,"comment_status":"open","ping_status":"closed","template":"","meta":[],"product_brand":[],"product_cat":[45],"product_tag":[],"class_list":{"0":"post-986","1":"product","2":"type-product","3":"status-publish","4":"has-post-thumbnail","6":"product_cat-szuflady-kasowe","8":"first","9":"instock","10":"shipping-taxable","11":"purchasable","12":"product-type-simple"},"acf":[],"yoast_head":"<!-- This site is optimized with the Yoast SEO plugin v27.6 - https:\/\/yoast.com\/product\/yoast-seo-wordpress\/ -->\n<title>Szuflada kasowa SMK-18 - IMAGO<\/title>\n<meta name=\"description\" content=\"Szuflady kasowe SMK to solidne metalowe rozwi\u0105zania do przechowywania pieni\u0119dzy, kt\u00f3re \u0142\u0105cz\u0105 funkcjonalno\u015b\u0107 z bezpiecze\u0144stwem.\" \/>\n<meta name=\"robots\" content=\"index, follow, max-snippet:-1, max-image-preview:large, max-video-preview:-1\" \/>\n<link rel=\"canonical\" href=\"https:\/\/imago-systems.com\/ua\/\u043f\u0440\u043e\u0434\u0443\u043a\u0442\/szuflada-kasowa-smk-18\/\" \/>\n<meta property=\"og:locale\" content=\"uk_UA\" \/>\n<meta property=\"og:type\" content=\"article\" \/>\n<meta property=\"og:title\" content=\"Szuflada kasowa SMK-18 - IMAGO\" \/>\n<meta property=\"og:description\" content=\"Szuflady kasowe SMK to solidne metalowe rozwi\u0105zania do przechowywania pieni\u0119dzy, kt\u00f3re \u0142\u0105cz\u0105 funkcjonalno\u015b\u0107 z bezpiecze\u0144stwem.\" \/>\n<meta property=\"og:url\" content=\"https:\/\/imago-systems.com\/ua\/\u043f\u0440\u043e\u0434\u0443\u043a\u0442\/szuflada-kasowa-smk-18\/\" \/>\n<meta property=\"og:site_name\" content=\"IMAGO\" \/>\n<meta property=\"article:modified_time\" content=\"2026-01-21T09:45:14+00:00\" \/>\n<meta property=\"og:image\" content=\"https:\/\/imago-systems.com\/wp-content\/uploads\/2024\/08\/Szuflada-kasowa-SMK-18-4.jpg\" \/>\n\t<meta property=\"og:image:width\" content=\"1024\" \/>\n\t<meta property=\"og:image:height\" content=\"1024\" \/>\n\t<meta property=\"og:image:type\" content=\"image\/jpeg\" \/>\n<meta name=\"twitter:card\" content=\"summary_large_image\" \/>\n<meta name=\"twitter:label1\" content=\"\u041f\u0440\u0438\u0431\u043b. \u0447\u0430\u0441 \u0447\u0438\u0442\u0430\u043d\u043d\u044f\" \/>\n\t<meta name=\"twitter:data1\" content=\"1 \u0445\u0432\u0438\u043b\u0438\u043d\u0430\" \/>\n<script type=\"application\/ld+json\" class=\"yoast-schema-graph\">{\"@context\":\"https:\\\/\\\/schema.org\",\"@graph\":[{\"@type\":\"WebPage\",\"@id\":\"https:\\\/\\\/imago-systems.com\\\/product\\\/szuflada-kasowa-smk-18\\\/\",\"url\":\"https:\\\/\\\/imago-systems.com\\\/product\\\/szuflada-kasowa-smk-18\\\/\",\"name\":\"Szuflada kasowa SMK-18 - IMAGO\",\"isPartOf\":{\"@id\":\"https:\\\/\\\/imago-systems.com\\\/#website\"},\"primaryImageOfPage\":{\"@id\":\"https:\\\/\\\/imago-systems.com\\\/product\\\/szuflada-kasowa-smk-18\\\/#primaryimage\"},\"image\":{\"@id\":\"https:\\\/\\\/imago-systems.com\\\/product\\\/szuflada-kasowa-smk-18\\\/#primaryimage\"},\"thumbnailUrl\":\"https:\\\/\\\/imago-systems.com\\\/wp-content\\\/uploads\\\/2024\\\/08\\\/Szuflada-kasowa-SMK-18-4.jpg\",\"datePublished\":\"2024-08-14T12:54:58+00:00\",\"dateModified\":\"2026-01-21T09:45:14+00:00\",\"description\":\"Szuflady kasowe SMK to solidne metalowe rozwi\u0105zania do przechowywania pieni\u0119dzy, kt\u00f3re \u0142\u0105cz\u0105 funkcjonalno\u015b\u0107 z bezpiecze\u0144stwem.\",\"breadcrumb\":{\"@id\":\"https:\\\/\\\/imago-systems.com\\\/product\\\/szuflada-kasowa-smk-18\\\/#breadcrumb\"},\"inLanguage\":\"uk\",\"potentialAction\":[{\"@type\":\"ReadAction\",\"target\":[\"https:\\\/\\\/imago-systems.com\\\/product\\\/szuflada-kasowa-smk-18\\\/\"]}]},{\"@type\":\"ImageObject\",\"inLanguage\":\"uk\",\"@id\":\"https:\\\/\\\/imago-systems.com\\\/product\\\/szuflada-kasowa-smk-18\\\/#primaryimage\",\"url\":\"https:\\\/\\\/imago-systems.com\\\/wp-content\\\/uploads\\\/2024\\\/08\\\/Szuflada-kasowa-SMK-18-4.jpg\",\"contentUrl\":\"https:\\\/\\\/imago-systems.com\\\/wp-content\\\/uploads\\\/2024\\\/08\\\/Szuflada-kasowa-SMK-18-4.jpg\",\"width\":1024,\"height\":1024,\"caption\":\"Szuflada kasowa SMK-18\"},{\"@type\":\"BreadcrumbList\",\"@id\":\"https:\\\/\\\/imago-systems.com\\\/product\\\/szuflada-kasowa-smk-18\\\/#breadcrumb\",\"itemListElement\":[{\"@type\":\"ListItem\",\"position\":1,\"name\":\"Home\",\"item\":\"https:\\\/\\\/imago-systems.com\\\/\"},{\"@type\":\"ListItem\",\"position\":2,\"name\":\"Shop\",\"item\":\"https:\\\/\\\/imago-systems.com\\\/shop\\\/\"},{\"@type\":\"ListItem\",\"position\":3,\"name\":\"Szuflady kasowe\",\"item\":\"https:\\\/\\\/imago-systems.com\\\/product-category\\\/szuflady-kasowe\\\/\"},{\"@type\":\"ListItem\",\"position\":4,\"name\":\"Szuflada kasowa SMK-18\"}]},{\"@type\":\"WebSite\",\"@id\":\"https:\\\/\\\/imago-systems.com\\\/#website\",\"url\":\"https:\\\/\\\/imago-systems.com\\\/\",\"name\":\"IMAGO systems\",\"description\":\"Nowoczesne rozwi\u0105zania dla przemys\u0142u i handlu detalicznego.\",\"publisher\":{\"@id\":\"https:\\\/\\\/imago-systems.com\\\/#organization\"},\"alternateName\":\"IMAGO\",\"potentialAction\":[{\"@type\":\"SearchAction\",\"target\":{\"@type\":\"EntryPoint\",\"urlTemplate\":\"https:\\\/\\\/imago-systems.com\\\/?s={search_term_string}\"},\"query-input\":{\"@type\":\"PropertyValueSpecification\",\"valueRequired\":true,\"valueName\":\"search_term_string\"}}],\"inLanguage\":\"uk\"},{\"@type\":\"Organization\",\"@id\":\"https:\\\/\\\/imago-systems.com\\\/#organization\",\"name\":\"IMAGO Poland sp. z o.o.\",\"alternateName\":\"IMAGO\",\"url\":\"https:\\\/\\\/imago-systems.com\\\/\",\"logo\":{\"@type\":\"ImageObject\",\"inLanguage\":\"uk\",\"@id\":\"https:\\\/\\\/imago-systems.com\\\/#\\\/schema\\\/logo\\\/image\\\/\",\"url\":\"https:\\\/\\\/imago-systems.com\\\/wp-content\\\/uploads\\\/2024\\\/11\\\/cropped-cropped-cropped-IMAGO-LOGO-.jpg\",\"contentUrl\":\"https:\\\/\\\/imago-systems.com\\\/wp-content\\\/uploads\\\/2024\\\/11\\\/cropped-cropped-cropped-IMAGO-LOGO-.jpg\",\"width\":512,\"height\":512,\"caption\":\"IMAGO Poland sp. z o.o.\"},\"image\":{\"@id\":\"https:\\\/\\\/imago-systems.com\\\/#\\\/schema\\\/logo\\\/image\\\/\"},\"sameAs\":[\"https:\\\/\\\/www.linkedin.com\\\/company\\\/imago-poland\\\/\"]}]}<\/script>\n<!-- \/ Yoast SEO plugin. -->","yoast_head_json":{"title":"\u0413\u0440\u043e\u0448\u043e\u0432\u0430 \u0448\u0443\u0445\u043b\u044f\u0434\u0430 SMK-18 - IMAGO","description":"\u0413\u0440\u043e\u0448\u043e\u0432\u0456 \u0448\u0443\u0445\u043b\u044f\u0434\u0438 SMK \u2014 \u0446\u0435 \u043c\u0456\u0446\u043d\u0456 \u043c\u0435\u0442\u0430\u043b\u0435\u0432\u0456 \u0440\u0456\u0448\u0435\u043d\u043d\u044f \u0434\u043b\u044f \u0437\u0431\u0435\u0440\u0456\u0433\u0430\u043d\u043d\u044f \u0433\u043e\u0442\u0456\u0432\u043a\u0438, \u044f\u043a\u0456 \u043f\u043e\u0454\u0434\u043d\u0443\u044e\u0442\u044c \u0444\u0443\u043d\u043a\u0446\u0456\u043e\u043d\u0430\u043b\u044c\u043d\u0456\u0441\u0442\u044c \u0437 \u0431\u0435\u0437\u043f\u0435\u043a\u043e\u044e.","robots":{"index":"index","follow":"follow","max-snippet":"max-snippet:-1","max-image-preview":"max-image-preview:large","max-video-preview":"max-video-preview:-1"},"canonical":"https:\/\/imago-systems.com\/ua\/\u043f\u0440\u043e\u0434\u0443\u043a\u0442\/szuflada-kasowa-smk-18\/","og_locale":"uk_UA","og_type":"article","og_title":"Szuflada kasowa SMK-18 - IMAGO","og_description":"Szuflady kasowe SMK to solidne metalowe rozwi\u0105zania do przechowywania pieni\u0119dzy, kt\u00f3re \u0142\u0105cz\u0105 funkcjonalno\u015b\u0107 z bezpiecze\u0144stwem.","og_url":"https:\/\/imago-systems.com\/ua\/\u043f\u0440\u043e\u0434\u0443\u043a\u0442\/szuflada-kasowa-smk-18\/","og_site_name":"IMAGO","article_modified_time":"2026-01-21T09:45:14+00:00","og_image":[{"width":1024,"height":1024,"url":"https:\/\/imago-systems.com\/wp-content\/uploads\/2024\/08\/Szuflada-kasowa-SMK-18-4.jpg","type":"image\/jpeg"}],"twitter_card":"summary_large_image","twitter_misc":{"\u041f\u0440\u0438\u0431\u043b. \u0447\u0430\u0441 \u0447\u0438\u0442\u0430\u043d\u043d\u044f":"1 \u0445\u0432\u0438\u043b\u0438\u043d\u0430"},"schema":{"@context":"https:\/\/schema.org","@graph":[{"@type":"WebPage","@id":"https:\/\/imago-systems.com\/product\/szuflada-kasowa-smk-18\/","url":"https:\/\/imago-systems.com\/product\/szuflada-kasowa-smk-18\/","name":"\u0413\u0440\u043e\u0448\u043e\u0432\u0430 \u0448\u0443\u0445\u043b\u044f\u0434\u0430 SMK-18 - IMAGO","isPartOf":{"@id":"https:\/\/imago-systems.com\/#website"},"primaryImageOfPage":{"@id":"https:\/\/imago-systems.com\/product\/szuflada-kasowa-smk-18\/#primaryimage"},"image":{"@id":"https:\/\/imago-systems.com\/product\/szuflada-kasowa-smk-18\/#primaryimage"},"thumbnailUrl":"https:\/\/imago-systems.com\/wp-content\/uploads\/2024\/08\/Szuflada-kasowa-SMK-18-4.jpg","datePublished":"2024-08-14T12:54:58+00:00","dateModified":"2026-01-21T09:45:14+00:00","description":"\u0413\u0440\u043e\u0448\u043e\u0432\u0456 \u0448\u0443\u0445\u043b\u044f\u0434\u0438 SMK \u2014 \u0446\u0435 \u043c\u0456\u0446\u043d\u0456 \u043c\u0435\u0442\u0430\u043b\u0435\u0432\u0456 \u0440\u0456\u0448\u0435\u043d\u043d\u044f \u0434\u043b\u044f \u0437\u0431\u0435\u0440\u0456\u0433\u0430\u043d\u043d\u044f \u0433\u043e\u0442\u0456\u0432\u043a\u0438, \u044f\u043a\u0456 \u043f\u043e\u0454\u0434\u043d\u0443\u044e\u0442\u044c \u0444\u0443\u043d\u043a\u0446\u0456\u043e\u043d\u0430\u043b\u044c\u043d\u0456\u0441\u0442\u044c \u0437 \u0431\u0435\u0437\u043f\u0435\u043a\u043e\u044e.","breadcrumb":{"@id":"https:\/\/imago-systems.com\/product\/szuflada-kasowa-smk-18\/#breadcrumb"},"inLanguage":"uk","potentialAction":[{"@type":"ReadAction","target":["https:\/\/imago-systems.com\/product\/szuflada-kasowa-smk-18\/"]}]},{"@type":"ImageObject","inLanguage":"uk","@id":"https:\/\/imago-systems.com\/product\/szuflada-kasowa-smk-18\/#primaryimage","url":"https:\/\/imago-systems.com\/wp-content\/uploads\/2024\/08\/Szuflada-kasowa-SMK-18-4.jpg","contentUrl":"https:\/\/imago-systems.com\/wp-content\/uploads\/2024\/08\/Szuflada-kasowa-SMK-18-4.jpg","width":1024,"height":1024,"caption":"Szuflada kasowa SMK-18"},{"@type":"BreadcrumbList","@id":"https:\/\/imago-systems.com\/product\/szuflada-kasowa-smk-18\/#breadcrumb","itemListElement":[{"@type":"ListItem","position":1,"name":"Home","item":"https:\/\/imago-systems.com\/"},{"@type":"ListItem","position":2,"name":"Shop","item":"https:\/\/imago-systems.com\/shop\/"},{"@type":"ListItem","position":3,"name":"Szuflady kasowe","item":"https:\/\/imago-systems.com\/product-category\/szuflady-kasowe\/"},{"@type":"ListItem","position":4,"name":"Szuflada kasowa SMK-18"}]},{"@type":"WebSite","@id":"https:\/\/imago-systems.com\/#website","url":"https:\/\/imago-systems.com\/","name":"\u0421\u0438\u0441\u0442\u0435\u043c\u0438 IMAGO","description":"\u0421\u0443\u0447\u0430\u0441\u043d\u0456 \u0440\u0456\u0448\u0435\u043d\u043d\u044f \u0434\u043b\u044f \u043f\u0440\u043e\u043c\u0438\u0441\u043b\u043e\u0432\u043e\u0441\u0442\u0456 \u0442\u0430 \u0440\u043e\u0437\u0434\u0440\u0456\u0431\u043d\u043e\u0457 \u0442\u043e\u0440\u0433\u0456\u0432\u043b\u0456.","publisher":{"@id":"https:\/\/imago-systems.com\/#organization"},"alternateName":"IMAGO","potentialAction":[{"@type":"SearchAction","target":{"@type":"EntryPoint","urlTemplate":"https:\/\/imago-systems.com\/?s={search_term_string}"},"query-input":{"@type":"PropertyValueSpecification","valueRequired":true,"valueName":"search_term_string"}}],"inLanguage":"uk"},{"@type":"Organization","@id":"https:\/\/imago-systems.com\/#organization","name":"IMAGO \u041f\u043e\u043b\u044c\u0449\u0430, \u0442\u043e\u0432\u0430\u0440\u0438\u0441\u0442\u0432\u043e \u0437 \u043e\u0431\u043c\u0435\u0436\u0435\u043d\u043e\u044e \u0432\u0456\u0434\u043f\u043e\u0432\u0456\u0434\u0430\u043b\u044c\u043d\u0456\u0441\u0442\u044e","alternateName":"IMAGO","url":"https:\/\/imago-systems.com\/","logo":{"@type":"ImageObject","inLanguage":"uk","@id":"https:\/\/imago-systems.com\/#\/schema\/logo\/image\/","url":"https:\/\/imago-systems.com\/wp-content\/uploads\/2024\/11\/cropped-cropped-cropped-IMAGO-LOGO-.jpg","contentUrl":"https:\/\/imago-systems.com\/wp-content\/uploads\/2024\/11\/cropped-cropped-cropped-IMAGO-LOGO-.jpg","width":512,"height":512,"caption":"IMAGO Poland sp. z o.o."},"image":{"@id":"https:\/\/imago-systems.com\/#\/schema\/logo\/image\/"},"sameAs":["https:\/\/www.linkedin.com\/company\/imago-poland\/"]}]}},"_links":{"self":[{"href":"https:\/\/imago-systems.com\/ua\/wp-json\/wp\/v2\/product\/986","targetHints":{"allow":["GET"]}}],"collection":[{"href":"https:\/\/imago-systems.com\/ua\/wp-json\/wp\/v2\/product"}],"about":[{"href":"https:\/\/imago-systems.com\/ua\/wp-json\/wp\/v2\/types\/product"}],"replies":[{"embeddable":true,"href":"https:\/\/imago-systems.com\/ua\/wp-json\/wp\/v2\/comments?post=986"}],"wp:featuredmedia":[{"embeddable":true,"href":"https:\/\/imago-systems.com\/ua\/wp-json\/wp\/v2\/media\/1721"}],"wp:attachment":[{"href":"https:\/\/imago-systems.com\/ua\/wp-json\/wp\/v2\/media?parent=986"}],"wp:term":[{"taxonomy":"product_brand","embeddable":true,"href":"https:\/\/imago-systems.com\/ua\/wp-json\/wp\/v2\/product_brand?post=986"},{"taxonomy":"product_cat","embeddable":true,"href":"https:\/\/imago-systems.com\/ua\/wp-json\/wp\/v2\/product_cat?post=986"},{"taxonomy":"product_tag","embeddable":true,"href":"https:\/\/imago-systems.com\/ua\/wp-json\/wp\/v2\/product_tag?post=986"}],"curies":[{"name":"\u0412\u041f","href":"https:\/\/api.w.org\/{rel}","templated":true}]}}