{"id":256,"date":"2024-08-09T16:04:26","date_gmt":"2024-08-09T13:04:26","guid":{"rendered":"http:\/\/imago-systems.com\/?post_type=product&#038;p=256"},"modified":"2025-11-25T13:03:09","modified_gmt":"2025-11-25T12:03:09","slug":"%d0%bf%d0%b0%d0%bd%d0%b5%d0%bb%d1%8c%d0%bd%d0%b8%d0%b9-%d0%ba%d0%be%d0%bc%d0%bf%d1%8e%d1%82%d0%b5%d1%80-isk-22","status":"publish","type":"product","link":"https:\/\/imago-systems.com\/ua\/%d0%bf%d1%80%d0%be%d0%b4%d1%83%d0%ba%d1%82\/%d0%bf%d0%b0%d0%bd%d0%b5%d0%bb%d1%8c%d0%bd%d0%b8%d0%b9-%d0%ba%d0%be%d0%bc%d0%bf%d1%8e%d1%82%d0%b5%d1%80-isk-22\/","title":{"rendered":"ISK-22 \/ 21,5-\u0434\u044e\u0439\u043c\u043e\u0432\u0438\u0439 FHD \u043f\u0430\u043d\u0435\u043b\u044c\u043d\u0438\u0439 \u043a\u043e\u043c\u043f&#039;\u044e\u0442\u0435\u0440"},"content":{"rendered":"<div class=\"flex-shrink-0 flex flex-col relative items-end\">\n<div>\n<div class=\"pt-0\">\n<div class=\"gizmo-bot-avatar flex h-8 w-8 items-center justify-center overflow-hidden rounded-full\">\n<h1 class=\"relative p-1 rounded-sm flex items-center justify-center bg-token-main-surface-primary text-token-text-primary h-8 w-8\"><strong>Dlaczego warto wybra\u0107 komputery panelowe ISK?<\/strong><\/h1>\n<\/div>\n<\/div>\n<\/div>\n<\/div>\n<div class=\"group\/conversation-turn relative flex w-full min-w-0 flex-col agent-turn\">\n<div class=\"flex-col gap-1 md:gap-3\">\n<div class=\"flex max-w-full flex-col flex-grow\">\n<div class=\"min-h-8 text-message flex w-full flex-col items-end gap-2 whitespace-normal break-words [.text-message+&amp;]:mt-5\" dir=\"auto\" data-message-author-role=\"assistant\" data-message-id=\"2aeed18f-6b1c-469d-a6af-bbcdc5014492\">\n<div class=\"flex w-full flex-col gap-1 empty:hidden first:pt-[3px]\">\n<div class=\"markdown prose w-full break-words dark:prose-invert light\">\n<p>Dzi\u0119ki intuicyjnej obs\u0142udze oraz bogatej funkcjonalno\u015bci wspieraj\u0105 efektywne zarz\u0105dzanie i optymalizacj\u0119 proces\u00f3w, dostarczaj\u0105c u\u017cytkownikom aktualnych informacji o stanie technologii. Modu\u0142owa konstrukcja umo\u017cliwia \u0142atwe rozbudowanie urz\u0105dze\u0144, na przyk\u0142ad o <strong>czytnik kod\u00f3w 2D Zebra MS4717 lub technologi\u0119 RFID<\/strong>, co dodatkowo zwi\u0119ksza ich mo\u017cliwo\u015bci. Obudowa z malowanej proszkowo stali zapewnia trwa\u0142o\u015b\u0107 i odporno\u015b\u0107 na wymagaj\u0105ce warunki pracy.<\/p>\n<hr \/>\n<\/div>\n<\/div>\n<\/div>\n<\/div>\n<\/div>\n<\/div>\n<div class=\"group\/conversation-turn relative flex w-full min-w-0 flex-col agent-turn\">\n<div class=\"flex-col gap-1 md:gap-3\">\n<div class=\"flex max-w-full flex-col flex-grow\">\n<div class=\"min-h-8 text-message flex w-full flex-col items-end gap-2 whitespace-normal break-words [.text-message+&amp;]:mt-5\" dir=\"auto\" data-message-author-role=\"assistant\" data-message-id=\"831fb657-9290-4b72-9fcf-52f684f5b615\">\n<div class=\"flex w-full flex-col gap-1 empty:hidden first:pt-[3px]\">\n<div class=\"markdown prose w-full break-words dark:prose-invert light\">\n<h2><strong>Cechy <a href=\"https:\/\/imago-systems.com\/product-category\/komputery-panelowe\/\">komputera panelowego<\/a> ISK-22:<\/strong><\/h2>\n<\/div>\n<\/div>\n<\/div>\n<\/div>\n<\/div>\n<\/div>\n<ul>\n<li><strong>21,5&#8243; ekran panoramiczny LCD<\/strong> o rozdzielczo\u015bci 1920 x 1080 FHD<\/li>\n<li><strong>Dwie technologie dotyku<\/strong> (pojemno\u015bciowa i rezystancyjna)<\/li>\n<li><strong>Obudowa o podwy\u017cszonej szczelno\u015bci:<\/strong> stal malowana proszkowo<\/li>\n<li><strong>Pami\u0119\u0107 Max<\/strong>. 32GB RAM DDR4<\/li>\n<li><strong>Jasno\u015b\u0107<\/strong> 500 [cd\/m\u00b2]<\/li>\n<li><strong>Temperatura pracy<\/strong> 0 ~ 50\u00b0 C (32 ~ 122\u00b0 F)<\/li>\n<li><strong>Dost\u0119pne akcesoria<\/strong><\/li>\n<\/ul>\n<p>&nbsp;<\/p>\n<h3><strong>Skonfiguruj swoje <a href=\"https:\/\/imago-systems.com\/product-category\/komputery-panelowe\/\">Komputery panelowe <\/a>ISK wed\u0142ug potrzeb.\u00a0\u00a0<\/strong><\/h3>\n","protected":false},"excerpt":{"rendered":"<p>\u041f\u0430\u043d\u0435\u043b\u044c\u043d\u0438\u0439 \u043a\u043e\u043c\u043f&#039;\u044e\u0442\u0435\u0440 IMAGO ISK-22 \u2013 \u0446\u0435 \u0431\u0430\u0433\u0430\u0442\u043e\u0444\u0443\u043d\u043a\u0446\u0456\u043e\u043d\u0430\u043b\u044c\u043d\u0438\u0439 \u043f\u0440\u0438\u0441\u0442\u0440\u0456\u0439, \u0440\u043e\u0437\u0440\u043e\u0431\u043b\u0435\u043d\u0438\u0439 \u043f\u0435\u0440\u0435\u0432\u0430\u0436\u043d\u043e \u0434\u043b\u044f \u0441\u0444\u0435\u0440\u0438 \u043f\u043e\u0441\u043b\u0443\u0433. \u0419\u043e\u0433\u043e 21,5-\u0434\u044e\u0439\u043c\u043e\u0432\u0438\u0439 \u0435\u043a\u0440\u0430\u043d, \u044f\u043a\u0438\u0439 \u043f\u0456\u0434\u0442\u0440\u0438\u043c\u0443\u0454 \u0434\u0432\u0456 \u0441\u0435\u043d\u0441\u043e\u0440\u043d\u0456 \u0442\u0435\u0445\u043d\u043e\u043b\u043e\u0433\u0456\u0457 (\u0454\u043c\u043d\u0456\u0441\u043d\u0443 \u0442\u0430 \u0440\u0435\u0437\u0438\u0441\u0442\u0438\u0432\u043d\u0443), \u0434\u043e\u0437\u0432\u043e\u043b\u044f\u0454 \u0432\u0438\u043a\u043e\u0440\u0438\u0441\u0442\u043e\u0432\u0443\u0432\u0430\u0442\u0438 \u0439\u043e\u0433\u043e \u0432 \u0440\u0456\u0437\u043d\u0438\u0445 \u0443\u043c\u043e\u0432\u0430\u0445, \u0430 \u043c\u043e\u0436\u043b\u0438\u0432\u0456\u0441\u0442\u044c \u043d\u0430\u043b\u0430\u0448\u0442\u0443\u0432\u0430\u043d\u043d\u044f \u0430\u043a\u0441\u0435\u0441\u0443\u0430\u0440\u0456\u0432 \u043d\u0430\u0434\u0430\u0454 \u043a\u043e\u0440\u0438\u0441\u0442\u0443\u0432\u0430\u0447\u0430\u043c \u043f\u043e\u0432\u043d\u0443 \u0441\u0432\u043e\u0431\u043e\u0434\u0443 \u0430\u0434\u0430\u043f\u0442\u0443\u0432\u0430\u0442\u0438 \u043f\u0440\u0438\u0441\u0442\u0440\u0456\u0439 \u0434\u043e \u043a\u043e\u043d\u043a\u0440\u0435\u0442\u043d\u0438\u0445 \u043f\u043e\u0442\u0440\u0435\u0431 \u043f\u0435\u0432\u043d\u043e\u0433\u043e \u0440\u043e\u0431\u043e\u0447\u043e\u0433\u043e \u0441\u0435\u0440\u0435\u0434\u043e\u0432\u0438\u0449\u0430.<\/p>","protected":false},"featured_media":1699,"comment_status":"closed","ping_status":"closed","template":"","meta":[],"product_brand":[329],"product_cat":[40,243],"product_tag":[],"class_list":{"0":"post-256","1":"product","2":"type-product","3":"status-publish","4":"has-post-thumbnail","6":"product_brand-imago","7":"product_cat-komputery-panelowe","8":"product_cat-komputery-panelowe-isk","10":"first","11":"instock","12":"shipping-taxable","13":"purchasable","14":"product-type-variable"},"acf":[],"yoast_head":"<!-- This site is optimized with the Yoast SEO plugin v27.6 - https:\/\/yoast.com\/product\/yoast-seo-wordpress\/ -->\n<title>Komputer panelowy ISK-22 \/ 21,5&quot; FHD \/ Panel PC - IMAGO<\/title>\n<meta name=\"description\" content=\"Komputer panelowy ISK-22 to wszechstronny produkt dla bran\u017cy us\u0142ugowej z 21,5&quot; ekranem dotykowym i mo\u017cliwo\u015bci\u0105 dostosowania akcesori\u00f3w do indywidualnych potrzeb.\" \/>\n<meta name=\"robots\" content=\"index, follow, max-snippet:-1, max-image-preview:large, max-video-preview:-1\" \/>\n<link rel=\"canonical\" href=\"https:\/\/imago-systems.com\/ua\/\u043f\u0440\u043e\u0434\u0443\u043a\u0442\/\u043f\u0430\u043d\u0435\u043b\u044c\u043d\u0438\u0439-\u043a\u043e\u043c\u043f\u044e\u0442\u0435\u0440-isk-22\/\" \/>\n<meta property=\"og:locale\" content=\"uk_UA\" \/>\n<meta property=\"og:type\" content=\"article\" \/>\n<meta property=\"og:title\" content=\"Komputer panelowy ISK-22 \/ 21,5&quot; FHD \/ Panel PC - IMAGO\" \/>\n<meta property=\"og:description\" content=\"Komputer panelowy ISK-22 to wszechstronny produkt dla bran\u017cy us\u0142ugowej z 21,5&quot; ekranem dotykowym i mo\u017cliwo\u015bci\u0105 dostosowania akcesori\u00f3w do indywidualnych potrzeb.\" \/>\n<meta property=\"og:url\" content=\"https:\/\/imago-systems.com\/ua\/\u043f\u0440\u043e\u0434\u0443\u043a\u0442\/\u043f\u0430\u043d\u0435\u043b\u044c\u043d\u0438\u0439-\u043a\u043e\u043c\u043f\u044e\u0442\u0435\u0440-isk-22\/\" \/>\n<meta property=\"og:site_name\" content=\"IMAGO\" \/>\n<meta property=\"article:modified_time\" content=\"2025-11-25T12:03:09+00:00\" \/>\n<meta property=\"og:image\" content=\"https:\/\/imago-systems.com\/wp-content\/uploads\/2024\/08\/ISK-22-.jpg\" \/>\n\t<meta property=\"og:image:width\" content=\"1024\" \/>\n\t<meta property=\"og:image:height\" content=\"1024\" \/>\n\t<meta property=\"og:image:type\" content=\"image\/jpeg\" \/>\n<meta name=\"twitter:card\" content=\"summary_large_image\" \/>\n<meta name=\"twitter:label1\" content=\"\u041f\u0440\u0438\u0431\u043b. \u0447\u0430\u0441 \u0447\u0438\u0442\u0430\u043d\u043d\u044f\" \/>\n\t<meta name=\"twitter:data1\" content=\"1 \u0445\u0432\u0438\u043b\u0438\u043d\u0430\" \/>\n<script type=\"application\/ld+json\" class=\"yoast-schema-graph\">{\"@context\":\"https:\\\/\\\/schema.org\",\"@graph\":[{\"@type\":\"WebPage\",\"@id\":\"https:\\\/\\\/imago-systems.com\\\/product\\\/komputer-panelowy-isk-22\\\/\",\"url\":\"https:\\\/\\\/imago-systems.com\\\/product\\\/komputer-panelowy-isk-22\\\/\",\"name\":\"Komputer panelowy ISK-22 \\\/ 21,5\\\" FHD \\\/ Panel PC - IMAGO\",\"isPartOf\":{\"@id\":\"https:\\\/\\\/imago-systems.com\\\/#website\"},\"primaryImageOfPage\":{\"@id\":\"https:\\\/\\\/imago-systems.com\\\/product\\\/komputer-panelowy-isk-22\\\/#primaryimage\"},\"image\":{\"@id\":\"https:\\\/\\\/imago-systems.com\\\/product\\\/komputer-panelowy-isk-22\\\/#primaryimage\"},\"thumbnailUrl\":\"https:\\\/\\\/imago-systems.com\\\/wp-content\\\/uploads\\\/2024\\\/08\\\/ISK-22-.jpg\",\"datePublished\":\"2024-08-09T13:04:26+00:00\",\"dateModified\":\"2025-11-25T12:03:09+00:00\",\"description\":\"Komputer panelowy ISK-22 to wszechstronny produkt dla bran\u017cy us\u0142ugowej z 21,5\\\" ekranem dotykowym i mo\u017cliwo\u015bci\u0105 dostosowania akcesori\u00f3w do indywidualnych potrzeb.\",\"breadcrumb\":{\"@id\":\"https:\\\/\\\/imago-systems.com\\\/product\\\/komputer-panelowy-isk-22\\\/#breadcrumb\"},\"inLanguage\":\"uk\",\"potentialAction\":[{\"@type\":\"ReadAction\",\"target\":[\"https:\\\/\\\/imago-systems.com\\\/product\\\/komputer-panelowy-isk-22\\\/\"]}]},{\"@type\":\"ImageObject\",\"inLanguage\":\"uk\",\"@id\":\"https:\\\/\\\/imago-systems.com\\\/product\\\/komputer-panelowy-isk-22\\\/#primaryimage\",\"url\":\"https:\\\/\\\/imago-systems.com\\\/wp-content\\\/uploads\\\/2024\\\/08\\\/ISK-22-.jpg\",\"contentUrl\":\"https:\\\/\\\/imago-systems.com\\\/wp-content\\\/uploads\\\/2024\\\/08\\\/ISK-22-.jpg\",\"width\":1024,\"height\":1024,\"caption\":\"ISK 22 industrial Panel\"},{\"@type\":\"BreadcrumbList\",\"@id\":\"https:\\\/\\\/imago-systems.com\\\/product\\\/komputer-panelowy-isk-22\\\/#breadcrumb\",\"itemListElement\":[{\"@type\":\"ListItem\",\"position\":1,\"name\":\"Home\",\"item\":\"https:\\\/\\\/imago-systems.com\\\/\"},{\"@type\":\"ListItem\",\"position\":2,\"name\":\"Shop\",\"item\":\"https:\\\/\\\/imago-systems.com\\\/shop\\\/\"},{\"@type\":\"ListItem\",\"position\":3,\"name\":\"Komputery panelowe\",\"item\":\"https:\\\/\\\/imago-systems.com\\\/product-category\\\/komputery-panelowe\\\/\"},{\"@type\":\"ListItem\",\"position\":4,\"name\":\"Komputery panelowe ISK\",\"item\":\"https:\\\/\\\/imago-systems.com\\\/product-category\\\/komputery-panelowe\\\/komputery-panelowe-isk\\\/\"},{\"@type\":\"ListItem\",\"position\":5,\"name\":\"Komputer panelowy ISK-22 \\\/ 21,5&#8243; FHD\"}]},{\"@type\":\"WebSite\",\"@id\":\"https:\\\/\\\/imago-systems.com\\\/#website\",\"url\":\"https:\\\/\\\/imago-systems.com\\\/\",\"name\":\"IMAGO systems\",\"description\":\"Nowoczesne rozwi\u0105zania dla przemys\u0142u i handlu detalicznego.\",\"publisher\":{\"@id\":\"https:\\\/\\\/imago-systems.com\\\/#organization\"},\"alternateName\":\"IMAGO\",\"potentialAction\":[{\"@type\":\"SearchAction\",\"target\":{\"@type\":\"EntryPoint\",\"urlTemplate\":\"https:\\\/\\\/imago-systems.com\\\/?s={search_term_string}\"},\"query-input\":{\"@type\":\"PropertyValueSpecification\",\"valueRequired\":true,\"valueName\":\"search_term_string\"}}],\"inLanguage\":\"uk\"},{\"@type\":\"Organization\",\"@id\":\"https:\\\/\\\/imago-systems.com\\\/#organization\",\"name\":\"IMAGO Poland sp. z o.o.\",\"alternateName\":\"IMAGO\",\"url\":\"https:\\\/\\\/imago-systems.com\\\/\",\"logo\":{\"@type\":\"ImageObject\",\"inLanguage\":\"uk\",\"@id\":\"https:\\\/\\\/imago-systems.com\\\/#\\\/schema\\\/logo\\\/image\\\/\",\"url\":\"https:\\\/\\\/imago-systems.com\\\/wp-content\\\/uploads\\\/2024\\\/11\\\/cropped-cropped-cropped-IMAGO-LOGO-.jpg\",\"contentUrl\":\"https:\\\/\\\/imago-systems.com\\\/wp-content\\\/uploads\\\/2024\\\/11\\\/cropped-cropped-cropped-IMAGO-LOGO-.jpg\",\"width\":512,\"height\":512,\"caption\":\"IMAGO Poland sp. z o.o.\"},\"image\":{\"@id\":\"https:\\\/\\\/imago-systems.com\\\/#\\\/schema\\\/logo\\\/image\\\/\"},\"sameAs\":[\"https:\\\/\\\/www.linkedin.com\\\/company\\\/imago-poland\\\/\"]}]}<\/script>\n<!-- \/ Yoast SEO plugin. -->","yoast_head_json":{"title":"ISK-22 \/ 21,5-\u0434\u044e\u0439\u043c\u043e\u0432\u0438\u0439 FHD \u043f\u0430\u043d\u0435\u043b\u044c\u043d\u0438\u0439 \u041f\u041a - IMAGO","description":"\u041f\u0430\u043d\u0435\u043b\u044c\u043d\u0438\u0439 \u043a\u043e\u043c\u043f&#039;\u044e\u0442\u0435\u0440 ISK-22 \u2014 \u0446\u0435 \u0443\u043d\u0456\u0432\u0435\u0440\u0441\u0430\u043b\u044c\u043d\u0438\u0439 \u043f\u0440\u043e\u0434\u0443\u043a\u0442 \u0434\u043b\u044f \u0441\u0444\u0435\u0440\u0438 \u043f\u043e\u0441\u043b\u0443\u0433 \u0456\u0437 \u0441\u0435\u043d\u0441\u043e\u0440\u043d\u0438\u043c \u0435\u043a\u0440\u0430\u043d\u043e\u043c \u0434\u0456\u0430\u0433\u043e\u043d\u0430\u043b\u043b\u044e 21,5 \u0434\u044e\u0439\u043c\u0430 \u0442\u0430 \u043c\u043e\u0436\u043b\u0438\u0432\u0456\u0441\u0442\u044e \u043d\u0430\u043b\u0430\u0448\u0442\u0443\u0432\u0430\u043d\u043d\u044f \u0430\u043a\u0441\u0435\u0441\u0443\u0430\u0440\u0456\u0432 \u0432\u0456\u0434\u043f\u043e\u0432\u0456\u0434\u043d\u043e \u0434\u043e \u0456\u043d\u0434\u0438\u0432\u0456\u0434\u0443\u0430\u043b\u044c\u043d\u0438\u0445 \u043f\u043e\u0442\u0440\u0435\u0431.","robots":{"index":"index","follow":"follow","max-snippet":"max-snippet:-1","max-image-preview":"max-image-preview:large","max-video-preview":"max-video-preview:-1"},"canonical":"https:\/\/imago-systems.com\/ua\/\u043f\u0440\u043e\u0434\u0443\u043a\u0442\/\u043f\u0430\u043d\u0435\u043b\u044c\u043d\u0438\u0439-\u043a\u043e\u043c\u043f\u044e\u0442\u0435\u0440-isk-22\/","og_locale":"uk_UA","og_type":"article","og_title":"Komputer panelowy ISK-22 \/ 21,5\" FHD \/ Panel PC - IMAGO","og_description":"Komputer panelowy ISK-22 to wszechstronny produkt dla bran\u017cy us\u0142ugowej z 21,5\" ekranem dotykowym i mo\u017cliwo\u015bci\u0105 dostosowania akcesori\u00f3w do indywidualnych potrzeb.","og_url":"https:\/\/imago-systems.com\/ua\/\u043f\u0440\u043e\u0434\u0443\u043a\u0442\/\u043f\u0430\u043d\u0435\u043b\u044c\u043d\u0438\u0439-\u043a\u043e\u043c\u043f\u044e\u0442\u0435\u0440-isk-22\/","og_site_name":"IMAGO","article_modified_time":"2025-11-25T12:03:09+00:00","og_image":[{"width":1024,"height":1024,"url":"https:\/\/imago-systems.com\/wp-content\/uploads\/2024\/08\/ISK-22-.jpg","type":"image\/jpeg"}],"twitter_card":"summary_large_image","twitter_misc":{"\u041f\u0440\u0438\u0431\u043b. \u0447\u0430\u0441 \u0447\u0438\u0442\u0430\u043d\u043d\u044f":"1 \u0445\u0432\u0438\u043b\u0438\u043d\u0430"},"schema":{"@context":"https:\/\/schema.org","@graph":[{"@type":"WebPage","@id":"https:\/\/imago-systems.com\/product\/komputer-panelowy-isk-22\/","url":"https:\/\/imago-systems.com\/product\/komputer-panelowy-isk-22\/","name":"ISK-22 \/ 21,5-\u0434\u044e\u0439\u043c\u043e\u0432\u0438\u0439 FHD \u043f\u0430\u043d\u0435\u043b\u044c\u043d\u0438\u0439 \u041f\u041a - IMAGO","isPartOf":{"@id":"https:\/\/imago-systems.com\/#website"},"primaryImageOfPage":{"@id":"https:\/\/imago-systems.com\/product\/komputer-panelowy-isk-22\/#primaryimage"},"image":{"@id":"https:\/\/imago-systems.com\/product\/komputer-panelowy-isk-22\/#primaryimage"},"thumbnailUrl":"https:\/\/imago-systems.com\/wp-content\/uploads\/2024\/08\/ISK-22-.jpg","datePublished":"2024-08-09T13:04:26+00:00","dateModified":"2025-11-25T12:03:09+00:00","description":"\u041f\u0430\u043d\u0435\u043b\u044c\u043d\u0438\u0439 \u043a\u043e\u043c\u043f&#039;\u044e\u0442\u0435\u0440 ISK-22 \u2014 \u0446\u0435 \u0443\u043d\u0456\u0432\u0435\u0440\u0441\u0430\u043b\u044c\u043d\u0438\u0439 \u043f\u0440\u043e\u0434\u0443\u043a\u0442 \u0434\u043b\u044f \u0441\u0444\u0435\u0440\u0438 \u043f\u043e\u0441\u043b\u0443\u0433 \u0456\u0437 \u0441\u0435\u043d\u0441\u043e\u0440\u043d\u0438\u043c \u0435\u043a\u0440\u0430\u043d\u043e\u043c \u0434\u0456\u0430\u0433\u043e\u043d\u0430\u043b\u043b\u044e 21,5 \u0434\u044e\u0439\u043c\u0430 \u0442\u0430 \u043c\u043e\u0436\u043b\u0438\u0432\u0456\u0441\u0442\u044e \u043d\u0430\u043b\u0430\u0448\u0442\u0443\u0432\u0430\u043d\u043d\u044f \u0430\u043a\u0441\u0435\u0441\u0443\u0430\u0440\u0456\u0432 \u0432\u0456\u0434\u043f\u043e\u0432\u0456\u0434\u043d\u043e \u0434\u043e \u0456\u043d\u0434\u0438\u0432\u0456\u0434\u0443\u0430\u043b\u044c\u043d\u0438\u0445 \u043f\u043e\u0442\u0440\u0435\u0431.","breadcrumb":{"@id":"https:\/\/imago-systems.com\/product\/komputer-panelowy-isk-22\/#breadcrumb"},"inLanguage":"uk","potentialAction":[{"@type":"ReadAction","target":["https:\/\/imago-systems.com\/product\/komputer-panelowy-isk-22\/"]}]},{"@type":"ImageObject","inLanguage":"uk","@id":"https:\/\/imago-systems.com\/product\/komputer-panelowy-isk-22\/#primaryimage","url":"https:\/\/imago-systems.com\/wp-content\/uploads\/2024\/08\/ISK-22-.jpg","contentUrl":"https:\/\/imago-systems.com\/wp-content\/uploads\/2024\/08\/ISK-22-.jpg","width":1024,"height":1024,"caption":"ISK 22 industrial Panel"},{"@type":"BreadcrumbList","@id":"https:\/\/imago-systems.com\/product\/komputer-panelowy-isk-22\/#breadcrumb","itemListElement":[{"@type":"ListItem","position":1,"name":"Home","item":"https:\/\/imago-systems.com\/"},{"@type":"ListItem","position":2,"name":"Shop","item":"https:\/\/imago-systems.com\/shop\/"},{"@type":"ListItem","position":3,"name":"Komputery panelowe","item":"https:\/\/imago-systems.com\/product-category\/komputery-panelowe\/"},{"@type":"ListItem","position":4,"name":"Komputery panelowe ISK","item":"https:\/\/imago-systems.com\/product-category\/komputery-panelowe\/komputery-panelowe-isk\/"},{"@type":"ListItem","position":5,"name":"Komputer panelowy ISK-22 \/ 21,5&#8243; FHD"}]},{"@type":"WebSite","@id":"https:\/\/imago-systems.com\/#website","url":"https:\/\/imago-systems.com\/","name":"\u0421\u0438\u0441\u0442\u0435\u043c\u0438 IMAGO","description":"\u0421\u0443\u0447\u0430\u0441\u043d\u0456 \u0440\u0456\u0448\u0435\u043d\u043d\u044f \u0434\u043b\u044f \u043f\u0440\u043e\u043c\u0438\u0441\u043b\u043e\u0432\u043e\u0441\u0442\u0456 \u0442\u0430 \u0440\u043e\u0437\u0434\u0440\u0456\u0431\u043d\u043e\u0457 \u0442\u043e\u0440\u0433\u0456\u0432\u043b\u0456.","publisher":{"@id":"https:\/\/imago-systems.com\/#organization"},"alternateName":"IMAGO","potentialAction":[{"@type":"SearchAction","target":{"@type":"EntryPoint","urlTemplate":"https:\/\/imago-systems.com\/?s={search_term_string}"},"query-input":{"@type":"PropertyValueSpecification","valueRequired":true,"valueName":"search_term_string"}}],"inLanguage":"uk"},{"@type":"Organization","@id":"https:\/\/imago-systems.com\/#organization","name":"IMAGO \u041f\u043e\u043b\u044c\u0449\u0430, \u0442\u043e\u0432\u0430\u0440\u0438\u0441\u0442\u0432\u043e \u0437 \u043e\u0431\u043c\u0435\u0436\u0435\u043d\u043e\u044e \u0432\u0456\u0434\u043f\u043e\u0432\u0456\u0434\u0430\u043b\u044c\u043d\u0456\u0441\u0442\u044e","alternateName":"IMAGO","url":"https:\/\/imago-systems.com\/","logo":{"@type":"ImageObject","inLanguage":"uk","@id":"https:\/\/imago-systems.com\/#\/schema\/logo\/image\/","url":"https:\/\/imago-systems.com\/wp-content\/uploads\/2024\/11\/cropped-cropped-cropped-IMAGO-LOGO-.jpg","contentUrl":"https:\/\/imago-systems.com\/wp-content\/uploads\/2024\/11\/cropped-cropped-cropped-IMAGO-LOGO-.jpg","width":512,"height":512,"caption":"IMAGO Poland sp. z o.o."},"image":{"@id":"https:\/\/imago-systems.com\/#\/schema\/logo\/image\/"},"sameAs":["https:\/\/www.linkedin.com\/company\/imago-poland\/"]}]}},"_links":{"self":[{"href":"https:\/\/imago-systems.com\/ua\/wp-json\/wp\/v2\/product\/256","targetHints":{"allow":["GET"]}}],"collection":[{"href":"https:\/\/imago-systems.com\/ua\/wp-json\/wp\/v2\/product"}],"about":[{"href":"https:\/\/imago-systems.com\/ua\/wp-json\/wp\/v2\/types\/product"}],"replies":[{"embeddable":true,"href":"https:\/\/imago-systems.com\/ua\/wp-json\/wp\/v2\/comments?post=256"}],"wp:featuredmedia":[{"embeddable":true,"href":"https:\/\/imago-systems.com\/ua\/wp-json\/wp\/v2\/media\/1699"}],"wp:attachment":[{"href":"https:\/\/imago-systems.com\/ua\/wp-json\/wp\/v2\/media?parent=256"}],"wp:term":[{"taxonomy":"product_brand","embeddable":true,"href":"https:\/\/imago-systems.com\/ua\/wp-json\/wp\/v2\/product_brand?post=256"},{"taxonomy":"product_cat","embeddable":true,"href":"https:\/\/imago-systems.com\/ua\/wp-json\/wp\/v2\/product_cat?post=256"},{"taxonomy":"product_tag","embeddable":true,"href":"https:\/\/imago-systems.com\/ua\/wp-json\/wp\/v2\/product_tag?post=256"}],"curies":[{"name":"\u0412\u041f","href":"https:\/\/api.w.org\/{rel}","templated":true}]}}