{"id":252,"date":"2024-08-09T15:41:44","date_gmt":"2024-08-09T12:41:44","guid":{"rendered":"http:\/\/imago-systems.com\/?post_type=product&#038;p=252"},"modified":"2025-11-03T14:07:08","modified_gmt":"2025-11-03T13:07:08","slug":"komputer-panelowy-isk-15","status":"publish","type":"product","link":"https:\/\/imago-systems.com\/ua\/%d0%bf%d1%80%d0%be%d0%b4%d1%83%d0%ba%d1%82\/komputer-panelowy-isk-15\/","title":{"rendered":"ISK-15 \/ 15-\u0434\u044e\u0439\u043c\u043e\u0432\u0438\u0439 \u043f\u0430\u043d\u0435\u043b\u044c\u043d\u0438\u0439 \u043a\u043e\u043c\u043f&#039;\u044e\u0442\u0435\u0440 \u0456\u0437 \u0441\u043f\u0456\u0432\u0432\u0456\u0434\u043d\u043e\u0448\u0435\u043d\u043d\u044f\u043c \u0441\u0442\u043e\u0440\u0456\u043d 4:3"},"content":{"rendered":"<div class=\"flex-shrink-0 flex flex-col relative items-end\">\n<div class=\"pt-0\">\n<div class=\"gizmo-bot-avatar flex h-8 w-8 items-center justify-center overflow-hidden rounded-full\">\n<h1 class=\"relative p-1 rounded-sm flex items-center justify-center bg-token-main-surface-primary text-token-text-primary h-8 w-8\"><strong>\u041f\u0430\u043d\u0435\u043b\u044c\u043d\u0456 \u043a\u043e\u043c\u043f&#039;\u044e\u0442\u0435\u0440\u0438 \u0441\u0435\u0440\u0456\u0457 ISK<\/strong><\/h1>\n<div class=\"relative p-1 rounded-sm flex items-center justify-center bg-token-main-surface-primary text-token-text-primary h-8 w-8\">\u0417\u0430\u0432\u0434\u044f\u043a\u0438 \u0456\u043d\u0442\u0443\u0457\u0442\u0438\u0432\u043d\u043e \u0437\u0440\u043e\u0437\u0443\u043c\u0456\u043b\u043e\u043c\u0443 \u0443\u043f\u0440\u0430\u0432\u043b\u0456\u043d\u043d\u044e \u0442\u0430 \u0448\u0438\u0440\u043e\u043a\u043e\u043c\u0443 \u0441\u043f\u0435\u043a\u0442\u0440\u0443 \u0444\u0443\u043d\u043a\u0446\u0456\u0439, \u043f\u0430\u043d\u0435\u043b\u0456 ISK \u043f\u0456\u0434\u0442\u0440\u0438\u043c\u0443\u044e\u0442\u044c \u0443\u043f\u0440\u0430\u0432\u043b\u0456\u043d\u043d\u044f \u0442\u0430 \u043e\u043f\u0442\u0438\u043c\u0456\u0437\u0430\u0446\u0456\u044e \u043f\u0440\u043e\u0446\u0435\u0441\u0456\u0432, \u0456\u043d\u0444\u043e\u0440\u043c\u0443\u044e\u0447\u0438 \u043a\u043e\u0440\u0438\u0441\u0442\u0443\u0432\u0430\u0447\u0456\u0432 \u043f\u0440\u043e \u0441\u0442\u0430\u043d \u0442\u0435\u0445\u043d\u043e\u043b\u043e\u0433\u0456\u0439 \u0443 \u0440\u0435\u0436\u0438\u043c\u0456 \u0440\u0435\u0430\u043b\u044c\u043d\u043e\u0433\u043e \u0447\u0430\u0441\u0443. \u041c\u043e\u0434\u0443\u043b\u044c\u043d\u0430 \u043a\u043e\u043d\u0441\u0442\u0440\u0443\u043a\u0446\u0456\u044f \u0434\u043e\u0437\u0432\u043e\u043b\u044f\u0454 \u0433\u043d\u0443\u0447\u043a\u043e \u0440\u043e\u0437\u0448\u0438\u0440\u044e\u0432\u0430\u0442\u0438 \u043f\u0440\u0438\u0441\u0442\u0440\u043e\u0457, \u043d\u0430\u043f\u0440\u0438\u043a\u043b\u0430\u0434, \u0437\u0430 \u0434\u043e\u043f\u043e\u043c\u043e\u0433\u043e\u044e \u0437\u0447\u0438\u0442\u0443\u0432\u0430\u0447\u0430 \u043a\u043e\u0434\u0456\u0432.<strong> 2D Zebra MS4717 \u0442\u0430 \u0442\u0435\u0445\u043d\u043e\u043b\u043e\u0433\u0456\u044f RFID<\/strong>, \u0449\u043e \u0434\u043e\u0434\u0430\u0442\u043a\u043e\u0432\u043e \u043f\u0456\u0434\u0432\u0438\u0449\u0443\u0454 \u0457\u0445\u043d\u044e \u0444\u0443\u043d\u043a\u0446\u0456\u043e\u043d\u0430\u043b\u044c\u043d\u0456\u0441\u0442\u044c. \u041a\u043e\u0440\u043f\u0443\u0441 \u0437\u0456 \u0441\u0442\u0430\u043b\u0456 \u0437 \u043f\u043e\u0440\u043e\u0448\u043a\u043e\u0432\u0438\u043c \u043f\u043e\u043a\u0440\u0438\u0442\u0442\u044f\u043c \u0437\u0430\u0431\u0435\u0437\u043f\u0435\u0447\u0443\u0454 \u0434\u043e\u0432\u0433\u043e\u0432\u0456\u0447\u043d\u0456\u0441\u0442\u044c \u0442\u0430 \u0432\u0438\u0441\u043e\u043a\u0443 \u0441\u0442\u0456\u0439\u043a\u0456\u0441\u0442\u044c \u0434\u043e \u0441\u043a\u043b\u0430\u0434\u043d\u0438\u0445 \u0443\u043c\u043e\u0432 \u0435\u043a\u0441\u043f\u043b\u0443\u0430\u0442\u0430\u0446\u0456\u0457.<\/div>\n<div>\n<hr \/>\n<\/div>\n<\/div>\n<\/div>\n<\/div>\n<div class=\"flex-shrink-0 flex flex-col relative items-end\">\n<div class=\"pt-0\">\n<div class=\"gizmo-bot-avatar flex h-8 w-8 items-center justify-center overflow-hidden rounded-full\">\n<h2 class=\"relative p-1 rounded-sm flex items-center justify-center bg-token-main-surface-primary text-token-text-primary h-8 w-8\"><strong>\u041f\u0430\u043d\u0435\u043b\u044c\u043d\u0438\u0439 \u043a\u043e\u043c\u043f&#039;\u044e\u0442\u0435\u0440 ISK-15:<\/strong><\/h2>\n<\/div>\n<\/div>\n<\/div>\n<ul>\n<li style=\"list-style-type: none;\">\n<ul>\n<li><strong>15-\u0434\u044e\u0439\u043c\u043e\u0432\u0438\u0439 \u0420\u041a-\u0435\u043a\u0440\u0430\u043d<\/strong> \u0437 \u0440\u043e\u0437\u0434\u0456\u043b\u044c\u043d\u043e\u044e \u0437\u0434\u0430\u0442\u043d\u0456\u0441\u0442\u044e 1024 x 768 (4:3).<\/li>\n<li><strong>\u0414\u0432\u0456 \u0441\u0435\u043d\u0441\u043e\u0440\u043d\u0456 \u0442\u0435\u0445\u043d\u043e\u043b\u043e\u0433\u0456\u0457:<\/strong> \u0454\u043c\u043d\u0456\u0441\u043d\u0456 \u0442\u0430 \u0440\u0435\u0437\u0438\u0441\u0442\u0438\u0432\u043d\u0456.<\/li>\n<li><strong>\u041a\u043e\u0440\u043f\u0443\u0441 \u0437 \u043f\u0456\u0434\u0432\u0438\u0449\u0435\u043d\u043e\u044e \u0433\u0435\u0440\u043c\u0435\u0442\u0438\u0447\u043d\u0456\u0441\u0442\u044e \u0432\u0438\u0433\u043e\u0442\u043e\u0432\u043b\u0435\u043d\u0438\u0439 \u0437\u0456 \u0441\u0442\u0430\u043b\u0456 \u0437 \u043f\u043e\u0440\u043e\u0448\u043a\u043e\u0432\u0438\u043c \u043f\u043e\u043a\u0440\u0438\u0442\u0442\u044f\u043c.<\/strong><\/li>\n<li><strong>\u041f\u0430\u043c&#039;\u044f\u0442\u044c<\/strong> \u0434\u043e 32 \u0413\u0411 \u043e\u043f\u0435\u0440\u0430\u0442\u0438\u0432\u043d\u043e\u0457 \u043f\u0430\u043c&#039;\u044f\u0442\u0456 DDR4.<\/li>\n<li><strong>\u042f\u0441\u043a\u0440\u0430\u0432\u0456\u0441\u0442\u044c<\/strong>500 \u043a\u0434\/\u043c\u00b2, \u0449\u043e \u0437\u0430\u0431\u0435\u0437\u043f\u0435\u0447\u0443\u0454 \u0447\u0443\u0434\u043e\u0432\u0443 \u0432\u0438\u0434\u0438\u043c\u0456\u0441\u0442\u044c \u0437\u0430 \u0440\u0456\u0437\u043d\u0438\u0445 \u0443\u043c\u043e\u0432 \u043e\u0441\u0432\u0456\u0442\u043b\u0435\u043d\u043d\u044f.<\/li>\n<li><strong>\u0414\u0456\u0430\u043f\u0430\u0437\u043e\u043d \u0440\u043e\u0431\u043e\u0447\u0438\u0445 \u0442\u0435\u043c\u043f\u0435\u0440\u0430\u0442\u0443\u0440:<\/strong> 0 ~ 50\u00b0C.<\/li>\n<li><strong>\u0414\u043e\u0441\u0442\u0443\u043f\u043d\u0456 \u0430\u043a\u0441\u0435\u0441\u0443\u0430\u0440\u0438<\/strong>, \u0432\u043a\u043b\u044e\u0447\u0430\u044e\u0447\u0438 RFID \u0442\u0430 2D-\u0437\u0447\u0438\u0442\u0443\u0432\u0430\u0447\u0456.<\/li>\n<\/ul>\n<\/li>\n<\/ul>\n<p>&nbsp;<\/p>\n<h3><strong><a href=\"https:\/\/imago-systems.com\/ua\/%d0%ba%d0%b0%d1%82%d0%b5%d0%b3%d0%be%d1%80%d1%96%d1%8f-%d0%bf%d1%80%d0%be%d0%b4%d1%83%d0%ba%d1%82%d1%83\/%d0%bf%d0%b0%d0%bd%d0%b5%d0%bb%d1%8c%d0%bd%d1%96-%d0%ba%d0%be%d0%bc%d0%bf%d1%8e%d1%82%d0%b5%d1%80%d0%b8\/\">\u041f\u0430\u043d\u0435\u043b\u044c\u043d\u0456 \u043a\u043e\u043c\u043f&#039;\u044e\u0442\u0435\u0440\u0438<\/a> ISK \u2013 \u0456\u0434\u0435\u0430\u043b\u044c\u043d\u0435 \u0440\u0456\u0448\u0435\u043d\u043d\u044f \u0434\u043b\u044f \u043a\u043e\u043c\u043f\u0430\u043d\u0456\u0439, \u044f\u043a\u0456 \u0448\u0443\u043a\u0430\u044e\u0442\u044c \u043d\u0430\u0434\u0456\u0439\u043d\u0456 \u043f\u0440\u0438\u0441\u0442\u0440\u043e\u0457 \u0434\u043b\u044f \u0443\u043f\u0440\u0430\u0432\u043b\u0456\u043d\u043d\u044f \u0442\u0430 \u043e\u043f\u0442\u0438\u043c\u0456\u0437\u0430\u0446\u0456\u0457 \u0442\u0435\u0445\u043d\u043e\u043b\u043e\u0433\u0456\u0447\u043d\u0438\u0445 \u043f\u0440\u043e\u0446\u0435\u0441\u0456\u0432.<\/strong><\/h3>","protected":false},"excerpt":{"rendered":"<p><strong data-start=\"0\" data-end=\"25\" data-is-only-node=\"\"><a href=\"https:\/\/imago-systems.com\/ua\/%d0%ba%d0%b0%d1%82%d0%b5%d0%b3%d0%be%d1%80%d1%96%d1%8f-%d0%bf%d1%80%d0%be%d0%b4%d1%83%d0%ba%d1%82%d1%83\/%d0%bf%d0%b0%d0%bd%d0%b5%d0%bb%d1%8c%d0%bd%d1%96-%d0%ba%d0%be%d0%bc%d0%bf%d1%8e%d1%82%d0%b5%d1%80%d0%b8\/\">\u041f\u0430\u043d\u0435\u043b\u044c\u043d\u0438\u0439 \u043a\u043e\u043c\u043f&#039;\u044e\u0442\u0435\u0440<\/a> \u0406\u0421\u041a-15 <\/strong>\u0437 15-\u0434\u044e\u0439\u043c\u043e\u0432\u0438\u043c \u0441\u0435\u043d\u0441\u043e\u0440\u043d\u0438\u043c \u0435\u043a\u0440\u0430\u043d\u043e\u043c (\u0454\u043c\u043d\u0456\u0441\u043d\u0438\u043c \u0430\u0431\u043e \u0440\u0435\u0437\u0438\u0441\u0442\u0438\u0432\u043d\u0438\u043c) \u2013 \u0446\u0435 \u043a\u043e\u043c\u043f\u0430\u043a\u0442\u043d\u0435, \u0431\u0430\u0433\u0430\u0442\u043e\u0444\u0443\u043d\u043a\u0446\u0456\u043e\u043d\u0430\u043b\u044c\u043d\u0435 \u0440\u0456\u0448\u0435\u043d\u043d\u044f \u0434\u043b\u044f \u0441\u0444\u0435\u0440\u0438 \u043f\u043e\u0441\u043b\u0443\u0433. \u0417\u0430\u0432\u0434\u044f\u043a\u0438 \u043c\u043e\u0436\u043b\u0438\u0432\u043e\u0441\u0442\u0456 \u0440\u043e\u0437\u0448\u0438\u0440\u0435\u043d\u043d\u044f \u0442\u0430 \u0440\u043e\u0431\u043e\u0442\u0438 \u0432 \u0440\u0456\u0437\u043d\u0438\u0445 \u0443\u043c\u043e\u0432\u0430\u0445 \u043d\u0430\u0432\u043a\u043e\u043b\u0438\u0448\u043d\u044c\u043e\u0433\u043e \u0441\u0435\u0440\u0435\u0434\u043e\u0432\u0438\u0449\u0430, \u0432\u0456\u043d \u0456\u0434\u0435\u0430\u043b\u044c\u043d\u043e \u043f\u0456\u0434\u0445\u043e\u0434\u0438\u0442\u044c \u0442\u0430\u043c, \u0434\u0435 \u0432\u0430\u0436\u043b\u0438\u0432\u0456 \u0433\u043d\u0443\u0447\u043a\u0456\u0441\u0442\u044c, \u043d\u0430\u0434\u0456\u0439\u043d\u0456\u0441\u0442\u044c \u0442\u0430 \u0442\u043e\u0447\u043d\u0430 \u0432\u0437\u0430\u0454\u043c\u043e\u0434\u0456\u044f \u0437 \u043a\u043e\u0440\u0438\u0441\u0442\u0443\u0432\u0430\u0447\u0435\u043c.<\/p>","protected":false},"featured_media":1714,"comment_status":"closed","ping_status":"closed","template":"","meta":[],"product_brand":[329],"product_cat":[40,243],"product_tag":[],"class_list":{"0":"post-252","1":"product","2":"type-product","3":"status-publish","4":"has-post-thumbnail","6":"product_brand-imago","7":"product_cat-komputery-panelowe","8":"product_cat-komputery-panelowe-isk","10":"first","11":"instock","12":"shipping-taxable","13":"purchasable","14":"product-type-variable"},"acf":[],"yoast_head":"<!-- This site is optimized with the Yoast SEO plugin v27.6 - https:\/\/yoast.com\/product\/yoast-seo-wordpress\/ -->\n<title>Komputer panelowy ISK-15 \/ 15&quot; 4:3 - IMAGO<\/title>\n<meta name=\"description\" content=\"Komputer panelowy ISK to produkt dedykowany przede wszystkim dla bran\u017cy us\u0142ugowej. 15&quot; ekran obs\u0142uguje dwie technologie dotykowe - pojemno\u015bciow\u0105 i rezystancyjn\u0105.\" \/>\n<meta name=\"robots\" content=\"index, follow, max-snippet:-1, max-image-preview:large, max-video-preview:-1\" \/>\n<link rel=\"canonical\" href=\"https:\/\/imago-systems.com\/ua\/\u043f\u0440\u043e\u0434\u0443\u043a\u0442\/komputer-panelowy-isk-15\/\" \/>\n<meta property=\"og:locale\" content=\"uk_UA\" \/>\n<meta property=\"og:type\" content=\"article\" \/>\n<meta property=\"og:title\" content=\"Komputer panelowy ISK-15 \/ 15&quot; 4:3 - IMAGO\" \/>\n<meta property=\"og:description\" content=\"Komputer panelowy ISK to produkt dedykowany przede wszystkim dla bran\u017cy us\u0142ugowej. 15&quot; ekran obs\u0142uguje dwie technologie dotykowe - pojemno\u015bciow\u0105 i rezystancyjn\u0105.\" \/>\n<meta property=\"og:url\" content=\"https:\/\/imago-systems.com\/ua\/\u043f\u0440\u043e\u0434\u0443\u043a\u0442\/komputer-panelowy-isk-15\/\" \/>\n<meta property=\"og:site_name\" content=\"IMAGO\" \/>\n<meta property=\"article:modified_time\" content=\"2025-11-03T13:07:08+00:00\" \/>\n<meta property=\"og:image\" content=\"https:\/\/imago-systems.com\/wp-content\/uploads\/2024\/08\/ISK-15-1-2.jpg\" \/>\n\t<meta property=\"og:image:width\" content=\"1024\" \/>\n\t<meta property=\"og:image:height\" content=\"1024\" \/>\n\t<meta property=\"og:image:type\" content=\"image\/jpeg\" \/>\n<meta name=\"twitter:card\" content=\"summary_large_image\" \/>\n<meta name=\"twitter:label1\" content=\"\u041f\u0440\u0438\u0431\u043b. \u0447\u0430\u0441 \u0447\u0438\u0442\u0430\u043d\u043d\u044f\" \/>\n\t<meta name=\"twitter:data1\" content=\"2 \u0445\u0432\u0438\u043b\u0438\u043d\u0438\" \/>\n<script type=\"application\/ld+json\" class=\"yoast-schema-graph\">{\"@context\":\"https:\\\/\\\/schema.org\",\"@graph\":[{\"@type\":\"WebPage\",\"@id\":\"https:\\\/\\\/imago-systems.com\\\/product\\\/komputer-panelowy-isk-15\\\/\",\"url\":\"https:\\\/\\\/imago-systems.com\\\/product\\\/komputer-panelowy-isk-15\\\/\",\"name\":\"Komputer panelowy ISK-15 \\\/ 15\\\" 4:3 - IMAGO\",\"isPartOf\":{\"@id\":\"https:\\\/\\\/imago-systems.com\\\/#website\"},\"primaryImageOfPage\":{\"@id\":\"https:\\\/\\\/imago-systems.com\\\/product\\\/komputer-panelowy-isk-15\\\/#primaryimage\"},\"image\":{\"@id\":\"https:\\\/\\\/imago-systems.com\\\/product\\\/komputer-panelowy-isk-15\\\/#primaryimage\"},\"thumbnailUrl\":\"https:\\\/\\\/imago-systems.com\\\/wp-content\\\/uploads\\\/2024\\\/08\\\/ISK-15-1-2.jpg\",\"datePublished\":\"2024-08-09T12:41:44+00:00\",\"dateModified\":\"2025-11-03T13:07:08+00:00\",\"description\":\"Komputer panelowy ISK to produkt dedykowany przede wszystkim dla bran\u017cy us\u0142ugowej. 15\\\" ekran obs\u0142uguje dwie technologie dotykowe - pojemno\u015bciow\u0105 i rezystancyjn\u0105.\",\"breadcrumb\":{\"@id\":\"https:\\\/\\\/imago-systems.com\\\/product\\\/komputer-panelowy-isk-15\\\/#breadcrumb\"},\"inLanguage\":\"uk\",\"potentialAction\":[{\"@type\":\"ReadAction\",\"target\":[\"https:\\\/\\\/imago-systems.com\\\/product\\\/komputer-panelowy-isk-15\\\/\"]}]},{\"@type\":\"ImageObject\",\"inLanguage\":\"uk\",\"@id\":\"https:\\\/\\\/imago-systems.com\\\/product\\\/komputer-panelowy-isk-15\\\/#primaryimage\",\"url\":\"https:\\\/\\\/imago-systems.com\\\/wp-content\\\/uploads\\\/2024\\\/08\\\/ISK-15-1-2.jpg\",\"contentUrl\":\"https:\\\/\\\/imago-systems.com\\\/wp-content\\\/uploads\\\/2024\\\/08\\\/ISK-15-1-2.jpg\",\"width\":1024,\"height\":1024,\"caption\":\"modu\u0142owy komputer panelowy z czytnikiem RFID i skanerem 2D\"},{\"@type\":\"BreadcrumbList\",\"@id\":\"https:\\\/\\\/imago-systems.com\\\/product\\\/komputer-panelowy-isk-15\\\/#breadcrumb\",\"itemListElement\":[{\"@type\":\"ListItem\",\"position\":1,\"name\":\"Home\",\"item\":\"https:\\\/\\\/imago-systems.com\\\/\"},{\"@type\":\"ListItem\",\"position\":2,\"name\":\"Shop\",\"item\":\"https:\\\/\\\/imago-systems.com\\\/shop\\\/\"},{\"@type\":\"ListItem\",\"position\":3,\"name\":\"Komputery panelowe\",\"item\":\"https:\\\/\\\/imago-systems.com\\\/product-category\\\/komputery-panelowe\\\/\"},{\"@type\":\"ListItem\",\"position\":4,\"name\":\"Komputery panelowe ISK\",\"item\":\"https:\\\/\\\/imago-systems.com\\\/product-category\\\/komputery-panelowe\\\/komputery-panelowe-isk\\\/\"},{\"@type\":\"ListItem\",\"position\":5,\"name\":\"Komputer panelowy ISK-15 \\\/ 15&#8243; 4:3\"}]},{\"@type\":\"WebSite\",\"@id\":\"https:\\\/\\\/imago-systems.com\\\/#website\",\"url\":\"https:\\\/\\\/imago-systems.com\\\/\",\"name\":\"IMAGO systems\",\"description\":\"Nowoczesne rozwi\u0105zania dla przemys\u0142u i handlu detalicznego.\",\"publisher\":{\"@id\":\"https:\\\/\\\/imago-systems.com\\\/#organization\"},\"alternateName\":\"IMAGO\",\"potentialAction\":[{\"@type\":\"SearchAction\",\"target\":{\"@type\":\"EntryPoint\",\"urlTemplate\":\"https:\\\/\\\/imago-systems.com\\\/?s={search_term_string}\"},\"query-input\":{\"@type\":\"PropertyValueSpecification\",\"valueRequired\":true,\"valueName\":\"search_term_string\"}}],\"inLanguage\":\"uk\"},{\"@type\":\"Organization\",\"@id\":\"https:\\\/\\\/imago-systems.com\\\/#organization\",\"name\":\"IMAGO Poland sp. z o.o.\",\"alternateName\":\"IMAGO\",\"url\":\"https:\\\/\\\/imago-systems.com\\\/\",\"logo\":{\"@type\":\"ImageObject\",\"inLanguage\":\"uk\",\"@id\":\"https:\\\/\\\/imago-systems.com\\\/#\\\/schema\\\/logo\\\/image\\\/\",\"url\":\"https:\\\/\\\/imago-systems.com\\\/wp-content\\\/uploads\\\/2024\\\/11\\\/cropped-cropped-cropped-IMAGO-LOGO-.jpg\",\"contentUrl\":\"https:\\\/\\\/imago-systems.com\\\/wp-content\\\/uploads\\\/2024\\\/11\\\/cropped-cropped-cropped-IMAGO-LOGO-.jpg\",\"width\":512,\"height\":512,\"caption\":\"IMAGO Poland sp. z o.o.\"},\"image\":{\"@id\":\"https:\\\/\\\/imago-systems.com\\\/#\\\/schema\\\/logo\\\/image\\\/\"},\"sameAs\":[\"https:\\\/\\\/www.linkedin.com\\\/company\\\/imago-poland\\\/\"]}]}<\/script>\n<!-- \/ Yoast SEO plugin. -->","yoast_head_json":{"title":"\u041f\u0430\u043d\u0435\u043b\u044c\u043d\u0438\u0439 \u043a\u043e\u043c\u043f&#039;\u044e\u0442\u0435\u0440 ISK-15 \/ 15&quot; 4:3 - IMAGO","description":"\u041f\u0430\u043d\u0435\u043b\u044c\u043d\u0438\u0439 \u043a\u043e\u043c\u043f&#039;\u044e\u0442\u0435\u0440 ISK \u2013 \u0446\u0435 \u043f\u0440\u043e\u0434\u0443\u043a\u0442, \u0440\u043e\u0437\u0440\u043e\u0431\u043b\u0435\u043d\u0438\u0439 \u043f\u0435\u0440\u0435\u0432\u0430\u0436\u043d\u043e \u0434\u043b\u044f \u0441\u0444\u0435\u0440\u0438 \u043f\u043e\u0441\u043b\u0443\u0433. 15-\u0434\u044e\u0439\u043c\u043e\u0432\u0438\u0439 \u0435\u043a\u0440\u0430\u043d \u043f\u0456\u0434\u0442\u0440\u0438\u043c\u0443\u0454 \u0434\u0432\u0456 \u0441\u0435\u043d\u0441\u043e\u0440\u043d\u0456 \u0442\u0435\u0445\u043d\u043e\u043b\u043e\u0433\u0456\u0457: \u0454\u043c\u043d\u0456\u0441\u043d\u0443 \u0442\u0430 \u0440\u0435\u0437\u0438\u0441\u0442\u0438\u0432\u043d\u0443.","robots":{"index":"index","follow":"follow","max-snippet":"max-snippet:-1","max-image-preview":"max-image-preview:large","max-video-preview":"max-video-preview:-1"},"canonical":"https:\/\/imago-systems.com\/ua\/\u043f\u0440\u043e\u0434\u0443\u043a\u0442\/komputer-panelowy-isk-15\/","og_locale":"uk_UA","og_type":"article","og_title":"Komputer panelowy ISK-15 \/ 15\" 4:3 - IMAGO","og_description":"Komputer panelowy ISK to produkt dedykowany przede wszystkim dla bran\u017cy us\u0142ugowej. 15\" ekran obs\u0142uguje dwie technologie dotykowe - pojemno\u015bciow\u0105 i rezystancyjn\u0105.","og_url":"https:\/\/imago-systems.com\/ua\/\u043f\u0440\u043e\u0434\u0443\u043a\u0442\/komputer-panelowy-isk-15\/","og_site_name":"IMAGO","article_modified_time":"2025-11-03T13:07:08+00:00","og_image":[{"width":1024,"height":1024,"url":"https:\/\/imago-systems.com\/wp-content\/uploads\/2024\/08\/ISK-15-1-2.jpg","type":"image\/jpeg"}],"twitter_card":"summary_large_image","twitter_misc":{"\u041f\u0440\u0438\u0431\u043b. \u0447\u0430\u0441 \u0447\u0438\u0442\u0430\u043d\u043d\u044f":"2 \u0445\u0432\u0438\u043b\u0438\u043d\u0438"},"schema":{"@context":"https:\/\/schema.org","@graph":[{"@type":"WebPage","@id":"https:\/\/imago-systems.com\/product\/komputer-panelowy-isk-15\/","url":"https:\/\/imago-systems.com\/product\/komputer-panelowy-isk-15\/","name":"\u041f\u0430\u043d\u0435\u043b\u044c\u043d\u0438\u0439 \u043a\u043e\u043c\u043f&#039;\u044e\u0442\u0435\u0440 ISK-15 \/ 15&quot; 4:3 - IMAGO","isPartOf":{"@id":"https:\/\/imago-systems.com\/#website"},"primaryImageOfPage":{"@id":"https:\/\/imago-systems.com\/product\/komputer-panelowy-isk-15\/#primaryimage"},"image":{"@id":"https:\/\/imago-systems.com\/product\/komputer-panelowy-isk-15\/#primaryimage"},"thumbnailUrl":"https:\/\/imago-systems.com\/wp-content\/uploads\/2024\/08\/ISK-15-1-2.jpg","datePublished":"2024-08-09T12:41:44+00:00","dateModified":"2025-11-03T13:07:08+00:00","description":"\u041f\u0430\u043d\u0435\u043b\u044c\u043d\u0438\u0439 \u043a\u043e\u043c\u043f&#039;\u044e\u0442\u0435\u0440 ISK \u2013 \u0446\u0435 \u043f\u0440\u043e\u0434\u0443\u043a\u0442, \u0440\u043e\u0437\u0440\u043e\u0431\u043b\u0435\u043d\u0438\u0439 \u043f\u0435\u0440\u0435\u0432\u0430\u0436\u043d\u043e \u0434\u043b\u044f \u0441\u0444\u0435\u0440\u0438 \u043f\u043e\u0441\u043b\u0443\u0433. 15-\u0434\u044e\u0439\u043c\u043e\u0432\u0438\u0439 \u0435\u043a\u0440\u0430\u043d \u043f\u0456\u0434\u0442\u0440\u0438\u043c\u0443\u0454 \u0434\u0432\u0456 \u0441\u0435\u043d\u0441\u043e\u0440\u043d\u0456 \u0442\u0435\u0445\u043d\u043e\u043b\u043e\u0433\u0456\u0457: \u0454\u043c\u043d\u0456\u0441\u043d\u0443 \u0442\u0430 \u0440\u0435\u0437\u0438\u0441\u0442\u0438\u0432\u043d\u0443.","breadcrumb":{"@id":"https:\/\/imago-systems.com\/product\/komputer-panelowy-isk-15\/#breadcrumb"},"inLanguage":"uk","potentialAction":[{"@type":"ReadAction","target":["https:\/\/imago-systems.com\/product\/komputer-panelowy-isk-15\/"]}]},{"@type":"ImageObject","inLanguage":"uk","@id":"https:\/\/imago-systems.com\/product\/komputer-panelowy-isk-15\/#primaryimage","url":"https:\/\/imago-systems.com\/wp-content\/uploads\/2024\/08\/ISK-15-1-2.jpg","contentUrl":"https:\/\/imago-systems.com\/wp-content\/uploads\/2024\/08\/ISK-15-1-2.jpg","width":1024,"height":1024,"caption":"modu\u0142owy komputer panelowy z czytnikiem RFID i skanerem 2D"},{"@type":"BreadcrumbList","@id":"https:\/\/imago-systems.com\/product\/komputer-panelowy-isk-15\/#breadcrumb","itemListElement":[{"@type":"ListItem","position":1,"name":"Home","item":"https:\/\/imago-systems.com\/"},{"@type":"ListItem","position":2,"name":"Shop","item":"https:\/\/imago-systems.com\/shop\/"},{"@type":"ListItem","position":3,"name":"Komputery panelowe","item":"https:\/\/imago-systems.com\/product-category\/komputery-panelowe\/"},{"@type":"ListItem","position":4,"name":"Komputery panelowe ISK","item":"https:\/\/imago-systems.com\/product-category\/komputery-panelowe\/komputery-panelowe-isk\/"},{"@type":"ListItem","position":5,"name":"Komputer panelowy ISK-15 \/ 15&#8243; 4:3"}]},{"@type":"WebSite","@id":"https:\/\/imago-systems.com\/#website","url":"https:\/\/imago-systems.com\/","name":"\u0421\u0438\u0441\u0442\u0435\u043c\u0438 IMAGO","description":"\u0421\u0443\u0447\u0430\u0441\u043d\u0456 \u0440\u0456\u0448\u0435\u043d\u043d\u044f \u0434\u043b\u044f \u043f\u0440\u043e\u043c\u0438\u0441\u043b\u043e\u0432\u043e\u0441\u0442\u0456 \u0442\u0430 \u0440\u043e\u0437\u0434\u0440\u0456\u0431\u043d\u043e\u0457 \u0442\u043e\u0440\u0433\u0456\u0432\u043b\u0456.","publisher":{"@id":"https:\/\/imago-systems.com\/#organization"},"alternateName":"IMAGO","potentialAction":[{"@type":"SearchAction","target":{"@type":"EntryPoint","urlTemplate":"https:\/\/imago-systems.com\/?s={search_term_string}"},"query-input":{"@type":"PropertyValueSpecification","valueRequired":true,"valueName":"search_term_string"}}],"inLanguage":"uk"},{"@type":"Organization","@id":"https:\/\/imago-systems.com\/#organization","name":"IMAGO \u041f\u043e\u043b\u044c\u0449\u0430, \u0442\u043e\u0432\u0430\u0440\u0438\u0441\u0442\u0432\u043e \u0437 \u043e\u0431\u043c\u0435\u0436\u0435\u043d\u043e\u044e \u0432\u0456\u0434\u043f\u043e\u0432\u0456\u0434\u0430\u043b\u044c\u043d\u0456\u0441\u0442\u044e","alternateName":"IMAGO","url":"https:\/\/imago-systems.com\/","logo":{"@type":"ImageObject","inLanguage":"uk","@id":"https:\/\/imago-systems.com\/#\/schema\/logo\/image\/","url":"https:\/\/imago-systems.com\/wp-content\/uploads\/2024\/11\/cropped-cropped-cropped-IMAGO-LOGO-.jpg","contentUrl":"https:\/\/imago-systems.com\/wp-content\/uploads\/2024\/11\/cropped-cropped-cropped-IMAGO-LOGO-.jpg","width":512,"height":512,"caption":"IMAGO Poland sp. z o.o."},"image":{"@id":"https:\/\/imago-systems.com\/#\/schema\/logo\/image\/"},"sameAs":["https:\/\/www.linkedin.com\/company\/imago-poland\/"]}]}},"_links":{"self":[{"href":"https:\/\/imago-systems.com\/ua\/wp-json\/wp\/v2\/product\/252","targetHints":{"allow":["GET"]}}],"collection":[{"href":"https:\/\/imago-systems.com\/ua\/wp-json\/wp\/v2\/product"}],"about":[{"href":"https:\/\/imago-systems.com\/ua\/wp-json\/wp\/v2\/types\/product"}],"replies":[{"embeddable":true,"href":"https:\/\/imago-systems.com\/ua\/wp-json\/wp\/v2\/comments?post=252"}],"wp:featuredmedia":[{"embeddable":true,"href":"https:\/\/imago-systems.com\/ua\/wp-json\/wp\/v2\/media\/1714"}],"wp:attachment":[{"href":"https:\/\/imago-systems.com\/ua\/wp-json\/wp\/v2\/media?parent=252"}],"wp:term":[{"taxonomy":"product_brand","embeddable":true,"href":"https:\/\/imago-systems.com\/ua\/wp-json\/wp\/v2\/product_brand?post=252"},{"taxonomy":"product_cat","embeddable":true,"href":"https:\/\/imago-systems.com\/ua\/wp-json\/wp\/v2\/product_cat?post=252"},{"taxonomy":"product_tag","embeddable":true,"href":"https:\/\/imago-systems.com\/ua\/wp-json\/wp\/v2\/product_tag?post=252"}],"curies":[{"name":"\u0412\u041f","href":"https:\/\/api.w.org\/{rel}","templated":true}]}}