{"id":1880,"date":"2024-09-27T16:23:40","date_gmt":"2024-09-27T13:23:40","guid":{"rendered":"http:\/\/imago-systems.com\/?post_type=product&#038;p=1880"},"modified":"2025-10-17T13:31:53","modified_gmt":"2025-10-17T12:31:53","slug":"imago-slupek-do-montazu-400-mm-dla-sr-45-mm","status":"publish","type":"product","link":"https:\/\/imago-systems.com\/ua\/%d0%bf%d1%80%d0%be%d0%b4%d1%83%d0%ba%d1%82\/imago-slupek-do-montazu-400-mm-dla-sr-45-mm\/","title":{"rendered":"\u041c\u043e\u043d\u0442\u0430\u0436\u043d\u0430 \u0441\u0442\u0456\u0439\u043a\u0430 IMAGO 400 \u043c\u043c \u0434\u043b\u044f \u0434\u0456\u0430\u043c\u0435\u0442\u0440\u0430 45 \u043c\u043c"},"content":{"rendered":"<div class=\"flex-shrink-0 flex flex-col relative items-end\">\n<div>\n<div class=\"pt-0\">\n<div class=\"gizmo-bot-avatar flex h-8 w-8 items-center justify-center overflow-hidden rounded-full\">\n<h1 class=\"relative p-1 rounded-sm flex items-center justify-center bg-token-main-surface-primary text-token-text-primary h-8 w-8\"><strong>IMAGO S\u0142upek monta\u017cowy o d\u0142ugo\u015bci 400 mm i \u015brednicy 45 mm to solidne rozwi\u0105zanie do monta\u017cu w pionie lub poziomie.<\/strong><\/h1>\n<p>&nbsp;<\/p>\n<\/div>\n<\/div>\n<\/div>\n<\/div>\n<div class=\"group\/conversation-turn relative flex w-full min-w-0 flex-col agent-turn\">\n<div class=\"flex-col gap-1 md:gap-3\">\n<div class=\"flex max-w-full flex-col flex-grow\">\n<div class=\"min-h-8 text-message flex w-full flex-col items-end gap-2 whitespace-normal break-words [.text-message+&amp;]:mt-5\" dir=\"auto\" data-message-author-role=\"assistant\" data-message-id=\"de95d32e-85ab-4c41-a7c5-9df39ba3407e\" data-message-model-slug=\"gpt-4o\">\n<div class=\"flex w-full flex-col gap-1 empty:hidden first:pt-[3px]\">\n<div class=\"markdown prose w-full break-words dark:prose-invert light\">\n<p>Wykonany z trwa\u0142ej stali i zabezpieczony pow\u0142ok\u0105 malowan\u0105 proszkowo, s\u0142upek stanowi stabiln\u0105 podstaw\u0119 ca\u0142ego systemu monta\u017cowego. Dodatkow\u0105 funkcjonalno\u015b\u0107 zapewnia mo\u017cliwo\u015b\u0107 przeprowadzenia przewod\u00f3w wewn\u0105trz s\u0142upka, co u\u0142atwia estetyczne i uporz\u0105dkowane zarz\u0105dzanie okablowaniem.<\/p>\n<\/div>\n<\/div>\n<\/div>\n<\/div>\n<\/div>\n<\/div>\n<p>&nbsp;<\/p>\n<h2><strong>G\u0142\u00f3wne cechy:<\/strong><\/h2>\n<ul>\n<li>Mocowanie element\u00f3w w pionie lub poziomie<\/li>\n<li>Trwa\u0142a konstrukcja ze stali malowanej proszkowo<\/li>\n<li>Mo\u017cliwo\u015b\u0107 rozbudowy o dodatkowe elementy<\/li>\n<li>Przeprowadzenie przewod\u00f3w wewn\u0105trz s\u0142upka<\/li>\n<\/ul>\n<p>&nbsp;<\/p>\n<h3><strong><a href=\"https:\/\/imago-systems.com\/product-category\/imago-tree\/slupki-bazowe\/\">S\u0142upki bazowe<\/a> IMAGO s\u0105 dost\u0119pne w r\u00f3\u017cnych d\u0142ugo\u015bciach oraz wariantach, co pozwala na elastyczne dostosowanie systemu do indywidualnych potrzeb.<\/strong><\/h3>\n","protected":false},"excerpt":{"rendered":"<p>\u041c\u043e\u043d\u0442\u0430\u0436\u043d\u0430 \u0441\u0442\u0456\u0439\u043a\u0430 IMAGO 400 \u043c\u043c \u0434\u0456\u0430\u043c\u0435\u0442\u0440\u043e\u043c 45 \u043c\u043c \u0437\u0430\u0431\u0435\u0437\u043f\u0435\u0447\u0443\u0454 \u0441\u0442\u0430\u0431\u0456\u043b\u044c\u043d\u0435 \u0442\u0430 \u0433\u043d\u0443\u0447\u043a\u0435 \u043a\u0440\u0456\u043f\u043b\u0435\u043d\u043d\u044f \u0435\u043b\u0435\u043c\u0435\u043d\u0442\u0456\u0432 \u0432\u0435\u0440\u0442\u0438\u043a\u0430\u043b\u044c\u043d\u043e \u0430\u0431\u043e \u0433\u043e\u0440\u0438\u0437\u043e\u043d\u0442\u0430\u043b\u044c\u043d\u043e. \u0412\u0438\u0433\u043e\u0442\u043e\u0432\u043b\u0435\u043d\u0430 \u0437 \u043c\u0456\u0446\u043d\u043e\u0457 \u0441\u0442\u0430\u043b\u0456 \u0442\u0430 \u0437\u0430\u0445\u0438\u0449\u0435\u043d\u0430 \u0447\u043e\u0440\u043d\u0438\u043c \u043f\u043e\u0440\u043e\u0448\u043a\u043e\u0432\u0438\u043c \u043f\u043e\u043a\u0440\u0438\u0442\u0442\u044f\u043c, \u0441\u0442\u0456\u0439\u043a\u0430 \u0437\u0430\u0431\u0435\u0437\u043f\u0435\u0447\u0443\u0454 \u043c\u0456\u0446\u043d\u0443 \u043e\u0441\u043d\u043e\u0432\u0443 \u0434\u043b\u044f \u043c\u043e\u043d\u0442\u0430\u0436\u043d\u043e\u0457 \u0441\u0438\u0441\u0442\u0435\u043c\u0438, \u0449\u043e \u0434\u043e\u0437\u0432\u043e\u043b\u044f\u0454 \u0440\u043e\u0437\u0448\u0438\u0440\u044e\u0432\u0430\u0442\u0438 \u0457\u0457 \u0437\u0430 \u0434\u043e\u043f\u043e\u043c\u043e\u0433\u043e\u044e \u0434\u043e\u0434\u0430\u0442\u043a\u043e\u0432\u0438\u0445 \u0444\u0443\u043d\u043a\u0446\u0456\u043e\u043d\u0430\u043b\u044c\u043d\u0438\u0445 \u0435\u043b\u0435\u043c\u0435\u043d\u0442\u0456\u0432.<\/p>","protected":false},"featured_media":1881,"comment_status":"open","ping_status":"closed","template":"","meta":[],"product_brand":[],"product_cat":[122],"product_tag":[131],"class_list":{"0":"post-1880","1":"product","2":"type-product","3":"status-publish","4":"has-post-thumbnail","6":"product_cat-slupki-bazowe","7":"product_tag-131","9":"first","10":"instock","11":"shipping-taxable","12":"product-type-simple"},"acf":[],"yoast_head":"<!-- This site is optimized with the Yoast SEO plugin v27.6 - https:\/\/yoast.com\/product\/yoast-seo-wordpress\/ -->\n<title>IMAGO S\u0142upek do monta\u017cu 400 mm dla \u015br. 45 mm - IMAGO<\/title>\n<meta name=\"description\" content=\"IMAGO S\u0142upek do monta\u017cu 400 mm dla \u015brednicy 45 mm zapewnia stabilne i elastyczne mocowanie innych element\u00f3w w pionie lub poziomie.\" \/>\n<meta name=\"robots\" content=\"index, follow, max-snippet:-1, max-image-preview:large, max-video-preview:-1\" \/>\n<link rel=\"canonical\" href=\"https:\/\/imago-systems.com\/ua\/\u043f\u0440\u043e\u0434\u0443\u043a\u0442\/imago-slupek-do-montazu-400-mm-dla-sr-45-mm\/\" \/>\n<meta property=\"og:locale\" content=\"uk_UA\" \/>\n<meta property=\"og:type\" content=\"article\" \/>\n<meta property=\"og:title\" content=\"IMAGO S\u0142upek do monta\u017cu 400 mm dla \u015br. 45 mm - IMAGO\" \/>\n<meta property=\"og:description\" content=\"IMAGO S\u0142upek do monta\u017cu 400 mm dla \u015brednicy 45 mm zapewnia stabilne i elastyczne mocowanie innych element\u00f3w w pionie lub poziomie.\" \/>\n<meta property=\"og:url\" content=\"https:\/\/imago-systems.com\/ua\/\u043f\u0440\u043e\u0434\u0443\u043a\u0442\/imago-slupek-do-montazu-400-mm-dla-sr-45-mm\/\" \/>\n<meta property=\"og:site_name\" content=\"IMAGO\" \/>\n<meta property=\"article:modified_time\" content=\"2025-10-17T12:31:53+00:00\" \/>\n<meta property=\"og:image\" content=\"https:\/\/imago-systems.com\/wp-content\/uploads\/2024\/09\/IMAGO-Slupek-do-montazu-400-mm-dla-sr.-45-mm.jpg\" \/>\n\t<meta property=\"og:image:width\" content=\"600\" \/>\n\t<meta property=\"og:image:height\" content=\"600\" \/>\n\t<meta property=\"og:image:type\" content=\"image\/jpeg\" \/>\n<meta name=\"twitter:card\" content=\"summary_large_image\" \/>\n<meta name=\"twitter:label1\" content=\"\u041f\u0440\u0438\u0431\u043b. \u0447\u0430\u0441 \u0447\u0438\u0442\u0430\u043d\u043d\u044f\" \/>\n\t<meta name=\"twitter:data1\" content=\"1 \u0445\u0432\u0438\u043b\u0438\u043d\u0430\" \/>\n<script type=\"application\/ld+json\" class=\"yoast-schema-graph\">{\"@context\":\"https:\\\/\\\/schema.org\",\"@graph\":[{\"@type\":\"WebPage\",\"@id\":\"https:\\\/\\\/imago-systems.com\\\/product\\\/imago-slupek-do-montazu-400-mm-dla-sr-45-mm\\\/\",\"url\":\"https:\\\/\\\/imago-systems.com\\\/product\\\/imago-slupek-do-montazu-400-mm-dla-sr-45-mm\\\/\",\"name\":\"IMAGO S\u0142upek do monta\u017cu 400 mm dla \u015br. 45 mm - IMAGO\",\"isPartOf\":{\"@id\":\"https:\\\/\\\/imago-systems.com\\\/#website\"},\"primaryImageOfPage\":{\"@id\":\"https:\\\/\\\/imago-systems.com\\\/product\\\/imago-slupek-do-montazu-400-mm-dla-sr-45-mm\\\/#primaryimage\"},\"image\":{\"@id\":\"https:\\\/\\\/imago-systems.com\\\/product\\\/imago-slupek-do-montazu-400-mm-dla-sr-45-mm\\\/#primaryimage\"},\"thumbnailUrl\":\"https:\\\/\\\/imago-systems.com\\\/wp-content\\\/uploads\\\/2024\\\/09\\\/IMAGO-Slupek-do-montazu-400-mm-dla-sr.-45-mm.jpg\",\"datePublished\":\"2024-09-27T13:23:40+00:00\",\"dateModified\":\"2025-10-17T12:31:53+00:00\",\"description\":\"IMAGO S\u0142upek do monta\u017cu 400 mm dla \u015brednicy 45 mm zapewnia stabilne i elastyczne mocowanie innych element\u00f3w w pionie lub poziomie.\",\"breadcrumb\":{\"@id\":\"https:\\\/\\\/imago-systems.com\\\/product\\\/imago-slupek-do-montazu-400-mm-dla-sr-45-mm\\\/#breadcrumb\"},\"inLanguage\":\"uk\",\"potentialAction\":[{\"@type\":\"ReadAction\",\"target\":[\"https:\\\/\\\/imago-systems.com\\\/product\\\/imago-slupek-do-montazu-400-mm-dla-sr-45-mm\\\/\"]}]},{\"@type\":\"ImageObject\",\"inLanguage\":\"uk\",\"@id\":\"https:\\\/\\\/imago-systems.com\\\/product\\\/imago-slupek-do-montazu-400-mm-dla-sr-45-mm\\\/#primaryimage\",\"url\":\"https:\\\/\\\/imago-systems.com\\\/wp-content\\\/uploads\\\/2024\\\/09\\\/IMAGO-Slupek-do-montazu-400-mm-dla-sr.-45-mm.jpg\",\"contentUrl\":\"https:\\\/\\\/imago-systems.com\\\/wp-content\\\/uploads\\\/2024\\\/09\\\/IMAGO-Slupek-do-montazu-400-mm-dla-sr.-45-mm.jpg\",\"width\":600,\"height\":600,\"caption\":\"IMAGO S\u0142upek do monta\u017cu 400 mm dla \u015br. 45 mm\"},{\"@type\":\"BreadcrumbList\",\"@id\":\"https:\\\/\\\/imago-systems.com\\\/product\\\/imago-slupek-do-montazu-400-mm-dla-sr-45-mm\\\/#breadcrumb\",\"itemListElement\":[{\"@type\":\"ListItem\",\"position\":1,\"name\":\"Home\",\"item\":\"https:\\\/\\\/imago-systems.com\\\/\"},{\"@type\":\"ListItem\",\"position\":2,\"name\":\"Shop\",\"item\":\"https:\\\/\\\/imago-systems.com\\\/shop\\\/\"},{\"@type\":\"ListItem\",\"position\":3,\"name\":\"IMAGO Tree\",\"item\":\"https:\\\/\\\/imago-systems.com\\\/product-category\\\/imago-tree\\\/\"},{\"@type\":\"ListItem\",\"position\":4,\"name\":\"S\u0142upki bazowe\",\"item\":\"https:\\\/\\\/imago-systems.com\\\/product-category\\\/imago-tree\\\/slupki-bazowe\\\/\"},{\"@type\":\"ListItem\",\"position\":5,\"name\":\"IMAGO S\u0142upek do monta\u017cu 400 mm dla \u015br. 45 mm\"}]},{\"@type\":\"WebSite\",\"@id\":\"https:\\\/\\\/imago-systems.com\\\/#website\",\"url\":\"https:\\\/\\\/imago-systems.com\\\/\",\"name\":\"IMAGO systems\",\"description\":\"Nowoczesne rozwi\u0105zania dla przemys\u0142u i handlu detalicznego.\",\"publisher\":{\"@id\":\"https:\\\/\\\/imago-systems.com\\\/#organization\"},\"alternateName\":\"IMAGO\",\"potentialAction\":[{\"@type\":\"SearchAction\",\"target\":{\"@type\":\"EntryPoint\",\"urlTemplate\":\"https:\\\/\\\/imago-systems.com\\\/?s={search_term_string}\"},\"query-input\":{\"@type\":\"PropertyValueSpecification\",\"valueRequired\":true,\"valueName\":\"search_term_string\"}}],\"inLanguage\":\"uk\"},{\"@type\":\"Organization\",\"@id\":\"https:\\\/\\\/imago-systems.com\\\/#organization\",\"name\":\"IMAGO Poland sp. z o.o.\",\"alternateName\":\"IMAGO\",\"url\":\"https:\\\/\\\/imago-systems.com\\\/\",\"logo\":{\"@type\":\"ImageObject\",\"inLanguage\":\"uk\",\"@id\":\"https:\\\/\\\/imago-systems.com\\\/#\\\/schema\\\/logo\\\/image\\\/\",\"url\":\"https:\\\/\\\/imago-systems.com\\\/wp-content\\\/uploads\\\/2024\\\/11\\\/cropped-cropped-cropped-IMAGO-LOGO-.jpg\",\"contentUrl\":\"https:\\\/\\\/imago-systems.com\\\/wp-content\\\/uploads\\\/2024\\\/11\\\/cropped-cropped-cropped-IMAGO-LOGO-.jpg\",\"width\":512,\"height\":512,\"caption\":\"IMAGO Poland sp. z o.o.\"},\"image\":{\"@id\":\"https:\\\/\\\/imago-systems.com\\\/#\\\/schema\\\/logo\\\/image\\\/\"},\"sameAs\":[\"https:\\\/\\\/www.linkedin.com\\\/company\\\/imago-poland\\\/\"]}]}<\/script>\n<!-- \/ Yoast SEO plugin. -->","yoast_head_json":{"title":"\u041c\u043e\u043d\u0442\u0430\u0436\u043d\u0430 \u0441\u0442\u0456\u0439\u043a\u0430 IMAGO 400 \u043c\u043c \u0434\u043b\u044f \u0434\u0456\u0430\u043c\u0435\u0442\u0440\u0430 45 \u043c\u043c - IMAGO","description":"\u041c\u043e\u043d\u0442\u0430\u0436\u043d\u0430 \u0441\u0442\u0456\u0439\u043a\u0430 IMAGO 400 \u043c\u043c \u0434\u0456\u0430\u043c\u0435\u0442\u0440\u043e\u043c 45 \u043c\u043c \u0437\u0430\u0431\u0435\u0437\u043f\u0435\u0447\u0443\u0454 \u0441\u0442\u0430\u0431\u0456\u043b\u044c\u043d\u0435 \u0442\u0430 \u0433\u043d\u0443\u0447\u043a\u0435 \u043a\u0440\u0456\u043f\u043b\u0435\u043d\u043d\u044f \u0456\u043d\u0448\u0438\u0445 \u0435\u043b\u0435\u043c\u0435\u043d\u0442\u0456\u0432 \u0432\u0435\u0440\u0442\u0438\u043a\u0430\u043b\u044c\u043d\u043e \u0430\u0431\u043e \u0433\u043e\u0440\u0438\u0437\u043e\u043d\u0442\u0430\u043b\u044c\u043d\u043e.","robots":{"index":"index","follow":"follow","max-snippet":"max-snippet:-1","max-image-preview":"max-image-preview:large","max-video-preview":"max-video-preview:-1"},"canonical":"https:\/\/imago-systems.com\/ua\/\u043f\u0440\u043e\u0434\u0443\u043a\u0442\/imago-slupek-do-montazu-400-mm-dla-sr-45-mm\/","og_locale":"uk_UA","og_type":"article","og_title":"IMAGO S\u0142upek do monta\u017cu 400 mm dla \u015br. 45 mm - IMAGO","og_description":"IMAGO S\u0142upek do monta\u017cu 400 mm dla \u015brednicy 45 mm zapewnia stabilne i elastyczne mocowanie innych element\u00f3w w pionie lub poziomie.","og_url":"https:\/\/imago-systems.com\/ua\/\u043f\u0440\u043e\u0434\u0443\u043a\u0442\/imago-slupek-do-montazu-400-mm-dla-sr-45-mm\/","og_site_name":"IMAGO","article_modified_time":"2025-10-17T12:31:53+00:00","og_image":[{"width":600,"height":600,"url":"https:\/\/imago-systems.com\/wp-content\/uploads\/2024\/09\/IMAGO-Slupek-do-montazu-400-mm-dla-sr.-45-mm.jpg","type":"image\/jpeg"}],"twitter_card":"summary_large_image","twitter_misc":{"\u041f\u0440\u0438\u0431\u043b. \u0447\u0430\u0441 \u0447\u0438\u0442\u0430\u043d\u043d\u044f":"1 \u0445\u0432\u0438\u043b\u0438\u043d\u0430"},"schema":{"@context":"https:\/\/schema.org","@graph":[{"@type":"WebPage","@id":"https:\/\/imago-systems.com\/product\/imago-slupek-do-montazu-400-mm-dla-sr-45-mm\/","url":"https:\/\/imago-systems.com\/product\/imago-slupek-do-montazu-400-mm-dla-sr-45-mm\/","name":"\u041c\u043e\u043d\u0442\u0430\u0436\u043d\u0430 \u0441\u0442\u0456\u0439\u043a\u0430 IMAGO 400 \u043c\u043c \u0434\u043b\u044f \u0434\u0456\u0430\u043c\u0435\u0442\u0440\u0430 45 \u043c\u043c - IMAGO","isPartOf":{"@id":"https:\/\/imago-systems.com\/#website"},"primaryImageOfPage":{"@id":"https:\/\/imago-systems.com\/product\/imago-slupek-do-montazu-400-mm-dla-sr-45-mm\/#primaryimage"},"image":{"@id":"https:\/\/imago-systems.com\/product\/imago-slupek-do-montazu-400-mm-dla-sr-45-mm\/#primaryimage"},"thumbnailUrl":"https:\/\/imago-systems.com\/wp-content\/uploads\/2024\/09\/IMAGO-Slupek-do-montazu-400-mm-dla-sr.-45-mm.jpg","datePublished":"2024-09-27T13:23:40+00:00","dateModified":"2025-10-17T12:31:53+00:00","description":"\u041c\u043e\u043d\u0442\u0430\u0436\u043d\u0430 \u0441\u0442\u0456\u0439\u043a\u0430 IMAGO 400 \u043c\u043c \u0434\u0456\u0430\u043c\u0435\u0442\u0440\u043e\u043c 45 \u043c\u043c \u0437\u0430\u0431\u0435\u0437\u043f\u0435\u0447\u0443\u0454 \u0441\u0442\u0430\u0431\u0456\u043b\u044c\u043d\u0435 \u0442\u0430 \u0433\u043d\u0443\u0447\u043a\u0435 \u043a\u0440\u0456\u043f\u043b\u0435\u043d\u043d\u044f \u0456\u043d\u0448\u0438\u0445 \u0435\u043b\u0435\u043c\u0435\u043d\u0442\u0456\u0432 \u0432\u0435\u0440\u0442\u0438\u043a\u0430\u043b\u044c\u043d\u043e \u0430\u0431\u043e \u0433\u043e\u0440\u0438\u0437\u043e\u043d\u0442\u0430\u043b\u044c\u043d\u043e.","breadcrumb":{"@id":"https:\/\/imago-systems.com\/product\/imago-slupek-do-montazu-400-mm-dla-sr-45-mm\/#breadcrumb"},"inLanguage":"uk","potentialAction":[{"@type":"ReadAction","target":["https:\/\/imago-systems.com\/product\/imago-slupek-do-montazu-400-mm-dla-sr-45-mm\/"]}]},{"@type":"ImageObject","inLanguage":"uk","@id":"https:\/\/imago-systems.com\/product\/imago-slupek-do-montazu-400-mm-dla-sr-45-mm\/#primaryimage","url":"https:\/\/imago-systems.com\/wp-content\/uploads\/2024\/09\/IMAGO-Slupek-do-montazu-400-mm-dla-sr.-45-mm.jpg","contentUrl":"https:\/\/imago-systems.com\/wp-content\/uploads\/2024\/09\/IMAGO-Slupek-do-montazu-400-mm-dla-sr.-45-mm.jpg","width":600,"height":600,"caption":"IMAGO S\u0142upek do monta\u017cu 400 mm dla \u015br. 45 mm"},{"@type":"BreadcrumbList","@id":"https:\/\/imago-systems.com\/product\/imago-slupek-do-montazu-400-mm-dla-sr-45-mm\/#breadcrumb","itemListElement":[{"@type":"ListItem","position":1,"name":"Home","item":"https:\/\/imago-systems.com\/"},{"@type":"ListItem","position":2,"name":"Shop","item":"https:\/\/imago-systems.com\/shop\/"},{"@type":"ListItem","position":3,"name":"IMAGO Tree","item":"https:\/\/imago-systems.com\/product-category\/imago-tree\/"},{"@type":"ListItem","position":4,"name":"S\u0142upki bazowe","item":"https:\/\/imago-systems.com\/product-category\/imago-tree\/slupki-bazowe\/"},{"@type":"ListItem","position":5,"name":"IMAGO S\u0142upek do monta\u017cu 400 mm dla \u015br. 45 mm"}]},{"@type":"WebSite","@id":"https:\/\/imago-systems.com\/#website","url":"https:\/\/imago-systems.com\/","name":"\u0421\u0438\u0441\u0442\u0435\u043c\u0438 IMAGO","description":"\u0421\u0443\u0447\u0430\u0441\u043d\u0456 \u0440\u0456\u0448\u0435\u043d\u043d\u044f \u0434\u043b\u044f \u043f\u0440\u043e\u043c\u0438\u0441\u043b\u043e\u0432\u043e\u0441\u0442\u0456 \u0442\u0430 \u0440\u043e\u0437\u0434\u0440\u0456\u0431\u043d\u043e\u0457 \u0442\u043e\u0440\u0433\u0456\u0432\u043b\u0456.","publisher":{"@id":"https:\/\/imago-systems.com\/#organization"},"alternateName":"IMAGO","potentialAction":[{"@type":"SearchAction","target":{"@type":"EntryPoint","urlTemplate":"https:\/\/imago-systems.com\/?s={search_term_string}"},"query-input":{"@type":"PropertyValueSpecification","valueRequired":true,"valueName":"search_term_string"}}],"inLanguage":"uk"},{"@type":"Organization","@id":"https:\/\/imago-systems.com\/#organization","name":"IMAGO \u041f\u043e\u043b\u044c\u0449\u0430, \u0442\u043e\u0432\u0430\u0440\u0438\u0441\u0442\u0432\u043e \u0437 \u043e\u0431\u043c\u0435\u0436\u0435\u043d\u043e\u044e \u0432\u0456\u0434\u043f\u043e\u0432\u0456\u0434\u0430\u043b\u044c\u043d\u0456\u0441\u0442\u044e","alternateName":"IMAGO","url":"https:\/\/imago-systems.com\/","logo":{"@type":"ImageObject","inLanguage":"uk","@id":"https:\/\/imago-systems.com\/#\/schema\/logo\/image\/","url":"https:\/\/imago-systems.com\/wp-content\/uploads\/2024\/11\/cropped-cropped-cropped-IMAGO-LOGO-.jpg","contentUrl":"https:\/\/imago-systems.com\/wp-content\/uploads\/2024\/11\/cropped-cropped-cropped-IMAGO-LOGO-.jpg","width":512,"height":512,"caption":"IMAGO Poland sp. z o.o."},"image":{"@id":"https:\/\/imago-systems.com\/#\/schema\/logo\/image\/"},"sameAs":["https:\/\/www.linkedin.com\/company\/imago-poland\/"]}]}},"_links":{"self":[{"href":"https:\/\/imago-systems.com\/ua\/wp-json\/wp\/v2\/product\/1880","targetHints":{"allow":["GET"]}}],"collection":[{"href":"https:\/\/imago-systems.com\/ua\/wp-json\/wp\/v2\/product"}],"about":[{"href":"https:\/\/imago-systems.com\/ua\/wp-json\/wp\/v2\/types\/product"}],"replies":[{"embeddable":true,"href":"https:\/\/imago-systems.com\/ua\/wp-json\/wp\/v2\/comments?post=1880"}],"wp:featuredmedia":[{"embeddable":true,"href":"https:\/\/imago-systems.com\/ua\/wp-json\/wp\/v2\/media\/1881"}],"wp:attachment":[{"href":"https:\/\/imago-systems.com\/ua\/wp-json\/wp\/v2\/media?parent=1880"}],"wp:term":[{"taxonomy":"product_brand","embeddable":true,"href":"https:\/\/imago-systems.com\/ua\/wp-json\/wp\/v2\/product_brand?post=1880"},{"taxonomy":"product_cat","embeddable":true,"href":"https:\/\/imago-systems.com\/ua\/wp-json\/wp\/v2\/product_cat?post=1880"},{"taxonomy":"product_tag","embeddable":true,"href":"https:\/\/imago-systems.com\/ua\/wp-json\/wp\/v2\/product_tag?post=1880"}],"curies":[{"name":"\u0412\u041f","href":"https:\/\/api.w.org\/{rel}","templated":true}]}}