{"id":14580,"date":"2024-10-15T10:00:04","date_gmt":"2024-10-15T07:00:04","guid":{"rendered":"http:\/\/imago-systems.com\/?post_type=product&#038;p=14580"},"modified":"2026-04-23T14:14:46","modified_gmt":"2026-04-23T13:14:46","slug":"komputer-panelowy-pi-15-stal-nierdzewna","status":"publish","type":"product","link":"https:\/\/imago-systems.com\/ua\/%d0%bf%d1%80%d0%be%d0%b4%d1%83%d0%ba%d1%82\/komputer-panelowy-pi-15-stal-nierdzewna\/","title":{"rendered":"\u041f\u0430\u043d\u0435\u043b\u044c\u043d\u0438\u0439 \u043a\u043e\u043c\u043f&#039;\u044e\u0442\u0435\u0440 PI-15 \u0437 \u043d\u0435\u0440\u0436\u0430\u0432\u0456\u044e\u0447\u043e\u0457 \u0441\u0442\u0430\u043b\u0456 \/ 15\u2033 4:3"},"content":{"rendered":"<div class=\"flex-shrink-0 flex flex-col relative items-end\">\n<div class=\"pt-0\">\n<div class=\"gizmo-bot-avatar flex h-8 w-8 items-center justify-center overflow-hidden rounded-full\">\n<p data-start=\"208\" data-end=\"242\"><span style=\"font-size: 16px;\">\u041f\u0430\u043d\u0435\u043b\u044c\u043d\u0456 \u043a\u043e\u043c\u043f&#039;\u044e\u0442\u0435\u0440\u0438 \u0437 \u043d\u0435\u0440\u0436\u0430\u0432\u0456\u044e\u0447\u043e\u0457 \u0441\u0442\u0430\u043b\u0456 \u0441\u0435\u0440\u0456\u0457 PI \u043d\u0430\u0439\u0447\u0430\u0441\u0442\u0456\u0448\u0435 \u0432\u0438\u043a\u043e\u0440\u0438\u0441\u0442\u043e\u0432\u0443\u044e\u0442\u044c\u0441\u044f \u0432 \u0441\u0435\u0440\u0435\u0434\u043e\u0432\u0438\u0449\u0430\u0445, \u0434\u0435 \u0433\u0456\u0433\u0456\u0454\u043d\u0430 \u0442\u0430 \u043c\u043e\u0436\u043b\u0438\u0432\u0456\u0441\u0442\u044c \u0440\u0435\u0433\u0443\u043b\u044f\u0440\u043d\u043e\u0433\u043e \u0442\u0430 \u0456\u043d\u0442\u0435\u043d\u0441\u0438\u0432\u043d\u043e\u0433\u043e \u043e\u0447\u0438\u0449\u0435\u043d\u043d\u044f \u043f\u0440\u0438\u0441\u0442\u0440\u043e\u0457\u0432 \u043c\u0430\u044e\u0442\u044c \u0432\u0438\u0440\u0456\u0448\u0430\u043b\u044c\u043d\u0435 \u0437\u043d\u0430\u0447\u0435\u043d\u043d\u044f.<\/span><\/p>\n<\/div>\n<\/div>\n<\/div>\n<p data-start=\"539\" data-end=\"831\">\u0417\u0430\u0432\u0434\u044f\u043a\u0438 \u043a\u043e\u0440\u043f\u0443\u0441\u0443 \u0437 \u043d\u0435\u0440\u0436\u0430\u0432\u0456\u044e\u0447\u043e\u0457 \u0441\u0442\u0430\u043b\u0456 \u0442\u0430 \u0432\u0438\u0441\u043e\u043a\u0456\u0439 <strong>\u041a\u043b\u0430\u0441 \u0433\u0435\u0440\u043c\u0435\u0442\u0438\u0447\u043d\u043e\u0441\u0442\u0456 IP65\/IP67<\/strong> \u043f\u0430\u043d\u0435\u043b\u0456 \u043c\u043e\u0436\u043d\u0430 \u0431\u0435\u0437\u043f\u0435\u0447\u043d\u043e <strong>\u043f\u0440\u043e\u043c\u0438\u0432\u0430\u0454\u0442\u044c\u0441\u044f, \u0442\u0430\u043a\u043e\u0436 \u043f\u0456\u0434 \u0432\u0438\u0441\u043e\u043a\u0438\u043c \u0442\u0438\u0441\u043a\u043e\u043c<\/strong>. \u0413\u043b\u0430\u0434\u043a\u0430 \u043f\u043e\u0432\u0435\u0440\u0445\u043d\u044f \u0437\u043c\u0435\u043d\u0448\u0443\u0454 \u043d\u0430\u043a\u043e\u043f\u0438\u0447\u0435\u043d\u043d\u044f \u0431\u0440\u0443\u0434\u0443 \u0442\u0430 \u043f\u043e\u043b\u0435\u0433\u0448\u0443\u0454 \u0443\u0442\u0440\u0438\u043c\u0430\u043d\u043d\u044f \u043f\u0440\u0438\u0441\u0442\u0440\u043e\u044e \u0432 \u0447\u0438\u0441\u0442\u043e\u0442\u0456 \u0432\u0456\u0434\u043f\u043e\u0432\u0456\u0434\u043d\u043e \u0434\u043e \u0441\u0430\u043d\u0456\u0442\u0430\u0440\u043d\u0438\u0445 \u0432\u0438\u043c\u043e\u0433.<\/p>\n<p data-start=\"833\" data-end=\"873\"><strong>\u041d\u0430 \u043f\u0440\u0430\u043a\u0442\u0438\u0446\u0456 \u0457\u0445 \u0432\u0438\u043a\u043e\u0440\u0438\u0441\u0442\u043e\u0432\u0443\u044e\u0442\u044c \u044f\u043a:<\/strong><\/p>\n<ul data-start=\"874\" data-end=\"1083\">\n<li data-section-id=\"h57g19\" data-start=\"874\" data-end=\"930\">\u043f\u0430\u043d\u0435\u043b\u0456 \u043e\u043f\u0435\u0440\u0430\u0442\u043e\u0440\u0430 \u0432 \u0445\u0430\u0440\u0447\u043e\u0432\u0456\u0439 \u0442\u0430 \u043c&#039;\u044f\u0441\u043d\u0456\u0439 \u043f\u0440\u043e\u043c\u0438\u0441\u043b\u043e\u0432\u043e\u0441\u0442\u0456<\/li>\n<li data-section-id=\"vus2a2\" data-start=\"931\" data-end=\"998\">\u0432\u0430\u043a\u0430\u043d\u0441\u0456\u0457 \u043d\u0430 \u0444\u0430\u0440\u043c\u0430\u0446\u0435\u0432\u0442\u0438\u0447\u043d\u0438\u0445 \u0442\u0430 \u0432\u0435\u0442\u0435\u0440\u0438\u043d\u0430\u0440\u043d\u0438\u0445 \u0437\u0430\u0432\u043e\u0434\u0430\u0445<\/li>\n<li data-section-id=\"2fw6rk\" data-start=\"999\" data-end=\"1083\">\u0456\u043d\u0442\u0435\u0440\u0444\u0435\u0439\u0441\u0438 \u0434\u043b\u044f \u043e\u0431\u0440\u043e\u0431\u043a\u0438 \u043f\u0440\u043e\u0446\u0435\u0441\u0456\u0432 \u0443 \u0432\u0438\u0440\u043e\u0431\u043d\u0438\u0447\u0438\u0445 \u0437\u043e\u043d\u0430\u0445, \u0449\u043e \u0432\u0438\u043c\u0430\u0433\u0430\u044e\u0442\u044c \u0441\u0442\u0435\u0440\u0438\u043b\u044c\u043d\u043e\u0441\u0442\u0456<\/li>\n<\/ul>\n<p data-start=\"1085\" data-end=\"1281\">\u041a\u0440\u0456\u043c \u0442\u043e\u0433\u043e, \u0432\u043e\u043d\u0438 \u043c\u043e\u0436\u0443\u0442\u044c \u0444\u0443\u043d\u043a\u0446\u0456\u043e\u043d\u0443\u0432\u0430\u0442\u0438 \u044f\u043a \u043a\u043e\u043c\u043f\u043e\u043d\u0435\u043d\u0442 \u0441\u0438\u0441\u0442\u0435\u043c \u0456\u0434\u0435\u043d\u0442\u0438\u0444\u0456\u043a\u0430\u0446\u0456\u0457, \u043d\u0430\u043f\u0440\u0438\u043a\u043b\u0430\u0434, \u0437\u0430\u0432\u0434\u044f\u043a\u0438 \u0456\u043d\u0442\u0435\u0433\u0440\u0430\u0446\u0456\u0457 \u0437\u0456 \u0437\u0447\u0438\u0442\u0443\u0432\u0430\u0447\u0430\u043c\u0438 RFID\/NFC \u0430\u0431\u043e \u0441\u043a\u0430\u043d\u0435\u0440\u0430\u043c\u0438 2D-\u043a\u043e\u0434\u0456\u0432. \u0426\u0435 \u0434\u043e\u0437\u0432\u043e\u043b\u044f\u0454 \u043a\u0435\u0440\u0443\u0432\u0430\u0442\u0438 \u043f\u0440\u043e\u0446\u0435\u0441\u0430\u043c\u0438 \u0431\u0435\u0437\u043f\u043e\u0441\u0435\u0440\u0435\u0434\u043d\u044c\u043e \u043d\u0430 \u0440\u043e\u0431\u043e\u0447\u043e\u043c\u0443 \u043c\u0456\u0441\u0446\u0456.<\/p>\n<hr \/>\n<h2><strong>\u0413\u043e\u043b\u043e\u0432\u043d\u0435 <a href=\"https:\/\/imago-systems.com\/ua\/%d0%ba%d0%b0%d1%82%d0%b5%d0%b3%d0%be%d1%80%d1%96%d1%8f-%d0%bf%d1%80%d0%be%d0%b4%d1%83%d0%ba%d1%82%d1%83\/%d0%bf%d0%b0%d0%bd%d0%b5%d0%bb%d1%8c%d0%bd%d1%96-%d0%ba%d0%be%d0%bc%d0%bf%d1%8e%d1%82%d0%b5%d1%80%d0%b8\/\">\u043e\u0441\u043e\u0431\u043b\u0438\u0432\u043e\u0441\u0442\u0456 \u043f\u0430\u043d\u0435\u043b\u044c\u043d\u043e\u0433\u043e \u043a\u043e\u043c\u043f&#039;\u044e\u0442\u0435\u0440\u0430<\/a> \u041d\u0435\u0440\u0436\u0430\u0432\u0456\u044e\u0447\u0430 \u0441\u0442\u0430\u043b\u044c PI-15:<\/strong><\/h2>\n<ul>\n<li>15-\u0434\u044e\u0439\u043c\u043e\u0432\u0438\u0439 \u0420\u041a-\u0435\u043a\u0440\u0430\u043d 1024\u00d7768 \u0437 \u0432\u0438\u0431\u043e\u0440\u043e\u043c \u0434\u0432\u043e\u0445 \u0442\u0438\u043f\u0456\u0432 \u043d\u0430\u043a\u043b\u0430\u0434\u0435\u043d\u044c: <strong>\u0440\u0435\u0437\u0438\u0441\u0442\u0438\u0432\u043d\u0438\u0439 \u0430\u0431\u043e \u0454\u043c\u043d\u0456\u0441\u043d\u0438\u0439.<\/strong><\/li>\n<li><strong>\u0412\u043e\u0434\u043e- \u0442\u0430 \u043f\u0438\u043b\u043e\u043d\u0435\u043f\u0440\u043e\u043d\u0438\u043a\u043d\u0456\u0441\u0442\u044c<\/strong>, \u0449\u043e \u0437\u0430\u0431\u0435\u0437\u043f\u0435\u0447\u0443\u0454 \u0431\u0435\u0437\u0432\u0456\u0434\u043c\u043e\u0432\u043d\u0443 \u0440\u043e\u0431\u043e\u0442\u0443 \u0432 \u0441\u043a\u043b\u0430\u0434\u043d\u0438\u0445 \u0443\u043c\u043e\u0432\u0430\u0445.<\/li>\n<li>\u0414\u043e\u0441\u0442\u0443\u043f\u043d\u0456 \u043f\u0440\u043e\u0446\u0435\u0441\u043e\u0440\u0438:<strong> Intel Core i5 <\/strong>\u0440\u0456\u0437\u043d\u0456 \u043f\u043e\u043a\u043e\u043b\u0456\u043d\u043d\u044f \u0442\u0430<strong> \u043d\u043e\u0432\u0438\u0439 Intel Core N97<\/strong><\/li>\n<li>\u0412\u0438\u043f\u0430\u0434\u043e\u043a: <strong>\u043d\u0435\u0440\u0436\u0430\u0432\u0456\u044e\u0447\u0430 \u0441\u0442\u0430\u043b\u044c<\/strong>.<\/li>\n<li>\u0414\u043e\u0434\u0430\u0442\u043a\u043e\u0432\u0456 \u0430\u043a\u0441\u0435\u0441\u0443\u0430\u0440\u0438: <strong>\u0417\u0447\u0438\u0442\u0443\u0432\u0430\u0447\u0456 RFID, 2D, NFC<\/strong>.<\/li>\n<li><strong>\u0413\u0435\u0440\u043c\u0435\u0442\u0438\u0447\u043d\u0456 \u043f\u043e\u0440\u0442\u0438 \u0432\u0432\u043e\u0434\u0443\/\u0432\u0438\u0432\u043e\u0434\u0443<\/strong>.<\/li>\n<li>\u0411\u043b\u043e\u043a \u0436\u0438\u0432\u043b\u0435\u043d\u043d\u044f <strong>\u043c12.<\/strong><\/li>\n<li>\u0412\u0430\u0440\u0456\u0430\u043d\u0442 \u043e\u0431\u043b\u0430\u0434\u043d\u0430\u043d\u043d\u044f \u0432 <strong>\u043a\u043e\u043d\u0432\u0435\u0440\u0442\u0435\u0440<\/strong>.<\/li>\n<\/ul>\n<p>&nbsp;<\/p>\n<p><span style=\"text-decoration: underline;\">\u041c\u043e\u0436\u043b\u0438\u0432\u0435 \u0432\u0438\u0433\u043e\u0442\u043e\u0432\u043b\u0435\u043d\u043d\u044f \u043d\u0430 \u0441\u043f\u0435\u0446\u0456\u0430\u043b\u044c\u043d\u0435 \u0437\u0430\u043c\u043e\u0432\u043b\u0435\u043d\u043d\u044f <strong>\u0441\u043e\u043b\u0435\u0441\u0442\u0456\u0439\u043a\u0435 \u043f\u043e\u043a\u0440\u0438\u0442\u0442\u044f<\/strong>.<\/span><\/p>\n<p>&nbsp;<\/p>\n<p><strong><a href=\"https:\/\/imago-systems.com\/ua\/%d0%ba%d0%b0%d1%82%d0%b5%d0%b3%d0%be%d1%80%d1%96%d1%8f-%d0%bf%d1%80%d0%be%d0%b4%d1%83%d0%ba%d1%82%d1%83\/%d0%bf%d0%b0%d0%bd%d0%b5%d0%bb%d1%8c%d0%bd%d1%96-%d0%ba%d0%be%d0%bc%d0%bf%d1%8e%d1%82%d0%b5%d1%80%d0%b8\/\">\u041f\u0440\u043e\u043c\u0438\u0441\u043b\u043e\u0432\u0456 \u043f\u0430\u043d\u0435\u043b\u044c\u043d\u0456 \u043a\u043e\u043c\u043f&#039;\u044e\u0442\u0435\u0440\u0438<\/a> PI \u043c\u043e\u0436\u043d\u0430 \u043d\u0430\u043b\u0430\u0448\u0442\u0443\u0432\u0430\u0442\u0438 \u0432\u0456\u0434\u043f\u043e\u0432\u0456\u0434\u043d\u043e \u0434\u043e \u0456\u043d\u0434\u0438\u0432\u0456\u0434\u0443\u0430\u043b\u044c\u043d\u0438\u0445 \u043f\u043e\u0442\u0440\u0435\u0431, \u0437\u0430\u0431\u0435\u0437\u043f\u0435\u0447\u0443\u044e\u0447\u0438 \u0433\u043d\u0443\u0447\u043a\u0456 \u0442\u0430 \u043d\u0430\u0434\u0456\u0439\u043d\u0456 \u0440\u0456\u0448\u0435\u043d\u043d\u044f \u0434\u043b\u044f \u0433\u0430\u043b\u0443\u0437\u0456.<\/strong><\/p>\n<p>&nbsp;<\/p>","protected":false},"excerpt":{"rendered":"<p>\u041f\u0430\u043d\u0435\u043b\u044c\u043d\u0438\u0439 \u043a\u043e\u043c\u043f&#039;\u044e\u0442\u0435\u0440 PI-15 \u0454 <a href=\"https:\/\/imago-systems.com\/ua\/%d0%ba%d0%b0%d1%82%d0%b5%d0%b3%d0%be%d1%80%d1%96%d1%8f-%d0%bf%d1%80%d0%be%d0%b4%d1%83%d0%ba%d1%82%d1%83\/%d0%bf%d0%b0%d0%bd%d0%b5%d0%bb%d1%8c%d0%bd%d1%96-%d0%ba%d0%be%d0%bc%d0%bf%d1%8e%d1%82%d0%b5%d1%80%d0%b8\/\">\u043f\u0440\u043e\u043c\u0438\u0441\u043b\u043e\u0432\u0430 \u043a\u043e\u043c\u043f&#039;\u044e\u0442\u0435\u0440\u043d\u0430 \u043f\u0430\u043d\u0435\u043b\u044c<\/a> \u041e\u0441\u043d\u0430\u0449\u0435\u043d\u0438\u0439 15-\u0434\u044e\u0439\u043c\u043e\u0432\u0438\u043c \u0420\u041a-\u0435\u043a\u0440\u0430\u043d\u043e\u043c \u0437 \u0440\u043e\u0437\u0434\u0456\u043b\u044c\u043d\u043e\u044e \u0437\u0434\u0430\u0442\u043d\u0456\u0441\u0442\u044e 1024x768, \u0432\u0456\u043d \u043f\u043e\u0441\u0442\u0430\u0447\u0430\u0454\u0442\u044c\u0441\u044f \u0437 \u0434\u0432\u043e\u043c\u0430 \u0432\u0430\u0440\u0456\u0430\u043d\u0442\u0430\u043c\u0438 \u043d\u0430\u043a\u043b\u0430\u0434\u0430\u043d\u043d\u044f. \u0412\u043e\u0434\u043e- \u0442\u0430 \u043f\u0438\u043b\u043e\u043d\u0435\u043f\u0440\u043e\u043d\u0438\u043a\u043d\u0456\u0441\u0442\u044c \u0437\u0430\u0431\u0435\u0437\u043f\u0435\u0447\u0443\u0454 \u043d\u0430\u0434\u0456\u0439\u043d\u0443 \u0440\u043e\u0431\u043e\u0442\u0443 \u0432 \u0441\u0443\u0432\u043e\u0440\u0438\u0445 \u0443\u043c\u043e\u0432\u0430\u0445, \u0430 \u043c\u0456\u0446\u043d\u0438\u0439 \u043a\u043e\u0440\u043f\u0443\u0441 \u0437 \u043d\u0435\u0440\u0436\u0430\u0432\u0456\u044e\u0447\u043e\u0457 \u0441\u0442\u0430\u043b\u0456 \u0433\u0430\u0440\u0430\u043d\u0442\u0443\u0454 \u0434\u043e\u0432\u0433\u043e\u0432\u0456\u0447\u043d\u0456\u0441\u0442\u044c. \u041a\u043e\u043c\u043f&#039;\u044e\u0442\u0435\u0440 \u043c\u043e\u0436\u043d\u0430 \u043d\u0430\u043b\u0430\u0448\u0442\u0443\u0432\u0430\u0442\u0438 \u0432\u0456\u0434\u043f\u043e\u0432\u0456\u0434\u043d\u043e \u0434\u043e \u0432\u0430\u0448\u0438\u0445 \u0456\u043d\u0434\u0438\u0432\u0456\u0434\u0443\u0430\u043b\u044c\u043d\u0438\u0445 \u043f\u043e\u0442\u0440\u0435\u0431, \u043d\u0430\u043b\u0430\u0448\u0442\u0443\u0432\u0430\u0432\u0448\u0438 \u0439\u043e\u0433\u043e \u0442\u043e\u0447\u043d\u043e \u0432\u0456\u0434\u043f\u043e\u0432\u0456\u0434\u043d\u043e \u0434\u043e \u0432\u0430\u0448\u0438\u0445 \u0441\u043f\u0435\u0446\u0438\u0444\u0456\u043a\u0430\u0446\u0456\u0439.<\/p>","protected":false},"featured_media":14582,"comment_status":"open","ping_status":"closed","template":"","meta":[],"product_brand":[],"product_cat":[40,246],"product_tag":[],"class_list":{"0":"post-14580","1":"product","2":"type-product","3":"status-publish","4":"has-post-thumbnail","6":"product_cat-komputery-panelowe","7":"product_cat-ze-stali-nierdzewnej","9":"first","10":"instock","11":"shipping-taxable","12":"purchasable","13":"product-type-variable"},"acf":[],"yoast_head":"<!-- This site is optimized with the Yoast SEO plugin v27.6 - https:\/\/yoast.com\/product\/yoast-seo-wordpress\/ -->\n<title>Komputer stal nierdzewna panelowy PI-15 | komputer przemys\u0142owy - IMAGO<\/title>\n<meta name=\"description\" content=\"Przemys\u0142owy komputer panelowy ze stali nierdzewnej PI-15 z 15&quot; ekranem. Gwarantuje odporno\u015b\u0107 na wod\u0119 i py\u0142 dzi\u0119ki IP65\/IP67 oraz szczelnym portom I\/O\" \/>\n<meta name=\"robots\" content=\"index, follow, max-snippet:-1, max-image-preview:large, max-video-preview:-1\" \/>\n<link rel=\"canonical\" href=\"https:\/\/imago-systems.com\/ua\/\u043f\u0440\u043e\u0434\u0443\u043a\u0442\/komputer-panelowy-pi-15-stal-nierdzewna\/\" \/>\n<meta property=\"og:locale\" content=\"uk_UA\" \/>\n<meta property=\"og:type\" content=\"article\" \/>\n<meta property=\"og:title\" content=\"Komputer stal nierdzewna panelowy PI-15 | komputer przemys\u0142owy - IMAGO\" \/>\n<meta property=\"og:description\" content=\"Przemys\u0142owy komputer panelowy ze stali nierdzewnej PI-15 z 15&quot; ekranem. Gwarantuje odporno\u015b\u0107 na wod\u0119 i py\u0142 dzi\u0119ki IP65\/IP67 oraz szczelnym portom I\/O\" \/>\n<meta property=\"og:url\" content=\"https:\/\/imago-systems.com\/ua\/\u043f\u0440\u043e\u0434\u0443\u043a\u0442\/komputer-panelowy-pi-15-stal-nierdzewna\/\" \/>\n<meta property=\"og:site_name\" content=\"IMAGO\" \/>\n<meta property=\"article:modified_time\" content=\"2026-04-23T13:14:46+00:00\" \/>\n<meta property=\"og:image\" content=\"https:\/\/imago-systems.com\/wp-content\/uploads\/2024\/10\/Panel-PC-PI-15-stal-nierdzewna-1.jpg\" \/>\n\t<meta property=\"og:image:width\" content=\"600\" \/>\n\t<meta property=\"og:image:height\" content=\"600\" \/>\n\t<meta property=\"og:image:type\" content=\"image\/jpeg\" \/>\n<meta name=\"twitter:card\" content=\"summary_large_image\" \/>\n<meta name=\"twitter:label1\" content=\"\u041f\u0440\u0438\u0431\u043b. \u0447\u0430\u0441 \u0447\u0438\u0442\u0430\u043d\u043d\u044f\" \/>\n\t<meta name=\"twitter:data1\" content=\"2 \u0445\u0432\u0438\u043b\u0438\u043d\u0438\" \/>\n<script type=\"application\/ld+json\" class=\"yoast-schema-graph\">{\"@context\":\"https:\\\/\\\/schema.org\",\"@graph\":[{\"@type\":\"WebPage\",\"@id\":\"https:\\\/\\\/imago-systems.com\\\/product\\\/komputer-panelowy-pi-15-stal-nierdzewna\\\/\",\"url\":\"https:\\\/\\\/imago-systems.com\\\/product\\\/komputer-panelowy-pi-15-stal-nierdzewna\\\/\",\"name\":\"Komputer stal nierdzewna panelowy PI-15 | komputer przemys\u0142owy - IMAGO\",\"isPartOf\":{\"@id\":\"https:\\\/\\\/imago-systems.com\\\/#website\"},\"primaryImageOfPage\":{\"@id\":\"https:\\\/\\\/imago-systems.com\\\/product\\\/komputer-panelowy-pi-15-stal-nierdzewna\\\/#primaryimage\"},\"image\":{\"@id\":\"https:\\\/\\\/imago-systems.com\\\/product\\\/komputer-panelowy-pi-15-stal-nierdzewna\\\/#primaryimage\"},\"thumbnailUrl\":\"https:\\\/\\\/imago-systems.com\\\/wp-content\\\/uploads\\\/2024\\\/10\\\/Panel-PC-PI-15-stal-nierdzewna-1.jpg\",\"datePublished\":\"2024-10-15T07:00:04+00:00\",\"dateModified\":\"2026-04-23T13:14:46+00:00\",\"description\":\"Przemys\u0142owy komputer panelowy ze stali nierdzewnej PI-15 z 15\\\" ekranem. Gwarantuje odporno\u015b\u0107 na wod\u0119 i py\u0142 dzi\u0119ki IP65\\\/IP67 oraz szczelnym portom I\\\/O\",\"breadcrumb\":{\"@id\":\"https:\\\/\\\/imago-systems.com\\\/product\\\/komputer-panelowy-pi-15-stal-nierdzewna\\\/#breadcrumb\"},\"inLanguage\":\"uk\",\"potentialAction\":[{\"@type\":\"ReadAction\",\"target\":[\"https:\\\/\\\/imago-systems.com\\\/product\\\/komputer-panelowy-pi-15-stal-nierdzewna\\\/\"]}]},{\"@type\":\"ImageObject\",\"inLanguage\":\"uk\",\"@id\":\"https:\\\/\\\/imago-systems.com\\\/product\\\/komputer-panelowy-pi-15-stal-nierdzewna\\\/#primaryimage\",\"url\":\"https:\\\/\\\/imago-systems.com\\\/wp-content\\\/uploads\\\/2024\\\/10\\\/Panel-PC-PI-15-stal-nierdzewna-1.jpg\",\"contentUrl\":\"https:\\\/\\\/imago-systems.com\\\/wp-content\\\/uploads\\\/2024\\\/10\\\/Panel-PC-PI-15-stal-nierdzewna-1.jpg\",\"width\":600,\"height\":600,\"caption\":\"Panel PC PI-15 stal nierdzewna\"},{\"@type\":\"BreadcrumbList\",\"@id\":\"https:\\\/\\\/imago-systems.com\\\/product\\\/komputer-panelowy-pi-15-stal-nierdzewna\\\/#breadcrumb\",\"itemListElement\":[{\"@type\":\"ListItem\",\"position\":1,\"name\":\"Home\",\"item\":\"https:\\\/\\\/imago-systems.com\\\/\"},{\"@type\":\"ListItem\",\"position\":2,\"name\":\"Shop\",\"item\":\"https:\\\/\\\/imago-systems.com\\\/shop\\\/\"},{\"@type\":\"ListItem\",\"position\":3,\"name\":\"Komputery panelowe\",\"item\":\"https:\\\/\\\/imago-systems.com\\\/product-category\\\/komputery-panelowe\\\/\"},{\"@type\":\"ListItem\",\"position\":4,\"name\":\"Komputer panelowy PI-15 stal nierdzewna \\\/ 15&#8243; 4:3\"}]},{\"@type\":\"WebSite\",\"@id\":\"https:\\\/\\\/imago-systems.com\\\/#website\",\"url\":\"https:\\\/\\\/imago-systems.com\\\/\",\"name\":\"IMAGO systems\",\"description\":\"Nowoczesne rozwi\u0105zania dla przemys\u0142u i handlu detalicznego.\",\"publisher\":{\"@id\":\"https:\\\/\\\/imago-systems.com\\\/#organization\"},\"alternateName\":\"IMAGO\",\"potentialAction\":[{\"@type\":\"SearchAction\",\"target\":{\"@type\":\"EntryPoint\",\"urlTemplate\":\"https:\\\/\\\/imago-systems.com\\\/?s={search_term_string}\"},\"query-input\":{\"@type\":\"PropertyValueSpecification\",\"valueRequired\":true,\"valueName\":\"search_term_string\"}}],\"inLanguage\":\"uk\"},{\"@type\":\"Organization\",\"@id\":\"https:\\\/\\\/imago-systems.com\\\/#organization\",\"name\":\"IMAGO Poland sp. z o.o.\",\"alternateName\":\"IMAGO\",\"url\":\"https:\\\/\\\/imago-systems.com\\\/\",\"logo\":{\"@type\":\"ImageObject\",\"inLanguage\":\"uk\",\"@id\":\"https:\\\/\\\/imago-systems.com\\\/#\\\/schema\\\/logo\\\/image\\\/\",\"url\":\"https:\\\/\\\/imago-systems.com\\\/wp-content\\\/uploads\\\/2024\\\/11\\\/cropped-cropped-cropped-IMAGO-LOGO-.jpg\",\"contentUrl\":\"https:\\\/\\\/imago-systems.com\\\/wp-content\\\/uploads\\\/2024\\\/11\\\/cropped-cropped-cropped-IMAGO-LOGO-.jpg\",\"width\":512,\"height\":512,\"caption\":\"IMAGO Poland sp. z o.o.\"},\"image\":{\"@id\":\"https:\\\/\\\/imago-systems.com\\\/#\\\/schema\\\/logo\\\/image\\\/\"},\"sameAs\":[\"https:\\\/\\\/www.linkedin.com\\\/company\\\/imago-poland\\\/\"]}]}<\/script>\n<!-- \/ Yoast SEO plugin. -->","yoast_head_json":{"title":"Komputer stal nierdzewna panelowy PI-15 | komputer przemys\u0142owy - IMAGO","description":"Przemys\u0142owy komputer panelowy ze stali nierdzewnej PI-15 z 15\" ekranem. Gwarantuje odporno\u015b\u0107 na wod\u0119 i py\u0142 dzi\u0119ki IP65\/IP67 oraz szczelnym portom I\/O","robots":{"index":"index","follow":"follow","max-snippet":"max-snippet:-1","max-image-preview":"max-image-preview:large","max-video-preview":"max-video-preview:-1"},"canonical":"https:\/\/imago-systems.com\/ua\/\u043f\u0440\u043e\u0434\u0443\u043a\u0442\/komputer-panelowy-pi-15-stal-nierdzewna\/","og_locale":"uk_UA","og_type":"article","og_title":"Komputer stal nierdzewna panelowy PI-15 | komputer przemys\u0142owy - IMAGO","og_description":"Przemys\u0142owy komputer panelowy ze stali nierdzewnej PI-15 z 15\" ekranem. Gwarantuje odporno\u015b\u0107 na wod\u0119 i py\u0142 dzi\u0119ki IP65\/IP67 oraz szczelnym portom I\/O","og_url":"https:\/\/imago-systems.com\/ua\/\u043f\u0440\u043e\u0434\u0443\u043a\u0442\/komputer-panelowy-pi-15-stal-nierdzewna\/","og_site_name":"IMAGO","article_modified_time":"2026-04-23T13:14:46+00:00","og_image":[{"width":600,"height":600,"url":"https:\/\/imago-systems.com\/wp-content\/uploads\/2024\/10\/Panel-PC-PI-15-stal-nierdzewna-1.jpg","type":"image\/jpeg"}],"twitter_card":"summary_large_image","twitter_misc":{"\u041f\u0440\u0438\u0431\u043b. \u0447\u0430\u0441 \u0447\u0438\u0442\u0430\u043d\u043d\u044f":"2 \u0445\u0432\u0438\u043b\u0438\u043d\u0438"},"schema":{"@context":"https:\/\/schema.org","@graph":[{"@type":"WebPage","@id":"https:\/\/imago-systems.com\/product\/komputer-panelowy-pi-15-stal-nierdzewna\/","url":"https:\/\/imago-systems.com\/product\/komputer-panelowy-pi-15-stal-nierdzewna\/","name":"Komputer stal nierdzewna panelowy PI-15 | komputer przemys\u0142owy - IMAGO","isPartOf":{"@id":"https:\/\/imago-systems.com\/#website"},"primaryImageOfPage":{"@id":"https:\/\/imago-systems.com\/product\/komputer-panelowy-pi-15-stal-nierdzewna\/#primaryimage"},"image":{"@id":"https:\/\/imago-systems.com\/product\/komputer-panelowy-pi-15-stal-nierdzewna\/#primaryimage"},"thumbnailUrl":"https:\/\/imago-systems.com\/wp-content\/uploads\/2024\/10\/Panel-PC-PI-15-stal-nierdzewna-1.jpg","datePublished":"2024-10-15T07:00:04+00:00","dateModified":"2026-04-23T13:14:46+00:00","description":"Przemys\u0142owy komputer panelowy ze stali nierdzewnej PI-15 z 15\" ekranem. Gwarantuje odporno\u015b\u0107 na wod\u0119 i py\u0142 dzi\u0119ki IP65\/IP67 oraz szczelnym portom I\/O","breadcrumb":{"@id":"https:\/\/imago-systems.com\/product\/komputer-panelowy-pi-15-stal-nierdzewna\/#breadcrumb"},"inLanguage":"uk","potentialAction":[{"@type":"ReadAction","target":["https:\/\/imago-systems.com\/product\/komputer-panelowy-pi-15-stal-nierdzewna\/"]}]},{"@type":"ImageObject","inLanguage":"uk","@id":"https:\/\/imago-systems.com\/product\/komputer-panelowy-pi-15-stal-nierdzewna\/#primaryimage","url":"https:\/\/imago-systems.com\/wp-content\/uploads\/2024\/10\/Panel-PC-PI-15-stal-nierdzewna-1.jpg","contentUrl":"https:\/\/imago-systems.com\/wp-content\/uploads\/2024\/10\/Panel-PC-PI-15-stal-nierdzewna-1.jpg","width":600,"height":600,"caption":"Panel PC PI-15 stal nierdzewna"},{"@type":"BreadcrumbList","@id":"https:\/\/imago-systems.com\/product\/komputer-panelowy-pi-15-stal-nierdzewna\/#breadcrumb","itemListElement":[{"@type":"ListItem","position":1,"name":"Home","item":"https:\/\/imago-systems.com\/"},{"@type":"ListItem","position":2,"name":"Shop","item":"https:\/\/imago-systems.com\/shop\/"},{"@type":"ListItem","position":3,"name":"Komputery panelowe","item":"https:\/\/imago-systems.com\/product-category\/komputery-panelowe\/"},{"@type":"ListItem","position":4,"name":"Komputer panelowy PI-15 stal nierdzewna \/ 15&#8243; 4:3"}]},{"@type":"WebSite","@id":"https:\/\/imago-systems.com\/#website","url":"https:\/\/imago-systems.com\/","name":"\u0421\u0438\u0441\u0442\u0435\u043c\u0438 IMAGO","description":"\u0421\u0443\u0447\u0430\u0441\u043d\u0456 \u0440\u0456\u0448\u0435\u043d\u043d\u044f \u0434\u043b\u044f \u043f\u0440\u043e\u043c\u0438\u0441\u043b\u043e\u0432\u043e\u0441\u0442\u0456 \u0442\u0430 \u0440\u043e\u0437\u0434\u0440\u0456\u0431\u043d\u043e\u0457 \u0442\u043e\u0440\u0433\u0456\u0432\u043b\u0456.","publisher":{"@id":"https:\/\/imago-systems.com\/#organization"},"alternateName":"IMAGO","potentialAction":[{"@type":"SearchAction","target":{"@type":"EntryPoint","urlTemplate":"https:\/\/imago-systems.com\/?s={search_term_string}"},"query-input":{"@type":"PropertyValueSpecification","valueRequired":true,"valueName":"search_term_string"}}],"inLanguage":"uk"},{"@type":"Organization","@id":"https:\/\/imago-systems.com\/#organization","name":"IMAGO \u041f\u043e\u043b\u044c\u0449\u0430, \u0442\u043e\u0432\u0430\u0440\u0438\u0441\u0442\u0432\u043e \u0437 \u043e\u0431\u043c\u0435\u0436\u0435\u043d\u043e\u044e \u0432\u0456\u0434\u043f\u043e\u0432\u0456\u0434\u0430\u043b\u044c\u043d\u0456\u0441\u0442\u044e","alternateName":"IMAGO","url":"https:\/\/imago-systems.com\/","logo":{"@type":"ImageObject","inLanguage":"uk","@id":"https:\/\/imago-systems.com\/#\/schema\/logo\/image\/","url":"https:\/\/imago-systems.com\/wp-content\/uploads\/2024\/11\/cropped-cropped-cropped-IMAGO-LOGO-.jpg","contentUrl":"https:\/\/imago-systems.com\/wp-content\/uploads\/2024\/11\/cropped-cropped-cropped-IMAGO-LOGO-.jpg","width":512,"height":512,"caption":"IMAGO Poland sp. z o.o."},"image":{"@id":"https:\/\/imago-systems.com\/#\/schema\/logo\/image\/"},"sameAs":["https:\/\/www.linkedin.com\/company\/imago-poland\/"]}]}},"_links":{"self":[{"href":"https:\/\/imago-systems.com\/ua\/wp-json\/wp\/v2\/product\/14580","targetHints":{"allow":["GET"]}}],"collection":[{"href":"https:\/\/imago-systems.com\/ua\/wp-json\/wp\/v2\/product"}],"about":[{"href":"https:\/\/imago-systems.com\/ua\/wp-json\/wp\/v2\/types\/product"}],"replies":[{"embeddable":true,"href":"https:\/\/imago-systems.com\/ua\/wp-json\/wp\/v2\/comments?post=14580"}],"wp:featuredmedia":[{"embeddable":true,"href":"https:\/\/imago-systems.com\/ua\/wp-json\/wp\/v2\/media\/14582"}],"wp:attachment":[{"href":"https:\/\/imago-systems.com\/ua\/wp-json\/wp\/v2\/media?parent=14580"}],"wp:term":[{"taxonomy":"product_brand","embeddable":true,"href":"https:\/\/imago-systems.com\/ua\/wp-json\/wp\/v2\/product_brand?post=14580"},{"taxonomy":"product_cat","embeddable":true,"href":"https:\/\/imago-systems.com\/ua\/wp-json\/wp\/v2\/product_cat?post=14580"},{"taxonomy":"product_tag","embeddable":true,"href":"https:\/\/imago-systems.com\/ua\/wp-json\/wp\/v2\/product_tag?post=14580"}],"curies":[{"name":"\u0412\u041f","href":"https:\/\/api.w.org\/{rel}","templated":true}]}}