{"id":14564,"date":"2024-10-11T15:57:26","date_gmt":"2024-10-11T12:57:26","guid":{"rendered":"http:\/\/imago-systems.com\/?post_type=product&#038;p=14564"},"modified":"2026-04-23T14:07:39","modified_gmt":"2026-04-23T13:07:39","slug":"%d0%bf%d0%b0%d0%bd%d0%b5%d0%bb%d1%8c%d0%bd%d0%b8%d0%b9-%d0%ba%d0%be%d0%bc%d0%bf%d1%8e%d1%82%d0%b5%d1%80-pi-16-%d0%b7-%d0%bd%d0%b5%d1%80%d0%b6%d0%b0%d0%b2%d1%96%d1%8e%d1%87%d0%be%d1%97-%d1%81","status":"publish","type":"product","link":"https:\/\/imago-systems.com\/ua\/%d0%bf%d1%80%d0%be%d0%b4%d1%83%d0%ba%d1%82\/%d0%bf%d0%b0%d0%bd%d0%b5%d0%bb%d1%8c%d0%bd%d0%b8%d0%b9-%d0%ba%d0%be%d0%bc%d0%bf%d1%8e%d1%82%d0%b5%d1%80-pi-16-%d0%b7-%d0%bd%d0%b5%d1%80%d0%b6%d0%b0%d0%b2%d1%96%d1%8e%d1%87%d0%be%d1%97-%d1%81\/","title":{"rendered":"\u041f\u0430\u043d\u0435\u043b\u044c\u043d\u0438\u0439 \u043a\u043e\u043c\u043f&#039;\u044e\u0442\u0435\u0440 PI-16 \u0437 \u043d\u0435\u0440\u0436\u0430\u0432\u0456\u044e\u0447\u043e\u0457 \u0441\u0442\u0430\u043b\u0456 \/ 15,6-\u0434\u044e\u0439\u043c\u043e\u0432\u0438\u0439 FHD"},"content":{"rendered":"<div class=\"flex-shrink-0 flex flex-col relative items-end\">\n<div class=\"pt-0\">Panele PI zosta\u0142y zaprojektowane jako niezawodne stanowiska operatorskie do pracy ci\u0105g\u0142ej w <strong>wymagaj\u0105cych warunkach przemys\u0142owych<\/strong>. Ich g\u0142\u00f3wn\u0105 rol\u0105 jest zapewnienie stabilnego dost\u0119pu do system\u00f3w i danych tam, gdzie przestoje nie wchodz\u0105 w gr\u0119.<\/div>\n<\/div>\n<div class=\"group\/conversation-turn relative flex w-full min-w-0 flex-col agent-turn\">\n<div class=\"flex-col gap-1 md:gap-3\">\n<div class=\"flex max-w-full flex-col flex-grow\">\n<div class=\"min-h-8 text-message flex w-full flex-col items-end gap-2 whitespace-normal break-words [.text-message+&amp;]:mt-5\" dir=\"auto\" data-message-author-role=\"assistant\" data-message-id=\"2dc09591-c82a-43e8-9aed-bfef03dade90\">\n<div class=\"flex w-full flex-col gap-1 empty:hidden first:pt-[3px]\">\n<div class=\"markdown prose w-full break-words dark:prose-invert light\">\n<div class=\"group\/conversation-turn relative flex w-full min-w-0 flex-col agent-turn\">\n<div class=\"flex-col gap-1 md:gap-3\">\n<div class=\"flex max-w-full flex-col flex-grow\">\n<div class=\"min-h-8 text-message flex w-full flex-col items-end gap-2 whitespace-normal break-words [.text-message+&amp;]:mt-5\" dir=\"auto\" data-message-author-role=\"assistant\" data-message-id=\"ae9d5b64-610f-40b4-863a-fb7e9cbba2b3\" data-message-model-slug=\"gpt-4o\">\n<div class=\"flex w-full flex-col gap-1 empty:hidden first:pt-[3px]\">\n<div class=\"markdown prose w-full break-words dark:prose-invert light\">\n<p data-start=\"1582\" data-end=\"1764\">Dzi\u0119ki szczelnej konstrukcji oraz odporno\u015bci na wilgo\u0107, py\u0142 i \u015brodki chemiczne urz\u0105dzenia mog\u0105 pracowa\u0107 w \u015brodowiskach o du\u017cej zmienno\u015bci warunk\u00f3w, od ch\u0142odni po strefy produkcyjne. Mo\u017cliwe jest r\u00f3wnie\u017c <strong>mycie pod wysokim ci\u015bnieniem<\/strong> &#8211; szczeg\u00f3lnie istotne tam, gdzie trzeba zachowa\u0107 wyj\u0105tkow\u0105 higien\u0119.<\/p>\n<p data-start=\"1766\" data-end=\"1803\"><strong>Najcz\u0119\u015bciej wykorzystywane s\u0105 jako:<\/strong><\/p>\n<ul data-start=\"1804\" data-end=\"1972\">\n<li data-section-id=\"j542xp\" data-start=\"1804\" data-end=\"1866\">interfejsy operatorskie (HMI) do obs\u0142ugi maszyn i proces\u00f3w<\/li>\n<li data-section-id=\"1remagd\" data-start=\"1867\" data-end=\"1930\">stanowiska dost\u0119pu do system\u00f3w produkcyjnych i magazynowych<\/li>\n<li data-section-id=\"1ms6qx2\" data-start=\"1931\" data-end=\"1972\">punkty kontroli i wprowadzania danych<\/li>\n<\/ul>\n<p data-start=\"1974\" data-end=\"2140\">Mo\u017cliwo\u015b\u0107 rozbudowy o dodatkowe modu\u0142y, takie jak czytniki RFID czy skanery kod\u00f3w, pozwala rozszerzy\u0107 ich funkcj\u0119 o identyfikacj\u0119 produkt\u00f3w, surowc\u00f3w lub pracownik\u00f3w.<\/p>\n<p data-start=\"1974\" data-end=\"2140\">\n<hr \/>\n<\/div>\n<\/div>\n<\/div>\n<\/div>\n<\/div>\n<\/div>\n<\/div>\n<\/div>\n<\/div>\n<\/div>\n<\/div>\n<\/div>\n<h2><strong>G\u0142\u00f3wne cechy panelu PI-16 ze stali nierdzewnej:<\/strong><\/h2>\n<ul>\n<li>15,6-calowy ekran LCD FULL HD z mo\u017cliwo\u015bci\u0105 wyboru dw\u00f3ch rodzaj\u00f3w nak\u0142adek: <strong>rezystancyjnej lub pojemno\u015bciowej.<\/strong><\/li>\n<li><strong>Odporno\u015b\u0107 na wod\u0119 i py\u0142<\/strong>, zapewniaj\u0105ca bezawaryjn\u0105 prac\u0119 w trudnych warunkach.<\/li>\n<li>Dost\u0119pne procesory: <strong>Intel Core i5<\/strong> r\u00f3\u017cnych generacji oraz <strong>Intel Core N97<\/strong><\/li>\n<li>Obudowa: <strong>stal nierdzewna<\/strong>.<\/li>\n<li>Dodatkowe akcesoria: <strong>czytniki RFID, 2D, NFC<\/strong>.<\/li>\n<li><strong>Uszczelnione porty I\/O<\/strong>.<\/li>\n<li>Zasilanie <strong>m12.<\/strong><\/li>\n<li>Opcja wyposa\u017cenia w <strong>przetwornic\u0119<\/strong>.<\/li>\n<\/ul>\n<p>&nbsp;<\/p>\n<div class=\"flex max-w-full flex-col flex-grow\">\n<div class=\"min-h-8 text-message flex w-full flex-col items-end gap-2 whitespace-normal break-words [.text-message+&amp;]:mt-5\" dir=\"auto\" data-message-author-role=\"assistant\" data-message-id=\"ae9d5b64-610f-40b4-863a-fb7e9cbba2b3\" data-message-model-slug=\"gpt-4o\">\n<div class=\"flex w-full flex-col gap-1 empty:hidden first:pt-[3px]\">\n<div class=\"markdown prose w-full break-words dark:prose-invert light\">\n<h3>Wybierz <strong><a href=\"https:\/\/imago-systems.com\/product-category\/komputery-panelowe\/\">komputery panelowe<\/a> PI<\/strong> dla niezawodno\u015bci i elastyczno\u015bci w przemy\u015ble!<\/h3>\n<\/div>\n<\/div>\n<\/div>\n<\/div>\n<p>&nbsp;<\/p>\n","protected":false},"excerpt":{"rendered":"<p><a href=\"https:\/\/imago-systems.com\/ua\/%d0%ba%d0%b0%d1%82%d0%b5%d0%b3%d0%be%d1%80%d1%96%d1%8f-%d0%bf%d1%80%d0%be%d0%b4%d1%83%d0%ba%d1%82%d1%83\/%d0%bf%d0%b0%d0%bd%d0%b5%d0%bb%d1%8c%d0%bd%d1%96-%d0%ba%d0%be%d0%bc%d0%bf%d1%8e%d1%82%d0%b5%d1%80%d0%b8\/\">\u041f\u0440\u043e\u043c\u0438\u0441\u043b\u043e\u0432\u0438\u0439 \u043f\u0430\u043d\u0435\u043b\u044c\u043d\u0438\u0439 \u043a\u043e\u043c\u043f&#039;\u044e\u0442\u0435\u0440<\/a> PI-16 \u043e\u0441\u043d\u0430\u0449\u0435\u043d\u0438\u0439 15,6-\u0434\u044e\u0439\u043c\u043e\u0432\u0438\u043c \u0435\u043a\u0440\u0430\u043d\u043e\u043c, \u0434\u0432\u043e\u043c\u0430 \u0432\u0430\u0440\u0456\u0430\u043d\u0442\u0430\u043c\u0438 \u043d\u0430\u043a\u043b\u0430\u0434\u0430\u043d\u043d\u044f \u0442\u0430 \u0441\u0442\u0443\u043f\u0435\u043d\u0435\u043c \u0437\u0430\u0445\u0438\u0441\u0442\u0443 IP65\/IP67. \u0412\u043e\u0434\u043e- \u0442\u0430 \u043f\u0438\u043b\u043e\u043d\u0435\u043f\u0440\u043e\u043d\u0438\u043a\u043d\u0456\u0441\u0442\u044c \u0437\u0430\u0431\u0435\u0437\u043f\u0435\u0447\u0443\u0454 \u043d\u0430\u0434\u0456\u0439\u043d\u0443 \u0440\u043e\u0431\u043e\u0442\u0443 \u0432 \u0441\u0443\u0432\u043e\u0440\u0438\u0445 \u0443\u043c\u043e\u0432\u0430\u0445, \u0430 \u043c\u0456\u0446\u043d\u0438\u0439 \u043a\u043e\u0440\u043f\u0443\u0441 \u0437 \u043d\u0435\u0440\u0436\u0430\u0432\u0456\u044e\u0447\u043e\u0457 \u0441\u0442\u0430\u043b\u0456 \u0433\u0430\u0440\u0430\u043d\u0442\u0443\u0454 \u0442\u0440\u0438\u0432\u0430\u043b\u0438\u0439 \u0442\u0435\u0440\u043c\u0456\u043d \u0441\u043b\u0443\u0436\u0431\u0438. \u041f\u0430\u043d\u0435\u043b\u044c PI \u043c\u043e\u0436\u043d\u0430 \u043d\u0430\u043b\u0430\u0448\u0442\u0443\u0432\u0430\u0442\u0438 \u0432\u0456\u0434\u043f\u043e\u0432\u0456\u0434\u043d\u043e \u0434\u043e \u0432\u0430\u0448\u0438\u0445 \u0456\u043d\u0434\u0438\u0432\u0456\u0434\u0443\u0430\u043b\u044c\u043d\u0438\u0445 \u043f\u043e\u0442\u0440\u0435\u0431, \u0449\u043e \u0434\u043e\u0437\u0432\u043e\u043b\u0438\u0442\u044c \u0432\u0430\u043c \u043d\u0430\u043b\u0430\u0448\u0442\u0443\u0432\u0430\u0442\u0438 \u0457\u0457 \u0432\u0456\u0434\u043f\u043e\u0432\u0456\u0434\u043d\u043e \u0434\u043e \u0432\u0430\u0448\u0438\u0445 \u0441\u043f\u0435\u0446\u0438\u0444\u0456\u043a\u0430\u0446\u0456\u0439.<\/p>","protected":false},"featured_media":14567,"comment_status":"open","ping_status":"closed","template":"","meta":[],"product_brand":[],"product_cat":[40,246],"product_tag":[],"class_list":{"0":"post-14564","1":"product","2":"type-product","3":"status-publish","4":"has-post-thumbnail","6":"product_cat-komputery-panelowe","7":"product_cat-ze-stali-nierdzewnej","9":"first","10":"instock","11":"shipping-taxable","12":"purchasable","13":"product-type-variable"},"acf":[],"yoast_head":"<!-- This site is optimized with the Yoast SEO plugin v27.6 - https:\/\/yoast.com\/product\/yoast-seo-wordpress\/ -->\n<title>Przemys\u0142owy komputer panelowy PI-16 | 15.6 &quot; | IP65 | IP67 - IMAGO<\/title>\n<meta name=\"description\" content=\"Komputer panelowy PI-16 z 15,6&quot; ekranem i IP65 \/ IP67. Gwarantuj\u0105 odporno\u015b\u0107 na wod\u0119 i py\u0142, co zapewnia bezawaryjn\u0105 prac\u0119 w wymagaj\u0105cych warunkach.\" \/>\n<meta name=\"robots\" content=\"index, follow, max-snippet:-1, max-image-preview:large, max-video-preview:-1\" \/>\n<link rel=\"canonical\" href=\"https:\/\/imago-systems.com\/ua\/\u043f\u0440\u043e\u0434\u0443\u043a\u0442\/\u043f\u0430\u043d\u0435\u043b\u044c\u043d\u0438\u0439-\u043a\u043e\u043c\u043f\u044e\u0442\u0435\u0440-pi-16-\u0437-\u043d\u0435\u0440\u0436\u0430\u0432\u0456\u044e\u0447\u043e\u0457-\u0441\/\" \/>\n<meta property=\"og:locale\" content=\"uk_UA\" \/>\n<meta property=\"og:type\" content=\"article\" \/>\n<meta property=\"og:title\" content=\"Przemys\u0142owy komputer panelowy PI-16 | 15.6 &quot; | IP65 | IP67 - IMAGO\" \/>\n<meta property=\"og:description\" content=\"Komputer panelowy PI-16 z 15,6&quot; ekranem i IP65 \/ IP67. Gwarantuj\u0105 odporno\u015b\u0107 na wod\u0119 i py\u0142, co zapewnia bezawaryjn\u0105 prac\u0119 w wymagaj\u0105cych warunkach.\" \/>\n<meta property=\"og:url\" content=\"https:\/\/imago-systems.com\/ua\/\u043f\u0440\u043e\u0434\u0443\u043a\u0442\/\u043f\u0430\u043d\u0435\u043b\u044c\u043d\u0438\u0439-\u043a\u043e\u043c\u043f\u044e\u0442\u0435\u0440-pi-16-\u0437-\u043d\u0435\u0440\u0436\u0430\u0432\u0456\u044e\u0447\u043e\u0457-\u0441\/\" \/>\n<meta property=\"og:site_name\" content=\"IMAGO\" \/>\n<meta property=\"article:modified_time\" content=\"2026-04-23T13:07:39+00:00\" \/>\n<meta property=\"og:image\" content=\"https:\/\/imago-systems.com\/wp-content\/uploads\/2024\/10\/Panel-PC-PI-16-stal-nierdzewna-2.jpg\" \/>\n\t<meta property=\"og:image:width\" content=\"600\" \/>\n\t<meta property=\"og:image:height\" content=\"600\" \/>\n\t<meta property=\"og:image:type\" content=\"image\/jpeg\" \/>\n<meta name=\"twitter:card\" content=\"summary_large_image\" \/>\n<meta name=\"twitter:label1\" content=\"\u041f\u0440\u0438\u0431\u043b. \u0447\u0430\u0441 \u0447\u0438\u0442\u0430\u043d\u043d\u044f\" \/>\n\t<meta name=\"twitter:data1\" content=\"2 \u0445\u0432\u0438\u043b\u0438\u043d\u0438\" \/>\n<script type=\"application\/ld+json\" class=\"yoast-schema-graph\">{\"@context\":\"https:\\\/\\\/schema.org\",\"@graph\":[{\"@type\":\"WebPage\",\"@id\":\"https:\\\/\\\/imago-systems.com\\\/product\\\/komputer-panelowy-pi-16-stal-nierdzewna\\\/\",\"url\":\"https:\\\/\\\/imago-systems.com\\\/product\\\/komputer-panelowy-pi-16-stal-nierdzewna\\\/\",\"name\":\"Przemys\u0142owy komputer panelowy PI-16 | 15.6 \\\" | IP65 | IP67 - IMAGO\",\"isPartOf\":{\"@id\":\"https:\\\/\\\/imago-systems.com\\\/#website\"},\"primaryImageOfPage\":{\"@id\":\"https:\\\/\\\/imago-systems.com\\\/product\\\/komputer-panelowy-pi-16-stal-nierdzewna\\\/#primaryimage\"},\"image\":{\"@id\":\"https:\\\/\\\/imago-systems.com\\\/product\\\/komputer-panelowy-pi-16-stal-nierdzewna\\\/#primaryimage\"},\"thumbnailUrl\":\"https:\\\/\\\/imago-systems.com\\\/wp-content\\\/uploads\\\/2024\\\/10\\\/Panel-PC-PI-16-stal-nierdzewna-2.jpg\",\"datePublished\":\"2024-10-11T12:57:26+00:00\",\"dateModified\":\"2026-04-23T13:07:39+00:00\",\"description\":\"Komputer panelowy PI-16 z 15,6\\\" ekranem i IP65 \\\/ IP67. Gwarantuj\u0105 odporno\u015b\u0107 na wod\u0119 i py\u0142, co zapewnia bezawaryjn\u0105 prac\u0119 w wymagaj\u0105cych warunkach.\",\"breadcrumb\":{\"@id\":\"https:\\\/\\\/imago-systems.com\\\/product\\\/komputer-panelowy-pi-16-stal-nierdzewna\\\/#breadcrumb\"},\"inLanguage\":\"uk\",\"potentialAction\":[{\"@type\":\"ReadAction\",\"target\":[\"https:\\\/\\\/imago-systems.com\\\/product\\\/komputer-panelowy-pi-16-stal-nierdzewna\\\/\"]}]},{\"@type\":\"ImageObject\",\"inLanguage\":\"uk\",\"@id\":\"https:\\\/\\\/imago-systems.com\\\/product\\\/komputer-panelowy-pi-16-stal-nierdzewna\\\/#primaryimage\",\"url\":\"https:\\\/\\\/imago-systems.com\\\/wp-content\\\/uploads\\\/2024\\\/10\\\/Panel-PC-PI-16-stal-nierdzewna-2.jpg\",\"contentUrl\":\"https:\\\/\\\/imago-systems.com\\\/wp-content\\\/uploads\\\/2024\\\/10\\\/Panel-PC-PI-16-stal-nierdzewna-2.jpg\",\"width\":600,\"height\":600,\"caption\":\"Komputer IP65 IP67 stal nierdzewna\"},{\"@type\":\"BreadcrumbList\",\"@id\":\"https:\\\/\\\/imago-systems.com\\\/product\\\/komputer-panelowy-pi-16-stal-nierdzewna\\\/#breadcrumb\",\"itemListElement\":[{\"@type\":\"ListItem\",\"position\":1,\"name\":\"Home\",\"item\":\"https:\\\/\\\/imago-systems.com\\\/\"},{\"@type\":\"ListItem\",\"position\":2,\"name\":\"Shop\",\"item\":\"https:\\\/\\\/imago-systems.com\\\/shop\\\/\"},{\"@type\":\"ListItem\",\"position\":3,\"name\":\"Komputery panelowe\",\"item\":\"https:\\\/\\\/imago-systems.com\\\/product-category\\\/komputery-panelowe\\\/\"},{\"@type\":\"ListItem\",\"position\":4,\"name\":\"Komputer panelowy PI-16 stal nierdzewna \\\/ 15,6&#8243; FHD\"}]},{\"@type\":\"WebSite\",\"@id\":\"https:\\\/\\\/imago-systems.com\\\/#website\",\"url\":\"https:\\\/\\\/imago-systems.com\\\/\",\"name\":\"IMAGO systems\",\"description\":\"Nowoczesne rozwi\u0105zania dla przemys\u0142u i handlu detalicznego.\",\"publisher\":{\"@id\":\"https:\\\/\\\/imago-systems.com\\\/#organization\"},\"alternateName\":\"IMAGO\",\"potentialAction\":[{\"@type\":\"SearchAction\",\"target\":{\"@type\":\"EntryPoint\",\"urlTemplate\":\"https:\\\/\\\/imago-systems.com\\\/?s={search_term_string}\"},\"query-input\":{\"@type\":\"PropertyValueSpecification\",\"valueRequired\":true,\"valueName\":\"search_term_string\"}}],\"inLanguage\":\"uk\"},{\"@type\":\"Organization\",\"@id\":\"https:\\\/\\\/imago-systems.com\\\/#organization\",\"name\":\"IMAGO Poland sp. z o.o.\",\"alternateName\":\"IMAGO\",\"url\":\"https:\\\/\\\/imago-systems.com\\\/\",\"logo\":{\"@type\":\"ImageObject\",\"inLanguage\":\"uk\",\"@id\":\"https:\\\/\\\/imago-systems.com\\\/#\\\/schema\\\/logo\\\/image\\\/\",\"url\":\"https:\\\/\\\/imago-systems.com\\\/wp-content\\\/uploads\\\/2024\\\/11\\\/cropped-cropped-cropped-IMAGO-LOGO-.jpg\",\"contentUrl\":\"https:\\\/\\\/imago-systems.com\\\/wp-content\\\/uploads\\\/2024\\\/11\\\/cropped-cropped-cropped-IMAGO-LOGO-.jpg\",\"width\":512,\"height\":512,\"caption\":\"IMAGO Poland sp. z o.o.\"},\"image\":{\"@id\":\"https:\\\/\\\/imago-systems.com\\\/#\\\/schema\\\/logo\\\/image\\\/\"},\"sameAs\":[\"https:\\\/\\\/www.linkedin.com\\\/company\\\/imago-poland\\\/\"]}]}<\/script>\n<!-- \/ Yoast SEO plugin. -->","yoast_head_json":{"title":"\u041f\u0440\u043e\u043c\u0438\u0441\u043b\u043e\u0432\u0438\u0439 \u043f\u0430\u043d\u0435\u043b\u044c\u043d\u0438\u0439 \u043a\u043e\u043c\u043f&#039;\u044e\u0442\u0435\u0440 PI-16 | 15.6 &quot; | IP65 | IP67 - IMAGO","description":"\u041f\u0430\u043d\u0435\u043b\u044c\u043d\u0438\u0439 \u043a\u043e\u043c\u043f&#039;\u044e\u0442\u0435\u0440 PI-16 \u0437 \u0435\u043a\u0440\u0430\u043d\u043e\u043c 15,6 \u0434\u044e\u0439\u043c\u0430 \u0442\u0430 \u043a\u043b\u0430\u0441\u043e\u043c \u0437\u0430\u0445\u0438\u0441\u0442\u0443 IP65\/IP67 \u0433\u0430\u0440\u0430\u043d\u0442\u0443\u0454 \u0437\u0430\u0445\u0438\u0441\u0442 \u0432\u0456\u0434 \u0432\u043e\u0434\u0438 \u0442\u0430 \u043f\u0438\u043b\u0443, \u0437\u0430\u0431\u0435\u0437\u043f\u0435\u0447\u0443\u044e\u0447\u0438 \u0431\u0435\u0437\u043f\u0435\u0440\u0435\u0431\u0456\u0439\u043d\u0443 \u0440\u043e\u0431\u043e\u0442\u0443 \u0432 \u0441\u043a\u043b\u0430\u0434\u043d\u0438\u0445 \u0443\u043c\u043e\u0432\u0430\u0445.","robots":{"index":"index","follow":"follow","max-snippet":"max-snippet:-1","max-image-preview":"max-image-preview:large","max-video-preview":"max-video-preview:-1"},"canonical":"https:\/\/imago-systems.com\/ua\/\u043f\u0440\u043e\u0434\u0443\u043a\u0442\/\u043f\u0430\u043d\u0435\u043b\u044c\u043d\u0438\u0439-\u043a\u043e\u043c\u043f\u044e\u0442\u0435\u0440-pi-16-\u0437-\u043d\u0435\u0440\u0436\u0430\u0432\u0456\u044e\u0447\u043e\u0457-\u0441\/","og_locale":"uk_UA","og_type":"article","og_title":"Przemys\u0142owy komputer panelowy PI-16 | 15.6 \" | IP65 | IP67 - IMAGO","og_description":"Komputer panelowy PI-16 z 15,6\" ekranem i IP65 \/ IP67. Gwarantuj\u0105 odporno\u015b\u0107 na wod\u0119 i py\u0142, co zapewnia bezawaryjn\u0105 prac\u0119 w wymagaj\u0105cych warunkach.","og_url":"https:\/\/imago-systems.com\/ua\/\u043f\u0440\u043e\u0434\u0443\u043a\u0442\/\u043f\u0430\u043d\u0435\u043b\u044c\u043d\u0438\u0439-\u043a\u043e\u043c\u043f\u044e\u0442\u0435\u0440-pi-16-\u0437-\u043d\u0435\u0440\u0436\u0430\u0432\u0456\u044e\u0447\u043e\u0457-\u0441\/","og_site_name":"IMAGO","article_modified_time":"2026-04-23T13:07:39+00:00","og_image":[{"width":600,"height":600,"url":"https:\/\/imago-systems.com\/wp-content\/uploads\/2024\/10\/Panel-PC-PI-16-stal-nierdzewna-2.jpg","type":"image\/jpeg"}],"twitter_card":"summary_large_image","twitter_misc":{"\u041f\u0440\u0438\u0431\u043b. \u0447\u0430\u0441 \u0447\u0438\u0442\u0430\u043d\u043d\u044f":"2 \u0445\u0432\u0438\u043b\u0438\u043d\u0438"},"schema":{"@context":"https:\/\/schema.org","@graph":[{"@type":"WebPage","@id":"https:\/\/imago-systems.com\/product\/komputer-panelowy-pi-16-stal-nierdzewna\/","url":"https:\/\/imago-systems.com\/product\/komputer-panelowy-pi-16-stal-nierdzewna\/","name":"\u041f\u0440\u043e\u043c\u0438\u0441\u043b\u043e\u0432\u0438\u0439 \u043f\u0430\u043d\u0435\u043b\u044c\u043d\u0438\u0439 \u043a\u043e\u043c\u043f&#039;\u044e\u0442\u0435\u0440 PI-16 | 15.6 &quot; | IP65 | IP67 - IMAGO","isPartOf":{"@id":"https:\/\/imago-systems.com\/#website"},"primaryImageOfPage":{"@id":"https:\/\/imago-systems.com\/product\/komputer-panelowy-pi-16-stal-nierdzewna\/#primaryimage"},"image":{"@id":"https:\/\/imago-systems.com\/product\/komputer-panelowy-pi-16-stal-nierdzewna\/#primaryimage"},"thumbnailUrl":"https:\/\/imago-systems.com\/wp-content\/uploads\/2024\/10\/Panel-PC-PI-16-stal-nierdzewna-2.jpg","datePublished":"2024-10-11T12:57:26+00:00","dateModified":"2026-04-23T13:07:39+00:00","description":"\u041f\u0430\u043d\u0435\u043b\u044c\u043d\u0438\u0439 \u043a\u043e\u043c\u043f&#039;\u044e\u0442\u0435\u0440 PI-16 \u0437 \u0435\u043a\u0440\u0430\u043d\u043e\u043c 15,6 \u0434\u044e\u0439\u043c\u0430 \u0442\u0430 \u043a\u043b\u0430\u0441\u043e\u043c \u0437\u0430\u0445\u0438\u0441\u0442\u0443 IP65\/IP67 \u0433\u0430\u0440\u0430\u043d\u0442\u0443\u0454 \u0437\u0430\u0445\u0438\u0441\u0442 \u0432\u0456\u0434 \u0432\u043e\u0434\u0438 \u0442\u0430 \u043f\u0438\u043b\u0443, \u0437\u0430\u0431\u0435\u0437\u043f\u0435\u0447\u0443\u044e\u0447\u0438 \u0431\u0435\u0437\u043f\u0435\u0440\u0435\u0431\u0456\u0439\u043d\u0443 \u0440\u043e\u0431\u043e\u0442\u0443 \u0432 \u0441\u043a\u043b\u0430\u0434\u043d\u0438\u0445 \u0443\u043c\u043e\u0432\u0430\u0445.","breadcrumb":{"@id":"https:\/\/imago-systems.com\/product\/komputer-panelowy-pi-16-stal-nierdzewna\/#breadcrumb"},"inLanguage":"uk","potentialAction":[{"@type":"ReadAction","target":["https:\/\/imago-systems.com\/product\/komputer-panelowy-pi-16-stal-nierdzewna\/"]}]},{"@type":"ImageObject","inLanguage":"uk","@id":"https:\/\/imago-systems.com\/product\/komputer-panelowy-pi-16-stal-nierdzewna\/#primaryimage","url":"https:\/\/imago-systems.com\/wp-content\/uploads\/2024\/10\/Panel-PC-PI-16-stal-nierdzewna-2.jpg","contentUrl":"https:\/\/imago-systems.com\/wp-content\/uploads\/2024\/10\/Panel-PC-PI-16-stal-nierdzewna-2.jpg","width":600,"height":600,"caption":"Komputer IP65 IP67 stal nierdzewna"},{"@type":"BreadcrumbList","@id":"https:\/\/imago-systems.com\/product\/komputer-panelowy-pi-16-stal-nierdzewna\/#breadcrumb","itemListElement":[{"@type":"ListItem","position":1,"name":"Home","item":"https:\/\/imago-systems.com\/"},{"@type":"ListItem","position":2,"name":"Shop","item":"https:\/\/imago-systems.com\/shop\/"},{"@type":"ListItem","position":3,"name":"Komputery panelowe","item":"https:\/\/imago-systems.com\/product-category\/komputery-panelowe\/"},{"@type":"ListItem","position":4,"name":"Komputer panelowy PI-16 stal nierdzewna \/ 15,6&#8243; FHD"}]},{"@type":"WebSite","@id":"https:\/\/imago-systems.com\/#website","url":"https:\/\/imago-systems.com\/","name":"\u0421\u0438\u0441\u0442\u0435\u043c\u0438 IMAGO","description":"\u0421\u0443\u0447\u0430\u0441\u043d\u0456 \u0440\u0456\u0448\u0435\u043d\u043d\u044f \u0434\u043b\u044f \u043f\u0440\u043e\u043c\u0438\u0441\u043b\u043e\u0432\u043e\u0441\u0442\u0456 \u0442\u0430 \u0440\u043e\u0437\u0434\u0440\u0456\u0431\u043d\u043e\u0457 \u0442\u043e\u0440\u0433\u0456\u0432\u043b\u0456.","publisher":{"@id":"https:\/\/imago-systems.com\/#organization"},"alternateName":"IMAGO","potentialAction":[{"@type":"SearchAction","target":{"@type":"EntryPoint","urlTemplate":"https:\/\/imago-systems.com\/?s={search_term_string}"},"query-input":{"@type":"PropertyValueSpecification","valueRequired":true,"valueName":"search_term_string"}}],"inLanguage":"uk"},{"@type":"Organization","@id":"https:\/\/imago-systems.com\/#organization","name":"IMAGO \u041f\u043e\u043b\u044c\u0449\u0430, \u0442\u043e\u0432\u0430\u0440\u0438\u0441\u0442\u0432\u043e \u0437 \u043e\u0431\u043c\u0435\u0436\u0435\u043d\u043e\u044e \u0432\u0456\u0434\u043f\u043e\u0432\u0456\u0434\u0430\u043b\u044c\u043d\u0456\u0441\u0442\u044e","alternateName":"IMAGO","url":"https:\/\/imago-systems.com\/","logo":{"@type":"ImageObject","inLanguage":"uk","@id":"https:\/\/imago-systems.com\/#\/schema\/logo\/image\/","url":"https:\/\/imago-systems.com\/wp-content\/uploads\/2024\/11\/cropped-cropped-cropped-IMAGO-LOGO-.jpg","contentUrl":"https:\/\/imago-systems.com\/wp-content\/uploads\/2024\/11\/cropped-cropped-cropped-IMAGO-LOGO-.jpg","width":512,"height":512,"caption":"IMAGO Poland sp. z o.o."},"image":{"@id":"https:\/\/imago-systems.com\/#\/schema\/logo\/image\/"},"sameAs":["https:\/\/www.linkedin.com\/company\/imago-poland\/"]}]}},"_links":{"self":[{"href":"https:\/\/imago-systems.com\/ua\/wp-json\/wp\/v2\/product\/14564","targetHints":{"allow":["GET"]}}],"collection":[{"href":"https:\/\/imago-systems.com\/ua\/wp-json\/wp\/v2\/product"}],"about":[{"href":"https:\/\/imago-systems.com\/ua\/wp-json\/wp\/v2\/types\/product"}],"replies":[{"embeddable":true,"href":"https:\/\/imago-systems.com\/ua\/wp-json\/wp\/v2\/comments?post=14564"}],"wp:featuredmedia":[{"embeddable":true,"href":"https:\/\/imago-systems.com\/ua\/wp-json\/wp\/v2\/media\/14567"}],"wp:attachment":[{"href":"https:\/\/imago-systems.com\/ua\/wp-json\/wp\/v2\/media?parent=14564"}],"wp:term":[{"taxonomy":"product_brand","embeddable":true,"href":"https:\/\/imago-systems.com\/ua\/wp-json\/wp\/v2\/product_brand?post=14564"},{"taxonomy":"product_cat","embeddable":true,"href":"https:\/\/imago-systems.com\/ua\/wp-json\/wp\/v2\/product_cat?post=14564"},{"taxonomy":"product_tag","embeddable":true,"href":"https:\/\/imago-systems.com\/ua\/wp-json\/wp\/v2\/product_tag?post=14564"}],"curies":[{"name":"\u0412\u041f","href":"https:\/\/api.w.org\/{rel}","templated":true}]}}