{"id":14492,"date":"2024-10-08T14:22:55","date_gmt":"2024-10-08T11:22:55","guid":{"rendered":"http:\/\/imago-systems.com\/?post_type=product&#038;p=14492"},"modified":"2026-04-23T09:46:38","modified_gmt":"2026-04-23T08:46:38","slug":"komputer-panelowy-dsp-22-kds","status":"publish","type":"product","link":"https:\/\/imago-systems.com\/ua\/%d0%bf%d1%80%d0%be%d0%b4%d1%83%d0%ba%d1%82\/komputer-panelowy-dsp-22-kds\/","title":{"rendered":"DSP-22 (KDS) \/ 21,5-\u0434\u044e\u0439\u043c\u043e\u0432\u0438\u0439 \u043f\u0430\u043d\u0435\u043b\u044c\u043d\u0438\u0439 \u043a\u043e\u043c\u043f&#039;\u044e\u0442\u0435\u0440 FHD"},"content":{"rendered":"<div class=\"flex-shrink-0 flex flex-col relative items-end\">\n<div class=\"pt-0\">\n<div class=\"gizmo-bot-avatar flex h-8 w-8 items-center justify-center overflow-hidden rounded-full\">\n<p data-start=\"2415\" data-end=\"2653\">Panele DSP s\u0105 cz\u0119sto wdra\u017cane jako cz\u0119\u015b\u0107 <strong>system\u00f3w KDS (Kitchen Display System)<\/strong>, zintegrowanych bezpo\u015brednio z systemem POS. Oznacza to, \u017ce zam\u00f3wienie z\u0142o\u017cone przez klienta trafia natychmiast na ekran kuchenny, bez po\u015brednik\u00f3w i op\u00f3\u017anie\u0144.<\/p>\n<p data-start=\"2655\" data-end=\"2875\">Na ekranie widoczna jest pe\u0142na informacja o zam\u00f3wieniu, jego statusie oraz kolejno\u015bci realizacji. Zesp\u00f3\u0142 mo\u017ce na bie\u017c\u0105co aktualizowa\u0107 post\u0119p pracy, co u\u0142atwia koordynacj\u0119 mi\u0119dzy stanowiskami i minimalizuje ryzyko b\u0142\u0119d\u00f3w.<\/p>\n<p data-start=\"2877\" data-end=\"2969\"><strong>To samo podej\u015bcie sprawdza si\u0119 w innych \u015brodowiskach, gdzie liczy si\u0119 przep\u0142yw informacji:<\/strong><\/p>\n<ul data-start=\"2970\" data-end=\"3161\">\n<li data-section-id=\"ifp6ww\" data-start=\"2970\" data-end=\"3031\">w produkcji &#8211; jako dost\u0119p do system\u00f3w i kontrola proces\u00f3w<\/li>\n<li data-section-id=\"oqwt0i\" data-start=\"3032\" data-end=\"3090\">w logistyce &#8211; jako punkt pracy z danymi i zam\u00f3wieniami<\/li>\n<li data-section-id=\"1vexutq\" data-start=\"3091\" data-end=\"3161\">w retailu &#8211; jako element stanowisk sprzeda\u017cowych i samoobs\u0142ugowych<\/li>\n<\/ul>\n<p data-start=\"3163\" data-end=\"3239\">\n<\/div>\n<\/div>\n<\/div>\n<div class=\"group\/conversation-turn relative flex w-full min-w-0 flex-col agent-turn\">\n<div class=\"flex-col gap-1 md:gap-3\">\n<div class=\"flex max-w-full flex-col flex-grow\">\n<div class=\"min-h-8 text-message flex w-full flex-col items-end gap-2 whitespace-normal break-words [.text-message+&amp;]:mt-5\" dir=\"auto\" data-message-author-role=\"assistant\" data-message-id=\"4212109a-0f38-4b1d-b2e8-354c835d1a88\">\n<div class=\"flex w-full flex-col gap-1 empty:hidden first:pt-[3px]\">\n<div class=\"markdown prose w-full break-words dark:prose-invert light\">\n<hr \/>\n<\/div>\n<\/div>\n<\/div>\n<\/div>\n<\/div>\n<\/div>\n<div class=\"group\/conversation-turn relative flex w-full min-w-0 flex-col agent-turn\">\n<div class=\"flex-col gap-1 md:gap-3\">\n<div class=\"flex max-w-full flex-col flex-grow\">\n<div class=\"min-h-8 text-message flex w-full flex-col items-end gap-2 whitespace-normal break-words [.text-message+&amp;]:mt-5\" dir=\"auto\" data-message-author-role=\"assistant\" data-message-id=\"4212109a-0f38-4b1d-b2e8-354c835d1a88\">\n<div class=\"flex w-full flex-col gap-1 empty:hidden first:pt-[3px]\">\n<div class=\"markdown prose w-full break-words dark:prose-invert light\">\n<h2><strong>Kluczowe cechy Panelu DSP-22:<\/strong><\/h2>\n<ul>\n<li><strong>21,5-calowy ekran TFT-LCD<\/strong> \/ 1920&#215;1080 (pod\u015bwietlenie LED).<\/li>\n<li>Dwie technologie dotykowe: <strong>pojemno\u015bciowa i rezystancyjna.<\/strong><\/li>\n<li><strong>Pami\u0119\u0107 RAM<\/strong> do 32 GB DDR4.<\/li>\n<li><strong>Dysk SSD<\/strong> o pojemno\u015bci do 512 GB.<\/li>\n<li>Mo\u017cliwo\u015b\u0107 zainstalowania systemu <strong>Windows<\/strong>.<\/li>\n<li>Zakres temperatur pracy: <strong>0 ~ 50\u00b0C.<\/strong><\/li>\n<\/ul>\n<\/div>\n<\/div>\n<\/div>\n<\/div>\n<\/div>\n<\/div>\n<p>&nbsp;<\/p>\n<div class=\"group\/conversation-turn relative flex w-full min-w-0 flex-col agent-turn\">\n<div class=\"flex-col gap-1 md:gap-3\">\n<div class=\"flex max-w-full flex-col flex-grow\">\n<div class=\"min-h-8 text-message flex w-full flex-col items-end gap-2 whitespace-normal break-words [.text-message+&amp;]:mt-5\" dir=\"auto\" data-message-author-role=\"assistant\" data-message-id=\"4212109a-0f38-4b1d-b2e8-354c835d1a88\">\n<div class=\"flex w-full flex-col gap-1 empty:hidden first:pt-[3px]\">\n<div class=\"markdown prose w-full break-words dark:prose-invert light\">\n<h3><strong>Dostosuj <a href=\"https:\/\/imago-systems.com\/product-category\/komputery-panelowe\/\">Komputery panelowe<\/a> DSP wed\u0142ug w\u0142asnych potrzeb, aby uzyska\u0107 optymalne rozwi\u0105zanie dopasowane do specyfiki pracy.<\/strong><\/h3>\n<\/div>\n<\/div>\n<\/div>\n<\/div>\n<\/div>\n<\/div>\n","protected":false},"excerpt":{"rendered":"<p><a href=\"https:\/\/imago-systems.com\/ua\/%d0%ba%d0%b0%d1%82%d0%b5%d0%b3%d0%be%d1%80%d1%96%d1%8f-%d0%bf%d1%80%d0%be%d0%b4%d1%83%d0%ba%d1%82%d1%83\/%d0%bf%d0%b0%d0%bd%d0%b5%d0%bb%d1%8c%d0%bd%d1%96-%d0%ba%d0%be%d0%bc%d0%bf%d1%8e%d1%82%d0%b5%d1%80%d0%b8\/\">\u041f\u0430\u043d\u0435\u043b\u044c\u043d\u0438\u0439 \u043a\u043e\u043c\u043f&#039;\u044e\u0442\u0435\u0440<\/a> DSP-22 \u2014 \u0446\u0435 \u0441\u0443\u0447\u0430\u0441\u043d\u0430 \u043f\u0430\u043d\u0435\u043b\u044c, \u043e\u0441\u043d\u0430\u0449\u0435\u043d\u0430 21,5-\u0434\u044e\u0439\u043c\u043e\u0432\u0438\u043c TFT-LCD \u0435\u043a\u0440\u0430\u043d\u043e\u043c, \u043f\u0440\u0438\u0437\u043d\u0430\u0447\u0435\u043d\u0438\u043c \u0434\u043b\u044f \u0443\u043d\u0456\u0432\u0435\u0440\u0441\u0430\u043b\u044c\u043d\u043e\u0433\u043e \u0437\u0430\u0441\u0442\u043e\u0441\u0443\u0432\u0430\u043d\u043d\u044f. \u0412\u043e\u043d\u0430 \u043f\u0440\u043e\u043f\u043e\u043d\u0443\u0454 \u0434\u0432\u0456 \u0441\u0435\u043d\u0441\u043e\u0440\u043d\u0456 \u0442\u0435\u0445\u043d\u043e\u043b\u043e\u0433\u0456\u0457: \u0454\u043c\u043d\u0456\u0441\u043d\u0443 \u0442\u0430 \u0440\u0435\u0437\u0438\u0441\u0442\u0438\u0432\u043d\u0443, \u0449\u043e \u0434\u043e\u0437\u0432\u043e\u043b\u044f\u0454 \u0430\u0434\u0430\u043f\u0442\u0443\u0432\u0430\u0442\u0438 \u0457\u0457 \u0434\u043e \u0440\u0456\u0437\u043d\u0438\u0445 \u0440\u043e\u0431\u043e\u0447\u0438\u0445 \u0441\u0435\u0440\u0435\u0434\u043e\u0432\u0438\u0449. \u041f\u0430\u043d\u0435\u043b\u044c DSP (\u0442\u0430\u043a\u043e\u0436 \u0432\u0456\u0434\u043e\u043c\u0430 \u044f\u043a KDS) \u043c\u043e\u0436\u0435 \u0431\u0443\u0442\u0438 \u043d\u0430\u043b\u0430\u0448\u0442\u043e\u0432\u0430\u043d\u0430 \u0437 \u043e\u043f\u0435\u0440\u0430\u0442\u0438\u0432\u043d\u043e\u044e \u043f\u0430\u043c&#039;\u044f\u0442\u0442\u044e \u0434\u043e 32 \u0413\u0411 \u0442\u0430 SSD \u0434\u043e 512 \u0413\u0411. \u041a\u0440\u0456\u043c \u0442\u043e\u0433\u043e, \u0437\u0430\u0432\u0434\u044f\u043a\u0438 \u0448\u0438\u0440\u043e\u043a\u043e\u043c\u0443 \u0441\u043f\u0435\u043a\u0442\u0440\u0443 \u0456\u043d\u0442\u0435\u0440\u0444\u0435\u0439\u0441\u0456\u0432, \u0442\u0430\u043a\u0438\u0445 \u044f\u043a USB, HDMI, LAN \u0442\u0430 Wi-Fi, \u043f\u0440\u0438\u0441\u0442\u0440\u0456\u0439 \u043c\u043e\u0436\u043d\u0430 \u043b\u0435\u0433\u043a\u043e \u043d\u0430\u043b\u0430\u0448\u0442\u0443\u0432\u0430\u0442\u0438 \u0442\u0430 \u0456\u043d\u0442\u0435\u0433\u0440\u0443\u0432\u0430\u0442\u0438 \u0437 \u0456\u043d\u0448\u0438\u043c\u0438 \u0441\u0438\u0441\u0442\u0435\u043c\u0430\u043c\u0438.<\/p>","protected":false},"featured_media":14497,"comment_status":"open","ping_status":"closed","template":"","meta":[],"product_brand":[],"product_cat":[40,244],"product_tag":[],"class_list":{"0":"post-14492","1":"product","2":"type-product","3":"status-publish","4":"has-post-thumbnail","6":"product_cat-komputery-panelowe","7":"product_cat-komputery-panelowe-dsp-kds","9":"first","10":"instock","11":"shipping-taxable","12":"purchasable","13":"product-type-variable"},"acf":[],"yoast_head":"<!-- This site is optimized with the Yoast SEO plugin v27.6 - https:\/\/yoast.com\/product\/yoast-seo-wordpress\/ -->\n<title>Komputer panelowy DSP-22 (KDS) \/ 21,5&quot; FHD - IMAGO<\/title>\n<meta name=\"description\" content=\"Komputer panelowy DSP-22 to nowoczesny panel komputerowy stworzony z my\u015bl\u0105 o wszechstronnych zastosowaniach dla bran\u017cy produkcyjnej i us\u0142ugowej.\" \/>\n<meta name=\"robots\" content=\"index, follow, max-snippet:-1, max-image-preview:large, max-video-preview:-1\" \/>\n<link rel=\"canonical\" href=\"https:\/\/imago-systems.com\/ua\/\u043f\u0440\u043e\u0434\u0443\u043a\u0442\/komputer-panelowy-dsp-22-kds\/\" \/>\n<meta property=\"og:locale\" content=\"uk_UA\" \/>\n<meta property=\"og:type\" content=\"article\" \/>\n<meta property=\"og:title\" content=\"Komputer panelowy DSP-22 (KDS) \/ 21,5&quot; FHD - IMAGO\" \/>\n<meta property=\"og:description\" content=\"Komputer panelowy DSP-22 to nowoczesny panel komputerowy stworzony z my\u015bl\u0105 o wszechstronnych zastosowaniach dla bran\u017cy produkcyjnej i us\u0142ugowej.\" \/>\n<meta property=\"og:url\" content=\"https:\/\/imago-systems.com\/ua\/\u043f\u0440\u043e\u0434\u0443\u043a\u0442\/komputer-panelowy-dsp-22-kds\/\" \/>\n<meta property=\"og:site_name\" content=\"IMAGO\" \/>\n<meta property=\"article:modified_time\" content=\"2026-04-23T08:46:38+00:00\" \/>\n<meta property=\"og:image\" content=\"https:\/\/imago-systems.com\/wp-content\/uploads\/2024\/10\/Panel-PC-DSP-22-2.jpg\" \/>\n\t<meta property=\"og:image:width\" content=\"600\" \/>\n\t<meta property=\"og:image:height\" content=\"600\" \/>\n\t<meta property=\"og:image:type\" content=\"image\/jpeg\" \/>\n<meta name=\"twitter:card\" content=\"summary_large_image\" \/>\n<meta name=\"twitter:label1\" content=\"\u041f\u0440\u0438\u0431\u043b. \u0447\u0430\u0441 \u0447\u0438\u0442\u0430\u043d\u043d\u044f\" \/>\n\t<meta name=\"twitter:data1\" content=\"2 \u0445\u0432\u0438\u043b\u0438\u043d\u0438\" \/>\n<script type=\"application\/ld+json\" class=\"yoast-schema-graph\">{\"@context\":\"https:\\\/\\\/schema.org\",\"@graph\":[{\"@type\":\"WebPage\",\"@id\":\"https:\\\/\\\/imago-systems.com\\\/product\\\/komputer-panelowy-dsp-22-kds\\\/\",\"url\":\"https:\\\/\\\/imago-systems.com\\\/product\\\/komputer-panelowy-dsp-22-kds\\\/\",\"name\":\"Komputer panelowy DSP-22 (KDS) \\\/ 21,5\\\" FHD - IMAGO\",\"isPartOf\":{\"@id\":\"https:\\\/\\\/imago-systems.com\\\/#website\"},\"primaryImageOfPage\":{\"@id\":\"https:\\\/\\\/imago-systems.com\\\/product\\\/komputer-panelowy-dsp-22-kds\\\/#primaryimage\"},\"image\":{\"@id\":\"https:\\\/\\\/imago-systems.com\\\/product\\\/komputer-panelowy-dsp-22-kds\\\/#primaryimage\"},\"thumbnailUrl\":\"https:\\\/\\\/imago-systems.com\\\/wp-content\\\/uploads\\\/2024\\\/10\\\/Panel-PC-DSP-22-2.jpg\",\"datePublished\":\"2024-10-08T11:22:55+00:00\",\"dateModified\":\"2026-04-23T08:46:38+00:00\",\"description\":\"Komputer panelowy DSP-22 to nowoczesny panel komputerowy stworzony z my\u015bl\u0105 o wszechstronnych zastosowaniach dla bran\u017cy produkcyjnej i us\u0142ugowej.\",\"breadcrumb\":{\"@id\":\"https:\\\/\\\/imago-systems.com\\\/product\\\/komputer-panelowy-dsp-22-kds\\\/#breadcrumb\"},\"inLanguage\":\"uk\",\"potentialAction\":[{\"@type\":\"ReadAction\",\"target\":[\"https:\\\/\\\/imago-systems.com\\\/product\\\/komputer-panelowy-dsp-22-kds\\\/\"]}]},{\"@type\":\"ImageObject\",\"inLanguage\":\"uk\",\"@id\":\"https:\\\/\\\/imago-systems.com\\\/product\\\/komputer-panelowy-dsp-22-kds\\\/#primaryimage\",\"url\":\"https:\\\/\\\/imago-systems.com\\\/wp-content\\\/uploads\\\/2024\\\/10\\\/Panel-PC-DSP-22-2.jpg\",\"contentUrl\":\"https:\\\/\\\/imago-systems.com\\\/wp-content\\\/uploads\\\/2024\\\/10\\\/Panel-PC-DSP-22-2.jpg\",\"width\":600,\"height\":600,\"caption\":\"komputer panelowy DSP-22 do zastosowa\u0144 takich jak KDS, digital signage, systemy self-POS, asystent klienta czy kioski informacyjne.\"},{\"@type\":\"BreadcrumbList\",\"@id\":\"https:\\\/\\\/imago-systems.com\\\/product\\\/komputer-panelowy-dsp-22-kds\\\/#breadcrumb\",\"itemListElement\":[{\"@type\":\"ListItem\",\"position\":1,\"name\":\"Home\",\"item\":\"https:\\\/\\\/imago-systems.com\\\/\"},{\"@type\":\"ListItem\",\"position\":2,\"name\":\"Shop\",\"item\":\"https:\\\/\\\/imago-systems.com\\\/shop\\\/\"},{\"@type\":\"ListItem\",\"position\":3,\"name\":\"Komputery panelowe\",\"item\":\"https:\\\/\\\/imago-systems.com\\\/product-category\\\/komputery-panelowe\\\/\"},{\"@type\":\"ListItem\",\"position\":4,\"name\":\"Komputery panelowe DSP (KDS)\",\"item\":\"https:\\\/\\\/imago-systems.com\\\/product-category\\\/komputery-panelowe\\\/komputery-panelowe-dsp-kds\\\/\"},{\"@type\":\"ListItem\",\"position\":5,\"name\":\"Komputer panelowy DSP-22 (KDS) \\\/ 21,5&#8243; FHD\"}]},{\"@type\":\"WebSite\",\"@id\":\"https:\\\/\\\/imago-systems.com\\\/#website\",\"url\":\"https:\\\/\\\/imago-systems.com\\\/\",\"name\":\"IMAGO systems\",\"description\":\"Nowoczesne rozwi\u0105zania dla przemys\u0142u i handlu detalicznego.\",\"publisher\":{\"@id\":\"https:\\\/\\\/imago-systems.com\\\/#organization\"},\"alternateName\":\"IMAGO\",\"potentialAction\":[{\"@type\":\"SearchAction\",\"target\":{\"@type\":\"EntryPoint\",\"urlTemplate\":\"https:\\\/\\\/imago-systems.com\\\/?s={search_term_string}\"},\"query-input\":{\"@type\":\"PropertyValueSpecification\",\"valueRequired\":true,\"valueName\":\"search_term_string\"}}],\"inLanguage\":\"uk\"},{\"@type\":\"Organization\",\"@id\":\"https:\\\/\\\/imago-systems.com\\\/#organization\",\"name\":\"IMAGO Poland sp. z o.o.\",\"alternateName\":\"IMAGO\",\"url\":\"https:\\\/\\\/imago-systems.com\\\/\",\"logo\":{\"@type\":\"ImageObject\",\"inLanguage\":\"uk\",\"@id\":\"https:\\\/\\\/imago-systems.com\\\/#\\\/schema\\\/logo\\\/image\\\/\",\"url\":\"https:\\\/\\\/imago-systems.com\\\/wp-content\\\/uploads\\\/2024\\\/11\\\/cropped-cropped-cropped-IMAGO-LOGO-.jpg\",\"contentUrl\":\"https:\\\/\\\/imago-systems.com\\\/wp-content\\\/uploads\\\/2024\\\/11\\\/cropped-cropped-cropped-IMAGO-LOGO-.jpg\",\"width\":512,\"height\":512,\"caption\":\"IMAGO Poland sp. z o.o.\"},\"image\":{\"@id\":\"https:\\\/\\\/imago-systems.com\\\/#\\\/schema\\\/logo\\\/image\\\/\"},\"sameAs\":[\"https:\\\/\\\/www.linkedin.com\\\/company\\\/imago-poland\\\/\"]}]}<\/script>\n<!-- \/ Yoast SEO plugin. -->","yoast_head_json":{"title":"Komputer panelowy DSP-22 (KDS) \/ 21,5\" FHD - IMAGO","description":"\u041f\u0430\u043d\u0435\u043b\u044c\u043d\u0438\u0439 \u043a\u043e\u043c\u043f&#039;\u044e\u0442\u0435\u0440 DSP-22 \u2014 \u0446\u0435 \u0441\u0443\u0447\u0430\u0441\u043d\u0438\u0439 \u043f\u0430\u043d\u0435\u043b\u044c\u043d\u0438\u0439 \u043a\u043e\u043c\u043f&#039;\u044e\u0442\u0435\u0440, \u043f\u0440\u0438\u0437\u043d\u0430\u0447\u0435\u043d\u0438\u0439 \u0434\u043b\u044f \u0443\u043d\u0456\u0432\u0435\u0440\u0441\u0430\u043b\u044c\u043d\u043e\u0433\u043e \u0437\u0430\u0441\u0442\u043e\u0441\u0443\u0432\u0430\u043d\u043d\u044f \u0443 \u0432\u0438\u0440\u043e\u0431\u043d\u0438\u0446\u0442\u0432\u0456 \u0442\u0430 \u0441\u0444\u0435\u0440\u0456 \u043f\u043e\u0441\u043b\u0443\u0433.","robots":{"index":"index","follow":"follow","max-snippet":"max-snippet:-1","max-image-preview":"max-image-preview:large","max-video-preview":"max-video-preview:-1"},"canonical":"https:\/\/imago-systems.com\/ua\/\u043f\u0440\u043e\u0434\u0443\u043a\u0442\/komputer-panelowy-dsp-22-kds\/","og_locale":"uk_UA","og_type":"article","og_title":"Komputer panelowy DSP-22 (KDS) \/ 21,5\" FHD - IMAGO","og_description":"Komputer panelowy DSP-22 to nowoczesny panel komputerowy stworzony z my\u015bl\u0105 o wszechstronnych zastosowaniach dla bran\u017cy produkcyjnej i us\u0142ugowej.","og_url":"https:\/\/imago-systems.com\/ua\/\u043f\u0440\u043e\u0434\u0443\u043a\u0442\/komputer-panelowy-dsp-22-kds\/","og_site_name":"IMAGO","article_modified_time":"2026-04-23T08:46:38+00:00","og_image":[{"width":600,"height":600,"url":"https:\/\/imago-systems.com\/wp-content\/uploads\/2024\/10\/Panel-PC-DSP-22-2.jpg","type":"image\/jpeg"}],"twitter_card":"summary_large_image","twitter_misc":{"\u041f\u0440\u0438\u0431\u043b. \u0447\u0430\u0441 \u0447\u0438\u0442\u0430\u043d\u043d\u044f":"2 \u0445\u0432\u0438\u043b\u0438\u043d\u0438"},"schema":{"@context":"https:\/\/schema.org","@graph":[{"@type":"WebPage","@id":"https:\/\/imago-systems.com\/product\/komputer-panelowy-dsp-22-kds\/","url":"https:\/\/imago-systems.com\/product\/komputer-panelowy-dsp-22-kds\/","name":"Komputer panelowy DSP-22 (KDS) \/ 21,5\" FHD - IMAGO","isPartOf":{"@id":"https:\/\/imago-systems.com\/#website"},"primaryImageOfPage":{"@id":"https:\/\/imago-systems.com\/product\/komputer-panelowy-dsp-22-kds\/#primaryimage"},"image":{"@id":"https:\/\/imago-systems.com\/product\/komputer-panelowy-dsp-22-kds\/#primaryimage"},"thumbnailUrl":"https:\/\/imago-systems.com\/wp-content\/uploads\/2024\/10\/Panel-PC-DSP-22-2.jpg","datePublished":"2024-10-08T11:22:55+00:00","dateModified":"2026-04-23T08:46:38+00:00","description":"\u041f\u0430\u043d\u0435\u043b\u044c\u043d\u0438\u0439 \u043a\u043e\u043c\u043f&#039;\u044e\u0442\u0435\u0440 DSP-22 \u2014 \u0446\u0435 \u0441\u0443\u0447\u0430\u0441\u043d\u0438\u0439 \u043f\u0430\u043d\u0435\u043b\u044c\u043d\u0438\u0439 \u043a\u043e\u043c\u043f&#039;\u044e\u0442\u0435\u0440, \u043f\u0440\u0438\u0437\u043d\u0430\u0447\u0435\u043d\u0438\u0439 \u0434\u043b\u044f \u0443\u043d\u0456\u0432\u0435\u0440\u0441\u0430\u043b\u044c\u043d\u043e\u0433\u043e \u0437\u0430\u0441\u0442\u043e\u0441\u0443\u0432\u0430\u043d\u043d\u044f \u0443 \u0432\u0438\u0440\u043e\u0431\u043d\u0438\u0446\u0442\u0432\u0456 \u0442\u0430 \u0441\u0444\u0435\u0440\u0456 \u043f\u043e\u0441\u043b\u0443\u0433.","breadcrumb":{"@id":"https:\/\/imago-systems.com\/product\/komputer-panelowy-dsp-22-kds\/#breadcrumb"},"inLanguage":"uk","potentialAction":[{"@type":"ReadAction","target":["https:\/\/imago-systems.com\/product\/komputer-panelowy-dsp-22-kds\/"]}]},{"@type":"ImageObject","inLanguage":"uk","@id":"https:\/\/imago-systems.com\/product\/komputer-panelowy-dsp-22-kds\/#primaryimage","url":"https:\/\/imago-systems.com\/wp-content\/uploads\/2024\/10\/Panel-PC-DSP-22-2.jpg","contentUrl":"https:\/\/imago-systems.com\/wp-content\/uploads\/2024\/10\/Panel-PC-DSP-22-2.jpg","width":600,"height":600,"caption":"komputer panelowy DSP-22 do zastosowa\u0144 takich jak KDS, digital signage, systemy self-POS, asystent klienta czy kioski informacyjne."},{"@type":"BreadcrumbList","@id":"https:\/\/imago-systems.com\/product\/komputer-panelowy-dsp-22-kds\/#breadcrumb","itemListElement":[{"@type":"ListItem","position":1,"name":"Home","item":"https:\/\/imago-systems.com\/"},{"@type":"ListItem","position":2,"name":"Shop","item":"https:\/\/imago-systems.com\/shop\/"},{"@type":"ListItem","position":3,"name":"Komputery panelowe","item":"https:\/\/imago-systems.com\/product-category\/komputery-panelowe\/"},{"@type":"ListItem","position":4,"name":"Komputery panelowe DSP (KDS)","item":"https:\/\/imago-systems.com\/product-category\/komputery-panelowe\/komputery-panelowe-dsp-kds\/"},{"@type":"ListItem","position":5,"name":"Komputer panelowy DSP-22 (KDS) \/ 21,5&#8243; FHD"}]},{"@type":"WebSite","@id":"https:\/\/imago-systems.com\/#website","url":"https:\/\/imago-systems.com\/","name":"\u0421\u0438\u0441\u0442\u0435\u043c\u0438 IMAGO","description":"\u0421\u0443\u0447\u0430\u0441\u043d\u0456 \u0440\u0456\u0448\u0435\u043d\u043d\u044f \u0434\u043b\u044f \u043f\u0440\u043e\u043c\u0438\u0441\u043b\u043e\u0432\u043e\u0441\u0442\u0456 \u0442\u0430 \u0440\u043e\u0437\u0434\u0440\u0456\u0431\u043d\u043e\u0457 \u0442\u043e\u0440\u0433\u0456\u0432\u043b\u0456.","publisher":{"@id":"https:\/\/imago-systems.com\/#organization"},"alternateName":"IMAGO","potentialAction":[{"@type":"SearchAction","target":{"@type":"EntryPoint","urlTemplate":"https:\/\/imago-systems.com\/?s={search_term_string}"},"query-input":{"@type":"PropertyValueSpecification","valueRequired":true,"valueName":"search_term_string"}}],"inLanguage":"uk"},{"@type":"Organization","@id":"https:\/\/imago-systems.com\/#organization","name":"IMAGO \u041f\u043e\u043b\u044c\u0449\u0430, \u0442\u043e\u0432\u0430\u0440\u0438\u0441\u0442\u0432\u043e \u0437 \u043e\u0431\u043c\u0435\u0436\u0435\u043d\u043e\u044e \u0432\u0456\u0434\u043f\u043e\u0432\u0456\u0434\u0430\u043b\u044c\u043d\u0456\u0441\u0442\u044e","alternateName":"IMAGO","url":"https:\/\/imago-systems.com\/","logo":{"@type":"ImageObject","inLanguage":"uk","@id":"https:\/\/imago-systems.com\/#\/schema\/logo\/image\/","url":"https:\/\/imago-systems.com\/wp-content\/uploads\/2024\/11\/cropped-cropped-cropped-IMAGO-LOGO-.jpg","contentUrl":"https:\/\/imago-systems.com\/wp-content\/uploads\/2024\/11\/cropped-cropped-cropped-IMAGO-LOGO-.jpg","width":512,"height":512,"caption":"IMAGO Poland sp. z o.o."},"image":{"@id":"https:\/\/imago-systems.com\/#\/schema\/logo\/image\/"},"sameAs":["https:\/\/www.linkedin.com\/company\/imago-poland\/"]}]}},"_links":{"self":[{"href":"https:\/\/imago-systems.com\/ua\/wp-json\/wp\/v2\/product\/14492","targetHints":{"allow":["GET"]}}],"collection":[{"href":"https:\/\/imago-systems.com\/ua\/wp-json\/wp\/v2\/product"}],"about":[{"href":"https:\/\/imago-systems.com\/ua\/wp-json\/wp\/v2\/types\/product"}],"replies":[{"embeddable":true,"href":"https:\/\/imago-systems.com\/ua\/wp-json\/wp\/v2\/comments?post=14492"}],"wp:featuredmedia":[{"embeddable":true,"href":"https:\/\/imago-systems.com\/ua\/wp-json\/wp\/v2\/media\/14497"}],"wp:attachment":[{"href":"https:\/\/imago-systems.com\/ua\/wp-json\/wp\/v2\/media?parent=14492"}],"wp:term":[{"taxonomy":"product_brand","embeddable":true,"href":"https:\/\/imago-systems.com\/ua\/wp-json\/wp\/v2\/product_brand?post=14492"},{"taxonomy":"product_cat","embeddable":true,"href":"https:\/\/imago-systems.com\/ua\/wp-json\/wp\/v2\/product_cat?post=14492"},{"taxonomy":"product_tag","embeddable":true,"href":"https:\/\/imago-systems.com\/ua\/wp-json\/wp\/v2\/product_tag?post=14492"}],"curies":[{"name":"\u0412\u041f","href":"https:\/\/api.w.org\/{rel}","templated":true}]}}