{"id":14489,"date":"2024-10-08T13:15:28","date_gmt":"2024-10-08T10:15:28","guid":{"rendered":"http:\/\/imago-systems.com\/?post_type=product&#038;p=14489"},"modified":"2026-04-21T13:03:55","modified_gmt":"2026-04-21T12:03:55","slug":"komputer-panelowy-dsp-19-kds","status":"publish","type":"product","link":"https:\/\/imago-systems.com\/ua\/%d0%bf%d1%80%d0%be%d0%b4%d1%83%d0%ba%d1%82\/komputer-panelowy-dsp-19-kds\/","title":{"rendered":"\u041f\u0430\u043d\u0435\u043b\u044c\u043d\u0438\u0439 \u043a\u043e\u043c\u043f&#039;\u044e\u0442\u0435\u0440 DSP-19 (KDS) \/ 18,5-\u0434\u044e\u0439\u043c\u043e\u0432\u0438\u0439 FHD"},"content":{"rendered":"<div class=\"flex-shrink-0 flex flex-col relative items-end\">\n<div>\n<div class=\"pt-0\">\n<div class=\"gizmo-bot-avatar flex h-8 w-8 items-center justify-center overflow-hidden rounded-full\">\n<h2 class=\"relative p-1 rounded-sm flex items-center justify-center bg-token-main-surface-primary text-token-text-primary h-8 w-8\">Komputery panelowe do kuchni i&#8230;?<\/h2>\n<p class=\"relative p-1 rounded-sm flex items-center justify-center bg-token-main-surface-primary text-token-text-primary h-8 w-8\"><span style=\"font-size: 16px;\">Panele DSP zosta\u0142y zaprojektowane z my\u015bl\u0105 o wszechstronnych zastosowaniach, takich jak digital signage, wsparcie produkcji, systemy self-POS, asystent klienta, wirtualna przymierzalnia, kioski informacyjne i wiele innych. Dzi\u0119ki swojej elastyczno\u015bci i r\u00f3\u017cnorodnym funkcjom, panele te sprawdzaj\u0105 si\u0119 zar\u00f3wno w \u015brodowiskach przemys\u0142owych, jak i komercyjnych, oferuj\u0105c niezawodne rozwi\u0105zania w r\u00f3\u017cnych sektorach. <strong>Cz\u0119sto s\u0105 r\u00f3wnie\u017c u\u017cywane jako panele KDS (Kitchen Display System).<\/strong><\/span><\/p>\n<\/div>\n<\/div>\n<\/div>\n<\/div>\n<div class=\"group\/conversation-turn relative flex w-full min-w-0 flex-col agent-turn\">\n<div class=\"flex-col gap-1 md:gap-3\">\n<div class=\"flex max-w-full flex-col flex-grow\">\n<div class=\"min-h-8 text-message flex w-full flex-col items-end gap-2 whitespace-normal break-words [.text-message+&amp;]:mt-5\" dir=\"auto\" data-message-author-role=\"assistant\" data-message-id=\"4212109a-0f38-4b1d-b2e8-354c835d1a88\">\n<div class=\"flex w-full flex-col gap-1 empty:hidden first:pt-[3px]\">\n<div class=\"markdown prose w-full break-words dark:prose-invert light\">\n<p>W zale\u017cno\u015bci od wybranej wersji, <a href=\"https:\/\/imago-systems.com\/product-category\/komputery-panelowe\/\">komputery panelowe<\/a> DSP charakteryzuj\u0105 si\u0119 r\u00f3\u017cnymi specyfikacjami technicznymi, co umo\u017cliwia ich idealne dopasowanie do konkretnych potrzeb u\u017cytkownik\u00f3w. Ich szeroki zakres interfejs\u00f3w obejmuje USB, porty szeregowe, wyj\u015bcie HDMI, gniazda jack, LAN oraz modu\u0142 Wi-Fi, co sprawia, \u017ce integracja z innymi urz\u0105dzeniami lub systemami informatycznymi przebiega bezproblemowo. Dzi\u0119ki temu panele DSP mog\u0105 pe\u0142ni\u0107 rol\u0119 centralnego punktu zarz\u0105dzania w z\u0142o\u017conych \u015brodowiskach technologicznych, oferuj\u0105c jednocze\u015bnie wsparcie w automatyzacji i optymalizacji proces\u00f3w.<\/p>\n<p>&nbsp;<\/p>\n<hr \/>\n<\/div>\n<\/div>\n<\/div>\n<\/div>\n<\/div>\n<\/div>\n<div class=\"group\/conversation-turn relative flex w-full min-w-0 flex-col agent-turn\">\n<div class=\"flex-col gap-1 md:gap-3\">\n<div class=\"flex max-w-full flex-col flex-grow\">\n<div class=\"min-h-8 text-message flex w-full flex-col items-end gap-2 whitespace-normal break-words [.text-message+&amp;]:mt-5\" dir=\"auto\" data-message-author-role=\"assistant\" data-message-id=\"4212109a-0f38-4b1d-b2e8-354c835d1a88\">\n<div class=\"flex w-full flex-col gap-1 empty:hidden first:pt-[3px]\">\n<div class=\"markdown prose w-full break-words dark:prose-invert light\">\n<h2><strong>Najwa\u017cniejsze cechy Panelu DSP-19:<\/strong><\/h2>\n<ul>\n<li><strong>18,5-calowy ekran LCD FULL HD<\/strong> \/ 1920&#215;1080<\/li>\n<li>Dwie technologie dotykowe: <strong>pojemno\u015bciowa i rezystancyjna.<\/strong><\/li>\n<li><strong>Pami\u0119\u0107 RAM<\/strong> do 32 GB DDR4.<\/li>\n<li><strong>Dysk SSD<\/strong> o pojemno\u015bci do 512 GB.<\/li>\n<li>Mo\u017cliwo\u015b\u0107 zainstalowania systemu <strong>Windows<\/strong>.<\/li>\n<li>Zakres temperatur pracy: <strong>0 ~ 50\u00b0C.<\/strong><\/li>\n<\/ul>\n<p>&nbsp;<\/p>\n<\/div>\n<\/div>\n<\/div>\n<\/div>\n<\/div>\n<\/div>\n<div class=\"group\/conversation-turn relative flex w-full min-w-0 flex-col agent-turn\">\n<div class=\"flex-col gap-1 md:gap-3\">\n<div class=\"flex max-w-full flex-col flex-grow\">\n<div class=\"min-h-8 text-message flex w-full flex-col items-end gap-2 whitespace-normal break-words [.text-message+&amp;]:mt-5\" dir=\"auto\" data-message-author-role=\"assistant\" data-message-id=\"4212109a-0f38-4b1d-b2e8-354c835d1a88\">\n<div class=\"flex w-full flex-col gap-1 empty:hidden first:pt-[3px]\">\n<div class=\"markdown prose w-full break-words dark:prose-invert light\">\n<h3><strong>Dostosuj <a href=\"https:\/\/imago-systems.com\/product-category\/komputery-panelowe\/\">komputery panelowe<\/a> DSP wed\u0142ug w\u0142asnych potrzeb, aby uzyska\u0107 optymalne rozwi\u0105zanie dla swojego biznesu.<\/strong><\/h3>\n<\/div>\n<\/div>\n<\/div>\n<\/div>\n<\/div>\n<\/div>\n","protected":false},"excerpt":{"rendered":"<p>\u041f\u0430\u043d\u0435\u043b\u044c\u043d\u0438\u0439 \u043a\u043e\u043c\u043f&#039;\u044e\u0442\u0435\u0440 DSP-19 \u2014 \u0446\u0435 \u0441\u0443\u0447\u0430\u0441\u043d\u0438\u0439 \u043f\u0440\u0438\u0441\u0442\u0440\u0456\u0439, \u043e\u0441\u043d\u0430\u0449\u0435\u043d\u0438\u0439 18,5-\u0434\u044e\u0439\u043c\u043e\u0432\u0438\u043c \u0420\u041a-\u0435\u043a\u0440\u0430\u043d\u043e\u043c FULL HD, \u043f\u0440\u0438\u0437\u043d\u0430\u0447\u0435\u043d\u0438\u043c \u0434\u043b\u044f \u0443\u043d\u0456\u0432\u0435\u0440\u0441\u0430\u043b\u044c\u043d\u043e\u0433\u043e \u0437\u0430\u0441\u0442\u043e\u0441\u0443\u0432\u0430\u043d\u043d\u044f. \u0412\u0456\u043d \u043f\u0440\u043e\u043f\u043e\u043d\u0443\u0454 \u0434\u0432\u0456 \u0441\u0435\u043d\u0441\u043e\u0440\u043d\u0456 \u0442\u0435\u0445\u043d\u043e\u043b\u043e\u0433\u0456\u0457: \u0454\u043c\u043d\u0456\u0441\u043d\u0443 \u0442\u0430 \u0440\u0435\u0437\u0438\u0441\u0442\u0438\u0432\u043d\u0443, \u0449\u043e \u0434\u043e\u0437\u0432\u043e\u043b\u044f\u0454 \u0439\u043e\u043c\u0443 \u0430\u0434\u0430\u043f\u0442\u0443\u0432\u0430\u0442\u0438\u0441\u044f \u0434\u043e \u0440\u0456\u0437\u043d\u0438\u0445 \u0440\u043e\u0431\u043e\u0447\u0438\u0445 \u0441\u0435\u0440\u0435\u0434\u043e\u0432\u0438\u0449. \u041f\u0430\u043d\u0435\u043b\u044c DSP-19 \u043c\u043e\u0436\u0435 \u0431\u0443\u0442\u0438 \u043d\u0430\u043b\u0430\u0448\u0442\u043e\u0432\u0430\u043d\u0430 \u0437 \u043e\u043f\u0435\u0440\u0430\u0442\u0438\u0432\u043d\u043e\u044e \u043f\u0430\u043c&#039;\u044f\u0442\u0442\u044e \u0434\u043e 32 \u0413\u0411 \u0442\u0430 SSD-\u043d\u0430\u043a\u043e\u043f\u0438\u0447\u0443\u0432\u0430\u0447\u0435\u043c \u0454\u043c\u043d\u0456\u0441\u0442\u044e \u0434\u043e 512 \u0413\u0411. \u041a\u0440\u0456\u043c \u0442\u043e\u0433\u043e, \u0437\u0430\u0432\u0434\u044f\u043a\u0438 \u0448\u0438\u0440\u043e\u043a\u043e\u043c\u0443 \u0441\u043f\u0435\u043a\u0442\u0440\u0443 \u0456\u043d\u0442\u0435\u0440\u0444\u0435\u0439\u0441\u0456\u0432, \u0442\u0430\u043a\u0438\u0445 \u044f\u043a USB, HDMI, LAN \u0442\u0430 Wi-Fi, \u043f\u0440\u0438\u0441\u0442\u0440\u0456\u0439 \u043c\u043e\u0436\u043d\u0430 \u043b\u0435\u0433\u043a\u043e \u043d\u0430\u043b\u0430\u0448\u0442\u0443\u0432\u0430\u0442\u0438 \u043f\u0456\u0434 \u0456\u043d\u0434\u0438\u0432\u0456\u0434\u0443\u0430\u043b\u044c\u043d\u0456 \u043f\u043e\u0442\u0440\u0435\u0431\u0438 \u0442\u0430 \u0456\u043d\u0442\u0435\u0433\u0440\u0443\u0432\u0430\u0442\u0438 \u0437 \u0456\u043d\u0448\u0438\u043c\u0438 \u0441\u0438\u0441\u0442\u0435\u043c\u0430\u043c\u0438. \u041d\u0430\u0439\u0447\u0430\u0441\u0442\u0456\u0448\u0435 \u0432\u0456\u043d \u0432\u0438\u043a\u043e\u0440\u0438\u0441\u0442\u043e\u0432\u0443\u0454\u0442\u044c\u0441\u044f \u044f\u043a \u043f\u0430\u043d\u0435\u043b\u044c KDS.<\/p>","protected":false},"featured_media":14499,"comment_status":"closed","ping_status":"closed","template":"","meta":[],"product_brand":[329],"product_cat":[40,244],"product_tag":[],"class_list":{"0":"post-14489","1":"product","2":"type-product","3":"status-publish","4":"has-post-thumbnail","6":"product_brand-imago","7":"product_cat-komputery-panelowe","8":"product_cat-komputery-panelowe-dsp-kds","10":"first","11":"instock","12":"shipping-taxable","13":"purchasable","14":"product-type-variable"},"acf":[],"yoast_head":"<!-- This site is optimized with the Yoast SEO plugin v27.6 - https:\/\/yoast.com\/product\/yoast-seo-wordpress\/ -->\n<title>Komputer panelowy DSP-19 (KDS) \/ 18,5&quot; FHD - IMAGO<\/title>\n<meta name=\"description\" content=\"Komputer panelowy DSP-19 (KDS) to nowoczesny komputer o przek\u0105tnej ekranu 18,5&quot;, stworzony z my\u015bl\u0105 o wszechstronnych zastosowaniach w konkurencyjnej cenie.\" \/>\n<meta name=\"robots\" content=\"index, follow, max-snippet:-1, max-image-preview:large, max-video-preview:-1\" \/>\n<link rel=\"canonical\" href=\"https:\/\/imago-systems.com\/ua\/\u043f\u0440\u043e\u0434\u0443\u043a\u0442\/komputer-panelowy-dsp-19-kds\/\" \/>\n<meta property=\"og:locale\" content=\"uk_UA\" \/>\n<meta property=\"og:type\" content=\"article\" \/>\n<meta property=\"og:title\" content=\"Komputer panelowy DSP-19 (KDS) \/ 18,5&quot; FHD - IMAGO\" \/>\n<meta property=\"og:description\" content=\"Komputer panelowy DSP-19 (KDS) to nowoczesny komputer o przek\u0105tnej ekranu 18,5&quot;, stworzony z my\u015bl\u0105 o wszechstronnych zastosowaniach w konkurencyjnej cenie.\" \/>\n<meta property=\"og:url\" content=\"https:\/\/imago-systems.com\/ua\/\u043f\u0440\u043e\u0434\u0443\u043a\u0442\/komputer-panelowy-dsp-19-kds\/\" \/>\n<meta property=\"og:site_name\" content=\"IMAGO\" \/>\n<meta property=\"article:modified_time\" content=\"2026-04-21T12:03:55+00:00\" \/>\n<meta property=\"og:image\" content=\"https:\/\/imago-systems.com\/wp-content\/uploads\/2024\/10\/Panel-PC-DSP-19.jpg\" \/>\n\t<meta property=\"og:image:width\" content=\"600\" \/>\n\t<meta property=\"og:image:height\" content=\"600\" \/>\n\t<meta property=\"og:image:type\" content=\"image\/jpeg\" \/>\n<meta name=\"twitter:card\" content=\"summary_large_image\" \/>\n<meta name=\"twitter:label1\" content=\"\u041f\u0440\u0438\u0431\u043b. \u0447\u0430\u0441 \u0447\u0438\u0442\u0430\u043d\u043d\u044f\" \/>\n\t<meta name=\"twitter:data1\" content=\"2 \u0445\u0432\u0438\u043b\u0438\u043d\u0438\" \/>\n<script type=\"application\/ld+json\" class=\"yoast-schema-graph\">{\"@context\":\"https:\\\/\\\/schema.org\",\"@graph\":[{\"@type\":\"WebPage\",\"@id\":\"https:\\\/\\\/imago-systems.com\\\/product\\\/komputer-panelowy-dsp-19-kds\\\/\",\"url\":\"https:\\\/\\\/imago-systems.com\\\/product\\\/komputer-panelowy-dsp-19-kds\\\/\",\"name\":\"Komputer panelowy DSP-19 (KDS) \\\/ 18,5\\\" FHD - IMAGO\",\"isPartOf\":{\"@id\":\"https:\\\/\\\/imago-systems.com\\\/#website\"},\"primaryImageOfPage\":{\"@id\":\"https:\\\/\\\/imago-systems.com\\\/product\\\/komputer-panelowy-dsp-19-kds\\\/#primaryimage\"},\"image\":{\"@id\":\"https:\\\/\\\/imago-systems.com\\\/product\\\/komputer-panelowy-dsp-19-kds\\\/#primaryimage\"},\"thumbnailUrl\":\"https:\\\/\\\/imago-systems.com\\\/wp-content\\\/uploads\\\/2024\\\/10\\\/Panel-PC-DSP-19.jpg\",\"datePublished\":\"2024-10-08T10:15:28+00:00\",\"dateModified\":\"2026-04-21T12:03:55+00:00\",\"description\":\"Komputer panelowy DSP-19 (KDS) to nowoczesny komputer o przek\u0105tnej ekranu 18,5\\\", stworzony z my\u015bl\u0105 o wszechstronnych zastosowaniach w konkurencyjnej cenie.\",\"breadcrumb\":{\"@id\":\"https:\\\/\\\/imago-systems.com\\\/product\\\/komputer-panelowy-dsp-19-kds\\\/#breadcrumb\"},\"inLanguage\":\"uk\",\"potentialAction\":[{\"@type\":\"ReadAction\",\"target\":[\"https:\\\/\\\/imago-systems.com\\\/product\\\/komputer-panelowy-dsp-19-kds\\\/\"]}]},{\"@type\":\"ImageObject\",\"inLanguage\":\"uk\",\"@id\":\"https:\\\/\\\/imago-systems.com\\\/product\\\/komputer-panelowy-dsp-19-kds\\\/#primaryimage\",\"url\":\"https:\\\/\\\/imago-systems.com\\\/wp-content\\\/uploads\\\/2024\\\/10\\\/Panel-PC-DSP-19.jpg\",\"contentUrl\":\"https:\\\/\\\/imago-systems.com\\\/wp-content\\\/uploads\\\/2024\\\/10\\\/Panel-PC-DSP-19.jpg\",\"width\":600,\"height\":600,\"caption\":\"Panel KDS DSP-19\"},{\"@type\":\"BreadcrumbList\",\"@id\":\"https:\\\/\\\/imago-systems.com\\\/product\\\/komputer-panelowy-dsp-19-kds\\\/#breadcrumb\",\"itemListElement\":[{\"@type\":\"ListItem\",\"position\":1,\"name\":\"Home\",\"item\":\"https:\\\/\\\/imago-systems.com\\\/\"},{\"@type\":\"ListItem\",\"position\":2,\"name\":\"Shop\",\"item\":\"https:\\\/\\\/imago-systems.com\\\/shop\\\/\"},{\"@type\":\"ListItem\",\"position\":3,\"name\":\"Komputery panelowe\",\"item\":\"https:\\\/\\\/imago-systems.com\\\/product-category\\\/komputery-panelowe\\\/\"},{\"@type\":\"ListItem\",\"position\":4,\"name\":\"Komputery panelowe DSP (KDS)\",\"item\":\"https:\\\/\\\/imago-systems.com\\\/product-category\\\/komputery-panelowe\\\/komputery-panelowe-dsp-kds\\\/\"},{\"@type\":\"ListItem\",\"position\":5,\"name\":\"Komputer panelowy DSP-19 (KDS) \\\/ 18,5&#8243; FHD\"}]},{\"@type\":\"WebSite\",\"@id\":\"https:\\\/\\\/imago-systems.com\\\/#website\",\"url\":\"https:\\\/\\\/imago-systems.com\\\/\",\"name\":\"IMAGO systems\",\"description\":\"Nowoczesne rozwi\u0105zania dla przemys\u0142u i handlu detalicznego.\",\"publisher\":{\"@id\":\"https:\\\/\\\/imago-systems.com\\\/#organization\"},\"alternateName\":\"IMAGO\",\"potentialAction\":[{\"@type\":\"SearchAction\",\"target\":{\"@type\":\"EntryPoint\",\"urlTemplate\":\"https:\\\/\\\/imago-systems.com\\\/?s={search_term_string}\"},\"query-input\":{\"@type\":\"PropertyValueSpecification\",\"valueRequired\":true,\"valueName\":\"search_term_string\"}}],\"inLanguage\":\"uk\"},{\"@type\":\"Organization\",\"@id\":\"https:\\\/\\\/imago-systems.com\\\/#organization\",\"name\":\"IMAGO Poland sp. z o.o.\",\"alternateName\":\"IMAGO\",\"url\":\"https:\\\/\\\/imago-systems.com\\\/\",\"logo\":{\"@type\":\"ImageObject\",\"inLanguage\":\"uk\",\"@id\":\"https:\\\/\\\/imago-systems.com\\\/#\\\/schema\\\/logo\\\/image\\\/\",\"url\":\"https:\\\/\\\/imago-systems.com\\\/wp-content\\\/uploads\\\/2024\\\/11\\\/cropped-cropped-cropped-IMAGO-LOGO-.jpg\",\"contentUrl\":\"https:\\\/\\\/imago-systems.com\\\/wp-content\\\/uploads\\\/2024\\\/11\\\/cropped-cropped-cropped-IMAGO-LOGO-.jpg\",\"width\":512,\"height\":512,\"caption\":\"IMAGO Poland sp. z o.o.\"},\"image\":{\"@id\":\"https:\\\/\\\/imago-systems.com\\\/#\\\/schema\\\/logo\\\/image\\\/\"},\"sameAs\":[\"https:\\\/\\\/www.linkedin.com\\\/company\\\/imago-poland\\\/\"]}]}<\/script>\n<!-- \/ Yoast SEO plugin. -->","yoast_head_json":{"title":"DSP-19 (KDS) \/ 18,5-\u0434\u044e\u0439\u043c\u043e\u0432\u0438\u0439 FHD \u043f\u0430\u043d\u0435\u043b\u044c\u043d\u0438\u0439 \u043a\u043e\u043c\u043f&#039;\u044e\u0442\u0435\u0440 - IMAGO","description":"\u041f\u0430\u043d\u0435\u043b\u044c\u043d\u0438\u0439 \u043a\u043e\u043c\u043f&#039;\u044e\u0442\u0435\u0440 DSP-19 (KDS) \u2014 \u0446\u0435 \u0441\u0443\u0447\u0430\u0441\u043d\u0438\u0439 \u043a\u043e\u043c\u043f&#039;\u044e\u0442\u0435\u0440 \u0437 \u0434\u0456\u0430\u0433\u043e\u043d\u0430\u043b\u043b\u044e \u0435\u043a\u0440\u0430\u043d\u0430 18,5 \u0434\u044e\u0439\u043c\u0456\u0432, \u0440\u043e\u0437\u0440\u043e\u0431\u043b\u0435\u043d\u0438\u0439 \u0434\u043b\u044f \u0443\u043d\u0456\u0432\u0435\u0440\u0441\u0430\u043b\u044c\u043d\u043e\u0433\u043e \u0437\u0430\u0441\u0442\u043e\u0441\u0443\u0432\u0430\u043d\u043d\u044f \u0437\u0430 \u043a\u043e\u043d\u043a\u0443\u0440\u0435\u043d\u0442\u043d\u043e\u044e \u0446\u0456\u043d\u043e\u044e.","robots":{"index":"index","follow":"follow","max-snippet":"max-snippet:-1","max-image-preview":"max-image-preview:large","max-video-preview":"max-video-preview:-1"},"canonical":"https:\/\/imago-systems.com\/ua\/\u043f\u0440\u043e\u0434\u0443\u043a\u0442\/komputer-panelowy-dsp-19-kds\/","og_locale":"uk_UA","og_type":"article","og_title":"Komputer panelowy DSP-19 (KDS) \/ 18,5\" FHD - IMAGO","og_description":"Komputer panelowy DSP-19 (KDS) to nowoczesny komputer o przek\u0105tnej ekranu 18,5\", stworzony z my\u015bl\u0105 o wszechstronnych zastosowaniach w konkurencyjnej cenie.","og_url":"https:\/\/imago-systems.com\/ua\/\u043f\u0440\u043e\u0434\u0443\u043a\u0442\/komputer-panelowy-dsp-19-kds\/","og_site_name":"IMAGO","article_modified_time":"2026-04-21T12:03:55+00:00","og_image":[{"width":600,"height":600,"url":"https:\/\/imago-systems.com\/wp-content\/uploads\/2024\/10\/Panel-PC-DSP-19.jpg","type":"image\/jpeg"}],"twitter_card":"summary_large_image","twitter_misc":{"\u041f\u0440\u0438\u0431\u043b. \u0447\u0430\u0441 \u0447\u0438\u0442\u0430\u043d\u043d\u044f":"2 \u0445\u0432\u0438\u043b\u0438\u043d\u0438"},"schema":{"@context":"https:\/\/schema.org","@graph":[{"@type":"WebPage","@id":"https:\/\/imago-systems.com\/product\/komputer-panelowy-dsp-19-kds\/","url":"https:\/\/imago-systems.com\/product\/komputer-panelowy-dsp-19-kds\/","name":"DSP-19 (KDS) \/ 18,5-\u0434\u044e\u0439\u043c\u043e\u0432\u0438\u0439 FHD \u043f\u0430\u043d\u0435\u043b\u044c\u043d\u0438\u0439 \u043a\u043e\u043c\u043f&#039;\u044e\u0442\u0435\u0440 - IMAGO","isPartOf":{"@id":"https:\/\/imago-systems.com\/#website"},"primaryImageOfPage":{"@id":"https:\/\/imago-systems.com\/product\/komputer-panelowy-dsp-19-kds\/#primaryimage"},"image":{"@id":"https:\/\/imago-systems.com\/product\/komputer-panelowy-dsp-19-kds\/#primaryimage"},"thumbnailUrl":"https:\/\/imago-systems.com\/wp-content\/uploads\/2024\/10\/Panel-PC-DSP-19.jpg","datePublished":"2024-10-08T10:15:28+00:00","dateModified":"2026-04-21T12:03:55+00:00","description":"\u041f\u0430\u043d\u0435\u043b\u044c\u043d\u0438\u0439 \u043a\u043e\u043c\u043f&#039;\u044e\u0442\u0435\u0440 DSP-19 (KDS) \u2014 \u0446\u0435 \u0441\u0443\u0447\u0430\u0441\u043d\u0438\u0439 \u043a\u043e\u043c\u043f&#039;\u044e\u0442\u0435\u0440 \u0437 \u0434\u0456\u0430\u0433\u043e\u043d\u0430\u043b\u043b\u044e \u0435\u043a\u0440\u0430\u043d\u0430 18,5 \u0434\u044e\u0439\u043c\u0456\u0432, \u0440\u043e\u0437\u0440\u043e\u0431\u043b\u0435\u043d\u0438\u0439 \u0434\u043b\u044f \u0443\u043d\u0456\u0432\u0435\u0440\u0441\u0430\u043b\u044c\u043d\u043e\u0433\u043e \u0437\u0430\u0441\u0442\u043e\u0441\u0443\u0432\u0430\u043d\u043d\u044f \u0437\u0430 \u043a\u043e\u043d\u043a\u0443\u0440\u0435\u043d\u0442\u043d\u043e\u044e \u0446\u0456\u043d\u043e\u044e.","breadcrumb":{"@id":"https:\/\/imago-systems.com\/product\/komputer-panelowy-dsp-19-kds\/#breadcrumb"},"inLanguage":"uk","potentialAction":[{"@type":"ReadAction","target":["https:\/\/imago-systems.com\/product\/komputer-panelowy-dsp-19-kds\/"]}]},{"@type":"ImageObject","inLanguage":"uk","@id":"https:\/\/imago-systems.com\/product\/komputer-panelowy-dsp-19-kds\/#primaryimage","url":"https:\/\/imago-systems.com\/wp-content\/uploads\/2024\/10\/Panel-PC-DSP-19.jpg","contentUrl":"https:\/\/imago-systems.com\/wp-content\/uploads\/2024\/10\/Panel-PC-DSP-19.jpg","width":600,"height":600,"caption":"Panel KDS DSP-19"},{"@type":"BreadcrumbList","@id":"https:\/\/imago-systems.com\/product\/komputer-panelowy-dsp-19-kds\/#breadcrumb","itemListElement":[{"@type":"ListItem","position":1,"name":"Home","item":"https:\/\/imago-systems.com\/"},{"@type":"ListItem","position":2,"name":"Shop","item":"https:\/\/imago-systems.com\/shop\/"},{"@type":"ListItem","position":3,"name":"Komputery panelowe","item":"https:\/\/imago-systems.com\/product-category\/komputery-panelowe\/"},{"@type":"ListItem","position":4,"name":"Komputery panelowe DSP (KDS)","item":"https:\/\/imago-systems.com\/product-category\/komputery-panelowe\/komputery-panelowe-dsp-kds\/"},{"@type":"ListItem","position":5,"name":"Komputer panelowy DSP-19 (KDS) \/ 18,5&#8243; FHD"}]},{"@type":"WebSite","@id":"https:\/\/imago-systems.com\/#website","url":"https:\/\/imago-systems.com\/","name":"\u0421\u0438\u0441\u0442\u0435\u043c\u0438 IMAGO","description":"\u0421\u0443\u0447\u0430\u0441\u043d\u0456 \u0440\u0456\u0448\u0435\u043d\u043d\u044f \u0434\u043b\u044f \u043f\u0440\u043e\u043c\u0438\u0441\u043b\u043e\u0432\u043e\u0441\u0442\u0456 \u0442\u0430 \u0440\u043e\u0437\u0434\u0440\u0456\u0431\u043d\u043e\u0457 \u0442\u043e\u0440\u0433\u0456\u0432\u043b\u0456.","publisher":{"@id":"https:\/\/imago-systems.com\/#organization"},"alternateName":"IMAGO","potentialAction":[{"@type":"SearchAction","target":{"@type":"EntryPoint","urlTemplate":"https:\/\/imago-systems.com\/?s={search_term_string}"},"query-input":{"@type":"PropertyValueSpecification","valueRequired":true,"valueName":"search_term_string"}}],"inLanguage":"uk"},{"@type":"Organization","@id":"https:\/\/imago-systems.com\/#organization","name":"IMAGO \u041f\u043e\u043b\u044c\u0449\u0430, \u0442\u043e\u0432\u0430\u0440\u0438\u0441\u0442\u0432\u043e \u0437 \u043e\u0431\u043c\u0435\u0436\u0435\u043d\u043e\u044e \u0432\u0456\u0434\u043f\u043e\u0432\u0456\u0434\u0430\u043b\u044c\u043d\u0456\u0441\u0442\u044e","alternateName":"IMAGO","url":"https:\/\/imago-systems.com\/","logo":{"@type":"ImageObject","inLanguage":"uk","@id":"https:\/\/imago-systems.com\/#\/schema\/logo\/image\/","url":"https:\/\/imago-systems.com\/wp-content\/uploads\/2024\/11\/cropped-cropped-cropped-IMAGO-LOGO-.jpg","contentUrl":"https:\/\/imago-systems.com\/wp-content\/uploads\/2024\/11\/cropped-cropped-cropped-IMAGO-LOGO-.jpg","width":512,"height":512,"caption":"IMAGO Poland sp. z o.o."},"image":{"@id":"https:\/\/imago-systems.com\/#\/schema\/logo\/image\/"},"sameAs":["https:\/\/www.linkedin.com\/company\/imago-poland\/"]}]}},"_links":{"self":[{"href":"https:\/\/imago-systems.com\/ua\/wp-json\/wp\/v2\/product\/14489","targetHints":{"allow":["GET"]}}],"collection":[{"href":"https:\/\/imago-systems.com\/ua\/wp-json\/wp\/v2\/product"}],"about":[{"href":"https:\/\/imago-systems.com\/ua\/wp-json\/wp\/v2\/types\/product"}],"replies":[{"embeddable":true,"href":"https:\/\/imago-systems.com\/ua\/wp-json\/wp\/v2\/comments?post=14489"}],"wp:featuredmedia":[{"embeddable":true,"href":"https:\/\/imago-systems.com\/ua\/wp-json\/wp\/v2\/media\/14499"}],"wp:attachment":[{"href":"https:\/\/imago-systems.com\/ua\/wp-json\/wp\/v2\/media?parent=14489"}],"wp:term":[{"taxonomy":"product_brand","embeddable":true,"href":"https:\/\/imago-systems.com\/ua\/wp-json\/wp\/v2\/product_brand?post=14489"},{"taxonomy":"product_cat","embeddable":true,"href":"https:\/\/imago-systems.com\/ua\/wp-json\/wp\/v2\/product_cat?post=14489"},{"taxonomy":"product_tag","embeddable":true,"href":"https:\/\/imago-systems.com\/ua\/wp-json\/wp\/v2\/product_tag?post=14489"}],"curies":[{"name":"\u0412\u041f","href":"https:\/\/api.w.org\/{rel}","templated":true}]}}