{"id":14484,"date":"2024-10-08T11:44:01","date_gmt":"2024-10-08T08:44:01","guid":{"rendered":"http:\/\/imago-systems.com\/?post_type=product&#038;p=14484"},"modified":"2026-04-28T13:07:52","modified_gmt":"2026-04-28T12:07:52","slug":"komputer-panelowy-dsp-15-kds","status":"publish","type":"product","link":"https:\/\/imago-systems.com\/ua\/%d0%bf%d1%80%d0%be%d0%b4%d1%83%d0%ba%d1%82\/komputer-panelowy-dsp-15-kds\/","title":{"rendered":"DSP-15 (KDS) \/ 15-\u0434\u044e\u0439\u043c\u043e\u0432\u0438\u0439 \u043f\u0430\u043d\u0435\u043b\u044c\u043d\u0438\u0439 \u043a\u043e\u043c\u043f&#039;\u044e\u0442\u0435\u0440 4:3"},"content":{"rendered":"<div class=\"flex-shrink-0 flex flex-col relative items-end\">\n<div class=\"pt-0\">\n<div class=\"gizmo-bot-avatar flex h-8 w-8 items-center justify-center overflow-hidden rounded-full\">\n<p data-start=\"357\" data-end=\"553\">\u041f\u0430\u043d\u0435\u043b\u044c\u043d\u0456 \u043a\u043e\u043c\u043f&#039;\u044e\u0442\u0435\u0440\u0438 \u0441\u0435\u0440\u0456\u0457 DSP \u0434\u0443\u0436\u0435 \u0447\u0430\u0441\u0442\u043e \u0432\u0438\u043a\u043e\u0440\u0438\u0441\u0442\u043e\u0432\u0443\u044e\u0442\u044c\u0441\u044f \u044f\u043a \u0435\u043b\u0435\u043c\u0435\u043d\u0442 <strong>\u0421\u0438\u0441\u0442\u0435\u043c\u0438 KDS (\u0441\u0438\u0441\u0442\u0435\u043c\u0430 \u043a\u0443\u0445\u043e\u043d\u043d\u0438\u0445 \u0434\u0438\u0441\u043f\u043b\u0435\u0457\u0432)<\/strong>, \u044f\u043a\u0456 \u043e\u0440\u0433\u0430\u043d\u0456\u0437\u043e\u0432\u0443\u044e\u0442\u044c \u0440\u043e\u0431\u043e\u0442\u0443 \u043a\u0443\u0445\u043d\u0456 \u0432\u0456\u0434 \u043c\u043e\u043c\u0435\u043d\u0442\u0443 \u043e\u0442\u0440\u0438\u043c\u0430\u043d\u043d\u044f \u0437\u0430\u043c\u043e\u0432\u043b\u0435\u043d\u043d\u044f \u0434\u043e \u043c\u043e\u043c\u0435\u043d\u0442\u0443 \u0439\u043e\u0433\u043e \u0432\u0438\u0434\u0430\u0447\u0456.<\/p>\n<p data-start=\"357\" data-end=\"553\">\n<p data-start=\"555\" data-end=\"922\">\u0417\u0430\u043c\u043e\u0432\u043b\u0435\u043d\u043d\u044f \u043d\u0430\u0434\u0441\u0438\u043b\u0430\u044e\u0442\u044c\u0441\u044f \u0431\u0435\u0437\u043f\u043e\u0441\u0435\u0440\u0435\u0434\u043d\u044c\u043e \u043d\u0430 \u0435\u043a\u0440\u0430\u043d, \u0434\u0435 \u0432\u043e\u043d\u0438 \u0430\u0432\u0442\u043e\u043c\u0430\u0442\u0438\u0447\u043d\u043e \u0433\u0440\u0443\u043f\u0443\u044e\u0442\u044c\u0441\u044f, \u043e\u043d\u043e\u0432\u043b\u044e\u044e\u0442\u044c\u0441\u044f \u0442\u0430 \u043f\u043e\u0437\u043d\u0430\u0447\u0430\u044e\u0442\u044c\u0441\u044f \u0441\u0442\u0430\u0442\u0443\u0441\u043e\u043c \u0432\u0438\u043a\u043e\u043d\u0430\u043d\u043d\u044f. \u041a\u043e\u043c\u0430\u043d\u0434\u0430 \u043a\u0443\u0445\u043d\u0456 \u043c\u0430\u0454 \u043f\u043e\u0441\u0442\u0456\u0439\u043d\u0438\u0439 \u043e\u0433\u043b\u044f\u0434 \u0442\u043e\u0433\u043e, \u0449\u043e \u0432\u0438\u043a\u043e\u043d\u0443\u0454\u0442\u044c\u0441\u044f, \u0449\u043e \u043e\u0447\u0456\u043a\u0443\u0454 \u043d\u0430 \u0432\u0438\u043a\u043e\u043d\u0430\u043d\u043d\u044f \u0442\u0430 \u0449\u043e \u043f\u043e\u0442\u0440\u0435\u0431\u0443\u0454 \u043f\u0440\u0456\u043e\u0440\u0438\u0442\u0435\u0442\u043d\u043e\u0441\u0442\u0456.<\/p>\n<p data-start=\"555\" data-end=\"922\"><br data-start=\"786\" data-end=\"789\" \/>\u041d\u0430 \u043f\u0440\u0430\u043a\u0442\u0438\u0446\u0456 \u0446\u0435 \u0443\u0441\u0443\u0432\u0430\u0454 \u043d\u0435\u043e\u0431\u0445\u0456\u0434\u043d\u0456\u0441\u0442\u044c \u043f\u0440\u0430\u0446\u044e\u0432\u0430\u0442\u0438 \u0437 \u0440\u043e\u0437\u0434\u0440\u0443\u043a\u0456\u0432\u043a\u0430\u043c\u0438, \u0437\u043c\u0435\u043d\u0448\u0443\u0454 \u043a\u0456\u043b\u044c\u043a\u0456\u0441\u0442\u044c \u043f\u043e\u043c\u0438\u043b\u043e\u043a \u0442\u0430 \u0441\u043a\u043e\u0440\u043e\u0447\u0443\u0454 \u0447\u0430\u0441 \u0432\u0438\u043a\u043e\u043d\u0430\u043d\u043d\u044f, \u043e\u0441\u043e\u0431\u043b\u0438\u0432\u043e \u0432 \u0433\u043e\u0434\u0438\u043d\u0438 \u043f\u0456\u043a.<\/p>\n<p data-start=\"555\" data-end=\"922\">\n<h2 data-start=\"924\" data-end=\"1001\"><strong>\u041e\u043a\u0440\u0456\u043c \u0432\u0438\u043a\u043e\u0440\u0438\u0441\u0442\u0430\u043d\u043d\u044f \u0432 \u0433\u0430\u0441\u0442\u0440\u043e\u043d\u043e\u043c\u0456\u0457, DSP-\u043f\u0430\u043d\u0435\u043b\u0456 \u0442\u0430\u043a\u043e\u0436 \u0432\u0438\u043a\u043e\u0440\u0438\u0441\u0442\u043e\u0432\u0443\u044e\u0442\u044c\u0441\u044f \u044f\u043a:<\/strong><\/h2>\n<ul data-start=\"1002\" data-end=\"1210\">\n<li data-section-id=\"j9eqyf\" data-start=\"1002\" data-end=\"1081\">\u043f\u043e\u0441\u0430\u0434\u0438 \u043e\u043f\u0435\u0440\u0430\u0442\u043e\u0440\u0456\u0432 \u0443 \u0432\u0438\u0440\u043e\u0431\u043d\u0438\u0446\u0442\u0432\u0456 (\u0435\u043a\u0441\u043f\u043b\u0443\u0430\u0442\u0430\u0446\u0456\u044f \u0441\u0438\u0441\u0442\u0435\u043c\u0438, \u0432\u0432\u0435\u0434\u0435\u043d\u043d\u044f \u0434\u0430\u043d\u0438\u0445)<\/li>\n<li data-section-id=\"1h7v4jl\" data-start=\"1082\" data-end=\"1122\">\u0456\u043d\u0444\u043e\u0440\u043c\u0430\u0446\u0456\u0439\u043d\u043e-\u043f\u0440\u043e\u0434\u0430\u0436\u043d\u0456 \u0442\u0435\u0440\u043c\u0456\u043d\u0430\u043b\u0438<\/li>\n<li data-section-id=\"4kbn1m\" data-start=\"1123\" data-end=\"1159\">\u0435\u043b\u0435\u043c\u0435\u043d\u0442\u0438 \u043a\u0456\u043e\u0441\u043a\u0443 \u0441\u0430\u043c\u043e\u043e\u0431\u0441\u043b\u0443\u0433\u043e\u0432\u0443\u0432\u0430\u043d\u043d\u044f<\/li>\n<li data-section-id=\"lwh4qb\" data-start=\"1160\" data-end=\"1210\">\u0435\u043a\u0440\u0430\u043d\u0438 \u0434\u043b\u044f \u043f\u0440\u0435\u0437\u0435\u043d\u0442\u0430\u0446\u0456\u0457 \u043a\u043e\u043d\u0442\u0435\u043d\u0442\u0443 (\u0446\u0438\u0444\u0440\u043e\u0432\u0456 \u0432\u0438\u0432\u0456\u0441\u043a\u0438)<\/li>\n<\/ul>\n<p data-start=\"1212\" data-end=\"1331\">\u0426\u0435 \u0434\u043e\u0437\u0432\u043e\u043b\u044f\u0454 \u043e\u0434\u043d\u043e\u043c\u0443 \u043f\u0440\u0438\u0441\u0442\u0440\u043e\u044e \u043f\u0456\u0434\u0442\u0440\u0438\u043c\u0443\u0432\u0430\u0442\u0438 \u0440\u0456\u0437\u043d\u0456 \u0441\u0444\u0435\u0440\u0438 \u0431\u0456\u0437\u043d\u0435\u0441\u0443, \u0432\u0456\u0434 \u043e\u043f\u0435\u0440\u0430\u0446\u0456\u0439 \u0431\u0435\u043a-\u043e\u0444\u0456\u0441\u0443 \u0434\u043e \u043a\u043e\u043d\u0442\u0430\u043a\u0442\u0443 \u0437 \u043a\u043b\u0456\u0454\u043d\u0442\u0430\u043c\u0438.<\/p>\n<p data-start=\"1212\" data-end=\"1331\">\n<\/div>\n<\/div>\n<\/div>\n<hr \/>\n<h2><strong>\u041e\u0441\u043d\u043e\u0432\u043d\u0456 \u0445\u0430\u0440\u0430\u043a\u0442\u0435\u0440\u0438\u0441\u0442\u0438\u043a\u0438 \u043f\u0430\u043d\u0435\u043b\u0456 DSP-15:<\/strong><\/h2>\n<ul>\n<li><strong>15-\u0434\u044e\u0439\u043c\u043e\u0432\u0438\u0439 \u0435\u043a\u0440\u0430\u043d <\/strong><strong>\u0420\u041a-\u0434\u0438\u0441\u043f\u043b\u0435\u0439<\/strong> \u0437 \u0440\u043e\u0437\u0434\u0456\u043b\u044c\u043d\u043e\u044e \u0437\u0434\u0430\u0442\u043d\u0456\u0441\u0442\u044e 1024 x 768 (4:3)<\/li>\n<li><strong>\u0414\u0432\u0456 \u0441\u0435\u043d\u0441\u043e\u0440\u043d\u0456 \u0442\u0435\u0445\u043d\u043e\u043b\u043e\u0433\u0456\u0457:<\/strong> \u0454\u043c\u043d\u0456\u0441\u043d\u0456 \u0442\u0430 \u0440\u0435\u0437\u0438\u0441\u0442\u0438\u0432\u043d\u0456.<\/li>\n<li><strong>\u041f\u0430\u043c&#039;\u044f\u0442\u044c<\/strong> \u0434\u043e 32 \u0413\u0411 \u043e\u043f\u0435\u0440\u0430\u0442\u0438\u0432\u043d\u043e\u0457 \u043f\u0430\u043c&#039;\u044f\u0442\u0456 DDR4.<\/li>\n<li><b>SSD-\u043d\u0430\u043a\u043e\u043f\u0438\u0447\u0443\u0432\u0430\u0447 <\/b>\u0434\u043e 512 \u0413\u0411<\/li>\n<li>\u041c\u043e\u0436\u043b\u0438\u0432\u0456\u0441\u0442\u044c \u0432\u0441\u0442\u0430\u043d\u043e\u0432\u043b\u0435\u043d\u043d\u044f \u0441\u0438\u0441\u0442\u0435\u043c\u0438 <strong>\u0412\u0456\u043a\u043d\u0430<\/strong>.<\/li>\n<li><strong>\u0414\u0456\u0430\u043f\u0430\u0437\u043e\u043d \u0440\u043e\u0431\u043e\u0447\u0438\u0445 \u0442\u0435\u043c\u043f\u0435\u0440\u0430\u0442\u0443\u0440:<\/strong> 0 ~ 50\u00b0C.<\/li>\n<\/ul>\n<p>&nbsp;<\/p>\n<h3><strong>\u041f\u0435\u0440\u0435\u0433\u043b\u044f\u043d\u044c\u0442\u0435, \u0449\u043e \u043f\u0440\u043e\u043f\u043e\u043d\u0443\u044e\u0442\u044c \u0456\u043d\u0448\u0456<a href=\"https:\/\/imago-systems.com\/ua\/%d0%ba%d0%b0%d1%82%d0%b5%d0%b3%d0%be%d1%80%d1%96%d1%8f-%d0%bf%d1%80%d0%be%d0%b4%d1%83%d0%ba%d1%82%d1%83\/%d0%bf%d0%b0%d0%bd%d0%b5%d0%bb%d1%8c%d0%bd%d1%96-%d0%ba%d0%be%d0%bc%d0%bf%d1%8e%d1%82%d0%b5%d1%80%d0%b8\/\"> \u041f\u0430\u043d\u0435\u043b\u044c\u043d\u0456 \u043a\u043e\u043c\u043f&#039;\u044e\u0442\u0435\u0440\u0438<\/a> \u0406\u041c\u0410\u0413\u041e.<\/strong><\/h3>","protected":false},"excerpt":{"rendered":"<p>\u041f\u0430\u043d\u0435\u043b\u044c\u043d\u0438\u0439 \u043a\u043e\u043c\u043f&#039;\u044e\u0442\u0435\u0440 DSP-15 \u2014 \u0446\u0435 \u0441\u0443\u0447\u0430\u0441\u043d\u0438\u0439 \u043f\u0430\u043d\u0435\u043b\u044c\u043d\u0438\u0439 \u043a\u043e\u043c\u043f&#039;\u044e\u0442\u0435\u0440 \u0456\u0437 15-\u0434\u044e\u0439\u043c\u043e\u0432\u0438\u043c \u0435\u043a\u0440\u0430\u043d\u043e\u043c, \u0440\u043e\u0437\u0440\u043e\u0431\u043b\u0435\u043d\u0438\u0439 \u0434\u043b\u044f \u0443\u043d\u0456\u0432\u0435\u0440\u0441\u0430\u043b\u044c\u043d\u043e\u0433\u043e \u0437\u0430\u0441\u0442\u043e\u0441\u0443\u0432\u0430\u043d\u043d\u044f. \u0412\u0456\u043d \u043e\u0441\u043d\u0430\u0449\u0435\u043d\u0438\u0439 \u0420\u041a-\u0434\u0438\u0441\u043f\u043b\u0435\u0454\u043c \u0437 \u0440\u043e\u0437\u0434\u0456\u043b\u044c\u043d\u043e\u044e \u0437\u0434\u0430\u0442\u043d\u0456\u0441\u0442\u044e 1024 x 768 (4:3) \u0442\u0430 \u0434\u0432\u043e\u043c\u0430 \u0432\u0430\u0440\u0456\u0430\u043d\u0442\u0430\u043c\u0438 \u0441\u0435\u043d\u0441\u043e\u0440\u043d\u043e\u0433\u043e \u043a\u0435\u0440\u0443\u0432\u0430\u043d\u043d\u044f \u2014 \u0454\u043c\u043d\u0456\u0441\u043d\u0438\u043c \u0442\u0430 \u0440\u0435\u0437\u0438\u0441\u0442\u0438\u0432\u043d\u0438\u043c. \u041c\u043e\u0436\u043b\u0438\u0432\u0456\u0441\u0442\u044c \u0440\u043e\u0437\u0448\u0438\u0440\u0435\u043d\u043d\u044f \u043e\u043f\u0435\u0440\u0430\u0442\u0438\u0432\u043d\u043e\u0457 \u043f\u0430\u043c&#039;\u044f\u0442\u0456 \u0434\u043e 32 \u0413\u0411 \u0442\u0430 \u0442\u0432\u0435\u0440\u0434\u043e\u0442\u0456\u043b\u044c\u043d\u043e\u0433\u043e \u043d\u0430\u043a\u043e\u043f\u0438\u0447\u0443\u0432\u0430\u0447\u0430 \u0434\u043e 512 \u0413\u0411, \u0443 \u043f\u043e\u0454\u0434\u043d\u0430\u043d\u043d\u0456 \u0437 \u0448\u0438\u0440\u043e\u043a\u0438\u043c \u0441\u043f\u0435\u043a\u0442\u0440\u043e\u043c \u0456\u043d\u0442\u0435\u0440\u0444\u0435\u0439\u0441\u0456\u0432 (USB, HDMI, LAN, Wi-Fi), \u0434\u043e\u0437\u0432\u043e\u043b\u044f\u0454 \u0433\u043d\u0443\u0447\u043a\u043e \u043d\u0430\u043b\u0430\u0448\u0442\u043e\u0432\u0443\u0432\u0430\u0442\u0438 \u043a\u043e\u043d\u0444\u0456\u0433\u0443\u0440\u0430\u0446\u0456\u044e \u0432\u0456\u0434\u043f\u043e\u0432\u0456\u0434\u043d\u043e \u0434\u043e \u043f\u043e\u0442\u0440\u0435\u0431 \u043a\u043e\u0440\u0438\u0441\u0442\u0443\u0432\u0430\u0447\u0430.<\/p>","protected":false},"featured_media":14707,"comment_status":"open","ping_status":"closed","template":"","meta":[],"product_brand":[],"product_cat":[40,244],"product_tag":[],"class_list":{"0":"post-14484","1":"product","2":"type-product","3":"status-publish","4":"has-post-thumbnail","6":"product_cat-komputery-panelowe","7":"product_cat-komputery-panelowe-dsp-kds","9":"first","10":"instock","11":"shipping-taxable","12":"purchasable","13":"product-type-variable"},"acf":[],"yoast_head":"<!-- This site is optimized with the Yoast SEO plugin v27.6 - https:\/\/yoast.com\/product\/yoast-seo-wordpress\/ -->\n<title>Komputer panelowy DSP-15 (KDS) \/ 15&quot; 4:3 - IMAGO<\/title>\n<meta name=\"description\" content=\"Komputer panelowy KDS DSP-15 to nowoczesny komputer o przek\u0105tnej ekranu 15&quot;, stworzony z my\u015bl\u0105 o wszechstronnych zastosowaniach w konkurencyjnej cenie.\" \/>\n<meta name=\"robots\" content=\"index, follow, max-snippet:-1, max-image-preview:large, max-video-preview:-1\" \/>\n<link rel=\"canonical\" href=\"https:\/\/imago-systems.com\/ua\/\u043f\u0440\u043e\u0434\u0443\u043a\u0442\/komputer-panelowy-dsp-15-kds\/\" \/>\n<meta property=\"og:locale\" content=\"uk_UA\" \/>\n<meta property=\"og:type\" content=\"article\" \/>\n<meta property=\"og:title\" content=\"Komputer panelowy DSP-15 (KDS) \/ 15&quot; 4:3 - IMAGO\" \/>\n<meta property=\"og:description\" content=\"Komputer panelowy KDS DSP-15 to nowoczesny komputer o przek\u0105tnej ekranu 15&quot;, stworzony z my\u015bl\u0105 o wszechstronnych zastosowaniach w konkurencyjnej cenie.\" \/>\n<meta property=\"og:url\" content=\"https:\/\/imago-systems.com\/ua\/\u043f\u0440\u043e\u0434\u0443\u043a\u0442\/komputer-panelowy-dsp-15-kds\/\" \/>\n<meta property=\"og:site_name\" content=\"IMAGO\" \/>\n<meta property=\"article:modified_time\" content=\"2026-04-28T12:07:52+00:00\" \/>\n<meta property=\"og:image\" content=\"https:\/\/imago-systems.com\/wp-content\/uploads\/2024\/10\/PANEL-PC-DSP-15-IMAGO.jpg\" \/>\n\t<meta property=\"og:image:width\" content=\"600\" \/>\n\t<meta property=\"og:image:height\" content=\"600\" \/>\n\t<meta property=\"og:image:type\" content=\"image\/jpeg\" \/>\n<meta name=\"twitter:card\" content=\"summary_large_image\" \/>\n<meta name=\"twitter:label1\" content=\"\u041f\u0440\u0438\u0431\u043b. \u0447\u0430\u0441 \u0447\u0438\u0442\u0430\u043d\u043d\u044f\" \/>\n\t<meta name=\"twitter:data1\" content=\"2 \u0445\u0432\u0438\u043b\u0438\u043d\u0438\" \/>\n<script type=\"application\/ld+json\" class=\"yoast-schema-graph\">{\"@context\":\"https:\\\/\\\/schema.org\",\"@graph\":[{\"@type\":\"WebPage\",\"@id\":\"https:\\\/\\\/imago-systems.com\\\/product\\\/komputer-panelowy-dsp-15-kds\\\/\",\"url\":\"https:\\\/\\\/imago-systems.com\\\/product\\\/komputer-panelowy-dsp-15-kds\\\/\",\"name\":\"Komputer panelowy DSP-15 (KDS) \\\/ 15\\\" 4:3 - IMAGO\",\"isPartOf\":{\"@id\":\"https:\\\/\\\/imago-systems.com\\\/#website\"},\"primaryImageOfPage\":{\"@id\":\"https:\\\/\\\/imago-systems.com\\\/product\\\/komputer-panelowy-dsp-15-kds\\\/#primaryimage\"},\"image\":{\"@id\":\"https:\\\/\\\/imago-systems.com\\\/product\\\/komputer-panelowy-dsp-15-kds\\\/#primaryimage\"},\"thumbnailUrl\":\"https:\\\/\\\/imago-systems.com\\\/wp-content\\\/uploads\\\/2024\\\/10\\\/PANEL-PC-DSP-15-IMAGO.jpg\",\"datePublished\":\"2024-10-08T08:44:01+00:00\",\"dateModified\":\"2026-04-28T12:07:52+00:00\",\"description\":\"Komputer panelowy KDS DSP-15 to nowoczesny komputer o przek\u0105tnej ekranu 15\\\", stworzony z my\u015bl\u0105 o wszechstronnych zastosowaniach w konkurencyjnej cenie.\",\"breadcrumb\":{\"@id\":\"https:\\\/\\\/imago-systems.com\\\/product\\\/komputer-panelowy-dsp-15-kds\\\/#breadcrumb\"},\"inLanguage\":\"uk\",\"potentialAction\":[{\"@type\":\"ReadAction\",\"target\":[\"https:\\\/\\\/imago-systems.com\\\/product\\\/komputer-panelowy-dsp-15-kds\\\/\"]}]},{\"@type\":\"ImageObject\",\"inLanguage\":\"uk\",\"@id\":\"https:\\\/\\\/imago-systems.com\\\/product\\\/komputer-panelowy-dsp-15-kds\\\/#primaryimage\",\"url\":\"https:\\\/\\\/imago-systems.com\\\/wp-content\\\/uploads\\\/2024\\\/10\\\/PANEL-PC-DSP-15-IMAGO.jpg\",\"contentUrl\":\"https:\\\/\\\/imago-systems.com\\\/wp-content\\\/uploads\\\/2024\\\/10\\\/PANEL-PC-DSP-15-IMAGO.jpg\",\"width\":600,\"height\":600,\"caption\":\"Komputer panelowy KDS z nak\u0142adk\u0105 rezystancyjn\u0105 lub pojemno\u015bciow\u0105 IMAGO\"},{\"@type\":\"BreadcrumbList\",\"@id\":\"https:\\\/\\\/imago-systems.com\\\/product\\\/komputer-panelowy-dsp-15-kds\\\/#breadcrumb\",\"itemListElement\":[{\"@type\":\"ListItem\",\"position\":1,\"name\":\"Home\",\"item\":\"https:\\\/\\\/imago-systems.com\\\/\"},{\"@type\":\"ListItem\",\"position\":2,\"name\":\"Shop\",\"item\":\"https:\\\/\\\/imago-systems.com\\\/shop\\\/\"},{\"@type\":\"ListItem\",\"position\":3,\"name\":\"Komputery panelowe\",\"item\":\"https:\\\/\\\/imago-systems.com\\\/product-category\\\/komputery-panelowe\\\/\"},{\"@type\":\"ListItem\",\"position\":4,\"name\":\"Komputery panelowe DSP (KDS)\",\"item\":\"https:\\\/\\\/imago-systems.com\\\/product-category\\\/komputery-panelowe\\\/komputery-panelowe-dsp-kds\\\/\"},{\"@type\":\"ListItem\",\"position\":5,\"name\":\"Komputer panelowy DSP-15 (KDS) \\\/ 15&#8243; 4:3\"}]},{\"@type\":\"WebSite\",\"@id\":\"https:\\\/\\\/imago-systems.com\\\/#website\",\"url\":\"https:\\\/\\\/imago-systems.com\\\/\",\"name\":\"IMAGO systems\",\"description\":\"Nowoczesne rozwi\u0105zania dla przemys\u0142u i handlu detalicznego.\",\"publisher\":{\"@id\":\"https:\\\/\\\/imago-systems.com\\\/#organization\"},\"alternateName\":\"IMAGO\",\"potentialAction\":[{\"@type\":\"SearchAction\",\"target\":{\"@type\":\"EntryPoint\",\"urlTemplate\":\"https:\\\/\\\/imago-systems.com\\\/?s={search_term_string}\"},\"query-input\":{\"@type\":\"PropertyValueSpecification\",\"valueRequired\":true,\"valueName\":\"search_term_string\"}}],\"inLanguage\":\"uk\"},{\"@type\":\"Organization\",\"@id\":\"https:\\\/\\\/imago-systems.com\\\/#organization\",\"name\":\"IMAGO Poland sp. z o.o.\",\"alternateName\":\"IMAGO\",\"url\":\"https:\\\/\\\/imago-systems.com\\\/\",\"logo\":{\"@type\":\"ImageObject\",\"inLanguage\":\"uk\",\"@id\":\"https:\\\/\\\/imago-systems.com\\\/#\\\/schema\\\/logo\\\/image\\\/\",\"url\":\"https:\\\/\\\/imago-systems.com\\\/wp-content\\\/uploads\\\/2024\\\/11\\\/cropped-cropped-cropped-IMAGO-LOGO-.jpg\",\"contentUrl\":\"https:\\\/\\\/imago-systems.com\\\/wp-content\\\/uploads\\\/2024\\\/11\\\/cropped-cropped-cropped-IMAGO-LOGO-.jpg\",\"width\":512,\"height\":512,\"caption\":\"IMAGO Poland sp. z o.o.\"},\"image\":{\"@id\":\"https:\\\/\\\/imago-systems.com\\\/#\\\/schema\\\/logo\\\/image\\\/\"},\"sameAs\":[\"https:\\\/\\\/www.linkedin.com\\\/company\\\/imago-poland\\\/\"]}]}<\/script>\n<!-- \/ Yoast SEO plugin. -->","yoast_head_json":{"title":"DSP-15 (KDS) \/ 15-\u0434\u044e\u0439\u043c\u043e\u0432\u0438\u0439 \u043f\u0430\u043d\u0435\u043b\u044c\u043d\u0438\u0439 \u043a\u043e\u043c\u043f&#039;\u044e\u0442\u0435\u0440 4:3 - IMAGO","description":"Komputer panelowy KDS DSP-15 to nowoczesny komputer o przek\u0105tnej ekranu 15\", stworzony z my\u015bl\u0105 o wszechstronnych zastosowaniach w konkurencyjnej cenie.","robots":{"index":"index","follow":"follow","max-snippet":"max-snippet:-1","max-image-preview":"max-image-preview:large","max-video-preview":"max-video-preview:-1"},"canonical":"https:\/\/imago-systems.com\/ua\/\u043f\u0440\u043e\u0434\u0443\u043a\u0442\/komputer-panelowy-dsp-15-kds\/","og_locale":"uk_UA","og_type":"article","og_title":"Komputer panelowy DSP-15 (KDS) \/ 15\" 4:3 - IMAGO","og_description":"Komputer panelowy KDS DSP-15 to nowoczesny komputer o przek\u0105tnej ekranu 15\", stworzony z my\u015bl\u0105 o wszechstronnych zastosowaniach w konkurencyjnej cenie.","og_url":"https:\/\/imago-systems.com\/ua\/\u043f\u0440\u043e\u0434\u0443\u043a\u0442\/komputer-panelowy-dsp-15-kds\/","og_site_name":"IMAGO","article_modified_time":"2026-04-28T12:07:52+00:00","og_image":[{"width":600,"height":600,"url":"https:\/\/imago-systems.com\/wp-content\/uploads\/2024\/10\/PANEL-PC-DSP-15-IMAGO.jpg","type":"image\/jpeg"}],"twitter_card":"summary_large_image","twitter_misc":{"\u041f\u0440\u0438\u0431\u043b. \u0447\u0430\u0441 \u0447\u0438\u0442\u0430\u043d\u043d\u044f":"2 \u0445\u0432\u0438\u043b\u0438\u043d\u0438"},"schema":{"@context":"https:\/\/schema.org","@graph":[{"@type":"WebPage","@id":"https:\/\/imago-systems.com\/product\/komputer-panelowy-dsp-15-kds\/","url":"https:\/\/imago-systems.com\/product\/komputer-panelowy-dsp-15-kds\/","name":"DSP-15 (KDS) \/ 15-\u0434\u044e\u0439\u043c\u043e\u0432\u0438\u0439 \u043f\u0430\u043d\u0435\u043b\u044c\u043d\u0438\u0439 \u043a\u043e\u043c\u043f&#039;\u044e\u0442\u0435\u0440 4:3 - IMAGO","isPartOf":{"@id":"https:\/\/imago-systems.com\/#website"},"primaryImageOfPage":{"@id":"https:\/\/imago-systems.com\/product\/komputer-panelowy-dsp-15-kds\/#primaryimage"},"image":{"@id":"https:\/\/imago-systems.com\/product\/komputer-panelowy-dsp-15-kds\/#primaryimage"},"thumbnailUrl":"https:\/\/imago-systems.com\/wp-content\/uploads\/2024\/10\/PANEL-PC-DSP-15-IMAGO.jpg","datePublished":"2024-10-08T08:44:01+00:00","dateModified":"2026-04-28T12:07:52+00:00","description":"Komputer panelowy KDS DSP-15 to nowoczesny komputer o przek\u0105tnej ekranu 15\", stworzony z my\u015bl\u0105 o wszechstronnych zastosowaniach w konkurencyjnej cenie.","breadcrumb":{"@id":"https:\/\/imago-systems.com\/product\/komputer-panelowy-dsp-15-kds\/#breadcrumb"},"inLanguage":"uk","potentialAction":[{"@type":"ReadAction","target":["https:\/\/imago-systems.com\/product\/komputer-panelowy-dsp-15-kds\/"]}]},{"@type":"ImageObject","inLanguage":"uk","@id":"https:\/\/imago-systems.com\/product\/komputer-panelowy-dsp-15-kds\/#primaryimage","url":"https:\/\/imago-systems.com\/wp-content\/uploads\/2024\/10\/PANEL-PC-DSP-15-IMAGO.jpg","contentUrl":"https:\/\/imago-systems.com\/wp-content\/uploads\/2024\/10\/PANEL-PC-DSP-15-IMAGO.jpg","width":600,"height":600,"caption":"Komputer panelowy KDS z nak\u0142adk\u0105 rezystancyjn\u0105 lub pojemno\u015bciow\u0105 IMAGO"},{"@type":"BreadcrumbList","@id":"https:\/\/imago-systems.com\/product\/komputer-panelowy-dsp-15-kds\/#breadcrumb","itemListElement":[{"@type":"ListItem","position":1,"name":"Home","item":"https:\/\/imago-systems.com\/"},{"@type":"ListItem","position":2,"name":"Shop","item":"https:\/\/imago-systems.com\/shop\/"},{"@type":"ListItem","position":3,"name":"Komputery panelowe","item":"https:\/\/imago-systems.com\/product-category\/komputery-panelowe\/"},{"@type":"ListItem","position":4,"name":"Komputery panelowe DSP (KDS)","item":"https:\/\/imago-systems.com\/product-category\/komputery-panelowe\/komputery-panelowe-dsp-kds\/"},{"@type":"ListItem","position":5,"name":"Komputer panelowy DSP-15 (KDS) \/ 15&#8243; 4:3"}]},{"@type":"WebSite","@id":"https:\/\/imago-systems.com\/#website","url":"https:\/\/imago-systems.com\/","name":"\u0421\u0438\u0441\u0442\u0435\u043c\u0438 IMAGO","description":"\u0421\u0443\u0447\u0430\u0441\u043d\u0456 \u0440\u0456\u0448\u0435\u043d\u043d\u044f \u0434\u043b\u044f \u043f\u0440\u043e\u043c\u0438\u0441\u043b\u043e\u0432\u043e\u0441\u0442\u0456 \u0442\u0430 \u0440\u043e\u0437\u0434\u0440\u0456\u0431\u043d\u043e\u0457 \u0442\u043e\u0440\u0433\u0456\u0432\u043b\u0456.","publisher":{"@id":"https:\/\/imago-systems.com\/#organization"},"alternateName":"IMAGO","potentialAction":[{"@type":"SearchAction","target":{"@type":"EntryPoint","urlTemplate":"https:\/\/imago-systems.com\/?s={search_term_string}"},"query-input":{"@type":"PropertyValueSpecification","valueRequired":true,"valueName":"search_term_string"}}],"inLanguage":"uk"},{"@type":"Organization","@id":"https:\/\/imago-systems.com\/#organization","name":"IMAGO \u041f\u043e\u043b\u044c\u0449\u0430, \u0442\u043e\u0432\u0430\u0440\u0438\u0441\u0442\u0432\u043e \u0437 \u043e\u0431\u043c\u0435\u0436\u0435\u043d\u043e\u044e \u0432\u0456\u0434\u043f\u043e\u0432\u0456\u0434\u0430\u043b\u044c\u043d\u0456\u0441\u0442\u044e","alternateName":"IMAGO","url":"https:\/\/imago-systems.com\/","logo":{"@type":"ImageObject","inLanguage":"uk","@id":"https:\/\/imago-systems.com\/#\/schema\/logo\/image\/","url":"https:\/\/imago-systems.com\/wp-content\/uploads\/2024\/11\/cropped-cropped-cropped-IMAGO-LOGO-.jpg","contentUrl":"https:\/\/imago-systems.com\/wp-content\/uploads\/2024\/11\/cropped-cropped-cropped-IMAGO-LOGO-.jpg","width":512,"height":512,"caption":"IMAGO Poland sp. z o.o."},"image":{"@id":"https:\/\/imago-systems.com\/#\/schema\/logo\/image\/"},"sameAs":["https:\/\/www.linkedin.com\/company\/imago-poland\/"]}]}},"_links":{"self":[{"href":"https:\/\/imago-systems.com\/ua\/wp-json\/wp\/v2\/product\/14484","targetHints":{"allow":["GET"]}}],"collection":[{"href":"https:\/\/imago-systems.com\/ua\/wp-json\/wp\/v2\/product"}],"about":[{"href":"https:\/\/imago-systems.com\/ua\/wp-json\/wp\/v2\/types\/product"}],"replies":[{"embeddable":true,"href":"https:\/\/imago-systems.com\/ua\/wp-json\/wp\/v2\/comments?post=14484"}],"wp:featuredmedia":[{"embeddable":true,"href":"https:\/\/imago-systems.com\/ua\/wp-json\/wp\/v2\/media\/14707"}],"wp:attachment":[{"href":"https:\/\/imago-systems.com\/ua\/wp-json\/wp\/v2\/media?parent=14484"}],"wp:term":[{"taxonomy":"product_brand","embeddable":true,"href":"https:\/\/imago-systems.com\/ua\/wp-json\/wp\/v2\/product_brand?post=14484"},{"taxonomy":"product_cat","embeddable":true,"href":"https:\/\/imago-systems.com\/ua\/wp-json\/wp\/v2\/product_cat?post=14484"},{"taxonomy":"product_tag","embeddable":true,"href":"https:\/\/imago-systems.com\/ua\/wp-json\/wp\/v2\/product_tag?post=14484"}],"curies":[{"name":"\u0412\u041f","href":"https:\/\/api.w.org\/{rel}","templated":true}]}}