{"id":1313,"date":"2024-08-21T12:22:52","date_gmt":"2024-08-21T09:22:52","guid":{"rendered":"http:\/\/imago-systems.com\/?post_type=product&#038;p=1313"},"modified":"2025-10-24T13:31:37","modified_gmt":"2025-10-24T12:31:37","slug":"%d1%82%d1%80%d0%b8%d0%bc%d0%b0%d1%87-imago-%d0%b4%d0%bb%d1%8f-%d0%bf%d0%bb%d0%b0%d1%82%d1%96%d0%b6%d0%bd%d0%be%d0%b3%d0%be-%d1%82%d0%b5%d1%80%d0%bc%d1%96%d0%bd%d0%b0%d0%bb%d1%83-verifone-vx520-38","status":"publish","type":"product","link":"https:\/\/imago-systems.com\/ua\/%d0%bf%d1%80%d0%be%d0%b4%d1%83%d0%ba%d1%82\/%d1%82%d1%80%d0%b8%d0%bc%d0%b0%d1%87-imago-%d0%b4%d0%bb%d1%8f-%d0%bf%d0%bb%d0%b0%d1%82%d1%96%d0%b6%d0%bd%d0%be%d0%b3%d0%be-%d1%82%d0%b5%d1%80%d0%bc%d1%96%d0%bd%d0%b0%d0%bb%d1%83-verifone-vx520-38\/","title":{"rendered":"\u0422\u0440\u0438\u043c\u0430\u0447 IMAGO \u0434\u043b\u044f \u043f\u043b\u0430\u0442\u0456\u0436\u043d\u043e\u0433\u043e \u0442\u0435\u0440\u043c\u0456\u043d\u0430\u043b\u0443 Verifone Vx520-38 \u0434\u043b\u044f \u043a\u0440\u0456\u043f\u043b\u0435\u043d\u043d\u044f \u0434\u043e IMAGO TREE"},"content":{"rendered":"<div class=\"flex-shrink-0 flex flex-col relative items-end\">\n<div>\n<div class=\"pt-0\">\n<div class=\"gizmo-bot-avatar flex h-8 w-8 items-center justify-center overflow-hidden rounded-full\">\n<h1 class=\"relative p-1 rounded-sm flex items-center justify-center bg-token-main-surface-primary text-token-text-primary h-8 w-8\"><strong>IMAGO <a href=\"https:\/\/imago-systems.com\/product-category\/imago-tree\/uchwyty-na-terminale-platnicze\/\">Uchwyt do terminala p\u0142atniczego<\/a> Verifone Vx520-38<\/strong><\/h1>\n<\/div>\n<\/div>\n<\/div>\n<\/div>\n<div class=\"group\/conversation-turn relative flex w-full min-w-0 flex-col agent-turn\">\n<div class=\"flex-col gap-1 md:gap-3\">\n<div class=\"flex max-w-full flex-col flex-grow\">\n<div class=\"min-h-8 text-message flex w-full flex-col items-end gap-2 whitespace-normal break-words [.text-message+&amp;]:mt-5\" dir=\"auto\" data-message-author-role=\"assistant\" data-message-id=\"7c81776c-778c-4997-813a-173ae094e968\" data-message-model-slug=\"gpt-4o\">\n<div class=\"flex w-full flex-col gap-1 empty:hidden first:pt-[3px]\">\n<div class=\"markdown prose w-full break-words dark:prose-invert light\">\n<p><a href=\"https:\/\/imago-systems.com\/product-category\/imago-tree\/uchwyty-na-terminale-platnicze\/\">Uchwyt IMAGO do terminala p\u0142atniczego Verifone Vx520-38<\/a> to precyzyjnie zaprojektowany element monta\u017cowy. Przeznaczony zosta\u0142 do stabilnego i bezpiecznego osadzenia urz\u0105dzenia w ramach systemu IMAGO TREE. Dzi\u0119ki dedykowanej konstrukcji zapewnia pe\u0142n\u0105 kompatybilno\u015b\u0107 z modelem Vx520-38, eliminuj\u0105c ryzyko luz\u00f3w, przesuwania czy niekontrolowanego obrotu terminala.<\/p>\n<p>To rozwi\u0105zanie powsta\u0142o z my\u015bl\u0105 o \u015brodowiskach, w kt\u00f3rych terminal kart p\u0142atniczych jest intensywnie eksploatowany \u2013 od klasycznych POS-\u00f3w w retailu, przez systemy samoobs\u0142ugowe, a\u017c po stanowiska z obs\u0142ug\u0105 mobiln\u0105.<\/p>\n<h2>Kluczowe cechy produktu:<\/h2>\n<ul>\n<li><strong>Dedykowany projekt<\/strong> Precyzyjnie dopasowany do modelu Verifone Vx520-38, gwarantuj\u0105c idealne mocowanie terminala.<\/li>\n<li><strong>Kompatybilno\u015b\u0107 z IMAGO TREE &#8211;<\/strong> \u0142atwy monta\u017c do systemu, zapewniaj\u0105cy porz\u0105dek i optymalne zagospodarowanie przestrzeni roboczej.<\/li>\n<li><strong>Solidne wykonanie &#8211; w<\/strong>ykonany z wytrzyma\u0142ych materia\u0142\u00f3w, kt\u00f3re zapewniaj\u0105 d\u0142ugotrwa\u0142e u\u017cytkowanie i odporno\u015b\u0107 na uszkodzenia.<\/li>\n<li><strong>Ergonomia pracy &#8211; <\/strong>Uchwyt zosta\u0142 zaprojektowany z my\u015bl\u0105 o wygodnym dost\u0119pie do terminala, co poprawia komfort obs\u0142ugi klient\u00f3w.<\/li>\n<li><strong>Estetyczny wygl\u0105d <\/strong>&#8211; staranna konstrukcja, kt\u00f3ra harmonijnie wsp\u00f3\u0142gra z reszt\u0105 systemu IMAGO TREE.<\/li>\n<\/ul>\n<p>&nbsp;<\/p>\n<h2 data-start=\"349\" data-end=\"412\"><strong data-start=\"353\" data-end=\"410\">Dlaczego odpowiedni uchwyt do terminala ma znaczenie?<\/strong><\/h2>\n<p data-start=\"414\" data-end=\"809\">W \u015brodowiskach sprzeda\u017cowych, gdzie liczy si\u0119 szybko\u015b\u0107, ergonomia i niezawodno\u015b\u0107, spos\u00f3b monta\u017cu terminala p\u0142atniczego ma realny wp\u0142yw na komfort pracy, bezpiecze\u0144stwo sprz\u0119tu i jako\u015b\u0107 obs\u0142ugi klienta. Odpowiednio zaprojektowany uchwyt to nie tylko fizyczna podpora dla urz\u0105dzenia \u2014 to element ca\u0142ego systemu stanowiska POS, kt\u00f3ry organizuje przestrze\u0144 i eliminuje ryzyko b\u0142\u0119d\u00f3w czy uszkodze\u0144.<\/p>\n<p data-start=\"811\" data-end=\"1032\">W profesjonalnych systemach, takich jak <strong data-start=\"851\" data-end=\"865\">IMAGO TREE<\/strong>, ka\u017cdy komponent \u2013 od uchwytu, przez ramiona, a\u017c po zarz\u0105dzanie kablami \u2013 spe\u0142nia okre\u015blon\u0105 funkcj\u0119. W przypadku uchwytu do terminala Verifone Vx520-38 kluczowe s\u0105:<\/p>\n<ul>\n<li data-start=\"1035\" data-end=\"1078\"><strong data-start=\"1035\" data-end=\"1075\">precyzyjne dopasowanie do urz\u0105dzenia<\/strong>,<\/li>\n<li data-start=\"1081\" data-end=\"1134\"><strong data-start=\"1081\" data-end=\"1131\">mo\u017cliwo\u015b\u0107 regulacji k\u0105ta nachylenia lub obrotu<\/strong>,<\/li>\n<li data-start=\"1137\" data-end=\"1206\"><strong data-start=\"1137\" data-end=\"1203\">stabilno\u015b\u0107 i odporno\u015b\u0107 na napr\u0119\u017cenia podczas intensywnej pracy<\/strong>,<\/li>\n<li data-start=\"1209\" data-end=\"1282\"><strong data-start=\"1209\" data-end=\"1279\">\u0142atwo\u015b\u0107 utrzymania w czysto\u015bci i odporno\u015b\u0107 na \u015brodki dezynfekuj\u0105ce<\/strong>,<\/li>\n<li data-start=\"1285\" data-end=\"1331\"><strong data-start=\"1285\" data-end=\"1330\">estetyczna integracja z reszt\u0105 stanowiska<\/strong>.<\/li>\n<\/ul>\n<p>&nbsp;<\/p>\n<h3>To niezast\u0105pione akcesorium dla os\u00f3b ceni\u0105cych funkcjonalno\u015b\u0107 i profesjonalny wygl\u0105d swojego stanowiska pracy. Wybierz sw\u00f3j <a href=\"https:\/\/imago-systems.com\/product-category\/imago-tree\/uchwyty-na-terminale-platnicze\/\">uchwyt do terminala<\/a> z oferty IMAGO TREE<\/h3>\n<\/div>\n<\/div>\n<\/div>\n<\/div>\n<\/div>\n<\/div>\n","protected":false},"excerpt":{"rendered":"<p>\u0421\u043f\u0435\u0446\u0456\u0430\u043b\u044c\u043d\u0438\u0439 \u0442\u0440\u0438\u043c\u0430\u0447 \u0434\u043b\u044f <a href=\"https:\/\/imago-systems.com\/ua\/%d0%ba%d0%b0%d1%82%d0%b5%d0%b3%d0%be%d1%80%d1%96%d1%8f-%d0%bf%d1%80%d0%be%d0%b4%d1%83%d0%ba%d1%82%d1%83\/%d0%b4%d0%b5%d1%80%d0%b5%d0%b2%d0%be-%d1%96%d0%bc%d0%b0%d0%b3%d0%be\/%d1%82%d1%80%d0%b8%d0%bc%d0%b0%d1%87%d1%96-%d0%b4%d0%bb%d1%8f-%d0%bf%d0%bb%d0%b0%d1%82%d1%96%d0%b6%d0%bd%d0%b8%d1%85-%d1%82%d0%b5%d1%80%d0%bc%d1%96%d0%bd%d0%b0%d0%bb%d1%96%d0%b2\/\">\u041f\u043b\u0430\u0442\u0456\u0436\u043d\u0438\u0439 \u0442\u0435\u0440\u043c\u0456\u043d\u0430\u043b Verifone Vx520-38<\/a>, \u0441\u0443\u043c\u0456\u0441\u043d\u0438\u0439 \u0456\u0437 \u0441\u0438\u0441\u0442\u0435\u043c\u043e\u044e \u043a\u0440\u0456\u043f\u043b\u0435\u043d\u043d\u044f IMAGO TREE. \u0417\u0430\u0431\u0435\u0437\u043f\u0435\u0447\u0443\u0454 \u0441\u0442\u0430\u0431\u0456\u043b\u044c\u043d\u0435, \u0431\u0435\u0437\u043f\u0435\u0447\u043d\u0435 \u0442\u0430 \u0435\u0440\u0433\u043e\u043d\u043e\u043c\u0456\u0447\u043d\u0435 \u0440\u043e\u0437\u043c\u0456\u0449\u0435\u043d\u043d\u044f \u043f\u0440\u0438\u0441\u0442\u0440\u043e\u044e \u0432 \u0442\u043e\u0440\u0433\u043e\u0432\u0438\u0445 \u0442\u0430 \u0441\u0435\u0440\u0432\u0456\u0441\u043d\u0438\u0445 \u043f\u0440\u0438\u043c\u0456\u0449\u0435\u043d\u043d\u044f\u0445.<\/p>","protected":false},"featured_media":1774,"comment_status":"open","ping_status":"closed","template":"","meta":[],"product_brand":[],"product_cat":[127],"product_tag":[166],"class_list":{"0":"post-1313","1":"product","2":"type-product","3":"status-publish","4":"has-post-thumbnail","6":"product_cat-uchwyty-na-terminale-platnicze","7":"product_tag-166","9":"first","10":"instock","11":"shipping-taxable","12":"product-type-simple"},"acf":[],"yoast_head":"<!-- This site is optimized with the Yoast SEO plugin v27.6 - https:\/\/yoast.com\/product\/yoast-seo-wordpress\/ -->\n<title>Uchwyt do terminala Verifone Vx520-38 do IMAGO TREE<\/title>\n<meta name=\"description\" content=\"IMAGO Uchwyt do terminala Verifone Vx520-38 to dedykowane rozwi\u0105zanie do monta\u017cu terminala p\u0142atniczego na systemie IMAGO TREE.\" \/>\n<meta name=\"robots\" content=\"index, follow, max-snippet:-1, max-image-preview:large, max-video-preview:-1\" \/>\n<link rel=\"canonical\" href=\"https:\/\/imago-systems.com\/ua\/\u043f\u0440\u043e\u0434\u0443\u043a\u0442\/\u0442\u0440\u0438\u043c\u0430\u0447-imago-\u0434\u043b\u044f-\u043f\u043b\u0430\u0442\u0456\u0436\u043d\u043e\u0433\u043e-\u0442\u0435\u0440\u043c\u0456\u043d\u0430\u043b\u0443-verifone-vx520-38\/\" \/>\n<meta property=\"og:locale\" content=\"uk_UA\" \/>\n<meta property=\"og:type\" content=\"article\" \/>\n<meta property=\"og:title\" content=\"Uchwyt do terminala Verifone Vx520-38 do IMAGO TREE\" \/>\n<meta property=\"og:description\" content=\"IMAGO Uchwyt do terminala Verifone Vx520-38 to dedykowane rozwi\u0105zanie do monta\u017cu terminala p\u0142atniczego na systemie IMAGO TREE.\" \/>\n<meta property=\"og:url\" content=\"https:\/\/imago-systems.com\/ua\/\u043f\u0440\u043e\u0434\u0443\u043a\u0442\/\u0442\u0440\u0438\u043c\u0430\u0447-imago-\u0434\u043b\u044f-\u043f\u043b\u0430\u0442\u0456\u0436\u043d\u043e\u0433\u043e-\u0442\u0435\u0440\u043c\u0456\u043d\u0430\u043b\u0443-verifone-vx520-38\/\" \/>\n<meta property=\"og:site_name\" content=\"IMAGO\" \/>\n<meta property=\"article:modified_time\" content=\"2025-10-24T12:31:37+00:00\" \/>\n<meta property=\"og:image\" content=\"https:\/\/imago-systems.com\/wp-content\/uploads\/2024\/08\/IMAGO-Uchwyt-do-terminala-Verifone-Vx520-38-do-montazu-do-IMAGO-TREE.jpg\" \/>\n\t<meta property=\"og:image:width\" content=\"600\" \/>\n\t<meta property=\"og:image:height\" content=\"600\" \/>\n\t<meta property=\"og:image:type\" content=\"image\/jpeg\" \/>\n<meta name=\"twitter:card\" content=\"summary_large_image\" \/>\n<meta name=\"twitter:label1\" content=\"\u041f\u0440\u0438\u0431\u043b. \u0447\u0430\u0441 \u0447\u0438\u0442\u0430\u043d\u043d\u044f\" \/>\n\t<meta name=\"twitter:data1\" content=\"2 \u0445\u0432\u0438\u043b\u0438\u043d\u0438\" \/>\n<script type=\"application\/ld+json\" class=\"yoast-schema-graph\">{\"@context\":\"https:\\\/\\\/schema.org\",\"@graph\":[{\"@type\":\"WebPage\",\"@id\":\"https:\\\/\\\/imago-systems.com\\\/product\\\/imago-uchwyt-do-terminala-platniczego-verifone-vx520-38-do-montazu-do-imago-tree\\\/\",\"url\":\"https:\\\/\\\/imago-systems.com\\\/product\\\/imago-uchwyt-do-terminala-platniczego-verifone-vx520-38-do-montazu-do-imago-tree\\\/\",\"name\":\"Uchwyt do terminala Verifone Vx520-38 do IMAGO TREE\",\"isPartOf\":{\"@id\":\"https:\\\/\\\/imago-systems.com\\\/#website\"},\"primaryImageOfPage\":{\"@id\":\"https:\\\/\\\/imago-systems.com\\\/product\\\/imago-uchwyt-do-terminala-platniczego-verifone-vx520-38-do-montazu-do-imago-tree\\\/#primaryimage\"},\"image\":{\"@id\":\"https:\\\/\\\/imago-systems.com\\\/product\\\/imago-uchwyt-do-terminala-platniczego-verifone-vx520-38-do-montazu-do-imago-tree\\\/#primaryimage\"},\"thumbnailUrl\":\"https:\\\/\\\/imago-systems.com\\\/wp-content\\\/uploads\\\/2024\\\/08\\\/IMAGO-Uchwyt-do-terminala-Verifone-Vx520-38-do-montazu-do-IMAGO-TREE.jpg\",\"datePublished\":\"2024-08-21T09:22:52+00:00\",\"dateModified\":\"2025-10-24T12:31:37+00:00\",\"description\":\"IMAGO Uchwyt do terminala Verifone Vx520-38 to dedykowane rozwi\u0105zanie do monta\u017cu terminala p\u0142atniczego na systemie IMAGO TREE.\",\"breadcrumb\":{\"@id\":\"https:\\\/\\\/imago-systems.com\\\/product\\\/imago-uchwyt-do-terminala-platniczego-verifone-vx520-38-do-montazu-do-imago-tree\\\/#breadcrumb\"},\"inLanguage\":\"uk\",\"potentialAction\":[{\"@type\":\"ReadAction\",\"target\":[\"https:\\\/\\\/imago-systems.com\\\/product\\\/imago-uchwyt-do-terminala-platniczego-verifone-vx520-38-do-montazu-do-imago-tree\\\/\"]}]},{\"@type\":\"ImageObject\",\"inLanguage\":\"uk\",\"@id\":\"https:\\\/\\\/imago-systems.com\\\/product\\\/imago-uchwyt-do-terminala-platniczego-verifone-vx520-38-do-montazu-do-imago-tree\\\/#primaryimage\",\"url\":\"https:\\\/\\\/imago-systems.com\\\/wp-content\\\/uploads\\\/2024\\\/08\\\/IMAGO-Uchwyt-do-terminala-Verifone-Vx520-38-do-montazu-do-IMAGO-TREE.jpg\",\"contentUrl\":\"https:\\\/\\\/imago-systems.com\\\/wp-content\\\/uploads\\\/2024\\\/08\\\/IMAGO-Uchwyt-do-terminala-Verifone-Vx520-38-do-montazu-do-IMAGO-TREE.jpg\",\"width\":600,\"height\":600,\"caption\":\"IMAGO Uchwyt do terminala Verifone Vx520-38 do monta\u017cu do IMAGO TREE\"},{\"@type\":\"BreadcrumbList\",\"@id\":\"https:\\\/\\\/imago-systems.com\\\/product\\\/imago-uchwyt-do-terminala-platniczego-verifone-vx520-38-do-montazu-do-imago-tree\\\/#breadcrumb\",\"itemListElement\":[{\"@type\":\"ListItem\",\"position\":1,\"name\":\"Home\",\"item\":\"https:\\\/\\\/imago-systems.com\\\/\"},{\"@type\":\"ListItem\",\"position\":2,\"name\":\"Shop\",\"item\":\"https:\\\/\\\/imago-systems.com\\\/shop\\\/\"},{\"@type\":\"ListItem\",\"position\":3,\"name\":\"IMAGO Tree\",\"item\":\"https:\\\/\\\/imago-systems.com\\\/product-category\\\/imago-tree\\\/\"},{\"@type\":\"ListItem\",\"position\":4,\"name\":\"Uchwyty na terminale p\u0142atnicze\",\"item\":\"https:\\\/\\\/imago-systems.com\\\/product-category\\\/imago-tree\\\/uchwyty-na-terminale-platnicze\\\/\"},{\"@type\":\"ListItem\",\"position\":5,\"name\":\"IMAGO Uchwyt do terminala p\u0142atniczego Verifone Vx520-38 do monta\u017cu do IMAGO TREE\"}]},{\"@type\":\"WebSite\",\"@id\":\"https:\\\/\\\/imago-systems.com\\\/#website\",\"url\":\"https:\\\/\\\/imago-systems.com\\\/\",\"name\":\"IMAGO systems\",\"description\":\"Nowoczesne rozwi\u0105zania dla przemys\u0142u i handlu detalicznego.\",\"publisher\":{\"@id\":\"https:\\\/\\\/imago-systems.com\\\/#organization\"},\"alternateName\":\"IMAGO\",\"potentialAction\":[{\"@type\":\"SearchAction\",\"target\":{\"@type\":\"EntryPoint\",\"urlTemplate\":\"https:\\\/\\\/imago-systems.com\\\/?s={search_term_string}\"},\"query-input\":{\"@type\":\"PropertyValueSpecification\",\"valueRequired\":true,\"valueName\":\"search_term_string\"}}],\"inLanguage\":\"uk\"},{\"@type\":\"Organization\",\"@id\":\"https:\\\/\\\/imago-systems.com\\\/#organization\",\"name\":\"IMAGO Poland sp. z o.o.\",\"alternateName\":\"IMAGO\",\"url\":\"https:\\\/\\\/imago-systems.com\\\/\",\"logo\":{\"@type\":\"ImageObject\",\"inLanguage\":\"uk\",\"@id\":\"https:\\\/\\\/imago-systems.com\\\/#\\\/schema\\\/logo\\\/image\\\/\",\"url\":\"https:\\\/\\\/imago-systems.com\\\/wp-content\\\/uploads\\\/2024\\\/11\\\/cropped-cropped-cropped-IMAGO-LOGO-.jpg\",\"contentUrl\":\"https:\\\/\\\/imago-systems.com\\\/wp-content\\\/uploads\\\/2024\\\/11\\\/cropped-cropped-cropped-IMAGO-LOGO-.jpg\",\"width\":512,\"height\":512,\"caption\":\"IMAGO Poland sp. z o.o.\"},\"image\":{\"@id\":\"https:\\\/\\\/imago-systems.com\\\/#\\\/schema\\\/logo\\\/image\\\/\"},\"sameAs\":[\"https:\\\/\\\/www.linkedin.com\\\/company\\\/imago-poland\\\/\"]}]}<\/script>\n<!-- \/ Yoast SEO plugin. -->","yoast_head_json":{"title":"\u0422\u0440\u0438\u043c\u0430\u0447 \u0442\u0435\u0440\u043c\u0456\u043d\u0430\u043b\u0443 Verifone Vx520-38 \u0434\u043b\u044f IMAGO TREE","description":"\u0422\u0440\u0438\u043c\u0430\u0447 IMAGO \u0434\u043b\u044f \u0442\u0435\u0440\u043c\u0456\u043d\u0430\u043b\u0443 Verifone Vx520-38 \u2013 \u0446\u0435 \u0441\u043f\u0435\u0446\u0456\u0430\u043b\u0456\u0437\u043e\u0432\u0430\u043d\u0435 \u0440\u0456\u0448\u0435\u043d\u043d\u044f \u0434\u043b\u044f \u043c\u043e\u043d\u0442\u0430\u0436\u0443 \u043f\u043b\u0430\u0442\u0456\u0436\u043d\u043e\u0433\u043e \u0442\u0435\u0440\u043c\u0456\u043d\u0430\u043b\u0443 \u0432 \u0441\u0438\u0441\u0442\u0435\u043c\u0456 IMAGO TREE.","robots":{"index":"index","follow":"follow","max-snippet":"max-snippet:-1","max-image-preview":"max-image-preview:large","max-video-preview":"max-video-preview:-1"},"canonical":"https:\/\/imago-systems.com\/ua\/\u043f\u0440\u043e\u0434\u0443\u043a\u0442\/\u0442\u0440\u0438\u043c\u0430\u0447-imago-\u0434\u043b\u044f-\u043f\u043b\u0430\u0442\u0456\u0436\u043d\u043e\u0433\u043e-\u0442\u0435\u0440\u043c\u0456\u043d\u0430\u043b\u0443-verifone-vx520-38\/","og_locale":"uk_UA","og_type":"article","og_title":"Uchwyt do terminala Verifone Vx520-38 do IMAGO TREE","og_description":"IMAGO Uchwyt do terminala Verifone Vx520-38 to dedykowane rozwi\u0105zanie do monta\u017cu terminala p\u0142atniczego na systemie IMAGO TREE.","og_url":"https:\/\/imago-systems.com\/ua\/\u043f\u0440\u043e\u0434\u0443\u043a\u0442\/\u0442\u0440\u0438\u043c\u0430\u0447-imago-\u0434\u043b\u044f-\u043f\u043b\u0430\u0442\u0456\u0436\u043d\u043e\u0433\u043e-\u0442\u0435\u0440\u043c\u0456\u043d\u0430\u043b\u0443-verifone-vx520-38\/","og_site_name":"IMAGO","article_modified_time":"2025-10-24T12:31:37+00:00","og_image":[{"width":600,"height":600,"url":"https:\/\/imago-systems.com\/wp-content\/uploads\/2024\/08\/IMAGO-Uchwyt-do-terminala-Verifone-Vx520-38-do-montazu-do-IMAGO-TREE.jpg","type":"image\/jpeg"}],"twitter_card":"summary_large_image","twitter_misc":{"\u041f\u0440\u0438\u0431\u043b. \u0447\u0430\u0441 \u0447\u0438\u0442\u0430\u043d\u043d\u044f":"2 \u0445\u0432\u0438\u043b\u0438\u043d\u0438"},"schema":{"@context":"https:\/\/schema.org","@graph":[{"@type":"WebPage","@id":"https:\/\/imago-systems.com\/product\/imago-uchwyt-do-terminala-platniczego-verifone-vx520-38-do-montazu-do-imago-tree\/","url":"https:\/\/imago-systems.com\/product\/imago-uchwyt-do-terminala-platniczego-verifone-vx520-38-do-montazu-do-imago-tree\/","name":"\u0422\u0440\u0438\u043c\u0430\u0447 \u0442\u0435\u0440\u043c\u0456\u043d\u0430\u043b\u0443 Verifone Vx520-38 \u0434\u043b\u044f IMAGO TREE","isPartOf":{"@id":"https:\/\/imago-systems.com\/#website"},"primaryImageOfPage":{"@id":"https:\/\/imago-systems.com\/product\/imago-uchwyt-do-terminala-platniczego-verifone-vx520-38-do-montazu-do-imago-tree\/#primaryimage"},"image":{"@id":"https:\/\/imago-systems.com\/product\/imago-uchwyt-do-terminala-platniczego-verifone-vx520-38-do-montazu-do-imago-tree\/#primaryimage"},"thumbnailUrl":"https:\/\/imago-systems.com\/wp-content\/uploads\/2024\/08\/IMAGO-Uchwyt-do-terminala-Verifone-Vx520-38-do-montazu-do-IMAGO-TREE.jpg","datePublished":"2024-08-21T09:22:52+00:00","dateModified":"2025-10-24T12:31:37+00:00","description":"\u0422\u0440\u0438\u043c\u0430\u0447 IMAGO \u0434\u043b\u044f \u0442\u0435\u0440\u043c\u0456\u043d\u0430\u043b\u0443 Verifone Vx520-38 \u2013 \u0446\u0435 \u0441\u043f\u0435\u0446\u0456\u0430\u043b\u0456\u0437\u043e\u0432\u0430\u043d\u0435 \u0440\u0456\u0448\u0435\u043d\u043d\u044f \u0434\u043b\u044f \u043c\u043e\u043d\u0442\u0430\u0436\u0443 \u043f\u043b\u0430\u0442\u0456\u0436\u043d\u043e\u0433\u043e \u0442\u0435\u0440\u043c\u0456\u043d\u0430\u043b\u0443 \u0432 \u0441\u0438\u0441\u0442\u0435\u043c\u0456 IMAGO TREE.","breadcrumb":{"@id":"https:\/\/imago-systems.com\/product\/imago-uchwyt-do-terminala-platniczego-verifone-vx520-38-do-montazu-do-imago-tree\/#breadcrumb"},"inLanguage":"uk","potentialAction":[{"@type":"ReadAction","target":["https:\/\/imago-systems.com\/product\/imago-uchwyt-do-terminala-platniczego-verifone-vx520-38-do-montazu-do-imago-tree\/"]}]},{"@type":"ImageObject","inLanguage":"uk","@id":"https:\/\/imago-systems.com\/product\/imago-uchwyt-do-terminala-platniczego-verifone-vx520-38-do-montazu-do-imago-tree\/#primaryimage","url":"https:\/\/imago-systems.com\/wp-content\/uploads\/2024\/08\/IMAGO-Uchwyt-do-terminala-Verifone-Vx520-38-do-montazu-do-IMAGO-TREE.jpg","contentUrl":"https:\/\/imago-systems.com\/wp-content\/uploads\/2024\/08\/IMAGO-Uchwyt-do-terminala-Verifone-Vx520-38-do-montazu-do-IMAGO-TREE.jpg","width":600,"height":600,"caption":"IMAGO Uchwyt do terminala Verifone Vx520-38 do monta\u017cu do IMAGO TREE"},{"@type":"BreadcrumbList","@id":"https:\/\/imago-systems.com\/product\/imago-uchwyt-do-terminala-platniczego-verifone-vx520-38-do-montazu-do-imago-tree\/#breadcrumb","itemListElement":[{"@type":"ListItem","position":1,"name":"Home","item":"https:\/\/imago-systems.com\/"},{"@type":"ListItem","position":2,"name":"Shop","item":"https:\/\/imago-systems.com\/shop\/"},{"@type":"ListItem","position":3,"name":"IMAGO Tree","item":"https:\/\/imago-systems.com\/product-category\/imago-tree\/"},{"@type":"ListItem","position":4,"name":"Uchwyty na terminale p\u0142atnicze","item":"https:\/\/imago-systems.com\/product-category\/imago-tree\/uchwyty-na-terminale-platnicze\/"},{"@type":"ListItem","position":5,"name":"IMAGO Uchwyt do terminala p\u0142atniczego Verifone Vx520-38 do monta\u017cu do IMAGO TREE"}]},{"@type":"WebSite","@id":"https:\/\/imago-systems.com\/#website","url":"https:\/\/imago-systems.com\/","name":"\u0421\u0438\u0441\u0442\u0435\u043c\u0438 IMAGO","description":"\u0421\u0443\u0447\u0430\u0441\u043d\u0456 \u0440\u0456\u0448\u0435\u043d\u043d\u044f \u0434\u043b\u044f \u043f\u0440\u043e\u043c\u0438\u0441\u043b\u043e\u0432\u043e\u0441\u0442\u0456 \u0442\u0430 \u0440\u043e\u0437\u0434\u0440\u0456\u0431\u043d\u043e\u0457 \u0442\u043e\u0440\u0433\u0456\u0432\u043b\u0456.","publisher":{"@id":"https:\/\/imago-systems.com\/#organization"},"alternateName":"IMAGO","potentialAction":[{"@type":"SearchAction","target":{"@type":"EntryPoint","urlTemplate":"https:\/\/imago-systems.com\/?s={search_term_string}"},"query-input":{"@type":"PropertyValueSpecification","valueRequired":true,"valueName":"search_term_string"}}],"inLanguage":"uk"},{"@type":"Organization","@id":"https:\/\/imago-systems.com\/#organization","name":"IMAGO \u041f\u043e\u043b\u044c\u0449\u0430, \u0442\u043e\u0432\u0430\u0440\u0438\u0441\u0442\u0432\u043e \u0437 \u043e\u0431\u043c\u0435\u0436\u0435\u043d\u043e\u044e \u0432\u0456\u0434\u043f\u043e\u0432\u0456\u0434\u0430\u043b\u044c\u043d\u0456\u0441\u0442\u044e","alternateName":"IMAGO","url":"https:\/\/imago-systems.com\/","logo":{"@type":"ImageObject","inLanguage":"uk","@id":"https:\/\/imago-systems.com\/#\/schema\/logo\/image\/","url":"https:\/\/imago-systems.com\/wp-content\/uploads\/2024\/11\/cropped-cropped-cropped-IMAGO-LOGO-.jpg","contentUrl":"https:\/\/imago-systems.com\/wp-content\/uploads\/2024\/11\/cropped-cropped-cropped-IMAGO-LOGO-.jpg","width":512,"height":512,"caption":"IMAGO Poland sp. z o.o."},"image":{"@id":"https:\/\/imago-systems.com\/#\/schema\/logo\/image\/"},"sameAs":["https:\/\/www.linkedin.com\/company\/imago-poland\/"]}]}},"_links":{"self":[{"href":"https:\/\/imago-systems.com\/ua\/wp-json\/wp\/v2\/product\/1313","targetHints":{"allow":["GET"]}}],"collection":[{"href":"https:\/\/imago-systems.com\/ua\/wp-json\/wp\/v2\/product"}],"about":[{"href":"https:\/\/imago-systems.com\/ua\/wp-json\/wp\/v2\/types\/product"}],"replies":[{"embeddable":true,"href":"https:\/\/imago-systems.com\/ua\/wp-json\/wp\/v2\/comments?post=1313"}],"wp:featuredmedia":[{"embeddable":true,"href":"https:\/\/imago-systems.com\/ua\/wp-json\/wp\/v2\/media\/1774"}],"wp:attachment":[{"href":"https:\/\/imago-systems.com\/ua\/wp-json\/wp\/v2\/media?parent=1313"}],"wp:term":[{"taxonomy":"product_brand","embeddable":true,"href":"https:\/\/imago-systems.com\/ua\/wp-json\/wp\/v2\/product_brand?post=1313"},{"taxonomy":"product_cat","embeddable":true,"href":"https:\/\/imago-systems.com\/ua\/wp-json\/wp\/v2\/product_cat?post=1313"},{"taxonomy":"product_tag","embeddable":true,"href":"https:\/\/imago-systems.com\/ua\/wp-json\/wp\/v2\/product_tag?post=1313"}],"curies":[{"name":"\u0412\u041f","href":"https:\/\/api.w.org\/{rel}","templated":true}]}}