{"id":1302,"date":"2024-08-21T09:47:30","date_gmt":"2024-08-21T06:47:30","guid":{"rendered":"http:\/\/imago-systems.com\/?post_type=product&#038;p=1302"},"modified":"2025-10-24T13:44:16","modified_gmt":"2025-10-24T12:44:16","slug":"imago-uchwyt-podwojny-vesa-100-75-dla-sr-45-mm","status":"publish","type":"product","link":"https:\/\/imago-systems.com\/ua\/%d0%bf%d1%80%d0%be%d0%b4%d1%83%d0%ba%d1%82\/imago-uchwyt-podwojny-vesa-100-75-dla-sr-45-mm\/","title":{"rendered":"\u041a\u0440\u0456\u043f\u043b\u0435\u043d\u043d\u044f IMAGO Dual VESA 100\/75 \u0434\u043b\u044f \u0434\u0456\u0430\u043c\u0435\u0442\u0440\u0430 45 \u043c\u043c"},"content":{"rendered":"<h1>IMAGO Podw\u00f3jny uchwyt VESA 100\/75, zaprojektowany dla s\u0142upk\u00f3w o \u015brednicy 45 mm.<\/h1>\n<p>&nbsp;<\/p>\n<ul>\n<li>Uchwyt stanowi doskona\u0142e <strong>rozwi\u0105zanie do monta\u017cu dw\u00f3ch monitor\u00f3w<\/strong>, oferuj\u0105c pe\u0142n\u0105 <strong>zgodno\u015b\u0107 ze standardami VESA 75&#215;75 i 100&#215;100.<\/strong><\/li>\n<\/ul>\n<p>&nbsp;<\/p>\n<ul>\n<li>Jest <strong>kompatybilny z systemem IMAGO Tree<\/strong>, kt\u00f3ry umo\u017cliwia tworzenie elastycznych i funkcjonalnych stanowisk pracy. Dzi\u0119ki temu mo\u017cna go \u0142atwo zintegrowa\u0107 z innymi elementami systemu, co pozwala na ergonomiczne ustawienie monitor\u00f3w i optymalne wykorzystanie przestrzeni.<\/li>\n<\/ul>\n<p>&nbsp;<\/p>\n<ul>\n<li>Wykonany z <strong>wysokiej jako\u015bci stali malowanej proszkowo<\/strong>, uchwyt ten zapewnia wyj\u0105tkow\u0105 trwa\u0142o\u015b\u0107 i odporno\u015b\u0107 na uszkodzenia, idealnie sprawdzaj\u0105c si\u0119 zar\u00f3wno w intensywnie eksploatowanych biurach, jak i \u015brodowiskach produkcyjnych.<\/li>\n<\/ul>\n<p>&nbsp;<\/p>\n<ul>\n<li>Uchwyt gwarantuje<strong> stabilno\u015b\u0107, a jednocze\u015bnie \u0142atwo\u015b\u0107 monta\u017cu i regulacji<\/strong>, co jest szczeg\u00f3lnie wa\u017cne dla u\u017cytkownik\u00f3w, kt\u00f3rzy ceni\u0105 sobie komfort i precyzj\u0119 ustawienia ekran\u00f3w.<\/li>\n<\/ul>\n<p>&nbsp;<\/p>\n<div class=\"group\/conversation-turn relative flex w-full min-w-0 flex-col agent-turn\">\n<div class=\"flex-col gap-1 md:gap-3\">\n<div class=\"flex max-w-full flex-col flex-grow\">\n<div class=\"min-h-8 text-message flex w-full flex-col items-end gap-2 whitespace-normal break-words [.text-message+&amp;]:mt-5\" dir=\"auto\" data-message-author-role=\"assistant\" data-message-id=\"5b8f0514-5e45-4b2a-bfc8-7e53f51cfe38\" data-message-model-slug=\"gpt-4o\">\n<div class=\"flex w-full flex-col gap-1 empty:hidden first:pt-[3px]\">\n<div class=\"markdown prose w-full break-words dark:prose-invert light\">\n<p>System IMAGO Tree, z kt\u00f3rym uchwyt jest w pe\u0142ni kompatybilny, pozwala na rozbudow\u0119 stanowiska pracy o szereg profesjonalnych akcesori\u00f3w, takich jak ramiona monta\u017cowe, dodatkowe uchwyty VESA, uchwyty na terminale, czytniki kod\u00f3w kreskowych, podstawy pod drukarki, tacki na pieni\u0105dze czy uchwyty na klawiatur\u0119. Dzi\u0119ki tej modu\u0142owej konstrukcji u\u017cytkownicy mog\u0105 \u0142atwo dostosowa\u0107 stanowisko do swoich potrzeb, tworz\u0105c ergonomiczne i efektywne miejsce pracy. Rozwi\u0105zanie to \u0142\u0105czy elastyczno\u015b\u0107 z solidno\u015bci\u0105, co sprawia, \u017ce jest idealnym wyborem dla intensywnie eksploatowanych \u015brodowisk, takich jak punkty kasowe, biura czy stanowiska serwisowe, gdzie liczy si\u0119 zar\u00f3wno funkcjonalno\u015b\u0107, jak i trwa\u0142o\u015b\u0107.<\/p>\n<\/div>\n<\/div>\n<\/div>\n<\/div>\n<\/div>\n<\/div>\n<p>&nbsp;<\/p>\n<h3><a href=\"https:\/\/imago-systems.com\/product-category\/imago-tree\/uchwyty-vesa\/\">Uchwyty VESA<\/a> wyst\u0119puj\u0105 w wielu wariantach, wybierz odpowiedni dla swoich potrzeb.<\/h3>\n<p>&nbsp;<\/p>\n","protected":false},"excerpt":{"rendered":"<p>\u041a\u0440\u0456\u043f\u043b\u0435\u043d\u043d\u044f IMAGO Dual VESA 75x75 \/ 100x100 \u0434\u043b\u044f \u0441\u0442\u0456\u0439\u043a\u0438 \u0434\u0456\u0430\u043c\u0435\u0442\u0440\u043e\u043c 45 \u043c\u043c \u2013 \u0446\u0435 \u043f\u043e\u0434\u0432\u0456\u0439\u043d\u0438\u0439 \u043c\u043e\u043d\u0442\u0430\u0436\u043d\u0438\u0439 \u043a\u0440\u043e\u043d\u0448\u0442\u0435\u0439\u043d, \u043f\u0440\u0438\u0437\u043d\u0430\u0447\u0435\u043d\u0438\u0439 \u0434\u043b\u044f \u043d\u0430\u0434\u0456\u0439\u043d\u043e\u0433\u043e \u0442\u0430 \u0441\u0442\u0430\u0431\u0456\u043b\u044c\u043d\u043e\u0433\u043e \u043a\u0440\u0456\u043f\u043b\u0435\u043d\u043d\u044f \u043f\u0430\u043d\u0435\u043b\u0435\u0439 \u0434\u043e \u0441\u0442\u0456\u0439\u043a\u0438. \u0421\u0443\u043c\u0456\u0441\u043d\u0438\u0439 \u0437\u0456 \u0441\u0442\u0430\u043d\u0434\u0430\u0440\u0442\u0430\u043c\u0438 VESA 75x75 \u0442\u0430 100x100, \u0446\u0435 \u043a\u0440\u0456\u043f\u043b\u0435\u043d\u043d\u044f \u0454 \u0443\u043d\u0456\u0432\u0435\u0440\u0441\u0430\u043b\u044c\u043d\u0438\u043c \u0440\u0456\u0448\u0435\u043d\u043d\u044f\u043c, \u0456\u0434\u0435\u0430\u043b\u044c\u043d\u0438\u043c \u0434\u043b\u044f \u0440\u0456\u0437\u043d\u043e\u043c\u0430\u043d\u0456\u0442\u043d\u0438\u0445 \u0437\u0430\u0441\u0442\u043e\u0441\u0443\u0432\u0430\u043d\u044c, \u0437\u0430\u0431\u0435\u0437\u043f\u0435\u0447\u0443\u044e\u0447\u0438 \u0437\u0440\u0443\u0447\u043d\u0435 \u0442\u0430 \u0434\u043e\u0432\u0433\u043e\u0432\u0456\u0447\u043d\u0435 \u043a\u0440\u0456\u043f\u043b\u0435\u043d\u043d\u044f \u0435\u043a\u0440\u0430\u043d\u0430.<\/p>","protected":false},"featured_media":1782,"comment_status":"open","ping_status":"closed","template":"","meta":[],"product_brand":[],"product_cat":[147],"product_tag":[154],"class_list":{"0":"post-1302","1":"product","2":"type-product","3":"status-publish","4":"has-post-thumbnail","6":"product_cat-uchwyty-vesa","7":"product_tag-154","9":"first","10":"instock","11":"shipping-taxable","12":"product-type-simple"},"acf":[],"yoast_head":"<!-- This site is optimized with the Yoast SEO plugin v27.6 - https:\/\/yoast.com\/product\/yoast-seo-wordpress\/ -->\n<title>IMAGO Uchwyt podw\u00f3jny VESA 100\/75 dla \u015br. 45 mm - IMAGO<\/title>\n<meta name=\"description\" content=\"IMAGO Podw\u00f3jny uchwyt VESA 75\/100 do stojaka dla \u015br. 45 mm zaprojektowany do bezpiecznego i stabilnego mocowania urz\u0105dze\u0144 do stojaka.\" \/>\n<meta name=\"robots\" content=\"index, follow, max-snippet:-1, max-image-preview:large, max-video-preview:-1\" \/>\n<link rel=\"canonical\" href=\"https:\/\/imago-systems.com\/ua\/\u043f\u0440\u043e\u0434\u0443\u043a\u0442\/imago-uchwyt-podwojny-vesa-100-75-dla-sr-45-mm\/\" \/>\n<meta property=\"og:locale\" content=\"uk_UA\" \/>\n<meta property=\"og:type\" content=\"article\" \/>\n<meta property=\"og:title\" content=\"IMAGO Uchwyt podw\u00f3jny VESA 100\/75 dla \u015br. 45 mm - IMAGO\" \/>\n<meta property=\"og:description\" content=\"IMAGO Podw\u00f3jny uchwyt VESA 75\/100 do stojaka dla \u015br. 45 mm zaprojektowany do bezpiecznego i stabilnego mocowania urz\u0105dze\u0144 do stojaka.\" \/>\n<meta property=\"og:url\" content=\"https:\/\/imago-systems.com\/ua\/\u043f\u0440\u043e\u0434\u0443\u043a\u0442\/imago-uchwyt-podwojny-vesa-100-75-dla-sr-45-mm\/\" \/>\n<meta property=\"og:site_name\" content=\"IMAGO\" \/>\n<meta property=\"article:modified_time\" content=\"2025-10-24T12:44:16+00:00\" \/>\n<meta property=\"og:image\" content=\"https:\/\/imago-systems.com\/wp-content\/uploads\/2024\/08\/IMAGO-Podwojny-uchwyt-VESA-75x75-100x100-do-stojaka-dla-sr.-38-mm.jpg\" \/>\n\t<meta property=\"og:image:width\" content=\"600\" \/>\n\t<meta property=\"og:image:height\" content=\"600\" \/>\n\t<meta property=\"og:image:type\" content=\"image\/jpeg\" \/>\n<meta name=\"twitter:card\" content=\"summary_large_image\" \/>\n<meta name=\"twitter:label1\" content=\"\u041f\u0440\u0438\u0431\u043b. \u0447\u0430\u0441 \u0447\u0438\u0442\u0430\u043d\u043d\u044f\" \/>\n\t<meta name=\"twitter:data1\" content=\"2 \u0445\u0432\u0438\u043b\u0438\u043d\u0438\" \/>\n<script type=\"application\/ld+json\" class=\"yoast-schema-graph\">{\"@context\":\"https:\\\/\\\/schema.org\",\"@graph\":[{\"@type\":\"WebPage\",\"@id\":\"https:\\\/\\\/imago-systems.com\\\/product\\\/imago-uchwyt-podwojny-vesa-100-75-dla-sr-45-mm\\\/\",\"url\":\"https:\\\/\\\/imago-systems.com\\\/product\\\/imago-uchwyt-podwojny-vesa-100-75-dla-sr-45-mm\\\/\",\"name\":\"IMAGO Uchwyt podw\u00f3jny VESA 100\\\/75 dla \u015br. 45 mm - IMAGO\",\"isPartOf\":{\"@id\":\"https:\\\/\\\/imago-systems.com\\\/#website\"},\"primaryImageOfPage\":{\"@id\":\"https:\\\/\\\/imago-systems.com\\\/product\\\/imago-uchwyt-podwojny-vesa-100-75-dla-sr-45-mm\\\/#primaryimage\"},\"image\":{\"@id\":\"https:\\\/\\\/imago-systems.com\\\/product\\\/imago-uchwyt-podwojny-vesa-100-75-dla-sr-45-mm\\\/#primaryimage\"},\"thumbnailUrl\":\"https:\\\/\\\/imago-systems.com\\\/wp-content\\\/uploads\\\/2024\\\/08\\\/IMAGO-Podwojny-uchwyt-VESA-75x75-100x100-do-stojaka-dla-sr.-38-mm.jpg\",\"datePublished\":\"2024-08-21T06:47:30+00:00\",\"dateModified\":\"2025-10-24T12:44:16+00:00\",\"description\":\"IMAGO Podw\u00f3jny uchwyt VESA 75\\\/100 do stojaka dla \u015br. 45 mm zaprojektowany do bezpiecznego i stabilnego mocowania urz\u0105dze\u0144 do stojaka.\",\"breadcrumb\":{\"@id\":\"https:\\\/\\\/imago-systems.com\\\/product\\\/imago-uchwyt-podwojny-vesa-100-75-dla-sr-45-mm\\\/#breadcrumb\"},\"inLanguage\":\"uk\",\"potentialAction\":[{\"@type\":\"ReadAction\",\"target\":[\"https:\\\/\\\/imago-systems.com\\\/product\\\/imago-uchwyt-podwojny-vesa-100-75-dla-sr-45-mm\\\/\"]}]},{\"@type\":\"ImageObject\",\"inLanguage\":\"uk\",\"@id\":\"https:\\\/\\\/imago-systems.com\\\/product\\\/imago-uchwyt-podwojny-vesa-100-75-dla-sr-45-mm\\\/#primaryimage\",\"url\":\"https:\\\/\\\/imago-systems.com\\\/wp-content\\\/uploads\\\/2024\\\/08\\\/IMAGO-Podwojny-uchwyt-VESA-75x75-100x100-do-stojaka-dla-sr.-38-mm.jpg\",\"contentUrl\":\"https:\\\/\\\/imago-systems.com\\\/wp-content\\\/uploads\\\/2024\\\/08\\\/IMAGO-Podwojny-uchwyt-VESA-75x75-100x100-do-stojaka-dla-sr.-38-mm.jpg\",\"width\":600,\"height\":600,\"caption\":\"IMAGO Podw\u00f3jny uchwyt VESA 75x75 100x100 do stojaka dla \u015br. 45 mm\"},{\"@type\":\"BreadcrumbList\",\"@id\":\"https:\\\/\\\/imago-systems.com\\\/product\\\/imago-uchwyt-podwojny-vesa-100-75-dla-sr-45-mm\\\/#breadcrumb\",\"itemListElement\":[{\"@type\":\"ListItem\",\"position\":1,\"name\":\"Home\",\"item\":\"https:\\\/\\\/imago-systems.com\\\/\"},{\"@type\":\"ListItem\",\"position\":2,\"name\":\"Shop\",\"item\":\"https:\\\/\\\/imago-systems.com\\\/shop\\\/\"},{\"@type\":\"ListItem\",\"position\":3,\"name\":\"IMAGO Tree\",\"item\":\"https:\\\/\\\/imago-systems.com\\\/product-category\\\/imago-tree\\\/\"},{\"@type\":\"ListItem\",\"position\":4,\"name\":\"Uchwyty VESA\",\"item\":\"https:\\\/\\\/imago-systems.com\\\/product-category\\\/imago-tree\\\/uchwyty-vesa\\\/\"},{\"@type\":\"ListItem\",\"position\":5,\"name\":\"IMAGO Uchwyt podw\u00f3jny VESA 100\\\/75 dla \u015br. 45 mm\"}]},{\"@type\":\"WebSite\",\"@id\":\"https:\\\/\\\/imago-systems.com\\\/#website\",\"url\":\"https:\\\/\\\/imago-systems.com\\\/\",\"name\":\"IMAGO systems\",\"description\":\"Nowoczesne rozwi\u0105zania dla przemys\u0142u i handlu detalicznego.\",\"publisher\":{\"@id\":\"https:\\\/\\\/imago-systems.com\\\/#organization\"},\"alternateName\":\"IMAGO\",\"potentialAction\":[{\"@type\":\"SearchAction\",\"target\":{\"@type\":\"EntryPoint\",\"urlTemplate\":\"https:\\\/\\\/imago-systems.com\\\/?s={search_term_string}\"},\"query-input\":{\"@type\":\"PropertyValueSpecification\",\"valueRequired\":true,\"valueName\":\"search_term_string\"}}],\"inLanguage\":\"uk\"},{\"@type\":\"Organization\",\"@id\":\"https:\\\/\\\/imago-systems.com\\\/#organization\",\"name\":\"IMAGO Poland sp. z o.o.\",\"alternateName\":\"IMAGO\",\"url\":\"https:\\\/\\\/imago-systems.com\\\/\",\"logo\":{\"@type\":\"ImageObject\",\"inLanguage\":\"uk\",\"@id\":\"https:\\\/\\\/imago-systems.com\\\/#\\\/schema\\\/logo\\\/image\\\/\",\"url\":\"https:\\\/\\\/imago-systems.com\\\/wp-content\\\/uploads\\\/2024\\\/11\\\/cropped-cropped-cropped-IMAGO-LOGO-.jpg\",\"contentUrl\":\"https:\\\/\\\/imago-systems.com\\\/wp-content\\\/uploads\\\/2024\\\/11\\\/cropped-cropped-cropped-IMAGO-LOGO-.jpg\",\"width\":512,\"height\":512,\"caption\":\"IMAGO Poland sp. z o.o.\"},\"image\":{\"@id\":\"https:\\\/\\\/imago-systems.com\\\/#\\\/schema\\\/logo\\\/image\\\/\"},\"sameAs\":[\"https:\\\/\\\/www.linkedin.com\\\/company\\\/imago-poland\\\/\"]}]}<\/script>\n<!-- \/ Yoast SEO plugin. -->","yoast_head_json":{"title":"\u041a\u0440\u0456\u043f\u043b\u0435\u043d\u043d\u044f IMAGO Dual VESA 100\/75 \u0434\u043b\u044f \u0434\u0456\u0430\u043c\u0435\u0442\u0440\u0430 45 \u043c\u043c - IMAGO","description":"\u041a\u0440\u0456\u043f\u043b\u0435\u043d\u043d\u044f IMAGO Dual VESA 75\/100 \u0434\u043b\u044f \u0441\u0442\u0456\u0439\u043a\u0438 \u0434\u0456\u0430\u043c\u0435\u0442\u0440\u043e\u043c 45 \u043c\u043c, \u043f\u0440\u0438\u0437\u043d\u0430\u0447\u0435\u043d\u0435 \u0434\u043b\u044f \u0431\u0435\u0437\u043f\u0435\u0447\u043d\u043e\u0433\u043e \u0442\u0430 \u0441\u0442\u0430\u0431\u0456\u043b\u044c\u043d\u043e\u0433\u043e \u043a\u0440\u0456\u043f\u043b\u0435\u043d\u043d\u044f \u043f\u0440\u0438\u0441\u0442\u0440\u043e\u044e \u0434\u043e \u0441\u0442\u0456\u0439\u043a\u0438.","robots":{"index":"index","follow":"follow","max-snippet":"max-snippet:-1","max-image-preview":"max-image-preview:large","max-video-preview":"max-video-preview:-1"},"canonical":"https:\/\/imago-systems.com\/ua\/\u043f\u0440\u043e\u0434\u0443\u043a\u0442\/imago-uchwyt-podwojny-vesa-100-75-dla-sr-45-mm\/","og_locale":"uk_UA","og_type":"article","og_title":"IMAGO Uchwyt podw\u00f3jny VESA 100\/75 dla \u015br. 45 mm - IMAGO","og_description":"IMAGO Podw\u00f3jny uchwyt VESA 75\/100 do stojaka dla \u015br. 45 mm zaprojektowany do bezpiecznego i stabilnego mocowania urz\u0105dze\u0144 do stojaka.","og_url":"https:\/\/imago-systems.com\/ua\/\u043f\u0440\u043e\u0434\u0443\u043a\u0442\/imago-uchwyt-podwojny-vesa-100-75-dla-sr-45-mm\/","og_site_name":"IMAGO","article_modified_time":"2025-10-24T12:44:16+00:00","og_image":[{"width":600,"height":600,"url":"https:\/\/imago-systems.com\/wp-content\/uploads\/2024\/08\/IMAGO-Podwojny-uchwyt-VESA-75x75-100x100-do-stojaka-dla-sr.-38-mm.jpg","type":"image\/jpeg"}],"twitter_card":"summary_large_image","twitter_misc":{"\u041f\u0440\u0438\u0431\u043b. \u0447\u0430\u0441 \u0447\u0438\u0442\u0430\u043d\u043d\u044f":"2 \u0445\u0432\u0438\u043b\u0438\u043d\u0438"},"schema":{"@context":"https:\/\/schema.org","@graph":[{"@type":"WebPage","@id":"https:\/\/imago-systems.com\/product\/imago-uchwyt-podwojny-vesa-100-75-dla-sr-45-mm\/","url":"https:\/\/imago-systems.com\/product\/imago-uchwyt-podwojny-vesa-100-75-dla-sr-45-mm\/","name":"\u041a\u0440\u0456\u043f\u043b\u0435\u043d\u043d\u044f IMAGO Dual VESA 100\/75 \u0434\u043b\u044f \u0434\u0456\u0430\u043c\u0435\u0442\u0440\u0430 45 \u043c\u043c - IMAGO","isPartOf":{"@id":"https:\/\/imago-systems.com\/#website"},"primaryImageOfPage":{"@id":"https:\/\/imago-systems.com\/product\/imago-uchwyt-podwojny-vesa-100-75-dla-sr-45-mm\/#primaryimage"},"image":{"@id":"https:\/\/imago-systems.com\/product\/imago-uchwyt-podwojny-vesa-100-75-dla-sr-45-mm\/#primaryimage"},"thumbnailUrl":"https:\/\/imago-systems.com\/wp-content\/uploads\/2024\/08\/IMAGO-Podwojny-uchwyt-VESA-75x75-100x100-do-stojaka-dla-sr.-38-mm.jpg","datePublished":"2024-08-21T06:47:30+00:00","dateModified":"2025-10-24T12:44:16+00:00","description":"\u041a\u0440\u0456\u043f\u043b\u0435\u043d\u043d\u044f IMAGO Dual VESA 75\/100 \u0434\u043b\u044f \u0441\u0442\u0456\u0439\u043a\u0438 \u0434\u0456\u0430\u043c\u0435\u0442\u0440\u043e\u043c 45 \u043c\u043c, \u043f\u0440\u0438\u0437\u043d\u0430\u0447\u0435\u043d\u0435 \u0434\u043b\u044f \u0431\u0435\u0437\u043f\u0435\u0447\u043d\u043e\u0433\u043e \u0442\u0430 \u0441\u0442\u0430\u0431\u0456\u043b\u044c\u043d\u043e\u0433\u043e \u043a\u0440\u0456\u043f\u043b\u0435\u043d\u043d\u044f \u043f\u0440\u0438\u0441\u0442\u0440\u043e\u044e \u0434\u043e \u0441\u0442\u0456\u0439\u043a\u0438.","breadcrumb":{"@id":"https:\/\/imago-systems.com\/product\/imago-uchwyt-podwojny-vesa-100-75-dla-sr-45-mm\/#breadcrumb"},"inLanguage":"uk","potentialAction":[{"@type":"ReadAction","target":["https:\/\/imago-systems.com\/product\/imago-uchwyt-podwojny-vesa-100-75-dla-sr-45-mm\/"]}]},{"@type":"ImageObject","inLanguage":"uk","@id":"https:\/\/imago-systems.com\/product\/imago-uchwyt-podwojny-vesa-100-75-dla-sr-45-mm\/#primaryimage","url":"https:\/\/imago-systems.com\/wp-content\/uploads\/2024\/08\/IMAGO-Podwojny-uchwyt-VESA-75x75-100x100-do-stojaka-dla-sr.-38-mm.jpg","contentUrl":"https:\/\/imago-systems.com\/wp-content\/uploads\/2024\/08\/IMAGO-Podwojny-uchwyt-VESA-75x75-100x100-do-stojaka-dla-sr.-38-mm.jpg","width":600,"height":600,"caption":"IMAGO Podw\u00f3jny uchwyt VESA 75x75 100x100 do stojaka dla \u015br. 45 mm"},{"@type":"BreadcrumbList","@id":"https:\/\/imago-systems.com\/product\/imago-uchwyt-podwojny-vesa-100-75-dla-sr-45-mm\/#breadcrumb","itemListElement":[{"@type":"ListItem","position":1,"name":"Home","item":"https:\/\/imago-systems.com\/"},{"@type":"ListItem","position":2,"name":"Shop","item":"https:\/\/imago-systems.com\/shop\/"},{"@type":"ListItem","position":3,"name":"IMAGO Tree","item":"https:\/\/imago-systems.com\/product-category\/imago-tree\/"},{"@type":"ListItem","position":4,"name":"Uchwyty VESA","item":"https:\/\/imago-systems.com\/product-category\/imago-tree\/uchwyty-vesa\/"},{"@type":"ListItem","position":5,"name":"IMAGO Uchwyt podw\u00f3jny VESA 100\/75 dla \u015br. 45 mm"}]},{"@type":"WebSite","@id":"https:\/\/imago-systems.com\/#website","url":"https:\/\/imago-systems.com\/","name":"\u0421\u0438\u0441\u0442\u0435\u043c\u0438 IMAGO","description":"\u0421\u0443\u0447\u0430\u0441\u043d\u0456 \u0440\u0456\u0448\u0435\u043d\u043d\u044f \u0434\u043b\u044f \u043f\u0440\u043e\u043c\u0438\u0441\u043b\u043e\u0432\u043e\u0441\u0442\u0456 \u0442\u0430 \u0440\u043e\u0437\u0434\u0440\u0456\u0431\u043d\u043e\u0457 \u0442\u043e\u0440\u0433\u0456\u0432\u043b\u0456.","publisher":{"@id":"https:\/\/imago-systems.com\/#organization"},"alternateName":"IMAGO","potentialAction":[{"@type":"SearchAction","target":{"@type":"EntryPoint","urlTemplate":"https:\/\/imago-systems.com\/?s={search_term_string}"},"query-input":{"@type":"PropertyValueSpecification","valueRequired":true,"valueName":"search_term_string"}}],"inLanguage":"uk"},{"@type":"Organization","@id":"https:\/\/imago-systems.com\/#organization","name":"IMAGO \u041f\u043e\u043b\u044c\u0449\u0430, \u0442\u043e\u0432\u0430\u0440\u0438\u0441\u0442\u0432\u043e \u0437 \u043e\u0431\u043c\u0435\u0436\u0435\u043d\u043e\u044e \u0432\u0456\u0434\u043f\u043e\u0432\u0456\u0434\u0430\u043b\u044c\u043d\u0456\u0441\u0442\u044e","alternateName":"IMAGO","url":"https:\/\/imago-systems.com\/","logo":{"@type":"ImageObject","inLanguage":"uk","@id":"https:\/\/imago-systems.com\/#\/schema\/logo\/image\/","url":"https:\/\/imago-systems.com\/wp-content\/uploads\/2024\/11\/cropped-cropped-cropped-IMAGO-LOGO-.jpg","contentUrl":"https:\/\/imago-systems.com\/wp-content\/uploads\/2024\/11\/cropped-cropped-cropped-IMAGO-LOGO-.jpg","width":512,"height":512,"caption":"IMAGO Poland sp. z o.o."},"image":{"@id":"https:\/\/imago-systems.com\/#\/schema\/logo\/image\/"},"sameAs":["https:\/\/www.linkedin.com\/company\/imago-poland\/"]}]}},"_links":{"self":[{"href":"https:\/\/imago-systems.com\/ua\/wp-json\/wp\/v2\/product\/1302","targetHints":{"allow":["GET"]}}],"collection":[{"href":"https:\/\/imago-systems.com\/ua\/wp-json\/wp\/v2\/product"}],"about":[{"href":"https:\/\/imago-systems.com\/ua\/wp-json\/wp\/v2\/types\/product"}],"replies":[{"embeddable":true,"href":"https:\/\/imago-systems.com\/ua\/wp-json\/wp\/v2\/comments?post=1302"}],"wp:featuredmedia":[{"embeddable":true,"href":"https:\/\/imago-systems.com\/ua\/wp-json\/wp\/v2\/media\/1782"}],"wp:attachment":[{"href":"https:\/\/imago-systems.com\/ua\/wp-json\/wp\/v2\/media?parent=1302"}],"wp:term":[{"taxonomy":"product_brand","embeddable":true,"href":"https:\/\/imago-systems.com\/ua\/wp-json\/wp\/v2\/product_brand?post=1302"},{"taxonomy":"product_cat","embeddable":true,"href":"https:\/\/imago-systems.com\/ua\/wp-json\/wp\/v2\/product_cat?post=1302"},{"taxonomy":"product_tag","embeddable":true,"href":"https:\/\/imago-systems.com\/ua\/wp-json\/wp\/v2\/product_tag?post=1302"}],"curies":[{"name":"\u0412\u041f","href":"https:\/\/api.w.org\/{rel}","templated":true}]}}