{"id":1263,"date":"2024-08-20T12:06:16","date_gmt":"2024-08-20T09:06:16","guid":{"rendered":"http:\/\/imago-systems.com\/?post_type=product&#038;p=1263"},"modified":"2026-04-27T14:07:42","modified_gmt":"2026-04-27T13:07:42","slug":"pocket-2d-wireless-barcode-scanner-r300-2d-bt","status":"publish","type":"product","link":"https:\/\/imago-systems.com\/ua\/%d0%bf%d1%80%d0%be%d0%b4%d1%83%d0%ba%d1%82\/pocket-2d-wireless-barcode-scanner-r300-2d-bt\/","title":{"rendered":"\u041a\u0438\u0448\u0435\u043d\u044c\u043a\u043e\u0432\u0438\u0439 2D \u0431\u0435\u0437\u0434\u0440\u043e\u0442\u043e\u0432\u0438\u0439 \u0441\u043a\u0430\u043d\u0435\u0440 \u0448\u0442\u0440\u0438\u0445-\u043a\u043e\u0434\u0456\u0432 R300"},"content":{"rendered":"<p>R300 \u2014 \u0446\u0435 \u043a\u043e\u043c\u043f\u0430\u043a\u0442\u043d\u0438\u0439 \u0431\u0435\u0437\u0434\u0440\u043e\u0442\u043e\u0432\u0438\u0439 \u0441\u043a\u0430\u043d\u0435\u0440 \u0448\u0442\u0440\u0438\u0445-\u043a\u043e\u0434\u0456\u0432, \u044f\u043a\u0438\u0439 \u0434\u043e\u0437\u0432\u043e\u043b\u044f\u0454 \u0448\u0432\u0438\u0434\u043a\u043e \u0442\u0430 \u0437\u0440\u0443\u0447\u043d\u043e \u0441\u043a\u0430\u043d\u0443\u0432\u0430\u0442\u0438 \u044f\u043a 1D, \u0442\u0430\u043a \u0456 2D-\u043a\u043e\u0434\u0456\u0432 \u0437 \u0435\u0442\u0438\u043a\u0435\u0442\u043e\u043a \u0442\u0430 \u0435\u043a\u0440\u0430\u043d\u0456\u0432.<\/p>\n<p>\u041f\u0440\u0438\u0441\u0442\u0440\u0456\u0439 \u0445\u0430\u0440\u0430\u043a\u0442\u0435\u0440\u0438\u0437\u0443\u0454\u0442\u044c\u0441\u044f \u0435\u0440\u0433\u043e\u043d\u043e\u043c\u0456\u0447\u043d\u0438\u043c \u0434\u0438\u0437\u0430\u0439\u043d\u043e\u043c, \u0449\u043e \u0437\u0430\u0431\u0435\u0437\u043f\u0435\u0447\u0443\u0454 \u043a\u043e\u043c\u0444\u043e\u0440\u0442\u043d\u0443 \u0440\u043e\u0431\u043e\u0442\u0443, \u0430 \u0442\u0430\u043a\u043e\u0436 \u043c\u0456\u0446\u043d\u0438\u043c \u043a\u043e\u0440\u043f\u0443\u0441\u043e\u043c, \u0441\u0442\u0456\u0439\u043a\u0438\u043c \u0434\u043e \u043f\u0430\u0434\u0456\u043d\u044c. \u0417\u0430\u0432\u0434\u044f\u043a\u0438 \u043c\u043e\u0436\u043b\u0438\u0432\u043e\u0441\u0442\u0456 \u043e\u043d\u043b\u0430\u0439\u043d-\u043e\u043d\u043e\u0432\u043b\u0435\u043d\u043d\u044f \u043f\u0440\u043e\u0433\u0440\u0430\u043c\u043d\u043e\u0433\u043e \u0437\u0430\u0431\u0435\u0437\u043f\u0435\u0447\u0435\u043d\u043d\u044f \u0442\u0430 \u0432\u0431\u0443\u0434\u043e\u0432\u0430\u043d\u043e\u043c\u0443 \u0434\u0438\u0441\u043f\u043b\u0435\u044e, \u043a\u043e\u0440\u0438\u0441\u0442\u0443\u0432\u0430\u0447 \u043c\u043e\u0436\u0435 \u043a\u043e\u043d\u0442\u0440\u043e\u043b\u044e\u0432\u0430\u0442\u0438 \u0441\u0442\u0430\u043d \u0431\u0430\u0442\u0430\u0440\u0435\u0457 \u0442\u0430 \u043e\u0431\u0440\u043e\u0431\u043b\u0435\u043d\u0456 \u0434\u0430\u043d\u0456 \u0432 \u0440\u0435\u0436\u0438\u043c\u0456 \u0440\u0435\u0430\u043b\u044c\u043d\u043e\u0433\u043e \u0447\u0430\u0441\u0443. \u0421\u043a\u0430\u043d\u0435\u0440 \u0456\u0434\u0435\u0430\u043b\u044c\u043d\u043e \u043f\u0456\u0434\u0445\u043e\u0434\u0438\u0442\u044c \u0434\u043b\u044f \u0437\u0430\u0441\u0442\u043e\u0441\u0443\u0432\u0430\u043d\u043d\u044f \u0432 <strong>\u0442\u043e\u0440\u0433\u0456\u0432\u043b\u044f, \u0441\u043a\u043b\u0430\u0434\u0438, \u043b\u043e\u0433\u0456\u0441\u0442\u0438\u043a\u0430 \u0442\u0430 \u0456\u043d\u0448\u0456 \u0433\u0430\u043b\u0443\u0437\u0456 \u043f\u0440\u043e\u043c\u0438\u0441\u043b\u043e\u0432\u043e\u0441\u0442\u0456<\/strong> \u043f\u043e\u0442\u0440\u0435\u0431\u0443\u0454 \u043c\u043e\u0431\u0456\u043b\u044c\u043d\u043e\u0433\u043e \u0442\u0430 \u043d\u0430\u0434\u0456\u0439\u043d\u043e\u0433\u043e \u0441\u043a\u0430\u043d\u0443\u0432\u0430\u043d\u043d\u044f \u0448\u0442\u0440\u0438\u0445-\u043a\u043e\u0434\u0456\u0432.<\/p>\n<p>&nbsp;<\/p>\n<h2><strong>\u0429\u043e \u0440\u043e\u0431\u0438\u0442\u044c \u0441\u043a\u0430\u043d\u0435\u0440 \u043a\u043e\u0434\u0456\u0432 R300 \u0443\u043d\u0456\u043a\u0430\u043b\u044c\u043d\u0438\u043c?:<\/strong><\/h2>\n<ul>\n<li>\u041d\u0435 \u043f\u043e\u0442\u0440\u0435\u0431\u0443\u0454 \u0436\u043e\u0434\u043d\u043e\u0433\u043e \u0434\u0440\u0430\u0439\u0432\u0435\u0440\u0430.<\/li>\n<li><strong>\u0417\u0447\u0438\u0442\u0443\u0432\u0430\u043d\u043d\u044f 1D \u0442\u0430 2D \u043a\u043e\u0434\u0443 \u0437 \u0435\u043a\u0440\u0430\u043d\u0430 \u0442\u0430 \u043f\u0430\u043f\u0435\u0440\u0443.<\/strong><\/li>\n<li>\u0404\u043c\u043d\u0456\u0441\u0442\u044c \u0430\u043a\u0443\u043c\u0443\u043b\u044f\u0442\u043e\u0440\u0430 \u0434\u043e<strong> 1500 \u043c\u0410\u0433.<\/strong><\/li>\n<li>\u0427\u0430\u0441 \u0437\u0430\u0440\u044f\u0434\u0436\u0430\u043d\u043d\u044f \u0441\u0442\u0430\u043d\u043e\u0432\u0438\u0442\u044c 3 \u0433\u043e\u0434\u0438\u043d\u0438, \u0430 \u0447\u0430\u0441 \u0431\u0435\u0437\u043f\u0435\u0440\u0435\u0440\u0432\u043d\u043e\u0433\u043e \u0441\u043a\u0430\u043d\u0443\u0432\u0430\u043d\u043d\u044f \u2014 24 \u0433\u043e\u0434\u0438\u043d\u0438.<\/li>\n<li>\u041f\u0456\u0434\u0442\u0440\u0438\u043c\u043a\u0430 \u043f\u043e\u0434\u0432\u0456\u0439\u043d\u043e\u0433\u043e \u043e\u043d\u043b\u0430\u0439\u043d-\u043e\u043d\u043e\u0432\u043b\u0435\u043d\u043d\u044f \u043f\u0440\u043e\u0448\u0438\u0432\u043a\u0438: \u0431\u0435\u0437\u0434\u0440\u043e\u0442\u043e\u0432\u043e\u0433\u043e \u0442\u0430 \u0447\u0435\u0440\u0435\u0437 \u0442\u0435\u043b\u0435\u043f\u0440\u0438\u0441\u0442\u0430\u0432\u043a\u0443.<\/li>\n<li>\u041c\u043e\u0434\u0435\u043b\u044c \u043a\u043e\u043c\u0443\u043d\u0456\u043a\u0430\u0446\u0456\u0457: <strong>2.4G, Bluetooth \u0442\u0430 \u043a\u0430\u0431\u0435\u043b\u044c Type-C.<\/strong><\/li>\n<li>\u0412\u0456\u0434\u0441\u0442\u0430\u043d\u044c \u0437\u0432&#039;\u044f\u0437\u043a\u0443 (\u0432\u0456\u0434\u043a\u0440\u0438\u0442\u0438\u0439 \u043f\u0440\u043e\u0441\u0442\u0456\u0440): <strong>2.4G: 100 \u043c\u0435\u0442\u0440\u0456\u0432, Bluetooth: 40 \u043c\u0435\u0442\u0440\u0456\u0432.<\/strong><\/li>\n<li>\u0406\u043d\u0442\u0435\u043b\u0435\u043a\u0442\u0443\u0430\u043b\u044c\u043d\u0438\u0439 \u043a\u043e\u0440\u043f\u0443\u0441, \u0443\u043d\u0456\u043a\u0430\u043b\u044c\u043d\u0438\u0439 \u0442\u0430 \u0435\u0440\u0433\u043e\u043d\u043e\u043c\u0456\u0447\u043d\u0438\u0439 \u0434\u0438\u0437\u0430\u0439\u043d, \u043a\u043e\u043c\u0444\u043e\u0440\u0442\u043d\u0430 \u0435\u043a\u0441\u043f\u043b\u0443\u0430\u0442\u0430\u0446\u0456\u044f.<\/li>\n<li>\u041f\u0456\u0434\u0442\u0440\u0438\u043c\u043a\u0430 \u0435\u043a\u0440\u0430\u043d\u043d\u043e\u0433\u043e \u043c\u0435\u043d\u044e (<strong>\u041a\u043e\u043b\u044c\u043e\u0440\u043e\u0432\u0438\u0439 \u0435\u043a\u0440\u0430\u043d 1,44 \u0434\u044e\u0439\u043c\u0430<\/strong>), \u043c\u043e\u043d\u0456\u0442\u043e\u0440\u0438\u043d\u0433 \u0441\u0442\u0430\u043d\u0443 \u0431\u0430\u0442\u0430\u0440\u0435\u0457 \u0432 \u0440\u0435\u0436\u0438\u043c\u0456 \u0440\u0435\u0430\u043b\u044c\u043d\u043e\u0433\u043e \u0447\u0430\u0441\u0443<\/li>\n<li>\u0414\u043e\u0441\u0442\u0443\u043f\u043d\u0430 \u043c\u043e\u0434\u0435\u043b\u044c \u0431\u0435\u0437 \u0435\u043a\u0440\u0430\u043d\u0443.<\/li>\n<\/ul>\n<p>&nbsp;<\/p>\n<h3><strong>\u0414\u0438\u0432. \u0456\u043d\u0448\u0456 <a href=\"https:\/\/imago-systems.com\/ua\/%d0%ba%d0%b0%d1%82%d0%b5%d0%b3%d0%be%d1%80%d1%96%d1%8f-%d0%bf%d1%80%d0%be%d0%b4%d1%83%d0%ba%d1%82%d1%83\/%d0%b7%d1%87%d0%b8%d1%82%d1%83%d0%b2%d0%b0%d1%87%d1%96-%d1%88%d1%82%d1%80%d0%b8%d1%85-%d0%ba%d0%be%d0%b4%d1%96%d0%b2\/\">\u0437\u0447\u0438\u0442\u0443\u0432\u0430\u0447\u0456 \u0448\u0442\u0440\u0438\u0445-\u043a\u043e\u0434\u0456\u0432<\/a> \u0443 \u043d\u0430\u0448\u0456\u0439 \u043f\u0440\u043e\u043f\u043e\u0437\u0438\u0446\u0456\u0457.<\/strong><\/h3>","protected":false},"excerpt":{"rendered":"<p>R300 \u2014 \u0446\u0435 \u043a\u043e\u043c\u043f\u0430\u043a\u0442\u043d\u0438\u0439 \u0431\u0435\u0437\u0434\u0440\u043e\u0442\u043e\u0432\u0438\u0439 \u0441\u043a\u0430\u043d\u0435\u0440 \u0448\u0442\u0440\u0438\u0445-\u043a\u043e\u0434\u0456\u0432, \u044f\u043a\u0438\u0439 \u0434\u043e\u0437\u0432\u043e\u043b\u044f\u0454 \u0448\u0432\u0438\u0434\u043a\u043e \u0442\u0430 \u0437\u0440\u0443\u0447\u043d\u043e \u0441\u043a\u0430\u043d\u0443\u0432\u0430\u0442\u0438 \u044f\u043a 1D, \u0442\u0430\u043a \u0456 2D-\u043a\u043e\u0434\u0456\u0432 \u0437 \u043f\u0430\u043f\u0435\u0440\u0443 \u0442\u0430 \u0435\u043a\u0440\u0430\u043d\u0456\u0432.<\/p>","protected":false},"featured_media":1740,"comment_status":"open","ping_status":"closed","template":"","meta":[],"product_brand":[],"product_cat":[42],"product_tag":[],"class_list":{"0":"post-1263","1":"product","2":"type-product","3":"status-publish","4":"has-post-thumbnail","6":"product_cat-czytniki-kodow-kreskowych","8":"first","9":"instock","10":"shipping-taxable","11":"purchasable","12":"product-type-variable"},"acf":[],"yoast_head":"<!-- This site is optimized with the Yoast SEO plugin v27.6 - https:\/\/yoast.com\/product\/yoast-seo-wordpress\/ -->\n<title>POCKET 2D WIRELESS BARCODE SCANNER R300 - IMAGO<\/title>\n<meta name=\"description\" content=\"R300 to kompaktowy skaner kod\u00f3w kreskowych, kt\u00f3ry umo\u017cliwia szybkie i wygodne skanowanie zar\u00f3wno kod\u00f3w 1D, jak i 2D, z papieru oraz z ekran\u00f3w.\" \/>\n<meta name=\"robots\" content=\"index, follow, max-snippet:-1, max-image-preview:large, max-video-preview:-1\" \/>\n<link rel=\"canonical\" href=\"https:\/\/imago-systems.com\/ua\/\u043f\u0440\u043e\u0434\u0443\u043a\u0442\/pocket-2d-wireless-barcode-scanner-r300-2d-bt\/\" \/>\n<meta property=\"og:locale\" content=\"uk_UA\" \/>\n<meta property=\"og:type\" content=\"article\" \/>\n<meta property=\"og:title\" content=\"POCKET 2D WIRELESS BARCODE SCANNER R300 - IMAGO\" \/>\n<meta property=\"og:description\" content=\"R300 to kompaktowy skaner kod\u00f3w kreskowych, kt\u00f3ry umo\u017cliwia szybkie i wygodne skanowanie zar\u00f3wno kod\u00f3w 1D, jak i 2D, z papieru oraz z ekran\u00f3w.\" \/>\n<meta property=\"og:url\" content=\"https:\/\/imago-systems.com\/ua\/\u043f\u0440\u043e\u0434\u0443\u043a\u0442\/pocket-2d-wireless-barcode-scanner-r300-2d-bt\/\" \/>\n<meta property=\"og:site_name\" content=\"IMAGO\" \/>\n<meta property=\"article:modified_time\" content=\"2026-04-27T13:07:42+00:00\" \/>\n<meta property=\"og:image\" content=\"https:\/\/imago-systems.com\/wp-content\/uploads\/2024\/08\/POCKET-2D-WIRELESS-BARCODE-SCANNER-R300-2D-BT-1.jpg\" \/>\n\t<meta property=\"og:image:width\" content=\"1024\" \/>\n\t<meta property=\"og:image:height\" content=\"1024\" \/>\n\t<meta property=\"og:image:type\" content=\"image\/jpeg\" \/>\n<meta name=\"twitter:card\" content=\"summary_large_image\" \/>\n<meta name=\"twitter:label1\" content=\"\u041f\u0440\u0438\u0431\u043b. \u0447\u0430\u0441 \u0447\u0438\u0442\u0430\u043d\u043d\u044f\" \/>\n\t<meta name=\"twitter:data1\" content=\"2 \u0445\u0432\u0438\u043b\u0438\u043d\u0438\" \/>\n<script type=\"application\/ld+json\" class=\"yoast-schema-graph\">{\"@context\":\"https:\\\/\\\/schema.org\",\"@graph\":[{\"@type\":\"WebPage\",\"@id\":\"https:\\\/\\\/imago-systems.com\\\/product\\\/pocket-2d-wireless-barcode-scanner-r300-2d-bt\\\/\",\"url\":\"https:\\\/\\\/imago-systems.com\\\/product\\\/pocket-2d-wireless-barcode-scanner-r300-2d-bt\\\/\",\"name\":\"POCKET 2D WIRELESS BARCODE SCANNER R300 - IMAGO\",\"isPartOf\":{\"@id\":\"https:\\\/\\\/imago-systems.com\\\/#website\"},\"primaryImageOfPage\":{\"@id\":\"https:\\\/\\\/imago-systems.com\\\/product\\\/pocket-2d-wireless-barcode-scanner-r300-2d-bt\\\/#primaryimage\"},\"image\":{\"@id\":\"https:\\\/\\\/imago-systems.com\\\/product\\\/pocket-2d-wireless-barcode-scanner-r300-2d-bt\\\/#primaryimage\"},\"thumbnailUrl\":\"https:\\\/\\\/imago-systems.com\\\/wp-content\\\/uploads\\\/2024\\\/08\\\/POCKET-2D-WIRELESS-BARCODE-SCANNER-R300-2D-BT-1.jpg\",\"datePublished\":\"2024-08-20T09:06:16+00:00\",\"dateModified\":\"2026-04-27T13:07:42+00:00\",\"description\":\"R300 to kompaktowy skaner kod\u00f3w kreskowych, kt\u00f3ry umo\u017cliwia szybkie i wygodne skanowanie zar\u00f3wno kod\u00f3w 1D, jak i 2D, z papieru oraz z ekran\u00f3w.\",\"breadcrumb\":{\"@id\":\"https:\\\/\\\/imago-systems.com\\\/product\\\/pocket-2d-wireless-barcode-scanner-r300-2d-bt\\\/#breadcrumb\"},\"inLanguage\":\"uk\",\"potentialAction\":[{\"@type\":\"ReadAction\",\"target\":[\"https:\\\/\\\/imago-systems.com\\\/product\\\/pocket-2d-wireless-barcode-scanner-r300-2d-bt\\\/\"]}]},{\"@type\":\"ImageObject\",\"inLanguage\":\"uk\",\"@id\":\"https:\\\/\\\/imago-systems.com\\\/product\\\/pocket-2d-wireless-barcode-scanner-r300-2d-bt\\\/#primaryimage\",\"url\":\"https:\\\/\\\/imago-systems.com\\\/wp-content\\\/uploads\\\/2024\\\/08\\\/POCKET-2D-WIRELESS-BARCODE-SCANNER-R300-2D-BT-1.jpg\",\"contentUrl\":\"https:\\\/\\\/imago-systems.com\\\/wp-content\\\/uploads\\\/2024\\\/08\\\/POCKET-2D-WIRELESS-BARCODE-SCANNER-R300-2D-BT-1.jpg\",\"width\":1024,\"height\":1024,\"caption\":\"POCKET 2D WIRELESS BARCODE SCANNER R300-2D-BT\"},{\"@type\":\"BreadcrumbList\",\"@id\":\"https:\\\/\\\/imago-systems.com\\\/product\\\/pocket-2d-wireless-barcode-scanner-r300-2d-bt\\\/#breadcrumb\",\"itemListElement\":[{\"@type\":\"ListItem\",\"position\":1,\"name\":\"Home\",\"item\":\"https:\\\/\\\/imago-systems.com\\\/\"},{\"@type\":\"ListItem\",\"position\":2,\"name\":\"Shop\",\"item\":\"https:\\\/\\\/imago-systems.com\\\/shop\\\/\"},{\"@type\":\"ListItem\",\"position\":3,\"name\":\"Czytniki kod\u00f3w kreskowych\",\"item\":\"https:\\\/\\\/imago-systems.com\\\/product-category\\\/czytniki-kodow-kreskowych\\\/\"},{\"@type\":\"ListItem\",\"position\":4,\"name\":\"POCKET 2D WIRELESS BARCODE SCANNER R300\"}]},{\"@type\":\"WebSite\",\"@id\":\"https:\\\/\\\/imago-systems.com\\\/#website\",\"url\":\"https:\\\/\\\/imago-systems.com\\\/\",\"name\":\"IMAGO systems\",\"description\":\"Nowoczesne rozwi\u0105zania dla przemys\u0142u i handlu detalicznego.\",\"publisher\":{\"@id\":\"https:\\\/\\\/imago-systems.com\\\/#organization\"},\"alternateName\":\"IMAGO\",\"potentialAction\":[{\"@type\":\"SearchAction\",\"target\":{\"@type\":\"EntryPoint\",\"urlTemplate\":\"https:\\\/\\\/imago-systems.com\\\/?s={search_term_string}\"},\"query-input\":{\"@type\":\"PropertyValueSpecification\",\"valueRequired\":true,\"valueName\":\"search_term_string\"}}],\"inLanguage\":\"uk\"},{\"@type\":\"Organization\",\"@id\":\"https:\\\/\\\/imago-systems.com\\\/#organization\",\"name\":\"IMAGO Poland sp. z o.o.\",\"alternateName\":\"IMAGO\",\"url\":\"https:\\\/\\\/imago-systems.com\\\/\",\"logo\":{\"@type\":\"ImageObject\",\"inLanguage\":\"uk\",\"@id\":\"https:\\\/\\\/imago-systems.com\\\/#\\\/schema\\\/logo\\\/image\\\/\",\"url\":\"https:\\\/\\\/imago-systems.com\\\/wp-content\\\/uploads\\\/2024\\\/11\\\/cropped-cropped-cropped-IMAGO-LOGO-.jpg\",\"contentUrl\":\"https:\\\/\\\/imago-systems.com\\\/wp-content\\\/uploads\\\/2024\\\/11\\\/cropped-cropped-cropped-IMAGO-LOGO-.jpg\",\"width\":512,\"height\":512,\"caption\":\"IMAGO Poland sp. z o.o.\"},\"image\":{\"@id\":\"https:\\\/\\\/imago-systems.com\\\/#\\\/schema\\\/logo\\\/image\\\/\"},\"sameAs\":[\"https:\\\/\\\/www.linkedin.com\\\/company\\\/imago-poland\\\/\"]}]}<\/script>\n<!-- \/ Yoast SEO plugin. -->","yoast_head_json":{"title":"\u041a\u0418\u0428\u0415\u041d\u042c\u041a\u041e\u0412\u0418\u0419 2D \u0411\u0415\u0417\u0414\u0420\u041e\u0422\u041e\u0412\u0418\u0419 \u0421\u041a\u0410\u041d\u0415\u0420 \u0428\u0422\u0420\u0418\u0425-\u041a\u041e\u0414\u0406\u0412 R300 - IMAGO","description":"R300 \u2014 \u0446\u0435 \u043a\u043e\u043c\u043f\u0430\u043a\u0442\u043d\u0438\u0439 \u0441\u043a\u0430\u043d\u0435\u0440 \u0448\u0442\u0440\u0438\u0445-\u043a\u043e\u0434\u0456\u0432, \u044f\u043a\u0438\u0439 \u0434\u043e\u0437\u0432\u043e\u043b\u044f\u0454 \u0448\u0432\u0438\u0434\u043a\u043e \u0442\u0430 \u0437\u0440\u0443\u0447\u043d\u043e \u0441\u043a\u0430\u043d\u0443\u0432\u0430\u0442\u0438 \u044f\u043a 1D, \u0442\u0430\u043a \u0456 2D-\u043a\u043e\u0434\u0456\u0432 \u0437 \u043f\u0430\u043f\u0435\u0440\u0443 \u0442\u0430 \u0435\u043a\u0440\u0430\u043d\u0456\u0432.","robots":{"index":"index","follow":"follow","max-snippet":"max-snippet:-1","max-image-preview":"max-image-preview:large","max-video-preview":"max-video-preview:-1"},"canonical":"https:\/\/imago-systems.com\/ua\/\u043f\u0440\u043e\u0434\u0443\u043a\u0442\/pocket-2d-wireless-barcode-scanner-r300-2d-bt\/","og_locale":"uk_UA","og_type":"article","og_title":"POCKET 2D WIRELESS BARCODE SCANNER R300 - IMAGO","og_description":"R300 to kompaktowy skaner kod\u00f3w kreskowych, kt\u00f3ry umo\u017cliwia szybkie i wygodne skanowanie zar\u00f3wno kod\u00f3w 1D, jak i 2D, z papieru oraz z ekran\u00f3w.","og_url":"https:\/\/imago-systems.com\/ua\/\u043f\u0440\u043e\u0434\u0443\u043a\u0442\/pocket-2d-wireless-barcode-scanner-r300-2d-bt\/","og_site_name":"IMAGO","article_modified_time":"2026-04-27T13:07:42+00:00","og_image":[{"width":1024,"height":1024,"url":"https:\/\/imago-systems.com\/wp-content\/uploads\/2024\/08\/POCKET-2D-WIRELESS-BARCODE-SCANNER-R300-2D-BT-1.jpg","type":"image\/jpeg"}],"twitter_card":"summary_large_image","twitter_misc":{"\u041f\u0440\u0438\u0431\u043b. \u0447\u0430\u0441 \u0447\u0438\u0442\u0430\u043d\u043d\u044f":"2 \u0445\u0432\u0438\u043b\u0438\u043d\u0438"},"schema":{"@context":"https:\/\/schema.org","@graph":[{"@type":"WebPage","@id":"https:\/\/imago-systems.com\/product\/pocket-2d-wireless-barcode-scanner-r300-2d-bt\/","url":"https:\/\/imago-systems.com\/product\/pocket-2d-wireless-barcode-scanner-r300-2d-bt\/","name":"\u041a\u0418\u0428\u0415\u041d\u042c\u041a\u041e\u0412\u0418\u0419 2D \u0411\u0415\u0417\u0414\u0420\u041e\u0422\u041e\u0412\u0418\u0419 \u0421\u041a\u0410\u041d\u0415\u0420 \u0428\u0422\u0420\u0418\u0425-\u041a\u041e\u0414\u0406\u0412 R300 - IMAGO","isPartOf":{"@id":"https:\/\/imago-systems.com\/#website"},"primaryImageOfPage":{"@id":"https:\/\/imago-systems.com\/product\/pocket-2d-wireless-barcode-scanner-r300-2d-bt\/#primaryimage"},"image":{"@id":"https:\/\/imago-systems.com\/product\/pocket-2d-wireless-barcode-scanner-r300-2d-bt\/#primaryimage"},"thumbnailUrl":"https:\/\/imago-systems.com\/wp-content\/uploads\/2024\/08\/POCKET-2D-WIRELESS-BARCODE-SCANNER-R300-2D-BT-1.jpg","datePublished":"2024-08-20T09:06:16+00:00","dateModified":"2026-04-27T13:07:42+00:00","description":"R300 \u2014 \u0446\u0435 \u043a\u043e\u043c\u043f\u0430\u043a\u0442\u043d\u0438\u0439 \u0441\u043a\u0430\u043d\u0435\u0440 \u0448\u0442\u0440\u0438\u0445-\u043a\u043e\u0434\u0456\u0432, \u044f\u043a\u0438\u0439 \u0434\u043e\u0437\u0432\u043e\u043b\u044f\u0454 \u0448\u0432\u0438\u0434\u043a\u043e \u0442\u0430 \u0437\u0440\u0443\u0447\u043d\u043e \u0441\u043a\u0430\u043d\u0443\u0432\u0430\u0442\u0438 \u044f\u043a 1D, \u0442\u0430\u043a \u0456 2D-\u043a\u043e\u0434\u0456\u0432 \u0437 \u043f\u0430\u043f\u0435\u0440\u0443 \u0442\u0430 \u0435\u043a\u0440\u0430\u043d\u0456\u0432.","breadcrumb":{"@id":"https:\/\/imago-systems.com\/product\/pocket-2d-wireless-barcode-scanner-r300-2d-bt\/#breadcrumb"},"inLanguage":"uk","potentialAction":[{"@type":"ReadAction","target":["https:\/\/imago-systems.com\/product\/pocket-2d-wireless-barcode-scanner-r300-2d-bt\/"]}]},{"@type":"ImageObject","inLanguage":"uk","@id":"https:\/\/imago-systems.com\/product\/pocket-2d-wireless-barcode-scanner-r300-2d-bt\/#primaryimage","url":"https:\/\/imago-systems.com\/wp-content\/uploads\/2024\/08\/POCKET-2D-WIRELESS-BARCODE-SCANNER-R300-2D-BT-1.jpg","contentUrl":"https:\/\/imago-systems.com\/wp-content\/uploads\/2024\/08\/POCKET-2D-WIRELESS-BARCODE-SCANNER-R300-2D-BT-1.jpg","width":1024,"height":1024,"caption":"POCKET 2D WIRELESS BARCODE SCANNER R300-2D-BT"},{"@type":"BreadcrumbList","@id":"https:\/\/imago-systems.com\/product\/pocket-2d-wireless-barcode-scanner-r300-2d-bt\/#breadcrumb","itemListElement":[{"@type":"ListItem","position":1,"name":"Home","item":"https:\/\/imago-systems.com\/"},{"@type":"ListItem","position":2,"name":"Shop","item":"https:\/\/imago-systems.com\/shop\/"},{"@type":"ListItem","position":3,"name":"Czytniki kod\u00f3w kreskowych","item":"https:\/\/imago-systems.com\/product-category\/czytniki-kodow-kreskowych\/"},{"@type":"ListItem","position":4,"name":"POCKET 2D WIRELESS BARCODE SCANNER R300"}]},{"@type":"WebSite","@id":"https:\/\/imago-systems.com\/#website","url":"https:\/\/imago-systems.com\/","name":"\u0421\u0438\u0441\u0442\u0435\u043c\u0438 IMAGO","description":"\u0421\u0443\u0447\u0430\u0441\u043d\u0456 \u0440\u0456\u0448\u0435\u043d\u043d\u044f \u0434\u043b\u044f \u043f\u0440\u043e\u043c\u0438\u0441\u043b\u043e\u0432\u043e\u0441\u0442\u0456 \u0442\u0430 \u0440\u043e\u0437\u0434\u0440\u0456\u0431\u043d\u043e\u0457 \u0442\u043e\u0440\u0433\u0456\u0432\u043b\u0456.","publisher":{"@id":"https:\/\/imago-systems.com\/#organization"},"alternateName":"IMAGO","potentialAction":[{"@type":"SearchAction","target":{"@type":"EntryPoint","urlTemplate":"https:\/\/imago-systems.com\/?s={search_term_string}"},"query-input":{"@type":"PropertyValueSpecification","valueRequired":true,"valueName":"search_term_string"}}],"inLanguage":"uk"},{"@type":"Organization","@id":"https:\/\/imago-systems.com\/#organization","name":"IMAGO \u041f\u043e\u043b\u044c\u0449\u0430, \u0442\u043e\u0432\u0430\u0440\u0438\u0441\u0442\u0432\u043e \u0437 \u043e\u0431\u043c\u0435\u0436\u0435\u043d\u043e\u044e \u0432\u0456\u0434\u043f\u043e\u0432\u0456\u0434\u0430\u043b\u044c\u043d\u0456\u0441\u0442\u044e","alternateName":"IMAGO","url":"https:\/\/imago-systems.com\/","logo":{"@type":"ImageObject","inLanguage":"uk","@id":"https:\/\/imago-systems.com\/#\/schema\/logo\/image\/","url":"https:\/\/imago-systems.com\/wp-content\/uploads\/2024\/11\/cropped-cropped-cropped-IMAGO-LOGO-.jpg","contentUrl":"https:\/\/imago-systems.com\/wp-content\/uploads\/2024\/11\/cropped-cropped-cropped-IMAGO-LOGO-.jpg","width":512,"height":512,"caption":"IMAGO Poland sp. z o.o."},"image":{"@id":"https:\/\/imago-systems.com\/#\/schema\/logo\/image\/"},"sameAs":["https:\/\/www.linkedin.com\/company\/imago-poland\/"]}]}},"_links":{"self":[{"href":"https:\/\/imago-systems.com\/ua\/wp-json\/wp\/v2\/product\/1263","targetHints":{"allow":["GET"]}}],"collection":[{"href":"https:\/\/imago-systems.com\/ua\/wp-json\/wp\/v2\/product"}],"about":[{"href":"https:\/\/imago-systems.com\/ua\/wp-json\/wp\/v2\/types\/product"}],"replies":[{"embeddable":true,"href":"https:\/\/imago-systems.com\/ua\/wp-json\/wp\/v2\/comments?post=1263"}],"wp:featuredmedia":[{"embeddable":true,"href":"https:\/\/imago-systems.com\/ua\/wp-json\/wp\/v2\/media\/1740"}],"wp:attachment":[{"href":"https:\/\/imago-systems.com\/ua\/wp-json\/wp\/v2\/media?parent=1263"}],"wp:term":[{"taxonomy":"product_brand","embeddable":true,"href":"https:\/\/imago-systems.com\/ua\/wp-json\/wp\/v2\/product_brand?post=1263"},{"taxonomy":"product_cat","embeddable":true,"href":"https:\/\/imago-systems.com\/ua\/wp-json\/wp\/v2\/product_cat?post=1263"},{"taxonomy":"product_tag","embeddable":true,"href":"https:\/\/imago-systems.com\/ua\/wp-json\/wp\/v2\/product_tag?post=1263"}],"curies":[{"name":"\u0412\u041f","href":"https:\/\/api.w.org\/{rel}","templated":true}]}}