{"id":66,"date":"2024-04-02T14:37:56","date_gmt":"2024-04-02T11:37:56","guid":{"rendered":"http:\/\/imago-systems.com\/\/?page_id=66"},"modified":"2025-08-19T11:56:52","modified_gmt":"2025-08-19T10:56:52","slug":"%d0%ba%d0%be%d0%bd%d1%82%d0%b0%d0%ba%d1%82","status":"publish","type":"page","link":"https:\/\/imago-systems.com\/ua\/%d0%ba%d0%be%d0%bd%d1%82%d0%b0%d0%ba%d1%82\/","title":{"rendered":"\u041a\u043e\u043d\u0442\u0430\u043a\u0442\u0438"},"content":{"rendered":"<h1 class=\"wp-block-heading\">\u0417\u0432\u0435\u0440\u043d\u0456\u0442\u044c\u0441\u044f \u0434\u043e \u043d\u0430\u0441 \u0442\u0430 \u0432\u0438\u0440\u0443\u0448\u0430\u0439\u0442\u0435 \u0443 \u043f\u043e\u0434\u043e\u0440\u043e\u0436 \u043a\u0440\u0456\u0437\u044c \u0441\u0443\u0447\u0430\u0441\u043d\u0456 \u0442\u0435\u0445\u043d\u043e\u043b\u043e\u0433\u0456\u0457 \u0434\u043b\u044f \u0432\u0430\u0448\u043e\u0433\u043e \u0431\u0456\u0437\u043d\u0435\u0441\u0443. IMAGO \u2013 \u0432\u0438\u0440\u043e\u0431\u043d\u0438\u043a \u0440\u0456\u0448\u0435\u043d\u044c \u0434\u043b\u044f \u043f\u0440\u043e\u043c\u0438\u0441\u043b\u043e\u0432\u043e\u0441\u0442\u0456 \u0442\u0430 \u043a\u043e\u043c\u0435\u0440\u0446\u0456\u0457.<\/h1>","protected":false},"excerpt":{"rendered":"<p>\u0417\u0432\u0435\u0440\u043d\u0456\u0442\u044c\u0441\u044f \u0434\u043e \u043d\u0430\u0441 \u0442\u0430 \u0432\u0438\u0440\u0443\u0448\u0430\u0439\u0442\u0435 \u0443 \u043f\u043e\u0434\u043e\u0440\u043e\u0436 \u043a\u0440\u0456\u0437\u044c \u0441\u0443\u0447\u0430\u0441\u043d\u0456 \u0442\u0435\u0445\u043d\u043e\u043b\u043e\u0433\u0456\u0457 \u0434\u043b\u044f \u0432\u0430\u0448\u043e\u0433\u043e \u0431\u0456\u0437\u043d\u0435\u0441\u0443. IMAGO \u2013 \u0432\u0438\u0440\u043e\u0431\u043d\u0438\u043a \u0440\u0456\u0448\u0435\u043d\u044c \u0434\u043b\u044f \u043f\u0440\u043e\u043c\u0438\u0441\u043b\u043e\u0432\u043e\u0441\u0442\u0456 \u0442\u0430 \u043a\u043e\u043c\u0435\u0440\u0446\u0456\u0457.<\/p>","protected":false},"author":1,"featured_media":14603,"parent":0,"menu_order":0,"comment_status":"closed","ping_status":"closed","template":"page-contact.php","meta":{"footnotes":""},"class_list":["post-66","page","type-page","status-publish","has-post-thumbnail","hentry"],"acf":[],"yoast_head":"<!-- This site is optimized with the Yoast SEO plugin v27.6 - https:\/\/yoast.com\/product\/yoast-seo-wordpress\/ -->\n<title>Kontakt - IMAGO<\/title>\n<meta name=\"description\" content=\"Skontaktuj si\u0119 z nami i wyrusz w podr\u00f3\u017c po nowoczesnych technologiach dla Twojego biznesu. IMAGO - producent rozwi\u0105za\u0144 dla przemys\u0142u i handlu.\" \/>\n<meta name=\"robots\" content=\"index, follow, max-snippet:-1, max-image-preview:large, max-video-preview:-1\" \/>\n<link rel=\"canonical\" href=\"https:\/\/imago-systems.com\/ua\/\u043a\u043e\u043d\u0442\u0430\u043a\u0442\/\" \/>\n<meta property=\"og:locale\" content=\"uk_UA\" \/>\n<meta property=\"og:type\" content=\"article\" \/>\n<meta property=\"og:title\" content=\"Kontakt - IMAGO\" \/>\n<meta property=\"og:description\" content=\"Skontaktuj si\u0119 z nami i wyrusz w podr\u00f3\u017c po nowoczesnych technologiach dla Twojego biznesu. IMAGO - producent rozwi\u0105za\u0144 dla przemys\u0142u i handlu.\" \/>\n<meta property=\"og:url\" content=\"https:\/\/imago-systems.com\/ua\/\u043a\u043e\u043d\u0442\u0430\u043a\u0442\/\" \/>\n<meta property=\"og:site_name\" content=\"IMAGO\" \/>\n<meta property=\"article:modified_time\" content=\"2025-08-19T10:56:52+00:00\" \/>\n<meta property=\"og:image\" content=\"https:\/\/imago-systems.com\/wp-content\/uploads\/2024\/10\/IMAGO-dystrybutor-Auto-ID-1.jpg\" \/>\n\t<meta property=\"og:image:width\" content=\"400\" \/>\n\t<meta property=\"og:image:height\" content=\"250\" \/>\n\t<meta property=\"og:image:type\" content=\"image\/jpeg\" \/>\n<meta name=\"twitter:card\" content=\"summary_large_image\" \/>\n<meta name=\"twitter:label1\" content=\"\u041f\u0440\u0438\u0431\u043b. \u0447\u0430\u0441 \u0447\u0438\u0442\u0430\u043d\u043d\u044f\" \/>\n\t<meta name=\"twitter:data1\" content=\"1 \u0445\u0432\u0438\u043b\u0438\u043d\u0430\" \/>\n<script type=\"application\/ld+json\" class=\"yoast-schema-graph\">{\"@context\":\"https:\\\/\\\/schema.org\",\"@graph\":[{\"@type\":\"WebPage\",\"@id\":\"https:\\\/\\\/imago-systems.com\\\/kontakt\\\/\",\"url\":\"https:\\\/\\\/imago-systems.com\\\/kontakt\\\/\",\"name\":\"Kontakt - IMAGO\",\"isPartOf\":{\"@id\":\"https:\\\/\\\/imago-systems.com\\\/#website\"},\"primaryImageOfPage\":{\"@id\":\"https:\\\/\\\/imago-systems.com\\\/kontakt\\\/#primaryimage\"},\"image\":{\"@id\":\"https:\\\/\\\/imago-systems.com\\\/kontakt\\\/#primaryimage\"},\"thumbnailUrl\":\"https:\\\/\\\/imago-systems.com\\\/wp-content\\\/uploads\\\/2024\\\/10\\\/IMAGO-dystrybutor-Auto-ID-1.jpg\",\"datePublished\":\"2024-04-02T11:37:56+00:00\",\"dateModified\":\"2025-08-19T10:56:52+00:00\",\"description\":\"Skontaktuj si\u0119 z nami i wyrusz w podr\u00f3\u017c po nowoczesnych technologiach dla Twojego biznesu. IMAGO - producent rozwi\u0105za\u0144 dla przemys\u0142u i handlu.\",\"breadcrumb\":{\"@id\":\"https:\\\/\\\/imago-systems.com\\\/kontakt\\\/#breadcrumb\"},\"inLanguage\":\"uk\",\"potentialAction\":[{\"@type\":\"ReadAction\",\"target\":[\"https:\\\/\\\/imago-systems.com\\\/kontakt\\\/\"]}]},{\"@type\":\"ImageObject\",\"inLanguage\":\"uk\",\"@id\":\"https:\\\/\\\/imago-systems.com\\\/kontakt\\\/#primaryimage\",\"url\":\"https:\\\/\\\/imago-systems.com\\\/wp-content\\\/uploads\\\/2024\\\/10\\\/IMAGO-dystrybutor-Auto-ID-1.jpg\",\"contentUrl\":\"https:\\\/\\\/imago-systems.com\\\/wp-content\\\/uploads\\\/2024\\\/10\\\/IMAGO-dystrybutor-Auto-ID-1.jpg\",\"width\":400,\"height\":250,\"caption\":\"IMAGO dystrybutor Auto-ID\"},{\"@type\":\"BreadcrumbList\",\"@id\":\"https:\\\/\\\/imago-systems.com\\\/kontakt\\\/#breadcrumb\",\"itemListElement\":[{\"@type\":\"ListItem\",\"position\":1,\"name\":\"Home\",\"item\":\"https:\\\/\\\/imago-systems.com\\\/\"},{\"@type\":\"ListItem\",\"position\":2,\"name\":\"Kontakt\"}]},{\"@type\":\"WebSite\",\"@id\":\"https:\\\/\\\/imago-systems.com\\\/#website\",\"url\":\"https:\\\/\\\/imago-systems.com\\\/\",\"name\":\"IMAGO systems\",\"description\":\"Nowoczesne rozwi\u0105zania dla przemys\u0142u i handlu detalicznego.\",\"publisher\":{\"@id\":\"https:\\\/\\\/imago-systems.com\\\/#organization\"},\"alternateName\":\"IMAGO\",\"potentialAction\":[{\"@type\":\"SearchAction\",\"target\":{\"@type\":\"EntryPoint\",\"urlTemplate\":\"https:\\\/\\\/imago-systems.com\\\/?s={search_term_string}\"},\"query-input\":{\"@type\":\"PropertyValueSpecification\",\"valueRequired\":true,\"valueName\":\"search_term_string\"}}],\"inLanguage\":\"uk\"},{\"@type\":\"Organization\",\"@id\":\"https:\\\/\\\/imago-systems.com\\\/#organization\",\"name\":\"IMAGO Poland sp. z o.o.\",\"alternateName\":\"IMAGO\",\"url\":\"https:\\\/\\\/imago-systems.com\\\/\",\"logo\":{\"@type\":\"ImageObject\",\"inLanguage\":\"uk\",\"@id\":\"https:\\\/\\\/imago-systems.com\\\/#\\\/schema\\\/logo\\\/image\\\/\",\"url\":\"https:\\\/\\\/imago-systems.com\\\/wp-content\\\/uploads\\\/2024\\\/11\\\/cropped-cropped-cropped-IMAGO-LOGO-.jpg\",\"contentUrl\":\"https:\\\/\\\/imago-systems.com\\\/wp-content\\\/uploads\\\/2024\\\/11\\\/cropped-cropped-cropped-IMAGO-LOGO-.jpg\",\"width\":512,\"height\":512,\"caption\":\"IMAGO Poland sp. z o.o.\"},\"image\":{\"@id\":\"https:\\\/\\\/imago-systems.com\\\/#\\\/schema\\\/logo\\\/image\\\/\"},\"sameAs\":[\"https:\\\/\\\/www.linkedin.com\\\/company\\\/imago-poland\\\/\"]}]}<\/script>\n<!-- \/ Yoast SEO plugin. -->","yoast_head_json":{"title":"\u041a\u043e\u043d\u0442\u0430\u043a\u0442\u0438 - \u0406\u041c\u0410\u0413\u041e","description":"\u0417\u0432\u0435\u0440\u043d\u0456\u0442\u044c\u0441\u044f \u0434\u043e \u043d\u0430\u0441 \u0442\u0430 \u0432\u0438\u0440\u0443\u0448\u0430\u0439\u0442\u0435 \u0443 \u043f\u043e\u0434\u043e\u0440\u043e\u0436 \u043a\u0440\u0456\u0437\u044c \u0441\u0443\u0447\u0430\u0441\u043d\u0456 \u0442\u0435\u0445\u043d\u043e\u043b\u043e\u0433\u0456\u0457 \u0434\u043b\u044f \u0432\u0430\u0448\u043e\u0433\u043e \u0431\u0456\u0437\u043d\u0435\u0441\u0443. IMAGO \u2013 \u0432\u0438\u0440\u043e\u0431\u043d\u0438\u043a \u0440\u0456\u0448\u0435\u043d\u044c \u0434\u043b\u044f \u043f\u0440\u043e\u043c\u0438\u0441\u043b\u043e\u0432\u043e\u0441\u0442\u0456 \u0442\u0430 \u043a\u043e\u043c\u0435\u0440\u0446\u0456\u0457.","robots":{"index":"index","follow":"follow","max-snippet":"max-snippet:-1","max-image-preview":"max-image-preview:large","max-video-preview":"max-video-preview:-1"},"canonical":"https:\/\/imago-systems.com\/ua\/\u043a\u043e\u043d\u0442\u0430\u043a\u0442\/","og_locale":"uk_UA","og_type":"article","og_title":"Kontakt - IMAGO","og_description":"Skontaktuj si\u0119 z nami i wyrusz w podr\u00f3\u017c po nowoczesnych technologiach dla Twojego biznesu. IMAGO - producent rozwi\u0105za\u0144 dla przemys\u0142u i handlu.","og_url":"https:\/\/imago-systems.com\/ua\/\u043a\u043e\u043d\u0442\u0430\u043a\u0442\/","og_site_name":"IMAGO","article_modified_time":"2025-08-19T10:56:52+00:00","og_image":[{"width":400,"height":250,"url":"https:\/\/imago-systems.com\/wp-content\/uploads\/2024\/10\/IMAGO-dystrybutor-Auto-ID-1.jpg","type":"image\/jpeg"}],"twitter_card":"summary_large_image","twitter_misc":{"\u041f\u0440\u0438\u0431\u043b. \u0447\u0430\u0441 \u0447\u0438\u0442\u0430\u043d\u043d\u044f":"1 \u0445\u0432\u0438\u043b\u0438\u043d\u0430"},"schema":{"@context":"https:\/\/schema.org","@graph":[{"@type":"WebPage","@id":"https:\/\/imago-systems.com\/kontakt\/","url":"https:\/\/imago-systems.com\/kontakt\/","name":"\u041a\u043e\u043d\u0442\u0430\u043a\u0442\u0438 - \u0406\u041c\u0410\u0413\u041e","isPartOf":{"@id":"https:\/\/imago-systems.com\/#website"},"primaryImageOfPage":{"@id":"https:\/\/imago-systems.com\/kontakt\/#primaryimage"},"image":{"@id":"https:\/\/imago-systems.com\/kontakt\/#primaryimage"},"thumbnailUrl":"https:\/\/imago-systems.com\/wp-content\/uploads\/2024\/10\/IMAGO-dystrybutor-Auto-ID-1.jpg","datePublished":"2024-04-02T11:37:56+00:00","dateModified":"2025-08-19T10:56:52+00:00","description":"\u0417\u0432\u0435\u0440\u043d\u0456\u0442\u044c\u0441\u044f \u0434\u043e \u043d\u0430\u0441 \u0442\u0430 \u0432\u0438\u0440\u0443\u0448\u0430\u0439\u0442\u0435 \u0443 \u043f\u043e\u0434\u043e\u0440\u043e\u0436 \u043a\u0440\u0456\u0437\u044c \u0441\u0443\u0447\u0430\u0441\u043d\u0456 \u0442\u0435\u0445\u043d\u043e\u043b\u043e\u0433\u0456\u0457 \u0434\u043b\u044f \u0432\u0430\u0448\u043e\u0433\u043e \u0431\u0456\u0437\u043d\u0435\u0441\u0443. IMAGO \u2013 \u0432\u0438\u0440\u043e\u0431\u043d\u0438\u043a \u0440\u0456\u0448\u0435\u043d\u044c \u0434\u043b\u044f \u043f\u0440\u043e\u043c\u0438\u0441\u043b\u043e\u0432\u043e\u0441\u0442\u0456 \u0442\u0430 \u043a\u043e\u043c\u0435\u0440\u0446\u0456\u0457.","breadcrumb":{"@id":"https:\/\/imago-systems.com\/kontakt\/#breadcrumb"},"inLanguage":"uk","potentialAction":[{"@type":"ReadAction","target":["https:\/\/imago-systems.com\/kontakt\/"]}]},{"@type":"ImageObject","inLanguage":"uk","@id":"https:\/\/imago-systems.com\/kontakt\/#primaryimage","url":"https:\/\/imago-systems.com\/wp-content\/uploads\/2024\/10\/IMAGO-dystrybutor-Auto-ID-1.jpg","contentUrl":"https:\/\/imago-systems.com\/wp-content\/uploads\/2024\/10\/IMAGO-dystrybutor-Auto-ID-1.jpg","width":400,"height":250,"caption":"IMAGO dystrybutor Auto-ID"},{"@type":"BreadcrumbList","@id":"https:\/\/imago-systems.com\/kontakt\/#breadcrumb","itemListElement":[{"@type":"ListItem","position":1,"name":"Home","item":"https:\/\/imago-systems.com\/"},{"@type":"ListItem","position":2,"name":"Kontakt"}]},{"@type":"WebSite","@id":"https:\/\/imago-systems.com\/#website","url":"https:\/\/imago-systems.com\/","name":"\u0421\u0438\u0441\u0442\u0435\u043c\u0438 IMAGO","description":"\u0421\u0443\u0447\u0430\u0441\u043d\u0456 \u0440\u0456\u0448\u0435\u043d\u043d\u044f \u0434\u043b\u044f \u043f\u0440\u043e\u043c\u0438\u0441\u043b\u043e\u0432\u043e\u0441\u0442\u0456 \u0442\u0430 \u0440\u043e\u0437\u0434\u0440\u0456\u0431\u043d\u043e\u0457 \u0442\u043e\u0440\u0433\u0456\u0432\u043b\u0456.","publisher":{"@id":"https:\/\/imago-systems.com\/#organization"},"alternateName":"IMAGO","potentialAction":[{"@type":"SearchAction","target":{"@type":"EntryPoint","urlTemplate":"https:\/\/imago-systems.com\/?s={search_term_string}"},"query-input":{"@type":"PropertyValueSpecification","valueRequired":true,"valueName":"search_term_string"}}],"inLanguage":"uk"},{"@type":"Organization","@id":"https:\/\/imago-systems.com\/#organization","name":"IMAGO \u041f\u043e\u043b\u044c\u0449\u0430, \u0442\u043e\u0432\u0430\u0440\u0438\u0441\u0442\u0432\u043e \u0437 \u043e\u0431\u043c\u0435\u0436\u0435\u043d\u043e\u044e \u0432\u0456\u0434\u043f\u043e\u0432\u0456\u0434\u0430\u043b\u044c\u043d\u0456\u0441\u0442\u044e","alternateName":"IMAGO","url":"https:\/\/imago-systems.com\/","logo":{"@type":"ImageObject","inLanguage":"uk","@id":"https:\/\/imago-systems.com\/#\/schema\/logo\/image\/","url":"https:\/\/imago-systems.com\/wp-content\/uploads\/2024\/11\/cropped-cropped-cropped-IMAGO-LOGO-.jpg","contentUrl":"https:\/\/imago-systems.com\/wp-content\/uploads\/2024\/11\/cropped-cropped-cropped-IMAGO-LOGO-.jpg","width":512,"height":512,"caption":"IMAGO Poland sp. z o.o."},"image":{"@id":"https:\/\/imago-systems.com\/#\/schema\/logo\/image\/"},"sameAs":["https:\/\/www.linkedin.com\/company\/imago-poland\/"]}]}},"_links":{"self":[{"href":"https:\/\/imago-systems.com\/ua\/wp-json\/wp\/v2\/pages\/66","targetHints":{"allow":["GET"]}}],"collection":[{"href":"https:\/\/imago-systems.com\/ua\/wp-json\/wp\/v2\/pages"}],"about":[{"href":"https:\/\/imago-systems.com\/ua\/wp-json\/wp\/v2\/types\/page"}],"author":[{"embeddable":true,"href":"https:\/\/imago-systems.com\/ua\/wp-json\/wp\/v2\/users\/1"}],"replies":[{"embeddable":true,"href":"https:\/\/imago-systems.com\/ua\/wp-json\/wp\/v2\/comments?post=66"}],"version-history":[{"count":5,"href":"https:\/\/imago-systems.com\/ua\/wp-json\/wp\/v2\/pages\/66\/revisions"}],"predecessor-version":[{"id":16904,"href":"https:\/\/imago-systems.com\/ua\/wp-json\/wp\/v2\/pages\/66\/revisions\/16904"}],"wp:featuredmedia":[{"embeddable":true,"href":"https:\/\/imago-systems.com\/ua\/wp-json\/wp\/v2\/media\/14603"}],"wp:attachment":[{"href":"https:\/\/imago-systems.com\/ua\/wp-json\/wp\/v2\/media?parent=66"}],"curies":[{"name":"\u0412\u041f","href":"https:\/\/api.w.org\/{rel}","templated":true}]}}