{"id":64,"date":"2024-04-02T14:35:04","date_gmt":"2024-04-02T11:35:04","guid":{"rendered":"http:\/\/imago-systems.com\/\/?page_id=64"},"modified":"2026-04-01T11:51:50","modified_gmt":"2026-04-01T10:51:50","slug":"home","status":"publish","type":"page","link":"https:\/\/imago-systems.com\/ua\/","title":{"rendered":"\u0413\u043e\u043b\u043e\u0432\u043d\u0430"},"content":{"rendered":"<h1 class=\"wp-block-heading\">\u0412\u0456\u0434\u043a\u0440\u0438\u0439\u0442\u0435 \u0434\u043b\u044f \u0441\u0435\u0431\u0435 \u043f\u0440\u043e\u0434\u0443\u043a\u0446\u0456\u044e Imago Poland \u2013 \u043f\u0430\u043d\u0435\u043b\u044c\u043d\u0456 \u043a\u043e\u043c\u043f&#039;\u044e\u0442\u0435\u0440\u0438, POS-\u0442\u0435\u0440\u043c\u0456\u043d\u0430\u043b\u0438, \u043a\u0430\u0441\u043e\u0432\u0456 \u0448\u0443\u0445\u043b\u044f\u0434\u0438, \u0437\u0447\u0438\u0442\u0443\u0432\u0430\u0447\u0456 \u0448\u0442\u0440\u0438\u0445-\u043a\u043e\u0434\u0456\u0432, \u043f\u0440\u043e\u043c\u0438\u0441\u043b\u043e\u0432\u0456 \u043a\u0456\u043e\u0441\u043a\u0438, \u0440\u0443\u0447\u043a\u0438 \u0434\u043b\u044f \u043a\u0430\u0441\u043e\u0432\u0438\u0445 \u0430\u043f\u0430\u0440\u0430\u0442\u0456\u0432 \u0442\u0430 \u0431\u0430\u0433\u0430\u0442\u043e \u0456\u043d\u0448\u043e\u0433\u043e.<\/h1>","protected":false},"excerpt":{"rendered":"<p>\u0412\u0456\u0434\u043a\u0440\u0438\u0439\u0442\u0435 \u0434\u043b\u044f \u0441\u0435\u0431\u0435 \u043f\u0440\u043e\u0434\u0443\u043a\u0446\u0456\u044e Imago Poland \u2013 \u043f\u0430\u043d\u0435\u043b\u044c\u043d\u0456 \u043a\u043e\u043c\u043f&#039;\u044e\u0442\u0435\u0440\u0438, POS-\u0442\u0435\u0440\u043c\u0456\u043d\u0430\u043b\u0438, \u043a\u0430\u0441\u043e\u0432\u0456 \u0448\u0443\u0445\u043b\u044f\u0434\u0438, \u0437\u0447\u0438\u0442\u0443\u0432\u0430\u0447\u0456 \u0448\u0442\u0440\u0438\u0445-\u043a\u043e\u0434\u0456\u0432, \u043f\u0440\u043e\u043c\u0438\u0441\u043b\u043e\u0432\u0456 \u043a\u0456\u043e\u0441\u043a\u0438, \u0440\u0443\u0447\u043a\u0438 \u0434\u043b\u044f \u043a\u0430\u0441\u043e\u0432\u0438\u0445 \u0430\u043f\u0430\u0440\u0430\u0442\u0456\u0432 \u0442\u0430 \u0431\u0430\u0433\u0430\u0442\u043e \u0456\u043d\u0448\u043e\u0433\u043e.<\/p>","protected":false},"author":1,"featured_media":17063,"parent":0,"menu_order":0,"comment_status":"closed","ping_status":"closed","template":"page-home.php","meta":{"footnotes":""},"class_list":["post-64","page","type-page","status-publish","has-post-thumbnail","hentry"],"acf":[],"yoast_head":"<!-- This site is optimized with the Yoast SEO plugin v27.6 - https:\/\/yoast.com\/product\/yoast-seo-wordpress\/ -->\n<title>IMAGO Poland - Nowoczesne rozwi\u0105zania dla przemys\u0142u i handlu.<\/title>\n<meta name=\"description\" content=\"Odkryj produkty Imago Poland - komputery panelowe, terminale POS, szuflady kasowe, czytniki kod\u00f3w, kioski przemys\u0142owe, uchwyty kasowe i wi\u0119cej\" \/>\n<meta name=\"robots\" content=\"index, follow, max-snippet:-1, max-image-preview:large, max-video-preview:-1\" \/>\n<link rel=\"canonical\" href=\"https:\/\/imago-systems.com\/ua\/\" \/>\n<meta property=\"og:locale\" content=\"uk_UA\" \/>\n<meta property=\"og:type\" content=\"article\" \/>\n<meta property=\"og:title\" content=\"IMAGO Poland - Nowoczesne rozwi\u0105zania dla przemys\u0142u i handlu.\" \/>\n<meta property=\"og:description\" content=\"Odkryj produkty Imago Poland - komputery panelowe, terminale POS, szuflady kasowe, czytniki kod\u00f3w, kioski przemys\u0142owe, uchwyty kasowe i wi\u0119cej\" \/>\n<meta property=\"og:url\" content=\"https:\/\/imago-systems.com\/ua\/\" \/>\n<meta property=\"og:site_name\" content=\"IMAGO\" \/>\n<meta property=\"article:modified_time\" content=\"2026-04-01T10:51:50+00:00\" \/>\n<meta property=\"og:image\" content=\"https:\/\/imago-systems.com\/wp-content\/uploads\/2025\/10\/IMAGO-LOGO-_1_.webp\" \/>\n\t<meta property=\"og:image:width\" content=\"1200\" \/>\n\t<meta property=\"og:image:height\" content=\"630\" \/>\n\t<meta property=\"og:image:type\" content=\"image\/webp\" \/>\n<meta name=\"twitter:card\" content=\"summary_large_image\" \/>\n<meta name=\"twitter:label1\" content=\"\u041f\u0440\u0438\u0431\u043b. \u0447\u0430\u0441 \u0447\u0438\u0442\u0430\u043d\u043d\u044f\" \/>\n\t<meta name=\"twitter:data1\" content=\"1 \u0445\u0432\u0438\u043b\u0438\u043d\u0430\" \/>\n<script type=\"application\/ld+json\" class=\"yoast-schema-graph\">{\"@context\":\"https:\\\/\\\/schema.org\",\"@graph\":[{\"@type\":\"WebPage\",\"@id\":\"https:\\\/\\\/imago-systems.com\\\/\",\"url\":\"https:\\\/\\\/imago-systems.com\\\/\",\"name\":\"IMAGO Poland - Nowoczesne rozwi\u0105zania dla przemys\u0142u i handlu.\",\"isPartOf\":{\"@id\":\"https:\\\/\\\/imago-systems.com\\\/#website\"},\"primaryImageOfPage\":{\"@id\":\"https:\\\/\\\/imago-systems.com\\\/#primaryimage\"},\"image\":{\"@id\":\"https:\\\/\\\/imago-systems.com\\\/#primaryimage\"},\"thumbnailUrl\":\"https:\\\/\\\/imago-systems.com\\\/wp-content\\\/uploads\\\/2025\\\/10\\\/IMAGO-LOGO-_1_.webp\",\"datePublished\":\"2024-04-02T11:35:04+00:00\",\"dateModified\":\"2026-04-01T10:51:50+00:00\",\"description\":\"Odkryj produkty Imago Poland - komputery panelowe, terminale POS, szuflady kasowe, czytniki kod\u00f3w, kioski przemys\u0142owe, uchwyty kasowe i wi\u0119cej\",\"breadcrumb\":{\"@id\":\"https:\\\/\\\/imago-systems.com\\\/#breadcrumb\"},\"inLanguage\":\"uk\",\"potentialAction\":[{\"@type\":\"ReadAction\",\"target\":[\"https:\\\/\\\/imago-systems.com\\\/\"]}]},{\"@type\":\"ImageObject\",\"inLanguage\":\"uk\",\"@id\":\"https:\\\/\\\/imago-systems.com\\\/#primaryimage\",\"url\":\"https:\\\/\\\/imago-systems.com\\\/wp-content\\\/uploads\\\/2025\\\/10\\\/IMAGO-LOGO-_1_.webp\",\"contentUrl\":\"https:\\\/\\\/imago-systems.com\\\/wp-content\\\/uploads\\\/2025\\\/10\\\/IMAGO-LOGO-_1_.webp\",\"width\":1200,\"height\":630,\"caption\":\"Imago Poland producent rozwi\u0105za\u0144 dla przemys\u0142u i retailu. Komputery panelowe, terminale POS, szuflady kasowe i wiele wi\u0119cej\"},{\"@type\":\"BreadcrumbList\",\"@id\":\"https:\\\/\\\/imago-systems.com\\\/#breadcrumb\",\"itemListElement\":[{\"@type\":\"ListItem\",\"position\":1,\"name\":\"Home\",\"item\":\"https:\\\/\\\/imago-systems.com\\\/\"},{\"@type\":\"ListItem\",\"position\":2,\"name\":\"Home\"}]},{\"@type\":\"WebSite\",\"@id\":\"https:\\\/\\\/imago-systems.com\\\/#website\",\"url\":\"https:\\\/\\\/imago-systems.com\\\/\",\"name\":\"IMAGO systems\",\"description\":\"Nowoczesne rozwi\u0105zania dla przemys\u0142u i handlu detalicznego.\",\"publisher\":{\"@id\":\"https:\\\/\\\/imago-systems.com\\\/#organization\"},\"alternateName\":\"IMAGO\",\"potentialAction\":[{\"@type\":\"SearchAction\",\"target\":{\"@type\":\"EntryPoint\",\"urlTemplate\":\"https:\\\/\\\/imago-systems.com\\\/?s={search_term_string}\"},\"query-input\":{\"@type\":\"PropertyValueSpecification\",\"valueRequired\":true,\"valueName\":\"search_term_string\"}}],\"inLanguage\":\"uk\"},{\"@type\":\"Organization\",\"@id\":\"https:\\\/\\\/imago-systems.com\\\/#organization\",\"name\":\"IMAGO Poland sp. z o.o.\",\"alternateName\":\"IMAGO\",\"url\":\"https:\\\/\\\/imago-systems.com\\\/\",\"logo\":{\"@type\":\"ImageObject\",\"inLanguage\":\"uk\",\"@id\":\"https:\\\/\\\/imago-systems.com\\\/#\\\/schema\\\/logo\\\/image\\\/\",\"url\":\"https:\\\/\\\/imago-systems.com\\\/wp-content\\\/uploads\\\/2024\\\/11\\\/cropped-cropped-cropped-IMAGO-LOGO-.jpg\",\"contentUrl\":\"https:\\\/\\\/imago-systems.com\\\/wp-content\\\/uploads\\\/2024\\\/11\\\/cropped-cropped-cropped-IMAGO-LOGO-.jpg\",\"width\":512,\"height\":512,\"caption\":\"IMAGO Poland sp. z o.o.\"},\"image\":{\"@id\":\"https:\\\/\\\/imago-systems.com\\\/#\\\/schema\\\/logo\\\/image\\\/\"},\"sameAs\":[\"https:\\\/\\\/www.linkedin.com\\\/company\\\/imago-poland\\\/\"]}]}<\/script>\n<!-- \/ Yoast SEO plugin. -->","yoast_head_json":{"title":"IMAGO \u041f\u043e\u043b\u044c\u0449\u0430 - \u0421\u0443\u0447\u0430\u0441\u043d\u0456 \u0440\u0456\u0448\u0435\u043d\u043d\u044f \u0434\u043b\u044f \u043f\u0440\u043e\u043c\u0438\u0441\u043b\u043e\u0432\u043e\u0441\u0442\u0456 \u0442\u0430 \u0442\u043e\u0440\u0433\u0456\u0432\u043b\u0456.","description":"\u0412\u0456\u0434\u043a\u0440\u0438\u0439\u0442\u0435 \u0434\u043b\u044f \u0441\u0435\u0431\u0435 \u043f\u0440\u043e\u0434\u0443\u043a\u0446\u0456\u044e Imago Poland - \u043f\u0430\u043d\u0435\u043b\u044c\u043d\u0456 \u043a\u043e\u043c\u043f&#039;\u044e\u0442\u0435\u0440\u0438, POS-\u0442\u0435\u0440\u043c\u0456\u043d\u0430\u043b\u0438, \u043a\u0430\u0441\u043e\u0432\u0456 \u0448\u0443\u0445\u043b\u044f\u0434\u0438, \u0437\u0447\u0438\u0442\u0443\u0432\u0430\u0447\u0456 \u0448\u0442\u0440\u0438\u0445-\u043a\u043e\u0434\u0456\u0432, \u043f\u0440\u043e\u043c\u0438\u0441\u043b\u043e\u0432\u0456 \u043a\u0456\u043e\u0441\u043a\u0438, \u0440\u0443\u0447\u043a\u0438 \u0434\u043b\u044f \u043a\u0430\u0441\u043e\u0432\u0438\u0445 \u0430\u043f\u0430\u0440\u0430\u0442\u0456\u0432 \u0442\u0430 \u0431\u0430\u0433\u0430\u0442\u043e \u0456\u043d\u0448\u043e\u0433\u043e","robots":{"index":"index","follow":"follow","max-snippet":"max-snippet:-1","max-image-preview":"max-image-preview:large","max-video-preview":"max-video-preview:-1"},"canonical":"https:\/\/imago-systems.com\/ua\/","og_locale":"uk_UA","og_type":"article","og_title":"IMAGO Poland - Nowoczesne rozwi\u0105zania dla przemys\u0142u i handlu.","og_description":"Odkryj produkty Imago Poland - komputery panelowe, terminale POS, szuflady kasowe, czytniki kod\u00f3w, kioski przemys\u0142owe, uchwyty kasowe i wi\u0119cej","og_url":"https:\/\/imago-systems.com\/ua\/","og_site_name":"IMAGO","article_modified_time":"2026-04-01T10:51:50+00:00","og_image":[{"width":1200,"height":630,"url":"https:\/\/imago-systems.com\/wp-content\/uploads\/2025\/10\/IMAGO-LOGO-_1_.webp","type":"image\/webp"}],"twitter_card":"summary_large_image","twitter_misc":{"\u041f\u0440\u0438\u0431\u043b. \u0447\u0430\u0441 \u0447\u0438\u0442\u0430\u043d\u043d\u044f":"1 \u0445\u0432\u0438\u043b\u0438\u043d\u0430"},"schema":{"@context":"https:\/\/schema.org","@graph":[{"@type":"WebPage","@id":"https:\/\/imago-systems.com\/","url":"https:\/\/imago-systems.com\/","name":"IMAGO \u041f\u043e\u043b\u044c\u0449\u0430 - \u0421\u0443\u0447\u0430\u0441\u043d\u0456 \u0440\u0456\u0448\u0435\u043d\u043d\u044f \u0434\u043b\u044f \u043f\u0440\u043e\u043c\u0438\u0441\u043b\u043e\u0432\u043e\u0441\u0442\u0456 \u0442\u0430 \u0442\u043e\u0440\u0433\u0456\u0432\u043b\u0456.","isPartOf":{"@id":"https:\/\/imago-systems.com\/#website"},"primaryImageOfPage":{"@id":"https:\/\/imago-systems.com\/#primaryimage"},"image":{"@id":"https:\/\/imago-systems.com\/#primaryimage"},"thumbnailUrl":"https:\/\/imago-systems.com\/wp-content\/uploads\/2025\/10\/IMAGO-LOGO-_1_.webp","datePublished":"2024-04-02T11:35:04+00:00","dateModified":"2026-04-01T10:51:50+00:00","description":"\u0412\u0456\u0434\u043a\u0440\u0438\u0439\u0442\u0435 \u0434\u043b\u044f \u0441\u0435\u0431\u0435 \u043f\u0440\u043e\u0434\u0443\u043a\u0446\u0456\u044e Imago Poland - \u043f\u0430\u043d\u0435\u043b\u044c\u043d\u0456 \u043a\u043e\u043c\u043f&#039;\u044e\u0442\u0435\u0440\u0438, POS-\u0442\u0435\u0440\u043c\u0456\u043d\u0430\u043b\u0438, \u043a\u0430\u0441\u043e\u0432\u0456 \u0448\u0443\u0445\u043b\u044f\u0434\u0438, \u0437\u0447\u0438\u0442\u0443\u0432\u0430\u0447\u0456 \u0448\u0442\u0440\u0438\u0445-\u043a\u043e\u0434\u0456\u0432, \u043f\u0440\u043e\u043c\u0438\u0441\u043b\u043e\u0432\u0456 \u043a\u0456\u043e\u0441\u043a\u0438, \u0440\u0443\u0447\u043a\u0438 \u0434\u043b\u044f \u043a\u0430\u0441\u043e\u0432\u0438\u0445 \u0430\u043f\u0430\u0440\u0430\u0442\u0456\u0432 \u0442\u0430 \u0431\u0430\u0433\u0430\u0442\u043e \u0456\u043d\u0448\u043e\u0433\u043e","breadcrumb":{"@id":"https:\/\/imago-systems.com\/#breadcrumb"},"inLanguage":"uk","potentialAction":[{"@type":"ReadAction","target":["https:\/\/imago-systems.com\/"]}]},{"@type":"ImageObject","inLanguage":"uk","@id":"https:\/\/imago-systems.com\/#primaryimage","url":"https:\/\/imago-systems.com\/wp-content\/uploads\/2025\/10\/IMAGO-LOGO-_1_.webp","contentUrl":"https:\/\/imago-systems.com\/wp-content\/uploads\/2025\/10\/IMAGO-LOGO-_1_.webp","width":1200,"height":630,"caption":"Imago Poland producent rozwi\u0105za\u0144 dla przemys\u0142u i retailu. Komputery panelowe, terminale POS, szuflady kasowe i wiele wi\u0119cej"},{"@type":"BreadcrumbList","@id":"https:\/\/imago-systems.com\/#breadcrumb","itemListElement":[{"@type":"ListItem","position":1,"name":"Home","item":"https:\/\/imago-systems.com\/"},{"@type":"ListItem","position":2,"name":"Home"}]},{"@type":"WebSite","@id":"https:\/\/imago-systems.com\/#website","url":"https:\/\/imago-systems.com\/","name":"\u0421\u0438\u0441\u0442\u0435\u043c\u0438 IMAGO","description":"\u0421\u0443\u0447\u0430\u0441\u043d\u0456 \u0440\u0456\u0448\u0435\u043d\u043d\u044f \u0434\u043b\u044f \u043f\u0440\u043e\u043c\u0438\u0441\u043b\u043e\u0432\u043e\u0441\u0442\u0456 \u0442\u0430 \u0440\u043e\u0437\u0434\u0440\u0456\u0431\u043d\u043e\u0457 \u0442\u043e\u0440\u0433\u0456\u0432\u043b\u0456.","publisher":{"@id":"https:\/\/imago-systems.com\/#organization"},"alternateName":"IMAGO","potentialAction":[{"@type":"SearchAction","target":{"@type":"EntryPoint","urlTemplate":"https:\/\/imago-systems.com\/?s={search_term_string}"},"query-input":{"@type":"PropertyValueSpecification","valueRequired":true,"valueName":"search_term_string"}}],"inLanguage":"uk"},{"@type":"Organization","@id":"https:\/\/imago-systems.com\/#organization","name":"IMAGO \u041f\u043e\u043b\u044c\u0449\u0430, \u0442\u043e\u0432\u0430\u0440\u0438\u0441\u0442\u0432\u043e \u0437 \u043e\u0431\u043c\u0435\u0436\u0435\u043d\u043e\u044e \u0432\u0456\u0434\u043f\u043e\u0432\u0456\u0434\u0430\u043b\u044c\u043d\u0456\u0441\u0442\u044e","alternateName":"IMAGO","url":"https:\/\/imago-systems.com\/","logo":{"@type":"ImageObject","inLanguage":"uk","@id":"https:\/\/imago-systems.com\/#\/schema\/logo\/image\/","url":"https:\/\/imago-systems.com\/wp-content\/uploads\/2024\/11\/cropped-cropped-cropped-IMAGO-LOGO-.jpg","contentUrl":"https:\/\/imago-systems.com\/wp-content\/uploads\/2024\/11\/cropped-cropped-cropped-IMAGO-LOGO-.jpg","width":512,"height":512,"caption":"IMAGO Poland sp. z o.o."},"image":{"@id":"https:\/\/imago-systems.com\/#\/schema\/logo\/image\/"},"sameAs":["https:\/\/www.linkedin.com\/company\/imago-poland\/"]}]}},"_links":{"self":[{"href":"https:\/\/imago-systems.com\/ua\/wp-json\/wp\/v2\/pages\/64","targetHints":{"allow":["GET"]}}],"collection":[{"href":"https:\/\/imago-systems.com\/ua\/wp-json\/wp\/v2\/pages"}],"about":[{"href":"https:\/\/imago-systems.com\/ua\/wp-json\/wp\/v2\/types\/page"}],"author":[{"embeddable":true,"href":"https:\/\/imago-systems.com\/ua\/wp-json\/wp\/v2\/users\/1"}],"replies":[{"embeddable":true,"href":"https:\/\/imago-systems.com\/ua\/wp-json\/wp\/v2\/comments?post=64"}],"version-history":[{"count":57,"href":"https:\/\/imago-systems.com\/ua\/wp-json\/wp\/v2\/pages\/64\/revisions"}],"predecessor-version":[{"id":17948,"href":"https:\/\/imago-systems.com\/ua\/wp-json\/wp\/v2\/pages\/64\/revisions\/17948"}],"wp:featuredmedia":[{"embeddable":true,"href":"https:\/\/imago-systems.com\/ua\/wp-json\/wp\/v2\/media\/17063"}],"wp:attachment":[{"href":"https:\/\/imago-systems.com\/ua\/wp-json\/wp\/v2\/media?parent=64"}],"curies":[{"name":"\u0412\u041f","href":"https:\/\/api.w.org\/{rel}","templated":true}]}}