{"id":984,"date":"2024-08-14T15:39:56","date_gmt":"2024-08-14T12:39:56","guid":{"rendered":"http:\/\/imago-systems.com\/?post_type=product&#038;p=984"},"modified":"2026-05-13T10:00:31","modified_gmt":"2026-05-13T09:00:31","slug":"cash-drawer-smk-16","status":"publish","type":"product","link":"https:\/\/imago-systems.com\/en\/product\/cash-drawer-smk-16\/","title":{"rendered":"Cash drawer SMK-16"},"content":{"rendered":"<p>SMK cash drawers are solid metal cash storage solutions that combine functionality with security.<\/p>\n<p>Equipped with durable rollers on ball bearings or metal guides, they ensure quiet and smooth operation.<\/p>\n<h2 data-pm-slice=\"1 1 []\"><strong>Main features of the SMK-16 cash drawers:<\/strong><\/h2>\n<ul>\n<li><strong>Adjustable dividers<\/strong> enable flexible adjustment of the banknote space to suit the individual needs of the user.<\/li>\n<li><strong>Three-level castle <\/strong>ensures maximum security by protecting the contents of the drawer from unauthorized access.<\/li>\n<li><strong>Emergency release lever <\/strong>allows you to quickly open the drawer in emergency situations.<\/li>\n<li><strong>Color Options ? <\/strong>possibility to choose a front panel in black, white or stainless steel, which allows to match the interior design.<\/li>\n<\/ul>\n<p>&nbsp;<\/p>\n<h3><strong>Customize <a href=\"https:\/\/imago-systems.com\/en\/product-category\/cash-drawers\/\">cash drawers<\/a> according to your own preferences.<\/strong><\/h3>","protected":false},"excerpt":{"rendered":"<p>The SMK drawer series is the perfect balance between quality and price. With a choice of black, white or stainless steel front panels and a shatterproof ABS plastic cash register, SMK is the perfect solution for retail and restaurant applications.<\/p>","protected":false},"featured_media":1725,"comment_status":"open","ping_status":"closed","template":"","meta":[],"product_brand":[],"product_cat":[45],"product_tag":[],"class_list":{"0":"post-984","1":"product","2":"type-product","3":"status-publish","4":"has-post-thumbnail","6":"product_cat-szuflady-kasowe","8":"first","9":"instock","10":"shipping-taxable","11":"purchasable","12":"product-type-simple"},"acf":[],"yoast_head":"<!-- This site is optimized with the Yoast SEO plugin v27.6 - https:\/\/yoast.com\/product\/yoast-seo-wordpress\/ -->\n<title>Szuflada kasowa SMK-16 - IMAGO<\/title>\n<meta name=\"description\" content=\"Seria szuflad kasowych SMK to idealne po\u0142\u0105czenie wysokiej jako\u015bci wykonania i atrakcyjnej ceny. Dzi\u0119ki materia\u0142owi ABS, s\u0105 odporne na st\u0142uczenia.\" \/>\n<meta name=\"robots\" content=\"index, follow, max-snippet:-1, max-image-preview:large, max-video-preview:-1\" \/>\n<link rel=\"canonical\" href=\"https:\/\/imago-systems.com\/en\/product\/cash-drawer-smk-16\/\" \/>\n<meta property=\"og:locale\" content=\"en_US\" \/>\n<meta property=\"og:type\" content=\"article\" \/>\n<meta property=\"og:title\" content=\"Szuflada kasowa SMK-16 - IMAGO\" \/>\n<meta property=\"og:description\" content=\"Seria szuflad kasowych SMK to idealne po\u0142\u0105czenie wysokiej jako\u015bci wykonania i atrakcyjnej ceny. Dzi\u0119ki materia\u0142owi ABS, s\u0105 odporne na st\u0142uczenia.\" \/>\n<meta property=\"og:url\" content=\"https:\/\/imago-systems.com\/en\/product\/cash-drawer-smk-16\/\" \/>\n<meta property=\"og:site_name\" content=\"IMAGO\" \/>\n<meta property=\"article:modified_time\" content=\"2026-05-13T09:00:31+00:00\" \/>\n<meta property=\"og:image\" content=\"https:\/\/imago-systems.com\/wp-content\/uploads\/2024\/08\/Szuflada-kasowa-SMK-16-8.jpg\" \/>\n\t<meta property=\"og:image:width\" content=\"1024\" \/>\n\t<meta property=\"og:image:height\" content=\"1024\" \/>\n\t<meta property=\"og:image:type\" content=\"image\/jpeg\" \/>\n<meta name=\"twitter:card\" content=\"summary_large_image\" \/>\n<meta name=\"twitter:label1\" content=\"Est. reading time\" \/>\n\t<meta name=\"twitter:data1\" content=\"1 minute\" \/>\n<script type=\"application\/ld+json\" class=\"yoast-schema-graph\">{\"@context\":\"https:\\\/\\\/schema.org\",\"@graph\":[{\"@type\":\"WebPage\",\"@id\":\"https:\\\/\\\/imago-systems.com\\\/product\\\/szuflada-kasowa-smk-16\\\/\",\"url\":\"https:\\\/\\\/imago-systems.com\\\/product\\\/szuflada-kasowa-smk-16\\\/\",\"name\":\"Szuflada kasowa SMK-16 - IMAGO\",\"isPartOf\":{\"@id\":\"https:\\\/\\\/imago-systems.com\\\/#website\"},\"primaryImageOfPage\":{\"@id\":\"https:\\\/\\\/imago-systems.com\\\/product\\\/szuflada-kasowa-smk-16\\\/#primaryimage\"},\"image\":{\"@id\":\"https:\\\/\\\/imago-systems.com\\\/product\\\/szuflada-kasowa-smk-16\\\/#primaryimage\"},\"thumbnailUrl\":\"https:\\\/\\\/imago-systems.com\\\/wp-content\\\/uploads\\\/2024\\\/08\\\/Szuflada-kasowa-SMK-16-8.jpg\",\"datePublished\":\"2024-08-14T12:39:56+00:00\",\"dateModified\":\"2026-05-13T09:00:31+00:00\",\"description\":\"Seria szuflad kasowych SMK to idealne po\u0142\u0105czenie wysokiej jako\u015bci wykonania i atrakcyjnej ceny. Dzi\u0119ki materia\u0142owi ABS, s\u0105 odporne na st\u0142uczenia.\",\"breadcrumb\":{\"@id\":\"https:\\\/\\\/imago-systems.com\\\/product\\\/szuflada-kasowa-smk-16\\\/#breadcrumb\"},\"inLanguage\":\"en-US\",\"potentialAction\":[{\"@type\":\"ReadAction\",\"target\":[\"https:\\\/\\\/imago-systems.com\\\/product\\\/szuflada-kasowa-smk-16\\\/\"]}]},{\"@type\":\"ImageObject\",\"inLanguage\":\"en-US\",\"@id\":\"https:\\\/\\\/imago-systems.com\\\/product\\\/szuflada-kasowa-smk-16\\\/#primaryimage\",\"url\":\"https:\\\/\\\/imago-systems.com\\\/wp-content\\\/uploads\\\/2024\\\/08\\\/Szuflada-kasowa-SMK-16-8.jpg\",\"contentUrl\":\"https:\\\/\\\/imago-systems.com\\\/wp-content\\\/uploads\\\/2024\\\/08\\\/Szuflada-kasowa-SMK-16-8.jpg\",\"width\":1024,\"height\":1024,\"caption\":\"SMK wytrzyma\u0142a szuflada kasowa z trzypoziomowym zamkiem i regulowanymi przegr\u00f3dkami\"},{\"@type\":\"BreadcrumbList\",\"@id\":\"https:\\\/\\\/imago-systems.com\\\/product\\\/szuflada-kasowa-smk-16\\\/#breadcrumb\",\"itemListElement\":[{\"@type\":\"ListItem\",\"position\":1,\"name\":\"Home\",\"item\":\"https:\\\/\\\/imago-systems.com\\\/\"},{\"@type\":\"ListItem\",\"position\":2,\"name\":\"Shop\",\"item\":\"https:\\\/\\\/imago-systems.com\\\/shop\\\/\"},{\"@type\":\"ListItem\",\"position\":3,\"name\":\"Szuflady kasowe\",\"item\":\"https:\\\/\\\/imago-systems.com\\\/product-category\\\/szuflady-kasowe\\\/\"},{\"@type\":\"ListItem\",\"position\":4,\"name\":\"Szuflada kasowa SMK-16\"}]},{\"@type\":\"WebSite\",\"@id\":\"https:\\\/\\\/imago-systems.com\\\/#website\",\"url\":\"https:\\\/\\\/imago-systems.com\\\/\",\"name\":\"IMAGO systems\",\"description\":\"Nowoczesne rozwi\u0105zania dla przemys\u0142u i handlu detalicznego.\",\"publisher\":{\"@id\":\"https:\\\/\\\/imago-systems.com\\\/#organization\"},\"alternateName\":\"IMAGO\",\"potentialAction\":[{\"@type\":\"SearchAction\",\"target\":{\"@type\":\"EntryPoint\",\"urlTemplate\":\"https:\\\/\\\/imago-systems.com\\\/?s={search_term_string}\"},\"query-input\":{\"@type\":\"PropertyValueSpecification\",\"valueRequired\":true,\"valueName\":\"search_term_string\"}}],\"inLanguage\":\"en-US\"},{\"@type\":\"Organization\",\"@id\":\"https:\\\/\\\/imago-systems.com\\\/#organization\",\"name\":\"IMAGO Poland sp. z o.o.\",\"alternateName\":\"IMAGO\",\"url\":\"https:\\\/\\\/imago-systems.com\\\/\",\"logo\":{\"@type\":\"ImageObject\",\"inLanguage\":\"en-US\",\"@id\":\"https:\\\/\\\/imago-systems.com\\\/#\\\/schema\\\/logo\\\/image\\\/\",\"url\":\"https:\\\/\\\/imago-systems.com\\\/wp-content\\\/uploads\\\/2024\\\/11\\\/cropped-cropped-cropped-IMAGO-LOGO-.jpg\",\"contentUrl\":\"https:\\\/\\\/imago-systems.com\\\/wp-content\\\/uploads\\\/2024\\\/11\\\/cropped-cropped-cropped-IMAGO-LOGO-.jpg\",\"width\":512,\"height\":512,\"caption\":\"IMAGO Poland sp. z o.o.\"},\"image\":{\"@id\":\"https:\\\/\\\/imago-systems.com\\\/#\\\/schema\\\/logo\\\/image\\\/\"},\"sameAs\":[\"https:\\\/\\\/www.linkedin.com\\\/company\\\/imago-poland\\\/\"]}]}<\/script>\n<!-- \/ Yoast SEO plugin. -->","yoast_head_json":{"title":"Cash drawer SMK-16 - IMAGO","description":"The SMK cash drawer series is the perfect combination of high-quality workmanship and an attractive price. Thanks to ABS material, they are shatter-resistant.","robots":{"index":"index","follow":"follow","max-snippet":"max-snippet:-1","max-image-preview":"max-image-preview:large","max-video-preview":"max-video-preview:-1"},"canonical":"https:\/\/imago-systems.com\/en\/product\/cash-drawer-smk-16\/","og_locale":"en_US","og_type":"article","og_title":"Szuflada kasowa SMK-16 - IMAGO","og_description":"Seria szuflad kasowych SMK to idealne po\u0142\u0105czenie wysokiej jako\u015bci wykonania i atrakcyjnej ceny. Dzi\u0119ki materia\u0142owi ABS, s\u0105 odporne na st\u0142uczenia.","og_url":"https:\/\/imago-systems.com\/en\/product\/cash-drawer-smk-16\/","og_site_name":"IMAGO","article_modified_time":"2026-05-13T09:00:31+00:00","og_image":[{"width":1024,"height":1024,"url":"https:\/\/imago-systems.com\/wp-content\/uploads\/2024\/08\/Szuflada-kasowa-SMK-16-8.jpg","type":"image\/jpeg"}],"twitter_card":"summary_large_image","twitter_misc":{"Est. reading time":"1 minute"},"schema":{"@context":"https:\/\/schema.org","@graph":[{"@type":"WebPage","@id":"https:\/\/imago-systems.com\/product\/szuflada-kasowa-smk-16\/","url":"https:\/\/imago-systems.com\/product\/szuflada-kasowa-smk-16\/","name":"Cash drawer SMK-16 - IMAGO","isPartOf":{"@id":"https:\/\/imago-systems.com\/#website"},"primaryImageOfPage":{"@id":"https:\/\/imago-systems.com\/product\/szuflada-kasowa-smk-16\/#primaryimage"},"image":{"@id":"https:\/\/imago-systems.com\/product\/szuflada-kasowa-smk-16\/#primaryimage"},"thumbnailUrl":"https:\/\/imago-systems.com\/wp-content\/uploads\/2024\/08\/Szuflada-kasowa-SMK-16-8.jpg","datePublished":"2024-08-14T12:39:56+00:00","dateModified":"2026-05-13T09:00:31+00:00","description":"The SMK cash drawer series is the perfect combination of high-quality workmanship and an attractive price. Thanks to ABS material, they are shatter-resistant.","breadcrumb":{"@id":"https:\/\/imago-systems.com\/product\/szuflada-kasowa-smk-16\/#breadcrumb"},"inLanguage":"en-US","potentialAction":[{"@type":"ReadAction","target":["https:\/\/imago-systems.com\/product\/szuflada-kasowa-smk-16\/"]}]},{"@type":"ImageObject","inLanguage":"en-US","@id":"https:\/\/imago-systems.com\/product\/szuflada-kasowa-smk-16\/#primaryimage","url":"https:\/\/imago-systems.com\/wp-content\/uploads\/2024\/08\/Szuflada-kasowa-SMK-16-8.jpg","contentUrl":"https:\/\/imago-systems.com\/wp-content\/uploads\/2024\/08\/Szuflada-kasowa-SMK-16-8.jpg","width":1024,"height":1024,"caption":"SMK wytrzyma\u0142a szuflada kasowa z trzypoziomowym zamkiem i regulowanymi przegr\u00f3dkami"},{"@type":"BreadcrumbList","@id":"https:\/\/imago-systems.com\/product\/szuflada-kasowa-smk-16\/#breadcrumb","itemListElement":[{"@type":"ListItem","position":1,"name":"Home","item":"https:\/\/imago-systems.com\/"},{"@type":"ListItem","position":2,"name":"Shop","item":"https:\/\/imago-systems.com\/shop\/"},{"@type":"ListItem","position":3,"name":"Szuflady kasowe","item":"https:\/\/imago-systems.com\/product-category\/szuflady-kasowe\/"},{"@type":"ListItem","position":4,"name":"Szuflada kasowa SMK-16"}]},{"@type":"WebSite","@id":"https:\/\/imago-systems.com\/#website","url":"https:\/\/imago-systems.com\/","name":"IMAGO systems","description":"Modern solutions for industry and retail.","publisher":{"@id":"https:\/\/imago-systems.com\/#organization"},"alternateName":"IMAGO","potentialAction":[{"@type":"SearchAction","target":{"@type":"EntryPoint","urlTemplate":"https:\/\/imago-systems.com\/?s={search_term_string}"},"query-input":{"@type":"PropertyValueSpecification","valueRequired":true,"valueName":"search_term_string"}}],"inLanguage":"en-US"},{"@type":"Organization","@id":"https:\/\/imago-systems.com\/#organization","name":"IMAGO Poland sp. z o. o.","alternateName":"IMAGO","url":"https:\/\/imago-systems.com\/","logo":{"@type":"ImageObject","inLanguage":"en-US","@id":"https:\/\/imago-systems.com\/#\/schema\/logo\/image\/","url":"https:\/\/imago-systems.com\/wp-content\/uploads\/2024\/11\/cropped-cropped-cropped-IMAGO-LOGO-.jpg","contentUrl":"https:\/\/imago-systems.com\/wp-content\/uploads\/2024\/11\/cropped-cropped-cropped-IMAGO-LOGO-.jpg","width":512,"height":512,"caption":"IMAGO Poland sp. z o.o."},"image":{"@id":"https:\/\/imago-systems.com\/#\/schema\/logo\/image\/"},"sameAs":["https:\/\/www.linkedin.com\/company\/imago-poland\/"]}]}},"_links":{"self":[{"href":"https:\/\/imago-systems.com\/en\/wp-json\/wp\/v2\/product\/984","targetHints":{"allow":["GET"]}}],"collection":[{"href":"https:\/\/imago-systems.com\/en\/wp-json\/wp\/v2\/product"}],"about":[{"href":"https:\/\/imago-systems.com\/en\/wp-json\/wp\/v2\/types\/product"}],"replies":[{"embeddable":true,"href":"https:\/\/imago-systems.com\/en\/wp-json\/wp\/v2\/comments?post=984"}],"wp:featuredmedia":[{"embeddable":true,"href":"https:\/\/imago-systems.com\/en\/wp-json\/wp\/v2\/media\/1725"}],"wp:attachment":[{"href":"https:\/\/imago-systems.com\/en\/wp-json\/wp\/v2\/media?parent=984"}],"wp:term":[{"taxonomy":"product_brand","embeddable":true,"href":"https:\/\/imago-systems.com\/en\/wp-json\/wp\/v2\/product_brand?post=984"},{"taxonomy":"product_cat","embeddable":true,"href":"https:\/\/imago-systems.com\/en\/wp-json\/wp\/v2\/product_cat?post=984"},{"taxonomy":"product_tag","embeddable":true,"href":"https:\/\/imago-systems.com\/en\/wp-json\/wp\/v2\/product_tag?post=984"}],"curies":[{"name":"wp","href":"https:\/\/api.w.org\/{rel}","templated":true}]}}