{"id":933,"date":"2024-08-14T14:24:56","date_gmt":"2024-08-14T11:24:56","guid":{"rendered":"http:\/\/imago-systems.com\/?post_type=product&#038;p=933"},"modified":"2025-11-05T12:27:15","modified_gmt":"2025-11-05T11:27:15","slug":"panel-computer-android-imago-a15","status":"publish","type":"product","link":"https:\/\/imago-systems.com\/en\/product\/panel-computer-android-imago-a15\/","title":{"rendered":"IMAGO A15 \/ 15.6\u2033 FHD \/ Android panel computer"},"content":{"rendered":"<h1><strong>Android A7, A10, A12 and A15 Panel Computers<\/strong><\/h1>\n<p>Their ergonomic and slim design makes them ideal for small retail spaces. They come in 4 screen sizes: 7&quot;, 10.1&quot;, 11.6&quot; and 15.6&quot;. The Android operating system guarantees easy and intuitive use and is compatible with a wide range of peripherals.<\/p>\n<p>Thanks to advanced communication modules such as Ethernet, Wi-Fi, and Bluetooth, users can customize the model to their preferences and intended use. The panels can also be equipped with a PoE (Power over Ethernet) system.<\/p>\n<p>The A7, A10, A12 and A15 devices together with the Zebra SE2707 or SE4107 scanning module create an integrated, compact all-in-one set for reading 1D and 2D codes.<\/p>\n<h2><strong>What makes the A15 panel computer unique?<\/strong><\/h2>\n<ul>\n<li>15.6? IPS LCD touchscreen 1920 x 1080 Full HD<\/li>\n<li>Rockchip RK3288 Processor \u2013 ARM Cortex-A17, Quad-Core \/ Rockchip RK3568 \u2013 ARM Cortex-A55, Quad-Core<\/li>\n<li>Memory 2\/4GB DDR3 SDRAM<\/li>\n<li>External memory in the form of a micro SD card<\/li>\n<li>Available accessories<\/li>\n<\/ul>\n<p>&nbsp;<\/p>\n<h3><strong>Customize <a href=\"https:\/\/imago-systems.com\/en\/product-category\/panel-computers-with-android\/\">Android Panel Computers <\/a>according to your own needs.<\/strong><\/h3>","protected":false},"excerpt":{"rendered":"<p>The A15 panel computer is an advanced device that is ideal as a virtual sales assistant, access controller, time and attendance recorder, or resource management system, such as conference rooms. Equipped with a powerful Rockchip RK-3288\/3568 processor with four ARM Cortex-A17\/A55 cores, the panel PC ensures smooth operation and reliable performance. The Android operating system enables efficient operation of all functions, offering intuitive process management and extensive integration options.<\/p>","protected":false},"featured_media":15152,"comment_status":"closed","ping_status":"closed","template":"","meta":[],"product_brand":[329],"product_cat":[43],"product_tag":[],"class_list":{"0":"post-933","1":"product","2":"type-product","3":"status-publish","4":"has-post-thumbnail","6":"product_brand-imago","7":"product_cat-komputery-panelowe-z-systemem-android","9":"first","10":"instock","11":"shipping-taxable","12":"purchasable","13":"product-type-variable"},"acf":[],"yoast_head":"<!-- This site is optimized with the Yoast SEO plugin v27.6 - https:\/\/yoast.com\/product\/yoast-seo-wordpress\/ -->\n<title>IMAGO Komputer panelowy z systemem Android A15 - IMAGO<\/title>\n<meta name=\"description\" content=\"IMAGO A15 to komputer panelowy z systemem Android. Mo\u017ce pe\u0142ni\u0107 rol\u0119 wirtualnego asystenta sprzeda\u017cy, kontrolera dost\u0119pu lub czasu pracy i wielu innych.\" \/>\n<meta name=\"robots\" content=\"index, follow, max-snippet:-1, max-image-preview:large, max-video-preview:-1\" \/>\n<link rel=\"canonical\" href=\"https:\/\/imago-systems.com\/en\/product\/panel-computer-android-imago-a15\/\" \/>\n<meta property=\"og:locale\" content=\"en_US\" \/>\n<meta property=\"og:type\" content=\"article\" \/>\n<meta property=\"og:title\" content=\"IMAGO Komputer panelowy z systemem Android A15 - IMAGO\" \/>\n<meta property=\"og:description\" content=\"IMAGO A15 to komputer panelowy z systemem Android. Mo\u017ce pe\u0142ni\u0107 rol\u0119 wirtualnego asystenta sprzeda\u017cy, kontrolera dost\u0119pu lub czasu pracy i wielu innych.\" \/>\n<meta property=\"og:url\" content=\"https:\/\/imago-systems.com\/en\/product\/panel-computer-android-imago-a15\/\" \/>\n<meta property=\"og:site_name\" content=\"IMAGO\" \/>\n<meta property=\"article:modified_time\" content=\"2025-11-05T11:27:15+00:00\" \/>\n<meta property=\"og:image\" content=\"https:\/\/imago-systems.com\/wp-content\/uploads\/2024\/08\/IMAGO-Android-Panel-PC-A15-1.webp\" \/>\n\t<meta property=\"og:image:width\" content=\"1024\" \/>\n\t<meta property=\"og:image:height\" content=\"1024\" \/>\n\t<meta property=\"og:image:type\" content=\"image\/webp\" \/>\n<meta name=\"twitter:card\" content=\"summary_large_image\" \/>\n<meta name=\"twitter:label1\" content=\"Est. reading time\" \/>\n\t<meta name=\"twitter:data1\" content=\"2 minutes\" \/>\n<script type=\"application\/ld+json\" class=\"yoast-schema-graph\">{\"@context\":\"https:\\\/\\\/schema.org\",\"@graph\":[{\"@type\":\"WebPage\",\"@id\":\"https:\\\/\\\/imago-systems.com\\\/product\\\/komputer-panelowy-android-imago-a15\\\/\",\"url\":\"https:\\\/\\\/imago-systems.com\\\/product\\\/komputer-panelowy-android-imago-a15\\\/\",\"name\":\"IMAGO Komputer panelowy z systemem Android A15 - IMAGO\",\"isPartOf\":{\"@id\":\"https:\\\/\\\/imago-systems.com\\\/#website\"},\"primaryImageOfPage\":{\"@id\":\"https:\\\/\\\/imago-systems.com\\\/product\\\/komputer-panelowy-android-imago-a15\\\/#primaryimage\"},\"image\":{\"@id\":\"https:\\\/\\\/imago-systems.com\\\/product\\\/komputer-panelowy-android-imago-a15\\\/#primaryimage\"},\"thumbnailUrl\":\"https:\\\/\\\/imago-systems.com\\\/wp-content\\\/uploads\\\/2024\\\/08\\\/IMAGO-Android-Panel-PC-A15-1.webp\",\"datePublished\":\"2024-08-14T11:24:56+00:00\",\"dateModified\":\"2025-11-05T11:27:15+00:00\",\"description\":\"IMAGO A15 to komputer panelowy z systemem Android. Mo\u017ce pe\u0142ni\u0107 rol\u0119 wirtualnego asystenta sprzeda\u017cy, kontrolera dost\u0119pu lub czasu pracy i wielu innych.\",\"breadcrumb\":{\"@id\":\"https:\\\/\\\/imago-systems.com\\\/product\\\/komputer-panelowy-android-imago-a15\\\/#breadcrumb\"},\"inLanguage\":\"en-US\",\"potentialAction\":[{\"@type\":\"ReadAction\",\"target\":[\"https:\\\/\\\/imago-systems.com\\\/product\\\/komputer-panelowy-android-imago-a15\\\/\"]}]},{\"@type\":\"ImageObject\",\"inLanguage\":\"en-US\",\"@id\":\"https:\\\/\\\/imago-systems.com\\\/product\\\/komputer-panelowy-android-imago-a15\\\/#primaryimage\",\"url\":\"https:\\\/\\\/imago-systems.com\\\/wp-content\\\/uploads\\\/2024\\\/08\\\/IMAGO-Android-Panel-PC-A15-1.webp\",\"contentUrl\":\"https:\\\/\\\/imago-systems.com\\\/wp-content\\\/uploads\\\/2024\\\/08\\\/IMAGO-Android-Panel-PC-A15-1.webp\",\"width\":1024,\"height\":1024,\"caption\":\"Imago Poland komputer panelowy z systemem Android 15 cali\"},{\"@type\":\"BreadcrumbList\",\"@id\":\"https:\\\/\\\/imago-systems.com\\\/product\\\/komputer-panelowy-android-imago-a15\\\/#breadcrumb\",\"itemListElement\":[{\"@type\":\"ListItem\",\"position\":1,\"name\":\"Home\",\"item\":\"https:\\\/\\\/imago-systems.com\\\/\"},{\"@type\":\"ListItem\",\"position\":2,\"name\":\"Shop\",\"item\":\"https:\\\/\\\/imago-systems.com\\\/shop\\\/\"},{\"@type\":\"ListItem\",\"position\":3,\"name\":\"Komputery panelowe Android\",\"item\":\"https:\\\/\\\/imago-systems.com\\\/product-category\\\/komputery-panelowe-z-systemem-android\\\/\"},{\"@type\":\"ListItem\",\"position\":4,\"name\":\"Komputer panelowy IMAGO A15 \\\/ 15.6&#8243; FHD \\\/ Android\"}]},{\"@type\":\"WebSite\",\"@id\":\"https:\\\/\\\/imago-systems.com\\\/#website\",\"url\":\"https:\\\/\\\/imago-systems.com\\\/\",\"name\":\"IMAGO systems\",\"description\":\"Nowoczesne rozwi\u0105zania dla przemys\u0142u i handlu detalicznego.\",\"publisher\":{\"@id\":\"https:\\\/\\\/imago-systems.com\\\/#organization\"},\"alternateName\":\"IMAGO\",\"potentialAction\":[{\"@type\":\"SearchAction\",\"target\":{\"@type\":\"EntryPoint\",\"urlTemplate\":\"https:\\\/\\\/imago-systems.com\\\/?s={search_term_string}\"},\"query-input\":{\"@type\":\"PropertyValueSpecification\",\"valueRequired\":true,\"valueName\":\"search_term_string\"}}],\"inLanguage\":\"en-US\"},{\"@type\":\"Organization\",\"@id\":\"https:\\\/\\\/imago-systems.com\\\/#organization\",\"name\":\"IMAGO Poland sp. z o.o.\",\"alternateName\":\"IMAGO\",\"url\":\"https:\\\/\\\/imago-systems.com\\\/\",\"logo\":{\"@type\":\"ImageObject\",\"inLanguage\":\"en-US\",\"@id\":\"https:\\\/\\\/imago-systems.com\\\/#\\\/schema\\\/logo\\\/image\\\/\",\"url\":\"https:\\\/\\\/imago-systems.com\\\/wp-content\\\/uploads\\\/2024\\\/11\\\/cropped-cropped-cropped-IMAGO-LOGO-.jpg\",\"contentUrl\":\"https:\\\/\\\/imago-systems.com\\\/wp-content\\\/uploads\\\/2024\\\/11\\\/cropped-cropped-cropped-IMAGO-LOGO-.jpg\",\"width\":512,\"height\":512,\"caption\":\"IMAGO Poland sp. z o.o.\"},\"image\":{\"@id\":\"https:\\\/\\\/imago-systems.com\\\/#\\\/schema\\\/logo\\\/image\\\/\"},\"sameAs\":[\"https:\\\/\\\/www.linkedin.com\\\/company\\\/imago-poland\\\/\"]}]}<\/script>\n<!-- \/ Yoast SEO plugin. -->","yoast_head_json":{"title":"IMAGO Panel Computer with Android A15 - IMAGO","description":"The IMAGO A15 is an Android-based panel computer. It can function as a virtual sales assistant, an access controller, a time and attendance monitor, and much more.","robots":{"index":"index","follow":"follow","max-snippet":"max-snippet:-1","max-image-preview":"max-image-preview:large","max-video-preview":"max-video-preview:-1"},"canonical":"https:\/\/imago-systems.com\/en\/product\/panel-computer-android-imago-a15\/","og_locale":"en_US","og_type":"article","og_title":"IMAGO Komputer panelowy z systemem Android A15 - IMAGO","og_description":"IMAGO A15 to komputer panelowy z systemem Android. Mo\u017ce pe\u0142ni\u0107 rol\u0119 wirtualnego asystenta sprzeda\u017cy, kontrolera dost\u0119pu lub czasu pracy i wielu innych.","og_url":"https:\/\/imago-systems.com\/en\/product\/panel-computer-android-imago-a15\/","og_site_name":"IMAGO","article_modified_time":"2025-11-05T11:27:15+00:00","og_image":[{"width":1024,"height":1024,"url":"https:\/\/imago-systems.com\/wp-content\/uploads\/2024\/08\/IMAGO-Android-Panel-PC-A15-1.webp","type":"image\/webp"}],"twitter_card":"summary_large_image","twitter_misc":{"Est. reading time":"2 minutes"},"schema":{"@context":"https:\/\/schema.org","@graph":[{"@type":"WebPage","@id":"https:\/\/imago-systems.com\/product\/komputer-panelowy-android-imago-a15\/","url":"https:\/\/imago-systems.com\/product\/komputer-panelowy-android-imago-a15\/","name":"IMAGO Panel Computer with Android A15 - IMAGO","isPartOf":{"@id":"https:\/\/imago-systems.com\/#website"},"primaryImageOfPage":{"@id":"https:\/\/imago-systems.com\/product\/komputer-panelowy-android-imago-a15\/#primaryimage"},"image":{"@id":"https:\/\/imago-systems.com\/product\/komputer-panelowy-android-imago-a15\/#primaryimage"},"thumbnailUrl":"https:\/\/imago-systems.com\/wp-content\/uploads\/2024\/08\/IMAGO-Android-Panel-PC-A15-1.webp","datePublished":"2024-08-14T11:24:56+00:00","dateModified":"2025-11-05T11:27:15+00:00","description":"The IMAGO A15 is an Android-based panel computer. It can function as a virtual sales assistant, an access controller, a time and attendance monitor, and much more.","breadcrumb":{"@id":"https:\/\/imago-systems.com\/product\/komputer-panelowy-android-imago-a15\/#breadcrumb"},"inLanguage":"en-US","potentialAction":[{"@type":"ReadAction","target":["https:\/\/imago-systems.com\/product\/komputer-panelowy-android-imago-a15\/"]}]},{"@type":"ImageObject","inLanguage":"en-US","@id":"https:\/\/imago-systems.com\/product\/komputer-panelowy-android-imago-a15\/#primaryimage","url":"https:\/\/imago-systems.com\/wp-content\/uploads\/2024\/08\/IMAGO-Android-Panel-PC-A15-1.webp","contentUrl":"https:\/\/imago-systems.com\/wp-content\/uploads\/2024\/08\/IMAGO-Android-Panel-PC-A15-1.webp","width":1024,"height":1024,"caption":"Imago Poland komputer panelowy z systemem Android 15 cali"},{"@type":"BreadcrumbList","@id":"https:\/\/imago-systems.com\/product\/komputer-panelowy-android-imago-a15\/#breadcrumb","itemListElement":[{"@type":"ListItem","position":1,"name":"Home","item":"https:\/\/imago-systems.com\/"},{"@type":"ListItem","position":2,"name":"Shop","item":"https:\/\/imago-systems.com\/shop\/"},{"@type":"ListItem","position":3,"name":"Komputery panelowe Android","item":"https:\/\/imago-systems.com\/product-category\/komputery-panelowe-z-systemem-android\/"},{"@type":"ListItem","position":4,"name":"Komputer panelowy IMAGO A15 \/ 15.6&#8243; FHD \/ Android"}]},{"@type":"WebSite","@id":"https:\/\/imago-systems.com\/#website","url":"https:\/\/imago-systems.com\/","name":"IMAGO systems","description":"Modern solutions for industry and retail.","publisher":{"@id":"https:\/\/imago-systems.com\/#organization"},"alternateName":"IMAGO","potentialAction":[{"@type":"SearchAction","target":{"@type":"EntryPoint","urlTemplate":"https:\/\/imago-systems.com\/?s={search_term_string}"},"query-input":{"@type":"PropertyValueSpecification","valueRequired":true,"valueName":"search_term_string"}}],"inLanguage":"en-US"},{"@type":"Organization","@id":"https:\/\/imago-systems.com\/#organization","name":"IMAGO Poland sp. z o. o.","alternateName":"IMAGO","url":"https:\/\/imago-systems.com\/","logo":{"@type":"ImageObject","inLanguage":"en-US","@id":"https:\/\/imago-systems.com\/#\/schema\/logo\/image\/","url":"https:\/\/imago-systems.com\/wp-content\/uploads\/2024\/11\/cropped-cropped-cropped-IMAGO-LOGO-.jpg","contentUrl":"https:\/\/imago-systems.com\/wp-content\/uploads\/2024\/11\/cropped-cropped-cropped-IMAGO-LOGO-.jpg","width":512,"height":512,"caption":"IMAGO Poland sp. z o.o."},"image":{"@id":"https:\/\/imago-systems.com\/#\/schema\/logo\/image\/"},"sameAs":["https:\/\/www.linkedin.com\/company\/imago-poland\/"]}]}},"_links":{"self":[{"href":"https:\/\/imago-systems.com\/en\/wp-json\/wp\/v2\/product\/933","targetHints":{"allow":["GET"]}}],"collection":[{"href":"https:\/\/imago-systems.com\/en\/wp-json\/wp\/v2\/product"}],"about":[{"href":"https:\/\/imago-systems.com\/en\/wp-json\/wp\/v2\/types\/product"}],"replies":[{"embeddable":true,"href":"https:\/\/imago-systems.com\/en\/wp-json\/wp\/v2\/comments?post=933"}],"wp:featuredmedia":[{"embeddable":true,"href":"https:\/\/imago-systems.com\/en\/wp-json\/wp\/v2\/media\/15152"}],"wp:attachment":[{"href":"https:\/\/imago-systems.com\/en\/wp-json\/wp\/v2\/media?parent=933"}],"wp:term":[{"taxonomy":"product_brand","embeddable":true,"href":"https:\/\/imago-systems.com\/en\/wp-json\/wp\/v2\/product_brand?post=933"},{"taxonomy":"product_cat","embeddable":true,"href":"https:\/\/imago-systems.com\/en\/wp-json\/wp\/v2\/product_cat?post=933"},{"taxonomy":"product_tag","embeddable":true,"href":"https:\/\/imago-systems.com\/en\/wp-json\/wp\/v2\/product_tag?post=933"}],"curies":[{"name":"wp","href":"https:\/\/api.w.org\/{rel}","templated":true}]}}