{"id":833,"date":"2024-08-14T13:44:40","date_gmt":"2024-08-14T10:44:40","guid":{"rendered":"http:\/\/imago-systems.com\/?post_type=product&#038;p=833"},"modified":"2026-05-04T08:28:31","modified_gmt":"2026-05-04T07:28:31","slug":"panel-computer-android-imago-a12","status":"publish","type":"product","link":"https:\/\/imago-systems.com\/en\/product\/panel-computer-android-imago-a12\/","title":{"rendered":"IMAGO A12 \/ 11.6\u2033 FHD \/ Android panel computer"},"content":{"rendered":"<div class=\"flex-shrink-0 flex flex-col relative items-end\">\n<div class=\"pt-0\">\n<div class=\"gizmo-bot-avatar flex h-8 w-8 items-center justify-center overflow-hidden rounded-full\">\n<p class=\"relative p-1 rounded-sm flex items-center justify-center bg-token-main-surface-primary text-token-text-primary h-8 w-8\"><span style=\"font-size: 16px;\">Dzi\u0119ki ergonomicznemu i smuk\u0142emu designowi, <strong>te panele doskonale sprawdz\u0105 si\u0119 nawet na niewielkich powierzchniach handlowych<\/strong>, oferuj\u0105c u\u017cytkownikom wydajne i estetyczne rozwi\u0105zanie. Panele dost\u0119pne s\u0105 w czterech rozmiarach ekranu: <strong>7&#8243;, 10.1&#8243;, 11.6&#8243; oraz 15.6&#8243;<\/strong>, co umo\u017cliwia dob\u00f3r odpowiedniego modelu w zale\u017cno\u015bci od potrzeb u\u017cytkownika. System operacyjny Android zapewnia intuicyjn\u0105 obs\u0142ug\u0119 oraz pe\u0142n\u0105 kompatybilno\u015b\u0107 z szerok\u0105 gam\u0105 urz\u0105dze\u0144 peryferyjnych.<\/span><\/p>\n<\/div>\n<\/div>\n<\/div>\n<div class=\"group\/conversation-turn relative flex w-full min-w-0 flex-col agent-turn\">\n<div class=\"flex-col gap-1 md:gap-3\">\n<div class=\"flex max-w-full flex-col flex-grow\">\n<div class=\"min-h-8 text-message flex w-full flex-col items-end gap-2 whitespace-normal break-words [.text-message+&amp;]:mt-5\" dir=\"auto\" data-message-author-role=\"assistant\" data-message-id=\"2744f15f-a743-4fe8-9cbe-72ebf80ef3ab\" data-message-model-slug=\"gpt-4o\">\n<div class=\"flex w-full flex-col gap-1 empty:hidden first:pt-[3px]\">\n<div class=\"markdown prose w-full break-words dark:prose-invert light\">\n<p>Rozbudowane opcje \u0142\u0105czno\u015bci, takie jak <strong>Ethernet, Wi-Fi i Bluetooth<\/strong>, umo\u017cliwiaj\u0105 dopasowanie modelu do preferencji u\u017cytkownika oraz jego p\u00f3\u017aniejszego zastosowania. Dodatkowo, modele mog\u0105 by\u0107 wyposa\u017cone w funkcj\u0119 <strong>Power over Ethernet (PoE)<\/strong>, co zwi\u0119ksza elastyczno\u015b\u0107 instalacji, eliminuj\u0105c potrzeb\u0119 osobnych zasilaczy.<\/p>\n<p>W po\u0142\u0105czeniu z modu\u0142em skanuj\u0105cym<strong> Zebra SE2707 lub SE4107<\/strong>, urz\u0105dzenia A7, A10, A12 i A15 tworz\u0105 kompaktowy zestaw All-in-One, kt\u00f3ry umo\u017cliwia sprawny odczyt kod\u00f3w 1D i 2D, idealny do zastosowa\u0144 w handlu detalicznym, magazynach czy innych \u015brodowiskach wymagaj\u0105cych szybkiej i precyzyjnej obs\u0142ugi.<\/p>\n<hr \/>\n<\/div>\n<\/div>\n<\/div>\n<\/div>\n<\/div>\n<\/div>\n<h2><strong>Co wyr\u00f3\u017cnia komputer panelowy A12:<\/strong><\/h2>\n<ul>\n<li>11.6&#8243; ekran dotykowy TFT LCD 1920 x 1080 Full HD<\/li>\n<li>Procesor Rockchip RK3288 \u2013 ARM Cortex-A17, Quad-Core \/ Rockchip RK3568 \u2013 ARM Cortex-A55, Quad-Core<\/li>\n<li>Pami\u0119\u0107 2 GB DDR3 SDRAM<\/li>\n<li>Pami\u0119\u0107 zewn\u0119trzna w formie karty micro SD<\/li>\n<li>Dost\u0119pne akcesoria<\/li>\n<\/ul>\n<p>&nbsp;<\/p>\n<h3><strong>Konfiguruj <a href=\"https:\/\/imago-systems.com\/product-category\/komputery-panelowe-z-systemem-android\/\">komputery panelowe z systemem Android<\/a> wed\u0142ug w\u0142asnych potrzeb.<\/strong><\/h3>\n","protected":false},"excerpt":{"rendered":"<p>The A12 panel computer is a new generation device that can act as <strong>virtual sales assistant, time recorder, resource management device (e.g. conference rooms)<\/strong> and many others. The computer is powered by a quad-core Rockchip RK-3288\/3568 processor and uses the operating system <strong>Android<\/strong> to handle all processes.<\/p>","protected":false},"featured_media":15177,"comment_status":"closed","ping_status":"closed","template":"","meta":[],"product_brand":[329],"product_cat":[43],"product_tag":[],"class_list":{"0":"post-833","1":"product","2":"type-product","3":"status-publish","4":"has-post-thumbnail","6":"product_brand-imago","7":"product_cat-komputery-panelowe-z-systemem-android","9":"first","10":"instock","11":"shipping-taxable","12":"purchasable","13":"product-type-variable"},"acf":[],"yoast_head":"<!-- This site is optimized with the Yoast SEO plugin v27.6 - https:\/\/yoast.com\/product\/yoast-seo-wordpress\/ -->\n<title>IMAGO Komputer panelowy Android A12 | rejestrator czasu pracy - IMAGO<\/title>\n<meta name=\"description\" content=\"IMAGO A12 to komputer panelowy z systemem Android. Mo\u017ce pe\u0142ni\u0107 rol\u0119 wirtualnego asystenta sprzeda\u017cy, rejestratora czasu pracy lub dost\u0119pu, i wielu innych\" \/>\n<meta name=\"robots\" content=\"index, follow, max-snippet:-1, max-image-preview:large, max-video-preview:-1\" \/>\n<link rel=\"canonical\" href=\"https:\/\/imago-systems.com\/en\/product\/panel-computer-android-imago-a12\/\" \/>\n<meta property=\"og:locale\" content=\"en_US\" \/>\n<meta property=\"og:type\" content=\"article\" \/>\n<meta property=\"og:title\" content=\"IMAGO Komputer panelowy Android A12 | rejestrator czasu pracy - IMAGO\" \/>\n<meta property=\"og:description\" content=\"IMAGO A12 to komputer panelowy z systemem Android. Mo\u017ce pe\u0142ni\u0107 rol\u0119 wirtualnego asystenta sprzeda\u017cy, rejestratora czasu pracy lub dost\u0119pu, i wielu innych\" \/>\n<meta property=\"og:url\" content=\"https:\/\/imago-systems.com\/en\/product\/panel-computer-android-imago-a12\/\" \/>\n<meta property=\"og:site_name\" content=\"IMAGO\" \/>\n<meta property=\"article:modified_time\" content=\"2026-05-04T07:28:31+00:00\" \/>\n<meta property=\"og:image\" content=\"https:\/\/imago-systems.com\/wp-content\/uploads\/2024\/08\/A12-1.webp\" \/>\n\t<meta property=\"og:image:width\" content=\"1024\" \/>\n\t<meta property=\"og:image:height\" content=\"1024\" \/>\n\t<meta property=\"og:image:type\" content=\"image\/webp\" \/>\n<meta name=\"twitter:card\" content=\"summary_large_image\" \/>\n<meta name=\"twitter:label1\" content=\"Est. reading time\" \/>\n\t<meta name=\"twitter:data1\" content=\"2 minutes\" \/>\n<script type=\"application\/ld+json\" class=\"yoast-schema-graph\">{\"@context\":\"https:\\\/\\\/schema.org\",\"@graph\":[{\"@type\":\"WebPage\",\"@id\":\"https:\\\/\\\/imago-systems.com\\\/product\\\/komputer-panelowy-android-imago-a12\\\/\",\"url\":\"https:\\\/\\\/imago-systems.com\\\/product\\\/komputer-panelowy-android-imago-a12\\\/\",\"name\":\"IMAGO Komputer panelowy Android A12 | rejestrator czasu pracy - IMAGO\",\"isPartOf\":{\"@id\":\"https:\\\/\\\/imago-systems.com\\\/#website\"},\"primaryImageOfPage\":{\"@id\":\"https:\\\/\\\/imago-systems.com\\\/product\\\/komputer-panelowy-android-imago-a12\\\/#primaryimage\"},\"image\":{\"@id\":\"https:\\\/\\\/imago-systems.com\\\/product\\\/komputer-panelowy-android-imago-a12\\\/#primaryimage\"},\"thumbnailUrl\":\"https:\\\/\\\/imago-systems.com\\\/wp-content\\\/uploads\\\/2024\\\/08\\\/A12-1.webp\",\"datePublished\":\"2024-08-14T10:44:40+00:00\",\"dateModified\":\"2026-05-04T07:28:31+00:00\",\"description\":\"IMAGO A12 to komputer panelowy z systemem Android. Mo\u017ce pe\u0142ni\u0107 rol\u0119 wirtualnego asystenta sprzeda\u017cy, rejestratora czasu pracy lub dost\u0119pu, i wielu innych\",\"breadcrumb\":{\"@id\":\"https:\\\/\\\/imago-systems.com\\\/product\\\/komputer-panelowy-android-imago-a12\\\/#breadcrumb\"},\"inLanguage\":\"en-US\",\"potentialAction\":[{\"@type\":\"ReadAction\",\"target\":[\"https:\\\/\\\/imago-systems.com\\\/product\\\/komputer-panelowy-android-imago-a12\\\/\"]}]},{\"@type\":\"ImageObject\",\"inLanguage\":\"en-US\",\"@id\":\"https:\\\/\\\/imago-systems.com\\\/product\\\/komputer-panelowy-android-imago-a12\\\/#primaryimage\",\"url\":\"https:\\\/\\\/imago-systems.com\\\/wp-content\\\/uploads\\\/2024\\\/08\\\/A12-1.webp\",\"contentUrl\":\"https:\\\/\\\/imago-systems.com\\\/wp-content\\\/uploads\\\/2024\\\/08\\\/A12-1.webp\",\"width\":1024,\"height\":1024,\"caption\":\"Komputer panelowy A12 12 cali z system Android Imago Poland\"},{\"@type\":\"BreadcrumbList\",\"@id\":\"https:\\\/\\\/imago-systems.com\\\/product\\\/komputer-panelowy-android-imago-a12\\\/#breadcrumb\",\"itemListElement\":[{\"@type\":\"ListItem\",\"position\":1,\"name\":\"Home\",\"item\":\"https:\\\/\\\/imago-systems.com\\\/\"},{\"@type\":\"ListItem\",\"position\":2,\"name\":\"Shop\",\"item\":\"https:\\\/\\\/imago-systems.com\\\/shop\\\/\"},{\"@type\":\"ListItem\",\"position\":3,\"name\":\"Komputery panelowe Android\",\"item\":\"https:\\\/\\\/imago-systems.com\\\/product-category\\\/komputery-panelowe-z-systemem-android\\\/\"},{\"@type\":\"ListItem\",\"position\":4,\"name\":\"Komputer panelowy IMAGO A12 \\\/ 11.6&#8243; FHD \\\/ Android\"}]},{\"@type\":\"WebSite\",\"@id\":\"https:\\\/\\\/imago-systems.com\\\/#website\",\"url\":\"https:\\\/\\\/imago-systems.com\\\/\",\"name\":\"IMAGO systems\",\"description\":\"Nowoczesne rozwi\u0105zania dla przemys\u0142u i handlu detalicznego.\",\"publisher\":{\"@id\":\"https:\\\/\\\/imago-systems.com\\\/#organization\"},\"alternateName\":\"IMAGO\",\"potentialAction\":[{\"@type\":\"SearchAction\",\"target\":{\"@type\":\"EntryPoint\",\"urlTemplate\":\"https:\\\/\\\/imago-systems.com\\\/?s={search_term_string}\"},\"query-input\":{\"@type\":\"PropertyValueSpecification\",\"valueRequired\":true,\"valueName\":\"search_term_string\"}}],\"inLanguage\":\"en-US\"},{\"@type\":\"Organization\",\"@id\":\"https:\\\/\\\/imago-systems.com\\\/#organization\",\"name\":\"IMAGO Poland sp. z o.o.\",\"alternateName\":\"IMAGO\",\"url\":\"https:\\\/\\\/imago-systems.com\\\/\",\"logo\":{\"@type\":\"ImageObject\",\"inLanguage\":\"en-US\",\"@id\":\"https:\\\/\\\/imago-systems.com\\\/#\\\/schema\\\/logo\\\/image\\\/\",\"url\":\"https:\\\/\\\/imago-systems.com\\\/wp-content\\\/uploads\\\/2024\\\/11\\\/cropped-cropped-cropped-IMAGO-LOGO-.jpg\",\"contentUrl\":\"https:\\\/\\\/imago-systems.com\\\/wp-content\\\/uploads\\\/2024\\\/11\\\/cropped-cropped-cropped-IMAGO-LOGO-.jpg\",\"width\":512,\"height\":512,\"caption\":\"IMAGO Poland sp. z o.o.\"},\"image\":{\"@id\":\"https:\\\/\\\/imago-systems.com\\\/#\\\/schema\\\/logo\\\/image\\\/\"},\"sameAs\":[\"https:\\\/\\\/www.linkedin.com\\\/company\\\/imago-poland\\\/\"]}]}<\/script>\n<!-- \/ Yoast SEO plugin. -->","yoast_head_json":{"title":"IMAGO Android A12 Panel Computer | Time Recorder - IMAGO","description":"The IMAGO A12 is an Android-powered panel computer. It can function as a virtual sales assistant, a time and attendance recorder, and much more.","robots":{"index":"index","follow":"follow","max-snippet":"max-snippet:-1","max-image-preview":"max-image-preview:large","max-video-preview":"max-video-preview:-1"},"canonical":"https:\/\/imago-systems.com\/en\/product\/panel-computer-android-imago-a12\/","og_locale":"en_US","og_type":"article","og_title":"IMAGO Komputer panelowy Android A12 | rejestrator czasu pracy - IMAGO","og_description":"IMAGO A12 to komputer panelowy z systemem Android. Mo\u017ce pe\u0142ni\u0107 rol\u0119 wirtualnego asystenta sprzeda\u017cy, rejestratora czasu pracy lub dost\u0119pu, i wielu innych","og_url":"https:\/\/imago-systems.com\/en\/product\/panel-computer-android-imago-a12\/","og_site_name":"IMAGO","article_modified_time":"2026-05-04T07:28:31+00:00","og_image":[{"width":1024,"height":1024,"url":"https:\/\/imago-systems.com\/wp-content\/uploads\/2024\/08\/A12-1.webp","type":"image\/webp"}],"twitter_card":"summary_large_image","twitter_misc":{"Est. reading time":"2 minutes"},"schema":{"@context":"https:\/\/schema.org","@graph":[{"@type":"WebPage","@id":"https:\/\/imago-systems.com\/product\/komputer-panelowy-android-imago-a12\/","url":"https:\/\/imago-systems.com\/product\/komputer-panelowy-android-imago-a12\/","name":"IMAGO Android A12 Panel Computer | Time Recorder - IMAGO","isPartOf":{"@id":"https:\/\/imago-systems.com\/#website"},"primaryImageOfPage":{"@id":"https:\/\/imago-systems.com\/product\/komputer-panelowy-android-imago-a12\/#primaryimage"},"image":{"@id":"https:\/\/imago-systems.com\/product\/komputer-panelowy-android-imago-a12\/#primaryimage"},"thumbnailUrl":"https:\/\/imago-systems.com\/wp-content\/uploads\/2024\/08\/A12-1.webp","datePublished":"2024-08-14T10:44:40+00:00","dateModified":"2026-05-04T07:28:31+00:00","description":"The IMAGO A12 is an Android-powered panel computer. It can function as a virtual sales assistant, a time and attendance recorder, and much more.","breadcrumb":{"@id":"https:\/\/imago-systems.com\/product\/komputer-panelowy-android-imago-a12\/#breadcrumb"},"inLanguage":"en-US","potentialAction":[{"@type":"ReadAction","target":["https:\/\/imago-systems.com\/product\/komputer-panelowy-android-imago-a12\/"]}]},{"@type":"ImageObject","inLanguage":"en-US","@id":"https:\/\/imago-systems.com\/product\/komputer-panelowy-android-imago-a12\/#primaryimage","url":"https:\/\/imago-systems.com\/wp-content\/uploads\/2024\/08\/A12-1.webp","contentUrl":"https:\/\/imago-systems.com\/wp-content\/uploads\/2024\/08\/A12-1.webp","width":1024,"height":1024,"caption":"Komputer panelowy A12 12 cali z system Android Imago Poland"},{"@type":"BreadcrumbList","@id":"https:\/\/imago-systems.com\/product\/komputer-panelowy-android-imago-a12\/#breadcrumb","itemListElement":[{"@type":"ListItem","position":1,"name":"Home","item":"https:\/\/imago-systems.com\/"},{"@type":"ListItem","position":2,"name":"Shop","item":"https:\/\/imago-systems.com\/shop\/"},{"@type":"ListItem","position":3,"name":"Komputery panelowe Android","item":"https:\/\/imago-systems.com\/product-category\/komputery-panelowe-z-systemem-android\/"},{"@type":"ListItem","position":4,"name":"Komputer panelowy IMAGO A12 \/ 11.6&#8243; FHD \/ Android"}]},{"@type":"WebSite","@id":"https:\/\/imago-systems.com\/#website","url":"https:\/\/imago-systems.com\/","name":"IMAGO systems","description":"Modern solutions for industry and retail.","publisher":{"@id":"https:\/\/imago-systems.com\/#organization"},"alternateName":"IMAGO","potentialAction":[{"@type":"SearchAction","target":{"@type":"EntryPoint","urlTemplate":"https:\/\/imago-systems.com\/?s={search_term_string}"},"query-input":{"@type":"PropertyValueSpecification","valueRequired":true,"valueName":"search_term_string"}}],"inLanguage":"en-US"},{"@type":"Organization","@id":"https:\/\/imago-systems.com\/#organization","name":"IMAGO Poland sp. z o. o.","alternateName":"IMAGO","url":"https:\/\/imago-systems.com\/","logo":{"@type":"ImageObject","inLanguage":"en-US","@id":"https:\/\/imago-systems.com\/#\/schema\/logo\/image\/","url":"https:\/\/imago-systems.com\/wp-content\/uploads\/2024\/11\/cropped-cropped-cropped-IMAGO-LOGO-.jpg","contentUrl":"https:\/\/imago-systems.com\/wp-content\/uploads\/2024\/11\/cropped-cropped-cropped-IMAGO-LOGO-.jpg","width":512,"height":512,"caption":"IMAGO Poland sp. z o.o."},"image":{"@id":"https:\/\/imago-systems.com\/#\/schema\/logo\/image\/"},"sameAs":["https:\/\/www.linkedin.com\/company\/imago-poland\/"]}]}},"_links":{"self":[{"href":"https:\/\/imago-systems.com\/en\/wp-json\/wp\/v2\/product\/833","targetHints":{"allow":["GET"]}}],"collection":[{"href":"https:\/\/imago-systems.com\/en\/wp-json\/wp\/v2\/product"}],"about":[{"href":"https:\/\/imago-systems.com\/en\/wp-json\/wp\/v2\/types\/product"}],"replies":[{"embeddable":true,"href":"https:\/\/imago-systems.com\/en\/wp-json\/wp\/v2\/comments?post=833"}],"wp:featuredmedia":[{"embeddable":true,"href":"https:\/\/imago-systems.com\/en\/wp-json\/wp\/v2\/media\/15177"}],"wp:attachment":[{"href":"https:\/\/imago-systems.com\/en\/wp-json\/wp\/v2\/media?parent=833"}],"wp:term":[{"taxonomy":"product_brand","embeddable":true,"href":"https:\/\/imago-systems.com\/en\/wp-json\/wp\/v2\/product_brand?post=833"},{"taxonomy":"product_cat","embeddable":true,"href":"https:\/\/imago-systems.com\/en\/wp-json\/wp\/v2\/product_cat?post=833"},{"taxonomy":"product_tag","embeddable":true,"href":"https:\/\/imago-systems.com\/en\/wp-json\/wp\/v2\/product_tag?post=833"}],"curies":[{"name":"wp","href":"https:\/\/api.w.org\/{rel}","templated":true}]}}