{"id":797,"date":"2024-08-14T12:04:05","date_gmt":"2024-08-14T09:04:05","guid":{"rendered":"http:\/\/imago-systems.com\/?post_type=product&#038;p=797"},"modified":"2026-05-04T09:28:58","modified_gmt":"2026-05-04T08:28:58","slug":"komputer-panelowy-android-imago-a7","status":"publish","type":"product","link":"https:\/\/imago-systems.com\/en\/product\/komputer-panelowy-android-imago-a7\/","title":{"rendered":"IMAGO A7 \/ 7\u2033 \/ Android panel computer"},"content":{"rendered":"<div class=\"flex-shrink-0 flex flex-col relative items-end\">\n<div class=\"pt-0\">\n<div class=\"gizmo-bot-avatar flex h-8 w-8 items-center justify-center overflow-hidden rounded-full\">\n<div class=\"relative p-1 rounded-sm flex items-center justify-center bg-token-main-surface-primary text-token-text-primary h-8 w-8\">\n<div class=\"flex-shrink-0 flex flex-col relative items-end\">\n<div class=\"pt-0\">\n<div class=\"gizmo-bot-avatar flex h-8 w-8 items-center justify-center overflow-hidden rounded-full\">\n<div class=\"relative p-1 rounded-sm flex items-center justify-center bg-token-main-surface-primary text-token-text-primary h-8 w-8\">IMAGO A7, A10, A12 i A15 to <a href=\"https:\/\/imago-systems.com\/product-category\/komputery-panelowe-z-systemem-android\/\">wszechstronne komputery panelowe z systemem Android<\/a>, kt\u00f3re \u0142\u0105cz\u0105 nowoczesne wzornictwo z funkcjonalno\u015bci\u0105, idealnie sprawdzaj\u0105c si\u0119 w miejscach o ograniczonej przestrzeni, takich jak sklepy czy punkty obs\u0142ugi klienta.<\/div>\n<div><\/div>\n<div><\/div>\n<div class=\"relative p-1 rounded-sm flex items-center justify-center bg-token-main-surface-primary text-token-text-primary h-8 w-8\">Dost\u0119pne w czterech rozmiarach \u2013 7&#8243;, 10.1&#8243;, 11.6&#8243; i 15.6&#8243; \u2013 oferuj\u0105 elastyczno\u015b\u0107 w doborze ekranu, umo\u017cliwiaj\u0105c dostosowanie do specyficznych potrzeb u\u017cytkownika. Dzi\u0119ki intuicyjnemu systemowi Android urz\u0105dzenia te zapewniaj\u0105 \u0142atw\u0105 obs\u0142ug\u0119 oraz kompatybilno\u015b\u0107 z szerok\u0105 gam\u0105 urz\u0105dze\u0144 peryferyjnych, co znacz\u0105co usprawnia codzienn\u0105 prac\u0119.<\/div>\n<div><\/div>\n<div><\/div>\n<div class=\"relative p-1 rounded-sm flex items-center justify-center bg-token-main-surface-primary text-token-text-primary h-8 w-8\"><strong>Panele wyposa\u017cono w zintegrowane modu\u0142y komunikacyjne, takie jak Ethernet, Wi-Fi i Bluetooth<\/strong>, co u\u0142atwia ich adaptacj\u0119 do r\u00f3\u017cnorodnych \u015brodowisk pracy. Modele A10 i A15 mog\u0105 dodatkowo korzysta\u0107 z funkcji Power over Ethernet (PoE), co eliminuje konieczno\u015b\u0107 stosowania oddzielnych zasilaczy i upraszcza instalacj\u0119.<\/div>\n<div><\/div>\n<div><\/div>\n<div class=\"relative p-1 rounded-sm flex items-center justify-center bg-token-main-surface-primary text-token-text-primary h-8 w-8\">Zintegrowane z modu\u0142ami skanuj\u0105cymi<strong> Zebra SE2707 lub SE4107<\/strong>, komputery A7, A10, A12 i A15 staj\u0105 si\u0119 wszechstronnymi urz\u0105dzeniami All-in-One, umo\u017cliwiaj\u0105cymi skanowanie kod\u00f3w 1D i 2D. Dzi\u0119ki temu stanowi\u0105 idealne rozwi\u0105zanie dla firm poszukuj\u0105cych niezawodnego, funkcjonalnego i estetycznego narz\u0119dzia do obs\u0142ugi klient\u00f3w, zarz\u0105dzania sprzeda\u017c\u0105 czy kontroli magazynowej.<\/div>\n<div>\n<hr \/>\n<\/div>\n<\/div>\n<\/div>\n<\/div>\n<\/div>\n<\/div>\n<\/div>\n<\/div>\n<div class=\"group\/conversation-turn relative flex w-full min-w-0 flex-col agent-turn\">\n<div class=\"flex-col gap-1 md:gap-3\">\n<div class=\"flex max-w-full flex-col flex-grow\">\n<div class=\"min-h-8 text-message flex w-full flex-col items-end gap-2 whitespace-normal break-words [.text-message+&amp;]:mt-5\" dir=\"auto\" data-message-author-role=\"assistant\" data-message-id=\"3d5ad05f-6f5f-4e4a-8b5d-46a646539a45\" data-message-model-slug=\"gpt-4o\">\n<div class=\"flex w-full flex-col gap-1 empty:hidden first:pt-[3px]\">\n<div class=\"markdown prose w-full break-words dark:prose-invert light\">\n<h2><strong>Co wyr\u00f3\u017cnia komputer panelowy A7:<\/strong><\/h2>\n<\/div>\n<\/div>\n<\/div>\n<\/div>\n<\/div>\n<\/div>\n<ul>\n<li>7&#8243; ekran dotykowy IPS LCD 1024 x 600<\/li>\n<li>Procesor Rockchip RK3288 \u2013 ARM Cortex-A17, Quad-Core \/ Rockchip RK3568 \u2013 ARM Cortex-A55, Quad-Core<\/li>\n<li>Pami\u0119\u0107 2 GB DDR3 DRAM<\/li>\n<li>Pami\u0119\u0107 zewn\u0119trzna w formie karty micro SD<\/li>\n<li>Dost\u0119pne akcesoria<\/li>\n<\/ul>\n<p>&nbsp;<\/p>\n<h3><strong>Dostosuj <a href=\"https:\/\/imago-systems.com\/product-category\/komputery-panelowe-z-systemem-android\/\">Komputer panelowy z systemem Android<\/a> wed\u0142ug w\u0142asnych potrzeb.\u00a0<\/strong><\/h3>\n","protected":false},"excerpt":{"rendered":"<p>The A7 Computer Panel from IMAGO is a multifunctional device that can be used in various sectors, especially in services and sales. Its ergonomic and slim design makes it ideal for small retail spaces. The Android operating system guarantees easy and intuitive operation and is compatible with a wide range of peripherals.<\/p>","protected":false},"featured_media":15179,"comment_status":"closed","ping_status":"closed","template":"","meta":[],"product_brand":[329],"product_cat":[43],"product_tag":[],"class_list":{"0":"post-797","1":"product","2":"type-product","3":"status-publish","4":"has-post-thumbnail","6":"product_brand-imago","7":"product_cat-komputery-panelowe-z-systemem-android","9":"first","10":"instock","11":"shipping-taxable","12":"purchasable","13":"product-type-variable"},"acf":[],"yoast_head":"<!-- This site is optimized with the Yoast SEO plugin v27.6 - https:\/\/yoast.com\/product\/yoast-seo-wordpress\/ -->\n<title>IMAGO Komputer panelowy A7 z systemem Android - IMAGO<\/title>\n<meta name=\"description\" content=\"IMAGO A7 to komputer panelowy z systemem Android. Mo\u017ce pe\u0142ni\u0107 rol\u0119 wirtualnego asystenta sprzeda\u017cy, kontrolera dost\u0119pu lub czasu pracy, i wielu innych\" \/>\n<meta name=\"robots\" content=\"index, follow, max-snippet:-1, max-image-preview:large, max-video-preview:-1\" \/>\n<link rel=\"canonical\" href=\"https:\/\/imago-systems.com\/en\/product\/komputer-panelowy-android-imago-a7\/\" \/>\n<meta property=\"og:locale\" content=\"en_US\" \/>\n<meta property=\"og:type\" content=\"article\" \/>\n<meta property=\"og:title\" content=\"IMAGO Komputer panelowy A7 z systemem Android - IMAGO\" \/>\n<meta property=\"og:description\" content=\"IMAGO A7 to komputer panelowy z systemem Android. Mo\u017ce pe\u0142ni\u0107 rol\u0119 wirtualnego asystenta sprzeda\u017cy, kontrolera dost\u0119pu lub czasu pracy, i wielu innych\" \/>\n<meta property=\"og:url\" content=\"https:\/\/imago-systems.com\/en\/product\/komputer-panelowy-android-imago-a7\/\" \/>\n<meta property=\"og:site_name\" content=\"IMAGO\" \/>\n<meta property=\"article:modified_time\" content=\"2026-05-04T08:28:58+00:00\" \/>\n<meta property=\"og:image\" content=\"https:\/\/imago-systems.com\/wp-content\/uploads\/2024\/08\/A7.webp\" \/>\n\t<meta property=\"og:image:width\" content=\"1024\" \/>\n\t<meta property=\"og:image:height\" content=\"1024\" \/>\n\t<meta property=\"og:image:type\" content=\"image\/webp\" \/>\n<meta name=\"twitter:card\" content=\"summary_large_image\" \/>\n<meta name=\"twitter:label1\" content=\"Est. reading time\" \/>\n\t<meta name=\"twitter:data1\" content=\"2 minutes\" \/>\n<script type=\"application\/ld+json\" class=\"yoast-schema-graph\">{\"@context\":\"https:\\\/\\\/schema.org\",\"@graph\":[{\"@type\":\"WebPage\",\"@id\":\"https:\\\/\\\/imago-systems.com\\\/product\\\/komputer-panelowy-android-imago-a7\\\/\",\"url\":\"https:\\\/\\\/imago-systems.com\\\/product\\\/komputer-panelowy-android-imago-a7\\\/\",\"name\":\"IMAGO Komputer panelowy A7 z systemem Android - IMAGO\",\"isPartOf\":{\"@id\":\"https:\\\/\\\/imago-systems.com\\\/#website\"},\"primaryImageOfPage\":{\"@id\":\"https:\\\/\\\/imago-systems.com\\\/product\\\/komputer-panelowy-android-imago-a7\\\/#primaryimage\"},\"image\":{\"@id\":\"https:\\\/\\\/imago-systems.com\\\/product\\\/komputer-panelowy-android-imago-a7\\\/#primaryimage\"},\"thumbnailUrl\":\"https:\\\/\\\/imago-systems.com\\\/wp-content\\\/uploads\\\/2024\\\/08\\\/A7.webp\",\"datePublished\":\"2024-08-14T09:04:05+00:00\",\"dateModified\":\"2026-05-04T08:28:58+00:00\",\"description\":\"IMAGO A7 to komputer panelowy z systemem Android. Mo\u017ce pe\u0142ni\u0107 rol\u0119 wirtualnego asystenta sprzeda\u017cy, kontrolera dost\u0119pu lub czasu pracy, i wielu innych\",\"breadcrumb\":{\"@id\":\"https:\\\/\\\/imago-systems.com\\\/product\\\/komputer-panelowy-android-imago-a7\\\/#breadcrumb\"},\"inLanguage\":\"en-US\",\"potentialAction\":[{\"@type\":\"ReadAction\",\"target\":[\"https:\\\/\\\/imago-systems.com\\\/product\\\/komputer-panelowy-android-imago-a7\\\/\"]}]},{\"@type\":\"ImageObject\",\"inLanguage\":\"en-US\",\"@id\":\"https:\\\/\\\/imago-systems.com\\\/product\\\/komputer-panelowy-android-imago-a7\\\/#primaryimage\",\"url\":\"https:\\\/\\\/imago-systems.com\\\/wp-content\\\/uploads\\\/2024\\\/08\\\/A7.webp\",\"contentUrl\":\"https:\\\/\\\/imago-systems.com\\\/wp-content\\\/uploads\\\/2024\\\/08\\\/A7.webp\",\"width\":1024,\"height\":1024,\"caption\":\"Imago A7 komputer panelowy z systemem Android\"},{\"@type\":\"BreadcrumbList\",\"@id\":\"https:\\\/\\\/imago-systems.com\\\/product\\\/komputer-panelowy-android-imago-a7\\\/#breadcrumb\",\"itemListElement\":[{\"@type\":\"ListItem\",\"position\":1,\"name\":\"Home\",\"item\":\"https:\\\/\\\/imago-systems.com\\\/\"},{\"@type\":\"ListItem\",\"position\":2,\"name\":\"Shop\",\"item\":\"https:\\\/\\\/imago-systems.com\\\/shop\\\/\"},{\"@type\":\"ListItem\",\"position\":3,\"name\":\"Komputery panelowe Android\",\"item\":\"https:\\\/\\\/imago-systems.com\\\/product-category\\\/komputery-panelowe-z-systemem-android\\\/\"},{\"@type\":\"ListItem\",\"position\":4,\"name\":\"Komputer panelowy IMAGO A7 \\\/ 7&#8243; \\\/ Android\"}]},{\"@type\":\"WebSite\",\"@id\":\"https:\\\/\\\/imago-systems.com\\\/#website\",\"url\":\"https:\\\/\\\/imago-systems.com\\\/\",\"name\":\"IMAGO systems\",\"description\":\"Nowoczesne rozwi\u0105zania dla przemys\u0142u i handlu detalicznego.\",\"publisher\":{\"@id\":\"https:\\\/\\\/imago-systems.com\\\/#organization\"},\"alternateName\":\"IMAGO\",\"potentialAction\":[{\"@type\":\"SearchAction\",\"target\":{\"@type\":\"EntryPoint\",\"urlTemplate\":\"https:\\\/\\\/imago-systems.com\\\/?s={search_term_string}\"},\"query-input\":{\"@type\":\"PropertyValueSpecification\",\"valueRequired\":true,\"valueName\":\"search_term_string\"}}],\"inLanguage\":\"en-US\"},{\"@type\":\"Organization\",\"@id\":\"https:\\\/\\\/imago-systems.com\\\/#organization\",\"name\":\"IMAGO Poland sp. z o.o.\",\"alternateName\":\"IMAGO\",\"url\":\"https:\\\/\\\/imago-systems.com\\\/\",\"logo\":{\"@type\":\"ImageObject\",\"inLanguage\":\"en-US\",\"@id\":\"https:\\\/\\\/imago-systems.com\\\/#\\\/schema\\\/logo\\\/image\\\/\",\"url\":\"https:\\\/\\\/imago-systems.com\\\/wp-content\\\/uploads\\\/2024\\\/11\\\/cropped-cropped-cropped-IMAGO-LOGO-.jpg\",\"contentUrl\":\"https:\\\/\\\/imago-systems.com\\\/wp-content\\\/uploads\\\/2024\\\/11\\\/cropped-cropped-cropped-IMAGO-LOGO-.jpg\",\"width\":512,\"height\":512,\"caption\":\"IMAGO Poland sp. z o.o.\"},\"image\":{\"@id\":\"https:\\\/\\\/imago-systems.com\\\/#\\\/schema\\\/logo\\\/image\\\/\"},\"sameAs\":[\"https:\\\/\\\/www.linkedin.com\\\/company\\\/imago-poland\\\/\"]}]}<\/script>\n<!-- \/ Yoast SEO plugin. -->","yoast_head_json":{"title":"IMAGO A7 Panel Computer with Android - IMAGO","description":"The IMAGO A7 is an Android-powered panel computer. It can act as a virtual sales assistant, an access controller, a time and attendance monitor, and much more.","robots":{"index":"index","follow":"follow","max-snippet":"max-snippet:-1","max-image-preview":"max-image-preview:large","max-video-preview":"max-video-preview:-1"},"canonical":"https:\/\/imago-systems.com\/en\/product\/komputer-panelowy-android-imago-a7\/","og_locale":"en_US","og_type":"article","og_title":"IMAGO Komputer panelowy A7 z systemem Android - IMAGO","og_description":"IMAGO A7 to komputer panelowy z systemem Android. Mo\u017ce pe\u0142ni\u0107 rol\u0119 wirtualnego asystenta sprzeda\u017cy, kontrolera dost\u0119pu lub czasu pracy, i wielu innych","og_url":"https:\/\/imago-systems.com\/en\/product\/komputer-panelowy-android-imago-a7\/","og_site_name":"IMAGO","article_modified_time":"2026-05-04T08:28:58+00:00","og_image":[{"width":1024,"height":1024,"url":"https:\/\/imago-systems.com\/wp-content\/uploads\/2024\/08\/A7.webp","type":"image\/webp"}],"twitter_card":"summary_large_image","twitter_misc":{"Est. reading time":"2 minutes"},"schema":{"@context":"https:\/\/schema.org","@graph":[{"@type":"WebPage","@id":"https:\/\/imago-systems.com\/product\/komputer-panelowy-android-imago-a7\/","url":"https:\/\/imago-systems.com\/product\/komputer-panelowy-android-imago-a7\/","name":"IMAGO A7 Panel Computer with Android - IMAGO","isPartOf":{"@id":"https:\/\/imago-systems.com\/#website"},"primaryImageOfPage":{"@id":"https:\/\/imago-systems.com\/product\/komputer-panelowy-android-imago-a7\/#primaryimage"},"image":{"@id":"https:\/\/imago-systems.com\/product\/komputer-panelowy-android-imago-a7\/#primaryimage"},"thumbnailUrl":"https:\/\/imago-systems.com\/wp-content\/uploads\/2024\/08\/A7.webp","datePublished":"2024-08-14T09:04:05+00:00","dateModified":"2026-05-04T08:28:58+00:00","description":"The IMAGO A7 is an Android-powered panel computer. It can act as a virtual sales assistant, an access controller, a time and attendance monitor, and much more.","breadcrumb":{"@id":"https:\/\/imago-systems.com\/product\/komputer-panelowy-android-imago-a7\/#breadcrumb"},"inLanguage":"en-US","potentialAction":[{"@type":"ReadAction","target":["https:\/\/imago-systems.com\/product\/komputer-panelowy-android-imago-a7\/"]}]},{"@type":"ImageObject","inLanguage":"en-US","@id":"https:\/\/imago-systems.com\/product\/komputer-panelowy-android-imago-a7\/#primaryimage","url":"https:\/\/imago-systems.com\/wp-content\/uploads\/2024\/08\/A7.webp","contentUrl":"https:\/\/imago-systems.com\/wp-content\/uploads\/2024\/08\/A7.webp","width":1024,"height":1024,"caption":"Imago A7 komputer panelowy z systemem Android"},{"@type":"BreadcrumbList","@id":"https:\/\/imago-systems.com\/product\/komputer-panelowy-android-imago-a7\/#breadcrumb","itemListElement":[{"@type":"ListItem","position":1,"name":"Home","item":"https:\/\/imago-systems.com\/"},{"@type":"ListItem","position":2,"name":"Shop","item":"https:\/\/imago-systems.com\/shop\/"},{"@type":"ListItem","position":3,"name":"Komputery panelowe Android","item":"https:\/\/imago-systems.com\/product-category\/komputery-panelowe-z-systemem-android\/"},{"@type":"ListItem","position":4,"name":"Komputer panelowy IMAGO A7 \/ 7&#8243; \/ Android"}]},{"@type":"WebSite","@id":"https:\/\/imago-systems.com\/#website","url":"https:\/\/imago-systems.com\/","name":"IMAGO systems","description":"Modern solutions for industry and retail.","publisher":{"@id":"https:\/\/imago-systems.com\/#organization"},"alternateName":"IMAGO","potentialAction":[{"@type":"SearchAction","target":{"@type":"EntryPoint","urlTemplate":"https:\/\/imago-systems.com\/?s={search_term_string}"},"query-input":{"@type":"PropertyValueSpecification","valueRequired":true,"valueName":"search_term_string"}}],"inLanguage":"en-US"},{"@type":"Organization","@id":"https:\/\/imago-systems.com\/#organization","name":"IMAGO Poland sp. z o. o.","alternateName":"IMAGO","url":"https:\/\/imago-systems.com\/","logo":{"@type":"ImageObject","inLanguage":"en-US","@id":"https:\/\/imago-systems.com\/#\/schema\/logo\/image\/","url":"https:\/\/imago-systems.com\/wp-content\/uploads\/2024\/11\/cropped-cropped-cropped-IMAGO-LOGO-.jpg","contentUrl":"https:\/\/imago-systems.com\/wp-content\/uploads\/2024\/11\/cropped-cropped-cropped-IMAGO-LOGO-.jpg","width":512,"height":512,"caption":"IMAGO Poland sp. z o.o."},"image":{"@id":"https:\/\/imago-systems.com\/#\/schema\/logo\/image\/"},"sameAs":["https:\/\/www.linkedin.com\/company\/imago-poland\/"]}]}},"_links":{"self":[{"href":"https:\/\/imago-systems.com\/en\/wp-json\/wp\/v2\/product\/797","targetHints":{"allow":["GET"]}}],"collection":[{"href":"https:\/\/imago-systems.com\/en\/wp-json\/wp\/v2\/product"}],"about":[{"href":"https:\/\/imago-systems.com\/en\/wp-json\/wp\/v2\/types\/product"}],"replies":[{"embeddable":true,"href":"https:\/\/imago-systems.com\/en\/wp-json\/wp\/v2\/comments?post=797"}],"wp:featuredmedia":[{"embeddable":true,"href":"https:\/\/imago-systems.com\/en\/wp-json\/wp\/v2\/media\/15179"}],"wp:attachment":[{"href":"https:\/\/imago-systems.com\/en\/wp-json\/wp\/v2\/media?parent=797"}],"wp:term":[{"taxonomy":"product_brand","embeddable":true,"href":"https:\/\/imago-systems.com\/en\/wp-json\/wp\/v2\/product_brand?post=797"},{"taxonomy":"product_cat","embeddable":true,"href":"https:\/\/imago-systems.com\/en\/wp-json\/wp\/v2\/product_cat?post=797"},{"taxonomy":"product_tag","embeddable":true,"href":"https:\/\/imago-systems.com\/en\/wp-json\/wp\/v2\/product_tag?post=797"}],"curies":[{"name":"wp","href":"https:\/\/api.w.org\/{rel}","templated":true}]}}