{"id":255,"date":"2024-08-09T16:00:18","date_gmt":"2024-08-09T13:00:18","guid":{"rendered":"http:\/\/imago-systems.com\/?post_type=product&#038;p=255"},"modified":"2025-11-03T14:07:01","modified_gmt":"2025-11-03T13:07:01","slug":"isk-19-panel-computer","status":"publish","type":"product","link":"https:\/\/imago-systems.com\/en\/product\/isk-19-panel-computer\/","title":{"rendered":"ISK-19 \/ 18.5\u2033 FHD Panel Computer"},"content":{"rendered":"<h1><strong>Odkryj funkcjonalno\u015bci komputer\u00f3w panelowych z serii ISK<\/strong><\/h1>\n<p>Ich \u0142atwa w obs\u0142udze, intuicyjna konstrukcja oraz bogactwo funkcji umo\u017cliwiaj\u0105 efektywne zarz\u0105dzanie i optymalizacj\u0119 proces\u00f3w, dostarczaj\u0105c u\u017cytkownikom bie\u017c\u0105cych informacji o stanie procesu technologicznego. Modu\u0142owa budowa pozwala na dowolne rozszerzenie mo\u017cliwo\u015bci urz\u0105dze\u0144, np. poprzez dodanie czytnika <strong>kod\u00f3w 2D Zebra MS4717 czy technologii RFID<\/strong>, co dodatkowo podnosi ich funkcjonalno\u015b\u0107. Obudowa ze stali malowanej proszkowo gwarantuje trwa\u0142o\u015b\u0107 i odporno\u015b\u0107 na trudne warunki pracy.<\/p>\n<hr \/>\n<h2>Cechy wyr\u00f3\u017cniaj\u0105ce panel ISK-19:<\/h2>\n<ul>\n<li><strong>18,5&#8243; ekran panoramiczny LCD<\/strong> o rozdzielczo\u015bci 1920 x 1080 FHD<\/li>\n<li><strong>Dwie technologie dotyku<\/strong> (pojemno\u015bciowa i rezystancyjna)<\/li>\n<li><strong>Obudowa o podwy\u017cszonej szczelno\u015bci:<\/strong> stal malowana proszkowo<\/li>\n<li><strong>Pami\u0119\u0107<\/strong> Max. 32GB RAM DDR4<\/li>\n<li><strong>Jasno\u015b\u0107<\/strong> 350 [cd\/m\u00b2]<\/li>\n<li><strong>Temperatura pracy<\/strong> 0 ~ 50\u00b0 C<strong> (32 ~ 122\u00b0 F)<\/strong><\/li>\n<li>Dost\u0119pne akcesoria<\/li>\n<\/ul>\n<p>&nbsp;<\/p>\n<h3><strong>Dostosuj <a href=\"https:\/\/imago-systems.com\/product-category\/komputery-panelowe\/\">komputery panelowe <\/a>wed\u0142ug w\u0142asnych potrzeb.<\/strong><\/h3>\n","protected":false},"excerpt":{"rendered":"<p><strong data-start=\"0\" data-end=\"34\" data-is-only-node=\"\"><a href=\"https:\/\/imago-systems.com\/en\/product-category\/panel-computers\/\">Panel computer<\/a> IMAGO ISK-19<\/strong> is a modern, industrial solution with an 18.5\u201d screen supporting resistive or capacitive touch. It provides flexible configuration and will work well in demanding service industry environments, where reliability, ergonomics and precision of operation count. Configure to suit your needs.<\/p>","protected":false},"featured_media":1698,"comment_status":"closed","ping_status":"closed","template":"","meta":[],"product_brand":[329],"product_cat":[40,243],"product_tag":[],"class_list":{"0":"post-255","1":"product","2":"type-product","3":"status-publish","4":"has-post-thumbnail","6":"product_brand-imago","7":"product_cat-komputery-panelowe","8":"product_cat-komputery-panelowe-isk","10":"first","11":"instock","12":"shipping-taxable","13":"purchasable","14":"product-type-variable"},"acf":[],"yoast_head":"<!-- This site is optimized with the Yoast SEO plugin v27.6 - https:\/\/yoast.com\/product\/yoast-seo-wordpress\/ -->\n<title>Komputer panelowy ISK-19 \/ 18,5&quot; FHD - IMAGO<\/title>\n<meta name=\"description\" content=\"Komputer panelowy ISK-19 to wszechstronne urz\u0105dzenie z ekranem dotykowym, kt\u00f3re \u015bwietnie sprawdza si\u0119 zar\u00f3wno w bran\u017cy us\u0142ugowej, jak i produkcyjnej.\" \/>\n<meta name=\"robots\" content=\"index, follow, max-snippet:-1, max-image-preview:large, max-video-preview:-1\" \/>\n<link rel=\"canonical\" href=\"https:\/\/imago-systems.com\/en\/product\/isk-19-panel-computer\/\" \/>\n<meta property=\"og:locale\" content=\"en_US\" \/>\n<meta property=\"og:type\" content=\"article\" \/>\n<meta property=\"og:title\" content=\"Komputer panelowy ISK-19 \/ 18,5&quot; FHD - IMAGO\" \/>\n<meta property=\"og:description\" content=\"Komputer panelowy ISK-19 to wszechstronne urz\u0105dzenie z ekranem dotykowym, kt\u00f3re \u015bwietnie sprawdza si\u0119 zar\u00f3wno w bran\u017cy us\u0142ugowej, jak i produkcyjnej.\" \/>\n<meta property=\"og:url\" content=\"https:\/\/imago-systems.com\/en\/product\/isk-19-panel-computer\/\" \/>\n<meta property=\"og:site_name\" content=\"IMAGO\" \/>\n<meta property=\"article:modified_time\" content=\"2025-11-03T13:07:01+00:00\" \/>\n<meta property=\"og:image\" content=\"https:\/\/imago-systems.com\/wp-content\/uploads\/2024\/08\/ISK-19-.jpg\" \/>\n\t<meta property=\"og:image:width\" content=\"1024\" \/>\n\t<meta property=\"og:image:height\" content=\"1024\" \/>\n\t<meta property=\"og:image:type\" content=\"image\/jpeg\" \/>\n<meta name=\"twitter:card\" content=\"summary_large_image\" \/>\n<meta name=\"twitter:label1\" content=\"Est. reading time\" \/>\n\t<meta name=\"twitter:data1\" content=\"1 minute\" \/>\n<script type=\"application\/ld+json\" class=\"yoast-schema-graph\">{\"@context\":\"https:\\\/\\\/schema.org\",\"@graph\":[{\"@type\":\"WebPage\",\"@id\":\"https:\\\/\\\/imago-systems.com\\\/product\\\/komputer-panelowy-isk-19\\\/\",\"url\":\"https:\\\/\\\/imago-systems.com\\\/product\\\/komputer-panelowy-isk-19\\\/\",\"name\":\"Komputer panelowy ISK-19 \\\/ 18,5\\\" FHD - IMAGO\",\"isPartOf\":{\"@id\":\"https:\\\/\\\/imago-systems.com\\\/#website\"},\"primaryImageOfPage\":{\"@id\":\"https:\\\/\\\/imago-systems.com\\\/product\\\/komputer-panelowy-isk-19\\\/#primaryimage\"},\"image\":{\"@id\":\"https:\\\/\\\/imago-systems.com\\\/product\\\/komputer-panelowy-isk-19\\\/#primaryimage\"},\"thumbnailUrl\":\"https:\\\/\\\/imago-systems.com\\\/wp-content\\\/uploads\\\/2024\\\/08\\\/ISK-19-.jpg\",\"datePublished\":\"2024-08-09T13:00:18+00:00\",\"dateModified\":\"2025-11-03T13:07:01+00:00\",\"description\":\"Komputer panelowy ISK-19 to wszechstronne urz\u0105dzenie z ekranem dotykowym, kt\u00f3re \u015bwietnie sprawdza si\u0119 zar\u00f3wno w bran\u017cy us\u0142ugowej, jak i produkcyjnej.\",\"breadcrumb\":{\"@id\":\"https:\\\/\\\/imago-systems.com\\\/product\\\/komputer-panelowy-isk-19\\\/#breadcrumb\"},\"inLanguage\":\"en-US\",\"potentialAction\":[{\"@type\":\"ReadAction\",\"target\":[\"https:\\\/\\\/imago-systems.com\\\/product\\\/komputer-panelowy-isk-19\\\/\"]}]},{\"@type\":\"ImageObject\",\"inLanguage\":\"en-US\",\"@id\":\"https:\\\/\\\/imago-systems.com\\\/product\\\/komputer-panelowy-isk-19\\\/#primaryimage\",\"url\":\"https:\\\/\\\/imago-systems.com\\\/wp-content\\\/uploads\\\/2024\\\/08\\\/ISK-19-.jpg\",\"contentUrl\":\"https:\\\/\\\/imago-systems.com\\\/wp-content\\\/uploads\\\/2024\\\/08\\\/ISK-19-.jpg\",\"width\":1024,\"height\":1024,\"caption\":\"ISK 19 industrial Panel\"},{\"@type\":\"BreadcrumbList\",\"@id\":\"https:\\\/\\\/imago-systems.com\\\/product\\\/komputer-panelowy-isk-19\\\/#breadcrumb\",\"itemListElement\":[{\"@type\":\"ListItem\",\"position\":1,\"name\":\"Home\",\"item\":\"https:\\\/\\\/imago-systems.com\\\/\"},{\"@type\":\"ListItem\",\"position\":2,\"name\":\"Shop\",\"item\":\"https:\\\/\\\/imago-systems.com\\\/shop\\\/\"},{\"@type\":\"ListItem\",\"position\":3,\"name\":\"Komputery panelowe\",\"item\":\"https:\\\/\\\/imago-systems.com\\\/product-category\\\/komputery-panelowe\\\/\"},{\"@type\":\"ListItem\",\"position\":4,\"name\":\"Komputery panelowe ISK\",\"item\":\"https:\\\/\\\/imago-systems.com\\\/product-category\\\/komputery-panelowe\\\/komputery-panelowe-isk\\\/\"},{\"@type\":\"ListItem\",\"position\":5,\"name\":\"Komputer panelowy ISK-19 \\\/ 18,5&#8243; FHD\"}]},{\"@type\":\"WebSite\",\"@id\":\"https:\\\/\\\/imago-systems.com\\\/#website\",\"url\":\"https:\\\/\\\/imago-systems.com\\\/\",\"name\":\"IMAGO systems\",\"description\":\"Nowoczesne rozwi\u0105zania dla przemys\u0142u i handlu detalicznego.\",\"publisher\":{\"@id\":\"https:\\\/\\\/imago-systems.com\\\/#organization\"},\"alternateName\":\"IMAGO\",\"potentialAction\":[{\"@type\":\"SearchAction\",\"target\":{\"@type\":\"EntryPoint\",\"urlTemplate\":\"https:\\\/\\\/imago-systems.com\\\/?s={search_term_string}\"},\"query-input\":{\"@type\":\"PropertyValueSpecification\",\"valueRequired\":true,\"valueName\":\"search_term_string\"}}],\"inLanguage\":\"en-US\"},{\"@type\":\"Organization\",\"@id\":\"https:\\\/\\\/imago-systems.com\\\/#organization\",\"name\":\"IMAGO Poland sp. z o.o.\",\"alternateName\":\"IMAGO\",\"url\":\"https:\\\/\\\/imago-systems.com\\\/\",\"logo\":{\"@type\":\"ImageObject\",\"inLanguage\":\"en-US\",\"@id\":\"https:\\\/\\\/imago-systems.com\\\/#\\\/schema\\\/logo\\\/image\\\/\",\"url\":\"https:\\\/\\\/imago-systems.com\\\/wp-content\\\/uploads\\\/2024\\\/11\\\/cropped-cropped-cropped-IMAGO-LOGO-.jpg\",\"contentUrl\":\"https:\\\/\\\/imago-systems.com\\\/wp-content\\\/uploads\\\/2024\\\/11\\\/cropped-cropped-cropped-IMAGO-LOGO-.jpg\",\"width\":512,\"height\":512,\"caption\":\"IMAGO Poland sp. z o.o.\"},\"image\":{\"@id\":\"https:\\\/\\\/imago-systems.com\\\/#\\\/schema\\\/logo\\\/image\\\/\"},\"sameAs\":[\"https:\\\/\\\/www.linkedin.com\\\/company\\\/imago-poland\\\/\"]}]}<\/script>\n<!-- \/ Yoast SEO plugin. -->","yoast_head_json":{"title":"ISK-19 \/ 18.5&quot; FHD panel computer - IMAGO","description":"The ISK-19 panel computer is a versatile touchscreen device that is ideal for both the service and manufacturing industries.","robots":{"index":"index","follow":"follow","max-snippet":"max-snippet:-1","max-image-preview":"max-image-preview:large","max-video-preview":"max-video-preview:-1"},"canonical":"https:\/\/imago-systems.com\/en\/product\/isk-19-panel-computer\/","og_locale":"en_US","og_type":"article","og_title":"Komputer panelowy ISK-19 \/ 18,5\" FHD - IMAGO","og_description":"Komputer panelowy ISK-19 to wszechstronne urz\u0105dzenie z ekranem dotykowym, kt\u00f3re \u015bwietnie sprawdza si\u0119 zar\u00f3wno w bran\u017cy us\u0142ugowej, jak i produkcyjnej.","og_url":"https:\/\/imago-systems.com\/en\/product\/isk-19-panel-computer\/","og_site_name":"IMAGO","article_modified_time":"2025-11-03T13:07:01+00:00","og_image":[{"width":1024,"height":1024,"url":"https:\/\/imago-systems.com\/wp-content\/uploads\/2024\/08\/ISK-19-.jpg","type":"image\/jpeg"}],"twitter_card":"summary_large_image","twitter_misc":{"Est. reading time":"1 minute"},"schema":{"@context":"https:\/\/schema.org","@graph":[{"@type":"WebPage","@id":"https:\/\/imago-systems.com\/product\/komputer-panelowy-isk-19\/","url":"https:\/\/imago-systems.com\/product\/komputer-panelowy-isk-19\/","name":"ISK-19 \/ 18.5&quot; FHD panel computer - IMAGO","isPartOf":{"@id":"https:\/\/imago-systems.com\/#website"},"primaryImageOfPage":{"@id":"https:\/\/imago-systems.com\/product\/komputer-panelowy-isk-19\/#primaryimage"},"image":{"@id":"https:\/\/imago-systems.com\/product\/komputer-panelowy-isk-19\/#primaryimage"},"thumbnailUrl":"https:\/\/imago-systems.com\/wp-content\/uploads\/2024\/08\/ISK-19-.jpg","datePublished":"2024-08-09T13:00:18+00:00","dateModified":"2025-11-03T13:07:01+00:00","description":"The ISK-19 panel computer is a versatile touchscreen device that is ideal for both the service and manufacturing industries.","breadcrumb":{"@id":"https:\/\/imago-systems.com\/product\/komputer-panelowy-isk-19\/#breadcrumb"},"inLanguage":"en-US","potentialAction":[{"@type":"ReadAction","target":["https:\/\/imago-systems.com\/product\/komputer-panelowy-isk-19\/"]}]},{"@type":"ImageObject","inLanguage":"en-US","@id":"https:\/\/imago-systems.com\/product\/komputer-panelowy-isk-19\/#primaryimage","url":"https:\/\/imago-systems.com\/wp-content\/uploads\/2024\/08\/ISK-19-.jpg","contentUrl":"https:\/\/imago-systems.com\/wp-content\/uploads\/2024\/08\/ISK-19-.jpg","width":1024,"height":1024,"caption":"ISK 19 industrial Panel"},{"@type":"BreadcrumbList","@id":"https:\/\/imago-systems.com\/product\/komputer-panelowy-isk-19\/#breadcrumb","itemListElement":[{"@type":"ListItem","position":1,"name":"Home","item":"https:\/\/imago-systems.com\/"},{"@type":"ListItem","position":2,"name":"Shop","item":"https:\/\/imago-systems.com\/shop\/"},{"@type":"ListItem","position":3,"name":"Komputery panelowe","item":"https:\/\/imago-systems.com\/product-category\/komputery-panelowe\/"},{"@type":"ListItem","position":4,"name":"Komputery panelowe ISK","item":"https:\/\/imago-systems.com\/product-category\/komputery-panelowe\/komputery-panelowe-isk\/"},{"@type":"ListItem","position":5,"name":"Komputer panelowy ISK-19 \/ 18,5&#8243; FHD"}]},{"@type":"WebSite","@id":"https:\/\/imago-systems.com\/#website","url":"https:\/\/imago-systems.com\/","name":"IMAGO systems","description":"Modern solutions for industry and retail.","publisher":{"@id":"https:\/\/imago-systems.com\/#organization"},"alternateName":"IMAGO","potentialAction":[{"@type":"SearchAction","target":{"@type":"EntryPoint","urlTemplate":"https:\/\/imago-systems.com\/?s={search_term_string}"},"query-input":{"@type":"PropertyValueSpecification","valueRequired":true,"valueName":"search_term_string"}}],"inLanguage":"en-US"},{"@type":"Organization","@id":"https:\/\/imago-systems.com\/#organization","name":"IMAGO Poland sp. z o. o.","alternateName":"IMAGO","url":"https:\/\/imago-systems.com\/","logo":{"@type":"ImageObject","inLanguage":"en-US","@id":"https:\/\/imago-systems.com\/#\/schema\/logo\/image\/","url":"https:\/\/imago-systems.com\/wp-content\/uploads\/2024\/11\/cropped-cropped-cropped-IMAGO-LOGO-.jpg","contentUrl":"https:\/\/imago-systems.com\/wp-content\/uploads\/2024\/11\/cropped-cropped-cropped-IMAGO-LOGO-.jpg","width":512,"height":512,"caption":"IMAGO Poland sp. z o.o."},"image":{"@id":"https:\/\/imago-systems.com\/#\/schema\/logo\/image\/"},"sameAs":["https:\/\/www.linkedin.com\/company\/imago-poland\/"]}]}},"_links":{"self":[{"href":"https:\/\/imago-systems.com\/en\/wp-json\/wp\/v2\/product\/255","targetHints":{"allow":["GET"]}}],"collection":[{"href":"https:\/\/imago-systems.com\/en\/wp-json\/wp\/v2\/product"}],"about":[{"href":"https:\/\/imago-systems.com\/en\/wp-json\/wp\/v2\/types\/product"}],"replies":[{"embeddable":true,"href":"https:\/\/imago-systems.com\/en\/wp-json\/wp\/v2\/comments?post=255"}],"wp:featuredmedia":[{"embeddable":true,"href":"https:\/\/imago-systems.com\/en\/wp-json\/wp\/v2\/media\/1698"}],"wp:attachment":[{"href":"https:\/\/imago-systems.com\/en\/wp-json\/wp\/v2\/media?parent=255"}],"wp:term":[{"taxonomy":"product_brand","embeddable":true,"href":"https:\/\/imago-systems.com\/en\/wp-json\/wp\/v2\/product_brand?post=255"},{"taxonomy":"product_cat","embeddable":true,"href":"https:\/\/imago-systems.com\/en\/wp-json\/wp\/v2\/product_cat?post=255"},{"taxonomy":"product_tag","embeddable":true,"href":"https:\/\/imago-systems.com\/en\/wp-json\/wp\/v2\/product_tag?post=255"}],"curies":[{"name":"wp","href":"https:\/\/api.w.org\/{rel}","templated":true}]}}