{"id":1928,"date":"2024-10-01T14:12:36","date_gmt":"2024-10-01T11:12:36","guid":{"rendered":"http:\/\/imago-systems.com\/?post_type=product&#038;p=1928"},"modified":"2026-04-27T15:00:49","modified_gmt":"2026-04-27T14:00:49","slug":"imago-tree-z-dwoma-ramionami-podstawa-na-drukarke-uchwytem-na-pin-i-krotkim-uchwytem-vesa-75-100","status":"publish","type":"product","link":"https:\/\/imago-systems.com\/en\/product\/imago-tree-z-dwoma-ramionami-podstawa-na-drukarke-uchwytem-na-pin-i-krotkim-uchwytem-vesa-75-100\/","title":{"rendered":"IMAGO TREE with arms, printer stand, PIN holder and VESA 75\/100 mount"},"content":{"rendered":"<p><strong>S\u0142upek bazowy o wysoko\u015bci 400 mm<\/strong> zapewnia solidn\u0105 podstaw\u0119 dla dw\u00f3ch <strong>ramion o d\u0142ugo\u015bci 350 mm<\/strong>. Jedno z nich posiada wyci\u0119cie i <strong>uchwyt na kable<\/strong>, a drugie nie posiada wyci\u0119cia i uchwytu na kable. <strong>Kr\u00f3tki uchwyt VESA 75\/100<\/strong> pozwala na monta\u017c monitora lub innych urz\u0105dze\u0144, <strong>uniwersalny uchwyt na terminal PIN<\/strong> jest kompatybilny z r\u00f3\u017cnymi modelami terminali p\u0142atniczych, a stabilna <strong>podstawa na drukark\u0119<\/strong> gwarantuje bezpieczne miejsce dla urz\u0105dzenia. Ca\u0142a konstrukcja <a href=\"https:\/\/imago-systems.com\/product-category\/imago-tree\/\">IMAGO TREE<\/a> wykonana z <strong>malowanej proszkowo stali<\/strong> \u0142\u0105czy trwa\u0142o\u015b\u0107 z \u0142adnym wygl\u0105dem.<\/p>\n<p>&nbsp;<\/p>\n<h2>Do czego s\u0142u\u017cy taka konfiguracja?<\/h2>\n<section class=\"text-token-text-primary w-full focus:outline-none [--shadow-height:45px] has-data-writing-block:pointer-events-none has-data-writing-block:-mt-(--shadow-height) has-data-writing-block:pt-(--shadow-height) [&amp;:has([data-writing-block])&gt;*]:pointer-events-auto [content-visibility:auto] supports-[content-visibility:auto]:[contain-intrinsic-size:auto_100lvh] R6Vx5W_threadScrollVars scroll-mb-[calc(var(--scroll-root-safe-area-inset-bottom,0px)+var(--thread-response-height))] scroll-mt-[calc(var(--header-height)+min(200px,max(70px,20svh)))]\" dir=\"auto\" data-turn-id=\"request-WEB:d1b2cb09-2157-4ea8-8a9d-3d8aca864a93-0\" data-testid=\"conversation-turn-2\" data-scroll-anchor=\"false\" data-turn=\"assistant\">\n<div class=\"text-base my-auto mx-auto pb-10 [--thread-content-margin:var(--thread-content-margin-xs,calc(var(--spacing)*4))] @w-sm\/main:[--thread-content-margin:var(--thread-content-margin-sm,calc(var(--spacing)*6))] @w-lg\/main:[--thread-content-margin:var(--thread-content-margin-lg,calc(var(--spacing)*16))] px-(--thread-content-margin)\">\n<div class=\"[--thread-content-max-width:40rem] @w-lg\/main:[--thread-content-max-width:48rem] mx-auto max-w-(--thread-content-max-width) flex-1 group\/turn-messages focus-visible:outline-hidden relative flex w-full min-w-0 flex-col agent-turn\">\n<div class=\"flex max-w-full flex-col gap-4 grow\">\n<div class=\"min-h-8 text-message relative flex w-full flex-col items-end gap-2 text-start break-words whitespace-normal outline-none keyboard-focused:focus-ring [.text-message+&amp;]:mt-1\" dir=\"auto\" tabindex=\"0\" data-message-author-role=\"assistant\" data-message-id=\"9ff0599a-f969-4057-b323-06a009eaf4ae\" data-message-model-slug=\"gpt-5-3\" data-turn-start-message=\"true\">\n<div class=\"flex w-full flex-col gap-1 empty:hidden\">\n<div class=\"markdown prose dark:prose-invert w-full wrap-break-word light markdown-new-styling\">\n<p>Ta konfiguracja IMAGO TREE zosta\u0142a zaprojektowana <strong>do organizacji i ergonomicznej zabudowy stanowiska kasowego w sklepie, punkcie us\u0142ugowym czy recepcji<\/strong>. Pozwala zintegrowa\u0107 najwa\u017cniejsze urz\u0105dzenia wykorzystywane przy sprzeda\u017cy w jednym, uporz\u0105dkowanym systemie, dzi\u0119ki czemu stanowisko jest wygodniejsze dla pracownika i bardziej funkcjonalne.<\/p>\n<p>&nbsp;<\/p>\n<p>Uk\u0142ad z dwoma ramionami <strong>umo\u017cliwia jednoczesny monta\u017c monitora lub terminala POS, terminala p\u0142atniczego oraz drukarki fiskalnej lub paragonowej<\/strong>, zachowuj\u0105c porz\u0105dek na ladzie i oszcz\u0119dzaj\u0105c miejsce robocze. Rami\u0119 z wyci\u0119ciem i prowadzeniem kabli pomaga estetycznie ukry\u0107 okablowanie oraz poprawia organizacj\u0119 stanowiska, a dodatkowe rami\u0119 daje mo\u017cliwo\u015b\u0107 monta\u017cu kolejnych urz\u0105dze\u0144 lub akcesori\u00f3w.<\/p>\n<p>&nbsp;<\/p>\n<p><strong>Tego typu konfiguracja sprawdza si\u0119 m.in. jako<\/strong><strong>:<\/strong><\/p>\n<ul>\n<li>stanowisko kasowe w sklepach i marketach,<\/li>\n<li>punkt obs\u0142ugi klienta,<\/li>\n<li>stanowisko sprzeda\u017cowe w gastronomii,<\/li>\n<li>punkt p\u0142atno\u015bci lub obs\u0142ugi w us\u0142ugach.<\/li>\n<\/ul>\n<p>&nbsp;<\/p>\n<p>To rozwi\u0105zanie pomaga uporz\u0105dkowa\u0107 przestrze\u0144, poprawi\u0107 ergonomi\u0119 pracy kasjera, u\u0142atwi\u0107 obs\u0142ug\u0119 klienta i stworzy\u0107 estetyczne, profesjonalne stanowisko sprzeda\u017cy. Dzi\u0119ki modu\u0142owej budowie konfiguracj\u0119 mo\u017cna dalej rozbudowywa\u0107 i dopasowywa\u0107 do potrzeb konkretnego punktu handlowego.<\/p>\n<\/div>\n<\/div>\n<\/div>\n<\/div>\n<\/div>\n<\/div>\n<\/section>\n<div class=\"z-0 flex min-h-[46px] justify-start\"><\/div>\n<div><\/div>\n<h2>Co zawiera ten modu\u0142owy zestaw POS?<\/h2>\n<ul>\n<li>S\u0142upek bazowy 400 mm<\/li>\n<li>Ramie 350 mm z uchwytem na kable i wyci\u0119ciem, ramie 350 mm z uchwytem na kable bez wyci\u0119cia,<\/li>\n<li>Kr\u00f3tki uchwyt VESA 75\/100, uniwersalny uchwyt do PIN, uniwersalna podstawa pod drukark\u0119<\/li>\n<\/ul>\n<p>&nbsp;<\/p>\n<h3><strong>Dostosuj swoje drzewko <a href=\"https:\/\/imago-systems.com\/product-category\/imago-tree\/\">IMAGO TREE<\/a> wed\u0142ug potrzeb.<\/strong><\/h3>\n","protected":false},"excerpt":{"rendered":"<p>IMAGO TREE with two arms, a printer stand, a PIN holder and a short VESA 75\/100 mount is a complete and functional solution, ideal for an organized workstation.<\/p>","protected":false},"featured_media":15166,"comment_status":"closed","ping_status":"closed","template":"","meta":[],"product_brand":[329],"product_cat":[272],"product_tag":[],"class_list":{"0":"post-1928","1":"product","2":"type-product","3":"status-publish","4":"has-post-thumbnail","6":"product_brand-imago","7":"product_cat-gotowe-systemy-montazowe","9":"first","10":"instock","11":"shipping-taxable","12":"product-type-simple"},"acf":[],"yoast_head":"<!-- This site is optimized with the Yoast SEO plugin v27.6 - https:\/\/yoast.com\/product\/yoast-seo-wordpress\/ -->\n<title>IMAGO TREE - gotowy system monta\u017cowy POS do kas - IMAGO<\/title>\n<meta name=\"description\" content=\"IMAGO TREE z dwoma ramionami, podstaw\u0105 na drukark\u0119, uchwytem na PIN oraz kr\u00f3tkim uchwytem VESA 75\/100 to kompletne i funkcjonalne system monta\u017cowy.\" \/>\n<meta name=\"robots\" content=\"index, follow, max-snippet:-1, max-image-preview:large, max-video-preview:-1\" \/>\n<link rel=\"canonical\" href=\"https:\/\/imago-systems.com\/en\/product\/imago-tree-z-dwoma-ramionami-podstawa-na-drukarke-uchwytem-na-pin-i-krotkim-uchwytem-vesa-75-100\/\" \/>\n<meta property=\"og:locale\" content=\"en_US\" \/>\n<meta property=\"og:type\" content=\"article\" \/>\n<meta property=\"og:title\" content=\"IMAGO TREE - gotowy system monta\u017cowy POS do kas - IMAGO\" \/>\n<meta property=\"og:description\" content=\"IMAGO TREE z dwoma ramionami, podstaw\u0105 na drukark\u0119, uchwytem na PIN oraz kr\u00f3tkim uchwytem VESA 75\/100 to kompletne i funkcjonalne system monta\u017cowy.\" \/>\n<meta property=\"og:url\" content=\"https:\/\/imago-systems.com\/en\/product\/imago-tree-z-dwoma-ramionami-podstawa-na-drukarke-uchwytem-na-pin-i-krotkim-uchwytem-vesa-75-100\/\" \/>\n<meta property=\"og:site_name\" content=\"IMAGO\" \/>\n<meta property=\"article:modified_time\" content=\"2026-04-27T14:00:49+00:00\" \/>\n<meta property=\"og:image\" content=\"https:\/\/imago-systems.com\/wp-content\/uploads\/2024\/10\/IMAGO-TREE-z-dwoma-ramionami-z-uchwytami-na-kable_-podstawa-na-drukarke_-uchwytem-na-PIN-i-krotkim-u.webp\" \/>\n\t<meta property=\"og:image:width\" content=\"600\" \/>\n\t<meta property=\"og:image:height\" content=\"600\" \/>\n\t<meta property=\"og:image:type\" content=\"image\/webp\" \/>\n<meta name=\"twitter:card\" content=\"summary_large_image\" \/>\n<meta name=\"twitter:label1\" content=\"Est. reading time\" \/>\n\t<meta name=\"twitter:data1\" content=\"2 minutes\" \/>\n<script type=\"application\/ld+json\" class=\"yoast-schema-graph\">{\"@context\":\"https:\\\/\\\/schema.org\",\"@graph\":[{\"@type\":\"WebPage\",\"@id\":\"https:\\\/\\\/imago-systems.com\\\/product\\\/imago-tree-z-dwoma-ramionami-podstawa-na-drukarke-uchwytem-na-pin-i-krotkim-uchwytem-vesa-75-100\\\/\",\"url\":\"https:\\\/\\\/imago-systems.com\\\/product\\\/imago-tree-z-dwoma-ramionami-podstawa-na-drukarke-uchwytem-na-pin-i-krotkim-uchwytem-vesa-75-100\\\/\",\"name\":\"IMAGO TREE - gotowy system monta\u017cowy POS do kas - IMAGO\",\"isPartOf\":{\"@id\":\"https:\\\/\\\/imago-systems.com\\\/#website\"},\"primaryImageOfPage\":{\"@id\":\"https:\\\/\\\/imago-systems.com\\\/product\\\/imago-tree-z-dwoma-ramionami-podstawa-na-drukarke-uchwytem-na-pin-i-krotkim-uchwytem-vesa-75-100\\\/#primaryimage\"},\"image\":{\"@id\":\"https:\\\/\\\/imago-systems.com\\\/product\\\/imago-tree-z-dwoma-ramionami-podstawa-na-drukarke-uchwytem-na-pin-i-krotkim-uchwytem-vesa-75-100\\\/#primaryimage\"},\"thumbnailUrl\":\"https:\\\/\\\/imago-systems.com\\\/wp-content\\\/uploads\\\/2024\\\/10\\\/IMAGO-TREE-z-dwoma-ramionami-z-uchwytami-na-kable_-podstawa-na-drukarke_-uchwytem-na-PIN-i-krotkim-u.webp\",\"datePublished\":\"2024-10-01T11:12:36+00:00\",\"dateModified\":\"2026-04-27T14:00:49+00:00\",\"description\":\"IMAGO TREE z dwoma ramionami, podstaw\u0105 na drukark\u0119, uchwytem na PIN oraz kr\u00f3tkim uchwytem VESA 75\\\/100 to kompletne i funkcjonalne system monta\u017cowy.\",\"breadcrumb\":{\"@id\":\"https:\\\/\\\/imago-systems.com\\\/product\\\/imago-tree-z-dwoma-ramionami-podstawa-na-drukarke-uchwytem-na-pin-i-krotkim-uchwytem-vesa-75-100\\\/#breadcrumb\"},\"inLanguage\":\"en-US\",\"potentialAction\":[{\"@type\":\"ReadAction\",\"target\":[\"https:\\\/\\\/imago-systems.com\\\/product\\\/imago-tree-z-dwoma-ramionami-podstawa-na-drukarke-uchwytem-na-pin-i-krotkim-uchwytem-vesa-75-100\\\/\"]}]},{\"@type\":\"ImageObject\",\"inLanguage\":\"en-US\",\"@id\":\"https:\\\/\\\/imago-systems.com\\\/product\\\/imago-tree-z-dwoma-ramionami-podstawa-na-drukarke-uchwytem-na-pin-i-krotkim-uchwytem-vesa-75-100\\\/#primaryimage\",\"url\":\"https:\\\/\\\/imago-systems.com\\\/wp-content\\\/uploads\\\/2024\\\/10\\\/IMAGO-TREE-z-dwoma-ramionami-z-uchwytami-na-kable_-podstawa-na-drukarke_-uchwytem-na-PIN-i-krotkim-u.webp\",\"contentUrl\":\"https:\\\/\\\/imago-systems.com\\\/wp-content\\\/uploads\\\/2024\\\/10\\\/IMAGO-TREE-z-dwoma-ramionami-z-uchwytami-na-kable_-podstawa-na-drukarke_-uchwytem-na-PIN-i-krotkim-u.webp\",\"width\":600,\"height\":600,\"caption\":\"IMAGO TREE system monta\u017cowy na terminal i drukark\u0119 do sklepu\"},{\"@type\":\"BreadcrumbList\",\"@id\":\"https:\\\/\\\/imago-systems.com\\\/product\\\/imago-tree-z-dwoma-ramionami-podstawa-na-drukarke-uchwytem-na-pin-i-krotkim-uchwytem-vesa-75-100\\\/#breadcrumb\",\"itemListElement\":[{\"@type\":\"ListItem\",\"position\":1,\"name\":\"Home\",\"item\":\"https:\\\/\\\/imago-systems.com\\\/\"},{\"@type\":\"ListItem\",\"position\":2,\"name\":\"Shop\",\"item\":\"https:\\\/\\\/imago-systems.com\\\/shop\\\/\"},{\"@type\":\"ListItem\",\"position\":3,\"name\":\"IMAGO Tree\",\"item\":\"https:\\\/\\\/imago-systems.com\\\/product-category\\\/imago-tree\\\/\"},{\"@type\":\"ListItem\",\"position\":4,\"name\":\"Gotowe systemy monta\u017cowe\",\"item\":\"https:\\\/\\\/imago-systems.com\\\/product-category\\\/imago-tree\\\/gotowe-systemy-montazowe\\\/\"},{\"@type\":\"ListItem\",\"position\":5,\"name\":\"IMAGO TREE z ramionami, podstaw\u0105 na drukark\u0119, uchwytem na PIN i uchwytem VESA 75\\\/100\"}]},{\"@type\":\"WebSite\",\"@id\":\"https:\\\/\\\/imago-systems.com\\\/#website\",\"url\":\"https:\\\/\\\/imago-systems.com\\\/\",\"name\":\"IMAGO systems\",\"description\":\"Nowoczesne rozwi\u0105zania dla przemys\u0142u i handlu detalicznego.\",\"publisher\":{\"@id\":\"https:\\\/\\\/imago-systems.com\\\/#organization\"},\"alternateName\":\"IMAGO\",\"potentialAction\":[{\"@type\":\"SearchAction\",\"target\":{\"@type\":\"EntryPoint\",\"urlTemplate\":\"https:\\\/\\\/imago-systems.com\\\/?s={search_term_string}\"},\"query-input\":{\"@type\":\"PropertyValueSpecification\",\"valueRequired\":true,\"valueName\":\"search_term_string\"}}],\"inLanguage\":\"en-US\"},{\"@type\":\"Organization\",\"@id\":\"https:\\\/\\\/imago-systems.com\\\/#organization\",\"name\":\"IMAGO Poland sp. z o.o.\",\"alternateName\":\"IMAGO\",\"url\":\"https:\\\/\\\/imago-systems.com\\\/\",\"logo\":{\"@type\":\"ImageObject\",\"inLanguage\":\"en-US\",\"@id\":\"https:\\\/\\\/imago-systems.com\\\/#\\\/schema\\\/logo\\\/image\\\/\",\"url\":\"https:\\\/\\\/imago-systems.com\\\/wp-content\\\/uploads\\\/2024\\\/11\\\/cropped-cropped-cropped-IMAGO-LOGO-.jpg\",\"contentUrl\":\"https:\\\/\\\/imago-systems.com\\\/wp-content\\\/uploads\\\/2024\\\/11\\\/cropped-cropped-cropped-IMAGO-LOGO-.jpg\",\"width\":512,\"height\":512,\"caption\":\"IMAGO Poland sp. z o.o.\"},\"image\":{\"@id\":\"https:\\\/\\\/imago-systems.com\\\/#\\\/schema\\\/logo\\\/image\\\/\"},\"sameAs\":[\"https:\\\/\\\/www.linkedin.com\\\/company\\\/imago-poland\\\/\"]}]}<\/script>\n<!-- \/ Yoast SEO plugin. -->","yoast_head_json":{"title":"IMAGO TREE - gotowy system monta\u017cowy POS do kas - IMAGO","description":"IMAGO TREE with two arms, a printer stand, a PIN holder and a short VESA 75\/100 mount is a complete and functional mounting system.","robots":{"index":"index","follow":"follow","max-snippet":"max-snippet:-1","max-image-preview":"max-image-preview:large","max-video-preview":"max-video-preview:-1"},"canonical":"https:\/\/imago-systems.com\/en\/product\/imago-tree-z-dwoma-ramionami-podstawa-na-drukarke-uchwytem-na-pin-i-krotkim-uchwytem-vesa-75-100\/","og_locale":"en_US","og_type":"article","og_title":"IMAGO TREE - gotowy system monta\u017cowy POS do kas - IMAGO","og_description":"IMAGO TREE z dwoma ramionami, podstaw\u0105 na drukark\u0119, uchwytem na PIN oraz kr\u00f3tkim uchwytem VESA 75\/100 to kompletne i funkcjonalne system monta\u017cowy.","og_url":"https:\/\/imago-systems.com\/en\/product\/imago-tree-z-dwoma-ramionami-podstawa-na-drukarke-uchwytem-na-pin-i-krotkim-uchwytem-vesa-75-100\/","og_site_name":"IMAGO","article_modified_time":"2026-04-27T14:00:49+00:00","og_image":[{"width":600,"height":600,"url":"https:\/\/imago-systems.com\/wp-content\/uploads\/2024\/10\/IMAGO-TREE-z-dwoma-ramionami-z-uchwytami-na-kable_-podstawa-na-drukarke_-uchwytem-na-PIN-i-krotkim-u.webp","type":"image\/webp"}],"twitter_card":"summary_large_image","twitter_misc":{"Est. reading time":"2 minutes"},"schema":{"@context":"https:\/\/schema.org","@graph":[{"@type":"WebPage","@id":"https:\/\/imago-systems.com\/product\/imago-tree-z-dwoma-ramionami-podstawa-na-drukarke-uchwytem-na-pin-i-krotkim-uchwytem-vesa-75-100\/","url":"https:\/\/imago-systems.com\/product\/imago-tree-z-dwoma-ramionami-podstawa-na-drukarke-uchwytem-na-pin-i-krotkim-uchwytem-vesa-75-100\/","name":"IMAGO TREE - gotowy system monta\u017cowy POS do kas - IMAGO","isPartOf":{"@id":"https:\/\/imago-systems.com\/#website"},"primaryImageOfPage":{"@id":"https:\/\/imago-systems.com\/product\/imago-tree-z-dwoma-ramionami-podstawa-na-drukarke-uchwytem-na-pin-i-krotkim-uchwytem-vesa-75-100\/#primaryimage"},"image":{"@id":"https:\/\/imago-systems.com\/product\/imago-tree-z-dwoma-ramionami-podstawa-na-drukarke-uchwytem-na-pin-i-krotkim-uchwytem-vesa-75-100\/#primaryimage"},"thumbnailUrl":"https:\/\/imago-systems.com\/wp-content\/uploads\/2024\/10\/IMAGO-TREE-z-dwoma-ramionami-z-uchwytami-na-kable_-podstawa-na-drukarke_-uchwytem-na-PIN-i-krotkim-u.webp","datePublished":"2024-10-01T11:12:36+00:00","dateModified":"2026-04-27T14:00:49+00:00","description":"IMAGO TREE with two arms, a printer stand, a PIN holder and a short VESA 75\/100 mount is a complete and functional mounting system.","breadcrumb":{"@id":"https:\/\/imago-systems.com\/product\/imago-tree-z-dwoma-ramionami-podstawa-na-drukarke-uchwytem-na-pin-i-krotkim-uchwytem-vesa-75-100\/#breadcrumb"},"inLanguage":"en-US","potentialAction":[{"@type":"ReadAction","target":["https:\/\/imago-systems.com\/product\/imago-tree-z-dwoma-ramionami-podstawa-na-drukarke-uchwytem-na-pin-i-krotkim-uchwytem-vesa-75-100\/"]}]},{"@type":"ImageObject","inLanguage":"en-US","@id":"https:\/\/imago-systems.com\/product\/imago-tree-z-dwoma-ramionami-podstawa-na-drukarke-uchwytem-na-pin-i-krotkim-uchwytem-vesa-75-100\/#primaryimage","url":"https:\/\/imago-systems.com\/wp-content\/uploads\/2024\/10\/IMAGO-TREE-z-dwoma-ramionami-z-uchwytami-na-kable_-podstawa-na-drukarke_-uchwytem-na-PIN-i-krotkim-u.webp","contentUrl":"https:\/\/imago-systems.com\/wp-content\/uploads\/2024\/10\/IMAGO-TREE-z-dwoma-ramionami-z-uchwytami-na-kable_-podstawa-na-drukarke_-uchwytem-na-PIN-i-krotkim-u.webp","width":600,"height":600,"caption":"IMAGO TREE system monta\u017cowy na terminal i drukark\u0119 do sklepu"},{"@type":"BreadcrumbList","@id":"https:\/\/imago-systems.com\/product\/imago-tree-z-dwoma-ramionami-podstawa-na-drukarke-uchwytem-na-pin-i-krotkim-uchwytem-vesa-75-100\/#breadcrumb","itemListElement":[{"@type":"ListItem","position":1,"name":"Home","item":"https:\/\/imago-systems.com\/"},{"@type":"ListItem","position":2,"name":"Shop","item":"https:\/\/imago-systems.com\/shop\/"},{"@type":"ListItem","position":3,"name":"IMAGO Tree","item":"https:\/\/imago-systems.com\/product-category\/imago-tree\/"},{"@type":"ListItem","position":4,"name":"Gotowe systemy monta\u017cowe","item":"https:\/\/imago-systems.com\/product-category\/imago-tree\/gotowe-systemy-montazowe\/"},{"@type":"ListItem","position":5,"name":"IMAGO TREE z ramionami, podstaw\u0105 na drukark\u0119, uchwytem na PIN i uchwytem VESA 75\/100"}]},{"@type":"WebSite","@id":"https:\/\/imago-systems.com\/#website","url":"https:\/\/imago-systems.com\/","name":"IMAGO systems","description":"Modern solutions for industry and retail.","publisher":{"@id":"https:\/\/imago-systems.com\/#organization"},"alternateName":"IMAGO","potentialAction":[{"@type":"SearchAction","target":{"@type":"EntryPoint","urlTemplate":"https:\/\/imago-systems.com\/?s={search_term_string}"},"query-input":{"@type":"PropertyValueSpecification","valueRequired":true,"valueName":"search_term_string"}}],"inLanguage":"en-US"},{"@type":"Organization","@id":"https:\/\/imago-systems.com\/#organization","name":"IMAGO Poland sp. z o. o.","alternateName":"IMAGO","url":"https:\/\/imago-systems.com\/","logo":{"@type":"ImageObject","inLanguage":"en-US","@id":"https:\/\/imago-systems.com\/#\/schema\/logo\/image\/","url":"https:\/\/imago-systems.com\/wp-content\/uploads\/2024\/11\/cropped-cropped-cropped-IMAGO-LOGO-.jpg","contentUrl":"https:\/\/imago-systems.com\/wp-content\/uploads\/2024\/11\/cropped-cropped-cropped-IMAGO-LOGO-.jpg","width":512,"height":512,"caption":"IMAGO Poland sp. z o.o."},"image":{"@id":"https:\/\/imago-systems.com\/#\/schema\/logo\/image\/"},"sameAs":["https:\/\/www.linkedin.com\/company\/imago-poland\/"]}]}},"_links":{"self":[{"href":"https:\/\/imago-systems.com\/en\/wp-json\/wp\/v2\/product\/1928","targetHints":{"allow":["GET"]}}],"collection":[{"href":"https:\/\/imago-systems.com\/en\/wp-json\/wp\/v2\/product"}],"about":[{"href":"https:\/\/imago-systems.com\/en\/wp-json\/wp\/v2\/types\/product"}],"replies":[{"embeddable":true,"href":"https:\/\/imago-systems.com\/en\/wp-json\/wp\/v2\/comments?post=1928"}],"wp:featuredmedia":[{"embeddable":true,"href":"https:\/\/imago-systems.com\/en\/wp-json\/wp\/v2\/media\/15166"}],"wp:attachment":[{"href":"https:\/\/imago-systems.com\/en\/wp-json\/wp\/v2\/media?parent=1928"}],"wp:term":[{"taxonomy":"product_brand","embeddable":true,"href":"https:\/\/imago-systems.com\/en\/wp-json\/wp\/v2\/product_brand?post=1928"},{"taxonomy":"product_cat","embeddable":true,"href":"https:\/\/imago-systems.com\/en\/wp-json\/wp\/v2\/product_cat?post=1928"},{"taxonomy":"product_tag","embeddable":true,"href":"https:\/\/imago-systems.com\/en\/wp-json\/wp\/v2\/product_tag?post=1928"}],"curies":[{"name":"wp","href":"https:\/\/api.w.org\/{rel}","templated":true}]}}