{"id":1920,"date":"2024-10-01T13:41:09","date_gmt":"2024-10-01T10:41:09","guid":{"rendered":"http:\/\/imago-systems.com\/?post_type=product&#038;p=1920"},"modified":"2026-04-28T12:41:53","modified_gmt":"2026-04-28T11:41:53","slug":"imago-tree-z-uchwytem-vesa-75-100","status":"publish","type":"product","link":"https:\/\/imago-systems.com\/en\/product\/imago-tree-z-uchwytem-vesa-75-100\/","title":{"rendered":"IMAGO TREE with VESA 75\/100 mount"},"content":{"rendered":"<p><strong>MAGO TREE with 400 mm base pole and VESA 75\/100 mount<\/strong> This is a simple, functional setup for mounting a monitor or other VESA-compatible device. It works well wherever a stable, organized, and ergonomic workstation is needed.<\/p>\n<p>&nbsp;<\/p>\n<p>The 400mm base post provides a solid base for a VESA 75\/100 mount, allowing for convenient mounting of a monitor, touchpad, or other device used at a POS, point-of-service, or industrial environment. This configuration helps you better utilize your workspace, elevate your device from the counter, and declutter your workstation.<\/p>\n<p>&nbsp;<\/p>\n<p>Made of powder-coated steel, it ensures durability and stability, and the modular design of the IMAGO TREE system allows for the set to be expanded with additional elements in the future, if necessary.<\/p>\n<p>&nbsp;<\/p>\n<h2>What is this configuration for?<\/h2>\n<p>This solution allows for mounting a single monitor or panel wherever simplicity, ergonomics, and space-saving features are key. It works well at retail counters, checkout counters, information points, reception desks, and operator stations.<\/p>\n<p>&nbsp;<\/p>\n<h2>Why choose this set?<\/h2>\n<ul>\n<li>enables stable mounting of VESA 75\/100 devices<\/li>\n<li>helps organize and better use the workspace<\/li>\n<li>improves work ergonomics and comfort of use<\/li>\n<li>lifts the device off the counter, freeing up work space<\/li>\n<li>solid steel construction guarantees durability<\/li>\n<li>the modular system allows for further expansion<\/li>\n<\/ul>\n<p>&nbsp;<\/p>\n<p>This is a minimalistic but very practical IMAGO TREE configuration for stations that need a simple and reliable mounting system.<\/p>\n<p>&nbsp;<\/p>\n<h3><strong>Configure <a href=\"https:\/\/imago-systems.com\/en\/product-category\/imago-tree\/\">POS mounting systems<\/a> from IMAGO according to your needs.<\/strong><\/h3>","protected":false},"excerpt":{"rendered":"<p>IMAGO TREE on a 400 mm pole with a VESA 75\/100 mount is a universal solution for various workstations.<\/p>","protected":false},"featured_media":1921,"comment_status":"open","ping_status":"closed","template":"","meta":[],"product_brand":[],"product_cat":[272],"product_tag":[231],"class_list":{"0":"post-1920","1":"product","2":"type-product","3":"status-publish","4":"has-post-thumbnail","6":"product_cat-gotowe-systemy-montazowe","7":"product_tag-231","9":"first","10":"instock","11":"shipping-taxable","12":"product-type-simple"},"acf":[],"yoast_head":"<!-- This site is optimized with the Yoast SEO plugin v27.6 - https:\/\/yoast.com\/product\/yoast-seo-wordpress\/ -->\n<title>IMAGO TREE z uchwytem VESA 75\/100 - IMAGO<\/title>\n<meta name=\"description\" content=\"IMAGO TREE z uchwytem VESA 75\/100 to gotowe rozwi\u0105zanie stworzone z my\u015bl\u0105 o wygodnym monta\u017cu urz\u0105dze\u0144 w standardzie VESA 75\/100 na s\u0142upku bazowym.\" \/>\n<meta name=\"robots\" content=\"index, follow, max-snippet:-1, max-image-preview:large, max-video-preview:-1\" \/>\n<link rel=\"canonical\" href=\"https:\/\/imago-systems.com\/en\/product\/imago-tree-z-uchwytem-vesa-75-100\/\" \/>\n<meta property=\"og:locale\" content=\"en_US\" \/>\n<meta property=\"og:type\" content=\"article\" \/>\n<meta property=\"og:title\" content=\"IMAGO TREE z uchwytem VESA 75\/100 - IMAGO\" \/>\n<meta property=\"og:description\" content=\"IMAGO TREE z uchwytem VESA 75\/100 to gotowe rozwi\u0105zanie stworzone z my\u015bl\u0105 o wygodnym monta\u017cu urz\u0105dze\u0144 w standardzie VESA 75\/100 na s\u0142upku bazowym.\" \/>\n<meta property=\"og:url\" content=\"https:\/\/imago-systems.com\/en\/product\/imago-tree-z-uchwytem-vesa-75-100\/\" \/>\n<meta property=\"og:site_name\" content=\"IMAGO\" \/>\n<meta property=\"article:modified_time\" content=\"2026-04-28T11:41:53+00:00\" \/>\n<meta property=\"og:image\" content=\"https:\/\/imago-systems.com\/wp-content\/uploads\/2024\/10\/IMAGO-TREE-z-uchwytem-VESA-75100.jpg\" \/>\n\t<meta property=\"og:image:width\" content=\"600\" \/>\n\t<meta property=\"og:image:height\" content=\"600\" \/>\n\t<meta property=\"og:image:type\" content=\"image\/jpeg\" \/>\n<meta name=\"twitter:card\" content=\"summary_large_image\" \/>\n<meta name=\"twitter:label1\" content=\"Est. reading time\" \/>\n\t<meta name=\"twitter:data1\" content=\"2 minutes\" \/>\n<script type=\"application\/ld+json\" class=\"yoast-schema-graph\">{\"@context\":\"https:\\\/\\\/schema.org\",\"@graph\":[{\"@type\":\"WebPage\",\"@id\":\"https:\\\/\\\/imago-systems.com\\\/product\\\/imago-tree-z-uchwytem-vesa-75-100\\\/\",\"url\":\"https:\\\/\\\/imago-systems.com\\\/product\\\/imago-tree-z-uchwytem-vesa-75-100\\\/\",\"name\":\"IMAGO TREE z uchwytem VESA 75\\\/100 - IMAGO\",\"isPartOf\":{\"@id\":\"https:\\\/\\\/imago-systems.com\\\/#website\"},\"primaryImageOfPage\":{\"@id\":\"https:\\\/\\\/imago-systems.com\\\/product\\\/imago-tree-z-uchwytem-vesa-75-100\\\/#primaryimage\"},\"image\":{\"@id\":\"https:\\\/\\\/imago-systems.com\\\/product\\\/imago-tree-z-uchwytem-vesa-75-100\\\/#primaryimage\"},\"thumbnailUrl\":\"https:\\\/\\\/imago-systems.com\\\/wp-content\\\/uploads\\\/2024\\\/10\\\/IMAGO-TREE-z-uchwytem-VESA-75100.jpg\",\"datePublished\":\"2024-10-01T10:41:09+00:00\",\"dateModified\":\"2026-04-28T11:41:53+00:00\",\"description\":\"IMAGO TREE z uchwytem VESA 75\\\/100 to gotowe rozwi\u0105zanie stworzone z my\u015bl\u0105 o wygodnym monta\u017cu urz\u0105dze\u0144 w standardzie VESA 75\\\/100 na s\u0142upku bazowym.\",\"breadcrumb\":{\"@id\":\"https:\\\/\\\/imago-systems.com\\\/product\\\/imago-tree-z-uchwytem-vesa-75-100\\\/#breadcrumb\"},\"inLanguage\":\"en-US\",\"potentialAction\":[{\"@type\":\"ReadAction\",\"target\":[\"https:\\\/\\\/imago-systems.com\\\/product\\\/imago-tree-z-uchwytem-vesa-75-100\\\/\"]}]},{\"@type\":\"ImageObject\",\"inLanguage\":\"en-US\",\"@id\":\"https:\\\/\\\/imago-systems.com\\\/product\\\/imago-tree-z-uchwytem-vesa-75-100\\\/#primaryimage\",\"url\":\"https:\\\/\\\/imago-systems.com\\\/wp-content\\\/uploads\\\/2024\\\/10\\\/IMAGO-TREE-z-uchwytem-VESA-75100.jpg\",\"contentUrl\":\"https:\\\/\\\/imago-systems.com\\\/wp-content\\\/uploads\\\/2024\\\/10\\\/IMAGO-TREE-z-uchwytem-VESA-75100.jpg\",\"width\":600,\"height\":600,\"caption\":\"IMAGO TREE z uchwytem VESA 75100\"},{\"@type\":\"BreadcrumbList\",\"@id\":\"https:\\\/\\\/imago-systems.com\\\/product\\\/imago-tree-z-uchwytem-vesa-75-100\\\/#breadcrumb\",\"itemListElement\":[{\"@type\":\"ListItem\",\"position\":1,\"name\":\"Home\",\"item\":\"https:\\\/\\\/imago-systems.com\\\/\"},{\"@type\":\"ListItem\",\"position\":2,\"name\":\"Shop\",\"item\":\"https:\\\/\\\/imago-systems.com\\\/shop\\\/\"},{\"@type\":\"ListItem\",\"position\":3,\"name\":\"IMAGO Tree\",\"item\":\"https:\\\/\\\/imago-systems.com\\\/product-category\\\/imago-tree\\\/\"},{\"@type\":\"ListItem\",\"position\":4,\"name\":\"Gotowe systemy monta\u017cowe\",\"item\":\"https:\\\/\\\/imago-systems.com\\\/product-category\\\/imago-tree\\\/gotowe-systemy-montazowe\\\/\"},{\"@type\":\"ListItem\",\"position\":5,\"name\":\"IMAGO TREE z uchwytem VESA 75\\\/100\"}]},{\"@type\":\"WebSite\",\"@id\":\"https:\\\/\\\/imago-systems.com\\\/#website\",\"url\":\"https:\\\/\\\/imago-systems.com\\\/\",\"name\":\"IMAGO systems\",\"description\":\"Nowoczesne rozwi\u0105zania dla przemys\u0142u i handlu detalicznego.\",\"publisher\":{\"@id\":\"https:\\\/\\\/imago-systems.com\\\/#organization\"},\"alternateName\":\"IMAGO\",\"potentialAction\":[{\"@type\":\"SearchAction\",\"target\":{\"@type\":\"EntryPoint\",\"urlTemplate\":\"https:\\\/\\\/imago-systems.com\\\/?s={search_term_string}\"},\"query-input\":{\"@type\":\"PropertyValueSpecification\",\"valueRequired\":true,\"valueName\":\"search_term_string\"}}],\"inLanguage\":\"en-US\"},{\"@type\":\"Organization\",\"@id\":\"https:\\\/\\\/imago-systems.com\\\/#organization\",\"name\":\"IMAGO Poland sp. z o.o.\",\"alternateName\":\"IMAGO\",\"url\":\"https:\\\/\\\/imago-systems.com\\\/\",\"logo\":{\"@type\":\"ImageObject\",\"inLanguage\":\"en-US\",\"@id\":\"https:\\\/\\\/imago-systems.com\\\/#\\\/schema\\\/logo\\\/image\\\/\",\"url\":\"https:\\\/\\\/imago-systems.com\\\/wp-content\\\/uploads\\\/2024\\\/11\\\/cropped-cropped-cropped-IMAGO-LOGO-.jpg\",\"contentUrl\":\"https:\\\/\\\/imago-systems.com\\\/wp-content\\\/uploads\\\/2024\\\/11\\\/cropped-cropped-cropped-IMAGO-LOGO-.jpg\",\"width\":512,\"height\":512,\"caption\":\"IMAGO Poland sp. z o.o.\"},\"image\":{\"@id\":\"https:\\\/\\\/imago-systems.com\\\/#\\\/schema\\\/logo\\\/image\\\/\"},\"sameAs\":[\"https:\\\/\\\/www.linkedin.com\\\/company\\\/imago-poland\\\/\"]}]}<\/script>\n<!-- \/ Yoast SEO plugin. -->","yoast_head_json":{"title":"IMAGO TREE with VESA 75\/100 mount - IMAGO","description":"IMAGO TREE with a VESA 75\/100 mount is a ready-made solution designed for convenient mounting of devices in the VESA 75\/100 standard on a base pole.","robots":{"index":"index","follow":"follow","max-snippet":"max-snippet:-1","max-image-preview":"max-image-preview:large","max-video-preview":"max-video-preview:-1"},"canonical":"https:\/\/imago-systems.com\/en\/product\/imago-tree-z-uchwytem-vesa-75-100\/","og_locale":"en_US","og_type":"article","og_title":"IMAGO TREE z uchwytem VESA 75\/100 - IMAGO","og_description":"IMAGO TREE z uchwytem VESA 75\/100 to gotowe rozwi\u0105zanie stworzone z my\u015bl\u0105 o wygodnym monta\u017cu urz\u0105dze\u0144 w standardzie VESA 75\/100 na s\u0142upku bazowym.","og_url":"https:\/\/imago-systems.com\/en\/product\/imago-tree-z-uchwytem-vesa-75-100\/","og_site_name":"IMAGO","article_modified_time":"2026-04-28T11:41:53+00:00","og_image":[{"width":600,"height":600,"url":"https:\/\/imago-systems.com\/wp-content\/uploads\/2024\/10\/IMAGO-TREE-z-uchwytem-VESA-75100.jpg","type":"image\/jpeg"}],"twitter_card":"summary_large_image","twitter_misc":{"Est. reading time":"2 minutes"},"schema":{"@context":"https:\/\/schema.org","@graph":[{"@type":"WebPage","@id":"https:\/\/imago-systems.com\/product\/imago-tree-z-uchwytem-vesa-75-100\/","url":"https:\/\/imago-systems.com\/product\/imago-tree-z-uchwytem-vesa-75-100\/","name":"IMAGO TREE with VESA 75\/100 mount - IMAGO","isPartOf":{"@id":"https:\/\/imago-systems.com\/#website"},"primaryImageOfPage":{"@id":"https:\/\/imago-systems.com\/product\/imago-tree-z-uchwytem-vesa-75-100\/#primaryimage"},"image":{"@id":"https:\/\/imago-systems.com\/product\/imago-tree-z-uchwytem-vesa-75-100\/#primaryimage"},"thumbnailUrl":"https:\/\/imago-systems.com\/wp-content\/uploads\/2024\/10\/IMAGO-TREE-z-uchwytem-VESA-75100.jpg","datePublished":"2024-10-01T10:41:09+00:00","dateModified":"2026-04-28T11:41:53+00:00","description":"IMAGO TREE with a VESA 75\/100 mount is a ready-made solution designed for convenient mounting of devices in the VESA 75\/100 standard on a base pole.","breadcrumb":{"@id":"https:\/\/imago-systems.com\/product\/imago-tree-z-uchwytem-vesa-75-100\/#breadcrumb"},"inLanguage":"en-US","potentialAction":[{"@type":"ReadAction","target":["https:\/\/imago-systems.com\/product\/imago-tree-z-uchwytem-vesa-75-100\/"]}]},{"@type":"ImageObject","inLanguage":"en-US","@id":"https:\/\/imago-systems.com\/product\/imago-tree-z-uchwytem-vesa-75-100\/#primaryimage","url":"https:\/\/imago-systems.com\/wp-content\/uploads\/2024\/10\/IMAGO-TREE-z-uchwytem-VESA-75100.jpg","contentUrl":"https:\/\/imago-systems.com\/wp-content\/uploads\/2024\/10\/IMAGO-TREE-z-uchwytem-VESA-75100.jpg","width":600,"height":600,"caption":"IMAGO TREE z uchwytem VESA 75100"},{"@type":"BreadcrumbList","@id":"https:\/\/imago-systems.com\/product\/imago-tree-z-uchwytem-vesa-75-100\/#breadcrumb","itemListElement":[{"@type":"ListItem","position":1,"name":"Home","item":"https:\/\/imago-systems.com\/"},{"@type":"ListItem","position":2,"name":"Shop","item":"https:\/\/imago-systems.com\/shop\/"},{"@type":"ListItem","position":3,"name":"IMAGO Tree","item":"https:\/\/imago-systems.com\/product-category\/imago-tree\/"},{"@type":"ListItem","position":4,"name":"Gotowe systemy monta\u017cowe","item":"https:\/\/imago-systems.com\/product-category\/imago-tree\/gotowe-systemy-montazowe\/"},{"@type":"ListItem","position":5,"name":"IMAGO TREE z uchwytem VESA 75\/100"}]},{"@type":"WebSite","@id":"https:\/\/imago-systems.com\/#website","url":"https:\/\/imago-systems.com\/","name":"IMAGO systems","description":"Modern solutions for industry and retail.","publisher":{"@id":"https:\/\/imago-systems.com\/#organization"},"alternateName":"IMAGO","potentialAction":[{"@type":"SearchAction","target":{"@type":"EntryPoint","urlTemplate":"https:\/\/imago-systems.com\/?s={search_term_string}"},"query-input":{"@type":"PropertyValueSpecification","valueRequired":true,"valueName":"search_term_string"}}],"inLanguage":"en-US"},{"@type":"Organization","@id":"https:\/\/imago-systems.com\/#organization","name":"IMAGO Poland sp. z o. o.","alternateName":"IMAGO","url":"https:\/\/imago-systems.com\/","logo":{"@type":"ImageObject","inLanguage":"en-US","@id":"https:\/\/imago-systems.com\/#\/schema\/logo\/image\/","url":"https:\/\/imago-systems.com\/wp-content\/uploads\/2024\/11\/cropped-cropped-cropped-IMAGO-LOGO-.jpg","contentUrl":"https:\/\/imago-systems.com\/wp-content\/uploads\/2024\/11\/cropped-cropped-cropped-IMAGO-LOGO-.jpg","width":512,"height":512,"caption":"IMAGO Poland sp. z o.o."},"image":{"@id":"https:\/\/imago-systems.com\/#\/schema\/logo\/image\/"},"sameAs":["https:\/\/www.linkedin.com\/company\/imago-poland\/"]}]}},"_links":{"self":[{"href":"https:\/\/imago-systems.com\/en\/wp-json\/wp\/v2\/product\/1920","targetHints":{"allow":["GET"]}}],"collection":[{"href":"https:\/\/imago-systems.com\/en\/wp-json\/wp\/v2\/product"}],"about":[{"href":"https:\/\/imago-systems.com\/en\/wp-json\/wp\/v2\/types\/product"}],"replies":[{"embeddable":true,"href":"https:\/\/imago-systems.com\/en\/wp-json\/wp\/v2\/comments?post=1920"}],"wp:featuredmedia":[{"embeddable":true,"href":"https:\/\/imago-systems.com\/en\/wp-json\/wp\/v2\/media\/1921"}],"wp:attachment":[{"href":"https:\/\/imago-systems.com\/en\/wp-json\/wp\/v2\/media?parent=1920"}],"wp:term":[{"taxonomy":"product_brand","embeddable":true,"href":"https:\/\/imago-systems.com\/en\/wp-json\/wp\/v2\/product_brand?post=1920"},{"taxonomy":"product_cat","embeddable":true,"href":"https:\/\/imago-systems.com\/en\/wp-json\/wp\/v2\/product_cat?post=1920"},{"taxonomy":"product_tag","embeddable":true,"href":"https:\/\/imago-systems.com\/en\/wp-json\/wp\/v2\/product_tag?post=1920"}],"curies":[{"name":"wp","href":"https:\/\/api.w.org\/{rel}","templated":true}]}}