{"id":1906,"date":"2024-10-01T11:38:24","date_gmt":"2024-10-01T08:38:24","guid":{"rendered":"http:\/\/imago-systems.com\/?post_type=product&#038;p=1906"},"modified":"2026-04-28T13:42:50","modified_gmt":"2026-04-28T12:42:50","slug":"imago-reinforced-vesa-75-100-mount-for-sr-45-mm","status":"publish","type":"product","link":"https:\/\/imago-systems.com\/en\/product\/imago-reinforced-vesa-75-100-mount-for-sr-45-mm\/","title":{"rendered":"IMAGO Reinforced VESA 75\/100 mount for 45mm diameter"},"content":{"rendered":"<p><strong>IMAGO Reinforced VESA 75\/100 mount for 45mm diameter<\/strong> is a solution designed for mounting monitors and panels in the IMAGO TREE system, wherever solid support for the device and greater structural strength are needed.<\/p>\n<p>&nbsp;<\/p>\n<p>The model supports standards <a href=\"https:\/\/imago-systems.com\/en\/product-category\/imago-tree\/uchwyty-vesa\/\">VESA 75\u00d775<\/a> and 100x100, providing greater flexibility in selecting compatible screens. The reinforced design is particularly useful when the device requires more stable support or the workstation is subject to intense daily use.<\/p>\n<p>&nbsp;<\/p>\n<p>Mounting on a 45 mm diameter pole allows you to incorporate the holder into the IMAGO TREE system configuration and build stations tailored to specific processes, from points of sale to operator and industrial stations.<\/p>\n<p>&nbsp;<\/p>\n<p>This holder variant helps not only to mount the screen, but also to improve the ergonomics of the workstation, organize the workspace and better adapt the device layout to the user&#039;s needs.<\/p>\n<p>&nbsp;<\/p>\n<h2>The most important features of the solution:<\/h2>\n<ul>\n<li>support for VESA 75\u00d775 and 100\u00d7100 standards<\/li>\n<li>reinforced construction for more demanding applications<\/li>\n<li>stable installation of screens and panels<\/li>\n<li>compatibility with the IMAGO TREE modular system<\/li>\n<li>possibility of building ergonomic workstations<\/li>\n<li>durable construction for everyday use<\/li>\n<\/ul>\n<p>&nbsp;<\/p>\n<p><strong>Other variants are also available <a href=\"https:\/\/imago-systems.com\/en\/product-category\/imago-tree\/uchwyty-vesa\/\">VESA mounts,<\/a> which allows you to choose a solution appropriate to the screen size, mounting method and station requirements.<\/strong><\/p>","protected":false},"excerpt":{"rendered":"<p>IMAGO Reinforced <a href=\"https:\/\/imago-systems.com\/en\/product-category\/imago-tree\/uchwyty-vesa\/\">VESA 75\/100 mount<\/a> for 45 mm diameter is a mounting bracket designed to securely and stably attach devices to the top of a base pole. Compliant with the VESA 75x75 and 100x100 standards, this bracket is a versatile solution, ideal for a variety of applications, ensuring convenient and durable device mounting.<\/p>","protected":false},"featured_media":1907,"comment_status":"open","ping_status":"closed","template":"","meta":[],"product_brand":[],"product_cat":[147],"product_tag":[224],"class_list":{"0":"post-1906","1":"product","2":"type-product","3":"status-publish","4":"has-post-thumbnail","6":"product_cat-uchwyty-vesa","7":"product_tag-224","9":"first","10":"instock","11":"shipping-taxable","12":"product-type-simple"},"acf":[],"yoast_head":"<!-- This site is optimized with the Yoast SEO plugin v27.6 - https:\/\/yoast.com\/product\/yoast-seo-wordpress\/ -->\n<title>IMAGO Wzmocniony uchwyt VESA 75\/100 dla \u015br. 45 mm<\/title>\n<meta name=\"description\" content=\"Uchwyt VESA 75\/100 do monta\u017cu monitor\u00f3w i paneli. Mo\u017cliwo\u015b\u0107 rozbudowania o inne elementy systemu monta\u017cowego POS. Wybierz sam albo zostaw to nam.\" \/>\n<meta name=\"robots\" content=\"index, follow, max-snippet:-1, max-image-preview:large, max-video-preview:-1\" \/>\n<link rel=\"canonical\" href=\"https:\/\/imago-systems.com\/en\/product\/imago-reinforced-vesa-75-100-mount-for-sr-45-mm\/\" \/>\n<meta property=\"og:locale\" content=\"en_US\" \/>\n<meta property=\"og:type\" content=\"article\" \/>\n<meta property=\"og:title\" content=\"IMAGO Wzmocniony uchwyt VESA 75\/100 dla \u015br. 45 mm\" \/>\n<meta property=\"og:description\" content=\"Uchwyt VESA 75\/100 do monta\u017cu monitor\u00f3w i paneli. Mo\u017cliwo\u015b\u0107 rozbudowania o inne elementy systemu monta\u017cowego POS. Wybierz sam albo zostaw to nam.\" \/>\n<meta property=\"og:url\" content=\"https:\/\/imago-systems.com\/en\/product\/imago-reinforced-vesa-75-100-mount-for-sr-45-mm\/\" \/>\n<meta property=\"og:site_name\" content=\"IMAGO\" \/>\n<meta property=\"article:modified_time\" content=\"2026-04-28T12:42:50+00:00\" \/>\n<meta property=\"og:image\" content=\"https:\/\/imago-systems.com\/wp-content\/uploads\/2024\/10\/IMAGO-Wzmocniony-uchwyt-VESA-75100-dla-sr.-45-mm.jpg\" \/>\n\t<meta property=\"og:image:width\" content=\"600\" \/>\n\t<meta property=\"og:image:height\" content=\"600\" \/>\n\t<meta property=\"og:image:type\" content=\"image\/jpeg\" \/>\n<meta name=\"twitter:card\" content=\"summary_large_image\" \/>\n<meta name=\"twitter:label1\" content=\"Est. reading time\" \/>\n\t<meta name=\"twitter:data1\" content=\"2 minutes\" \/>\n<script type=\"application\/ld+json\" class=\"yoast-schema-graph\">{\"@context\":\"https:\\\/\\\/schema.org\",\"@graph\":[{\"@type\":\"WebPage\",\"@id\":\"https:\\\/\\\/imago-systems.com\\\/product\\\/imago-wzmocniony-uchwyt-vesa-75-100-dla-sr-45-mm\\\/\",\"url\":\"https:\\\/\\\/imago-systems.com\\\/product\\\/imago-wzmocniony-uchwyt-vesa-75-100-dla-sr-45-mm\\\/\",\"name\":\"IMAGO Wzmocniony uchwyt VESA 75\\\/100 dla \u015br. 45 mm\",\"isPartOf\":{\"@id\":\"https:\\\/\\\/imago-systems.com\\\/#website\"},\"primaryImageOfPage\":{\"@id\":\"https:\\\/\\\/imago-systems.com\\\/product\\\/imago-wzmocniony-uchwyt-vesa-75-100-dla-sr-45-mm\\\/#primaryimage\"},\"image\":{\"@id\":\"https:\\\/\\\/imago-systems.com\\\/product\\\/imago-wzmocniony-uchwyt-vesa-75-100-dla-sr-45-mm\\\/#primaryimage\"},\"thumbnailUrl\":\"https:\\\/\\\/imago-systems.com\\\/wp-content\\\/uploads\\\/2024\\\/10\\\/IMAGO-Wzmocniony-uchwyt-VESA-75100-dla-sr.-45-mm.jpg\",\"datePublished\":\"2024-10-01T08:38:24+00:00\",\"dateModified\":\"2026-04-28T12:42:50+00:00\",\"description\":\"Uchwyt VESA 75\\\/100 do monta\u017cu monitor\u00f3w i paneli. Mo\u017cliwo\u015b\u0107 rozbudowania o inne elementy systemu monta\u017cowego POS. Wybierz sam albo zostaw to nam.\",\"breadcrumb\":{\"@id\":\"https:\\\/\\\/imago-systems.com\\\/product\\\/imago-wzmocniony-uchwyt-vesa-75-100-dla-sr-45-mm\\\/#breadcrumb\"},\"inLanguage\":\"en-US\",\"potentialAction\":[{\"@type\":\"ReadAction\",\"target\":[\"https:\\\/\\\/imago-systems.com\\\/product\\\/imago-wzmocniony-uchwyt-vesa-75-100-dla-sr-45-mm\\\/\"]}]},{\"@type\":\"ImageObject\",\"inLanguage\":\"en-US\",\"@id\":\"https:\\\/\\\/imago-systems.com\\\/product\\\/imago-wzmocniony-uchwyt-vesa-75-100-dla-sr-45-mm\\\/#primaryimage\",\"url\":\"https:\\\/\\\/imago-systems.com\\\/wp-content\\\/uploads\\\/2024\\\/10\\\/IMAGO-Wzmocniony-uchwyt-VESA-75100-dla-sr.-45-mm.jpg\",\"contentUrl\":\"https:\\\/\\\/imago-systems.com\\\/wp-content\\\/uploads\\\/2024\\\/10\\\/IMAGO-Wzmocniony-uchwyt-VESA-75100-dla-sr.-45-mm.jpg\",\"width\":600,\"height\":600,\"caption\":\"IMAGO Wzmocniony uchwyt VESA 75100 dla \u015br. 45 mm\"},{\"@type\":\"BreadcrumbList\",\"@id\":\"https:\\\/\\\/imago-systems.com\\\/product\\\/imago-wzmocniony-uchwyt-vesa-75-100-dla-sr-45-mm\\\/#breadcrumb\",\"itemListElement\":[{\"@type\":\"ListItem\",\"position\":1,\"name\":\"Home\",\"item\":\"https:\\\/\\\/imago-systems.com\\\/\"},{\"@type\":\"ListItem\",\"position\":2,\"name\":\"Shop\",\"item\":\"https:\\\/\\\/imago-systems.com\\\/shop\\\/\"},{\"@type\":\"ListItem\",\"position\":3,\"name\":\"IMAGO Tree\",\"item\":\"https:\\\/\\\/imago-systems.com\\\/product-category\\\/imago-tree\\\/\"},{\"@type\":\"ListItem\",\"position\":4,\"name\":\"Uchwyty VESA\",\"item\":\"https:\\\/\\\/imago-systems.com\\\/product-category\\\/imago-tree\\\/uchwyty-vesa\\\/\"},{\"@type\":\"ListItem\",\"position\":5,\"name\":\"IMAGO Wzmocniony uchwyt VESA 75\\\/100 dla \u015br. 45 mm\"}]},{\"@type\":\"WebSite\",\"@id\":\"https:\\\/\\\/imago-systems.com\\\/#website\",\"url\":\"https:\\\/\\\/imago-systems.com\\\/\",\"name\":\"IMAGO systems\",\"description\":\"Nowoczesne rozwi\u0105zania dla przemys\u0142u i handlu detalicznego.\",\"publisher\":{\"@id\":\"https:\\\/\\\/imago-systems.com\\\/#organization\"},\"alternateName\":\"IMAGO\",\"potentialAction\":[{\"@type\":\"SearchAction\",\"target\":{\"@type\":\"EntryPoint\",\"urlTemplate\":\"https:\\\/\\\/imago-systems.com\\\/?s={search_term_string}\"},\"query-input\":{\"@type\":\"PropertyValueSpecification\",\"valueRequired\":true,\"valueName\":\"search_term_string\"}}],\"inLanguage\":\"en-US\"},{\"@type\":\"Organization\",\"@id\":\"https:\\\/\\\/imago-systems.com\\\/#organization\",\"name\":\"IMAGO Poland sp. z o.o.\",\"alternateName\":\"IMAGO\",\"url\":\"https:\\\/\\\/imago-systems.com\\\/\",\"logo\":{\"@type\":\"ImageObject\",\"inLanguage\":\"en-US\",\"@id\":\"https:\\\/\\\/imago-systems.com\\\/#\\\/schema\\\/logo\\\/image\\\/\",\"url\":\"https:\\\/\\\/imago-systems.com\\\/wp-content\\\/uploads\\\/2024\\\/11\\\/cropped-cropped-cropped-IMAGO-LOGO-.jpg\",\"contentUrl\":\"https:\\\/\\\/imago-systems.com\\\/wp-content\\\/uploads\\\/2024\\\/11\\\/cropped-cropped-cropped-IMAGO-LOGO-.jpg\",\"width\":512,\"height\":512,\"caption\":\"IMAGO Poland sp. z o.o.\"},\"image\":{\"@id\":\"https:\\\/\\\/imago-systems.com\\\/#\\\/schema\\\/logo\\\/image\\\/\"},\"sameAs\":[\"https:\\\/\\\/www.linkedin.com\\\/company\\\/imago-poland\\\/\"]}]}<\/script>\n<!-- \/ Yoast SEO plugin. -->","yoast_head_json":{"title":"IMAGO Reinforced VESA 75\/100 mount for 45mm diameter","description":"VESA 75\/100 mount for mounting monitors and panels. Expandable with other POS mounting system components. Choose yours or leave it to us.","robots":{"index":"index","follow":"follow","max-snippet":"max-snippet:-1","max-image-preview":"max-image-preview:large","max-video-preview":"max-video-preview:-1"},"canonical":"https:\/\/imago-systems.com\/en\/product\/imago-reinforced-vesa-75-100-mount-for-sr-45-mm\/","og_locale":"en_US","og_type":"article","og_title":"IMAGO Wzmocniony uchwyt VESA 75\/100 dla \u015br. 45 mm","og_description":"Uchwyt VESA 75\/100 do monta\u017cu monitor\u00f3w i paneli. Mo\u017cliwo\u015b\u0107 rozbudowania o inne elementy systemu monta\u017cowego POS. Wybierz sam albo zostaw to nam.","og_url":"https:\/\/imago-systems.com\/en\/product\/imago-reinforced-vesa-75-100-mount-for-sr-45-mm\/","og_site_name":"IMAGO","article_modified_time":"2026-04-28T12:42:50+00:00","og_image":[{"width":600,"height":600,"url":"https:\/\/imago-systems.com\/wp-content\/uploads\/2024\/10\/IMAGO-Wzmocniony-uchwyt-VESA-75100-dla-sr.-45-mm.jpg","type":"image\/jpeg"}],"twitter_card":"summary_large_image","twitter_misc":{"Est. reading time":"2 minutes"},"schema":{"@context":"https:\/\/schema.org","@graph":[{"@type":"WebPage","@id":"https:\/\/imago-systems.com\/product\/imago-wzmocniony-uchwyt-vesa-75-100-dla-sr-45-mm\/","url":"https:\/\/imago-systems.com\/product\/imago-wzmocniony-uchwyt-vesa-75-100-dla-sr-45-mm\/","name":"IMAGO Reinforced VESA 75\/100 mount for 45mm diameter","isPartOf":{"@id":"https:\/\/imago-systems.com\/#website"},"primaryImageOfPage":{"@id":"https:\/\/imago-systems.com\/product\/imago-wzmocniony-uchwyt-vesa-75-100-dla-sr-45-mm\/#primaryimage"},"image":{"@id":"https:\/\/imago-systems.com\/product\/imago-wzmocniony-uchwyt-vesa-75-100-dla-sr-45-mm\/#primaryimage"},"thumbnailUrl":"https:\/\/imago-systems.com\/wp-content\/uploads\/2024\/10\/IMAGO-Wzmocniony-uchwyt-VESA-75100-dla-sr.-45-mm.jpg","datePublished":"2024-10-01T08:38:24+00:00","dateModified":"2026-04-28T12:42:50+00:00","description":"VESA 75\/100 mount for mounting monitors and panels. Expandable with other POS mounting system components. Choose yours or leave it to us.","breadcrumb":{"@id":"https:\/\/imago-systems.com\/product\/imago-wzmocniony-uchwyt-vesa-75-100-dla-sr-45-mm\/#breadcrumb"},"inLanguage":"en-US","potentialAction":[{"@type":"ReadAction","target":["https:\/\/imago-systems.com\/product\/imago-wzmocniony-uchwyt-vesa-75-100-dla-sr-45-mm\/"]}]},{"@type":"ImageObject","inLanguage":"en-US","@id":"https:\/\/imago-systems.com\/product\/imago-wzmocniony-uchwyt-vesa-75-100-dla-sr-45-mm\/#primaryimage","url":"https:\/\/imago-systems.com\/wp-content\/uploads\/2024\/10\/IMAGO-Wzmocniony-uchwyt-VESA-75100-dla-sr.-45-mm.jpg","contentUrl":"https:\/\/imago-systems.com\/wp-content\/uploads\/2024\/10\/IMAGO-Wzmocniony-uchwyt-VESA-75100-dla-sr.-45-mm.jpg","width":600,"height":600,"caption":"IMAGO Wzmocniony uchwyt VESA 75100 dla \u015br. 45 mm"},{"@type":"BreadcrumbList","@id":"https:\/\/imago-systems.com\/product\/imago-wzmocniony-uchwyt-vesa-75-100-dla-sr-45-mm\/#breadcrumb","itemListElement":[{"@type":"ListItem","position":1,"name":"Home","item":"https:\/\/imago-systems.com\/"},{"@type":"ListItem","position":2,"name":"Shop","item":"https:\/\/imago-systems.com\/shop\/"},{"@type":"ListItem","position":3,"name":"IMAGO Tree","item":"https:\/\/imago-systems.com\/product-category\/imago-tree\/"},{"@type":"ListItem","position":4,"name":"Uchwyty VESA","item":"https:\/\/imago-systems.com\/product-category\/imago-tree\/uchwyty-vesa\/"},{"@type":"ListItem","position":5,"name":"IMAGO Wzmocniony uchwyt VESA 75\/100 dla \u015br. 45 mm"}]},{"@type":"WebSite","@id":"https:\/\/imago-systems.com\/#website","url":"https:\/\/imago-systems.com\/","name":"IMAGO systems","description":"Modern solutions for industry and retail.","publisher":{"@id":"https:\/\/imago-systems.com\/#organization"},"alternateName":"IMAGO","potentialAction":[{"@type":"SearchAction","target":{"@type":"EntryPoint","urlTemplate":"https:\/\/imago-systems.com\/?s={search_term_string}"},"query-input":{"@type":"PropertyValueSpecification","valueRequired":true,"valueName":"search_term_string"}}],"inLanguage":"en-US"},{"@type":"Organization","@id":"https:\/\/imago-systems.com\/#organization","name":"IMAGO Poland sp. z o. o.","alternateName":"IMAGO","url":"https:\/\/imago-systems.com\/","logo":{"@type":"ImageObject","inLanguage":"en-US","@id":"https:\/\/imago-systems.com\/#\/schema\/logo\/image\/","url":"https:\/\/imago-systems.com\/wp-content\/uploads\/2024\/11\/cropped-cropped-cropped-IMAGO-LOGO-.jpg","contentUrl":"https:\/\/imago-systems.com\/wp-content\/uploads\/2024\/11\/cropped-cropped-cropped-IMAGO-LOGO-.jpg","width":512,"height":512,"caption":"IMAGO Poland sp. z o.o."},"image":{"@id":"https:\/\/imago-systems.com\/#\/schema\/logo\/image\/"},"sameAs":["https:\/\/www.linkedin.com\/company\/imago-poland\/"]}]}},"_links":{"self":[{"href":"https:\/\/imago-systems.com\/en\/wp-json\/wp\/v2\/product\/1906","targetHints":{"allow":["GET"]}}],"collection":[{"href":"https:\/\/imago-systems.com\/en\/wp-json\/wp\/v2\/product"}],"about":[{"href":"https:\/\/imago-systems.com\/en\/wp-json\/wp\/v2\/types\/product"}],"replies":[{"embeddable":true,"href":"https:\/\/imago-systems.com\/en\/wp-json\/wp\/v2\/comments?post=1906"}],"wp:featuredmedia":[{"embeddable":true,"href":"https:\/\/imago-systems.com\/en\/wp-json\/wp\/v2\/media\/1907"}],"wp:attachment":[{"href":"https:\/\/imago-systems.com\/en\/wp-json\/wp\/v2\/media?parent=1906"}],"wp:term":[{"taxonomy":"product_brand","embeddable":true,"href":"https:\/\/imago-systems.com\/en\/wp-json\/wp\/v2\/product_brand?post=1906"},{"taxonomy":"product_cat","embeddable":true,"href":"https:\/\/imago-systems.com\/en\/wp-json\/wp\/v2\/product_cat?post=1906"},{"taxonomy":"product_tag","embeddable":true,"href":"https:\/\/imago-systems.com\/en\/wp-json\/wp\/v2\/product_tag?post=1906"}],"curies":[{"name":"wp","href":"https:\/\/api.w.org\/{rel}","templated":true}]}}