{"id":1904,"date":"2024-10-01T11:34:41","date_gmt":"2024-10-01T08:34:41","guid":{"rendered":"http:\/\/imago-systems.com\/?post_type=product&#038;p=1904"},"modified":"2026-04-28T13:48:16","modified_gmt":"2026-04-28T12:48:16","slug":"imago-uchwyt-vesa-75-100-dla-sr-45-mm","status":"publish","type":"product","link":"https:\/\/imago-systems.com\/en\/product\/imago-uchwyt-vesa-75-100-dla-sr-45-mm\/","title":{"rendered":"IMAGO VESA 75\/100 mount for 45mm diameter"},"content":{"rendered":"<p><strong>IMAGO adjustable VESA 75\/100 mount for 45mm diameter<\/strong> is an element of the IMAGO TREE mounting system, designed for flexible mounting of monitors and panels compliant with VESA 75\u00d775 and 100\u00d7100 standards.<strong> This variant with a longer arm gives you more freedom to position the device<\/strong> and allows you to better adjust the screen position to your workstation.<\/p>\n<p>&nbsp;<\/p>\n<p><strong>Greater grip reach<\/strong> It makes it easier to adjust the monitor&#039;s position, which can improve ergonomics and user comfort. This is a practical solution wherever the screen needs to be positioned a specific distance from the post or greater configuration flexibility is required.<\/p>\n<p>&nbsp;<\/p>\n<p>Mounting to a 45 mm diameter pole means the holder easily integrates with the IMAGO TREE modular system and can be used in various POS, service point and industrial environments.<\/p>\n<p>&nbsp;<\/p>\n<h2>What makes this variant special?<\/h2>\n<ul>\n<li>the longer arm gives you more freedom in positioning the screen<\/li>\n<li>supports VESA 75\u00d775 and 100\u00d7100 standards<\/li>\n<li>allows you to build more flexible station configurations<\/li>\n<li>supports ergonomics and organization of the workspace<\/li>\n<li>compatible with the IMAGO TREE system<\/li>\n<li>durable construction for everyday use<\/li>\n<\/ul>\n<p>&nbsp;<\/p>\n<p>This variant will be especially useful where, in addition to stable mounting, it is important to be able to position the monitor more conveniently in relation to the operator or client.<\/p>\n<p>&nbsp;<\/p>\n<p><strong>Other variants are also available <a href=\"https:\/\/imago-systems.com\/en\/product-category\/imago-tree\/uchwyty-vesa\/\">VESA mounts<\/a>, so you can choose the solution best suited to your specific application.<\/strong><\/p>","protected":false},"excerpt":{"rendered":"<p>IMAGO VESA 75\/100 Bracket for 45 mm diameter is a mounting bracket designed to securely and stably attach devices to a stand. Thanks to its compliance with VESA 75\u00d775 and 100\u00d7100 standards, this bracket is a versatile solution, ideal for various applications, providing convenient and durable attachment of devices.<\/p>","protected":false},"featured_media":1905,"comment_status":"open","ping_status":"closed","template":"","meta":[],"product_brand":[],"product_cat":[147],"product_tag":[223],"class_list":{"0":"post-1904","1":"product","2":"type-product","3":"status-publish","4":"has-post-thumbnail","6":"product_cat-uchwyty-vesa","7":"product_tag-223","9":"first","10":"instock","11":"shipping-taxable","12":"product-type-simple"},"acf":[],"yoast_head":"<!-- This site is optimized with the Yoast SEO plugin v27.6 - https:\/\/yoast.com\/product\/yoast-seo-wordpress\/ -->\n<title>Regulowany uchwyt VESA 75\/100 dla \u015br. 45 mm<\/title>\n<meta name=\"description\" content=\"Regulowany uchwyt VESA 75\/100 zosta\u0142 zaprojektowany do bezpiecznego i stabilnego mocowania urz\u0105dze\u0144 do s\u0142upka oraz integracji z innymi elementami.\" \/>\n<meta name=\"robots\" content=\"index, follow, max-snippet:-1, max-image-preview:large, max-video-preview:-1\" \/>\n<link rel=\"canonical\" href=\"https:\/\/imago-systems.com\/en\/product\/imago-uchwyt-vesa-75-100-dla-sr-45-mm\/\" \/>\n<meta property=\"og:locale\" content=\"en_US\" \/>\n<meta property=\"og:type\" content=\"article\" \/>\n<meta property=\"og:title\" content=\"Regulowany uchwyt VESA 75\/100 dla \u015br. 45 mm\" \/>\n<meta property=\"og:description\" content=\"Regulowany uchwyt VESA 75\/100 zosta\u0142 zaprojektowany do bezpiecznego i stabilnego mocowania urz\u0105dze\u0144 do s\u0142upka oraz integracji z innymi elementami.\" \/>\n<meta property=\"og:url\" content=\"https:\/\/imago-systems.com\/en\/product\/imago-uchwyt-vesa-75-100-dla-sr-45-mm\/\" \/>\n<meta property=\"og:site_name\" content=\"IMAGO\" \/>\n<meta property=\"article:modified_time\" content=\"2026-04-28T12:48:16+00:00\" \/>\n<meta property=\"og:image\" content=\"https:\/\/imago-systems.com\/wp-content\/uploads\/2024\/10\/IMAGO-Uchwyt-VESA-75100-dla-sr.-45-mm.jpg\" \/>\n\t<meta property=\"og:image:width\" content=\"600\" \/>\n\t<meta property=\"og:image:height\" content=\"600\" \/>\n\t<meta property=\"og:image:type\" content=\"image\/jpeg\" \/>\n<meta name=\"twitter:card\" content=\"summary_large_image\" \/>\n<meta name=\"twitter:label1\" content=\"Est. reading time\" \/>\n\t<meta name=\"twitter:data1\" content=\"2 minutes\" \/>\n<script type=\"application\/ld+json\" class=\"yoast-schema-graph\">{\"@context\":\"https:\\\/\\\/schema.org\",\"@graph\":[{\"@type\":\"WebPage\",\"@id\":\"https:\\\/\\\/imago-systems.com\\\/product\\\/imago-uchwyt-vesa-75-100-dla-sr-45-mm\\\/\",\"url\":\"https:\\\/\\\/imago-systems.com\\\/product\\\/imago-uchwyt-vesa-75-100-dla-sr-45-mm\\\/\",\"name\":\"Regulowany uchwyt VESA 75\\\/100 dla \u015br. 45 mm\",\"isPartOf\":{\"@id\":\"https:\\\/\\\/imago-systems.com\\\/#website\"},\"primaryImageOfPage\":{\"@id\":\"https:\\\/\\\/imago-systems.com\\\/product\\\/imago-uchwyt-vesa-75-100-dla-sr-45-mm\\\/#primaryimage\"},\"image\":{\"@id\":\"https:\\\/\\\/imago-systems.com\\\/product\\\/imago-uchwyt-vesa-75-100-dla-sr-45-mm\\\/#primaryimage\"},\"thumbnailUrl\":\"https:\\\/\\\/imago-systems.com\\\/wp-content\\\/uploads\\\/2024\\\/10\\\/IMAGO-Uchwyt-VESA-75100-dla-sr.-45-mm.jpg\",\"datePublished\":\"2024-10-01T08:34:41+00:00\",\"dateModified\":\"2026-04-28T12:48:16+00:00\",\"description\":\"Regulowany uchwyt VESA 75\\\/100 zosta\u0142 zaprojektowany do bezpiecznego i stabilnego mocowania urz\u0105dze\u0144 do s\u0142upka oraz integracji z innymi elementami.\",\"breadcrumb\":{\"@id\":\"https:\\\/\\\/imago-systems.com\\\/product\\\/imago-uchwyt-vesa-75-100-dla-sr-45-mm\\\/#breadcrumb\"},\"inLanguage\":\"en-US\",\"potentialAction\":[{\"@type\":\"ReadAction\",\"target\":[\"https:\\\/\\\/imago-systems.com\\\/product\\\/imago-uchwyt-vesa-75-100-dla-sr-45-mm\\\/\"]}]},{\"@type\":\"ImageObject\",\"inLanguage\":\"en-US\",\"@id\":\"https:\\\/\\\/imago-systems.com\\\/product\\\/imago-uchwyt-vesa-75-100-dla-sr-45-mm\\\/#primaryimage\",\"url\":\"https:\\\/\\\/imago-systems.com\\\/wp-content\\\/uploads\\\/2024\\\/10\\\/IMAGO-Uchwyt-VESA-75100-dla-sr.-45-mm.jpg\",\"contentUrl\":\"https:\\\/\\\/imago-systems.com\\\/wp-content\\\/uploads\\\/2024\\\/10\\\/IMAGO-Uchwyt-VESA-75100-dla-sr.-45-mm.jpg\",\"width\":600,\"height\":600,\"caption\":\"IMAGO Uchwyt VESA 75\\\/100 dla \u015br. 45 mm\"},{\"@type\":\"BreadcrumbList\",\"@id\":\"https:\\\/\\\/imago-systems.com\\\/product\\\/imago-uchwyt-vesa-75-100-dla-sr-45-mm\\\/#breadcrumb\",\"itemListElement\":[{\"@type\":\"ListItem\",\"position\":1,\"name\":\"Home\",\"item\":\"https:\\\/\\\/imago-systems.com\\\/\"},{\"@type\":\"ListItem\",\"position\":2,\"name\":\"Shop\",\"item\":\"https:\\\/\\\/imago-systems.com\\\/shop\\\/\"},{\"@type\":\"ListItem\",\"position\":3,\"name\":\"IMAGO Tree\",\"item\":\"https:\\\/\\\/imago-systems.com\\\/product-category\\\/imago-tree\\\/\"},{\"@type\":\"ListItem\",\"position\":4,\"name\":\"Uchwyty VESA\",\"item\":\"https:\\\/\\\/imago-systems.com\\\/product-category\\\/imago-tree\\\/uchwyty-vesa\\\/\"},{\"@type\":\"ListItem\",\"position\":5,\"name\":\"IMAGO Uchwyt VESA 75\\\/100 dla \u015br. 45 mm\"}]},{\"@type\":\"WebSite\",\"@id\":\"https:\\\/\\\/imago-systems.com\\\/#website\",\"url\":\"https:\\\/\\\/imago-systems.com\\\/\",\"name\":\"IMAGO systems\",\"description\":\"Nowoczesne rozwi\u0105zania dla przemys\u0142u i handlu detalicznego.\",\"publisher\":{\"@id\":\"https:\\\/\\\/imago-systems.com\\\/#organization\"},\"alternateName\":\"IMAGO\",\"potentialAction\":[{\"@type\":\"SearchAction\",\"target\":{\"@type\":\"EntryPoint\",\"urlTemplate\":\"https:\\\/\\\/imago-systems.com\\\/?s={search_term_string}\"},\"query-input\":{\"@type\":\"PropertyValueSpecification\",\"valueRequired\":true,\"valueName\":\"search_term_string\"}}],\"inLanguage\":\"en-US\"},{\"@type\":\"Organization\",\"@id\":\"https:\\\/\\\/imago-systems.com\\\/#organization\",\"name\":\"IMAGO Poland sp. z o.o.\",\"alternateName\":\"IMAGO\",\"url\":\"https:\\\/\\\/imago-systems.com\\\/\",\"logo\":{\"@type\":\"ImageObject\",\"inLanguage\":\"en-US\",\"@id\":\"https:\\\/\\\/imago-systems.com\\\/#\\\/schema\\\/logo\\\/image\\\/\",\"url\":\"https:\\\/\\\/imago-systems.com\\\/wp-content\\\/uploads\\\/2024\\\/11\\\/cropped-cropped-cropped-IMAGO-LOGO-.jpg\",\"contentUrl\":\"https:\\\/\\\/imago-systems.com\\\/wp-content\\\/uploads\\\/2024\\\/11\\\/cropped-cropped-cropped-IMAGO-LOGO-.jpg\",\"width\":512,\"height\":512,\"caption\":\"IMAGO Poland sp. z o.o.\"},\"image\":{\"@id\":\"https:\\\/\\\/imago-systems.com\\\/#\\\/schema\\\/logo\\\/image\\\/\"},\"sameAs\":[\"https:\\\/\\\/www.linkedin.com\\\/company\\\/imago-poland\\\/\"]}]}<\/script>\n<!-- \/ Yoast SEO plugin. -->","yoast_head_json":{"title":"Regulowany uchwyt VESA 75\/100 dla \u015br. 45 mm","description":"Regulowany uchwyt VESA 75\/100 zosta\u0142 zaprojektowany do bezpiecznego i stabilnego mocowania urz\u0105dze\u0144 do s\u0142upka oraz integracji z innymi elementami.","robots":{"index":"index","follow":"follow","max-snippet":"max-snippet:-1","max-image-preview":"max-image-preview:large","max-video-preview":"max-video-preview:-1"},"canonical":"https:\/\/imago-systems.com\/en\/product\/imago-uchwyt-vesa-75-100-dla-sr-45-mm\/","og_locale":"en_US","og_type":"article","og_title":"Regulowany uchwyt VESA 75\/100 dla \u015br. 45 mm","og_description":"Regulowany uchwyt VESA 75\/100 zosta\u0142 zaprojektowany do bezpiecznego i stabilnego mocowania urz\u0105dze\u0144 do s\u0142upka oraz integracji z innymi elementami.","og_url":"https:\/\/imago-systems.com\/en\/product\/imago-uchwyt-vesa-75-100-dla-sr-45-mm\/","og_site_name":"IMAGO","article_modified_time":"2026-04-28T12:48:16+00:00","og_image":[{"width":600,"height":600,"url":"https:\/\/imago-systems.com\/wp-content\/uploads\/2024\/10\/IMAGO-Uchwyt-VESA-75100-dla-sr.-45-mm.jpg","type":"image\/jpeg"}],"twitter_card":"summary_large_image","twitter_misc":{"Est. reading time":"2 minutes"},"schema":{"@context":"https:\/\/schema.org","@graph":[{"@type":"WebPage","@id":"https:\/\/imago-systems.com\/product\/imago-uchwyt-vesa-75-100-dla-sr-45-mm\/","url":"https:\/\/imago-systems.com\/product\/imago-uchwyt-vesa-75-100-dla-sr-45-mm\/","name":"Regulowany uchwyt VESA 75\/100 dla \u015br. 45 mm","isPartOf":{"@id":"https:\/\/imago-systems.com\/#website"},"primaryImageOfPage":{"@id":"https:\/\/imago-systems.com\/product\/imago-uchwyt-vesa-75-100-dla-sr-45-mm\/#primaryimage"},"image":{"@id":"https:\/\/imago-systems.com\/product\/imago-uchwyt-vesa-75-100-dla-sr-45-mm\/#primaryimage"},"thumbnailUrl":"https:\/\/imago-systems.com\/wp-content\/uploads\/2024\/10\/IMAGO-Uchwyt-VESA-75100-dla-sr.-45-mm.jpg","datePublished":"2024-10-01T08:34:41+00:00","dateModified":"2026-04-28T12:48:16+00:00","description":"Regulowany uchwyt VESA 75\/100 zosta\u0142 zaprojektowany do bezpiecznego i stabilnego mocowania urz\u0105dze\u0144 do s\u0142upka oraz integracji z innymi elementami.","breadcrumb":{"@id":"https:\/\/imago-systems.com\/product\/imago-uchwyt-vesa-75-100-dla-sr-45-mm\/#breadcrumb"},"inLanguage":"en-US","potentialAction":[{"@type":"ReadAction","target":["https:\/\/imago-systems.com\/product\/imago-uchwyt-vesa-75-100-dla-sr-45-mm\/"]}]},{"@type":"ImageObject","inLanguage":"en-US","@id":"https:\/\/imago-systems.com\/product\/imago-uchwyt-vesa-75-100-dla-sr-45-mm\/#primaryimage","url":"https:\/\/imago-systems.com\/wp-content\/uploads\/2024\/10\/IMAGO-Uchwyt-VESA-75100-dla-sr.-45-mm.jpg","contentUrl":"https:\/\/imago-systems.com\/wp-content\/uploads\/2024\/10\/IMAGO-Uchwyt-VESA-75100-dla-sr.-45-mm.jpg","width":600,"height":600,"caption":"IMAGO Uchwyt VESA 75\/100 dla \u015br. 45 mm"},{"@type":"BreadcrumbList","@id":"https:\/\/imago-systems.com\/product\/imago-uchwyt-vesa-75-100-dla-sr-45-mm\/#breadcrumb","itemListElement":[{"@type":"ListItem","position":1,"name":"Home","item":"https:\/\/imago-systems.com\/"},{"@type":"ListItem","position":2,"name":"Shop","item":"https:\/\/imago-systems.com\/shop\/"},{"@type":"ListItem","position":3,"name":"IMAGO Tree","item":"https:\/\/imago-systems.com\/product-category\/imago-tree\/"},{"@type":"ListItem","position":4,"name":"Uchwyty VESA","item":"https:\/\/imago-systems.com\/product-category\/imago-tree\/uchwyty-vesa\/"},{"@type":"ListItem","position":5,"name":"IMAGO Uchwyt VESA 75\/100 dla \u015br. 45 mm"}]},{"@type":"WebSite","@id":"https:\/\/imago-systems.com\/#website","url":"https:\/\/imago-systems.com\/","name":"IMAGO systems","description":"Modern solutions for industry and retail.","publisher":{"@id":"https:\/\/imago-systems.com\/#organization"},"alternateName":"IMAGO","potentialAction":[{"@type":"SearchAction","target":{"@type":"EntryPoint","urlTemplate":"https:\/\/imago-systems.com\/?s={search_term_string}"},"query-input":{"@type":"PropertyValueSpecification","valueRequired":true,"valueName":"search_term_string"}}],"inLanguage":"en-US"},{"@type":"Organization","@id":"https:\/\/imago-systems.com\/#organization","name":"IMAGO Poland sp. z o. o.","alternateName":"IMAGO","url":"https:\/\/imago-systems.com\/","logo":{"@type":"ImageObject","inLanguage":"en-US","@id":"https:\/\/imago-systems.com\/#\/schema\/logo\/image\/","url":"https:\/\/imago-systems.com\/wp-content\/uploads\/2024\/11\/cropped-cropped-cropped-IMAGO-LOGO-.jpg","contentUrl":"https:\/\/imago-systems.com\/wp-content\/uploads\/2024\/11\/cropped-cropped-cropped-IMAGO-LOGO-.jpg","width":512,"height":512,"caption":"IMAGO Poland sp. z o.o."},"image":{"@id":"https:\/\/imago-systems.com\/#\/schema\/logo\/image\/"},"sameAs":["https:\/\/www.linkedin.com\/company\/imago-poland\/"]}]}},"_links":{"self":[{"href":"https:\/\/imago-systems.com\/en\/wp-json\/wp\/v2\/product\/1904","targetHints":{"allow":["GET"]}}],"collection":[{"href":"https:\/\/imago-systems.com\/en\/wp-json\/wp\/v2\/product"}],"about":[{"href":"https:\/\/imago-systems.com\/en\/wp-json\/wp\/v2\/types\/product"}],"replies":[{"embeddable":true,"href":"https:\/\/imago-systems.com\/en\/wp-json\/wp\/v2\/comments?post=1904"}],"wp:featuredmedia":[{"embeddable":true,"href":"https:\/\/imago-systems.com\/en\/wp-json\/wp\/v2\/media\/1905"}],"wp:attachment":[{"href":"https:\/\/imago-systems.com\/en\/wp-json\/wp\/v2\/media?parent=1904"}],"wp:term":[{"taxonomy":"product_brand","embeddable":true,"href":"https:\/\/imago-systems.com\/en\/wp-json\/wp\/v2\/product_brand?post=1904"},{"taxonomy":"product_cat","embeddable":true,"href":"https:\/\/imago-systems.com\/en\/wp-json\/wp\/v2\/product_cat?post=1904"},{"taxonomy":"product_tag","embeddable":true,"href":"https:\/\/imago-systems.com\/en\/wp-json\/wp\/v2\/product_tag?post=1904"}],"curies":[{"name":"wp","href":"https:\/\/api.w.org\/{rel}","templated":true}]}}