{"id":1902,"date":"2024-10-01T11:28:57","date_gmt":"2024-10-01T08:28:57","guid":{"rendered":"http:\/\/imago-systems.com\/?post_type=product&#038;p=1902"},"modified":"2026-04-28T13:57:43","modified_gmt":"2026-04-28T12:57:43","slug":"imago-double-short-vesa-75-100-mount-for-sr-38-mm","status":"publish","type":"product","link":"https:\/\/imago-systems.com\/en\/product\/imago-double-short-vesa-75-100-mount-for-sr-38-mm\/","title":{"rendered":"IMAGO Double short VESA 75\/100 mount for 38mm diameter"},"content":{"rendered":"<p><strong>IMAGO Short Dual VESA 75\/100 Mount for 38mm Diameter<\/strong> This IMAGO TREE mounting solution allows for the convenient mounting of two devices in one compact configuration. It&#039;s ideal for applications where a single workstation supports more than one screen and good space management is essential.<\/p>\n<p>&nbsp;<\/p>\n<p>The mount supports the VESA 75x75 and 100x100 standards, providing greater flexibility in selecting compatible monitors and panels. The dual-panel design allows for mounting two devices on a single arm, such as an operator monitor and a client screen, without the need for separate mounts.<\/p>\n<p>&nbsp;<\/p>\n<p>The short reach allows for compact, ergonomic workstations, while the 38mm arm mount facilitates integration with IMAGO TREE modular configurations. The powder-coated steel construction ensures durability and stability in everyday use.<\/p>\n<p>&nbsp;<\/p>\n<h2>The most important features of the solution:<\/h2>\n<ul>\n<li>mounting two devices on one holder<\/li>\n<li>support for VESA 75\u00d775 and 100\u00d7100 standards<\/li>\n<li>compact design for workstations with limited space<\/li>\n<li>orderly arrangement of devices at the workstation<\/li>\n<li>solid, durable steel construction<\/li>\n<li>compatibility with the IMAGO TREE system<\/li>\n<\/ul>\n<p>&nbsp;<\/p>\n<p>This is a practical solution for points of sale, operator stations and places where two displays are to work in one ergonomic arrangement.<\/p>\n<p>&nbsp;<\/p>\n<p><strong>Others are also available <a href=\"https:\/\/imago-systems.com\/en\/product-category\/imago-tree\/uchwyty-vesa\/\">VESA mount variants<\/a>, adapted to various applications and configurations.<\/strong><\/p>","protected":false},"excerpt":{"rendered":"<p>IMAGO Short Dual VESA 75x75 \/ 100x100 Bracket for 38mm Diameter is a bracket designed to securely and stably attach devices to the arm. Thanks to its compliance with VESA 75x75 and 100x100 standards, this bracket is a versatile solution, ideal for various applications, providing convenient and durable attachment of devices<\/p>","protected":false},"featured_media":1903,"comment_status":"closed","ping_status":"closed","template":"","meta":[],"product_brand":[329],"product_cat":[147],"product_tag":[222],"class_list":{"0":"post-1902","1":"product","2":"type-product","3":"status-publish","4":"has-post-thumbnail","6":"product_brand-imago","7":"product_cat-uchwyty-vesa","8":"product_tag-222","10":"first","11":"instock","12":"shipping-taxable","13":"product-type-simple"},"acf":[],"yoast_head":"<!-- This site is optimized with the Yoast SEO plugin v27.6 - https:\/\/yoast.com\/product\/yoast-seo-wordpress\/ -->\n<title>Podw\u00f3jny uchwyt VESA 75\/100 - IMAGO<\/title>\n<meta name=\"description\" content=\"IMAGO Kr\u00f3tki podw\u00f3jny uchwyt VESA 75\/100 dla \u015br. 38 mm do monta\u017cu w systemie IMAGO TREE. Dzi\u0119ki niemu zamontujesz stabilnie dwa urz\u0105dzenia.\" \/>\n<meta name=\"robots\" content=\"index, follow, max-snippet:-1, max-image-preview:large, max-video-preview:-1\" \/>\n<link rel=\"canonical\" href=\"https:\/\/imago-systems.com\/en\/product\/imago-double-short-vesa-75-100-mount-for-sr-38-mm\/\" \/>\n<meta property=\"og:locale\" content=\"en_US\" \/>\n<meta property=\"og:type\" content=\"article\" \/>\n<meta property=\"og:title\" content=\"Podw\u00f3jny uchwyt VESA 75\/100 - IMAGO\" \/>\n<meta property=\"og:description\" content=\"IMAGO Kr\u00f3tki podw\u00f3jny uchwyt VESA 75\/100 dla \u015br. 38 mm do monta\u017cu w systemie IMAGO TREE. Dzi\u0119ki niemu zamontujesz stabilnie dwa urz\u0105dzenia.\" \/>\n<meta property=\"og:url\" content=\"https:\/\/imago-systems.com\/en\/product\/imago-double-short-vesa-75-100-mount-for-sr-38-mm\/\" \/>\n<meta property=\"og:site_name\" content=\"IMAGO\" \/>\n<meta property=\"article:modified_time\" content=\"2026-04-28T12:57:43+00:00\" \/>\n<meta property=\"og:image\" content=\"https:\/\/imago-systems.com\/wp-content\/uploads\/2024\/10\/IMAGO-Uchwyt-podwojny-krotki-VESA-75100-dla-sr.-38-mm.jpg\" \/>\n\t<meta property=\"og:image:width\" content=\"600\" \/>\n\t<meta property=\"og:image:height\" content=\"600\" \/>\n\t<meta property=\"og:image:type\" content=\"image\/jpeg\" \/>\n<meta name=\"twitter:card\" content=\"summary_large_image\" \/>\n<meta name=\"twitter:label1\" content=\"Est. reading time\" \/>\n\t<meta name=\"twitter:data1\" content=\"2 minutes\" \/>\n<script type=\"application\/ld+json\" class=\"yoast-schema-graph\">{\"@context\":\"https:\\\/\\\/schema.org\",\"@graph\":[{\"@type\":\"WebPage\",\"@id\":\"https:\\\/\\\/imago-systems.com\\\/product\\\/imago-uchwyt-podwojny-krotki-vesa-75-100-dla-sr-38-mm\\\/\",\"url\":\"https:\\\/\\\/imago-systems.com\\\/product\\\/imago-uchwyt-podwojny-krotki-vesa-75-100-dla-sr-38-mm\\\/\",\"name\":\"Podw\u00f3jny uchwyt VESA 75\\\/100 - IMAGO\",\"isPartOf\":{\"@id\":\"https:\\\/\\\/imago-systems.com\\\/#website\"},\"primaryImageOfPage\":{\"@id\":\"https:\\\/\\\/imago-systems.com\\\/product\\\/imago-uchwyt-podwojny-krotki-vesa-75-100-dla-sr-38-mm\\\/#primaryimage\"},\"image\":{\"@id\":\"https:\\\/\\\/imago-systems.com\\\/product\\\/imago-uchwyt-podwojny-krotki-vesa-75-100-dla-sr-38-mm\\\/#primaryimage\"},\"thumbnailUrl\":\"https:\\\/\\\/imago-systems.com\\\/wp-content\\\/uploads\\\/2024\\\/10\\\/IMAGO-Uchwyt-podwojny-krotki-VESA-75100-dla-sr.-38-mm.jpg\",\"datePublished\":\"2024-10-01T08:28:57+00:00\",\"dateModified\":\"2026-04-28T12:57:43+00:00\",\"description\":\"IMAGO Kr\u00f3tki podw\u00f3jny uchwyt VESA 75\\\/100 dla \u015br. 38 mm do monta\u017cu w systemie IMAGO TREE. Dzi\u0119ki niemu zamontujesz stabilnie dwa urz\u0105dzenia.\",\"breadcrumb\":{\"@id\":\"https:\\\/\\\/imago-systems.com\\\/product\\\/imago-uchwyt-podwojny-krotki-vesa-75-100-dla-sr-38-mm\\\/#breadcrumb\"},\"inLanguage\":\"en-US\",\"potentialAction\":[{\"@type\":\"ReadAction\",\"target\":[\"https:\\\/\\\/imago-systems.com\\\/product\\\/imago-uchwyt-podwojny-krotki-vesa-75-100-dla-sr-38-mm\\\/\"]}]},{\"@type\":\"ImageObject\",\"inLanguage\":\"en-US\",\"@id\":\"https:\\\/\\\/imago-systems.com\\\/product\\\/imago-uchwyt-podwojny-krotki-vesa-75-100-dla-sr-38-mm\\\/#primaryimage\",\"url\":\"https:\\\/\\\/imago-systems.com\\\/wp-content\\\/uploads\\\/2024\\\/10\\\/IMAGO-Uchwyt-podwojny-krotki-VESA-75100-dla-sr.-38-mm.jpg\",\"contentUrl\":\"https:\\\/\\\/imago-systems.com\\\/wp-content\\\/uploads\\\/2024\\\/10\\\/IMAGO-Uchwyt-podwojny-krotki-VESA-75100-dla-sr.-38-mm.jpg\",\"width\":600,\"height\":600,\"caption\":\"IMAGO Uchwyt podw\u00f3jny kr\u00f3tki VESA 75x75 i 100x100 dla \u015br. 38 mm\"},{\"@type\":\"BreadcrumbList\",\"@id\":\"https:\\\/\\\/imago-systems.com\\\/product\\\/imago-uchwyt-podwojny-krotki-vesa-75-100-dla-sr-38-mm\\\/#breadcrumb\",\"itemListElement\":[{\"@type\":\"ListItem\",\"position\":1,\"name\":\"Home\",\"item\":\"https:\\\/\\\/imago-systems.com\\\/\"},{\"@type\":\"ListItem\",\"position\":2,\"name\":\"Shop\",\"item\":\"https:\\\/\\\/imago-systems.com\\\/shop\\\/\"},{\"@type\":\"ListItem\",\"position\":3,\"name\":\"IMAGO Tree\",\"item\":\"https:\\\/\\\/imago-systems.com\\\/product-category\\\/imago-tree\\\/\"},{\"@type\":\"ListItem\",\"position\":4,\"name\":\"Uchwyty VESA\",\"item\":\"https:\\\/\\\/imago-systems.com\\\/product-category\\\/imago-tree\\\/uchwyty-vesa\\\/\"},{\"@type\":\"ListItem\",\"position\":5,\"name\":\"IMAGO Uchwyt podw\u00f3jny kr\u00f3tki VESA 75\\\/100 dla \u015br. 38 mm\"}]},{\"@type\":\"WebSite\",\"@id\":\"https:\\\/\\\/imago-systems.com\\\/#website\",\"url\":\"https:\\\/\\\/imago-systems.com\\\/\",\"name\":\"IMAGO systems\",\"description\":\"Nowoczesne rozwi\u0105zania dla przemys\u0142u i handlu detalicznego.\",\"publisher\":{\"@id\":\"https:\\\/\\\/imago-systems.com\\\/#organization\"},\"alternateName\":\"IMAGO\",\"potentialAction\":[{\"@type\":\"SearchAction\",\"target\":{\"@type\":\"EntryPoint\",\"urlTemplate\":\"https:\\\/\\\/imago-systems.com\\\/?s={search_term_string}\"},\"query-input\":{\"@type\":\"PropertyValueSpecification\",\"valueRequired\":true,\"valueName\":\"search_term_string\"}}],\"inLanguage\":\"en-US\"},{\"@type\":\"Organization\",\"@id\":\"https:\\\/\\\/imago-systems.com\\\/#organization\",\"name\":\"IMAGO Poland sp. z o.o.\",\"alternateName\":\"IMAGO\",\"url\":\"https:\\\/\\\/imago-systems.com\\\/\",\"logo\":{\"@type\":\"ImageObject\",\"inLanguage\":\"en-US\",\"@id\":\"https:\\\/\\\/imago-systems.com\\\/#\\\/schema\\\/logo\\\/image\\\/\",\"url\":\"https:\\\/\\\/imago-systems.com\\\/wp-content\\\/uploads\\\/2024\\\/11\\\/cropped-cropped-cropped-IMAGO-LOGO-.jpg\",\"contentUrl\":\"https:\\\/\\\/imago-systems.com\\\/wp-content\\\/uploads\\\/2024\\\/11\\\/cropped-cropped-cropped-IMAGO-LOGO-.jpg\",\"width\":512,\"height\":512,\"caption\":\"IMAGO Poland sp. z o.o.\"},\"image\":{\"@id\":\"https:\\\/\\\/imago-systems.com\\\/#\\\/schema\\\/logo\\\/image\\\/\"},\"sameAs\":[\"https:\\\/\\\/www.linkedin.com\\\/company\\\/imago-poland\\\/\"]}]}<\/script>\n<!-- \/ Yoast SEO plugin. -->","yoast_head_json":{"title":"Double VESA 75\/100 mount - IMAGO","description":"IMAGO Short Dual VESA 75\/100 Mount for 38mm Diameter for IMAGO TREE System. It allows you to securely mount two devices.","robots":{"index":"index","follow":"follow","max-snippet":"max-snippet:-1","max-image-preview":"max-image-preview:large","max-video-preview":"max-video-preview:-1"},"canonical":"https:\/\/imago-systems.com\/en\/product\/imago-double-short-vesa-75-100-mount-for-sr-38-mm\/","og_locale":"en_US","og_type":"article","og_title":"Podw\u00f3jny uchwyt VESA 75\/100 - IMAGO","og_description":"IMAGO Kr\u00f3tki podw\u00f3jny uchwyt VESA 75\/100 dla \u015br. 38 mm do monta\u017cu w systemie IMAGO TREE. Dzi\u0119ki niemu zamontujesz stabilnie dwa urz\u0105dzenia.","og_url":"https:\/\/imago-systems.com\/en\/product\/imago-double-short-vesa-75-100-mount-for-sr-38-mm\/","og_site_name":"IMAGO","article_modified_time":"2026-04-28T12:57:43+00:00","og_image":[{"width":600,"height":600,"url":"https:\/\/imago-systems.com\/wp-content\/uploads\/2024\/10\/IMAGO-Uchwyt-podwojny-krotki-VESA-75100-dla-sr.-38-mm.jpg","type":"image\/jpeg"}],"twitter_card":"summary_large_image","twitter_misc":{"Est. reading time":"2 minutes"},"schema":{"@context":"https:\/\/schema.org","@graph":[{"@type":"WebPage","@id":"https:\/\/imago-systems.com\/product\/imago-uchwyt-podwojny-krotki-vesa-75-100-dla-sr-38-mm\/","url":"https:\/\/imago-systems.com\/product\/imago-uchwyt-podwojny-krotki-vesa-75-100-dla-sr-38-mm\/","name":"Double VESA 75\/100 mount - IMAGO","isPartOf":{"@id":"https:\/\/imago-systems.com\/#website"},"primaryImageOfPage":{"@id":"https:\/\/imago-systems.com\/product\/imago-uchwyt-podwojny-krotki-vesa-75-100-dla-sr-38-mm\/#primaryimage"},"image":{"@id":"https:\/\/imago-systems.com\/product\/imago-uchwyt-podwojny-krotki-vesa-75-100-dla-sr-38-mm\/#primaryimage"},"thumbnailUrl":"https:\/\/imago-systems.com\/wp-content\/uploads\/2024\/10\/IMAGO-Uchwyt-podwojny-krotki-VESA-75100-dla-sr.-38-mm.jpg","datePublished":"2024-10-01T08:28:57+00:00","dateModified":"2026-04-28T12:57:43+00:00","description":"IMAGO Short Dual VESA 75\/100 Mount for 38mm Diameter for IMAGO TREE System. It allows you to securely mount two devices.","breadcrumb":{"@id":"https:\/\/imago-systems.com\/product\/imago-uchwyt-podwojny-krotki-vesa-75-100-dla-sr-38-mm\/#breadcrumb"},"inLanguage":"en-US","potentialAction":[{"@type":"ReadAction","target":["https:\/\/imago-systems.com\/product\/imago-uchwyt-podwojny-krotki-vesa-75-100-dla-sr-38-mm\/"]}]},{"@type":"ImageObject","inLanguage":"en-US","@id":"https:\/\/imago-systems.com\/product\/imago-uchwyt-podwojny-krotki-vesa-75-100-dla-sr-38-mm\/#primaryimage","url":"https:\/\/imago-systems.com\/wp-content\/uploads\/2024\/10\/IMAGO-Uchwyt-podwojny-krotki-VESA-75100-dla-sr.-38-mm.jpg","contentUrl":"https:\/\/imago-systems.com\/wp-content\/uploads\/2024\/10\/IMAGO-Uchwyt-podwojny-krotki-VESA-75100-dla-sr.-38-mm.jpg","width":600,"height":600,"caption":"IMAGO Uchwyt podw\u00f3jny kr\u00f3tki VESA 75x75 i 100x100 dla \u015br. 38 mm"},{"@type":"BreadcrumbList","@id":"https:\/\/imago-systems.com\/product\/imago-uchwyt-podwojny-krotki-vesa-75-100-dla-sr-38-mm\/#breadcrumb","itemListElement":[{"@type":"ListItem","position":1,"name":"Home","item":"https:\/\/imago-systems.com\/"},{"@type":"ListItem","position":2,"name":"Shop","item":"https:\/\/imago-systems.com\/shop\/"},{"@type":"ListItem","position":3,"name":"IMAGO Tree","item":"https:\/\/imago-systems.com\/product-category\/imago-tree\/"},{"@type":"ListItem","position":4,"name":"Uchwyty VESA","item":"https:\/\/imago-systems.com\/product-category\/imago-tree\/uchwyty-vesa\/"},{"@type":"ListItem","position":5,"name":"IMAGO Uchwyt podw\u00f3jny kr\u00f3tki VESA 75\/100 dla \u015br. 38 mm"}]},{"@type":"WebSite","@id":"https:\/\/imago-systems.com\/#website","url":"https:\/\/imago-systems.com\/","name":"IMAGO systems","description":"Modern solutions for industry and retail.","publisher":{"@id":"https:\/\/imago-systems.com\/#organization"},"alternateName":"IMAGO","potentialAction":[{"@type":"SearchAction","target":{"@type":"EntryPoint","urlTemplate":"https:\/\/imago-systems.com\/?s={search_term_string}"},"query-input":{"@type":"PropertyValueSpecification","valueRequired":true,"valueName":"search_term_string"}}],"inLanguage":"en-US"},{"@type":"Organization","@id":"https:\/\/imago-systems.com\/#organization","name":"IMAGO Poland sp. z o. o.","alternateName":"IMAGO","url":"https:\/\/imago-systems.com\/","logo":{"@type":"ImageObject","inLanguage":"en-US","@id":"https:\/\/imago-systems.com\/#\/schema\/logo\/image\/","url":"https:\/\/imago-systems.com\/wp-content\/uploads\/2024\/11\/cropped-cropped-cropped-IMAGO-LOGO-.jpg","contentUrl":"https:\/\/imago-systems.com\/wp-content\/uploads\/2024\/11\/cropped-cropped-cropped-IMAGO-LOGO-.jpg","width":512,"height":512,"caption":"IMAGO Poland sp. z o.o."},"image":{"@id":"https:\/\/imago-systems.com\/#\/schema\/logo\/image\/"},"sameAs":["https:\/\/www.linkedin.com\/company\/imago-poland\/"]}]}},"_links":{"self":[{"href":"https:\/\/imago-systems.com\/en\/wp-json\/wp\/v2\/product\/1902","targetHints":{"allow":["GET"]}}],"collection":[{"href":"https:\/\/imago-systems.com\/en\/wp-json\/wp\/v2\/product"}],"about":[{"href":"https:\/\/imago-systems.com\/en\/wp-json\/wp\/v2\/types\/product"}],"replies":[{"embeddable":true,"href":"https:\/\/imago-systems.com\/en\/wp-json\/wp\/v2\/comments?post=1902"}],"wp:featuredmedia":[{"embeddable":true,"href":"https:\/\/imago-systems.com\/en\/wp-json\/wp\/v2\/media\/1903"}],"wp:attachment":[{"href":"https:\/\/imago-systems.com\/en\/wp-json\/wp\/v2\/media?parent=1902"}],"wp:term":[{"taxonomy":"product_brand","embeddable":true,"href":"https:\/\/imago-systems.com\/en\/wp-json\/wp\/v2\/product_brand?post=1902"},{"taxonomy":"product_cat","embeddable":true,"href":"https:\/\/imago-systems.com\/en\/wp-json\/wp\/v2\/product_cat?post=1902"},{"taxonomy":"product_tag","embeddable":true,"href":"https:\/\/imago-systems.com\/en\/wp-json\/wp\/v2\/product_tag?post=1902"}],"curies":[{"name":"wp","href":"https:\/\/api.w.org\/{rel}","templated":true}]}}