{"id":1898,"date":"2024-10-01T10:49:18","date_gmt":"2024-10-01T07:49:18","guid":{"rendered":"http:\/\/imago-systems.com\/?post_type=product&#038;p=1898"},"modified":"2026-04-28T14:13:22","modified_gmt":"2026-04-28T13:13:22","slug":"imago-ramie-wzmocnione-z-uchwytem-na-przewody-180-mm-dla-sr-38-mm-z-pierscieniem","status":"publish","type":"product","link":"https:\/\/imago-systems.com\/en\/product\/imago-ramie-wzmocnione-z-uchwytem-na-przewody-180-mm-dla-sr-38-mm-z-pierscieniem\/","title":{"rendered":"IMAGO Reinforced arm with cable holder 180 mm for ? 38 mm with ring"},"content":{"rendered":"<p><strong>Reinforced arm with cable holder 180 mm for 38 mm diameter with ring<\/strong> This functional element of the IMAGO TREE mounting system is designed to create stable and well-organized workstations. It&#039;s perfect for applications where, in addition to device installation, cable management and the durability of the entire structure are also important.<\/p>\n<p>&nbsp;<\/p>\n<p>The 180 mm length allows the mounted device to be conveniently extended beyond the base post, providing greater flexibility in station configuration and better adapting the device&#039;s location to the user&#039;s needs. The reinforced design is suitable for heavier accessories or heavily used stations. This arm is most often used for mounting keyboards.<\/p>\n<p>&nbsp;<\/p>\n<p>The integrated cable management helps organize cables, improving the aesthetics of your setup and reducing cable clutter. The included mounting ring further stabilizes the mount and simplifies the process of building a complete setup.<\/p>\n<p>&nbsp;<\/p>\n<h2>What makes this arm special?<\/h2>\n<ul>\n<li>reinforced structure for increased stability<\/li>\n<li>180 mm length for greater installation flexibility<\/li>\n<li>cable holder supporting cable organization<\/li>\n<li>mounting ring included<\/li>\n<li>powder-coated steel structure<\/li>\n<li>compatibility with the IMAGO TREE system<\/li>\n<\/ul>\n<p>&nbsp;<\/p>\n<p>This solution works well in POS stations, service points, production and wherever ergonomics, order and durability of the assembly system are important.<\/p>\n<p>&nbsp;<\/p>\n<p><strong><a href=\"https:\/\/imago-systems.com\/en\/product-category\/imago-tree\/ramiona-do-uchwytow-montazowych\/\">Arms for mounting brackets<\/a> are available in various variants, so you can choose a configuration tailored to your specific application.<\/strong><\/p>","protected":false},"excerpt":{"rendered":"<p>IMAGO Reinforced arm with cable holder 180 mm for \u00d8 38 mm with ring is a durable and functional accessory, designed for precise mounting of holders.<\/p>","protected":false},"featured_media":0,"comment_status":"open","ping_status":"closed","template":"","meta":[],"product_brand":[],"product_cat":[125],"product_tag":[220],"class_list":{"0":"post-1898","1":"product","2":"type-product","3":"status-publish","5":"product_cat-ramiona-do-uchwytow-montazowych","6":"product_tag-220","8":"first","9":"instock","10":"shipping-taxable","11":"product-type-simple"},"acf":[],"yoast_head":"<!-- This site is optimized with the Yoast SEO plugin v27.6 - https:\/\/yoast.com\/product\/yoast-seo-wordpress\/ -->\n<title>Rami\u0119 monta\u017cowe z uchwytem na przewody | stanowisko POS<\/title>\n<meta name=\"description\" content=\"Rami\u0119 monta\u017cowe 180 mm z pier\u015bcieniem mocuj\u0105cym zosta\u0142o zaprojektowane do precyzyjnego monta\u017cu uchwyt\u00f3w na klawiatur\u0119.\" \/>\n<meta name=\"robots\" content=\"index, follow, max-snippet:-1, max-image-preview:large, max-video-preview:-1\" \/>\n<link rel=\"canonical\" href=\"https:\/\/imago-systems.com\/en\/product\/imago-ramie-wzmocnione-z-uchwytem-na-przewody-180-mm-dla-sr-38-mm-z-pierscieniem\/\" \/>\n<meta property=\"og:locale\" content=\"en_US\" \/>\n<meta property=\"og:type\" content=\"article\" \/>\n<meta property=\"og:title\" content=\"Rami\u0119 monta\u017cowe z uchwytem na przewody | stanowisko POS\" \/>\n<meta property=\"og:description\" content=\"Rami\u0119 monta\u017cowe 180 mm z pier\u015bcieniem mocuj\u0105cym zosta\u0142o zaprojektowane do precyzyjnego monta\u017cu uchwyt\u00f3w na klawiatur\u0119.\" \/>\n<meta property=\"og:url\" content=\"https:\/\/imago-systems.com\/en\/product\/imago-ramie-wzmocnione-z-uchwytem-na-przewody-180-mm-dla-sr-38-mm-z-pierscieniem\/\" \/>\n<meta property=\"og:site_name\" content=\"IMAGO\" \/>\n<meta property=\"article:modified_time\" content=\"2026-04-28T13:13:22+00:00\" \/>\n<meta property=\"og:image\" content=\"https:\/\/imago-systems.com\/wp-content\/uploads\/2024\/11\/cropped-cropped-cropped-IMAGO-LOGO-.jpg\" \/>\n\t<meta property=\"og:image:width\" content=\"512\" \/>\n\t<meta property=\"og:image:height\" content=\"512\" \/>\n\t<meta property=\"og:image:type\" content=\"image\/jpeg\" \/>\n<meta name=\"twitter:card\" content=\"summary_large_image\" \/>\n<meta name=\"twitter:label1\" content=\"Est. reading time\" \/>\n\t<meta name=\"twitter:data1\" content=\"2 minutes\" \/>\n<script type=\"application\/ld+json\" class=\"yoast-schema-graph\">{\"@context\":\"https:\\\/\\\/schema.org\",\"@graph\":[{\"@type\":\"WebPage\",\"@id\":\"https:\\\/\\\/imago-systems.com\\\/product\\\/imago-ramie-wzmocnione-z-uchwytem-na-przewody-180-mm-dla-sr-38-mm-z-pierscieniem\\\/\",\"url\":\"https:\\\/\\\/imago-systems.com\\\/product\\\/imago-ramie-wzmocnione-z-uchwytem-na-przewody-180-mm-dla-sr-38-mm-z-pierscieniem\\\/\",\"name\":\"Rami\u0119 monta\u017cowe z uchwytem na przewody | stanowisko POS\",\"isPartOf\":{\"@id\":\"https:\\\/\\\/imago-systems.com\\\/#website\"},\"datePublished\":\"2024-10-01T07:49:18+00:00\",\"dateModified\":\"2026-04-28T13:13:22+00:00\",\"description\":\"Rami\u0119 monta\u017cowe 180 mm z pier\u015bcieniem mocuj\u0105cym zosta\u0142o zaprojektowane do precyzyjnego monta\u017cu uchwyt\u00f3w na klawiatur\u0119.\",\"breadcrumb\":{\"@id\":\"https:\\\/\\\/imago-systems.com\\\/product\\\/imago-ramie-wzmocnione-z-uchwytem-na-przewody-180-mm-dla-sr-38-mm-z-pierscieniem\\\/#breadcrumb\"},\"inLanguage\":\"en-US\",\"potentialAction\":[{\"@type\":\"ReadAction\",\"target\":[\"https:\\\/\\\/imago-systems.com\\\/product\\\/imago-ramie-wzmocnione-z-uchwytem-na-przewody-180-mm-dla-sr-38-mm-z-pierscieniem\\\/\"]}]},{\"@type\":\"BreadcrumbList\",\"@id\":\"https:\\\/\\\/imago-systems.com\\\/product\\\/imago-ramie-wzmocnione-z-uchwytem-na-przewody-180-mm-dla-sr-38-mm-z-pierscieniem\\\/#breadcrumb\",\"itemListElement\":[{\"@type\":\"ListItem\",\"position\":1,\"name\":\"Home\",\"item\":\"https:\\\/\\\/imago-systems.com\\\/\"},{\"@type\":\"ListItem\",\"position\":2,\"name\":\"Shop\",\"item\":\"https:\\\/\\\/imago-systems.com\\\/shop\\\/\"},{\"@type\":\"ListItem\",\"position\":3,\"name\":\"IMAGO Tree\",\"item\":\"https:\\\/\\\/imago-systems.com\\\/product-category\\\/imago-tree\\\/\"},{\"@type\":\"ListItem\",\"position\":4,\"name\":\"Ramiona do uchwyt\u00f3w monta\u017cowych\",\"item\":\"https:\\\/\\\/imago-systems.com\\\/product-category\\\/imago-tree\\\/ramiona-do-uchwytow-montazowych\\\/\"},{\"@type\":\"ListItem\",\"position\":5,\"name\":\"IMAGO Rami\u0119 wzmocnione z uchwytem na przewody 180 mm dla \u015br. 38 mm z pier\u015bcieniem\"}]},{\"@type\":\"WebSite\",\"@id\":\"https:\\\/\\\/imago-systems.com\\\/#website\",\"url\":\"https:\\\/\\\/imago-systems.com\\\/\",\"name\":\"IMAGO systems\",\"description\":\"Nowoczesne rozwi\u0105zania dla przemys\u0142u i handlu detalicznego.\",\"publisher\":{\"@id\":\"https:\\\/\\\/imago-systems.com\\\/#organization\"},\"alternateName\":\"IMAGO\",\"potentialAction\":[{\"@type\":\"SearchAction\",\"target\":{\"@type\":\"EntryPoint\",\"urlTemplate\":\"https:\\\/\\\/imago-systems.com\\\/?s={search_term_string}\"},\"query-input\":{\"@type\":\"PropertyValueSpecification\",\"valueRequired\":true,\"valueName\":\"search_term_string\"}}],\"inLanguage\":\"en-US\"},{\"@type\":\"Organization\",\"@id\":\"https:\\\/\\\/imago-systems.com\\\/#organization\",\"name\":\"IMAGO Poland sp. z o.o.\",\"alternateName\":\"IMAGO\",\"url\":\"https:\\\/\\\/imago-systems.com\\\/\",\"logo\":{\"@type\":\"ImageObject\",\"inLanguage\":\"en-US\",\"@id\":\"https:\\\/\\\/imago-systems.com\\\/#\\\/schema\\\/logo\\\/image\\\/\",\"url\":\"https:\\\/\\\/imago-systems.com\\\/wp-content\\\/uploads\\\/2024\\\/11\\\/cropped-cropped-cropped-IMAGO-LOGO-.jpg\",\"contentUrl\":\"https:\\\/\\\/imago-systems.com\\\/wp-content\\\/uploads\\\/2024\\\/11\\\/cropped-cropped-cropped-IMAGO-LOGO-.jpg\",\"width\":512,\"height\":512,\"caption\":\"IMAGO Poland sp. z o.o.\"},\"image\":{\"@id\":\"https:\\\/\\\/imago-systems.com\\\/#\\\/schema\\\/logo\\\/image\\\/\"},\"sameAs\":[\"https:\\\/\\\/www.linkedin.com\\\/company\\\/imago-poland\\\/\"]}]}<\/script>\n<!-- \/ Yoast SEO plugin. -->","yoast_head_json":{"title":"Rami\u0119 monta\u017cowe z uchwytem na przewody | stanowisko POS","description":"Rami\u0119 monta\u017cowe 180 mm z pier\u015bcieniem mocuj\u0105cym zosta\u0142o zaprojektowane do precyzyjnego monta\u017cu uchwyt\u00f3w na klawiatur\u0119.","robots":{"index":"index","follow":"follow","max-snippet":"max-snippet:-1","max-image-preview":"max-image-preview:large","max-video-preview":"max-video-preview:-1"},"canonical":"https:\/\/imago-systems.com\/en\/product\/imago-ramie-wzmocnione-z-uchwytem-na-przewody-180-mm-dla-sr-38-mm-z-pierscieniem\/","og_locale":"en_US","og_type":"article","og_title":"Rami\u0119 monta\u017cowe z uchwytem na przewody | stanowisko POS","og_description":"Rami\u0119 monta\u017cowe 180 mm z pier\u015bcieniem mocuj\u0105cym zosta\u0142o zaprojektowane do precyzyjnego monta\u017cu uchwyt\u00f3w na klawiatur\u0119.","og_url":"https:\/\/imago-systems.com\/en\/product\/imago-ramie-wzmocnione-z-uchwytem-na-przewody-180-mm-dla-sr-38-mm-z-pierscieniem\/","og_site_name":"IMAGO","article_modified_time":"2026-04-28T13:13:22+00:00","og_image":[{"width":512,"height":512,"url":"https:\/\/imago-systems.com\/wp-content\/uploads\/2024\/11\/cropped-cropped-cropped-IMAGO-LOGO-.jpg","type":"image\/jpeg"}],"twitter_card":"summary_large_image","twitter_misc":{"Est. reading time":"2 minutes"},"schema":{"@context":"https:\/\/schema.org","@graph":[{"@type":"WebPage","@id":"https:\/\/imago-systems.com\/product\/imago-ramie-wzmocnione-z-uchwytem-na-przewody-180-mm-dla-sr-38-mm-z-pierscieniem\/","url":"https:\/\/imago-systems.com\/product\/imago-ramie-wzmocnione-z-uchwytem-na-przewody-180-mm-dla-sr-38-mm-z-pierscieniem\/","name":"Rami\u0119 monta\u017cowe z uchwytem na przewody | stanowisko POS","isPartOf":{"@id":"https:\/\/imago-systems.com\/#website"},"datePublished":"2024-10-01T07:49:18+00:00","dateModified":"2026-04-28T13:13:22+00:00","description":"Rami\u0119 monta\u017cowe 180 mm z pier\u015bcieniem mocuj\u0105cym zosta\u0142o zaprojektowane do precyzyjnego monta\u017cu uchwyt\u00f3w na klawiatur\u0119.","breadcrumb":{"@id":"https:\/\/imago-systems.com\/product\/imago-ramie-wzmocnione-z-uchwytem-na-przewody-180-mm-dla-sr-38-mm-z-pierscieniem\/#breadcrumb"},"inLanguage":"en-US","potentialAction":[{"@type":"ReadAction","target":["https:\/\/imago-systems.com\/product\/imago-ramie-wzmocnione-z-uchwytem-na-przewody-180-mm-dla-sr-38-mm-z-pierscieniem\/"]}]},{"@type":"BreadcrumbList","@id":"https:\/\/imago-systems.com\/product\/imago-ramie-wzmocnione-z-uchwytem-na-przewody-180-mm-dla-sr-38-mm-z-pierscieniem\/#breadcrumb","itemListElement":[{"@type":"ListItem","position":1,"name":"Home","item":"https:\/\/imago-systems.com\/"},{"@type":"ListItem","position":2,"name":"Shop","item":"https:\/\/imago-systems.com\/shop\/"},{"@type":"ListItem","position":3,"name":"IMAGO Tree","item":"https:\/\/imago-systems.com\/product-category\/imago-tree\/"},{"@type":"ListItem","position":4,"name":"Ramiona do uchwyt\u00f3w monta\u017cowych","item":"https:\/\/imago-systems.com\/product-category\/imago-tree\/ramiona-do-uchwytow-montazowych\/"},{"@type":"ListItem","position":5,"name":"IMAGO Rami\u0119 wzmocnione z uchwytem na przewody 180 mm dla \u015br. 38 mm z pier\u015bcieniem"}]},{"@type":"WebSite","@id":"https:\/\/imago-systems.com\/#website","url":"https:\/\/imago-systems.com\/","name":"IMAGO systems","description":"Modern solutions for industry and retail.","publisher":{"@id":"https:\/\/imago-systems.com\/#organization"},"alternateName":"IMAGO","potentialAction":[{"@type":"SearchAction","target":{"@type":"EntryPoint","urlTemplate":"https:\/\/imago-systems.com\/?s={search_term_string}"},"query-input":{"@type":"PropertyValueSpecification","valueRequired":true,"valueName":"search_term_string"}}],"inLanguage":"en-US"},{"@type":"Organization","@id":"https:\/\/imago-systems.com\/#organization","name":"IMAGO Poland sp. z o. o.","alternateName":"IMAGO","url":"https:\/\/imago-systems.com\/","logo":{"@type":"ImageObject","inLanguage":"en-US","@id":"https:\/\/imago-systems.com\/#\/schema\/logo\/image\/","url":"https:\/\/imago-systems.com\/wp-content\/uploads\/2024\/11\/cropped-cropped-cropped-IMAGO-LOGO-.jpg","contentUrl":"https:\/\/imago-systems.com\/wp-content\/uploads\/2024\/11\/cropped-cropped-cropped-IMAGO-LOGO-.jpg","width":512,"height":512,"caption":"IMAGO Poland sp. z o.o."},"image":{"@id":"https:\/\/imago-systems.com\/#\/schema\/logo\/image\/"},"sameAs":["https:\/\/www.linkedin.com\/company\/imago-poland\/"]}]}},"_links":{"self":[{"href":"https:\/\/imago-systems.com\/en\/wp-json\/wp\/v2\/product\/1898","targetHints":{"allow":["GET"]}}],"collection":[{"href":"https:\/\/imago-systems.com\/en\/wp-json\/wp\/v2\/product"}],"about":[{"href":"https:\/\/imago-systems.com\/en\/wp-json\/wp\/v2\/types\/product"}],"replies":[{"embeddable":true,"href":"https:\/\/imago-systems.com\/en\/wp-json\/wp\/v2\/comments?post=1898"}],"wp:attachment":[{"href":"https:\/\/imago-systems.com\/en\/wp-json\/wp\/v2\/media?parent=1898"}],"wp:term":[{"taxonomy":"product_brand","embeddable":true,"href":"https:\/\/imago-systems.com\/en\/wp-json\/wp\/v2\/product_brand?post=1898"},{"taxonomy":"product_cat","embeddable":true,"href":"https:\/\/imago-systems.com\/en\/wp-json\/wp\/v2\/product_cat?post=1898"},{"taxonomy":"product_tag","embeddable":true,"href":"https:\/\/imago-systems.com\/en\/wp-json\/wp\/v2\/product_tag?post=1898"}],"curies":[{"name":"wp","href":"https:\/\/api.w.org\/{rel}","templated":true}]}}