{"id":1869,"date":"2024-09-27T15:20:50","date_gmt":"2024-09-27T12:20:50","guid":{"rendered":"http:\/\/imago-systems.com\/?post_type=product&#038;p=1869"},"modified":"2025-10-17T13:32:38","modified_gmt":"2025-10-17T12:32:38","slug":"imago-ramie-z-wycieciem-i-uchwytem-na-przewody-250-mm-dla-sr-38-mm-z-pierscieniem","status":"publish","type":"product","link":"https:\/\/imago-systems.com\/en\/product\/imago-ramie-z-wycieciem-i-uchwytem-na-przewody-250-mm-dla-sr-38-mm-z-pierscieniem\/","title":{"rendered":"IMAGO Arm with cutout and cable holder 250 mm for ? 38 mm with ring"},"content":{"rendered":"<h1><strong>IMAGO 250 mm long, 38 mm diameter cable holder arm with ring is a durable component made of powder-coated steel, ensuring stability and reliability.<\/strong><\/h1>\n<p>&nbsp;<\/p>\n<p>Thanks to its well-thought-out design, the arm increases the functionality of the workstation, and the cable holder allows for effective cable organization. It allows for easy attachment of payment terminals and VESA mounts in the IMAGO TREE system, which makes it an ideal solution for better workspace management. The cutout ensures rotation and stability of the attached mounts and devices.<\/p>\n<p>&nbsp;<\/p>\n<h2><strong>Arm Features:<\/strong><\/h2>\n<ul>\n<li>Made of powder coated steel,<\/li>\n<li>Stable construction,<\/li>\n<li>Cable holder for easy organization,<\/li>\n<li>Allows you to attach holders for payment terminals and VESA holders to IMAGO TREE.<\/li>\n<\/ul>\n<p>&nbsp;<\/p>\n<h3><strong><a href=\"https:\/\/imago-systems.com\/en\/product-category\/imago-tree\/ramiona-do-uchwytow-montazowych\/\">Arms for mounting brackets<\/a> come in different variants.<\/strong><\/h3>","protected":false},"excerpt":{"rendered":"<p>IMAGO 250 mm long, 38 mm diameter cable holder arm with ring is a durable component made of powder-coated steel, ensuring stability and reliability.<\/p>","protected":false},"featured_media":1870,"comment_status":"open","ping_status":"closed","template":"","meta":[],"product_brand":[],"product_cat":[125],"product_tag":[250],"class_list":{"0":"post-1869","1":"product","2":"type-product","3":"status-publish","4":"has-post-thumbnail","6":"product_cat-ramiona-do-uchwytow-montazowych","7":"product_tag-250","9":"first","10":"instock","11":"shipping-taxable","12":"product-type-simple"},"acf":[],"yoast_head":"<!-- This site is optimized with the Yoast SEO plugin v27.6 - https:\/\/yoast.com\/product\/yoast-seo-wordpress\/ -->\n<title>IMAGO Rami\u0119 z wyci\u0119ciem i uchwytem na przewody 250 mm<\/title>\n<meta name=\"description\" content=\"IMAGO Rami\u0119 z wyci\u0119ciem i uchwytem na przewody o d\u0142ugo\u015bci 250 mm z pier\u015bcieniem to wytrzyma\u0142y komponent wykonany ze stali malowanej proszkowo.\" \/>\n<meta name=\"robots\" content=\"index, follow, max-snippet:-1, max-image-preview:large, max-video-preview:-1\" \/>\n<link rel=\"canonical\" href=\"https:\/\/imago-systems.com\/en\/product\/imago-ramie-z-wycieciem-i-uchwytem-na-przewody-250-mm-dla-sr-38-mm-z-pierscieniem\/\" \/>\n<meta property=\"og:locale\" content=\"en_US\" \/>\n<meta property=\"og:type\" content=\"article\" \/>\n<meta property=\"og:title\" content=\"IMAGO Rami\u0119 z wyci\u0119ciem i uchwytem na przewody 250 mm\" \/>\n<meta property=\"og:description\" content=\"IMAGO Rami\u0119 z wyci\u0119ciem i uchwytem na przewody o d\u0142ugo\u015bci 250 mm z pier\u015bcieniem to wytrzyma\u0142y komponent wykonany ze stali malowanej proszkowo.\" \/>\n<meta property=\"og:url\" content=\"https:\/\/imago-systems.com\/en\/product\/imago-ramie-z-wycieciem-i-uchwytem-na-przewody-250-mm-dla-sr-38-mm-z-pierscieniem\/\" \/>\n<meta property=\"og:site_name\" content=\"IMAGO\" \/>\n<meta property=\"article:modified_time\" content=\"2025-10-17T12:32:38+00:00\" \/>\n<meta property=\"og:image\" content=\"https:\/\/imago-systems.com\/wp-content\/uploads\/2024\/09\/IMAGO-Ramie-z-wycieciem-i-uchwytem-na-przewody-250-mm-dla-sr.-38-mm-z-pierscieniem-.jpg\" \/>\n\t<meta property=\"og:image:width\" content=\"600\" \/>\n\t<meta property=\"og:image:height\" content=\"600\" \/>\n\t<meta property=\"og:image:type\" content=\"image\/jpeg\" \/>\n<meta name=\"twitter:card\" content=\"summary_large_image\" \/>\n<meta name=\"twitter:label1\" content=\"Est. reading time\" \/>\n\t<meta name=\"twitter:data1\" content=\"1 minute\" \/>\n<script type=\"application\/ld+json\" class=\"yoast-schema-graph\">{\"@context\":\"https:\\\/\\\/schema.org\",\"@graph\":[{\"@type\":\"WebPage\",\"@id\":\"https:\\\/\\\/imago-systems.com\\\/product\\\/imago-ramie-z-wycieciem-i-uchwytem-na-przewody-250-mm-dla-sr-38-mm-z-pierscieniem\\\/\",\"url\":\"https:\\\/\\\/imago-systems.com\\\/product\\\/imago-ramie-z-wycieciem-i-uchwytem-na-przewody-250-mm-dla-sr-38-mm-z-pierscieniem\\\/\",\"name\":\"IMAGO Rami\u0119 z wyci\u0119ciem i uchwytem na przewody 250 mm\",\"isPartOf\":{\"@id\":\"https:\\\/\\\/imago-systems.com\\\/#website\"},\"primaryImageOfPage\":{\"@id\":\"https:\\\/\\\/imago-systems.com\\\/product\\\/imago-ramie-z-wycieciem-i-uchwytem-na-przewody-250-mm-dla-sr-38-mm-z-pierscieniem\\\/#primaryimage\"},\"image\":{\"@id\":\"https:\\\/\\\/imago-systems.com\\\/product\\\/imago-ramie-z-wycieciem-i-uchwytem-na-przewody-250-mm-dla-sr-38-mm-z-pierscieniem\\\/#primaryimage\"},\"thumbnailUrl\":\"https:\\\/\\\/imago-systems.com\\\/wp-content\\\/uploads\\\/2024\\\/09\\\/IMAGO-Ramie-z-wycieciem-i-uchwytem-na-przewody-250-mm-dla-sr.-38-mm-z-pierscieniem-.jpg\",\"datePublished\":\"2024-09-27T12:20:50+00:00\",\"dateModified\":\"2025-10-17T12:32:38+00:00\",\"description\":\"IMAGO Rami\u0119 z wyci\u0119ciem i uchwytem na przewody o d\u0142ugo\u015bci 250 mm z pier\u015bcieniem to wytrzyma\u0142y komponent wykonany ze stali malowanej proszkowo.\",\"breadcrumb\":{\"@id\":\"https:\\\/\\\/imago-systems.com\\\/product\\\/imago-ramie-z-wycieciem-i-uchwytem-na-przewody-250-mm-dla-sr-38-mm-z-pierscieniem\\\/#breadcrumb\"},\"inLanguage\":\"en-US\",\"potentialAction\":[{\"@type\":\"ReadAction\",\"target\":[\"https:\\\/\\\/imago-systems.com\\\/product\\\/imago-ramie-z-wycieciem-i-uchwytem-na-przewody-250-mm-dla-sr-38-mm-z-pierscieniem\\\/\"]}]},{\"@type\":\"ImageObject\",\"inLanguage\":\"en-US\",\"@id\":\"https:\\\/\\\/imago-systems.com\\\/product\\\/imago-ramie-z-wycieciem-i-uchwytem-na-przewody-250-mm-dla-sr-38-mm-z-pierscieniem\\\/#primaryimage\",\"url\":\"https:\\\/\\\/imago-systems.com\\\/wp-content\\\/uploads\\\/2024\\\/09\\\/IMAGO-Ramie-z-wycieciem-i-uchwytem-na-przewody-250-mm-dla-sr.-38-mm-z-pierscieniem-.jpg\",\"contentUrl\":\"https:\\\/\\\/imago-systems.com\\\/wp-content\\\/uploads\\\/2024\\\/09\\\/IMAGO-Ramie-z-wycieciem-i-uchwytem-na-przewody-250-mm-dla-sr.-38-mm-z-pierscieniem-.jpg\",\"width\":600,\"height\":600,\"caption\":\"IMAGO Rami\u0119 z wyci\u0119ciem i uchwytem na przewody 250 mm dla \u015br. 38 mm z pier\u015bcieniem\"},{\"@type\":\"BreadcrumbList\",\"@id\":\"https:\\\/\\\/imago-systems.com\\\/product\\\/imago-ramie-z-wycieciem-i-uchwytem-na-przewody-250-mm-dla-sr-38-mm-z-pierscieniem\\\/#breadcrumb\",\"itemListElement\":[{\"@type\":\"ListItem\",\"position\":1,\"name\":\"Home\",\"item\":\"https:\\\/\\\/imago-systems.com\\\/\"},{\"@type\":\"ListItem\",\"position\":2,\"name\":\"Shop\",\"item\":\"https:\\\/\\\/imago-systems.com\\\/shop\\\/\"},{\"@type\":\"ListItem\",\"position\":3,\"name\":\"IMAGO Tree\",\"item\":\"https:\\\/\\\/imago-systems.com\\\/product-category\\\/imago-tree\\\/\"},{\"@type\":\"ListItem\",\"position\":4,\"name\":\"Ramiona do uchwyt\u00f3w monta\u017cowych\",\"item\":\"https:\\\/\\\/imago-systems.com\\\/product-category\\\/imago-tree\\\/ramiona-do-uchwytow-montazowych\\\/\"},{\"@type\":\"ListItem\",\"position\":5,\"name\":\"IMAGO Rami\u0119 z wyci\u0119ciem i uchwytem na przewody 250 mm dla \u015br. 38 mm z pier\u015bcieniem\"}]},{\"@type\":\"WebSite\",\"@id\":\"https:\\\/\\\/imago-systems.com\\\/#website\",\"url\":\"https:\\\/\\\/imago-systems.com\\\/\",\"name\":\"IMAGO systems\",\"description\":\"Nowoczesne rozwi\u0105zania dla przemys\u0142u i handlu detalicznego.\",\"publisher\":{\"@id\":\"https:\\\/\\\/imago-systems.com\\\/#organization\"},\"alternateName\":\"IMAGO\",\"potentialAction\":[{\"@type\":\"SearchAction\",\"target\":{\"@type\":\"EntryPoint\",\"urlTemplate\":\"https:\\\/\\\/imago-systems.com\\\/?s={search_term_string}\"},\"query-input\":{\"@type\":\"PropertyValueSpecification\",\"valueRequired\":true,\"valueName\":\"search_term_string\"}}],\"inLanguage\":\"en-US\"},{\"@type\":\"Organization\",\"@id\":\"https:\\\/\\\/imago-systems.com\\\/#organization\",\"name\":\"IMAGO Poland sp. z o.o.\",\"alternateName\":\"IMAGO\",\"url\":\"https:\\\/\\\/imago-systems.com\\\/\",\"logo\":{\"@type\":\"ImageObject\",\"inLanguage\":\"en-US\",\"@id\":\"https:\\\/\\\/imago-systems.com\\\/#\\\/schema\\\/logo\\\/image\\\/\",\"url\":\"https:\\\/\\\/imago-systems.com\\\/wp-content\\\/uploads\\\/2024\\\/11\\\/cropped-cropped-cropped-IMAGO-LOGO-.jpg\",\"contentUrl\":\"https:\\\/\\\/imago-systems.com\\\/wp-content\\\/uploads\\\/2024\\\/11\\\/cropped-cropped-cropped-IMAGO-LOGO-.jpg\",\"width\":512,\"height\":512,\"caption\":\"IMAGO Poland sp. z o.o.\"},\"image\":{\"@id\":\"https:\\\/\\\/imago-systems.com\\\/#\\\/schema\\\/logo\\\/image\\\/\"},\"sameAs\":[\"https:\\\/\\\/www.linkedin.com\\\/company\\\/imago-poland\\\/\"]}]}<\/script>\n<!-- \/ Yoast SEO plugin. -->","yoast_head_json":{"title":"IMAGO Arm with cutout and cable holder 250 mm","description":"IMAGO Arm with cutout and 250 mm cable holder with ring is a durable component made of powder-coated steel.","robots":{"index":"index","follow":"follow","max-snippet":"max-snippet:-1","max-image-preview":"max-image-preview:large","max-video-preview":"max-video-preview:-1"},"canonical":"https:\/\/imago-systems.com\/en\/product\/imago-ramie-z-wycieciem-i-uchwytem-na-przewody-250-mm-dla-sr-38-mm-z-pierscieniem\/","og_locale":"en_US","og_type":"article","og_title":"IMAGO Rami\u0119 z wyci\u0119ciem i uchwytem na przewody 250 mm","og_description":"IMAGO Rami\u0119 z wyci\u0119ciem i uchwytem na przewody o d\u0142ugo\u015bci 250 mm z pier\u015bcieniem to wytrzyma\u0142y komponent wykonany ze stali malowanej proszkowo.","og_url":"https:\/\/imago-systems.com\/en\/product\/imago-ramie-z-wycieciem-i-uchwytem-na-przewody-250-mm-dla-sr-38-mm-z-pierscieniem\/","og_site_name":"IMAGO","article_modified_time":"2025-10-17T12:32:38+00:00","og_image":[{"width":600,"height":600,"url":"https:\/\/imago-systems.com\/wp-content\/uploads\/2024\/09\/IMAGO-Ramie-z-wycieciem-i-uchwytem-na-przewody-250-mm-dla-sr.-38-mm-z-pierscieniem-.jpg","type":"image\/jpeg"}],"twitter_card":"summary_large_image","twitter_misc":{"Est. reading time":"1 minute"},"schema":{"@context":"https:\/\/schema.org","@graph":[{"@type":"WebPage","@id":"https:\/\/imago-systems.com\/product\/imago-ramie-z-wycieciem-i-uchwytem-na-przewody-250-mm-dla-sr-38-mm-z-pierscieniem\/","url":"https:\/\/imago-systems.com\/product\/imago-ramie-z-wycieciem-i-uchwytem-na-przewody-250-mm-dla-sr-38-mm-z-pierscieniem\/","name":"IMAGO Arm with cutout and cable holder 250 mm","isPartOf":{"@id":"https:\/\/imago-systems.com\/#website"},"primaryImageOfPage":{"@id":"https:\/\/imago-systems.com\/product\/imago-ramie-z-wycieciem-i-uchwytem-na-przewody-250-mm-dla-sr-38-mm-z-pierscieniem\/#primaryimage"},"image":{"@id":"https:\/\/imago-systems.com\/product\/imago-ramie-z-wycieciem-i-uchwytem-na-przewody-250-mm-dla-sr-38-mm-z-pierscieniem\/#primaryimage"},"thumbnailUrl":"https:\/\/imago-systems.com\/wp-content\/uploads\/2024\/09\/IMAGO-Ramie-z-wycieciem-i-uchwytem-na-przewody-250-mm-dla-sr.-38-mm-z-pierscieniem-.jpg","datePublished":"2024-09-27T12:20:50+00:00","dateModified":"2025-10-17T12:32:38+00:00","description":"IMAGO Arm with cutout and 250 mm cable holder with ring is a durable component made of powder-coated steel.","breadcrumb":{"@id":"https:\/\/imago-systems.com\/product\/imago-ramie-z-wycieciem-i-uchwytem-na-przewody-250-mm-dla-sr-38-mm-z-pierscieniem\/#breadcrumb"},"inLanguage":"en-US","potentialAction":[{"@type":"ReadAction","target":["https:\/\/imago-systems.com\/product\/imago-ramie-z-wycieciem-i-uchwytem-na-przewody-250-mm-dla-sr-38-mm-z-pierscieniem\/"]}]},{"@type":"ImageObject","inLanguage":"en-US","@id":"https:\/\/imago-systems.com\/product\/imago-ramie-z-wycieciem-i-uchwytem-na-przewody-250-mm-dla-sr-38-mm-z-pierscieniem\/#primaryimage","url":"https:\/\/imago-systems.com\/wp-content\/uploads\/2024\/09\/IMAGO-Ramie-z-wycieciem-i-uchwytem-na-przewody-250-mm-dla-sr.-38-mm-z-pierscieniem-.jpg","contentUrl":"https:\/\/imago-systems.com\/wp-content\/uploads\/2024\/09\/IMAGO-Ramie-z-wycieciem-i-uchwytem-na-przewody-250-mm-dla-sr.-38-mm-z-pierscieniem-.jpg","width":600,"height":600,"caption":"IMAGO Rami\u0119 z wyci\u0119ciem i uchwytem na przewody 250 mm dla \u015br. 38 mm z pier\u015bcieniem"},{"@type":"BreadcrumbList","@id":"https:\/\/imago-systems.com\/product\/imago-ramie-z-wycieciem-i-uchwytem-na-przewody-250-mm-dla-sr-38-mm-z-pierscieniem\/#breadcrumb","itemListElement":[{"@type":"ListItem","position":1,"name":"Home","item":"https:\/\/imago-systems.com\/"},{"@type":"ListItem","position":2,"name":"Shop","item":"https:\/\/imago-systems.com\/shop\/"},{"@type":"ListItem","position":3,"name":"IMAGO Tree","item":"https:\/\/imago-systems.com\/product-category\/imago-tree\/"},{"@type":"ListItem","position":4,"name":"Ramiona do uchwyt\u00f3w monta\u017cowych","item":"https:\/\/imago-systems.com\/product-category\/imago-tree\/ramiona-do-uchwytow-montazowych\/"},{"@type":"ListItem","position":5,"name":"IMAGO Rami\u0119 z wyci\u0119ciem i uchwytem na przewody 250 mm dla \u015br. 38 mm z pier\u015bcieniem"}]},{"@type":"WebSite","@id":"https:\/\/imago-systems.com\/#website","url":"https:\/\/imago-systems.com\/","name":"IMAGO systems","description":"Modern solutions for industry and retail.","publisher":{"@id":"https:\/\/imago-systems.com\/#organization"},"alternateName":"IMAGO","potentialAction":[{"@type":"SearchAction","target":{"@type":"EntryPoint","urlTemplate":"https:\/\/imago-systems.com\/?s={search_term_string}"},"query-input":{"@type":"PropertyValueSpecification","valueRequired":true,"valueName":"search_term_string"}}],"inLanguage":"en-US"},{"@type":"Organization","@id":"https:\/\/imago-systems.com\/#organization","name":"IMAGO Poland sp. z o. o.","alternateName":"IMAGO","url":"https:\/\/imago-systems.com\/","logo":{"@type":"ImageObject","inLanguage":"en-US","@id":"https:\/\/imago-systems.com\/#\/schema\/logo\/image\/","url":"https:\/\/imago-systems.com\/wp-content\/uploads\/2024\/11\/cropped-cropped-cropped-IMAGO-LOGO-.jpg","contentUrl":"https:\/\/imago-systems.com\/wp-content\/uploads\/2024\/11\/cropped-cropped-cropped-IMAGO-LOGO-.jpg","width":512,"height":512,"caption":"IMAGO Poland sp. z o.o."},"image":{"@id":"https:\/\/imago-systems.com\/#\/schema\/logo\/image\/"},"sameAs":["https:\/\/www.linkedin.com\/company\/imago-poland\/"]}]}},"_links":{"self":[{"href":"https:\/\/imago-systems.com\/en\/wp-json\/wp\/v2\/product\/1869","targetHints":{"allow":["GET"]}}],"collection":[{"href":"https:\/\/imago-systems.com\/en\/wp-json\/wp\/v2\/product"}],"about":[{"href":"https:\/\/imago-systems.com\/en\/wp-json\/wp\/v2\/types\/product"}],"replies":[{"embeddable":true,"href":"https:\/\/imago-systems.com\/en\/wp-json\/wp\/v2\/comments?post=1869"}],"wp:featuredmedia":[{"embeddable":true,"href":"https:\/\/imago-systems.com\/en\/wp-json\/wp\/v2\/media\/1870"}],"wp:attachment":[{"href":"https:\/\/imago-systems.com\/en\/wp-json\/wp\/v2\/media?parent=1869"}],"wp:term":[{"taxonomy":"product_brand","embeddable":true,"href":"https:\/\/imago-systems.com\/en\/wp-json\/wp\/v2\/product_brand?post=1869"},{"taxonomy":"product_cat","embeddable":true,"href":"https:\/\/imago-systems.com\/en\/wp-json\/wp\/v2\/product_cat?post=1869"},{"taxonomy":"product_tag","embeddable":true,"href":"https:\/\/imago-systems.com\/en\/wp-json\/wp\/v2\/product_tag?post=1869"}],"curies":[{"name":"wp","href":"https:\/\/api.w.org\/{rel}","templated":true}]}}