{"id":1816,"date":"2024-09-25T13:39:30","date_gmt":"2024-09-25T10:39:30","guid":{"rendered":"http:\/\/imago-systems.com\/?post_type=product&#038;p=1816"},"modified":"2025-10-17T13:34:21","modified_gmt":"2025-10-17T12:34:21","slug":"imago-ramie-300-mm-dla-sr-38-mm","status":"publish","type":"product","link":"https:\/\/imago-systems.com\/en\/product\/imago-ramie-300-mm-dla-sr-38-mm\/","title":{"rendered":"IMAGO Arm 300 mm for ? 38 mm"},"content":{"rendered":"<h1><strong>IMAGO The 300 mm long, 38 mm diameter arm is a solid element made of durable powder-coated steel, ensuring a reliable and stable construction.<\/strong><\/h1>\n<p>The arm is designed to mount accessories such as printers, cash trays or scanner holders, making it an ideal addition to the IMAGO TREE system. It facilitates effective organization of the workstation, ensuring order and comfort.<\/p>\n<h2>Mounting arm features:<\/h2>\n<ul>\n<li>Made of powder coated steel,<\/li>\n<li>Stable construction,<\/li>\n<li>Enables the attachment of printers, money trays, scanner holders and other accessories mounted to IMAGO TREE.<\/li>\n<\/ul>\n<p>&nbsp;<\/p>\n<h3><strong><a href=\"https:\/\/imago-systems.com\/en\/product-category\/imago-tree\/ramiona-do-uchwytow-montazowych\/\">Arms for mounting brackets<\/a> come in different variants.<\/strong><\/h3>","protected":false},"excerpt":{"rendered":"<p>IMAGO The 300 mm long, 38 mm diameter arm is a solid element made of durable powder-coated steel, providing a reliable and stable construction. The arm has been designed to mount accessories such as printers, money trays or scanner holders, making it an ideal addition to the IMAGO TREE system. It facilitates effective organization of the workstation, ensuring order and comfort.<\/p>","protected":false},"featured_media":1849,"comment_status":"open","ping_status":"closed","template":"","meta":[],"product_brand":[],"product_cat":[125],"product_tag":[],"class_list":{"0":"post-1816","1":"product","2":"type-product","3":"status-publish","4":"has-post-thumbnail","6":"product_cat-ramiona-do-uchwytow-montazowych","8":"first","9":"instock","10":"shipping-taxable","11":"product-type-simple"},"acf":[],"yoast_head":"<!-- This site is optimized with the Yoast SEO plugin v27.6 - https:\/\/yoast.com\/product\/yoast-seo-wordpress\/ -->\n<title>IMAGO Rami\u0119 300 mm dla \u015br. 38 mm - IMAGO<\/title>\n<meta name=\"description\" content=\"IMAGO Rami\u0119 o d\u0142ugo\u015bci 300 mm i \u015brednicy 38 mm to solidny element stworzony z trwa\u0142ej stali malowanej proszkowo, zapewniaj\u0105cy stabiln\u0105 konstrukcj\u0119.\" \/>\n<meta name=\"robots\" content=\"index, follow, max-snippet:-1, max-image-preview:large, max-video-preview:-1\" \/>\n<link rel=\"canonical\" href=\"https:\/\/imago-systems.com\/en\/product\/imago-ramie-300-mm-dla-sr-38-mm\/\" \/>\n<meta property=\"og:locale\" content=\"en_US\" \/>\n<meta property=\"og:type\" content=\"article\" \/>\n<meta property=\"og:title\" content=\"IMAGO Rami\u0119 300 mm dla \u015br. 38 mm - IMAGO\" \/>\n<meta property=\"og:description\" content=\"IMAGO Rami\u0119 o d\u0142ugo\u015bci 300 mm i \u015brednicy 38 mm to solidny element stworzony z trwa\u0142ej stali malowanej proszkowo, zapewniaj\u0105cy stabiln\u0105 konstrukcj\u0119.\" \/>\n<meta property=\"og:url\" content=\"https:\/\/imago-systems.com\/en\/product\/imago-ramie-300-mm-dla-sr-38-mm\/\" \/>\n<meta property=\"og:site_name\" content=\"IMAGO\" \/>\n<meta property=\"article:modified_time\" content=\"2025-10-17T12:34:21+00:00\" \/>\n<meta property=\"og:image\" content=\"https:\/\/imago-systems.com\/wp-content\/uploads\/2024\/09\/IMAGO-Ramie-300-mm-dla-sr.-38-mm.jpg\" \/>\n\t<meta property=\"og:image:width\" content=\"600\" \/>\n\t<meta property=\"og:image:height\" content=\"600\" \/>\n\t<meta property=\"og:image:type\" content=\"image\/jpeg\" \/>\n<meta name=\"twitter:card\" content=\"summary_large_image\" \/>\n<meta name=\"twitter:label1\" content=\"Est. reading time\" \/>\n\t<meta name=\"twitter:data1\" content=\"1 minute\" \/>\n<script type=\"application\/ld+json\" class=\"yoast-schema-graph\">{\"@context\":\"https:\\\/\\\/schema.org\",\"@graph\":[{\"@type\":\"WebPage\",\"@id\":\"https:\\\/\\\/imago-systems.com\\\/product\\\/imago-ramie-300-mm-dla-sr-38-mm\\\/\",\"url\":\"https:\\\/\\\/imago-systems.com\\\/product\\\/imago-ramie-300-mm-dla-sr-38-mm\\\/\",\"name\":\"IMAGO Rami\u0119 300 mm dla \u015br. 38 mm - IMAGO\",\"isPartOf\":{\"@id\":\"https:\\\/\\\/imago-systems.com\\\/#website\"},\"primaryImageOfPage\":{\"@id\":\"https:\\\/\\\/imago-systems.com\\\/product\\\/imago-ramie-300-mm-dla-sr-38-mm\\\/#primaryimage\"},\"image\":{\"@id\":\"https:\\\/\\\/imago-systems.com\\\/product\\\/imago-ramie-300-mm-dla-sr-38-mm\\\/#primaryimage\"},\"thumbnailUrl\":\"https:\\\/\\\/imago-systems.com\\\/wp-content\\\/uploads\\\/2024\\\/09\\\/IMAGO-Ramie-300-mm-dla-sr.-38-mm.jpg\",\"datePublished\":\"2024-09-25T10:39:30+00:00\",\"dateModified\":\"2025-10-17T12:34:21+00:00\",\"description\":\"IMAGO Rami\u0119 o d\u0142ugo\u015bci 300 mm i \u015brednicy 38 mm to solidny element stworzony z trwa\u0142ej stali malowanej proszkowo, zapewniaj\u0105cy stabiln\u0105 konstrukcj\u0119.\",\"breadcrumb\":{\"@id\":\"https:\\\/\\\/imago-systems.com\\\/product\\\/imago-ramie-300-mm-dla-sr-38-mm\\\/#breadcrumb\"},\"inLanguage\":\"en-US\",\"potentialAction\":[{\"@type\":\"ReadAction\",\"target\":[\"https:\\\/\\\/imago-systems.com\\\/product\\\/imago-ramie-300-mm-dla-sr-38-mm\\\/\"]}]},{\"@type\":\"ImageObject\",\"inLanguage\":\"en-US\",\"@id\":\"https:\\\/\\\/imago-systems.com\\\/product\\\/imago-ramie-300-mm-dla-sr-38-mm\\\/#primaryimage\",\"url\":\"https:\\\/\\\/imago-systems.com\\\/wp-content\\\/uploads\\\/2024\\\/09\\\/IMAGO-Ramie-300-mm-dla-sr.-38-mm.jpg\",\"contentUrl\":\"https:\\\/\\\/imago-systems.com\\\/wp-content\\\/uploads\\\/2024\\\/09\\\/IMAGO-Ramie-300-mm-dla-sr.-38-mm.jpg\",\"width\":600,\"height\":600,\"caption\":\"IMAGO Rami\u0119 300 mm dla \u015br. 38 mm\"},{\"@type\":\"BreadcrumbList\",\"@id\":\"https:\\\/\\\/imago-systems.com\\\/product\\\/imago-ramie-300-mm-dla-sr-38-mm\\\/#breadcrumb\",\"itemListElement\":[{\"@type\":\"ListItem\",\"position\":1,\"name\":\"Home\",\"item\":\"https:\\\/\\\/imago-systems.com\\\/\"},{\"@type\":\"ListItem\",\"position\":2,\"name\":\"Shop\",\"item\":\"https:\\\/\\\/imago-systems.com\\\/shop\\\/\"},{\"@type\":\"ListItem\",\"position\":3,\"name\":\"IMAGO Tree\",\"item\":\"https:\\\/\\\/imago-systems.com\\\/product-category\\\/imago-tree\\\/\"},{\"@type\":\"ListItem\",\"position\":4,\"name\":\"Ramiona do uchwyt\u00f3w monta\u017cowych\",\"item\":\"https:\\\/\\\/imago-systems.com\\\/product-category\\\/imago-tree\\\/ramiona-do-uchwytow-montazowych\\\/\"},{\"@type\":\"ListItem\",\"position\":5,\"name\":\"IMAGO Rami\u0119 300 mm dla \u015br. 38 mm\"}]},{\"@type\":\"WebSite\",\"@id\":\"https:\\\/\\\/imago-systems.com\\\/#website\",\"url\":\"https:\\\/\\\/imago-systems.com\\\/\",\"name\":\"IMAGO systems\",\"description\":\"Nowoczesne rozwi\u0105zania dla przemys\u0142u i handlu detalicznego.\",\"publisher\":{\"@id\":\"https:\\\/\\\/imago-systems.com\\\/#organization\"},\"alternateName\":\"IMAGO\",\"potentialAction\":[{\"@type\":\"SearchAction\",\"target\":{\"@type\":\"EntryPoint\",\"urlTemplate\":\"https:\\\/\\\/imago-systems.com\\\/?s={search_term_string}\"},\"query-input\":{\"@type\":\"PropertyValueSpecification\",\"valueRequired\":true,\"valueName\":\"search_term_string\"}}],\"inLanguage\":\"en-US\"},{\"@type\":\"Organization\",\"@id\":\"https:\\\/\\\/imago-systems.com\\\/#organization\",\"name\":\"IMAGO Poland sp. z o.o.\",\"alternateName\":\"IMAGO\",\"url\":\"https:\\\/\\\/imago-systems.com\\\/\",\"logo\":{\"@type\":\"ImageObject\",\"inLanguage\":\"en-US\",\"@id\":\"https:\\\/\\\/imago-systems.com\\\/#\\\/schema\\\/logo\\\/image\\\/\",\"url\":\"https:\\\/\\\/imago-systems.com\\\/wp-content\\\/uploads\\\/2024\\\/11\\\/cropped-cropped-cropped-IMAGO-LOGO-.jpg\",\"contentUrl\":\"https:\\\/\\\/imago-systems.com\\\/wp-content\\\/uploads\\\/2024\\\/11\\\/cropped-cropped-cropped-IMAGO-LOGO-.jpg\",\"width\":512,\"height\":512,\"caption\":\"IMAGO Poland sp. z o.o.\"},\"image\":{\"@id\":\"https:\\\/\\\/imago-systems.com\\\/#\\\/schema\\\/logo\\\/image\\\/\"},\"sameAs\":[\"https:\\\/\\\/www.linkedin.com\\\/company\\\/imago-poland\\\/\"]}]}<\/script>\n<!-- \/ Yoast SEO plugin. -->","yoast_head_json":{"title":"IMAGO 300 mm arm for 38 mm diameter - IMAGO","description":"IMAGO The 300 mm long and 38 mm diameter arm is a solid element made of durable powder-coated steel, ensuring a stable structure.","robots":{"index":"index","follow":"follow","max-snippet":"max-snippet:-1","max-image-preview":"max-image-preview:large","max-video-preview":"max-video-preview:-1"},"canonical":"https:\/\/imago-systems.com\/en\/product\/imago-ramie-300-mm-dla-sr-38-mm\/","og_locale":"en_US","og_type":"article","og_title":"IMAGO Rami\u0119 300 mm dla \u015br. 38 mm - IMAGO","og_description":"IMAGO Rami\u0119 o d\u0142ugo\u015bci 300 mm i \u015brednicy 38 mm to solidny element stworzony z trwa\u0142ej stali malowanej proszkowo, zapewniaj\u0105cy stabiln\u0105 konstrukcj\u0119.","og_url":"https:\/\/imago-systems.com\/en\/product\/imago-ramie-300-mm-dla-sr-38-mm\/","og_site_name":"IMAGO","article_modified_time":"2025-10-17T12:34:21+00:00","og_image":[{"width":600,"height":600,"url":"https:\/\/imago-systems.com\/wp-content\/uploads\/2024\/09\/IMAGO-Ramie-300-mm-dla-sr.-38-mm.jpg","type":"image\/jpeg"}],"twitter_card":"summary_large_image","twitter_misc":{"Est. reading time":"1 minute"},"schema":{"@context":"https:\/\/schema.org","@graph":[{"@type":"WebPage","@id":"https:\/\/imago-systems.com\/product\/imago-ramie-300-mm-dla-sr-38-mm\/","url":"https:\/\/imago-systems.com\/product\/imago-ramie-300-mm-dla-sr-38-mm\/","name":"IMAGO 300 mm arm for 38 mm diameter - IMAGO","isPartOf":{"@id":"https:\/\/imago-systems.com\/#website"},"primaryImageOfPage":{"@id":"https:\/\/imago-systems.com\/product\/imago-ramie-300-mm-dla-sr-38-mm\/#primaryimage"},"image":{"@id":"https:\/\/imago-systems.com\/product\/imago-ramie-300-mm-dla-sr-38-mm\/#primaryimage"},"thumbnailUrl":"https:\/\/imago-systems.com\/wp-content\/uploads\/2024\/09\/IMAGO-Ramie-300-mm-dla-sr.-38-mm.jpg","datePublished":"2024-09-25T10:39:30+00:00","dateModified":"2025-10-17T12:34:21+00:00","description":"IMAGO The 300 mm long and 38 mm diameter arm is a solid element made of durable powder-coated steel, ensuring a stable structure.","breadcrumb":{"@id":"https:\/\/imago-systems.com\/product\/imago-ramie-300-mm-dla-sr-38-mm\/#breadcrumb"},"inLanguage":"en-US","potentialAction":[{"@type":"ReadAction","target":["https:\/\/imago-systems.com\/product\/imago-ramie-300-mm-dla-sr-38-mm\/"]}]},{"@type":"ImageObject","inLanguage":"en-US","@id":"https:\/\/imago-systems.com\/product\/imago-ramie-300-mm-dla-sr-38-mm\/#primaryimage","url":"https:\/\/imago-systems.com\/wp-content\/uploads\/2024\/09\/IMAGO-Ramie-300-mm-dla-sr.-38-mm.jpg","contentUrl":"https:\/\/imago-systems.com\/wp-content\/uploads\/2024\/09\/IMAGO-Ramie-300-mm-dla-sr.-38-mm.jpg","width":600,"height":600,"caption":"IMAGO Rami\u0119 300 mm dla \u015br. 38 mm"},{"@type":"BreadcrumbList","@id":"https:\/\/imago-systems.com\/product\/imago-ramie-300-mm-dla-sr-38-mm\/#breadcrumb","itemListElement":[{"@type":"ListItem","position":1,"name":"Home","item":"https:\/\/imago-systems.com\/"},{"@type":"ListItem","position":2,"name":"Shop","item":"https:\/\/imago-systems.com\/shop\/"},{"@type":"ListItem","position":3,"name":"IMAGO Tree","item":"https:\/\/imago-systems.com\/product-category\/imago-tree\/"},{"@type":"ListItem","position":4,"name":"Ramiona do uchwyt\u00f3w monta\u017cowych","item":"https:\/\/imago-systems.com\/product-category\/imago-tree\/ramiona-do-uchwytow-montazowych\/"},{"@type":"ListItem","position":5,"name":"IMAGO Rami\u0119 300 mm dla \u015br. 38 mm"}]},{"@type":"WebSite","@id":"https:\/\/imago-systems.com\/#website","url":"https:\/\/imago-systems.com\/","name":"IMAGO systems","description":"Modern solutions for industry and retail.","publisher":{"@id":"https:\/\/imago-systems.com\/#organization"},"alternateName":"IMAGO","potentialAction":[{"@type":"SearchAction","target":{"@type":"EntryPoint","urlTemplate":"https:\/\/imago-systems.com\/?s={search_term_string}"},"query-input":{"@type":"PropertyValueSpecification","valueRequired":true,"valueName":"search_term_string"}}],"inLanguage":"en-US"},{"@type":"Organization","@id":"https:\/\/imago-systems.com\/#organization","name":"IMAGO Poland sp. z o. o.","alternateName":"IMAGO","url":"https:\/\/imago-systems.com\/","logo":{"@type":"ImageObject","inLanguage":"en-US","@id":"https:\/\/imago-systems.com\/#\/schema\/logo\/image\/","url":"https:\/\/imago-systems.com\/wp-content\/uploads\/2024\/11\/cropped-cropped-cropped-IMAGO-LOGO-.jpg","contentUrl":"https:\/\/imago-systems.com\/wp-content\/uploads\/2024\/11\/cropped-cropped-cropped-IMAGO-LOGO-.jpg","width":512,"height":512,"caption":"IMAGO Poland sp. z o.o."},"image":{"@id":"https:\/\/imago-systems.com\/#\/schema\/logo\/image\/"},"sameAs":["https:\/\/www.linkedin.com\/company\/imago-poland\/"]}]}},"_links":{"self":[{"href":"https:\/\/imago-systems.com\/en\/wp-json\/wp\/v2\/product\/1816","targetHints":{"allow":["GET"]}}],"collection":[{"href":"https:\/\/imago-systems.com\/en\/wp-json\/wp\/v2\/product"}],"about":[{"href":"https:\/\/imago-systems.com\/en\/wp-json\/wp\/v2\/types\/product"}],"replies":[{"embeddable":true,"href":"https:\/\/imago-systems.com\/en\/wp-json\/wp\/v2\/comments?post=1816"}],"wp:featuredmedia":[{"embeddable":true,"href":"https:\/\/imago-systems.com\/en\/wp-json\/wp\/v2\/media\/1849"}],"wp:attachment":[{"href":"https:\/\/imago-systems.com\/en\/wp-json\/wp\/v2\/media?parent=1816"}],"wp:term":[{"taxonomy":"product_brand","embeddable":true,"href":"https:\/\/imago-systems.com\/en\/wp-json\/wp\/v2\/product_brand?post=1816"},{"taxonomy":"product_cat","embeddable":true,"href":"https:\/\/imago-systems.com\/en\/wp-json\/wp\/v2\/product_cat?post=1816"},{"taxonomy":"product_tag","embeddable":true,"href":"https:\/\/imago-systems.com\/en\/wp-json\/wp\/v2\/product_tag?post=1816"}],"curies":[{"name":"wp","href":"https:\/\/api.w.org\/{rel}","templated":true}]}}