{"id":1811,"date":"2024-09-25T13:32:03","date_gmt":"2024-09-25T10:32:03","guid":{"rendered":"http:\/\/imago-systems.com\/?post_type=product&#038;p=1811"},"modified":"2025-10-17T13:41:52","modified_gmt":"2025-10-17T12:41:52","slug":"imago-ramie-z-uchwytem-na-przewody-150-mm-dla-sr-38-mm-z-pierscieniem","status":"publish","type":"product","link":"https:\/\/imago-systems.com\/en\/product\/imago-ramie-z-uchwytem-na-przewody-150-mm-dla-sr-38-mm-z-pierscieniem\/","title":{"rendered":"IMAGO Arm with cable holder 150 mm for ? 38 mm with ring"},"content":{"rendered":"<h1><strong>IMAGO The 150 mm long, 38 mm diameter cable holder arm with a ring is a durable element made of powder-coated steel.<\/strong><\/h1>\n<p>&nbsp;<\/p>\n<p>It is characterized by a stable construction, ensuring durability and safety of assembly. The arm is equipped with a cable holder, which significantly facilitates their organization. It is designed for mounting printers, money trays, scanner holders and other accessories compatible with the IMAGO TREE system, ensuring an organized and functional workspace. A spacer ring is also included with the arm, which will strengthen the structure.<\/p>\n<p>&nbsp;<\/p>\n<h2><strong>Features of the IMAGO mounting arm:<\/strong><\/h2>\n<ul>\n<li>Made of powder-coated steel, which guarantees durability and resistance to damage<\/li>\n<li>Stable construction ensures safe attachment of equipment<\/li>\n<li>Cable holder that facilitates cable organization, allowing for aesthetically concealed wiring<\/li>\n<li>Possibility of installing printers, money trays, scanner holders and other accessories, fully compatible with the IMAGO TREE system, which allows for flexible adjustment of the workstation to individual needs<\/li>\n<\/ul>\n<p>&nbsp;<\/p>\n<h3><strong><a href=\"https:\/\/imago-systems.com\/en\/product-category\/imago-tree\/ramiona-do-uchwytow-montazowych\/\">Arms for mounting brackets<\/a> come in different variants.<\/strong><\/h3>","protected":false},"excerpt":{"rendered":"<p>IMAGO The 150 mm long, 38 mm diameter cable holder arm with a ring is a durable element made of powder-coated steel.<\/p>","protected":false},"featured_media":1844,"comment_status":"open","ping_status":"closed","template":"","meta":[],"product_brand":[],"product_cat":[125],"product_tag":[],"class_list":{"0":"post-1811","1":"product","2":"type-product","3":"status-publish","4":"has-post-thumbnail","6":"product_cat-ramiona-do-uchwytow-montazowych","8":"first","9":"instock","10":"shipping-taxable","11":"product-type-simple"},"acf":[],"yoast_head":"<!-- This site is optimized with the Yoast SEO plugin v27.6 - https:\/\/yoast.com\/product\/yoast-seo-wordpress\/ -->\n<title>IMAGO Rami\u0119 z uchwytem na przewody 150 mm dla \u015br. 38 mm<\/title>\n<meta name=\"description\" content=\"IMAGO Rami\u0119 z uchwytem na przewody o d\u0142ugo\u015bci 150 mm charakteryzuje si\u0119 stabiln\u0105 konstrukcj\u0105, zapewniaj\u0105c\u0105 trwa\u0142o\u015b\u0107 i bezpiecze\u0144stwo monta\u017cu\" \/>\n<meta name=\"robots\" content=\"index, follow, max-snippet:-1, max-image-preview:large, max-video-preview:-1\" \/>\n<link rel=\"canonical\" href=\"https:\/\/imago-systems.com\/en\/product\/imago-ramie-z-uchwytem-na-przewody-150-mm-dla-sr-38-mm-z-pierscieniem\/\" \/>\n<meta property=\"og:locale\" content=\"en_US\" \/>\n<meta property=\"og:type\" content=\"article\" \/>\n<meta property=\"og:title\" content=\"IMAGO Rami\u0119 z uchwytem na przewody 150 mm dla \u015br. 38 mm\" \/>\n<meta property=\"og:description\" content=\"IMAGO Rami\u0119 z uchwytem na przewody o d\u0142ugo\u015bci 150 mm charakteryzuje si\u0119 stabiln\u0105 konstrukcj\u0105, zapewniaj\u0105c\u0105 trwa\u0142o\u015b\u0107 i bezpiecze\u0144stwo monta\u017cu\" \/>\n<meta property=\"og:url\" content=\"https:\/\/imago-systems.com\/en\/product\/imago-ramie-z-uchwytem-na-przewody-150-mm-dla-sr-38-mm-z-pierscieniem\/\" \/>\n<meta property=\"og:site_name\" content=\"IMAGO\" \/>\n<meta property=\"article:modified_time\" content=\"2025-10-17T12:41:52+00:00\" \/>\n<meta property=\"og:image\" content=\"https:\/\/imago-systems.com\/wp-content\/uploads\/2024\/09\/IMAGO-Ramie-z-uchwytem-na-przewody-150-mm-dla-sr.-38-mm-z-pierscieniem.jpg\" \/>\n\t<meta property=\"og:image:width\" content=\"600\" \/>\n\t<meta property=\"og:image:height\" content=\"600\" \/>\n\t<meta property=\"og:image:type\" content=\"image\/jpeg\" \/>\n<meta name=\"twitter:card\" content=\"summary_large_image\" \/>\n<meta name=\"twitter:label1\" content=\"Est. reading time\" \/>\n\t<meta name=\"twitter:data1\" content=\"2 minutes\" \/>\n<script type=\"application\/ld+json\" class=\"yoast-schema-graph\">{\"@context\":\"https:\\\/\\\/schema.org\",\"@graph\":[{\"@type\":\"WebPage\",\"@id\":\"https:\\\/\\\/imago-systems.com\\\/product\\\/imago-ramie-z-uchwytem-na-przewody-150-mm-dla-sr-38-mm-z-pierscieniem\\\/\",\"url\":\"https:\\\/\\\/imago-systems.com\\\/product\\\/imago-ramie-z-uchwytem-na-przewody-150-mm-dla-sr-38-mm-z-pierscieniem\\\/\",\"name\":\"IMAGO Rami\u0119 z uchwytem na przewody 150 mm dla \u015br. 38 mm\",\"isPartOf\":{\"@id\":\"https:\\\/\\\/imago-systems.com\\\/#website\"},\"primaryImageOfPage\":{\"@id\":\"https:\\\/\\\/imago-systems.com\\\/product\\\/imago-ramie-z-uchwytem-na-przewody-150-mm-dla-sr-38-mm-z-pierscieniem\\\/#primaryimage\"},\"image\":{\"@id\":\"https:\\\/\\\/imago-systems.com\\\/product\\\/imago-ramie-z-uchwytem-na-przewody-150-mm-dla-sr-38-mm-z-pierscieniem\\\/#primaryimage\"},\"thumbnailUrl\":\"https:\\\/\\\/imago-systems.com\\\/wp-content\\\/uploads\\\/2024\\\/09\\\/IMAGO-Ramie-z-uchwytem-na-przewody-150-mm-dla-sr.-38-mm-z-pierscieniem.jpg\",\"datePublished\":\"2024-09-25T10:32:03+00:00\",\"dateModified\":\"2025-10-17T12:41:52+00:00\",\"description\":\"IMAGO Rami\u0119 z uchwytem na przewody o d\u0142ugo\u015bci 150 mm charakteryzuje si\u0119 stabiln\u0105 konstrukcj\u0105, zapewniaj\u0105c\u0105 trwa\u0142o\u015b\u0107 i bezpiecze\u0144stwo monta\u017cu\",\"breadcrumb\":{\"@id\":\"https:\\\/\\\/imago-systems.com\\\/product\\\/imago-ramie-z-uchwytem-na-przewody-150-mm-dla-sr-38-mm-z-pierscieniem\\\/#breadcrumb\"},\"inLanguage\":\"en-US\",\"potentialAction\":[{\"@type\":\"ReadAction\",\"target\":[\"https:\\\/\\\/imago-systems.com\\\/product\\\/imago-ramie-z-uchwytem-na-przewody-150-mm-dla-sr-38-mm-z-pierscieniem\\\/\"]}]},{\"@type\":\"ImageObject\",\"inLanguage\":\"en-US\",\"@id\":\"https:\\\/\\\/imago-systems.com\\\/product\\\/imago-ramie-z-uchwytem-na-przewody-150-mm-dla-sr-38-mm-z-pierscieniem\\\/#primaryimage\",\"url\":\"https:\\\/\\\/imago-systems.com\\\/wp-content\\\/uploads\\\/2024\\\/09\\\/IMAGO-Ramie-z-uchwytem-na-przewody-150-mm-dla-sr.-38-mm-z-pierscieniem.jpg\",\"contentUrl\":\"https:\\\/\\\/imago-systems.com\\\/wp-content\\\/uploads\\\/2024\\\/09\\\/IMAGO-Ramie-z-uchwytem-na-przewody-150-mm-dla-sr.-38-mm-z-pierscieniem.jpg\",\"width\":600,\"height\":600,\"caption\":\"IMAGO Rami\u0119 z uchwytem na przewody 150 mm dla \u015br. 38 mm z pier\u015bcieniem\"},{\"@type\":\"BreadcrumbList\",\"@id\":\"https:\\\/\\\/imago-systems.com\\\/product\\\/imago-ramie-z-uchwytem-na-przewody-150-mm-dla-sr-38-mm-z-pierscieniem\\\/#breadcrumb\",\"itemListElement\":[{\"@type\":\"ListItem\",\"position\":1,\"name\":\"Home\",\"item\":\"https:\\\/\\\/imago-systems.com\\\/\"},{\"@type\":\"ListItem\",\"position\":2,\"name\":\"Shop\",\"item\":\"https:\\\/\\\/imago-systems.com\\\/shop\\\/\"},{\"@type\":\"ListItem\",\"position\":3,\"name\":\"IMAGO Tree\",\"item\":\"https:\\\/\\\/imago-systems.com\\\/product-category\\\/imago-tree\\\/\"},{\"@type\":\"ListItem\",\"position\":4,\"name\":\"Ramiona do uchwyt\u00f3w monta\u017cowych\",\"item\":\"https:\\\/\\\/imago-systems.com\\\/product-category\\\/imago-tree\\\/ramiona-do-uchwytow-montazowych\\\/\"},{\"@type\":\"ListItem\",\"position\":5,\"name\":\"IMAGO Rami\u0119 z uchwytem na przewody 150 mm dla \u015br. 38 mm z pier\u015bcieniem\"}]},{\"@type\":\"WebSite\",\"@id\":\"https:\\\/\\\/imago-systems.com\\\/#website\",\"url\":\"https:\\\/\\\/imago-systems.com\\\/\",\"name\":\"IMAGO systems\",\"description\":\"Nowoczesne rozwi\u0105zania dla przemys\u0142u i handlu detalicznego.\",\"publisher\":{\"@id\":\"https:\\\/\\\/imago-systems.com\\\/#organization\"},\"alternateName\":\"IMAGO\",\"potentialAction\":[{\"@type\":\"SearchAction\",\"target\":{\"@type\":\"EntryPoint\",\"urlTemplate\":\"https:\\\/\\\/imago-systems.com\\\/?s={search_term_string}\"},\"query-input\":{\"@type\":\"PropertyValueSpecification\",\"valueRequired\":true,\"valueName\":\"search_term_string\"}}],\"inLanguage\":\"en-US\"},{\"@type\":\"Organization\",\"@id\":\"https:\\\/\\\/imago-systems.com\\\/#organization\",\"name\":\"IMAGO Poland sp. z o.o.\",\"alternateName\":\"IMAGO\",\"url\":\"https:\\\/\\\/imago-systems.com\\\/\",\"logo\":{\"@type\":\"ImageObject\",\"inLanguage\":\"en-US\",\"@id\":\"https:\\\/\\\/imago-systems.com\\\/#\\\/schema\\\/logo\\\/image\\\/\",\"url\":\"https:\\\/\\\/imago-systems.com\\\/wp-content\\\/uploads\\\/2024\\\/11\\\/cropped-cropped-cropped-IMAGO-LOGO-.jpg\",\"contentUrl\":\"https:\\\/\\\/imago-systems.com\\\/wp-content\\\/uploads\\\/2024\\\/11\\\/cropped-cropped-cropped-IMAGO-LOGO-.jpg\",\"width\":512,\"height\":512,\"caption\":\"IMAGO Poland sp. z o.o.\"},\"image\":{\"@id\":\"https:\\\/\\\/imago-systems.com\\\/#\\\/schema\\\/logo\\\/image\\\/\"},\"sameAs\":[\"https:\\\/\\\/www.linkedin.com\\\/company\\\/imago-poland\\\/\"]}]}<\/script>\n<!-- \/ Yoast SEO plugin. -->","yoast_head_json":{"title":"IMAGO Arm with cable holder 150 mm for 38 mm diameter","description":"IMAGO Arm with 150 mm cable holder is characterized by a stable construction, ensuring durability and safe installation","robots":{"index":"index","follow":"follow","max-snippet":"max-snippet:-1","max-image-preview":"max-image-preview:large","max-video-preview":"max-video-preview:-1"},"canonical":"https:\/\/imago-systems.com\/en\/product\/imago-ramie-z-uchwytem-na-przewody-150-mm-dla-sr-38-mm-z-pierscieniem\/","og_locale":"en_US","og_type":"article","og_title":"IMAGO Rami\u0119 z uchwytem na przewody 150 mm dla \u015br. 38 mm","og_description":"IMAGO Rami\u0119 z uchwytem na przewody o d\u0142ugo\u015bci 150 mm charakteryzuje si\u0119 stabiln\u0105 konstrukcj\u0105, zapewniaj\u0105c\u0105 trwa\u0142o\u015b\u0107 i bezpiecze\u0144stwo monta\u017cu","og_url":"https:\/\/imago-systems.com\/en\/product\/imago-ramie-z-uchwytem-na-przewody-150-mm-dla-sr-38-mm-z-pierscieniem\/","og_site_name":"IMAGO","article_modified_time":"2025-10-17T12:41:52+00:00","og_image":[{"width":600,"height":600,"url":"https:\/\/imago-systems.com\/wp-content\/uploads\/2024\/09\/IMAGO-Ramie-z-uchwytem-na-przewody-150-mm-dla-sr.-38-mm-z-pierscieniem.jpg","type":"image\/jpeg"}],"twitter_card":"summary_large_image","twitter_misc":{"Est. reading time":"2 minutes"},"schema":{"@context":"https:\/\/schema.org","@graph":[{"@type":"WebPage","@id":"https:\/\/imago-systems.com\/product\/imago-ramie-z-uchwytem-na-przewody-150-mm-dla-sr-38-mm-z-pierscieniem\/","url":"https:\/\/imago-systems.com\/product\/imago-ramie-z-uchwytem-na-przewody-150-mm-dla-sr-38-mm-z-pierscieniem\/","name":"IMAGO Arm with cable holder 150 mm for 38 mm diameter","isPartOf":{"@id":"https:\/\/imago-systems.com\/#website"},"primaryImageOfPage":{"@id":"https:\/\/imago-systems.com\/product\/imago-ramie-z-uchwytem-na-przewody-150-mm-dla-sr-38-mm-z-pierscieniem\/#primaryimage"},"image":{"@id":"https:\/\/imago-systems.com\/product\/imago-ramie-z-uchwytem-na-przewody-150-mm-dla-sr-38-mm-z-pierscieniem\/#primaryimage"},"thumbnailUrl":"https:\/\/imago-systems.com\/wp-content\/uploads\/2024\/09\/IMAGO-Ramie-z-uchwytem-na-przewody-150-mm-dla-sr.-38-mm-z-pierscieniem.jpg","datePublished":"2024-09-25T10:32:03+00:00","dateModified":"2025-10-17T12:41:52+00:00","description":"IMAGO Arm with 150 mm cable holder is characterized by a stable construction, ensuring durability and safe installation","breadcrumb":{"@id":"https:\/\/imago-systems.com\/product\/imago-ramie-z-uchwytem-na-przewody-150-mm-dla-sr-38-mm-z-pierscieniem\/#breadcrumb"},"inLanguage":"en-US","potentialAction":[{"@type":"ReadAction","target":["https:\/\/imago-systems.com\/product\/imago-ramie-z-uchwytem-na-przewody-150-mm-dla-sr-38-mm-z-pierscieniem\/"]}]},{"@type":"ImageObject","inLanguage":"en-US","@id":"https:\/\/imago-systems.com\/product\/imago-ramie-z-uchwytem-na-przewody-150-mm-dla-sr-38-mm-z-pierscieniem\/#primaryimage","url":"https:\/\/imago-systems.com\/wp-content\/uploads\/2024\/09\/IMAGO-Ramie-z-uchwytem-na-przewody-150-mm-dla-sr.-38-mm-z-pierscieniem.jpg","contentUrl":"https:\/\/imago-systems.com\/wp-content\/uploads\/2024\/09\/IMAGO-Ramie-z-uchwytem-na-przewody-150-mm-dla-sr.-38-mm-z-pierscieniem.jpg","width":600,"height":600,"caption":"IMAGO Rami\u0119 z uchwytem na przewody 150 mm dla \u015br. 38 mm z pier\u015bcieniem"},{"@type":"BreadcrumbList","@id":"https:\/\/imago-systems.com\/product\/imago-ramie-z-uchwytem-na-przewody-150-mm-dla-sr-38-mm-z-pierscieniem\/#breadcrumb","itemListElement":[{"@type":"ListItem","position":1,"name":"Home","item":"https:\/\/imago-systems.com\/"},{"@type":"ListItem","position":2,"name":"Shop","item":"https:\/\/imago-systems.com\/shop\/"},{"@type":"ListItem","position":3,"name":"IMAGO Tree","item":"https:\/\/imago-systems.com\/product-category\/imago-tree\/"},{"@type":"ListItem","position":4,"name":"Ramiona do uchwyt\u00f3w monta\u017cowych","item":"https:\/\/imago-systems.com\/product-category\/imago-tree\/ramiona-do-uchwytow-montazowych\/"},{"@type":"ListItem","position":5,"name":"IMAGO Rami\u0119 z uchwytem na przewody 150 mm dla \u015br. 38 mm z pier\u015bcieniem"}]},{"@type":"WebSite","@id":"https:\/\/imago-systems.com\/#website","url":"https:\/\/imago-systems.com\/","name":"IMAGO systems","description":"Modern solutions for industry and retail.","publisher":{"@id":"https:\/\/imago-systems.com\/#organization"},"alternateName":"IMAGO","potentialAction":[{"@type":"SearchAction","target":{"@type":"EntryPoint","urlTemplate":"https:\/\/imago-systems.com\/?s={search_term_string}"},"query-input":{"@type":"PropertyValueSpecification","valueRequired":true,"valueName":"search_term_string"}}],"inLanguage":"en-US"},{"@type":"Organization","@id":"https:\/\/imago-systems.com\/#organization","name":"IMAGO Poland sp. z o. o.","alternateName":"IMAGO","url":"https:\/\/imago-systems.com\/","logo":{"@type":"ImageObject","inLanguage":"en-US","@id":"https:\/\/imago-systems.com\/#\/schema\/logo\/image\/","url":"https:\/\/imago-systems.com\/wp-content\/uploads\/2024\/11\/cropped-cropped-cropped-IMAGO-LOGO-.jpg","contentUrl":"https:\/\/imago-systems.com\/wp-content\/uploads\/2024\/11\/cropped-cropped-cropped-IMAGO-LOGO-.jpg","width":512,"height":512,"caption":"IMAGO Poland sp. z o.o."},"image":{"@id":"https:\/\/imago-systems.com\/#\/schema\/logo\/image\/"},"sameAs":["https:\/\/www.linkedin.com\/company\/imago-poland\/"]}]}},"_links":{"self":[{"href":"https:\/\/imago-systems.com\/en\/wp-json\/wp\/v2\/product\/1811","targetHints":{"allow":["GET"]}}],"collection":[{"href":"https:\/\/imago-systems.com\/en\/wp-json\/wp\/v2\/product"}],"about":[{"href":"https:\/\/imago-systems.com\/en\/wp-json\/wp\/v2\/types\/product"}],"replies":[{"embeddable":true,"href":"https:\/\/imago-systems.com\/en\/wp-json\/wp\/v2\/comments?post=1811"}],"wp:featuredmedia":[{"embeddable":true,"href":"https:\/\/imago-systems.com\/en\/wp-json\/wp\/v2\/media\/1844"}],"wp:attachment":[{"href":"https:\/\/imago-systems.com\/en\/wp-json\/wp\/v2\/media?parent=1811"}],"wp:term":[{"taxonomy":"product_brand","embeddable":true,"href":"https:\/\/imago-systems.com\/en\/wp-json\/wp\/v2\/product_brand?post=1811"},{"taxonomy":"product_cat","embeddable":true,"href":"https:\/\/imago-systems.com\/en\/wp-json\/wp\/v2\/product_cat?post=1811"},{"taxonomy":"product_tag","embeddable":true,"href":"https:\/\/imago-systems.com\/en\/wp-json\/wp\/v2\/product_tag?post=1811"}],"curies":[{"name":"wp","href":"https:\/\/api.w.org\/{rel}","templated":true}]}}