{"id":17970,"date":"2026-04-16T14:48:51","date_gmt":"2026-04-16T13:48:51","guid":{"rendered":"https:\/\/imago-systems.com\/?post_type=product&#038;p=17970"},"modified":"2026-04-27T14:29:31","modified_gmt":"2026-04-27T13:29:31","slug":"imago-tree-szuflada-vesa","status":"publish","type":"product","link":"https:\/\/imago-systems.com\/en\/product\/imago-tree-szuflada-vesa\/","title":{"rendered":"IMAGO TREE cash drawer housing with post and VESA mount"},"content":{"rendered":"<p>The IMAGO TREE system in this configuration is a ready-made solution for organizing your checkout. It provides stability, ease of use, and a consistent appearance. The cash drawer housing helps maintain order and allows for convenient installation of additional devices in one place.<\/p>\n<p>The integrated mounting pole and VESA mount allow for ergonomic positioning of the monitor or terminal. This makes the workstation more intuitive and comfortable in everyday use. The entire system is suitable for both retail and service environments, where good space organization and durability of the implemented solutions are essential.<\/p>\n<p>&nbsp;<\/p>\n<h2>The set consists of:<\/h2>\n<ul>\n<li><strong>Cash drawer housings<\/strong> \u2013 solid construction enabling aesthetic drawer installation and tidying up the checkout counter<\/li>\n<li><strong>Mounting post<\/strong> \u2013 a stable element made of durable steel, constituting the base for mounting devices<\/li>\n<li><strong>VESA mount <\/strong>\u2013 allows you to mount a monitor or terminal and adjust its position to the user&#039;s needs<\/li>\n<\/ul>\n<p>&nbsp;<\/p>\n<p>The structure was designed with intensive use in mind. The materials used and precise workmanship ensure durability and resistance to everyday use.<\/p>\n<p>&nbsp;<\/p>\n<p>Thanks to the modular design of the IMAGO TREE system, the set can be easily expanded with additional components, such as holders for scanners, payment terminals, or printers. The color of the structure can also be customized to suit the customer&#039;s visual identification.<\/p>\n<p>&nbsp;<\/p>\n<p>Do you have any questions or need to adjust the configuration to a specific <a href=\"https:\/\/imago-systems.com\/en\/product-category\/imago-tree\/\">POS stations<\/a>? Contact us and we&#039;ll help you choose the right solution.<\/p>\n<p>&nbsp;<\/p>","protected":false},"excerpt":{"rendered":"<p>The ready-made IMAGO TREE set allows you to organize your checkout and conveniently mount a monitor or terminal in one system. The cash drawer housing provides an aesthetically pleasing design, while the integrated post with a VESA mount allows for ergonomic screen positioning. The robust steel construction is suitable for everyday use in retail and services, ensuring stability and durability. The modular design allows for easy expansion of the set with additional accessories tailored to the needs of the checkout.<\/p>","protected":false},"featured_media":17971,"comment_status":"open","ping_status":"closed","template":"","meta":[],"product_brand":[329],"product_cat":[272,44],"product_tag":[],"class_list":{"0":"post-17970","1":"product","2":"type-product","3":"status-publish","4":"has-post-thumbnail","6":"product_brand-imago","7":"product_cat-gotowe-systemy-montazowe","8":"product_cat-imago-tree","10":"first","11":"instock","12":"shipping-taxable","13":"product-type-simple"},"acf":[],"yoast_head":"<!-- This site is optimized with the Yoast SEO plugin v27.6 - https:\/\/yoast.com\/product\/yoast-seo-wordpress\/ -->\n<title>IMAGO TREE obudowa na szuflad\u0119 kasow\u0105 i uchwytem VESA<\/title>\n<meta name=\"description\" content=\"System monta\u017cowy POS z obudow\u0105 na szulfad\u0119 kasow\u0105 i uchwytem VESA na s\u0142upku. Rozwi\u0105zanie do punkt\u00f3w sprzeda\u017cy i wi\u0119cej, Stw\u00f3rz swoj\u0105 konfiguracj\u0119.\" \/>\n<meta name=\"robots\" content=\"index, follow, max-snippet:-1, max-image-preview:large, max-video-preview:-1\" \/>\n<link rel=\"canonical\" href=\"https:\/\/imago-systems.com\/en\/product\/imago-tree-szuflada-vesa\/\" \/>\n<meta property=\"og:locale\" content=\"en_US\" \/>\n<meta property=\"og:type\" content=\"article\" \/>\n<meta property=\"og:title\" content=\"IMAGO TREE obudowa na szuflad\u0119 kasow\u0105 i uchwytem VESA\" \/>\n<meta property=\"og:description\" content=\"System monta\u017cowy POS z obudow\u0105 na szulfad\u0119 kasow\u0105 i uchwytem VESA na s\u0142upku. Rozwi\u0105zanie do punkt\u00f3w sprzeda\u017cy i wi\u0119cej, Stw\u00f3rz swoj\u0105 konfiguracj\u0119.\" \/>\n<meta property=\"og:url\" content=\"https:\/\/imago-systems.com\/en\/product\/imago-tree-szuflada-vesa\/\" \/>\n<meta property=\"og:site_name\" content=\"IMAGO\" \/>\n<meta property=\"article:modified_time\" content=\"2026-04-27T13:29:31+00:00\" \/>\n<meta property=\"og:image\" content=\"https:\/\/imago-systems.com\/wp-content\/uploads\/2026\/04\/IT-KIT-2-XX-9-X-X-B.webp\" \/>\n\t<meta property=\"og:image:width\" content=\"600\" \/>\n\t<meta property=\"og:image:height\" content=\"600\" \/>\n\t<meta property=\"og:image:type\" content=\"image\/webp\" \/>\n<meta name=\"twitter:card\" content=\"summary_large_image\" \/>\n<meta name=\"twitter:label1\" content=\"Est. reading time\" \/>\n\t<meta name=\"twitter:data1\" content=\"2 minutes\" \/>\n<script type=\"application\/ld+json\" class=\"yoast-schema-graph\">{\"@context\":\"https:\\\/\\\/schema.org\",\"@graph\":[{\"@type\":\"WebPage\",\"@id\":\"https:\\\/\\\/imago-systems.com\\\/product\\\/imago-tree-szuflada-vesa\\\/\",\"url\":\"https:\\\/\\\/imago-systems.com\\\/product\\\/imago-tree-szuflada-vesa\\\/\",\"name\":\"IMAGO TREE obudowa na szuflad\u0119 kasow\u0105 i uchwytem VESA\",\"isPartOf\":{\"@id\":\"https:\\\/\\\/imago-systems.com\\\/#website\"},\"primaryImageOfPage\":{\"@id\":\"https:\\\/\\\/imago-systems.com\\\/product\\\/imago-tree-szuflada-vesa\\\/#primaryimage\"},\"image\":{\"@id\":\"https:\\\/\\\/imago-systems.com\\\/product\\\/imago-tree-szuflada-vesa\\\/#primaryimage\"},\"thumbnailUrl\":\"https:\\\/\\\/imago-systems.com\\\/wp-content\\\/uploads\\\/2026\\\/04\\\/IT-KIT-2-XX-9-X-X-B.webp\",\"datePublished\":\"2026-04-16T13:48:51+00:00\",\"dateModified\":\"2026-04-27T13:29:31+00:00\",\"description\":\"System monta\u017cowy POS z obudow\u0105 na szulfad\u0119 kasow\u0105 i uchwytem VESA na s\u0142upku. Rozwi\u0105zanie do punkt\u00f3w sprzeda\u017cy i wi\u0119cej, Stw\u00f3rz swoj\u0105 konfiguracj\u0119.\",\"breadcrumb\":{\"@id\":\"https:\\\/\\\/imago-systems.com\\\/product\\\/imago-tree-szuflada-vesa\\\/#breadcrumb\"},\"inLanguage\":\"en-US\",\"potentialAction\":[{\"@type\":\"ReadAction\",\"target\":[\"https:\\\/\\\/imago-systems.com\\\/product\\\/imago-tree-szuflada-vesa\\\/\"]}]},{\"@type\":\"ImageObject\",\"inLanguage\":\"en-US\",\"@id\":\"https:\\\/\\\/imago-systems.com\\\/product\\\/imago-tree-szuflada-vesa\\\/#primaryimage\",\"url\":\"https:\\\/\\\/imago-systems.com\\\/wp-content\\\/uploads\\\/2026\\\/04\\\/IT-KIT-2-XX-9-X-X-B.webp\",\"contentUrl\":\"https:\\\/\\\/imago-systems.com\\\/wp-content\\\/uploads\\\/2026\\\/04\\\/IT-KIT-2-XX-9-X-X-B.webp\",\"width\":600,\"height\":600,\"caption\":\"obudowa na szuflad\u0119 kasow\u0105\"},{\"@type\":\"BreadcrumbList\",\"@id\":\"https:\\\/\\\/imago-systems.com\\\/product\\\/imago-tree-szuflada-vesa\\\/#breadcrumb\",\"itemListElement\":[{\"@type\":\"ListItem\",\"position\":1,\"name\":\"Home\",\"item\":\"https:\\\/\\\/imago-systems.com\\\/\"},{\"@type\":\"ListItem\",\"position\":2,\"name\":\"Shop\",\"item\":\"https:\\\/\\\/imago-systems.com\\\/shop\\\/\"},{\"@type\":\"ListItem\",\"position\":3,\"name\":\"IMAGO Tree\",\"item\":\"https:\\\/\\\/imago-systems.com\\\/product-category\\\/imago-tree\\\/\"},{\"@type\":\"ListItem\",\"position\":4,\"name\":\"IMAGO TREE obudowa na szuflad\u0119 kasow\u0105 ze s\u0142upkiem i uchwytem VESA\"}]},{\"@type\":\"WebSite\",\"@id\":\"https:\\\/\\\/imago-systems.com\\\/#website\",\"url\":\"https:\\\/\\\/imago-systems.com\\\/\",\"name\":\"IMAGO systems\",\"description\":\"Nowoczesne rozwi\u0105zania dla przemys\u0142u i handlu detalicznego.\",\"publisher\":{\"@id\":\"https:\\\/\\\/imago-systems.com\\\/#organization\"},\"alternateName\":\"IMAGO\",\"potentialAction\":[{\"@type\":\"SearchAction\",\"target\":{\"@type\":\"EntryPoint\",\"urlTemplate\":\"https:\\\/\\\/imago-systems.com\\\/?s={search_term_string}\"},\"query-input\":{\"@type\":\"PropertyValueSpecification\",\"valueRequired\":true,\"valueName\":\"search_term_string\"}}],\"inLanguage\":\"en-US\"},{\"@type\":\"Organization\",\"@id\":\"https:\\\/\\\/imago-systems.com\\\/#organization\",\"name\":\"IMAGO Poland sp. z o.o.\",\"alternateName\":\"IMAGO\",\"url\":\"https:\\\/\\\/imago-systems.com\\\/\",\"logo\":{\"@type\":\"ImageObject\",\"inLanguage\":\"en-US\",\"@id\":\"https:\\\/\\\/imago-systems.com\\\/#\\\/schema\\\/logo\\\/image\\\/\",\"url\":\"https:\\\/\\\/imago-systems.com\\\/wp-content\\\/uploads\\\/2024\\\/11\\\/cropped-cropped-cropped-IMAGO-LOGO-.jpg\",\"contentUrl\":\"https:\\\/\\\/imago-systems.com\\\/wp-content\\\/uploads\\\/2024\\\/11\\\/cropped-cropped-cropped-IMAGO-LOGO-.jpg\",\"width\":512,\"height\":512,\"caption\":\"IMAGO Poland sp. z o.o.\"},\"image\":{\"@id\":\"https:\\\/\\\/imago-systems.com\\\/#\\\/schema\\\/logo\\\/image\\\/\"},\"sameAs\":[\"https:\\\/\\\/www.linkedin.com\\\/company\\\/imago-poland\\\/\"]}]}<\/script>\n<!-- \/ Yoast SEO plugin. -->","yoast_head_json":{"title":"IMAGO TREE obudowa na szuflad\u0119 kasow\u0105 i uchwytem VESA","description":"System monta\u017cowy POS z obudow\u0105 na szulfad\u0119 kasow\u0105 i uchwytem VESA na s\u0142upku. Rozwi\u0105zanie do punkt\u00f3w sprzeda\u017cy i wi\u0119cej, Stw\u00f3rz swoj\u0105 konfiguracj\u0119.","robots":{"index":"index","follow":"follow","max-snippet":"max-snippet:-1","max-image-preview":"max-image-preview:large","max-video-preview":"max-video-preview:-1"},"canonical":"https:\/\/imago-systems.com\/en\/product\/imago-tree-szuflada-vesa\/","og_locale":"en_US","og_type":"article","og_title":"IMAGO TREE obudowa na szuflad\u0119 kasow\u0105 i uchwytem VESA","og_description":"System monta\u017cowy POS z obudow\u0105 na szulfad\u0119 kasow\u0105 i uchwytem VESA na s\u0142upku. Rozwi\u0105zanie do punkt\u00f3w sprzeda\u017cy i wi\u0119cej, Stw\u00f3rz swoj\u0105 konfiguracj\u0119.","og_url":"https:\/\/imago-systems.com\/en\/product\/imago-tree-szuflada-vesa\/","og_site_name":"IMAGO","article_modified_time":"2026-04-27T13:29:31+00:00","og_image":[{"width":600,"height":600,"url":"https:\/\/imago-systems.com\/wp-content\/uploads\/2026\/04\/IT-KIT-2-XX-9-X-X-B.webp","type":"image\/webp"}],"twitter_card":"summary_large_image","twitter_misc":{"Est. reading time":"2 minutes"},"schema":{"@context":"https:\/\/schema.org","@graph":[{"@type":"WebPage","@id":"https:\/\/imago-systems.com\/product\/imago-tree-szuflada-vesa\/","url":"https:\/\/imago-systems.com\/product\/imago-tree-szuflada-vesa\/","name":"IMAGO TREE obudowa na szuflad\u0119 kasow\u0105 i uchwytem VESA","isPartOf":{"@id":"https:\/\/imago-systems.com\/#website"},"primaryImageOfPage":{"@id":"https:\/\/imago-systems.com\/product\/imago-tree-szuflada-vesa\/#primaryimage"},"image":{"@id":"https:\/\/imago-systems.com\/product\/imago-tree-szuflada-vesa\/#primaryimage"},"thumbnailUrl":"https:\/\/imago-systems.com\/wp-content\/uploads\/2026\/04\/IT-KIT-2-XX-9-X-X-B.webp","datePublished":"2026-04-16T13:48:51+00:00","dateModified":"2026-04-27T13:29:31+00:00","description":"System monta\u017cowy POS z obudow\u0105 na szulfad\u0119 kasow\u0105 i uchwytem VESA na s\u0142upku. Rozwi\u0105zanie do punkt\u00f3w sprzeda\u017cy i wi\u0119cej, Stw\u00f3rz swoj\u0105 konfiguracj\u0119.","breadcrumb":{"@id":"https:\/\/imago-systems.com\/product\/imago-tree-szuflada-vesa\/#breadcrumb"},"inLanguage":"en-US","potentialAction":[{"@type":"ReadAction","target":["https:\/\/imago-systems.com\/product\/imago-tree-szuflada-vesa\/"]}]},{"@type":"ImageObject","inLanguage":"en-US","@id":"https:\/\/imago-systems.com\/product\/imago-tree-szuflada-vesa\/#primaryimage","url":"https:\/\/imago-systems.com\/wp-content\/uploads\/2026\/04\/IT-KIT-2-XX-9-X-X-B.webp","contentUrl":"https:\/\/imago-systems.com\/wp-content\/uploads\/2026\/04\/IT-KIT-2-XX-9-X-X-B.webp","width":600,"height":600,"caption":"obudowa na szuflad\u0119 kasow\u0105"},{"@type":"BreadcrumbList","@id":"https:\/\/imago-systems.com\/product\/imago-tree-szuflada-vesa\/#breadcrumb","itemListElement":[{"@type":"ListItem","position":1,"name":"Home","item":"https:\/\/imago-systems.com\/"},{"@type":"ListItem","position":2,"name":"Shop","item":"https:\/\/imago-systems.com\/shop\/"},{"@type":"ListItem","position":3,"name":"IMAGO Tree","item":"https:\/\/imago-systems.com\/product-category\/imago-tree\/"},{"@type":"ListItem","position":4,"name":"IMAGO TREE obudowa na szuflad\u0119 kasow\u0105 ze s\u0142upkiem i uchwytem VESA"}]},{"@type":"WebSite","@id":"https:\/\/imago-systems.com\/#website","url":"https:\/\/imago-systems.com\/","name":"IMAGO systems","description":"Modern solutions for industry and retail.","publisher":{"@id":"https:\/\/imago-systems.com\/#organization"},"alternateName":"IMAGO","potentialAction":[{"@type":"SearchAction","target":{"@type":"EntryPoint","urlTemplate":"https:\/\/imago-systems.com\/?s={search_term_string}"},"query-input":{"@type":"PropertyValueSpecification","valueRequired":true,"valueName":"search_term_string"}}],"inLanguage":"en-US"},{"@type":"Organization","@id":"https:\/\/imago-systems.com\/#organization","name":"IMAGO Poland sp. z o. o.","alternateName":"IMAGO","url":"https:\/\/imago-systems.com\/","logo":{"@type":"ImageObject","inLanguage":"en-US","@id":"https:\/\/imago-systems.com\/#\/schema\/logo\/image\/","url":"https:\/\/imago-systems.com\/wp-content\/uploads\/2024\/11\/cropped-cropped-cropped-IMAGO-LOGO-.jpg","contentUrl":"https:\/\/imago-systems.com\/wp-content\/uploads\/2024\/11\/cropped-cropped-cropped-IMAGO-LOGO-.jpg","width":512,"height":512,"caption":"IMAGO Poland sp. z o.o."},"image":{"@id":"https:\/\/imago-systems.com\/#\/schema\/logo\/image\/"},"sameAs":["https:\/\/www.linkedin.com\/company\/imago-poland\/"]}]}},"_links":{"self":[{"href":"https:\/\/imago-systems.com\/en\/wp-json\/wp\/v2\/product\/17970","targetHints":{"allow":["GET"]}}],"collection":[{"href":"https:\/\/imago-systems.com\/en\/wp-json\/wp\/v2\/product"}],"about":[{"href":"https:\/\/imago-systems.com\/en\/wp-json\/wp\/v2\/types\/product"}],"replies":[{"embeddable":true,"href":"https:\/\/imago-systems.com\/en\/wp-json\/wp\/v2\/comments?post=17970"}],"wp:featuredmedia":[{"embeddable":true,"href":"https:\/\/imago-systems.com\/en\/wp-json\/wp\/v2\/media\/17971"}],"wp:attachment":[{"href":"https:\/\/imago-systems.com\/en\/wp-json\/wp\/v2\/media?parent=17970"}],"wp:term":[{"taxonomy":"product_brand","embeddable":true,"href":"https:\/\/imago-systems.com\/en\/wp-json\/wp\/v2\/product_brand?post=17970"},{"taxonomy":"product_cat","embeddable":true,"href":"https:\/\/imago-systems.com\/en\/wp-json\/wp\/v2\/product_cat?post=17970"},{"taxonomy":"product_tag","embeddable":true,"href":"https:\/\/imago-systems.com\/en\/wp-json\/wp\/v2\/product_tag?post=17970"}],"curies":[{"name":"wp","href":"https:\/\/api.w.org\/{rel}","templated":true}]}}