{"id":17791,"date":"2026-03-09T12:09:06","date_gmt":"2026-03-09T11:09:06","guid":{"rendered":"https:\/\/imago-systems.com\/?post_type=product&#038;p=17791"},"modified":"2026-05-04T08:02:45","modified_gmt":"2026-05-04T07:02:45","slug":"dsp-s215-kds-panel-computer","status":"publish","type":"product","link":"https:\/\/imago-systems.com\/en\/product\/dsp-s215-kds-panel-computer\/","title":{"rendered":"DSP-S215 (KDS) Panel PC \/ 21.5\u2033 FHD"},"content":{"rendered":"<p>IMAGO DSP-S215 is <a href=\"https:\/\/imago-systems.com\/en\/product-category\/panel-computers\/dsp-kds-panel-computers\/\">modern KDS panel<\/a> with a touchscreen, designed for demanding commercial environments. Combining performance, robust construction, and aesthetic appeal, it&#039;s ideal for both back-of-house and customer-facing environments.<\/p>\n<p>&nbsp;<\/p>\n<p>The device is equipped with a quad-core processor <strong>Intel N97 or Celeron J6412 and a 21.5-inch Full HD screen with capacitive touch support.<\/strong> This ensures smooth system operation and a clear, readable image.<strong> 32 GB DDR4 RAM<\/strong> and a fast SSD drive translate into stability and smooth operation in everyday use.<\/p>\n<p>&nbsp;<\/p>\n<p>The DSP-S215 offers a wide range of ports, making it easy to integrate with other devices in your system. Windows compatibility allows for extensive software flexibility, regardless of industry.<\/p>\n<p>&nbsp;<\/p>\n<p>This model is most often used as <strong>KDS, or Kitchen Display System.<\/strong> The large 21.5-inch screen allows you to conveniently manage orders in the kitchen, and the durable construction is designed for continuous operation in temperatures ranging from 0\u00b0C to 50\u00b0C. The device has <strong>CE, ROHS, FCC, CCC and ISO9001:2008 certificates,<\/strong> confirming its quality and safety.<\/p>\n<p>&nbsp;<\/p>\n<p><strong>The set includes a VESA 100\u00d7100 mount<\/strong>, which allows for easy mounting on a wall, arm or other structure adapted to the workstation.<\/p>\n<p>&nbsp;<\/p>\n<hr \/>\n<h2><\/h2>\n<h2>Key features of the KDS DSP-S215 panel<\/h2>\n<p>\u2022 <strong>21.5\u201d Full HD screen<\/strong> 1920 x 1080 with PCAP capacitive touchscreen<br data-start=\"296\" data-end=\"299\" \/>\u2022 Intel processor <strong>N97 Quad Core 2.0\u20133.6 GHz<\/strong> or Intel <strong>Celeron J6412 Quad Core<\/strong><br data-start=\"375\" data-end=\"378\" data-is-only-node=\"\" \/>\u2022 Service to <strong>32 GB<\/strong> DDR4 RAM<br data-start=\"413\" data-end=\"416\" \/>\u2022 Fast disk <strong>SSD M-SATA 128 \/ 256 \/ 512 GB<\/strong><br data-start=\"459\" data-end=\"462\" \/>\u2022 Solid, <strong>powder-coated steel housing<\/strong><br data-start=\"507\" data-end=\"510\" \/>\u2022 <strong>Passive cooling<\/strong>, quiet and failure-free operation<br data-start=\"557\" data-end=\"560\" \/>\u2022 Wide range of ports: <strong>4x USB, 3x COM, LAN, VGA\/HDMI, RJ11\/RJ12, Audio<\/strong><br data-start=\"632\" data-end=\"635\" \/>\u2022 Powered by an external adapter <strong>DC 12V<\/strong><br data-start=\"675\" data-end=\"678\" \/>\u2022 Built-in <strong>5W speaker<\/strong><br data-start=\"700\" data-end=\"703\" \/>\u2022 Operating system <strong>Windows<\/strong><br data-start=\"738\" data-end=\"741\" \/>\u2022 Continuous operation at temperature <strong>0\u00b0C to 50\u00b0C<\/strong><br data-start=\"782\" data-end=\"785\" \/>\u2022 Standard installation <strong>VESA 100\u00d7100<\/strong> (handle included)<br data-start=\"820\" data-end=\"823\" \/>\u2022 Optional <strong>Wi-Fi, Bluetooth and 27\u201d and 32\u201d versions\u201d<\/strong><br data-start=\"875\" data-end=\"878\" \/>\u2022 <strong>24-month warranty<\/strong><\/p>\n<p>&nbsp;<\/p>\n<h3>Discover others <a href=\"https:\/\/imago-systems.com\/en\/product-category\/panel-computers\/dsp-kds-panel-computers\/\">KDS panels<\/a> and choose the perfect solution for your work environment<\/h3>\n<p>&nbsp;<\/p>","protected":false},"excerpt":{"rendered":"<p>Nowy, ulepszony model komputera panelowego KDS DSP-S215 to rozwi\u0105zanie idealne przede wszystkim dla \u015brodowisk gastronomicznych. 21,5-calowy ekran Full HD z pojemno\u015bciowym dotykiem PCAP zapewnia wygodne zarz\u0105dzanie zam\u00f3wieniami w systemie Kitchen Display System, a wydajny procesor Intel N97 lub Celeron J6412, szybki dysk SSD i obs\u0142uga do 32 GB RAM gwarantuj\u0105 p\u0142ynn\u0105 prac\u0119.<\/p>\n<p>Solidna, stalowa obudowa i pasywne ch\u0142odzenie umo\u017cliwiaj\u0105 cich\u0105, bezawaryjn\u0105 eksploatacj\u0119 w trybie ci\u0105g\u0142ym. Szeroki zestaw port\u00f3w oraz system Windows zapewniaj\u0105 \u0142atw\u0105 integracj\u0119 i elastyczno\u015b\u0107 wdro\u017cenia.<\/p>","protected":false},"featured_media":17795,"comment_status":"open","ping_status":"closed","template":"","meta":[],"product_brand":[329],"product_cat":[40,244],"product_tag":[],"class_list":{"0":"post-17791","1":"product","2":"type-product","3":"status-publish","4":"has-post-thumbnail","6":"product_brand-imago","7":"product_cat-komputery-panelowe","8":"product_cat-komputery-panelowe-dsp-kds","10":"first","11":"instock","12":"shipping-taxable","13":"purchasable","14":"product-type-variable"},"acf":[],"yoast_head":"<!-- This site is optimized with the Yoast SEO plugin v27.6 - https:\/\/yoast.com\/product\/yoast-seo-wordpress\/ -->\n<title>Komputer panelowy KDS DSP-S215 \/ 21.5&quot; FHD \/ Panel KDS<\/title>\n<meta name=\"description\" content=\"Nowy, ulepszony model komputera panelowego KDS. Procesor Intel N97 lub Celeron J6412, szybki dysk SSD i obs\u0142uga do 32 GB RAM gwarantuj\u0105 p\u0142ynn\u0105 prac\u0119.\" \/>\n<meta name=\"robots\" content=\"index, follow, max-snippet:-1, max-image-preview:large, max-video-preview:-1\" \/>\n<link rel=\"canonical\" href=\"https:\/\/imago-systems.com\/en\/product\/dsp-s215-kds-panel-computer\/\" \/>\n<meta property=\"og:locale\" content=\"en_US\" \/>\n<meta property=\"og:type\" content=\"article\" \/>\n<meta property=\"og:title\" content=\"Komputer panelowy KDS DSP-S215 \/ 21.5&quot; FHD \/ Panel KDS\" \/>\n<meta property=\"og:description\" content=\"Nowy, ulepszony model komputera panelowego KDS. Procesor Intel N97 lub Celeron J6412, szybki dysk SSD i obs\u0142uga do 32 GB RAM gwarantuj\u0105 p\u0142ynn\u0105 prac\u0119.\" \/>\n<meta property=\"og:url\" content=\"https:\/\/imago-systems.com\/en\/product\/dsp-s215-kds-panel-computer\/\" \/>\n<meta property=\"og:site_name\" content=\"IMAGO\" \/>\n<meta property=\"article:modified_time\" content=\"2026-05-04T07:02:45+00:00\" \/>\n<meta property=\"og:image\" content=\"https:\/\/imago-systems.com\/wp-content\/uploads\/2026\/02\/komputer-panelowy-KDS-DSP-S215-1.webp\" \/>\n\t<meta property=\"og:image:width\" content=\"1024\" \/>\n\t<meta property=\"og:image:height\" content=\"1024\" \/>\n\t<meta property=\"og:image:type\" content=\"image\/webp\" \/>\n<meta name=\"twitter:card\" content=\"summary_large_image\" \/>\n<meta name=\"twitter:label1\" content=\"Est. reading time\" \/>\n\t<meta name=\"twitter:data1\" content=\"3 minutes\" \/>\n<script type=\"application\/ld+json\" class=\"yoast-schema-graph\">{\"@context\":\"https:\\\/\\\/schema.org\",\"@graph\":[{\"@type\":\"WebPage\",\"@id\":\"https:\\\/\\\/imago-systems.com\\\/product\\\/komputer-panelowy-dsp-s215-kds\\\/\",\"url\":\"https:\\\/\\\/imago-systems.com\\\/product\\\/komputer-panelowy-dsp-s215-kds\\\/\",\"name\":\"Komputer panelowy KDS DSP-S215 \\\/ 21.5\\\" FHD \\\/ Panel KDS\",\"isPartOf\":{\"@id\":\"https:\\\/\\\/imago-systems.com\\\/#website\"},\"primaryImageOfPage\":{\"@id\":\"https:\\\/\\\/imago-systems.com\\\/product\\\/komputer-panelowy-dsp-s215-kds\\\/#primaryimage\"},\"image\":{\"@id\":\"https:\\\/\\\/imago-systems.com\\\/product\\\/komputer-panelowy-dsp-s215-kds\\\/#primaryimage\"},\"thumbnailUrl\":\"https:\\\/\\\/imago-systems.com\\\/wp-content\\\/uploads\\\/2026\\\/02\\\/komputer-panelowy-KDS-DSP-S215-1.webp\",\"datePublished\":\"2026-03-09T11:09:06+00:00\",\"dateModified\":\"2026-05-04T07:02:45+00:00\",\"description\":\"Nowy, ulepszony model komputera panelowego KDS. Procesor Intel N97 lub Celeron J6412, szybki dysk SSD i obs\u0142uga do 32 GB RAM gwarantuj\u0105 p\u0142ynn\u0105 prac\u0119.\",\"breadcrumb\":{\"@id\":\"https:\\\/\\\/imago-systems.com\\\/product\\\/komputer-panelowy-dsp-s215-kds\\\/#breadcrumb\"},\"inLanguage\":\"en-US\",\"potentialAction\":[{\"@type\":\"ReadAction\",\"target\":[\"https:\\\/\\\/imago-systems.com\\\/product\\\/komputer-panelowy-dsp-s215-kds\\\/\"]}]},{\"@type\":\"ImageObject\",\"inLanguage\":\"en-US\",\"@id\":\"https:\\\/\\\/imago-systems.com\\\/product\\\/komputer-panelowy-dsp-s215-kds\\\/#primaryimage\",\"url\":\"https:\\\/\\\/imago-systems.com\\\/wp-content\\\/uploads\\\/2026\\\/02\\\/komputer-panelowy-KDS-DSP-S215-1.webp\",\"contentUrl\":\"https:\\\/\\\/imago-systems.com\\\/wp-content\\\/uploads\\\/2026\\\/02\\\/komputer-panelowy-KDS-DSP-S215-1.webp\",\"width\":1024,\"height\":1024,\"caption\":\"KDS IMAGO\"},{\"@type\":\"BreadcrumbList\",\"@id\":\"https:\\\/\\\/imago-systems.com\\\/product\\\/komputer-panelowy-dsp-s215-kds\\\/#breadcrumb\",\"itemListElement\":[{\"@type\":\"ListItem\",\"position\":1,\"name\":\"Home\",\"item\":\"https:\\\/\\\/imago-systems.com\\\/\"},{\"@type\":\"ListItem\",\"position\":2,\"name\":\"Shop\",\"item\":\"https:\\\/\\\/imago-systems.com\\\/shop\\\/\"},{\"@type\":\"ListItem\",\"position\":3,\"name\":\"Komputery panelowe\",\"item\":\"https:\\\/\\\/imago-systems.com\\\/product-category\\\/komputery-panelowe\\\/\"},{\"@type\":\"ListItem\",\"position\":4,\"name\":\"Komputery panelowe DSP (KDS)\",\"item\":\"https:\\\/\\\/imago-systems.com\\\/product-category\\\/komputery-panelowe\\\/komputery-panelowe-dsp-kds\\\/\"},{\"@type\":\"ListItem\",\"position\":5,\"name\":\"Komputer panelowy DSP-S215 (KDS) \\\/ 21.5&#8243; FHD\"}]},{\"@type\":\"WebSite\",\"@id\":\"https:\\\/\\\/imago-systems.com\\\/#website\",\"url\":\"https:\\\/\\\/imago-systems.com\\\/\",\"name\":\"IMAGO systems\",\"description\":\"Nowoczesne rozwi\u0105zania dla przemys\u0142u i handlu detalicznego.\",\"publisher\":{\"@id\":\"https:\\\/\\\/imago-systems.com\\\/#organization\"},\"alternateName\":\"IMAGO\",\"potentialAction\":[{\"@type\":\"SearchAction\",\"target\":{\"@type\":\"EntryPoint\",\"urlTemplate\":\"https:\\\/\\\/imago-systems.com\\\/?s={search_term_string}\"},\"query-input\":{\"@type\":\"PropertyValueSpecification\",\"valueRequired\":true,\"valueName\":\"search_term_string\"}}],\"inLanguage\":\"en-US\"},{\"@type\":\"Organization\",\"@id\":\"https:\\\/\\\/imago-systems.com\\\/#organization\",\"name\":\"IMAGO Poland sp. z o.o.\",\"alternateName\":\"IMAGO\",\"url\":\"https:\\\/\\\/imago-systems.com\\\/\",\"logo\":{\"@type\":\"ImageObject\",\"inLanguage\":\"en-US\",\"@id\":\"https:\\\/\\\/imago-systems.com\\\/#\\\/schema\\\/logo\\\/image\\\/\",\"url\":\"https:\\\/\\\/imago-systems.com\\\/wp-content\\\/uploads\\\/2024\\\/11\\\/cropped-cropped-cropped-IMAGO-LOGO-.jpg\",\"contentUrl\":\"https:\\\/\\\/imago-systems.com\\\/wp-content\\\/uploads\\\/2024\\\/11\\\/cropped-cropped-cropped-IMAGO-LOGO-.jpg\",\"width\":512,\"height\":512,\"caption\":\"IMAGO Poland sp. z o.o.\"},\"image\":{\"@id\":\"https:\\\/\\\/imago-systems.com\\\/#\\\/schema\\\/logo\\\/image\\\/\"},\"sameAs\":[\"https:\\\/\\\/www.linkedin.com\\\/company\\\/imago-poland\\\/\"]}]}<\/script>\n<!-- \/ Yoast SEO plugin. -->","yoast_head_json":{"title":"KDS DSP-S215 \/ 21.5&quot; FHD Panel Computer \/ KDS Panel","description":"A new, improved KDS panel computer model. An Intel N97 or Celeron J6412 processor, a fast SSD, and support for up to 32 GB of RAM guarantee smooth operation.","robots":{"index":"index","follow":"follow","max-snippet":"max-snippet:-1","max-image-preview":"max-image-preview:large","max-video-preview":"max-video-preview:-1"},"canonical":"https:\/\/imago-systems.com\/en\/product\/dsp-s215-kds-panel-computer\/","og_locale":"en_US","og_type":"article","og_title":"Komputer panelowy KDS DSP-S215 \/ 21.5\" FHD \/ Panel KDS","og_description":"Nowy, ulepszony model komputera panelowego KDS. Procesor Intel N97 lub Celeron J6412, szybki dysk SSD i obs\u0142uga do 32 GB RAM gwarantuj\u0105 p\u0142ynn\u0105 prac\u0119.","og_url":"https:\/\/imago-systems.com\/en\/product\/dsp-s215-kds-panel-computer\/","og_site_name":"IMAGO","article_modified_time":"2026-05-04T07:02:45+00:00","og_image":[{"width":1024,"height":1024,"url":"https:\/\/imago-systems.com\/wp-content\/uploads\/2026\/02\/komputer-panelowy-KDS-DSP-S215-1.webp","type":"image\/webp"}],"twitter_card":"summary_large_image","twitter_misc":{"Est. reading time":"3 minutes"},"schema":{"@context":"https:\/\/schema.org","@graph":[{"@type":"WebPage","@id":"https:\/\/imago-systems.com\/product\/komputer-panelowy-dsp-s215-kds\/","url":"https:\/\/imago-systems.com\/product\/komputer-panelowy-dsp-s215-kds\/","name":"KDS DSP-S215 \/ 21.5&quot; FHD Panel Computer \/ KDS Panel","isPartOf":{"@id":"https:\/\/imago-systems.com\/#website"},"primaryImageOfPage":{"@id":"https:\/\/imago-systems.com\/product\/komputer-panelowy-dsp-s215-kds\/#primaryimage"},"image":{"@id":"https:\/\/imago-systems.com\/product\/komputer-panelowy-dsp-s215-kds\/#primaryimage"},"thumbnailUrl":"https:\/\/imago-systems.com\/wp-content\/uploads\/2026\/02\/komputer-panelowy-KDS-DSP-S215-1.webp","datePublished":"2026-03-09T11:09:06+00:00","dateModified":"2026-05-04T07:02:45+00:00","description":"A new, improved KDS panel computer model. An Intel N97 or Celeron J6412 processor, a fast SSD, and support for up to 32 GB of RAM guarantee smooth operation.","breadcrumb":{"@id":"https:\/\/imago-systems.com\/product\/komputer-panelowy-dsp-s215-kds\/#breadcrumb"},"inLanguage":"en-US","potentialAction":[{"@type":"ReadAction","target":["https:\/\/imago-systems.com\/product\/komputer-panelowy-dsp-s215-kds\/"]}]},{"@type":"ImageObject","inLanguage":"en-US","@id":"https:\/\/imago-systems.com\/product\/komputer-panelowy-dsp-s215-kds\/#primaryimage","url":"https:\/\/imago-systems.com\/wp-content\/uploads\/2026\/02\/komputer-panelowy-KDS-DSP-S215-1.webp","contentUrl":"https:\/\/imago-systems.com\/wp-content\/uploads\/2026\/02\/komputer-panelowy-KDS-DSP-S215-1.webp","width":1024,"height":1024,"caption":"KDS IMAGO"},{"@type":"BreadcrumbList","@id":"https:\/\/imago-systems.com\/product\/komputer-panelowy-dsp-s215-kds\/#breadcrumb","itemListElement":[{"@type":"ListItem","position":1,"name":"Home","item":"https:\/\/imago-systems.com\/"},{"@type":"ListItem","position":2,"name":"Shop","item":"https:\/\/imago-systems.com\/shop\/"},{"@type":"ListItem","position":3,"name":"Komputery panelowe","item":"https:\/\/imago-systems.com\/product-category\/komputery-panelowe\/"},{"@type":"ListItem","position":4,"name":"Komputery panelowe DSP (KDS)","item":"https:\/\/imago-systems.com\/product-category\/komputery-panelowe\/komputery-panelowe-dsp-kds\/"},{"@type":"ListItem","position":5,"name":"Komputer panelowy DSP-S215 (KDS) \/ 21.5&#8243; FHD"}]},{"@type":"WebSite","@id":"https:\/\/imago-systems.com\/#website","url":"https:\/\/imago-systems.com\/","name":"IMAGO systems","description":"Modern solutions for industry and retail.","publisher":{"@id":"https:\/\/imago-systems.com\/#organization"},"alternateName":"IMAGO","potentialAction":[{"@type":"SearchAction","target":{"@type":"EntryPoint","urlTemplate":"https:\/\/imago-systems.com\/?s={search_term_string}"},"query-input":{"@type":"PropertyValueSpecification","valueRequired":true,"valueName":"search_term_string"}}],"inLanguage":"en-US"},{"@type":"Organization","@id":"https:\/\/imago-systems.com\/#organization","name":"IMAGO Poland sp. z o. o.","alternateName":"IMAGO","url":"https:\/\/imago-systems.com\/","logo":{"@type":"ImageObject","inLanguage":"en-US","@id":"https:\/\/imago-systems.com\/#\/schema\/logo\/image\/","url":"https:\/\/imago-systems.com\/wp-content\/uploads\/2024\/11\/cropped-cropped-cropped-IMAGO-LOGO-.jpg","contentUrl":"https:\/\/imago-systems.com\/wp-content\/uploads\/2024\/11\/cropped-cropped-cropped-IMAGO-LOGO-.jpg","width":512,"height":512,"caption":"IMAGO Poland sp. z o.o."},"image":{"@id":"https:\/\/imago-systems.com\/#\/schema\/logo\/image\/"},"sameAs":["https:\/\/www.linkedin.com\/company\/imago-poland\/"]}]}},"_links":{"self":[{"href":"https:\/\/imago-systems.com\/en\/wp-json\/wp\/v2\/product\/17791","targetHints":{"allow":["GET"]}}],"collection":[{"href":"https:\/\/imago-systems.com\/en\/wp-json\/wp\/v2\/product"}],"about":[{"href":"https:\/\/imago-systems.com\/en\/wp-json\/wp\/v2\/types\/product"}],"replies":[{"embeddable":true,"href":"https:\/\/imago-systems.com\/en\/wp-json\/wp\/v2\/comments?post=17791"}],"wp:featuredmedia":[{"embeddable":true,"href":"https:\/\/imago-systems.com\/en\/wp-json\/wp\/v2\/media\/17795"}],"wp:attachment":[{"href":"https:\/\/imago-systems.com\/en\/wp-json\/wp\/v2\/media?parent=17791"}],"wp:term":[{"taxonomy":"product_brand","embeddable":true,"href":"https:\/\/imago-systems.com\/en\/wp-json\/wp\/v2\/product_brand?post=17791"},{"taxonomy":"product_cat","embeddable":true,"href":"https:\/\/imago-systems.com\/en\/wp-json\/wp\/v2\/product_cat?post=17791"},{"taxonomy":"product_tag","embeddable":true,"href":"https:\/\/imago-systems.com\/en\/wp-json\/wp\/v2\/product_tag?post=17791"}],"curies":[{"name":"wp","href":"https:\/\/api.w.org\/{rel}","templated":true}]}}