{"id":15239,"date":"2025-03-18T13:48:08","date_gmt":"2025-03-18T12:48:08","guid":{"rendered":"https:\/\/imago-systems.com\/?post_type=product&#038;p=15239"},"modified":"2026-04-28T12:07:54","modified_gmt":"2026-04-28T11:07:54","slug":"imago-tree-kiosk-wersja-biurkowa","status":"publish","type":"product","link":"https:\/\/imago-systems.com\/en\/product\/imago-tree-kiosk-wersja-biurkowa\/","title":{"rendered":"IMAGO TREE Kiosk desktop version"},"content":{"rendered":"<p>Kiosk enclosure designed for tabletop mounting, the enclosure has been designed with stability and aesthetics in mind. <strong>It is possible to make precisely fitted cutouts<\/strong> for specific printer and scanner models, allowing for full integration with selected hardware. Additionally, thanks to the system <strong>VESA<\/strong>, the design allows the installation of a panel computer, providing a functional and ergonomic solution for self-service stations.<\/p>\n<p>&nbsp;<\/p>\n<h2>Kiosk features:<\/h2>\n<ul>\n<li><strong>The solution is tailored to the unique needs of each client<\/strong><\/li>\n<li>Also available <strong>freestanding version<\/strong><\/li>\n<li>Other elements can be added<strong> IMAGO TREE<\/strong> - such as <strong>frame with a holder for a payment terminal, barcode reader and much more.<\/strong><\/li>\n<li>It is possible to order ready-made solutions with cut-outs <b>suitable for scanners: <\/b><a href=\"https:\/\/www.newland-id.com\/\" target=\"_blank\" rel=\"noopener\">Newland<\/a> nls fm3080, DATALOGIC 1500i, MINDEO MP150, Newland NLS FR27<\/li>\n<li><b>And printers:<\/b> <a href=\"https:\/\/www.epson.pl\/pl_PL\" target=\"_blank\" rel=\"noopener\">Epson<\/a> TM-m30II, HPRT TP808, CHD TM-TH508, CPE-K3-F Eth, CITIZEN CT-E351<\/li>\n<\/ul>\n<p>&nbsp;<\/p>\n<h3>Discover other solutions <a href=\"https:\/\/imago-systems.com\/en\/product-category\/imago-tree\/\">IMAGO TREE<\/a>, including a free-standing kiosk version.<\/h3>\n<p>&nbsp;<\/p>\n<p>&nbsp;<\/p>","protected":false},"excerpt":{"rendered":"<p>A compact kiosk enclosure designed for tabletop mounting. Precise cutouts for specific printer and scanner models allow for full integration with selected hardware. The VESA mount system allows for the installation of a panel-mount computer, creating a functional and ergonomic self-service workstation. Also available as a freestanding version.<\/p>","protected":false},"featured_media":15240,"comment_status":"open","ping_status":"closed","template":"","meta":[],"product_brand":[],"product_cat":[272],"product_tag":[],"class_list":{"0":"post-15239","1":"product","2":"type-product","3":"status-publish","4":"has-post-thumbnail","6":"product_cat-gotowe-systemy-montazowe","8":"first","9":"instock","10":"shipping-taxable","11":"product-type-simple"},"acf":[],"yoast_head":"<!-- This site is optimized with the Yoast SEO plugin v27.6 - https:\/\/yoast.com\/product\/yoast-seo-wordpress\/ -->\n<title>IMAGO TREE Kiosk wersja biurkowa - IMAGO<\/title>\n<meta name=\"description\" content=\"Kompaktowa obudowa kioskowa przeznaczona do monta\u017cu na blacie. Mo\u017cliwo\u015b\u0107 wykonania precyzyjnych wyci\u0119\u0107 pod konkretne modele drukarek i skaner\u00f3w.\" \/>\n<meta name=\"robots\" content=\"index, follow, max-snippet:-1, max-image-preview:large, max-video-preview:-1\" \/>\n<link rel=\"canonical\" href=\"https:\/\/imago-systems.com\/en\/product\/imago-tree-kiosk-wersja-biurkowa\/\" \/>\n<meta property=\"og:locale\" content=\"en_US\" \/>\n<meta property=\"og:type\" content=\"article\" \/>\n<meta property=\"og:title\" content=\"IMAGO TREE Kiosk wersja biurkowa - IMAGO\" \/>\n<meta property=\"og:description\" content=\"Kompaktowa obudowa kioskowa przeznaczona do monta\u017cu na blacie. Mo\u017cliwo\u015b\u0107 wykonania precyzyjnych wyci\u0119\u0107 pod konkretne modele drukarek i skaner\u00f3w.\" \/>\n<meta property=\"og:url\" content=\"https:\/\/imago-systems.com\/en\/product\/imago-tree-kiosk-wersja-biurkowa\/\" \/>\n<meta property=\"og:site_name\" content=\"IMAGO\" \/>\n<meta property=\"article:modified_time\" content=\"2026-04-28T11:07:54+00:00\" \/>\n<meta property=\"og:image\" content=\"https:\/\/imago-systems.com\/wp-content\/uploads\/2025\/03\/IMAGO-TREE-wersja-biurkowa-bez-wyciec-na-drukarke-i-skaner-.png\" \/>\n\t<meta property=\"og:image:width\" content=\"600\" \/>\n\t<meta property=\"og:image:height\" content=\"600\" \/>\n\t<meta property=\"og:image:type\" content=\"image\/png\" \/>\n<meta name=\"twitter:card\" content=\"summary_large_image\" \/>\n<meta name=\"twitter:label1\" content=\"Est. reading time\" \/>\n\t<meta name=\"twitter:data1\" content=\"1 minute\" \/>\n<script type=\"application\/ld+json\" class=\"yoast-schema-graph\">{\"@context\":\"https:\\\/\\\/schema.org\",\"@graph\":[{\"@type\":\"WebPage\",\"@id\":\"https:\\\/\\\/imago-systems.com\\\/product\\\/imago-tree-kiosk-wersja-biurkowa\\\/\",\"url\":\"https:\\\/\\\/imago-systems.com\\\/product\\\/imago-tree-kiosk-wersja-biurkowa\\\/\",\"name\":\"IMAGO TREE Kiosk wersja biurkowa - IMAGO\",\"isPartOf\":{\"@id\":\"https:\\\/\\\/imago-systems.com\\\/#website\"},\"primaryImageOfPage\":{\"@id\":\"https:\\\/\\\/imago-systems.com\\\/product\\\/imago-tree-kiosk-wersja-biurkowa\\\/#primaryimage\"},\"image\":{\"@id\":\"https:\\\/\\\/imago-systems.com\\\/product\\\/imago-tree-kiosk-wersja-biurkowa\\\/#primaryimage\"},\"thumbnailUrl\":\"https:\\\/\\\/imago-systems.com\\\/wp-content\\\/uploads\\\/2025\\\/03\\\/IMAGO-TREE-wersja-biurkowa-bez-wyciec-na-drukarke-i-skaner-.png\",\"datePublished\":\"2025-03-18T12:48:08+00:00\",\"dateModified\":\"2026-04-28T11:07:54+00:00\",\"description\":\"Kompaktowa obudowa kioskowa przeznaczona do monta\u017cu na blacie. Mo\u017cliwo\u015b\u0107 wykonania precyzyjnych wyci\u0119\u0107 pod konkretne modele drukarek i skaner\u00f3w.\",\"breadcrumb\":{\"@id\":\"https:\\\/\\\/imago-systems.com\\\/product\\\/imago-tree-kiosk-wersja-biurkowa\\\/#breadcrumb\"},\"inLanguage\":\"en-US\",\"potentialAction\":[{\"@type\":\"ReadAction\",\"target\":[\"https:\\\/\\\/imago-systems.com\\\/product\\\/imago-tree-kiosk-wersja-biurkowa\\\/\"]}]},{\"@type\":\"ImageObject\",\"inLanguage\":\"en-US\",\"@id\":\"https:\\\/\\\/imago-systems.com\\\/product\\\/imago-tree-kiosk-wersja-biurkowa\\\/#primaryimage\",\"url\":\"https:\\\/\\\/imago-systems.com\\\/wp-content\\\/uploads\\\/2025\\\/03\\\/IMAGO-TREE-wersja-biurkowa-bez-wyciec-na-drukarke-i-skaner-.png\",\"contentUrl\":\"https:\\\/\\\/imago-systems.com\\\/wp-content\\\/uploads\\\/2025\\\/03\\\/IMAGO-TREE-wersja-biurkowa-bez-wyciec-na-drukarke-i-skaner-.png\",\"width\":600,\"height\":600,\"caption\":\"IMAGO TREE kiosk wersja biurkowa bez wyci\u0119\u0107 na drukark\u0119 i skaner\"},{\"@type\":\"BreadcrumbList\",\"@id\":\"https:\\\/\\\/imago-systems.com\\\/product\\\/imago-tree-kiosk-wersja-biurkowa\\\/#breadcrumb\",\"itemListElement\":[{\"@type\":\"ListItem\",\"position\":1,\"name\":\"Home\",\"item\":\"https:\\\/\\\/imago-systems.com\\\/\"},{\"@type\":\"ListItem\",\"position\":2,\"name\":\"Shop\",\"item\":\"https:\\\/\\\/imago-systems.com\\\/shop\\\/\"},{\"@type\":\"ListItem\",\"position\":3,\"name\":\"IMAGO Tree\",\"item\":\"https:\\\/\\\/imago-systems.com\\\/product-category\\\/imago-tree\\\/\"},{\"@type\":\"ListItem\",\"position\":4,\"name\":\"Gotowe systemy monta\u017cowe\",\"item\":\"https:\\\/\\\/imago-systems.com\\\/product-category\\\/imago-tree\\\/gotowe-systemy-montazowe\\\/\"},{\"@type\":\"ListItem\",\"position\":5,\"name\":\"IMAGO TREE Kiosk wersja biurkowa\"}]},{\"@type\":\"WebSite\",\"@id\":\"https:\\\/\\\/imago-systems.com\\\/#website\",\"url\":\"https:\\\/\\\/imago-systems.com\\\/\",\"name\":\"IMAGO systems\",\"description\":\"Nowoczesne rozwi\u0105zania dla przemys\u0142u i handlu detalicznego.\",\"publisher\":{\"@id\":\"https:\\\/\\\/imago-systems.com\\\/#organization\"},\"alternateName\":\"IMAGO\",\"potentialAction\":[{\"@type\":\"SearchAction\",\"target\":{\"@type\":\"EntryPoint\",\"urlTemplate\":\"https:\\\/\\\/imago-systems.com\\\/?s={search_term_string}\"},\"query-input\":{\"@type\":\"PropertyValueSpecification\",\"valueRequired\":true,\"valueName\":\"search_term_string\"}}],\"inLanguage\":\"en-US\"},{\"@type\":\"Organization\",\"@id\":\"https:\\\/\\\/imago-systems.com\\\/#organization\",\"name\":\"IMAGO Poland sp. z o.o.\",\"alternateName\":\"IMAGO\",\"url\":\"https:\\\/\\\/imago-systems.com\\\/\",\"logo\":{\"@type\":\"ImageObject\",\"inLanguage\":\"en-US\",\"@id\":\"https:\\\/\\\/imago-systems.com\\\/#\\\/schema\\\/logo\\\/image\\\/\",\"url\":\"https:\\\/\\\/imago-systems.com\\\/wp-content\\\/uploads\\\/2024\\\/11\\\/cropped-cropped-cropped-IMAGO-LOGO-.jpg\",\"contentUrl\":\"https:\\\/\\\/imago-systems.com\\\/wp-content\\\/uploads\\\/2024\\\/11\\\/cropped-cropped-cropped-IMAGO-LOGO-.jpg\",\"width\":512,\"height\":512,\"caption\":\"IMAGO Poland sp. z o.o.\"},\"image\":{\"@id\":\"https:\\\/\\\/imago-systems.com\\\/#\\\/schema\\\/logo\\\/image\\\/\"},\"sameAs\":[\"https:\\\/\\\/www.linkedin.com\\\/company\\\/imago-poland\\\/\"]}]}<\/script>\n<!-- \/ Yoast SEO plugin. -->","yoast_head_json":{"title":"IMAGO TREE Kiosk desktop version - IMAGO","description":"Kompaktowa obudowa kioskowa przeznaczona do monta\u017cu na blacie. Mo\u017cliwo\u015b\u0107 wykonania precyzyjnych wyci\u0119\u0107 pod konkretne modele drukarek i skaner\u00f3w.","robots":{"index":"index","follow":"follow","max-snippet":"max-snippet:-1","max-image-preview":"max-image-preview:large","max-video-preview":"max-video-preview:-1"},"canonical":"https:\/\/imago-systems.com\/en\/product\/imago-tree-kiosk-wersja-biurkowa\/","og_locale":"en_US","og_type":"article","og_title":"IMAGO TREE Kiosk wersja biurkowa - IMAGO","og_description":"Kompaktowa obudowa kioskowa przeznaczona do monta\u017cu na blacie. Mo\u017cliwo\u015b\u0107 wykonania precyzyjnych wyci\u0119\u0107 pod konkretne modele drukarek i skaner\u00f3w.","og_url":"https:\/\/imago-systems.com\/en\/product\/imago-tree-kiosk-wersja-biurkowa\/","og_site_name":"IMAGO","article_modified_time":"2026-04-28T11:07:54+00:00","og_image":[{"width":600,"height":600,"url":"https:\/\/imago-systems.com\/wp-content\/uploads\/2025\/03\/IMAGO-TREE-wersja-biurkowa-bez-wyciec-na-drukarke-i-skaner-.png","type":"image\/png"}],"twitter_card":"summary_large_image","twitter_misc":{"Est. reading time":"1 minute"},"schema":{"@context":"https:\/\/schema.org","@graph":[{"@type":"WebPage","@id":"https:\/\/imago-systems.com\/product\/imago-tree-kiosk-wersja-biurkowa\/","url":"https:\/\/imago-systems.com\/product\/imago-tree-kiosk-wersja-biurkowa\/","name":"IMAGO TREE Kiosk desktop version - IMAGO","isPartOf":{"@id":"https:\/\/imago-systems.com\/#website"},"primaryImageOfPage":{"@id":"https:\/\/imago-systems.com\/product\/imago-tree-kiosk-wersja-biurkowa\/#primaryimage"},"image":{"@id":"https:\/\/imago-systems.com\/product\/imago-tree-kiosk-wersja-biurkowa\/#primaryimage"},"thumbnailUrl":"https:\/\/imago-systems.com\/wp-content\/uploads\/2025\/03\/IMAGO-TREE-wersja-biurkowa-bez-wyciec-na-drukarke-i-skaner-.png","datePublished":"2025-03-18T12:48:08+00:00","dateModified":"2026-04-28T11:07:54+00:00","description":"Kompaktowa obudowa kioskowa przeznaczona do monta\u017cu na blacie. Mo\u017cliwo\u015b\u0107 wykonania precyzyjnych wyci\u0119\u0107 pod konkretne modele drukarek i skaner\u00f3w.","breadcrumb":{"@id":"https:\/\/imago-systems.com\/product\/imago-tree-kiosk-wersja-biurkowa\/#breadcrumb"},"inLanguage":"en-US","potentialAction":[{"@type":"ReadAction","target":["https:\/\/imago-systems.com\/product\/imago-tree-kiosk-wersja-biurkowa\/"]}]},{"@type":"ImageObject","inLanguage":"en-US","@id":"https:\/\/imago-systems.com\/product\/imago-tree-kiosk-wersja-biurkowa\/#primaryimage","url":"https:\/\/imago-systems.com\/wp-content\/uploads\/2025\/03\/IMAGO-TREE-wersja-biurkowa-bez-wyciec-na-drukarke-i-skaner-.png","contentUrl":"https:\/\/imago-systems.com\/wp-content\/uploads\/2025\/03\/IMAGO-TREE-wersja-biurkowa-bez-wyciec-na-drukarke-i-skaner-.png","width":600,"height":600,"caption":"IMAGO TREE kiosk wersja biurkowa bez wyci\u0119\u0107 na drukark\u0119 i skaner"},{"@type":"BreadcrumbList","@id":"https:\/\/imago-systems.com\/product\/imago-tree-kiosk-wersja-biurkowa\/#breadcrumb","itemListElement":[{"@type":"ListItem","position":1,"name":"Home","item":"https:\/\/imago-systems.com\/"},{"@type":"ListItem","position":2,"name":"Shop","item":"https:\/\/imago-systems.com\/shop\/"},{"@type":"ListItem","position":3,"name":"IMAGO Tree","item":"https:\/\/imago-systems.com\/product-category\/imago-tree\/"},{"@type":"ListItem","position":4,"name":"Gotowe systemy monta\u017cowe","item":"https:\/\/imago-systems.com\/product-category\/imago-tree\/gotowe-systemy-montazowe\/"},{"@type":"ListItem","position":5,"name":"IMAGO TREE Kiosk wersja biurkowa"}]},{"@type":"WebSite","@id":"https:\/\/imago-systems.com\/#website","url":"https:\/\/imago-systems.com\/","name":"IMAGO systems","description":"Modern solutions for industry and retail.","publisher":{"@id":"https:\/\/imago-systems.com\/#organization"},"alternateName":"IMAGO","potentialAction":[{"@type":"SearchAction","target":{"@type":"EntryPoint","urlTemplate":"https:\/\/imago-systems.com\/?s={search_term_string}"},"query-input":{"@type":"PropertyValueSpecification","valueRequired":true,"valueName":"search_term_string"}}],"inLanguage":"en-US"},{"@type":"Organization","@id":"https:\/\/imago-systems.com\/#organization","name":"IMAGO Poland sp. z o. o.","alternateName":"IMAGO","url":"https:\/\/imago-systems.com\/","logo":{"@type":"ImageObject","inLanguage":"en-US","@id":"https:\/\/imago-systems.com\/#\/schema\/logo\/image\/","url":"https:\/\/imago-systems.com\/wp-content\/uploads\/2024\/11\/cropped-cropped-cropped-IMAGO-LOGO-.jpg","contentUrl":"https:\/\/imago-systems.com\/wp-content\/uploads\/2024\/11\/cropped-cropped-cropped-IMAGO-LOGO-.jpg","width":512,"height":512,"caption":"IMAGO Poland sp. z o.o."},"image":{"@id":"https:\/\/imago-systems.com\/#\/schema\/logo\/image\/"},"sameAs":["https:\/\/www.linkedin.com\/company\/imago-poland\/"]}]}},"_links":{"self":[{"href":"https:\/\/imago-systems.com\/en\/wp-json\/wp\/v2\/product\/15239","targetHints":{"allow":["GET"]}}],"collection":[{"href":"https:\/\/imago-systems.com\/en\/wp-json\/wp\/v2\/product"}],"about":[{"href":"https:\/\/imago-systems.com\/en\/wp-json\/wp\/v2\/types\/product"}],"replies":[{"embeddable":true,"href":"https:\/\/imago-systems.com\/en\/wp-json\/wp\/v2\/comments?post=15239"}],"wp:featuredmedia":[{"embeddable":true,"href":"https:\/\/imago-systems.com\/en\/wp-json\/wp\/v2\/media\/15240"}],"wp:attachment":[{"href":"https:\/\/imago-systems.com\/en\/wp-json\/wp\/v2\/media?parent=15239"}],"wp:term":[{"taxonomy":"product_brand","embeddable":true,"href":"https:\/\/imago-systems.com\/en\/wp-json\/wp\/v2\/product_brand?post=15239"},{"taxonomy":"product_cat","embeddable":true,"href":"https:\/\/imago-systems.com\/en\/wp-json\/wp\/v2\/product_cat?post=15239"},{"taxonomy":"product_tag","embeddable":true,"href":"https:\/\/imago-systems.com\/en\/wp-json\/wp\/v2\/product_tag?post=15239"}],"curies":[{"name":"wp","href":"https:\/\/api.w.org\/{rel}","templated":true}]}}