{"id":15235,"date":"2025-03-18T13:30:21","date_gmt":"2025-03-18T12:30:21","guid":{"rendered":"https:\/\/imago-systems.com\/?post_type=product&#038;p=15235"},"modified":"2026-04-27T14:46:36","modified_gmt":"2026-04-27T13:46:36","slug":"imago-tree-freestanding-kiosk","status":"publish","type":"product","link":"https:\/\/imago-systems.com\/en\/product\/imago-tree-freestanding-kiosk\/","title":{"rendered":"IMAGO TREE Freestanding Kiosk"},"content":{"rendered":"<p><strong>Freestanding kiosk<\/strong> IMAGO TREE is a modern, modular structure designed with aesthetics, durability, and full functionality in mind for demanding commercial spaces. <strong>base for touch screens, self-service systems, information, registration and sales applications<\/strong>. Thanks to its well-thought-out design and high-quality materials <strong>kiosk<\/strong> It works perfectly in shopping malls, hotels, restaurants, offices, service points and public institutions.<\/p>\n<p>IMAGO TREE is not just a housing, it is the foundation for a comprehensive self-service solution.<\/p>\n<p>&nbsp;<\/p>\n<hr data-start=\"616\" data-end=\"619\" \/>\n<h2 data-start=\"621\" data-end=\"677\"><\/h2>\n<h2 data-start=\"621\" data-end=\"677\">Why choose the IMAGO TREE freestanding kiosk?<\/h2>\n<p>&nbsp;<\/p>\n<ul>\n<li><strong>Stable and durable construction<\/strong><br \/>\nThe freestanding kiosk is designed for intensive use in high-traffic spaces. Its solid base ensures stability, while carefully selected materials ensure durability and resistance to everyday use.<\/li>\n<li><strong>Modern design<\/strong><br \/>\nThe minimalist form and aesthetic finish make the kiosk fit harmoniously into modern interiors \u2013 both commercial and public. It&#039;s a solution that combines functionality with brand image.<\/li>\n<li><strong>Full personalization<\/strong><br \/>\nWe can customize each freestanding kiosk to suit the customer&#039;s individual needs \u2013 in terms of dimensions, color, type of cutouts, device configuration, and mounting method.<\/li>\n<\/ul>\n<p>&nbsp;<\/p>\n<hr data-start=\"1401\" data-end=\"1404\" \/>\n<h2 data-start=\"1406\" data-end=\"1451\"><\/h2>\n<h2 data-start=\"1406\" data-end=\"1451\">Possibility to build a comprehensive solution<\/h2>\n<p>&nbsp;<\/p>\n<p data-start=\"1453\" data-end=\"1575\">IMAGO TREE can be a basis for creating <strong>complete self-service station<\/strong>.<\/p>\n<p data-start=\"1453\" data-end=\"1575\">\n<p data-start=\"1453\" data-end=\"1575\"><strong>The structure can be integrated with, among others:<\/strong><\/p>\n<ul>\n<li data-start=\"1453\" data-end=\"1575\">touch screen,<\/li>\n<li data-start=\"1453\" data-end=\"1575\">fiscal or non-fiscal printer,<\/li>\n<li data-start=\"1453\" data-end=\"1575\">barcode scanner,<\/li>\n<li data-start=\"1453\" data-end=\"1575\">payment terminal,<\/li>\n<li data-start=\"1453\" data-end=\"1575\">card readers,<\/li>\n<li data-start=\"1453\" data-end=\"1575\">identification modules (QR, RFID),<\/li>\n<li data-start=\"1453\" data-end=\"1575\">additional accessories mounted on system arms.<\/li>\n<\/ul>\n<p>&nbsp;<\/p>\n<p data-start=\"1792\" data-end=\"2064\">Importantly, the free-standing kiosk can be equipped with <strong>IMAGO panel computer<\/strong>, creating a fully integrated, all-in-one system. This provides the customer with a complete, turnkey solution \u2013 from design and electronics to technical configuration.<\/p>\n<hr data-start=\"2066\" data-end=\"2069\" \/>\n<h2 data-start=\"2071\" data-end=\"2115\"><\/h2>\n<h2 data-start=\"2071\" data-end=\"2115\">Ready-made cutouts for proven devices<\/h2>\n<p>&nbsp;<\/p>\n<p>We offer the possibility of ordering a kiosk with pre-prepared<strong> cutouts adapted to popular device models<\/strong>, including:<\/p>\n<p>&nbsp;<\/p>\n<p><strong>Scanners:<\/strong><\/p>\n<ul>\n<li><a href=\"https:\/\/www.newland-id.com\/pl\">Newland<\/a> NLS FM3080<\/li>\n<li><a href=\"https:\/\/www.datalogic.com\/\">Datalogic<\/a> 1500i<\/li>\n<li>Mindeo MP150<\/li>\n<li>Newland NLS FR27<\/li>\n<\/ul>\n<p>&nbsp;<\/p>\n<p><strong>Printers:<\/strong><\/p>\n<ul>\n<li>Epson TM-m30II<\/li>\n<li>HPRT TP808<\/li>\n<li>CHD TM-TH508<\/li>\n<li>CPE-K3-F Eth<\/li>\n<li>Citizen CT-E351<\/li>\n<\/ul>\n<p>&nbsp;<\/p>\n<p>This makes the installation of devices quick, aesthetic and safe.<\/p>\n<p>&nbsp;<\/p>\n<hr data-start=\"2516\" data-end=\"2519\" \/>\n<h2 data-start=\"2521\" data-end=\"2549\"><\/h2>\n<h2 data-start=\"2521\" data-end=\"2549\">Configuration flexibility<\/h2>\n<p>&nbsp;<\/p>\n<ul>\n<li>Possibility of mounting additional IMAGO TREE elements \u2013 e.g. arms with holders for payment terminals, scanners or other peripheral devices.<\/li>\n<li>A desktop version of the kiosk is also available \u2013 ideal for reception points and service desks.<\/li>\n<li>Possibility of implementing serial and individual projects.<\/li>\n<\/ul>\n<p>&nbsp;<\/p>\n<hr data-start=\"2860\" data-end=\"2863\" \/>\n<h2 data-start=\"2865\" data-end=\"2903\"><\/h2>\n<h2 data-start=\"2865\" data-end=\"2903\">Application of a free-standing kiosk<\/h2>\n<p>&nbsp;<\/p>\n<p>The IMAGO TREE freestanding kiosk is perfect for:<\/p>\n<p>&nbsp;<\/p>\n<ul>\n<li><strong>information kiosk<\/strong>,<\/li>\n<li><strong>sales kiosk<\/strong>,<\/li>\n<li><strong>self-service ordering station<\/strong>,<\/li>\n<li><strong>guest registration point<\/strong>,<\/li>\n<li><strong>check-in \/ check-out terminal<\/strong>,<\/li>\n<li><strong>interactive customer service point<\/strong>.<\/li>\n<\/ul>\n<p>&nbsp;<\/p>\n<hr data-start=\"3141\" data-end=\"3144\" \/>\n<p>&nbsp;<\/p>\n<p>IMAGO TREE is a solution for companies that expect more than just a standard chassis. It&#039;s a modular platform that allows you to build a fully customized system, from a single workstation to a comprehensive implementation across an entire network of branches.<\/p>\n<p>&nbsp;<\/p>\n<p><strong>See also the desktop version of the kiosk and other solutions from the series <a href=\"https:\/\/imago-systems.com\/en\/product-category\/imago-tree\/\">IMAGO TREE<\/a> and create a tailored self-service system for your company.<\/strong><\/p>","protected":false},"excerpt":{"rendered":"<p>The IMAGO TREE freestanding kiosk is a robust, aesthetically pleasing design for self-service and information systems. It integrates a touchscreen, printer, scanner, payment terminal, and IMAGO panel computer, creating a complete, ready-to-use solution. A desktop version is also available, allowing for full customization.<\/p>","protected":false},"featured_media":15238,"comment_status":"open","ping_status":"closed","template":"","meta":[],"product_brand":[],"product_cat":[272],"product_tag":[],"class_list":{"0":"post-15235","1":"product","2":"type-product","3":"status-publish","4":"has-post-thumbnail","6":"product_cat-gotowe-systemy-montazowe","8":"first","9":"instock","10":"shipping-taxable","11":"product-type-simple"},"acf":[],"yoast_head":"<!-- This site is optimized with the Yoast SEO plugin v27.6 - https:\/\/yoast.com\/product\/yoast-seo-wordpress\/ -->\n<title>IMAGO TREE Kiosk wolnostoj\u0105cy - IMAGO<\/title>\n<meta name=\"description\" content=\"Kiosk wolnostoj\u0105cy to elastyczne rozwi\u0105zanie, kt\u00f3re mo\u017cna przystosowa\u0107 do indywidualnych potrzeb. Rozbuduj o inne elementy IMAGO TREE i wiele wi\u0119cej!\" \/>\n<meta name=\"robots\" content=\"index, follow, max-snippet:-1, max-image-preview:large, max-video-preview:-1\" \/>\n<link rel=\"canonical\" href=\"https:\/\/imago-systems.com\/en\/product\/imago-tree-freestanding-kiosk\/\" \/>\n<meta property=\"og:locale\" content=\"en_US\" \/>\n<meta property=\"og:type\" content=\"article\" \/>\n<meta property=\"og:title\" content=\"IMAGO TREE Kiosk wolnostoj\u0105cy - IMAGO\" \/>\n<meta property=\"og:description\" content=\"Kiosk wolnostoj\u0105cy to elastyczne rozwi\u0105zanie, kt\u00f3re mo\u017cna przystosowa\u0107 do indywidualnych potrzeb. Rozbuduj o inne elementy IMAGO TREE i wiele wi\u0119cej!\" \/>\n<meta property=\"og:url\" content=\"https:\/\/imago-systems.com\/en\/product\/imago-tree-freestanding-kiosk\/\" \/>\n<meta property=\"og:site_name\" content=\"IMAGO\" \/>\n<meta property=\"article:modified_time\" content=\"2026-04-27T13:46:36+00:00\" \/>\n<meta property=\"og:image\" content=\"https:\/\/imago-systems.com\/wp-content\/uploads\/2025\/03\/IMAGO-TREE-Kiosk-wolnostojacy-bez-wyciec-na-drukarke-i-skaner-.webp\" \/>\n\t<meta property=\"og:image:width\" content=\"600\" \/>\n\t<meta property=\"og:image:height\" content=\"600\" \/>\n\t<meta property=\"og:image:type\" content=\"image\/webp\" \/>\n<meta name=\"twitter:card\" content=\"summary_large_image\" \/>\n<meta name=\"twitter:label1\" content=\"Est. reading time\" \/>\n\t<meta name=\"twitter:data1\" content=\"3 minutes\" \/>\n<script type=\"application\/ld+json\" class=\"yoast-schema-graph\">{\"@context\":\"https:\\\/\\\/schema.org\",\"@graph\":[{\"@type\":\"WebPage\",\"@id\":\"https:\\\/\\\/imago-systems.com\\\/product\\\/imago-tree-kiosk-wolnostojacy\\\/\",\"url\":\"https:\\\/\\\/imago-systems.com\\\/product\\\/imago-tree-kiosk-wolnostojacy\\\/\",\"name\":\"IMAGO TREE Kiosk wolnostoj\u0105cy - IMAGO\",\"isPartOf\":{\"@id\":\"https:\\\/\\\/imago-systems.com\\\/#website\"},\"primaryImageOfPage\":{\"@id\":\"https:\\\/\\\/imago-systems.com\\\/product\\\/imago-tree-kiosk-wolnostojacy\\\/#primaryimage\"},\"image\":{\"@id\":\"https:\\\/\\\/imago-systems.com\\\/product\\\/imago-tree-kiosk-wolnostojacy\\\/#primaryimage\"},\"thumbnailUrl\":\"https:\\\/\\\/imago-systems.com\\\/wp-content\\\/uploads\\\/2025\\\/03\\\/IMAGO-TREE-Kiosk-wolnostojacy-bez-wyciec-na-drukarke-i-skaner-.webp\",\"datePublished\":\"2025-03-18T12:30:21+00:00\",\"dateModified\":\"2026-04-27T13:46:36+00:00\",\"description\":\"Kiosk wolnostoj\u0105cy to elastyczne rozwi\u0105zanie, kt\u00f3re mo\u017cna przystosowa\u0107 do indywidualnych potrzeb. Rozbuduj o inne elementy IMAGO TREE i wiele wi\u0119cej!\",\"breadcrumb\":{\"@id\":\"https:\\\/\\\/imago-systems.com\\\/product\\\/imago-tree-kiosk-wolnostojacy\\\/#breadcrumb\"},\"inLanguage\":\"en-US\",\"potentialAction\":[{\"@type\":\"ReadAction\",\"target\":[\"https:\\\/\\\/imago-systems.com\\\/product\\\/imago-tree-kiosk-wolnostojacy\\\/\"]}]},{\"@type\":\"ImageObject\",\"inLanguage\":\"en-US\",\"@id\":\"https:\\\/\\\/imago-systems.com\\\/product\\\/imago-tree-kiosk-wolnostojacy\\\/#primaryimage\",\"url\":\"https:\\\/\\\/imago-systems.com\\\/wp-content\\\/uploads\\\/2025\\\/03\\\/IMAGO-TREE-Kiosk-wolnostojacy-bez-wyciec-na-drukarke-i-skaner-.webp\",\"contentUrl\":\"https:\\\/\\\/imago-systems.com\\\/wp-content\\\/uploads\\\/2025\\\/03\\\/IMAGO-TREE-Kiosk-wolnostojacy-bez-wyciec-na-drukarke-i-skaner-.webp\",\"width\":600,\"height\":600,\"caption\":\"Kiosk wolnostoj\u0105cy IMAGO TREE bez wyci\u0119cia na drukark\u0119 i skaner kod\u00f3w\"},{\"@type\":\"BreadcrumbList\",\"@id\":\"https:\\\/\\\/imago-systems.com\\\/product\\\/imago-tree-kiosk-wolnostojacy\\\/#breadcrumb\",\"itemListElement\":[{\"@type\":\"ListItem\",\"position\":1,\"name\":\"Home\",\"item\":\"https:\\\/\\\/imago-systems.com\\\/\"},{\"@type\":\"ListItem\",\"position\":2,\"name\":\"Shop\",\"item\":\"https:\\\/\\\/imago-systems.com\\\/shop\\\/\"},{\"@type\":\"ListItem\",\"position\":3,\"name\":\"IMAGO Tree\",\"item\":\"https:\\\/\\\/imago-systems.com\\\/product-category\\\/imago-tree\\\/\"},{\"@type\":\"ListItem\",\"position\":4,\"name\":\"Gotowe systemy monta\u017cowe\",\"item\":\"https:\\\/\\\/imago-systems.com\\\/product-category\\\/imago-tree\\\/gotowe-systemy-montazowe\\\/\"},{\"@type\":\"ListItem\",\"position\":5,\"name\":\"IMAGO TREE Kiosk wolnostoj\u0105cy\"}]},{\"@type\":\"WebSite\",\"@id\":\"https:\\\/\\\/imago-systems.com\\\/#website\",\"url\":\"https:\\\/\\\/imago-systems.com\\\/\",\"name\":\"IMAGO systems\",\"description\":\"Nowoczesne rozwi\u0105zania dla przemys\u0142u i handlu detalicznego.\",\"publisher\":{\"@id\":\"https:\\\/\\\/imago-systems.com\\\/#organization\"},\"alternateName\":\"IMAGO\",\"potentialAction\":[{\"@type\":\"SearchAction\",\"target\":{\"@type\":\"EntryPoint\",\"urlTemplate\":\"https:\\\/\\\/imago-systems.com\\\/?s={search_term_string}\"},\"query-input\":{\"@type\":\"PropertyValueSpecification\",\"valueRequired\":true,\"valueName\":\"search_term_string\"}}],\"inLanguage\":\"en-US\"},{\"@type\":\"Organization\",\"@id\":\"https:\\\/\\\/imago-systems.com\\\/#organization\",\"name\":\"IMAGO Poland sp. z o.o.\",\"alternateName\":\"IMAGO\",\"url\":\"https:\\\/\\\/imago-systems.com\\\/\",\"logo\":{\"@type\":\"ImageObject\",\"inLanguage\":\"en-US\",\"@id\":\"https:\\\/\\\/imago-systems.com\\\/#\\\/schema\\\/logo\\\/image\\\/\",\"url\":\"https:\\\/\\\/imago-systems.com\\\/wp-content\\\/uploads\\\/2024\\\/11\\\/cropped-cropped-cropped-IMAGO-LOGO-.jpg\",\"contentUrl\":\"https:\\\/\\\/imago-systems.com\\\/wp-content\\\/uploads\\\/2024\\\/11\\\/cropped-cropped-cropped-IMAGO-LOGO-.jpg\",\"width\":512,\"height\":512,\"caption\":\"IMAGO Poland sp. z o.o.\"},\"image\":{\"@id\":\"https:\\\/\\\/imago-systems.com\\\/#\\\/schema\\\/logo\\\/image\\\/\"},\"sameAs\":[\"https:\\\/\\\/www.linkedin.com\\\/company\\\/imago-poland\\\/\"]}]}<\/script>\n<!-- \/ Yoast SEO plugin. -->","yoast_head_json":{"title":"IMAGO TREE Freestanding Kiosk - IMAGO","description":"The freestanding kiosk is a flexible solution that can be adapted to your individual needs. Expand with other IMAGO TREE elements and much more!","robots":{"index":"index","follow":"follow","max-snippet":"max-snippet:-1","max-image-preview":"max-image-preview:large","max-video-preview":"max-video-preview:-1"},"canonical":"https:\/\/imago-systems.com\/en\/product\/imago-tree-freestanding-kiosk\/","og_locale":"en_US","og_type":"article","og_title":"IMAGO TREE Kiosk wolnostoj\u0105cy - IMAGO","og_description":"Kiosk wolnostoj\u0105cy to elastyczne rozwi\u0105zanie, kt\u00f3re mo\u017cna przystosowa\u0107 do indywidualnych potrzeb. Rozbuduj o inne elementy IMAGO TREE i wiele wi\u0119cej!","og_url":"https:\/\/imago-systems.com\/en\/product\/imago-tree-freestanding-kiosk\/","og_site_name":"IMAGO","article_modified_time":"2026-04-27T13:46:36+00:00","og_image":[{"width":600,"height":600,"url":"https:\/\/imago-systems.com\/wp-content\/uploads\/2025\/03\/IMAGO-TREE-Kiosk-wolnostojacy-bez-wyciec-na-drukarke-i-skaner-.webp","type":"image\/webp"}],"twitter_card":"summary_large_image","twitter_misc":{"Est. reading time":"3 minutes"},"schema":{"@context":"https:\/\/schema.org","@graph":[{"@type":"WebPage","@id":"https:\/\/imago-systems.com\/product\/imago-tree-kiosk-wolnostojacy\/","url":"https:\/\/imago-systems.com\/product\/imago-tree-kiosk-wolnostojacy\/","name":"IMAGO TREE Freestanding Kiosk - IMAGO","isPartOf":{"@id":"https:\/\/imago-systems.com\/#website"},"primaryImageOfPage":{"@id":"https:\/\/imago-systems.com\/product\/imago-tree-kiosk-wolnostojacy\/#primaryimage"},"image":{"@id":"https:\/\/imago-systems.com\/product\/imago-tree-kiosk-wolnostojacy\/#primaryimage"},"thumbnailUrl":"https:\/\/imago-systems.com\/wp-content\/uploads\/2025\/03\/IMAGO-TREE-Kiosk-wolnostojacy-bez-wyciec-na-drukarke-i-skaner-.webp","datePublished":"2025-03-18T12:30:21+00:00","dateModified":"2026-04-27T13:46:36+00:00","description":"The freestanding kiosk is a flexible solution that can be adapted to your individual needs. Expand with other IMAGO TREE elements and much more!","breadcrumb":{"@id":"https:\/\/imago-systems.com\/product\/imago-tree-kiosk-wolnostojacy\/#breadcrumb"},"inLanguage":"en-US","potentialAction":[{"@type":"ReadAction","target":["https:\/\/imago-systems.com\/product\/imago-tree-kiosk-wolnostojacy\/"]}]},{"@type":"ImageObject","inLanguage":"en-US","@id":"https:\/\/imago-systems.com\/product\/imago-tree-kiosk-wolnostojacy\/#primaryimage","url":"https:\/\/imago-systems.com\/wp-content\/uploads\/2025\/03\/IMAGO-TREE-Kiosk-wolnostojacy-bez-wyciec-na-drukarke-i-skaner-.webp","contentUrl":"https:\/\/imago-systems.com\/wp-content\/uploads\/2025\/03\/IMAGO-TREE-Kiosk-wolnostojacy-bez-wyciec-na-drukarke-i-skaner-.webp","width":600,"height":600,"caption":"Kiosk wolnostoj\u0105cy IMAGO TREE bez wyci\u0119cia na drukark\u0119 i skaner kod\u00f3w"},{"@type":"BreadcrumbList","@id":"https:\/\/imago-systems.com\/product\/imago-tree-kiosk-wolnostojacy\/#breadcrumb","itemListElement":[{"@type":"ListItem","position":1,"name":"Home","item":"https:\/\/imago-systems.com\/"},{"@type":"ListItem","position":2,"name":"Shop","item":"https:\/\/imago-systems.com\/shop\/"},{"@type":"ListItem","position":3,"name":"IMAGO Tree","item":"https:\/\/imago-systems.com\/product-category\/imago-tree\/"},{"@type":"ListItem","position":4,"name":"Gotowe systemy monta\u017cowe","item":"https:\/\/imago-systems.com\/product-category\/imago-tree\/gotowe-systemy-montazowe\/"},{"@type":"ListItem","position":5,"name":"IMAGO TREE Kiosk wolnostoj\u0105cy"}]},{"@type":"WebSite","@id":"https:\/\/imago-systems.com\/#website","url":"https:\/\/imago-systems.com\/","name":"IMAGO systems","description":"Modern solutions for industry and retail.","publisher":{"@id":"https:\/\/imago-systems.com\/#organization"},"alternateName":"IMAGO","potentialAction":[{"@type":"SearchAction","target":{"@type":"EntryPoint","urlTemplate":"https:\/\/imago-systems.com\/?s={search_term_string}"},"query-input":{"@type":"PropertyValueSpecification","valueRequired":true,"valueName":"search_term_string"}}],"inLanguage":"en-US"},{"@type":"Organization","@id":"https:\/\/imago-systems.com\/#organization","name":"IMAGO Poland sp. z o. o.","alternateName":"IMAGO","url":"https:\/\/imago-systems.com\/","logo":{"@type":"ImageObject","inLanguage":"en-US","@id":"https:\/\/imago-systems.com\/#\/schema\/logo\/image\/","url":"https:\/\/imago-systems.com\/wp-content\/uploads\/2024\/11\/cropped-cropped-cropped-IMAGO-LOGO-.jpg","contentUrl":"https:\/\/imago-systems.com\/wp-content\/uploads\/2024\/11\/cropped-cropped-cropped-IMAGO-LOGO-.jpg","width":512,"height":512,"caption":"IMAGO Poland sp. z o.o."},"image":{"@id":"https:\/\/imago-systems.com\/#\/schema\/logo\/image\/"},"sameAs":["https:\/\/www.linkedin.com\/company\/imago-poland\/"]}]}},"_links":{"self":[{"href":"https:\/\/imago-systems.com\/en\/wp-json\/wp\/v2\/product\/15235","targetHints":{"allow":["GET"]}}],"collection":[{"href":"https:\/\/imago-systems.com\/en\/wp-json\/wp\/v2\/product"}],"about":[{"href":"https:\/\/imago-systems.com\/en\/wp-json\/wp\/v2\/types\/product"}],"replies":[{"embeddable":true,"href":"https:\/\/imago-systems.com\/en\/wp-json\/wp\/v2\/comments?post=15235"}],"wp:featuredmedia":[{"embeddable":true,"href":"https:\/\/imago-systems.com\/en\/wp-json\/wp\/v2\/media\/15238"}],"wp:attachment":[{"href":"https:\/\/imago-systems.com\/en\/wp-json\/wp\/v2\/media?parent=15235"}],"wp:term":[{"taxonomy":"product_brand","embeddable":true,"href":"https:\/\/imago-systems.com\/en\/wp-json\/wp\/v2\/product_brand?post=15235"},{"taxonomy":"product_cat","embeddable":true,"href":"https:\/\/imago-systems.com\/en\/wp-json\/wp\/v2\/product_cat?post=15235"},{"taxonomy":"product_tag","embeddable":true,"href":"https:\/\/imago-systems.com\/en\/wp-json\/wp\/v2\/product_tag?post=15235"}],"curies":[{"name":"wp","href":"https:\/\/api.w.org\/{rel}","templated":true}]}}