{"id":14580,"date":"2024-10-15T10:00:04","date_gmt":"2024-10-15T07:00:04","guid":{"rendered":"http:\/\/imago-systems.com\/?post_type=product&#038;p=14580"},"modified":"2026-04-23T14:14:46","modified_gmt":"2026-04-23T13:14:46","slug":"pi-15-stainless-steel-panel-computer","status":"publish","type":"product","link":"https:\/\/imago-systems.com\/en\/product\/pi-15-stainless-steel-panel-computer\/","title":{"rendered":"PI-15 stainless steel panel computer \/ 15\u2033 4:3"},"content":{"rendered":"<div class=\"flex-shrink-0 flex flex-col relative items-end\">\n<div class=\"pt-0\">\n<div class=\"gizmo-bot-avatar flex h-8 w-8 items-center justify-center overflow-hidden rounded-full\">\n<p data-start=\"208\" data-end=\"242\"><span style=\"font-size: 16px;\">PI series stainless steel panel computers are most often used in environments where hygiene and the ability to regularly and intensively clean the devices are crucial.<\/span><\/p>\n<\/div>\n<\/div>\n<\/div>\n<p data-start=\"539\" data-end=\"831\">Thanks to the stainless steel housing and high <strong>IP65\/IP67 tightness class<\/strong> panels can be safely <strong>washed, also under high pressure<\/strong>. The smooth surface reduces dirt build-up and makes it easier to keep the device clean in accordance with sanitary requirements.<\/p>\n<p data-start=\"833\" data-end=\"873\"><strong>In practice, they are used as:<\/strong><\/p>\n<ul data-start=\"874\" data-end=\"1083\">\n<li data-section-id=\"h57g19\" data-start=\"874\" data-end=\"930\">operator panels in the food and meat industry<\/li>\n<li data-section-id=\"vus2a2\" data-start=\"931\" data-end=\"998\">job positions in pharmaceutical and veterinary plants<\/li>\n<li data-section-id=\"2fw6rk\" data-start=\"999\" data-end=\"1083\">interfaces for handling processes in production zones requiring sterility<\/li>\n<\/ul>\n<p data-start=\"1085\" data-end=\"1281\">Additionally, they can function as a component of identification systems, for example, through integration with RFID\/NFC readers or 2D code scanners. This allows for process management directly at the workstation.<\/p>\n<hr \/>\n<h2><strong>Main <a href=\"https:\/\/imago-systems.com\/en\/product-category\/panel-computers\/\">features of a panel computer<\/a> PI-15 stainless steel:<\/strong><\/h2>\n<ul>\n<li>15? LCD screen 1024\u00d7768 with a choice of two types of overlays: <strong>resistive or capacitive.<\/strong><\/li>\n<li><strong>Water and dust resistance<\/strong>, ensuring failure-free operation in difficult conditions.<\/li>\n<li>Available processors:<strong> Intel Core i5 <\/strong>different generations and<strong> new Intel Core N97<\/strong><\/li>\n<li>Case: <strong>stainless steel<\/strong>.<\/li>\n<li>Additional accessories: <strong>RFID, 2D, NFC readers<\/strong>.<\/li>\n<li><strong>Sealed I\/O ports<\/strong>.<\/li>\n<li>Power supply <strong>m12.<\/strong><\/li>\n<li>Equipment option in <strong>converter<\/strong>.<\/li>\n<\/ul>\n<p>&nbsp;<\/p>\n<p><span style=\"text-decoration: underline;\">It is possible to make it on special order <strong>salt-resistant coating<\/strong>.<\/span><\/p>\n<p>&nbsp;<\/p>\n<p><strong><a href=\"https:\/\/imago-systems.com\/en\/product-category\/panel-computers\/\">Industrial Panel Computers<\/a> PI can be configured to suit individual needs, providing flexible and reliable solutions for the industry.<\/strong><\/p>\n<p>&nbsp;<\/p>","protected":false},"excerpt":{"rendered":"<p>The PI-15 panel computer is <a href=\"https:\/\/imago-systems.com\/en\/product-category\/panel-computers\/\">industrial computer panel<\/a> Equipped with a 15-inch 1024x768 LCD screen, it comes with two overlay options. Water and dust resistance ensure reliable operation in harsh environments, while its durable stainless steel casing ensures longevity. The computer can be customized to meet your individual needs, configuring it to your exact specifications.<\/p>","protected":false},"featured_media":14582,"comment_status":"open","ping_status":"closed","template":"","meta":[],"product_brand":[],"product_cat":[40,246],"product_tag":[],"class_list":{"0":"post-14580","1":"product","2":"type-product","3":"status-publish","4":"has-post-thumbnail","6":"product_cat-komputery-panelowe","7":"product_cat-ze-stali-nierdzewnej","9":"first","10":"instock","11":"shipping-taxable","12":"purchasable","13":"product-type-variable"},"acf":[],"yoast_head":"<!-- This site is optimized with the Yoast SEO plugin v27.6 - https:\/\/yoast.com\/product\/yoast-seo-wordpress\/ -->\n<title>Komputer stal nierdzewna panelowy PI-15 | komputer przemys\u0142owy - IMAGO<\/title>\n<meta name=\"description\" content=\"Przemys\u0142owy komputer panelowy ze stali nierdzewnej PI-15 z 15&quot; ekranem. Gwarantuje odporno\u015b\u0107 na wod\u0119 i py\u0142 dzi\u0119ki IP65\/IP67 oraz szczelnym portom I\/O\" \/>\n<meta name=\"robots\" content=\"index, follow, max-snippet:-1, max-image-preview:large, max-video-preview:-1\" \/>\n<link rel=\"canonical\" href=\"https:\/\/imago-systems.com\/en\/product\/pi-15-stainless-steel-panel-computer\/\" \/>\n<meta property=\"og:locale\" content=\"en_US\" \/>\n<meta property=\"og:type\" content=\"article\" \/>\n<meta property=\"og:title\" content=\"Komputer stal nierdzewna panelowy PI-15 | komputer przemys\u0142owy - IMAGO\" \/>\n<meta property=\"og:description\" content=\"Przemys\u0142owy komputer panelowy ze stali nierdzewnej PI-15 z 15&quot; ekranem. Gwarantuje odporno\u015b\u0107 na wod\u0119 i py\u0142 dzi\u0119ki IP65\/IP67 oraz szczelnym portom I\/O\" \/>\n<meta property=\"og:url\" content=\"https:\/\/imago-systems.com\/en\/product\/pi-15-stainless-steel-panel-computer\/\" \/>\n<meta property=\"og:site_name\" content=\"IMAGO\" \/>\n<meta property=\"article:modified_time\" content=\"2026-04-23T13:14:46+00:00\" \/>\n<meta property=\"og:image\" content=\"https:\/\/imago-systems.com\/wp-content\/uploads\/2024\/10\/Panel-PC-PI-15-stal-nierdzewna-1.jpg\" \/>\n\t<meta property=\"og:image:width\" content=\"600\" \/>\n\t<meta property=\"og:image:height\" content=\"600\" \/>\n\t<meta property=\"og:image:type\" content=\"image\/jpeg\" \/>\n<meta name=\"twitter:card\" content=\"summary_large_image\" \/>\n<meta name=\"twitter:label1\" content=\"Est. reading time\" \/>\n\t<meta name=\"twitter:data1\" content=\"2 minutes\" \/>\n<script type=\"application\/ld+json\" class=\"yoast-schema-graph\">{\"@context\":\"https:\\\/\\\/schema.org\",\"@graph\":[{\"@type\":\"WebPage\",\"@id\":\"https:\\\/\\\/imago-systems.com\\\/product\\\/komputer-panelowy-pi-15-stal-nierdzewna\\\/\",\"url\":\"https:\\\/\\\/imago-systems.com\\\/product\\\/komputer-panelowy-pi-15-stal-nierdzewna\\\/\",\"name\":\"Komputer stal nierdzewna panelowy PI-15 | komputer przemys\u0142owy - IMAGO\",\"isPartOf\":{\"@id\":\"https:\\\/\\\/imago-systems.com\\\/#website\"},\"primaryImageOfPage\":{\"@id\":\"https:\\\/\\\/imago-systems.com\\\/product\\\/komputer-panelowy-pi-15-stal-nierdzewna\\\/#primaryimage\"},\"image\":{\"@id\":\"https:\\\/\\\/imago-systems.com\\\/product\\\/komputer-panelowy-pi-15-stal-nierdzewna\\\/#primaryimage\"},\"thumbnailUrl\":\"https:\\\/\\\/imago-systems.com\\\/wp-content\\\/uploads\\\/2024\\\/10\\\/Panel-PC-PI-15-stal-nierdzewna-1.jpg\",\"datePublished\":\"2024-10-15T07:00:04+00:00\",\"dateModified\":\"2026-04-23T13:14:46+00:00\",\"description\":\"Przemys\u0142owy komputer panelowy ze stali nierdzewnej PI-15 z 15\\\" ekranem. Gwarantuje odporno\u015b\u0107 na wod\u0119 i py\u0142 dzi\u0119ki IP65\\\/IP67 oraz szczelnym portom I\\\/O\",\"breadcrumb\":{\"@id\":\"https:\\\/\\\/imago-systems.com\\\/product\\\/komputer-panelowy-pi-15-stal-nierdzewna\\\/#breadcrumb\"},\"inLanguage\":\"en-US\",\"potentialAction\":[{\"@type\":\"ReadAction\",\"target\":[\"https:\\\/\\\/imago-systems.com\\\/product\\\/komputer-panelowy-pi-15-stal-nierdzewna\\\/\"]}]},{\"@type\":\"ImageObject\",\"inLanguage\":\"en-US\",\"@id\":\"https:\\\/\\\/imago-systems.com\\\/product\\\/komputer-panelowy-pi-15-stal-nierdzewna\\\/#primaryimage\",\"url\":\"https:\\\/\\\/imago-systems.com\\\/wp-content\\\/uploads\\\/2024\\\/10\\\/Panel-PC-PI-15-stal-nierdzewna-1.jpg\",\"contentUrl\":\"https:\\\/\\\/imago-systems.com\\\/wp-content\\\/uploads\\\/2024\\\/10\\\/Panel-PC-PI-15-stal-nierdzewna-1.jpg\",\"width\":600,\"height\":600,\"caption\":\"Panel PC PI-15 stal nierdzewna\"},{\"@type\":\"BreadcrumbList\",\"@id\":\"https:\\\/\\\/imago-systems.com\\\/product\\\/komputer-panelowy-pi-15-stal-nierdzewna\\\/#breadcrumb\",\"itemListElement\":[{\"@type\":\"ListItem\",\"position\":1,\"name\":\"Home\",\"item\":\"https:\\\/\\\/imago-systems.com\\\/\"},{\"@type\":\"ListItem\",\"position\":2,\"name\":\"Shop\",\"item\":\"https:\\\/\\\/imago-systems.com\\\/shop\\\/\"},{\"@type\":\"ListItem\",\"position\":3,\"name\":\"Komputery panelowe\",\"item\":\"https:\\\/\\\/imago-systems.com\\\/product-category\\\/komputery-panelowe\\\/\"},{\"@type\":\"ListItem\",\"position\":4,\"name\":\"Komputer panelowy PI-15 stal nierdzewna \\\/ 15&#8243; 4:3\"}]},{\"@type\":\"WebSite\",\"@id\":\"https:\\\/\\\/imago-systems.com\\\/#website\",\"url\":\"https:\\\/\\\/imago-systems.com\\\/\",\"name\":\"IMAGO systems\",\"description\":\"Nowoczesne rozwi\u0105zania dla przemys\u0142u i handlu detalicznego.\",\"publisher\":{\"@id\":\"https:\\\/\\\/imago-systems.com\\\/#organization\"},\"alternateName\":\"IMAGO\",\"potentialAction\":[{\"@type\":\"SearchAction\",\"target\":{\"@type\":\"EntryPoint\",\"urlTemplate\":\"https:\\\/\\\/imago-systems.com\\\/?s={search_term_string}\"},\"query-input\":{\"@type\":\"PropertyValueSpecification\",\"valueRequired\":true,\"valueName\":\"search_term_string\"}}],\"inLanguage\":\"en-US\"},{\"@type\":\"Organization\",\"@id\":\"https:\\\/\\\/imago-systems.com\\\/#organization\",\"name\":\"IMAGO Poland sp. z o.o.\",\"alternateName\":\"IMAGO\",\"url\":\"https:\\\/\\\/imago-systems.com\\\/\",\"logo\":{\"@type\":\"ImageObject\",\"inLanguage\":\"en-US\",\"@id\":\"https:\\\/\\\/imago-systems.com\\\/#\\\/schema\\\/logo\\\/image\\\/\",\"url\":\"https:\\\/\\\/imago-systems.com\\\/wp-content\\\/uploads\\\/2024\\\/11\\\/cropped-cropped-cropped-IMAGO-LOGO-.jpg\",\"contentUrl\":\"https:\\\/\\\/imago-systems.com\\\/wp-content\\\/uploads\\\/2024\\\/11\\\/cropped-cropped-cropped-IMAGO-LOGO-.jpg\",\"width\":512,\"height\":512,\"caption\":\"IMAGO Poland sp. z o.o.\"},\"image\":{\"@id\":\"https:\\\/\\\/imago-systems.com\\\/#\\\/schema\\\/logo\\\/image\\\/\"},\"sameAs\":[\"https:\\\/\\\/www.linkedin.com\\\/company\\\/imago-poland\\\/\"]}]}<\/script>\n<!-- \/ Yoast SEO plugin. -->","yoast_head_json":{"title":"PI-15 stainless steel panel computer | industrial computer - IMAGO","description":"PI-15 industrial stainless steel panel computer with a 15&quot; screen. Guaranteed water and dust resistance thanks to IP65\/IP67 and sealed I\/O ports","robots":{"index":"index","follow":"follow","max-snippet":"max-snippet:-1","max-image-preview":"max-image-preview:large","max-video-preview":"max-video-preview:-1"},"canonical":"https:\/\/imago-systems.com\/en\/product\/pi-15-stainless-steel-panel-computer\/","og_locale":"en_US","og_type":"article","og_title":"Komputer stal nierdzewna panelowy PI-15 | komputer przemys\u0142owy - IMAGO","og_description":"Przemys\u0142owy komputer panelowy ze stali nierdzewnej PI-15 z 15\" ekranem. Gwarantuje odporno\u015b\u0107 na wod\u0119 i py\u0142 dzi\u0119ki IP65\/IP67 oraz szczelnym portom I\/O","og_url":"https:\/\/imago-systems.com\/en\/product\/pi-15-stainless-steel-panel-computer\/","og_site_name":"IMAGO","article_modified_time":"2026-04-23T13:14:46+00:00","og_image":[{"width":600,"height":600,"url":"https:\/\/imago-systems.com\/wp-content\/uploads\/2024\/10\/Panel-PC-PI-15-stal-nierdzewna-1.jpg","type":"image\/jpeg"}],"twitter_card":"summary_large_image","twitter_misc":{"Est. reading time":"2 minutes"},"schema":{"@context":"https:\/\/schema.org","@graph":[{"@type":"WebPage","@id":"https:\/\/imago-systems.com\/product\/komputer-panelowy-pi-15-stal-nierdzewna\/","url":"https:\/\/imago-systems.com\/product\/komputer-panelowy-pi-15-stal-nierdzewna\/","name":"PI-15 stainless steel panel computer | industrial computer - IMAGO","isPartOf":{"@id":"https:\/\/imago-systems.com\/#website"},"primaryImageOfPage":{"@id":"https:\/\/imago-systems.com\/product\/komputer-panelowy-pi-15-stal-nierdzewna\/#primaryimage"},"image":{"@id":"https:\/\/imago-systems.com\/product\/komputer-panelowy-pi-15-stal-nierdzewna\/#primaryimage"},"thumbnailUrl":"https:\/\/imago-systems.com\/wp-content\/uploads\/2024\/10\/Panel-PC-PI-15-stal-nierdzewna-1.jpg","datePublished":"2024-10-15T07:00:04+00:00","dateModified":"2026-04-23T13:14:46+00:00","description":"PI-15 industrial stainless steel panel computer with a 15&quot; screen. Guaranteed water and dust resistance thanks to IP65\/IP67 and sealed I\/O ports","breadcrumb":{"@id":"https:\/\/imago-systems.com\/product\/komputer-panelowy-pi-15-stal-nierdzewna\/#breadcrumb"},"inLanguage":"en-US","potentialAction":[{"@type":"ReadAction","target":["https:\/\/imago-systems.com\/product\/komputer-panelowy-pi-15-stal-nierdzewna\/"]}]},{"@type":"ImageObject","inLanguage":"en-US","@id":"https:\/\/imago-systems.com\/product\/komputer-panelowy-pi-15-stal-nierdzewna\/#primaryimage","url":"https:\/\/imago-systems.com\/wp-content\/uploads\/2024\/10\/Panel-PC-PI-15-stal-nierdzewna-1.jpg","contentUrl":"https:\/\/imago-systems.com\/wp-content\/uploads\/2024\/10\/Panel-PC-PI-15-stal-nierdzewna-1.jpg","width":600,"height":600,"caption":"Panel PC PI-15 stal nierdzewna"},{"@type":"BreadcrumbList","@id":"https:\/\/imago-systems.com\/product\/komputer-panelowy-pi-15-stal-nierdzewna\/#breadcrumb","itemListElement":[{"@type":"ListItem","position":1,"name":"Home","item":"https:\/\/imago-systems.com\/"},{"@type":"ListItem","position":2,"name":"Shop","item":"https:\/\/imago-systems.com\/shop\/"},{"@type":"ListItem","position":3,"name":"Komputery panelowe","item":"https:\/\/imago-systems.com\/product-category\/komputery-panelowe\/"},{"@type":"ListItem","position":4,"name":"Komputer panelowy PI-15 stal nierdzewna \/ 15&#8243; 4:3"}]},{"@type":"WebSite","@id":"https:\/\/imago-systems.com\/#website","url":"https:\/\/imago-systems.com\/","name":"IMAGO systems","description":"Modern solutions for industry and retail.","publisher":{"@id":"https:\/\/imago-systems.com\/#organization"},"alternateName":"IMAGO","potentialAction":[{"@type":"SearchAction","target":{"@type":"EntryPoint","urlTemplate":"https:\/\/imago-systems.com\/?s={search_term_string}"},"query-input":{"@type":"PropertyValueSpecification","valueRequired":true,"valueName":"search_term_string"}}],"inLanguage":"en-US"},{"@type":"Organization","@id":"https:\/\/imago-systems.com\/#organization","name":"IMAGO Poland sp. z o. o.","alternateName":"IMAGO","url":"https:\/\/imago-systems.com\/","logo":{"@type":"ImageObject","inLanguage":"en-US","@id":"https:\/\/imago-systems.com\/#\/schema\/logo\/image\/","url":"https:\/\/imago-systems.com\/wp-content\/uploads\/2024\/11\/cropped-cropped-cropped-IMAGO-LOGO-.jpg","contentUrl":"https:\/\/imago-systems.com\/wp-content\/uploads\/2024\/11\/cropped-cropped-cropped-IMAGO-LOGO-.jpg","width":512,"height":512,"caption":"IMAGO Poland sp. z o.o."},"image":{"@id":"https:\/\/imago-systems.com\/#\/schema\/logo\/image\/"},"sameAs":["https:\/\/www.linkedin.com\/company\/imago-poland\/"]}]}},"_links":{"self":[{"href":"https:\/\/imago-systems.com\/en\/wp-json\/wp\/v2\/product\/14580","targetHints":{"allow":["GET"]}}],"collection":[{"href":"https:\/\/imago-systems.com\/en\/wp-json\/wp\/v2\/product"}],"about":[{"href":"https:\/\/imago-systems.com\/en\/wp-json\/wp\/v2\/types\/product"}],"replies":[{"embeddable":true,"href":"https:\/\/imago-systems.com\/en\/wp-json\/wp\/v2\/comments?post=14580"}],"wp:featuredmedia":[{"embeddable":true,"href":"https:\/\/imago-systems.com\/en\/wp-json\/wp\/v2\/media\/14582"}],"wp:attachment":[{"href":"https:\/\/imago-systems.com\/en\/wp-json\/wp\/v2\/media?parent=14580"}],"wp:term":[{"taxonomy":"product_brand","embeddable":true,"href":"https:\/\/imago-systems.com\/en\/wp-json\/wp\/v2\/product_brand?post=14580"},{"taxonomy":"product_cat","embeddable":true,"href":"https:\/\/imago-systems.com\/en\/wp-json\/wp\/v2\/product_cat?post=14580"},{"taxonomy":"product_tag","embeddable":true,"href":"https:\/\/imago-systems.com\/en\/wp-json\/wp\/v2\/product_tag?post=14580"}],"curies":[{"name":"wp","href":"https:\/\/api.w.org\/{rel}","templated":true}]}}