{"id":14573,"date":"2024-10-11T16:34:14","date_gmt":"2024-10-11T13:34:14","guid":{"rendered":"http:\/\/imago-systems.com\/?post_type=product&#038;p=14573"},"modified":"2026-04-23T09:50:24","modified_gmt":"2026-04-23T08:50:24","slug":"komputer-panelowy-pi-22-stal-nierdzewna","status":"publish","type":"product","link":"https:\/\/imago-systems.com\/en\/product\/komputer-panelowy-pi-22-stal-nierdzewna\/","title":{"rendered":"PI-22 stainless steel panel computer \/ 21.5\u2033 FHD"},"content":{"rendered":"<div class=\"flex-shrink-0 flex flex-col relative items-end\">\n<div class=\"pt-0\">\n<div class=\"gizmo-bot-avatar flex h-8 w-8 items-center justify-center overflow-hidden rounded-full\">\n<div class=\"flex-shrink-0 flex flex-col relative items-end\">\n<div class=\"pt-0\">\n<p data-start=\"294\" data-end=\"799\"><strong data-start=\"294\" data-end=\"303\">PI-22<\/strong> is an industrial panel computer with increased durability, designed for use in demanding environments where devices are exposed to moisture, dust, fluctuating temperatures, and intensive use. Robust construction, tightness <strong data-start=\"562\" data-end=\"575\">IP65\/IP67<\/strong> and the ability to customize the configuration make this model perfect for production plants, food, meat, pharmaceutical, chemical industries and wherever durability and reliability are important.<\/p>\n<p data-start=\"801\" data-end=\"1178\">The panel is equipped with <strong data-start=\"827\" data-end=\"874\">21.5-inch Full HD LCD screen (1920 x 1080)<\/strong>, which ensures convenient and clear operation of applications, operator systems, and process control stations. Depending on the user&#039;s needs, it is possible to choose <strong data-start=\"1055\" data-end=\"1101\">resistive or capacitive overlay (PCAP)<\/strong>, which allows you to better adapt the device to the working conditions and method of operation.<\/p>\n<p data-start=\"1180\" data-end=\"1552\">Thanks to its tight construction, the panel computer <strong data-start=\"1227\" data-end=\"1236\">PI-22<\/strong> is resistant to water and dust, which translates into stable, trouble-free operation even in difficult environmental conditions. Ports available upon request <strong data-start=\"1385\" data-end=\"1392\">I\/O<\/strong> can be additionally sealed and the device can also be equipped with <strong data-start=\"1475\" data-end=\"1495\">cable gland<\/strong>, which increases the level of protection and safety of the installation.<\/p>\n<p data-start=\"1180\" data-end=\"1552\">The unique advantage of our panel computer is that <strong>it can be washed under high pressure<\/strong>. This helps maintain hygiene, especially in large production plants.<\/p>\n<p data-start=\"1554\" data-end=\"2055\">Model <strong data-start=\"1560\" data-end=\"1569\">PI-22<\/strong> It also offers a wide range of hardware configuration options. There are processors to choose from. <strong data-start=\"1646\" data-end=\"1664\">Intel Core N97<\/strong> and <strong data-start=\"1670\" data-end=\"1705\">Intel Core i5 of various generations<\/strong>, allowing you to tailor the device&#039;s performance to a specific application. The computer can also be expanded with additional elements, such as built-in <strong data-start=\"1850\" data-end=\"1870\">RFID\/NFC readers<\/strong> or<strong data-start=\"1875\" data-end=\"1905\">\u00a02D code reader<\/strong>, so it can act not only as an operator panel, but also as an element supporting the identification of employees, products or materials.<\/p>\n<p data-start=\"2057\" data-end=\"2421\">An additional advantage is the possibility of equipping the device with <strong data-start=\"2114\" data-end=\"2130\">converter<\/strong>, which increases the flexibility of applications in various industrial environments. Depending on the design needs, there is also the option of making <strong data-start=\"2274\" data-end=\"2331\">a coating resistant to corrosive substances, such as salt<\/strong>, which makes this model also suitable for more demanding and specific implementations.<\/p>\n<p data-start=\"2423\" data-end=\"2724\"><strong data-start=\"2423\" data-end=\"2432\">Panel PI-22<\/strong> is a solution for companies looking for a durable, configurable, and rugged panel computer for use in harsh environments. With the ability to customize parameters and features to suit individual needs, this model provides reliable support for modern industrial processes.<\/p>\n<p data-start=\"2423\" data-end=\"2724\">\n<\/div>\n<hr \/>\n<div class=\"pt-0\">\n<h3 data-section-id=\"nfcpdi\" data-start=\"2726\" data-end=\"2749\">Main features of PI-22:<\/h3>\n<ul data-start=\"2750\" data-end=\"3265\">\n<li data-section-id=\"1yr6k1f\" data-start=\"2750\" data-end=\"2791\">screen <strong data-start=\"2758\" data-end=\"2791\">21.5\u201d LCD Full HD 1920 x 1080<\/strong><\/li>\n<li data-section-id=\"hf93eq\" data-start=\"2792\" data-end=\"2848\">to choose from <strong data-start=\"2804\" data-end=\"2848\">resistive or capacitive overlay<\/strong><\/li>\n<li data-section-id=\"1at76tc\" data-start=\"2849\" data-end=\"2889\">high tightness class <strong data-start=\"2876\" data-end=\"2889\">IP65\/IP67<\/strong><\/li>\n<li data-section-id=\"1d5g0cv\" data-start=\"2890\" data-end=\"2937\">resistance to water, dust and difficult working conditions<\/li>\n<li data-section-id=\"gt7s5x\" data-start=\"2938\" data-end=\"3009\">processors <strong data-start=\"2950\" data-end=\"2968\">Intel Core N97<\/strong> and <strong data-start=\"2974\" data-end=\"3009\">Intel Core i5 of various generations<\/strong><\/li>\n<li data-section-id=\"t1wwr\" data-start=\"3010\" data-end=\"3073\">possibility of retrofitting <strong data-start=\"3036\" data-end=\"3056\">RFID\/NFC reader<\/strong> and <strong data-start=\"3059\" data-end=\"3073\">2D reader<\/strong><\/li>\n<li data-section-id=\"awyw7q\" data-start=\"3074\" data-end=\"3114\">optional <strong data-start=\"3088\" data-end=\"3114\">sealed I\/O ports<\/strong><\/li>\n<li data-section-id=\"1yh9rw3\" data-start=\"3115\" data-end=\"3163\">possibility of application <strong data-start=\"3140\" data-end=\"3163\">cable duct<\/strong><\/li>\n<li data-section-id=\"1w0ku7e\" data-start=\"3164\" data-end=\"3202\">optional equipment with <strong data-start=\"3186\" data-end=\"3202\">converter<\/strong><\/li>\n<li data-section-id=\"fz7nrq\" data-start=\"3203\" data-end=\"3265\">possibility of execution <strong data-start=\"3225\" data-end=\"3265\">coating resistant to corrosive substances<\/strong><\/li>\n<\/ul>\n<p>&nbsp;<\/p>\n<\/div>\n<\/div>\n<\/div>\n<\/div>\n<\/div>\n<div class=\"flex-shrink-0 flex flex-col relative items-end\">\n<div class=\"pt-0\">\n<div class=\"gizmo-bot-avatar flex h-8 w-8 items-center justify-center overflow-hidden rounded-full\">\n<h3><strong><a href=\"https:\/\/imago-systems.com\/en\/product-category\/panel-computers\/\">Panel computers <\/a>stainless steel can be configured to suit individual needs, providing flexible and reliable solutions for a variety of industrial applications.<\/strong><\/h3>\n<\/div>\n<\/div>\n<\/div>","protected":false},"excerpt":{"rendered":"<p>The stainless steel PI-22 is <a href=\"https:\/\/imago-systems.com\/en\/product-category\/panel-computers\/\">industrial panel computer<\/a> Equipped with a 21.5-inch screen, it offers a choice of two overlay types: resistive or capacitive. Water and dust resistance ensure reliable operation even in demanding conditions. The durable housing, available in a stainless steel version, guarantees durability and a long service life. <a href=\"https:\/\/imago-systems.com\/en\/product-category\/panel-computers\/\">Panel computer<\/a> The PI-22 is fully customizable, providing flexibility and configurability to suit specific requirements.<\/p>","protected":false},"featured_media":14575,"comment_status":"closed","ping_status":"closed","template":"","meta":[],"product_brand":[329],"product_cat":[40,246],"product_tag":[],"class_list":{"0":"post-14573","1":"product","2":"type-product","3":"status-publish","4":"has-post-thumbnail","6":"product_brand-imago","7":"product_cat-komputery-panelowe","8":"product_cat-ze-stali-nierdzewnej","10":"first","11":"instock","12":"shipping-taxable","13":"purchasable","14":"product-type-variable"},"acf":[],"yoast_head":"<!-- This site is optimized with the Yoast SEO plugin v27.6 - https:\/\/yoast.com\/product\/yoast-seo-wordpress\/ -->\n<title>Komputer ze stali nierdzewnej PI-22 | Panel PC | IP65 \/ IP67- IMAGO<\/title>\n<meta name=\"description\" content=\"Przemys\u0142owy komputer panelowy ze stali nierdzewnej PI-22 to niezawodne rozwi\u0105zanie dla przemys\u0142u. Dzi\u0119ki IP65\/IP67 jest odporny na py\u0142 i wilgo\u0107.\" \/>\n<meta name=\"robots\" content=\"index, follow, max-snippet:-1, max-image-preview:large, max-video-preview:-1\" \/>\n<link rel=\"canonical\" href=\"https:\/\/imago-systems.com\/en\/product\/komputer-panelowy-pi-22-stal-nierdzewna\/\" \/>\n<meta property=\"og:locale\" content=\"en_US\" \/>\n<meta property=\"og:type\" content=\"article\" \/>\n<meta property=\"og:title\" content=\"Komputer ze stali nierdzewnej PI-22 | Panel PC | IP65 \/ IP67- IMAGO\" \/>\n<meta property=\"og:description\" content=\"Przemys\u0142owy komputer panelowy ze stali nierdzewnej PI-22 to niezawodne rozwi\u0105zanie dla przemys\u0142u. Dzi\u0119ki IP65\/IP67 jest odporny na py\u0142 i wilgo\u0107.\" \/>\n<meta property=\"og:url\" content=\"https:\/\/imago-systems.com\/en\/product\/komputer-panelowy-pi-22-stal-nierdzewna\/\" \/>\n<meta property=\"og:site_name\" content=\"IMAGO\" \/>\n<meta property=\"article:modified_time\" content=\"2026-04-23T08:50:24+00:00\" \/>\n<meta property=\"og:image\" content=\"https:\/\/imago-systems.com\/wp-content\/uploads\/2024\/10\/Panel-PC-PI-22-stal-nierdzewna-2.jpg\" \/>\n\t<meta property=\"og:image:width\" content=\"600\" \/>\n\t<meta property=\"og:image:height\" content=\"600\" \/>\n\t<meta property=\"og:image:type\" content=\"image\/jpeg\" \/>\n<meta name=\"twitter:card\" content=\"summary_large_image\" \/>\n<meta name=\"twitter:label1\" content=\"Est. reading time\" \/>\n\t<meta name=\"twitter:data1\" content=\"3 minutes\" \/>\n<script type=\"application\/ld+json\" class=\"yoast-schema-graph\">{\"@context\":\"https:\\\/\\\/schema.org\",\"@graph\":[{\"@type\":\"WebPage\",\"@id\":\"https:\\\/\\\/imago-systems.com\\\/product\\\/komputer-panelowy-pi-22-stal-nierdzewna\\\/\",\"url\":\"https:\\\/\\\/imago-systems.com\\\/product\\\/komputer-panelowy-pi-22-stal-nierdzewna\\\/\",\"name\":\"Komputer ze stali nierdzewnej PI-22 | Panel PC | IP65 \\\/ IP67- IMAGO\",\"isPartOf\":{\"@id\":\"https:\\\/\\\/imago-systems.com\\\/#website\"},\"primaryImageOfPage\":{\"@id\":\"https:\\\/\\\/imago-systems.com\\\/product\\\/komputer-panelowy-pi-22-stal-nierdzewna\\\/#primaryimage\"},\"image\":{\"@id\":\"https:\\\/\\\/imago-systems.com\\\/product\\\/komputer-panelowy-pi-22-stal-nierdzewna\\\/#primaryimage\"},\"thumbnailUrl\":\"https:\\\/\\\/imago-systems.com\\\/wp-content\\\/uploads\\\/2024\\\/10\\\/Panel-PC-PI-22-stal-nierdzewna-2.jpg\",\"datePublished\":\"2024-10-11T13:34:14+00:00\",\"dateModified\":\"2026-04-23T08:50:24+00:00\",\"description\":\"Przemys\u0142owy komputer panelowy ze stali nierdzewnej PI-22 to niezawodne rozwi\u0105zanie dla przemys\u0142u. Dzi\u0119ki IP65\\\/IP67 jest odporny na py\u0142 i wilgo\u0107.\",\"breadcrumb\":{\"@id\":\"https:\\\/\\\/imago-systems.com\\\/product\\\/komputer-panelowy-pi-22-stal-nierdzewna\\\/#breadcrumb\"},\"inLanguage\":\"en-US\",\"potentialAction\":[{\"@type\":\"ReadAction\",\"target\":[\"https:\\\/\\\/imago-systems.com\\\/product\\\/komputer-panelowy-pi-22-stal-nierdzewna\\\/\"]}]},{\"@type\":\"ImageObject\",\"inLanguage\":\"en-US\",\"@id\":\"https:\\\/\\\/imago-systems.com\\\/product\\\/komputer-panelowy-pi-22-stal-nierdzewna\\\/#primaryimage\",\"url\":\"https:\\\/\\\/imago-systems.com\\\/wp-content\\\/uploads\\\/2024\\\/10\\\/Panel-PC-PI-22-stal-nierdzewna-2.jpg\",\"contentUrl\":\"https:\\\/\\\/imago-systems.com\\\/wp-content\\\/uploads\\\/2024\\\/10\\\/Panel-PC-PI-22-stal-nierdzewna-2.jpg\",\"width\":600,\"height\":600,\"caption\":\"Panel PC PI 22 stal nierdzewna dla przemys\u0142u uszczelniony\"},{\"@type\":\"BreadcrumbList\",\"@id\":\"https:\\\/\\\/imago-systems.com\\\/product\\\/komputer-panelowy-pi-22-stal-nierdzewna\\\/#breadcrumb\",\"itemListElement\":[{\"@type\":\"ListItem\",\"position\":1,\"name\":\"Home\",\"item\":\"https:\\\/\\\/imago-systems.com\\\/\"},{\"@type\":\"ListItem\",\"position\":2,\"name\":\"Shop\",\"item\":\"https:\\\/\\\/imago-systems.com\\\/shop\\\/\"},{\"@type\":\"ListItem\",\"position\":3,\"name\":\"Komputery panelowe\",\"item\":\"https:\\\/\\\/imago-systems.com\\\/product-category\\\/komputery-panelowe\\\/\"},{\"@type\":\"ListItem\",\"position\":4,\"name\":\"Komputer panelowy PI-22 stal nierdzewna \\\/ 21,5&#8243; FHD\"}]},{\"@type\":\"WebSite\",\"@id\":\"https:\\\/\\\/imago-systems.com\\\/#website\",\"url\":\"https:\\\/\\\/imago-systems.com\\\/\",\"name\":\"IMAGO systems\",\"description\":\"Nowoczesne rozwi\u0105zania dla przemys\u0142u i handlu detalicznego.\",\"publisher\":{\"@id\":\"https:\\\/\\\/imago-systems.com\\\/#organization\"},\"alternateName\":\"IMAGO\",\"potentialAction\":[{\"@type\":\"SearchAction\",\"target\":{\"@type\":\"EntryPoint\",\"urlTemplate\":\"https:\\\/\\\/imago-systems.com\\\/?s={search_term_string}\"},\"query-input\":{\"@type\":\"PropertyValueSpecification\",\"valueRequired\":true,\"valueName\":\"search_term_string\"}}],\"inLanguage\":\"en-US\"},{\"@type\":\"Organization\",\"@id\":\"https:\\\/\\\/imago-systems.com\\\/#organization\",\"name\":\"IMAGO Poland sp. z o.o.\",\"alternateName\":\"IMAGO\",\"url\":\"https:\\\/\\\/imago-systems.com\\\/\",\"logo\":{\"@type\":\"ImageObject\",\"inLanguage\":\"en-US\",\"@id\":\"https:\\\/\\\/imago-systems.com\\\/#\\\/schema\\\/logo\\\/image\\\/\",\"url\":\"https:\\\/\\\/imago-systems.com\\\/wp-content\\\/uploads\\\/2024\\\/11\\\/cropped-cropped-cropped-IMAGO-LOGO-.jpg\",\"contentUrl\":\"https:\\\/\\\/imago-systems.com\\\/wp-content\\\/uploads\\\/2024\\\/11\\\/cropped-cropped-cropped-IMAGO-LOGO-.jpg\",\"width\":512,\"height\":512,\"caption\":\"IMAGO Poland sp. z o.o.\"},\"image\":{\"@id\":\"https:\\\/\\\/imago-systems.com\\\/#\\\/schema\\\/logo\\\/image\\\/\"},\"sameAs\":[\"https:\\\/\\\/www.linkedin.com\\\/company\\\/imago-poland\\\/\"]}]}<\/script>\n<!-- \/ Yoast SEO plugin. -->","yoast_head_json":{"title":"Stainless Steel Computer PI-22 | Panel PC | IP65 \/ IP67 - IMAGO","description":"The PI-22 stainless steel industrial panel computer is a reliable solution for industrial applications. With IP65\/IP67 ratings, it&#039;s dust and moisture resistant.","robots":{"index":"index","follow":"follow","max-snippet":"max-snippet:-1","max-image-preview":"max-image-preview:large","max-video-preview":"max-video-preview:-1"},"canonical":"https:\/\/imago-systems.com\/en\/product\/komputer-panelowy-pi-22-stal-nierdzewna\/","og_locale":"en_US","og_type":"article","og_title":"Komputer ze stali nierdzewnej PI-22 | Panel PC | IP65 \/ IP67- IMAGO","og_description":"Przemys\u0142owy komputer panelowy ze stali nierdzewnej PI-22 to niezawodne rozwi\u0105zanie dla przemys\u0142u. Dzi\u0119ki IP65\/IP67 jest odporny na py\u0142 i wilgo\u0107.","og_url":"https:\/\/imago-systems.com\/en\/product\/komputer-panelowy-pi-22-stal-nierdzewna\/","og_site_name":"IMAGO","article_modified_time":"2026-04-23T08:50:24+00:00","og_image":[{"width":600,"height":600,"url":"https:\/\/imago-systems.com\/wp-content\/uploads\/2024\/10\/Panel-PC-PI-22-stal-nierdzewna-2.jpg","type":"image\/jpeg"}],"twitter_card":"summary_large_image","twitter_misc":{"Est. reading time":"3 minutes"},"schema":{"@context":"https:\/\/schema.org","@graph":[{"@type":"WebPage","@id":"https:\/\/imago-systems.com\/product\/komputer-panelowy-pi-22-stal-nierdzewna\/","url":"https:\/\/imago-systems.com\/product\/komputer-panelowy-pi-22-stal-nierdzewna\/","name":"Stainless Steel Computer PI-22 | Panel PC | IP65 \/ IP67 - IMAGO","isPartOf":{"@id":"https:\/\/imago-systems.com\/#website"},"primaryImageOfPage":{"@id":"https:\/\/imago-systems.com\/product\/komputer-panelowy-pi-22-stal-nierdzewna\/#primaryimage"},"image":{"@id":"https:\/\/imago-systems.com\/product\/komputer-panelowy-pi-22-stal-nierdzewna\/#primaryimage"},"thumbnailUrl":"https:\/\/imago-systems.com\/wp-content\/uploads\/2024\/10\/Panel-PC-PI-22-stal-nierdzewna-2.jpg","datePublished":"2024-10-11T13:34:14+00:00","dateModified":"2026-04-23T08:50:24+00:00","description":"The PI-22 stainless steel industrial panel computer is a reliable solution for industrial applications. With IP65\/IP67 ratings, it&#039;s dust and moisture resistant.","breadcrumb":{"@id":"https:\/\/imago-systems.com\/product\/komputer-panelowy-pi-22-stal-nierdzewna\/#breadcrumb"},"inLanguage":"en-US","potentialAction":[{"@type":"ReadAction","target":["https:\/\/imago-systems.com\/product\/komputer-panelowy-pi-22-stal-nierdzewna\/"]}]},{"@type":"ImageObject","inLanguage":"en-US","@id":"https:\/\/imago-systems.com\/product\/komputer-panelowy-pi-22-stal-nierdzewna\/#primaryimage","url":"https:\/\/imago-systems.com\/wp-content\/uploads\/2024\/10\/Panel-PC-PI-22-stal-nierdzewna-2.jpg","contentUrl":"https:\/\/imago-systems.com\/wp-content\/uploads\/2024\/10\/Panel-PC-PI-22-stal-nierdzewna-2.jpg","width":600,"height":600,"caption":"Panel PC PI 22 stal nierdzewna dla przemys\u0142u uszczelniony"},{"@type":"BreadcrumbList","@id":"https:\/\/imago-systems.com\/product\/komputer-panelowy-pi-22-stal-nierdzewna\/#breadcrumb","itemListElement":[{"@type":"ListItem","position":1,"name":"Home","item":"https:\/\/imago-systems.com\/"},{"@type":"ListItem","position":2,"name":"Shop","item":"https:\/\/imago-systems.com\/shop\/"},{"@type":"ListItem","position":3,"name":"Komputery panelowe","item":"https:\/\/imago-systems.com\/product-category\/komputery-panelowe\/"},{"@type":"ListItem","position":4,"name":"Komputer panelowy PI-22 stal nierdzewna \/ 21,5&#8243; FHD"}]},{"@type":"WebSite","@id":"https:\/\/imago-systems.com\/#website","url":"https:\/\/imago-systems.com\/","name":"IMAGO systems","description":"Modern solutions for industry and retail.","publisher":{"@id":"https:\/\/imago-systems.com\/#organization"},"alternateName":"IMAGO","potentialAction":[{"@type":"SearchAction","target":{"@type":"EntryPoint","urlTemplate":"https:\/\/imago-systems.com\/?s={search_term_string}"},"query-input":{"@type":"PropertyValueSpecification","valueRequired":true,"valueName":"search_term_string"}}],"inLanguage":"en-US"},{"@type":"Organization","@id":"https:\/\/imago-systems.com\/#organization","name":"IMAGO Poland sp. z o. o.","alternateName":"IMAGO","url":"https:\/\/imago-systems.com\/","logo":{"@type":"ImageObject","inLanguage":"en-US","@id":"https:\/\/imago-systems.com\/#\/schema\/logo\/image\/","url":"https:\/\/imago-systems.com\/wp-content\/uploads\/2024\/11\/cropped-cropped-cropped-IMAGO-LOGO-.jpg","contentUrl":"https:\/\/imago-systems.com\/wp-content\/uploads\/2024\/11\/cropped-cropped-cropped-IMAGO-LOGO-.jpg","width":512,"height":512,"caption":"IMAGO Poland sp. z o.o."},"image":{"@id":"https:\/\/imago-systems.com\/#\/schema\/logo\/image\/"},"sameAs":["https:\/\/www.linkedin.com\/company\/imago-poland\/"]}]}},"_links":{"self":[{"href":"https:\/\/imago-systems.com\/en\/wp-json\/wp\/v2\/product\/14573","targetHints":{"allow":["GET"]}}],"collection":[{"href":"https:\/\/imago-systems.com\/en\/wp-json\/wp\/v2\/product"}],"about":[{"href":"https:\/\/imago-systems.com\/en\/wp-json\/wp\/v2\/types\/product"}],"replies":[{"embeddable":true,"href":"https:\/\/imago-systems.com\/en\/wp-json\/wp\/v2\/comments?post=14573"}],"wp:featuredmedia":[{"embeddable":true,"href":"https:\/\/imago-systems.com\/en\/wp-json\/wp\/v2\/media\/14575"}],"wp:attachment":[{"href":"https:\/\/imago-systems.com\/en\/wp-json\/wp\/v2\/media?parent=14573"}],"wp:term":[{"taxonomy":"product_brand","embeddable":true,"href":"https:\/\/imago-systems.com\/en\/wp-json\/wp\/v2\/product_brand?post=14573"},{"taxonomy":"product_cat","embeddable":true,"href":"https:\/\/imago-systems.com\/en\/wp-json\/wp\/v2\/product_cat?post=14573"},{"taxonomy":"product_tag","embeddable":true,"href":"https:\/\/imago-systems.com\/en\/wp-json\/wp\/v2\/product_tag?post=14573"}],"curies":[{"name":"wp","href":"https:\/\/api.w.org\/{rel}","templated":true}]}}