{"id":14528,"date":"2024-10-10T16:49:39","date_gmt":"2024-10-10T13:49:39","guid":{"rendered":"http:\/\/imago-systems.com\/?post_type=product&#038;p=14528"},"modified":"2026-04-23T09:40:00","modified_gmt":"2026-04-23T08:40:00","slug":"dsp-16-kds-panel-computer","status":"publish","type":"product","link":"https:\/\/imago-systems.com\/en\/product\/dsp-16-kds-panel-computer\/","title":{"rendered":"DSP-16 (KDS) Panel Computer \/ 15.6\u2033 FHD"},"content":{"rendered":"<p data-start=\"1401\" data-end=\"1647\"><strong>In KDS (Kitchen Display System) systems<\/strong> <strong>DSP panel computers act as the central order management point in the kitchen.<\/strong> All orders appear on the screen in real time, organized and available to the entire team.<\/p>\n<p data-start=\"1649\" data-end=\"1967\">This allows us to move away from verbal communication and paper printouts, which often lead to chaos in a fast-paced kitchen environment.<br data-start=\"1777\" data-end=\"1780\" \/>Thanks to the clear view and quick access to information, kitchen operations are more predictable, making it easier to control the order of dishes, respond to changes, and maintain service flow. Additionally, they feature <strong>powerful speakers<\/strong>, that break through the kitchen noise, signaling, for example, a new order.<\/p>\n<p data-start=\"1969\" data-end=\"2037\"><strong>Apart from gastronomy, DSP is also suitable for other applications:<\/strong><\/p>\n<ul data-start=\"2038\" data-end=\"2263\">\n<li data-section-id=\"1h76kle\" data-start=\"2038\" data-end=\"2100\">as an operator panel for machines and workstations<\/li>\n<li data-section-id=\"3gprnl\" data-start=\"2101\" data-end=\"2160\">as an interface to warehouse and logistics systems<\/li>\n<li data-section-id=\"hwttel\" data-start=\"2161\" data-end=\"2211\">as a customer terminal at points of sale<\/li>\n<li data-section-id=\"1bw4ksu\" data-start=\"2212\" data-end=\"2263\">as a screen for data management and visualization<\/li>\n<\/ul>\n<p data-start=\"2265\" data-end=\"2357\">This is a solution that transfers the logic of a structured process to various areas of activity.<\/p>\n<hr data-start=\"2907\" data-end=\"2910\" \/>\n<h2 data-section-id=\"1h29euq\" data-start=\"2912\" data-end=\"2951\">Performance tailored to the application<\/h2>\n<p data-start=\"2953\" data-end=\"3012\">The DSP-16 can be configured according to the needs of the station:<\/p>\n<ul data-start=\"3014\" data-end=\"3198\">\n<li data-section-id=\"1pls4fz\" data-start=\"3014\" data-end=\"3035\">up to 32 GB DDR4 RAM<\/li>\n<li data-section-id=\"yzv9dd\" data-start=\"3036\" data-end=\"3058\">SSD up to 512 GB<\/li>\n<li data-section-id=\"rjvi7o\" data-start=\"3059\" data-end=\"3147\">Intel processors (depending on configuration)<\/li>\n<li data-section-id=\"e0bvm1\" data-start=\"3148\" data-end=\"3198\">possibility of installing Windows or Linux<\/li>\n<\/ul>\n<p data-start=\"3200\" data-end=\"3311\">This makes the device suitable for both simple KDS systems and more complex applications.<\/p>\n<hr data-start=\"3313\" data-end=\"3316\" \/>\n<h2 data-section-id=\"piaajg\" data-start=\"3318\" data-end=\"3343\">Continuous operation<\/h2>\n<p data-start=\"3345\" data-end=\"3402\">The panel is designed for long-term operation:<\/p>\n<ul data-start=\"3404\" data-end=\"3575\">\n<li data-section-id=\"p7mnqy\" data-start=\"3404\" data-end=\"3433\">temperature range: 0\u201350\u00b0C<\/li>\n<li data-section-id=\"kr9nj6\" data-start=\"3434\" data-end=\"3511\">passive cooling \u2013 no fans, quieter and more stable operation<\/li>\n<li data-section-id=\"9imprc\" data-start=\"3512\" data-end=\"3575\">solid construction adapted to intensive use<\/li>\n<\/ul>\n<p data-start=\"3577\" data-end=\"3677\">This is especially important in the catering and manufacturing industries, where equipment operates for many hours without interruption.<\/p>\n<hr data-start=\"3679\" data-end=\"3682\" \/>\n<h2 data-section-id=\"kjqetx\" data-start=\"3684\" data-end=\"3709\">Integration with systems<\/h2>\n<p data-start=\"3711\" data-end=\"3795\">Thanks to its wide range of ports, the DSP-16 can work with various devices:<\/p>\n<ul data-start=\"3797\" data-end=\"3910\">\n<li data-section-id=\"1bze76k\" data-start=\"3797\" data-end=\"3815\">USB, RS232\/COM<\/li>\n<li data-section-id=\"1ok2bvz\" data-start=\"3816\" data-end=\"3829\">HDMI, LAN<\/li>\n<li data-section-id=\"11i7272\" data-start=\"3830\" data-end=\"3839\">audio<\/li>\n<li data-section-id=\"vh1uvb\" data-start=\"3840\" data-end=\"3910\">optional Wi-Fi and Bluetooth<\/li>\n<\/ul>\n<p data-start=\"3912\" data-end=\"4004\">This makes it easier to connect printers, scanners, POS systems and other infrastructure elements.<\/p>\n<h3><strong>Customize <a href=\"https:\/\/imago-systems.com\/en\/product-category\/panel-computers\/\">Panel Computers<\/a> DSP according to your preferences.\u00a0<\/strong><\/h3>","protected":false},"excerpt":{"rendered":"<p><a href=\"https:\/\/imago-systems.com\/en\/product-category\/panel-computers\/\">Panel computer<\/a> The DSP-16 is a modern 15.6-inch panel computer designed for versatile use. Equipped with an FHD LCD display, it offers two touch technologies: capacitive and resistive. Configurable with up to 32 GB of RAM and a 512 GB SSD, as well as a wide range of interfaces (USB, HDMI, LAN, Wi-Fi), the panel can be easily adapted to various needs.<\/p>","protected":false},"featured_media":14708,"comment_status":"open","ping_status":"closed","template":"","meta":[],"product_brand":[],"product_cat":[40,244],"product_tag":[],"class_list":{"0":"post-14528","1":"product","2":"type-product","3":"status-publish","4":"has-post-thumbnail","6":"product_cat-komputery-panelowe","7":"product_cat-komputery-panelowe-dsp-kds","9":"first","10":"instock","11":"shipping-taxable","12":"purchasable","13":"product-type-variable"},"acf":[],"yoast_head":"<!-- This site is optimized with the Yoast SEO plugin v27.6 - https:\/\/yoast.com\/product\/yoast-seo-wordpress\/ -->\n<title>Komputer panelowy DSP-16 (KDS) \/ 15,6&quot; FHD - IMAGO<\/title>\n<meta name=\"description\" content=\"Komputer panelowy KDS DSP-16 to nowoczesny komputer o przek\u0105tnej ekranu 15,6&quot;, stworzony z my\u015bl\u0105 o wszechstronnych zastosowaniach w konkurencyjnej cenie.\" \/>\n<meta name=\"robots\" content=\"index, follow, max-snippet:-1, max-image-preview:large, max-video-preview:-1\" \/>\n<link rel=\"canonical\" href=\"https:\/\/imago-systems.com\/en\/product\/dsp-16-kds-panel-computer\/\" \/>\n<meta property=\"og:locale\" content=\"en_US\" \/>\n<meta property=\"og:type\" content=\"article\" \/>\n<meta property=\"og:title\" content=\"Komputer panelowy DSP-16 (KDS) \/ 15,6&quot; FHD - IMAGO\" \/>\n<meta property=\"og:description\" content=\"Komputer panelowy KDS DSP-16 to nowoczesny komputer o przek\u0105tnej ekranu 15,6&quot;, stworzony z my\u015bl\u0105 o wszechstronnych zastosowaniach w konkurencyjnej cenie.\" \/>\n<meta property=\"og:url\" content=\"https:\/\/imago-systems.com\/en\/product\/dsp-16-kds-panel-computer\/\" \/>\n<meta property=\"og:site_name\" content=\"IMAGO\" \/>\n<meta property=\"article:modified_time\" content=\"2026-04-23T08:40:00+00:00\" \/>\n<meta property=\"og:image\" content=\"https:\/\/imago-systems.com\/wp-content\/uploads\/2024\/10\/PANEL-PC-DSP-16-IMAGO.jpg\" \/>\n\t<meta property=\"og:image:width\" content=\"600\" \/>\n\t<meta property=\"og:image:height\" content=\"600\" \/>\n\t<meta property=\"og:image:type\" content=\"image\/jpeg\" \/>\n<meta name=\"twitter:card\" content=\"summary_large_image\" \/>\n<meta name=\"twitter:label1\" content=\"Est. reading time\" \/>\n\t<meta name=\"twitter:data1\" content=\"2 minutes\" \/>\n<script type=\"application\/ld+json\" class=\"yoast-schema-graph\">{\"@context\":\"https:\\\/\\\/schema.org\",\"@graph\":[{\"@type\":\"WebPage\",\"@id\":\"https:\\\/\\\/imago-systems.com\\\/product\\\/komputer-panelowy-dsp-16-kds\\\/\",\"url\":\"https:\\\/\\\/imago-systems.com\\\/product\\\/komputer-panelowy-dsp-16-kds\\\/\",\"name\":\"Komputer panelowy DSP-16 (KDS) \\\/ 15,6\\\" FHD - IMAGO\",\"isPartOf\":{\"@id\":\"https:\\\/\\\/imago-systems.com\\\/#website\"},\"primaryImageOfPage\":{\"@id\":\"https:\\\/\\\/imago-systems.com\\\/product\\\/komputer-panelowy-dsp-16-kds\\\/#primaryimage\"},\"image\":{\"@id\":\"https:\\\/\\\/imago-systems.com\\\/product\\\/komputer-panelowy-dsp-16-kds\\\/#primaryimage\"},\"thumbnailUrl\":\"https:\\\/\\\/imago-systems.com\\\/wp-content\\\/uploads\\\/2024\\\/10\\\/PANEL-PC-DSP-16-IMAGO.jpg\",\"datePublished\":\"2024-10-10T13:49:39+00:00\",\"dateModified\":\"2026-04-23T08:40:00+00:00\",\"description\":\"Komputer panelowy KDS DSP-16 to nowoczesny komputer o przek\u0105tnej ekranu 15,6\\\", stworzony z my\u015bl\u0105 o wszechstronnych zastosowaniach w konkurencyjnej cenie.\",\"breadcrumb\":{\"@id\":\"https:\\\/\\\/imago-systems.com\\\/product\\\/komputer-panelowy-dsp-16-kds\\\/#breadcrumb\"},\"inLanguage\":\"en-US\",\"potentialAction\":[{\"@type\":\"ReadAction\",\"target\":[\"https:\\\/\\\/imago-systems.com\\\/product\\\/komputer-panelowy-dsp-16-kds\\\/\"]}]},{\"@type\":\"ImageObject\",\"inLanguage\":\"en-US\",\"@id\":\"https:\\\/\\\/imago-systems.com\\\/product\\\/komputer-panelowy-dsp-16-kds\\\/#primaryimage\",\"url\":\"https:\\\/\\\/imago-systems.com\\\/wp-content\\\/uploads\\\/2024\\\/10\\\/PANEL-PC-DSP-16-IMAGO.jpg\",\"contentUrl\":\"https:\\\/\\\/imago-systems.com\\\/wp-content\\\/uploads\\\/2024\\\/10\\\/PANEL-PC-DSP-16-IMAGO.jpg\",\"width\":600,\"height\":600,\"caption\":\"Komputer panelowy KDS 15.6\\\"\"},{\"@type\":\"BreadcrumbList\",\"@id\":\"https:\\\/\\\/imago-systems.com\\\/product\\\/komputer-panelowy-dsp-16-kds\\\/#breadcrumb\",\"itemListElement\":[{\"@type\":\"ListItem\",\"position\":1,\"name\":\"Home\",\"item\":\"https:\\\/\\\/imago-systems.com\\\/\"},{\"@type\":\"ListItem\",\"position\":2,\"name\":\"Shop\",\"item\":\"https:\\\/\\\/imago-systems.com\\\/shop\\\/\"},{\"@type\":\"ListItem\",\"position\":3,\"name\":\"Komputery panelowe\",\"item\":\"https:\\\/\\\/imago-systems.com\\\/product-category\\\/komputery-panelowe\\\/\"},{\"@type\":\"ListItem\",\"position\":4,\"name\":\"Komputery panelowe DSP (KDS)\",\"item\":\"https:\\\/\\\/imago-systems.com\\\/product-category\\\/komputery-panelowe\\\/komputery-panelowe-dsp-kds\\\/\"},{\"@type\":\"ListItem\",\"position\":5,\"name\":\"Komputer panelowy DSP-16 (KDS) \\\/ 15,6&#8243; FHD\"}]},{\"@type\":\"WebSite\",\"@id\":\"https:\\\/\\\/imago-systems.com\\\/#website\",\"url\":\"https:\\\/\\\/imago-systems.com\\\/\",\"name\":\"IMAGO systems\",\"description\":\"Nowoczesne rozwi\u0105zania dla przemys\u0142u i handlu detalicznego.\",\"publisher\":{\"@id\":\"https:\\\/\\\/imago-systems.com\\\/#organization\"},\"alternateName\":\"IMAGO\",\"potentialAction\":[{\"@type\":\"SearchAction\",\"target\":{\"@type\":\"EntryPoint\",\"urlTemplate\":\"https:\\\/\\\/imago-systems.com\\\/?s={search_term_string}\"},\"query-input\":{\"@type\":\"PropertyValueSpecification\",\"valueRequired\":true,\"valueName\":\"search_term_string\"}}],\"inLanguage\":\"en-US\"},{\"@type\":\"Organization\",\"@id\":\"https:\\\/\\\/imago-systems.com\\\/#organization\",\"name\":\"IMAGO Poland sp. z o.o.\",\"alternateName\":\"IMAGO\",\"url\":\"https:\\\/\\\/imago-systems.com\\\/\",\"logo\":{\"@type\":\"ImageObject\",\"inLanguage\":\"en-US\",\"@id\":\"https:\\\/\\\/imago-systems.com\\\/#\\\/schema\\\/logo\\\/image\\\/\",\"url\":\"https:\\\/\\\/imago-systems.com\\\/wp-content\\\/uploads\\\/2024\\\/11\\\/cropped-cropped-cropped-IMAGO-LOGO-.jpg\",\"contentUrl\":\"https:\\\/\\\/imago-systems.com\\\/wp-content\\\/uploads\\\/2024\\\/11\\\/cropped-cropped-cropped-IMAGO-LOGO-.jpg\",\"width\":512,\"height\":512,\"caption\":\"IMAGO Poland sp. z o.o.\"},\"image\":{\"@id\":\"https:\\\/\\\/imago-systems.com\\\/#\\\/schema\\\/logo\\\/image\\\/\"},\"sameAs\":[\"https:\\\/\\\/www.linkedin.com\\\/company\\\/imago-poland\\\/\"]}]}<\/script>\n<!-- \/ Yoast SEO plugin. -->","yoast_head_json":{"title":"DSP-16 (KDS) \/ 15.6&quot; FHD Panel Computer - IMAGO","description":"The KDS DSP-16 panel computer is a modern computer with a 15.6&quot; screen diagonal, designed for versatile applications at a competitive price.","robots":{"index":"index","follow":"follow","max-snippet":"max-snippet:-1","max-image-preview":"max-image-preview:large","max-video-preview":"max-video-preview:-1"},"canonical":"https:\/\/imago-systems.com\/en\/product\/dsp-16-kds-panel-computer\/","og_locale":"en_US","og_type":"article","og_title":"Komputer panelowy DSP-16 (KDS) \/ 15,6\" FHD - IMAGO","og_description":"Komputer panelowy KDS DSP-16 to nowoczesny komputer o przek\u0105tnej ekranu 15,6\", stworzony z my\u015bl\u0105 o wszechstronnych zastosowaniach w konkurencyjnej cenie.","og_url":"https:\/\/imago-systems.com\/en\/product\/dsp-16-kds-panel-computer\/","og_site_name":"IMAGO","article_modified_time":"2026-04-23T08:40:00+00:00","og_image":[{"width":600,"height":600,"url":"https:\/\/imago-systems.com\/wp-content\/uploads\/2024\/10\/PANEL-PC-DSP-16-IMAGO.jpg","type":"image\/jpeg"}],"twitter_card":"summary_large_image","twitter_misc":{"Est. reading time":"2 minutes"},"schema":{"@context":"https:\/\/schema.org","@graph":[{"@type":"WebPage","@id":"https:\/\/imago-systems.com\/product\/komputer-panelowy-dsp-16-kds\/","url":"https:\/\/imago-systems.com\/product\/komputer-panelowy-dsp-16-kds\/","name":"DSP-16 (KDS) \/ 15.6&quot; FHD Panel Computer - IMAGO","isPartOf":{"@id":"https:\/\/imago-systems.com\/#website"},"primaryImageOfPage":{"@id":"https:\/\/imago-systems.com\/product\/komputer-panelowy-dsp-16-kds\/#primaryimage"},"image":{"@id":"https:\/\/imago-systems.com\/product\/komputer-panelowy-dsp-16-kds\/#primaryimage"},"thumbnailUrl":"https:\/\/imago-systems.com\/wp-content\/uploads\/2024\/10\/PANEL-PC-DSP-16-IMAGO.jpg","datePublished":"2024-10-10T13:49:39+00:00","dateModified":"2026-04-23T08:40:00+00:00","description":"The KDS DSP-16 panel computer is a modern computer with a 15.6&quot; screen diagonal, designed for versatile applications at a competitive price.","breadcrumb":{"@id":"https:\/\/imago-systems.com\/product\/komputer-panelowy-dsp-16-kds\/#breadcrumb"},"inLanguage":"en-US","potentialAction":[{"@type":"ReadAction","target":["https:\/\/imago-systems.com\/product\/komputer-panelowy-dsp-16-kds\/"]}]},{"@type":"ImageObject","inLanguage":"en-US","@id":"https:\/\/imago-systems.com\/product\/komputer-panelowy-dsp-16-kds\/#primaryimage","url":"https:\/\/imago-systems.com\/wp-content\/uploads\/2024\/10\/PANEL-PC-DSP-16-IMAGO.jpg","contentUrl":"https:\/\/imago-systems.com\/wp-content\/uploads\/2024\/10\/PANEL-PC-DSP-16-IMAGO.jpg","width":600,"height":600,"caption":"Komputer panelowy KDS 15.6\""},{"@type":"BreadcrumbList","@id":"https:\/\/imago-systems.com\/product\/komputer-panelowy-dsp-16-kds\/#breadcrumb","itemListElement":[{"@type":"ListItem","position":1,"name":"Home","item":"https:\/\/imago-systems.com\/"},{"@type":"ListItem","position":2,"name":"Shop","item":"https:\/\/imago-systems.com\/shop\/"},{"@type":"ListItem","position":3,"name":"Komputery panelowe","item":"https:\/\/imago-systems.com\/product-category\/komputery-panelowe\/"},{"@type":"ListItem","position":4,"name":"Komputery panelowe DSP (KDS)","item":"https:\/\/imago-systems.com\/product-category\/komputery-panelowe\/komputery-panelowe-dsp-kds\/"},{"@type":"ListItem","position":5,"name":"Komputer panelowy DSP-16 (KDS) \/ 15,6&#8243; FHD"}]},{"@type":"WebSite","@id":"https:\/\/imago-systems.com\/#website","url":"https:\/\/imago-systems.com\/","name":"IMAGO systems","description":"Modern solutions for industry and retail.","publisher":{"@id":"https:\/\/imago-systems.com\/#organization"},"alternateName":"IMAGO","potentialAction":[{"@type":"SearchAction","target":{"@type":"EntryPoint","urlTemplate":"https:\/\/imago-systems.com\/?s={search_term_string}"},"query-input":{"@type":"PropertyValueSpecification","valueRequired":true,"valueName":"search_term_string"}}],"inLanguage":"en-US"},{"@type":"Organization","@id":"https:\/\/imago-systems.com\/#organization","name":"IMAGO Poland sp. z o. o.","alternateName":"IMAGO","url":"https:\/\/imago-systems.com\/","logo":{"@type":"ImageObject","inLanguage":"en-US","@id":"https:\/\/imago-systems.com\/#\/schema\/logo\/image\/","url":"https:\/\/imago-systems.com\/wp-content\/uploads\/2024\/11\/cropped-cropped-cropped-IMAGO-LOGO-.jpg","contentUrl":"https:\/\/imago-systems.com\/wp-content\/uploads\/2024\/11\/cropped-cropped-cropped-IMAGO-LOGO-.jpg","width":512,"height":512,"caption":"IMAGO Poland sp. z o.o."},"image":{"@id":"https:\/\/imago-systems.com\/#\/schema\/logo\/image\/"},"sameAs":["https:\/\/www.linkedin.com\/company\/imago-poland\/"]}]}},"_links":{"self":[{"href":"https:\/\/imago-systems.com\/en\/wp-json\/wp\/v2\/product\/14528","targetHints":{"allow":["GET"]}}],"collection":[{"href":"https:\/\/imago-systems.com\/en\/wp-json\/wp\/v2\/product"}],"about":[{"href":"https:\/\/imago-systems.com\/en\/wp-json\/wp\/v2\/types\/product"}],"replies":[{"embeddable":true,"href":"https:\/\/imago-systems.com\/en\/wp-json\/wp\/v2\/comments?post=14528"}],"wp:featuredmedia":[{"embeddable":true,"href":"https:\/\/imago-systems.com\/en\/wp-json\/wp\/v2\/media\/14708"}],"wp:attachment":[{"href":"https:\/\/imago-systems.com\/en\/wp-json\/wp\/v2\/media?parent=14528"}],"wp:term":[{"taxonomy":"product_brand","embeddable":true,"href":"https:\/\/imago-systems.com\/en\/wp-json\/wp\/v2\/product_brand?post=14528"},{"taxonomy":"product_cat","embeddable":true,"href":"https:\/\/imago-systems.com\/en\/wp-json\/wp\/v2\/product_cat?post=14528"},{"taxonomy":"product_tag","embeddable":true,"href":"https:\/\/imago-systems.com\/en\/wp-json\/wp\/v2\/product_tag?post=14528"}],"curies":[{"name":"wp","href":"https:\/\/api.w.org\/{rel}","templated":true}]}}