{"id":14484,"date":"2024-10-08T11:44:01","date_gmt":"2024-10-08T08:44:01","guid":{"rendered":"http:\/\/imago-systems.com\/?post_type=product&#038;p=14484"},"modified":"2026-04-28T13:07:52","modified_gmt":"2026-04-28T12:07:52","slug":"dsp-15-kds-panel-computer","status":"publish","type":"product","link":"https:\/\/imago-systems.com\/en\/product\/dsp-15-kds-panel-computer\/","title":{"rendered":"DSP-15 (KDS) \/ 15\u2033 4:3 Panel Computer"},"content":{"rendered":"<div class=\"flex-shrink-0 flex flex-col relative items-end\">\n<div class=\"pt-0\">\n<div class=\"gizmo-bot-avatar flex h-8 w-8 items-center justify-center overflow-hidden rounded-full\">\n<p data-start=\"357\" data-end=\"553\">DSP series panel computers are very often used as an element <strong>KDS (Kitchen Display System) systems<\/strong>, which organize the work of the kitchen from the moment the order is received until it is issued.<\/p>\n<p data-start=\"357\" data-end=\"553\">\n<p data-start=\"555\" data-end=\"922\">Orders are sent directly to the screen, where they are automatically grouped, updated, and marked with their fulfillment status. The kitchen team has a constant overview of what&#039;s in progress, what&#039;s waiting, and what needs to be prioritized.<\/p>\n<p data-start=\"555\" data-end=\"922\"><br data-start=\"786\" data-end=\"789\" \/>In practice, this eliminates the need to work on printouts, reduces errors and shortens the turnaround time, especially during peak hours.<\/p>\n<p data-start=\"555\" data-end=\"922\">\n<h2 data-start=\"924\" data-end=\"1001\"><strong>Apart from being used in gastronomy, DSP panels are also used as:<\/strong><\/h2>\n<ul data-start=\"1002\" data-end=\"1210\">\n<li data-section-id=\"j9eqyf\" data-start=\"1002\" data-end=\"1081\">operator positions in production (system operation, data entry)<\/li>\n<li data-section-id=\"1h7v4jl\" data-start=\"1082\" data-end=\"1122\">information and sales terminals<\/li>\n<li data-section-id=\"4kbn1m\" data-start=\"1123\" data-end=\"1159\">self-service kiosk elements<\/li>\n<li data-section-id=\"lwh4qb\" data-start=\"1160\" data-end=\"1210\">screens for content presentation (digital signage)<\/li>\n<\/ul>\n<p data-start=\"1212\" data-end=\"1331\">This allows one device to support various areas of business, from back office operations to customer contact.<\/p>\n<p data-start=\"1212\" data-end=\"1331\">\n<\/div>\n<\/div>\n<\/div>\n<hr \/>\n<h2><strong>Key features of the DSP-15 Panel:<\/strong><\/h2>\n<ul>\n<li><strong>15\u2033 screen <\/strong><strong>LCD<\/strong> with a resolution of 1024 x 768 (4:3)<\/li>\n<li><strong>Two touch technologies:<\/strong> capacitive and resistive.<\/li>\n<li><strong>Memory<\/strong> up to 32GB DDR4 RAM.<\/li>\n<li><b>SSD drive <\/b>up to 512GB<\/li>\n<li>Possibility of installing the system <strong>Windows<\/strong>.<\/li>\n<li><strong>Operating temperature range:<\/strong> 0 ~ 50\u00b0C.<\/li>\n<\/ul>\n<p>&nbsp;<\/p>\n<h3><strong>Check out what others have to offer<a href=\"https:\/\/imago-systems.com\/en\/product-category\/panel-computers\/\"> Panel Computers<\/a> IMAGO.<\/strong><\/h3>","protected":false},"excerpt":{"rendered":"<p>The DSP-15 panel computer is a modern panel computer with a 15-inch screen, designed for versatile applications. Equipped with a 1024 x 768 (4:3) LCD display and two touch options - capacitive and resistive. The possibility of expanding the RAM up to 32 GB and the SSD up to 512 GB, combined with a wide range of interfaces (USB, HDMI, LAN, Wi-Fi), allows for flexible adjustment of the configuration to the specific needs of the user.<\/p>","protected":false},"featured_media":14707,"comment_status":"open","ping_status":"closed","template":"","meta":[],"product_brand":[],"product_cat":[40,244],"product_tag":[],"class_list":{"0":"post-14484","1":"product","2":"type-product","3":"status-publish","4":"has-post-thumbnail","6":"product_cat-komputery-panelowe","7":"product_cat-komputery-panelowe-dsp-kds","9":"first","10":"instock","11":"shipping-taxable","12":"purchasable","13":"product-type-variable"},"acf":[],"yoast_head":"<!-- This site is optimized with the Yoast SEO plugin v27.6 - https:\/\/yoast.com\/product\/yoast-seo-wordpress\/ -->\n<title>Komputer panelowy DSP-15 (KDS) \/ 15&quot; 4:3 - IMAGO<\/title>\n<meta name=\"description\" content=\"Komputer panelowy KDS DSP-15 to nowoczesny komputer o przek\u0105tnej ekranu 15&quot;, stworzony z my\u015bl\u0105 o wszechstronnych zastosowaniach w konkurencyjnej cenie.\" \/>\n<meta name=\"robots\" content=\"index, follow, max-snippet:-1, max-image-preview:large, max-video-preview:-1\" \/>\n<link rel=\"canonical\" href=\"https:\/\/imago-systems.com\/en\/product\/dsp-15-kds-panel-computer\/\" \/>\n<meta property=\"og:locale\" content=\"en_US\" \/>\n<meta property=\"og:type\" content=\"article\" \/>\n<meta property=\"og:title\" content=\"Komputer panelowy DSP-15 (KDS) \/ 15&quot; 4:3 - IMAGO\" \/>\n<meta property=\"og:description\" content=\"Komputer panelowy KDS DSP-15 to nowoczesny komputer o przek\u0105tnej ekranu 15&quot;, stworzony z my\u015bl\u0105 o wszechstronnych zastosowaniach w konkurencyjnej cenie.\" \/>\n<meta property=\"og:url\" content=\"https:\/\/imago-systems.com\/en\/product\/dsp-15-kds-panel-computer\/\" \/>\n<meta property=\"og:site_name\" content=\"IMAGO\" \/>\n<meta property=\"article:modified_time\" content=\"2026-04-28T12:07:52+00:00\" \/>\n<meta property=\"og:image\" content=\"https:\/\/imago-systems.com\/wp-content\/uploads\/2024\/10\/PANEL-PC-DSP-15-IMAGO.jpg\" \/>\n\t<meta property=\"og:image:width\" content=\"600\" \/>\n\t<meta property=\"og:image:height\" content=\"600\" \/>\n\t<meta property=\"og:image:type\" content=\"image\/jpeg\" \/>\n<meta name=\"twitter:card\" content=\"summary_large_image\" \/>\n<meta name=\"twitter:label1\" content=\"Est. reading time\" \/>\n\t<meta name=\"twitter:data1\" content=\"2 minutes\" \/>\n<script type=\"application\/ld+json\" class=\"yoast-schema-graph\">{\"@context\":\"https:\\\/\\\/schema.org\",\"@graph\":[{\"@type\":\"WebPage\",\"@id\":\"https:\\\/\\\/imago-systems.com\\\/product\\\/komputer-panelowy-dsp-15-kds\\\/\",\"url\":\"https:\\\/\\\/imago-systems.com\\\/product\\\/komputer-panelowy-dsp-15-kds\\\/\",\"name\":\"Komputer panelowy DSP-15 (KDS) \\\/ 15\\\" 4:3 - IMAGO\",\"isPartOf\":{\"@id\":\"https:\\\/\\\/imago-systems.com\\\/#website\"},\"primaryImageOfPage\":{\"@id\":\"https:\\\/\\\/imago-systems.com\\\/product\\\/komputer-panelowy-dsp-15-kds\\\/#primaryimage\"},\"image\":{\"@id\":\"https:\\\/\\\/imago-systems.com\\\/product\\\/komputer-panelowy-dsp-15-kds\\\/#primaryimage\"},\"thumbnailUrl\":\"https:\\\/\\\/imago-systems.com\\\/wp-content\\\/uploads\\\/2024\\\/10\\\/PANEL-PC-DSP-15-IMAGO.jpg\",\"datePublished\":\"2024-10-08T08:44:01+00:00\",\"dateModified\":\"2026-04-28T12:07:52+00:00\",\"description\":\"Komputer panelowy KDS DSP-15 to nowoczesny komputer o przek\u0105tnej ekranu 15\\\", stworzony z my\u015bl\u0105 o wszechstronnych zastosowaniach w konkurencyjnej cenie.\",\"breadcrumb\":{\"@id\":\"https:\\\/\\\/imago-systems.com\\\/product\\\/komputer-panelowy-dsp-15-kds\\\/#breadcrumb\"},\"inLanguage\":\"en-US\",\"potentialAction\":[{\"@type\":\"ReadAction\",\"target\":[\"https:\\\/\\\/imago-systems.com\\\/product\\\/komputer-panelowy-dsp-15-kds\\\/\"]}]},{\"@type\":\"ImageObject\",\"inLanguage\":\"en-US\",\"@id\":\"https:\\\/\\\/imago-systems.com\\\/product\\\/komputer-panelowy-dsp-15-kds\\\/#primaryimage\",\"url\":\"https:\\\/\\\/imago-systems.com\\\/wp-content\\\/uploads\\\/2024\\\/10\\\/PANEL-PC-DSP-15-IMAGO.jpg\",\"contentUrl\":\"https:\\\/\\\/imago-systems.com\\\/wp-content\\\/uploads\\\/2024\\\/10\\\/PANEL-PC-DSP-15-IMAGO.jpg\",\"width\":600,\"height\":600,\"caption\":\"Komputer panelowy KDS z nak\u0142adk\u0105 rezystancyjn\u0105 lub pojemno\u015bciow\u0105 IMAGO\"},{\"@type\":\"BreadcrumbList\",\"@id\":\"https:\\\/\\\/imago-systems.com\\\/product\\\/komputer-panelowy-dsp-15-kds\\\/#breadcrumb\",\"itemListElement\":[{\"@type\":\"ListItem\",\"position\":1,\"name\":\"Home\",\"item\":\"https:\\\/\\\/imago-systems.com\\\/\"},{\"@type\":\"ListItem\",\"position\":2,\"name\":\"Shop\",\"item\":\"https:\\\/\\\/imago-systems.com\\\/shop\\\/\"},{\"@type\":\"ListItem\",\"position\":3,\"name\":\"Komputery panelowe\",\"item\":\"https:\\\/\\\/imago-systems.com\\\/product-category\\\/komputery-panelowe\\\/\"},{\"@type\":\"ListItem\",\"position\":4,\"name\":\"Komputery panelowe DSP (KDS)\",\"item\":\"https:\\\/\\\/imago-systems.com\\\/product-category\\\/komputery-panelowe\\\/komputery-panelowe-dsp-kds\\\/\"},{\"@type\":\"ListItem\",\"position\":5,\"name\":\"Komputer panelowy DSP-15 (KDS) \\\/ 15&#8243; 4:3\"}]},{\"@type\":\"WebSite\",\"@id\":\"https:\\\/\\\/imago-systems.com\\\/#website\",\"url\":\"https:\\\/\\\/imago-systems.com\\\/\",\"name\":\"IMAGO systems\",\"description\":\"Nowoczesne rozwi\u0105zania dla przemys\u0142u i handlu detalicznego.\",\"publisher\":{\"@id\":\"https:\\\/\\\/imago-systems.com\\\/#organization\"},\"alternateName\":\"IMAGO\",\"potentialAction\":[{\"@type\":\"SearchAction\",\"target\":{\"@type\":\"EntryPoint\",\"urlTemplate\":\"https:\\\/\\\/imago-systems.com\\\/?s={search_term_string}\"},\"query-input\":{\"@type\":\"PropertyValueSpecification\",\"valueRequired\":true,\"valueName\":\"search_term_string\"}}],\"inLanguage\":\"en-US\"},{\"@type\":\"Organization\",\"@id\":\"https:\\\/\\\/imago-systems.com\\\/#organization\",\"name\":\"IMAGO Poland sp. z o.o.\",\"alternateName\":\"IMAGO\",\"url\":\"https:\\\/\\\/imago-systems.com\\\/\",\"logo\":{\"@type\":\"ImageObject\",\"inLanguage\":\"en-US\",\"@id\":\"https:\\\/\\\/imago-systems.com\\\/#\\\/schema\\\/logo\\\/image\\\/\",\"url\":\"https:\\\/\\\/imago-systems.com\\\/wp-content\\\/uploads\\\/2024\\\/11\\\/cropped-cropped-cropped-IMAGO-LOGO-.jpg\",\"contentUrl\":\"https:\\\/\\\/imago-systems.com\\\/wp-content\\\/uploads\\\/2024\\\/11\\\/cropped-cropped-cropped-IMAGO-LOGO-.jpg\",\"width\":512,\"height\":512,\"caption\":\"IMAGO Poland sp. z o.o.\"},\"image\":{\"@id\":\"https:\\\/\\\/imago-systems.com\\\/#\\\/schema\\\/logo\\\/image\\\/\"},\"sameAs\":[\"https:\\\/\\\/www.linkedin.com\\\/company\\\/imago-poland\\\/\"]}]}<\/script>\n<!-- \/ Yoast SEO plugin. -->","yoast_head_json":{"title":"DSP-15 (KDS) \/ 15&quot; 4:3 Panel Computer - IMAGO","description":"The KDS DSP-15 panel computer is a modern computer with a 15&quot; screen diagonal, designed for versatile applications at a competitive price.","robots":{"index":"index","follow":"follow","max-snippet":"max-snippet:-1","max-image-preview":"max-image-preview:large","max-video-preview":"max-video-preview:-1"},"canonical":"https:\/\/imago-systems.com\/en\/product\/dsp-15-kds-panel-computer\/","og_locale":"en_US","og_type":"article","og_title":"Komputer panelowy DSP-15 (KDS) \/ 15\" 4:3 - IMAGO","og_description":"Komputer panelowy KDS DSP-15 to nowoczesny komputer o przek\u0105tnej ekranu 15\", stworzony z my\u015bl\u0105 o wszechstronnych zastosowaniach w konkurencyjnej cenie.","og_url":"https:\/\/imago-systems.com\/en\/product\/dsp-15-kds-panel-computer\/","og_site_name":"IMAGO","article_modified_time":"2026-04-28T12:07:52+00:00","og_image":[{"width":600,"height":600,"url":"https:\/\/imago-systems.com\/wp-content\/uploads\/2024\/10\/PANEL-PC-DSP-15-IMAGO.jpg","type":"image\/jpeg"}],"twitter_card":"summary_large_image","twitter_misc":{"Est. reading time":"2 minutes"},"schema":{"@context":"https:\/\/schema.org","@graph":[{"@type":"WebPage","@id":"https:\/\/imago-systems.com\/product\/komputer-panelowy-dsp-15-kds\/","url":"https:\/\/imago-systems.com\/product\/komputer-panelowy-dsp-15-kds\/","name":"DSP-15 (KDS) \/ 15&quot; 4:3 Panel Computer - IMAGO","isPartOf":{"@id":"https:\/\/imago-systems.com\/#website"},"primaryImageOfPage":{"@id":"https:\/\/imago-systems.com\/product\/komputer-panelowy-dsp-15-kds\/#primaryimage"},"image":{"@id":"https:\/\/imago-systems.com\/product\/komputer-panelowy-dsp-15-kds\/#primaryimage"},"thumbnailUrl":"https:\/\/imago-systems.com\/wp-content\/uploads\/2024\/10\/PANEL-PC-DSP-15-IMAGO.jpg","datePublished":"2024-10-08T08:44:01+00:00","dateModified":"2026-04-28T12:07:52+00:00","description":"The KDS DSP-15 panel computer is a modern computer with a 15&quot; screen diagonal, designed for versatile applications at a competitive price.","breadcrumb":{"@id":"https:\/\/imago-systems.com\/product\/komputer-panelowy-dsp-15-kds\/#breadcrumb"},"inLanguage":"en-US","potentialAction":[{"@type":"ReadAction","target":["https:\/\/imago-systems.com\/product\/komputer-panelowy-dsp-15-kds\/"]}]},{"@type":"ImageObject","inLanguage":"en-US","@id":"https:\/\/imago-systems.com\/product\/komputer-panelowy-dsp-15-kds\/#primaryimage","url":"https:\/\/imago-systems.com\/wp-content\/uploads\/2024\/10\/PANEL-PC-DSP-15-IMAGO.jpg","contentUrl":"https:\/\/imago-systems.com\/wp-content\/uploads\/2024\/10\/PANEL-PC-DSP-15-IMAGO.jpg","width":600,"height":600,"caption":"Komputer panelowy KDS z nak\u0142adk\u0105 rezystancyjn\u0105 lub pojemno\u015bciow\u0105 IMAGO"},{"@type":"BreadcrumbList","@id":"https:\/\/imago-systems.com\/product\/komputer-panelowy-dsp-15-kds\/#breadcrumb","itemListElement":[{"@type":"ListItem","position":1,"name":"Home","item":"https:\/\/imago-systems.com\/"},{"@type":"ListItem","position":2,"name":"Shop","item":"https:\/\/imago-systems.com\/shop\/"},{"@type":"ListItem","position":3,"name":"Komputery panelowe","item":"https:\/\/imago-systems.com\/product-category\/komputery-panelowe\/"},{"@type":"ListItem","position":4,"name":"Komputery panelowe DSP (KDS)","item":"https:\/\/imago-systems.com\/product-category\/komputery-panelowe\/komputery-panelowe-dsp-kds\/"},{"@type":"ListItem","position":5,"name":"Komputer panelowy DSP-15 (KDS) \/ 15&#8243; 4:3"}]},{"@type":"WebSite","@id":"https:\/\/imago-systems.com\/#website","url":"https:\/\/imago-systems.com\/","name":"IMAGO systems","description":"Modern solutions for industry and retail.","publisher":{"@id":"https:\/\/imago-systems.com\/#organization"},"alternateName":"IMAGO","potentialAction":[{"@type":"SearchAction","target":{"@type":"EntryPoint","urlTemplate":"https:\/\/imago-systems.com\/?s={search_term_string}"},"query-input":{"@type":"PropertyValueSpecification","valueRequired":true,"valueName":"search_term_string"}}],"inLanguage":"en-US"},{"@type":"Organization","@id":"https:\/\/imago-systems.com\/#organization","name":"IMAGO Poland sp. z o. o.","alternateName":"IMAGO","url":"https:\/\/imago-systems.com\/","logo":{"@type":"ImageObject","inLanguage":"en-US","@id":"https:\/\/imago-systems.com\/#\/schema\/logo\/image\/","url":"https:\/\/imago-systems.com\/wp-content\/uploads\/2024\/11\/cropped-cropped-cropped-IMAGO-LOGO-.jpg","contentUrl":"https:\/\/imago-systems.com\/wp-content\/uploads\/2024\/11\/cropped-cropped-cropped-IMAGO-LOGO-.jpg","width":512,"height":512,"caption":"IMAGO Poland sp. z o.o."},"image":{"@id":"https:\/\/imago-systems.com\/#\/schema\/logo\/image\/"},"sameAs":["https:\/\/www.linkedin.com\/company\/imago-poland\/"]}]}},"_links":{"self":[{"href":"https:\/\/imago-systems.com\/en\/wp-json\/wp\/v2\/product\/14484","targetHints":{"allow":["GET"]}}],"collection":[{"href":"https:\/\/imago-systems.com\/en\/wp-json\/wp\/v2\/product"}],"about":[{"href":"https:\/\/imago-systems.com\/en\/wp-json\/wp\/v2\/types\/product"}],"replies":[{"embeddable":true,"href":"https:\/\/imago-systems.com\/en\/wp-json\/wp\/v2\/comments?post=14484"}],"wp:featuredmedia":[{"embeddable":true,"href":"https:\/\/imago-systems.com\/en\/wp-json\/wp\/v2\/media\/14707"}],"wp:attachment":[{"href":"https:\/\/imago-systems.com\/en\/wp-json\/wp\/v2\/media?parent=14484"}],"wp:term":[{"taxonomy":"product_brand","embeddable":true,"href":"https:\/\/imago-systems.com\/en\/wp-json\/wp\/v2\/product_brand?post=14484"},{"taxonomy":"product_cat","embeddable":true,"href":"https:\/\/imago-systems.com\/en\/wp-json\/wp\/v2\/product_cat?post=14484"},{"taxonomy":"product_tag","embeddable":true,"href":"https:\/\/imago-systems.com\/en\/wp-json\/wp\/v2\/product_tag?post=14484"}],"curies":[{"name":"wp","href":"https:\/\/api.w.org\/{rel}","templated":true}]}}