{"id":14473,"date":"2024-10-07T15:38:24","date_gmt":"2024-10-07T12:38:24","guid":{"rendered":"http:\/\/imago-systems.com\/?post_type=product&#038;p=14473"},"modified":"2026-04-27T13:47:30","modified_gmt":"2026-04-27T12:47:30","slug":"pi-16-panel-computer-powder-coated-steel","status":"publish","type":"product","link":"https:\/\/imago-systems.com\/en\/product\/pi-16-panel-computer-powder-coated-steel\/","title":{"rendered":"PI-16 panel computer powder-coated steel \/ 15.6\u2033 FHD"},"content":{"rendered":"<div class=\"flex-shrink-0 flex flex-col relative items-end\">\n<div>\n<div class=\"pt-0\">\n<div class=\"gizmo-bot-avatar flex h-8 w-8 items-center justify-center overflow-hidden rounded-full\"><\/div>\n<\/div>\n<\/div>\n<\/div>\n<div class=\"group\/conversation-turn relative flex w-full min-w-0 flex-col agent-turn\">\n<div class=\"flex-col gap-1 md:gap-3\">\n<div class=\"flex max-w-full flex-col flex-grow\">\n<div class=\"min-h-8 text-message flex w-full flex-col items-end gap-2 whitespace-normal break-words [.text-message+&amp;]:mt-5\" dir=\"auto\" data-message-author-role=\"assistant\" data-message-id=\"2dc09591-c82a-43e8-9aed-bfef03dade90\">\n<div class=\"flex w-full flex-col gap-1 empty:hidden first:pt-[3px]\">\n<div class=\"markdown prose w-full break-words dark:prose-invert light\">\n<p>Stal malowana proszkowo to sprawdzony wyb\u00f3r dla miejsc, gdzie warunki nie s\u0105 ekstremalne, ale sprz\u0119t musi dzia\u0142a\u0107 bez zarzutu. <a href=\"https:\/\/imago-systems.com\/product-category\/komputery-panelowe\/komputery-panelowe-pi\/ze-stali-malowanej-proszkowo\/\">Komputer panelowy PI w wersji ze stali malowanej proszkowo<\/a> \u0142\u0105czy odporno\u015b\u0107 na uszkodzenia mechaniczne z mo\u017cliwo\u015bci\u0105 dostosowania \u2013 od wydajnych procesor\u00f3w po integracj\u0119 z systemami identyfikacji. Prosto, funkcjonalnie, niezawodnie. Ka\u017cde urz\u0105dzenie mo\u017cna wyposa\u017cy\u0107 we wbudowany czytnik RFID\/NFC oraz czytnik kod\u00f3w 2D. Istnieje r\u00f3wnie\u017c mo\u017cliwo\u015b\u0107 dodania dodatkowo uszczelnianych port\u00f3w I\/<\/p>\n<hr \/>\n<\/div>\n<\/div>\n<\/div>\n<\/div>\n<\/div>\n<\/div>\n<h2><strong>G\u0142\u00f3wne cechy panelu PI-16:<\/strong><\/h2>\n<ul>\n<li>15,6-calowy ekran LCD FULL HD z mo\u017cliwo\u015bci\u0105 wyboru dw\u00f3ch rodzaj\u00f3w nak\u0142adek: <strong>rezystencyjnej lub pojemno\u015bciowej.<\/strong><\/li>\n<li><strong>Odporno\u015b\u0107 na wod\u0119 i py\u0142<\/strong>, zapewniaj\u0105ca bezawaryjn\u0105 prac\u0119 w trudnych warunkach.<\/li>\n<li>Dost\u0119pne procesory: <strong>Intel Core i5<\/strong> r\u00f3\u017cnych generacji oraz nowy <strong>Intel Core N97<\/strong><\/li>\n<li>Obudowa: <strong>stal malowana proszkowo<\/strong>.<\/li>\n<li>Dodatkowe akcesoria: <strong>czytniki RFID, 2D, NFC<\/strong>.<\/li>\n<li><strong>Uszczelnione porty I\/O<\/strong> dost\u0119pne opcjonalnie.<\/li>\n<li>Opcja wyposa\u017cenia w <strong>przetwornic\u0119<\/strong>.<\/li>\n<\/ul>\n<p>&nbsp;<\/p>\n<h3><strong><a href=\"https:\/\/imago-systems.com\/product-category\/komputery-panelowe\/\">Komputery panelowe<\/a> PI mo\u017cna skonfigurowa\u0107 wed\u0142ug indywidualnych potrzeb, zapewniaj\u0105c elastyczne i niezawodne rozwi\u0105zania dla przemys\u0142u.<\/strong><\/h3>\n<p>&nbsp;<\/p>\n","protected":false},"excerpt":{"rendered":"<p>The PI-16 panel is <a href=\"https:\/\/imago-systems.com\/en\/product-category\/panel-computers\/\">industrial panel computer<\/a> equipped with a 15.6-inch screen, offered with two overlay variants to choose from. Thanks to its resistance to water and dust, the panel ensures reliable operation in difficult conditions, and its durable housing, made of powder-coated steel, guarantees long life. The panel computer can be adapted to individual needs, configuring it according to your own requirements.<\/p>","protected":false},"featured_media":14555,"comment_status":"open","ping_status":"closed","template":"","meta":[],"product_brand":[],"product_cat":[40,247],"product_tag":[],"class_list":{"0":"post-14473","1":"product","2":"type-product","3":"status-publish","4":"has-post-thumbnail","6":"product_cat-komputery-panelowe","7":"product_cat-ze-stali-malowanej-proszkowo","9":"first","10":"instock","11":"shipping-taxable","12":"purchasable","13":"product-type-variable"},"acf":[],"yoast_head":"<!-- This site is optimized with the Yoast SEO plugin v27.6 - https:\/\/yoast.com\/product\/yoast-seo-wordpress\/ -->\n<title>Komputer przemys\u0142owy panelowy PI-16 - IMAGO<\/title>\n<meta name=\"description\" content=\"Przemys\u0142owy komputer panelowy PI-16 z 15,6&quot; ekranem LCD FULL HD. Gwarantuje odporno\u015b\u0107 na wod\u0119 i py\u0142, co zapewnia bezawaryjn\u0105 prac\u0119 w wymagaj\u0105cych warunkach.\" \/>\n<meta name=\"robots\" content=\"index, follow, max-snippet:-1, max-image-preview:large, max-video-preview:-1\" \/>\n<link rel=\"canonical\" href=\"https:\/\/imago-systems.com\/en\/product\/pi-16-panel-computer-powder-coated-steel\/\" \/>\n<meta property=\"og:locale\" content=\"en_US\" \/>\n<meta property=\"og:type\" content=\"article\" \/>\n<meta property=\"og:title\" content=\"Komputer przemys\u0142owy panelowy PI-16 - IMAGO\" \/>\n<meta property=\"og:description\" content=\"Przemys\u0142owy komputer panelowy PI-16 z 15,6&quot; ekranem LCD FULL HD. Gwarantuje odporno\u015b\u0107 na wod\u0119 i py\u0142, co zapewnia bezawaryjn\u0105 prac\u0119 w wymagaj\u0105cych warunkach.\" \/>\n<meta property=\"og:url\" content=\"https:\/\/imago-systems.com\/en\/product\/pi-16-panel-computer-powder-coated-steel\/\" \/>\n<meta property=\"og:site_name\" content=\"IMAGO\" \/>\n<meta property=\"article:modified_time\" content=\"2026-04-27T12:47:30+00:00\" \/>\n<meta property=\"og:image\" content=\"https:\/\/imago-systems.com\/wp-content\/uploads\/2024\/10\/Panel-PC-PI-16-malowany-proszkowo.jpg\" \/>\n\t<meta property=\"og:image:width\" content=\"600\" \/>\n\t<meta property=\"og:image:height\" content=\"600\" \/>\n\t<meta property=\"og:image:type\" content=\"image\/jpeg\" \/>\n<meta name=\"twitter:card\" content=\"summary_large_image\" \/>\n<meta name=\"twitter:label1\" content=\"Est. reading time\" \/>\n\t<meta name=\"twitter:data1\" content=\"2 minutes\" \/>\n<script type=\"application\/ld+json\" class=\"yoast-schema-graph\">{\"@context\":\"https:\\\/\\\/schema.org\",\"@graph\":[{\"@type\":\"WebPage\",\"@id\":\"https:\\\/\\\/imago-systems.com\\\/product\\\/komputer-panelowy-pi-16-stal-malowana-proszkowo\\\/\",\"url\":\"https:\\\/\\\/imago-systems.com\\\/product\\\/komputer-panelowy-pi-16-stal-malowana-proszkowo\\\/\",\"name\":\"Komputer przemys\u0142owy panelowy PI-16 - IMAGO\",\"isPartOf\":{\"@id\":\"https:\\\/\\\/imago-systems.com\\\/#website\"},\"primaryImageOfPage\":{\"@id\":\"https:\\\/\\\/imago-systems.com\\\/product\\\/komputer-panelowy-pi-16-stal-malowana-proszkowo\\\/#primaryimage\"},\"image\":{\"@id\":\"https:\\\/\\\/imago-systems.com\\\/product\\\/komputer-panelowy-pi-16-stal-malowana-proszkowo\\\/#primaryimage\"},\"thumbnailUrl\":\"https:\\\/\\\/imago-systems.com\\\/wp-content\\\/uploads\\\/2024\\\/10\\\/Panel-PC-PI-16-malowany-proszkowo.jpg\",\"datePublished\":\"2024-10-07T12:38:24+00:00\",\"dateModified\":\"2026-04-27T12:47:30+00:00\",\"description\":\"Przemys\u0142owy komputer panelowy PI-16 z 15,6\\\" ekranem LCD FULL HD. Gwarantuje odporno\u015b\u0107 na wod\u0119 i py\u0142, co zapewnia bezawaryjn\u0105 prac\u0119 w wymagaj\u0105cych warunkach.\",\"breadcrumb\":{\"@id\":\"https:\\\/\\\/imago-systems.com\\\/product\\\/komputer-panelowy-pi-16-stal-malowana-proszkowo\\\/#breadcrumb\"},\"inLanguage\":\"en-US\",\"potentialAction\":[{\"@type\":\"ReadAction\",\"target\":[\"https:\\\/\\\/imago-systems.com\\\/product\\\/komputer-panelowy-pi-16-stal-malowana-proszkowo\\\/\"]}]},{\"@type\":\"ImageObject\",\"inLanguage\":\"en-US\",\"@id\":\"https:\\\/\\\/imago-systems.com\\\/product\\\/komputer-panelowy-pi-16-stal-malowana-proszkowo\\\/#primaryimage\",\"url\":\"https:\\\/\\\/imago-systems.com\\\/wp-content\\\/uploads\\\/2024\\\/10\\\/Panel-PC-PI-16-malowany-proszkowo.jpg\",\"contentUrl\":\"https:\\\/\\\/imago-systems.com\\\/wp-content\\\/uploads\\\/2024\\\/10\\\/Panel-PC-PI-16-malowany-proszkowo.jpg\",\"width\":600,\"height\":600,\"caption\":\"przemys\u0142owy komputer panelowy PI 16 malowany proszkowo, Uszczelnione porty I\\\/O dost\u0119pne opcjonalnie.\"},{\"@type\":\"BreadcrumbList\",\"@id\":\"https:\\\/\\\/imago-systems.com\\\/product\\\/komputer-panelowy-pi-16-stal-malowana-proszkowo\\\/#breadcrumb\",\"itemListElement\":[{\"@type\":\"ListItem\",\"position\":1,\"name\":\"Home\",\"item\":\"https:\\\/\\\/imago-systems.com\\\/\"},{\"@type\":\"ListItem\",\"position\":2,\"name\":\"Shop\",\"item\":\"https:\\\/\\\/imago-systems.com\\\/shop\\\/\"},{\"@type\":\"ListItem\",\"position\":3,\"name\":\"Komputery panelowe\",\"item\":\"https:\\\/\\\/imago-systems.com\\\/product-category\\\/komputery-panelowe\\\/\"},{\"@type\":\"ListItem\",\"position\":4,\"name\":\"Komputer panelowy PI-16 stal malowana proszkowo \\\/ 15,6&#8243; FHD\"}]},{\"@type\":\"WebSite\",\"@id\":\"https:\\\/\\\/imago-systems.com\\\/#website\",\"url\":\"https:\\\/\\\/imago-systems.com\\\/\",\"name\":\"IMAGO systems\",\"description\":\"Nowoczesne rozwi\u0105zania dla przemys\u0142u i handlu detalicznego.\",\"publisher\":{\"@id\":\"https:\\\/\\\/imago-systems.com\\\/#organization\"},\"alternateName\":\"IMAGO\",\"potentialAction\":[{\"@type\":\"SearchAction\",\"target\":{\"@type\":\"EntryPoint\",\"urlTemplate\":\"https:\\\/\\\/imago-systems.com\\\/?s={search_term_string}\"},\"query-input\":{\"@type\":\"PropertyValueSpecification\",\"valueRequired\":true,\"valueName\":\"search_term_string\"}}],\"inLanguage\":\"en-US\"},{\"@type\":\"Organization\",\"@id\":\"https:\\\/\\\/imago-systems.com\\\/#organization\",\"name\":\"IMAGO Poland sp. z o.o.\",\"alternateName\":\"IMAGO\",\"url\":\"https:\\\/\\\/imago-systems.com\\\/\",\"logo\":{\"@type\":\"ImageObject\",\"inLanguage\":\"en-US\",\"@id\":\"https:\\\/\\\/imago-systems.com\\\/#\\\/schema\\\/logo\\\/image\\\/\",\"url\":\"https:\\\/\\\/imago-systems.com\\\/wp-content\\\/uploads\\\/2024\\\/11\\\/cropped-cropped-cropped-IMAGO-LOGO-.jpg\",\"contentUrl\":\"https:\\\/\\\/imago-systems.com\\\/wp-content\\\/uploads\\\/2024\\\/11\\\/cropped-cropped-cropped-IMAGO-LOGO-.jpg\",\"width\":512,\"height\":512,\"caption\":\"IMAGO Poland sp. z o.o.\"},\"image\":{\"@id\":\"https:\\\/\\\/imago-systems.com\\\/#\\\/schema\\\/logo\\\/image\\\/\"},\"sameAs\":[\"https:\\\/\\\/www.linkedin.com\\\/company\\\/imago-poland\\\/\"]}]}<\/script>\n<!-- \/ Yoast SEO plugin. -->","yoast_head_json":{"title":"PI-16 industrial panel computer - IMAGO","description":"The PI-16 industrial panel computer features a 15.6&quot; FULL HD LCD screen. Guaranteed water and dust resistance, ensuring trouble-free operation in demanding conditions.","robots":{"index":"index","follow":"follow","max-snippet":"max-snippet:-1","max-image-preview":"max-image-preview:large","max-video-preview":"max-video-preview:-1"},"canonical":"https:\/\/imago-systems.com\/en\/product\/pi-16-panel-computer-powder-coated-steel\/","og_locale":"en_US","og_type":"article","og_title":"Komputer przemys\u0142owy panelowy PI-16 - IMAGO","og_description":"Przemys\u0142owy komputer panelowy PI-16 z 15,6\" ekranem LCD FULL HD. Gwarantuje odporno\u015b\u0107 na wod\u0119 i py\u0142, co zapewnia bezawaryjn\u0105 prac\u0119 w wymagaj\u0105cych warunkach.","og_url":"https:\/\/imago-systems.com\/en\/product\/pi-16-panel-computer-powder-coated-steel\/","og_site_name":"IMAGO","article_modified_time":"2026-04-27T12:47:30+00:00","og_image":[{"width":600,"height":600,"url":"https:\/\/imago-systems.com\/wp-content\/uploads\/2024\/10\/Panel-PC-PI-16-malowany-proszkowo.jpg","type":"image\/jpeg"}],"twitter_card":"summary_large_image","twitter_misc":{"Est. reading time":"2 minutes"},"schema":{"@context":"https:\/\/schema.org","@graph":[{"@type":"WebPage","@id":"https:\/\/imago-systems.com\/product\/komputer-panelowy-pi-16-stal-malowana-proszkowo\/","url":"https:\/\/imago-systems.com\/product\/komputer-panelowy-pi-16-stal-malowana-proszkowo\/","name":"PI-16 industrial panel computer - IMAGO","isPartOf":{"@id":"https:\/\/imago-systems.com\/#website"},"primaryImageOfPage":{"@id":"https:\/\/imago-systems.com\/product\/komputer-panelowy-pi-16-stal-malowana-proszkowo\/#primaryimage"},"image":{"@id":"https:\/\/imago-systems.com\/product\/komputer-panelowy-pi-16-stal-malowana-proszkowo\/#primaryimage"},"thumbnailUrl":"https:\/\/imago-systems.com\/wp-content\/uploads\/2024\/10\/Panel-PC-PI-16-malowany-proszkowo.jpg","datePublished":"2024-10-07T12:38:24+00:00","dateModified":"2026-04-27T12:47:30+00:00","description":"The PI-16 industrial panel computer features a 15.6&quot; FULL HD LCD screen. Guaranteed water and dust resistance, ensuring trouble-free operation in demanding conditions.","breadcrumb":{"@id":"https:\/\/imago-systems.com\/product\/komputer-panelowy-pi-16-stal-malowana-proszkowo\/#breadcrumb"},"inLanguage":"en-US","potentialAction":[{"@type":"ReadAction","target":["https:\/\/imago-systems.com\/product\/komputer-panelowy-pi-16-stal-malowana-proszkowo\/"]}]},{"@type":"ImageObject","inLanguage":"en-US","@id":"https:\/\/imago-systems.com\/product\/komputer-panelowy-pi-16-stal-malowana-proszkowo\/#primaryimage","url":"https:\/\/imago-systems.com\/wp-content\/uploads\/2024\/10\/Panel-PC-PI-16-malowany-proszkowo.jpg","contentUrl":"https:\/\/imago-systems.com\/wp-content\/uploads\/2024\/10\/Panel-PC-PI-16-malowany-proszkowo.jpg","width":600,"height":600,"caption":"przemys\u0142owy komputer panelowy PI 16 malowany proszkowo, Uszczelnione porty I\/O dost\u0119pne opcjonalnie."},{"@type":"BreadcrumbList","@id":"https:\/\/imago-systems.com\/product\/komputer-panelowy-pi-16-stal-malowana-proszkowo\/#breadcrumb","itemListElement":[{"@type":"ListItem","position":1,"name":"Home","item":"https:\/\/imago-systems.com\/"},{"@type":"ListItem","position":2,"name":"Shop","item":"https:\/\/imago-systems.com\/shop\/"},{"@type":"ListItem","position":3,"name":"Komputery panelowe","item":"https:\/\/imago-systems.com\/product-category\/komputery-panelowe\/"},{"@type":"ListItem","position":4,"name":"Komputer panelowy PI-16 stal malowana proszkowo \/ 15,6&#8243; FHD"}]},{"@type":"WebSite","@id":"https:\/\/imago-systems.com\/#website","url":"https:\/\/imago-systems.com\/","name":"IMAGO systems","description":"Modern solutions for industry and retail.","publisher":{"@id":"https:\/\/imago-systems.com\/#organization"},"alternateName":"IMAGO","potentialAction":[{"@type":"SearchAction","target":{"@type":"EntryPoint","urlTemplate":"https:\/\/imago-systems.com\/?s={search_term_string}"},"query-input":{"@type":"PropertyValueSpecification","valueRequired":true,"valueName":"search_term_string"}}],"inLanguage":"en-US"},{"@type":"Organization","@id":"https:\/\/imago-systems.com\/#organization","name":"IMAGO Poland sp. z o. o.","alternateName":"IMAGO","url":"https:\/\/imago-systems.com\/","logo":{"@type":"ImageObject","inLanguage":"en-US","@id":"https:\/\/imago-systems.com\/#\/schema\/logo\/image\/","url":"https:\/\/imago-systems.com\/wp-content\/uploads\/2024\/11\/cropped-cropped-cropped-IMAGO-LOGO-.jpg","contentUrl":"https:\/\/imago-systems.com\/wp-content\/uploads\/2024\/11\/cropped-cropped-cropped-IMAGO-LOGO-.jpg","width":512,"height":512,"caption":"IMAGO Poland sp. z o.o."},"image":{"@id":"https:\/\/imago-systems.com\/#\/schema\/logo\/image\/"},"sameAs":["https:\/\/www.linkedin.com\/company\/imago-poland\/"]}]}},"_links":{"self":[{"href":"https:\/\/imago-systems.com\/en\/wp-json\/wp\/v2\/product\/14473","targetHints":{"allow":["GET"]}}],"collection":[{"href":"https:\/\/imago-systems.com\/en\/wp-json\/wp\/v2\/product"}],"about":[{"href":"https:\/\/imago-systems.com\/en\/wp-json\/wp\/v2\/types\/product"}],"replies":[{"embeddable":true,"href":"https:\/\/imago-systems.com\/en\/wp-json\/wp\/v2\/comments?post=14473"}],"wp:featuredmedia":[{"embeddable":true,"href":"https:\/\/imago-systems.com\/en\/wp-json\/wp\/v2\/media\/14555"}],"wp:attachment":[{"href":"https:\/\/imago-systems.com\/en\/wp-json\/wp\/v2\/media?parent=14473"}],"wp:term":[{"taxonomy":"product_brand","embeddable":true,"href":"https:\/\/imago-systems.com\/en\/wp-json\/wp\/v2\/product_brand?post=14473"},{"taxonomy":"product_cat","embeddable":true,"href":"https:\/\/imago-systems.com\/en\/wp-json\/wp\/v2\/product_cat?post=14473"},{"taxonomy":"product_tag","embeddable":true,"href":"https:\/\/imago-systems.com\/en\/wp-json\/wp\/v2\/product_tag?post=14473"}],"curies":[{"name":"wp","href":"https:\/\/api.w.org\/{rel}","templated":true}]}}