{"id":1320,"date":"2024-08-21T13:50:03","date_gmt":"2024-08-21T10:50:03","guid":{"rendered":"http:\/\/imago-systems.com\/?post_type=product&#038;p=1320"},"modified":"2025-10-17T13:49:22","modified_gmt":"2025-10-17T12:49:22","slug":"imago-holder-for-zebra-barcode-reader","status":"publish","type":"product","link":"https:\/\/imago-systems.com\/en\/product\/imago-holder-for-zebra-barcode-reader\/","title":{"rendered":"IMAGO Zebra Barcode Reader Holder"},"content":{"rendered":"<h1 data-start=\"357\" data-end=\"404\"><strong data-start=\"361\" data-end=\"402\"><a href=\"https:\/\/imago-systems.com\/en\/product-category\/imago-tree\/uchwyty-na-czytniki-kodow-kreskowych\/\">Code reader holder<\/a> Zebra from Imago\u00a0<\/strong><\/h1>\n<p data-start=\"357\" data-end=\"404\">The IMAGO steel holder for Zebra readers is a practical and solid solution for positions where the scanner must have its permanent, safe place. Made of <strong>powder coated steel<\/strong>, withstands the rigors of everyday work - regardless of whether you install it in a shop, warehouse or production hall.<\/p>\n<p data-start=\"782\" data-end=\"1023\">The design holds the scanner stably and allows for quick placement of the device without the risk of falling. The handle reduces clutter at the workstation and makes it easier to access the reader, which directly translates into faster and more comfortable operation.<\/p>\n<h2 data-start=\"1030\" data-end=\"1053\"><strong data-start=\"1034\" data-end=\"1053\">Functional features:<\/strong><\/h2>\n<ul>\n<li data-start=\"1056\" data-end=\"1164\"><strong data-start=\"1056\" data-end=\"1093\">Compatibility with Zebra readers<\/strong> \u2013 fits the most popular handheld models, e.g. DS, LI series.<\/li>\n<li data-start=\"1167\" data-end=\"1298\"><strong data-start=\"1167\" data-end=\"1207\">Resistance to intensive use<\/strong> \u2013 steel construction and powder-coated finish ensure durability and ease of cleaning.<\/li>\n<li data-start=\"1301\" data-end=\"1390\"><strong data-start=\"1301\" data-end=\"1327\">Equipment Safety<\/strong> \u2013 the reader has its own place, it doesn\u2019t fall, it doesn\u2019t hit the tabletop.<\/li>\n<li data-start=\"1393\" data-end=\"1504\"><strong data-start=\"1393\" data-end=\"1417\">Order and ergonomics<\/strong> \u2013 the handle eliminates chaos on the counter or work table, streamlining everyday work.<\/li>\n<li data-start=\"1507\" data-end=\"1593\"><strong data-start=\"1507\" data-end=\"1524\">Mounting options<\/strong> \u2013 works as a standalone holder or as part of the IMAGO TREE system.<\/li>\n<\/ul>\n<h2 data-start=\"1600\" data-end=\"1627\"><strong data-start=\"1604\" data-end=\"1627\">Where does it work?<\/strong><\/h2>\n<ul>\n<li data-start=\"1630\" data-end=\"1675\">cash registers and POS in retail,<\/li>\n<li data-start=\"1678\" data-end=\"1724\">packaging and shipping stations,<\/li>\n<li data-start=\"1727\" data-end=\"1771\">assembly lines and quality control points,<\/li>\n<li data-start=\"1774\" data-end=\"1807\">logistics, warehouses, back office.<\/li>\n<\/ul>\n<h3>Choose <a href=\"https:\/\/imago-systems.com\/en\/product-category\/imago-tree\/uchwyty-na-czytniki-kodow-kreskowych\/\">barcode reader holder<\/a> perfectly matched to your device <a href=\"https:\/\/www.zebra.com\/pl\/pl.html\">Zebra Company<\/a>.<\/h3>","protected":false},"excerpt":{"rendered":"<p>IMAGO Zebra Barcode Reader Holder is the perfect solution for professional environments where efficiency and precision count. Its elegant design combines modern design with functionality, providing comfortable holding and stable mounting of the reader.<\/p>","protected":false},"featured_media":1985,"comment_status":"open","ping_status":"closed","template":"","meta":[],"product_brand":[],"product_cat":[185],"product_tag":[],"class_list":{"0":"post-1320","1":"product","2":"type-product","3":"status-publish","4":"has-post-thumbnail","6":"product_cat-uchwyty-na-czytniki-kodow-kreskowych","8":"first","9":"instock","10":"shipping-taxable","11":"product-type-simple"},"acf":[],"yoast_head":"<!-- This site is optimized with the Yoast SEO plugin v27.6 - https:\/\/yoast.com\/product\/yoast-seo-wordpress\/ -->\n<title>IMAGO Uchwyt na czytnik kod\u00f3w kreskowych Zebra - IMAGO<\/title>\n<meta name=\"description\" content=\"IMAGO Uchwyt na czytnik kod\u00f3w kreskowych Zebra to idealne rozwi\u0105zanie dla profesjonalnych \u015brodowisk, w kt\u00f3rych liczy si\u0119 efektywno\u015b\u0107 i precyzja.\" \/>\n<meta name=\"robots\" content=\"index, follow, max-snippet:-1, max-image-preview:large, max-video-preview:-1\" \/>\n<link rel=\"canonical\" href=\"https:\/\/imago-systems.com\/en\/product\/imago-holder-for-zebra-barcode-reader\/\" \/>\n<meta property=\"og:locale\" content=\"en_US\" \/>\n<meta property=\"og:type\" content=\"article\" \/>\n<meta property=\"og:title\" content=\"IMAGO Uchwyt na czytnik kod\u00f3w kreskowych Zebra - IMAGO\" \/>\n<meta property=\"og:description\" content=\"IMAGO Uchwyt na czytnik kod\u00f3w kreskowych Zebra to idealne rozwi\u0105zanie dla profesjonalnych \u015brodowisk, w kt\u00f3rych liczy si\u0119 efektywno\u015b\u0107 i precyzja.\" \/>\n<meta property=\"og:url\" content=\"https:\/\/imago-systems.com\/en\/product\/imago-holder-for-zebra-barcode-reader\/\" \/>\n<meta property=\"og:site_name\" content=\"IMAGO\" \/>\n<meta property=\"article:modified_time\" content=\"2025-10-17T12:49:22+00:00\" \/>\n<meta property=\"og:image\" content=\"https:\/\/imago-systems.com\/wp-content\/uploads\/2024\/08\/IMAGO-Uchwyt-dla-czytnika-kodow-kreskowych-Zebra.jpg\" \/>\n\t<meta property=\"og:image:width\" content=\"600\" \/>\n\t<meta property=\"og:image:height\" content=\"600\" \/>\n\t<meta property=\"og:image:type\" content=\"image\/jpeg\" \/>\n<meta name=\"twitter:card\" content=\"summary_large_image\" \/>\n<meta name=\"twitter:label1\" content=\"Est. reading time\" \/>\n\t<meta name=\"twitter:data1\" content=\"2 minutes\" \/>\n<script type=\"application\/ld+json\" class=\"yoast-schema-graph\">{\"@context\":\"https:\\\/\\\/schema.org\",\"@graph\":[{\"@type\":\"WebPage\",\"@id\":\"https:\\\/\\\/imago-systems.com\\\/product\\\/imago-uchwyt-na-czytnik-kodow-kreskowych-zebra\\\/\",\"url\":\"https:\\\/\\\/imago-systems.com\\\/product\\\/imago-uchwyt-na-czytnik-kodow-kreskowych-zebra\\\/\",\"name\":\"IMAGO Uchwyt na czytnik kod\u00f3w kreskowych Zebra - IMAGO\",\"isPartOf\":{\"@id\":\"https:\\\/\\\/imago-systems.com\\\/#website\"},\"primaryImageOfPage\":{\"@id\":\"https:\\\/\\\/imago-systems.com\\\/product\\\/imago-uchwyt-na-czytnik-kodow-kreskowych-zebra\\\/#primaryimage\"},\"image\":{\"@id\":\"https:\\\/\\\/imago-systems.com\\\/product\\\/imago-uchwyt-na-czytnik-kodow-kreskowych-zebra\\\/#primaryimage\"},\"thumbnailUrl\":\"https:\\\/\\\/imago-systems.com\\\/wp-content\\\/uploads\\\/2024\\\/08\\\/IMAGO-Uchwyt-dla-czytnika-kodow-kreskowych-Zebra.jpg\",\"datePublished\":\"2024-08-21T10:50:03+00:00\",\"dateModified\":\"2025-10-17T12:49:22+00:00\",\"description\":\"IMAGO Uchwyt na czytnik kod\u00f3w kreskowych Zebra to idealne rozwi\u0105zanie dla profesjonalnych \u015brodowisk, w kt\u00f3rych liczy si\u0119 efektywno\u015b\u0107 i precyzja.\",\"breadcrumb\":{\"@id\":\"https:\\\/\\\/imago-systems.com\\\/product\\\/imago-uchwyt-na-czytnik-kodow-kreskowych-zebra\\\/#breadcrumb\"},\"inLanguage\":\"en-US\",\"potentialAction\":[{\"@type\":\"ReadAction\",\"target\":[\"https:\\\/\\\/imago-systems.com\\\/product\\\/imago-uchwyt-na-czytnik-kodow-kreskowych-zebra\\\/\"]}]},{\"@type\":\"ImageObject\",\"inLanguage\":\"en-US\",\"@id\":\"https:\\\/\\\/imago-systems.com\\\/product\\\/imago-uchwyt-na-czytnik-kodow-kreskowych-zebra\\\/#primaryimage\",\"url\":\"https:\\\/\\\/imago-systems.com\\\/wp-content\\\/uploads\\\/2024\\\/08\\\/IMAGO-Uchwyt-dla-czytnika-kodow-kreskowych-Zebra.jpg\",\"contentUrl\":\"https:\\\/\\\/imago-systems.com\\\/wp-content\\\/uploads\\\/2024\\\/08\\\/IMAGO-Uchwyt-dla-czytnika-kodow-kreskowych-Zebra.jpg\",\"width\":600,\"height\":600,\"caption\":\"IMAGO Uchwyt dla czytnika kod\u00f3w kreskowych Zebra\"},{\"@type\":\"BreadcrumbList\",\"@id\":\"https:\\\/\\\/imago-systems.com\\\/product\\\/imago-uchwyt-na-czytnik-kodow-kreskowych-zebra\\\/#breadcrumb\",\"itemListElement\":[{\"@type\":\"ListItem\",\"position\":1,\"name\":\"Home\",\"item\":\"https:\\\/\\\/imago-systems.com\\\/\"},{\"@type\":\"ListItem\",\"position\":2,\"name\":\"Shop\",\"item\":\"https:\\\/\\\/imago-systems.com\\\/shop\\\/\"},{\"@type\":\"ListItem\",\"position\":3,\"name\":\"IMAGO Tree\",\"item\":\"https:\\\/\\\/imago-systems.com\\\/product-category\\\/imago-tree\\\/\"},{\"@type\":\"ListItem\",\"position\":4,\"name\":\"Uchwyty na czytniki kod\u00f3w kreskowych\",\"item\":\"https:\\\/\\\/imago-systems.com\\\/product-category\\\/imago-tree\\\/uchwyty-na-czytniki-kodow-kreskowych\\\/\"},{\"@type\":\"ListItem\",\"position\":5,\"name\":\"IMAGO Uchwyt na czytnik kod\u00f3w kreskowych Zebra\"}]},{\"@type\":\"WebSite\",\"@id\":\"https:\\\/\\\/imago-systems.com\\\/#website\",\"url\":\"https:\\\/\\\/imago-systems.com\\\/\",\"name\":\"IMAGO systems\",\"description\":\"Nowoczesne rozwi\u0105zania dla przemys\u0142u i handlu detalicznego.\",\"publisher\":{\"@id\":\"https:\\\/\\\/imago-systems.com\\\/#organization\"},\"alternateName\":\"IMAGO\",\"potentialAction\":[{\"@type\":\"SearchAction\",\"target\":{\"@type\":\"EntryPoint\",\"urlTemplate\":\"https:\\\/\\\/imago-systems.com\\\/?s={search_term_string}\"},\"query-input\":{\"@type\":\"PropertyValueSpecification\",\"valueRequired\":true,\"valueName\":\"search_term_string\"}}],\"inLanguage\":\"en-US\"},{\"@type\":\"Organization\",\"@id\":\"https:\\\/\\\/imago-systems.com\\\/#organization\",\"name\":\"IMAGO Poland sp. z o.o.\",\"alternateName\":\"IMAGO\",\"url\":\"https:\\\/\\\/imago-systems.com\\\/\",\"logo\":{\"@type\":\"ImageObject\",\"inLanguage\":\"en-US\",\"@id\":\"https:\\\/\\\/imago-systems.com\\\/#\\\/schema\\\/logo\\\/image\\\/\",\"url\":\"https:\\\/\\\/imago-systems.com\\\/wp-content\\\/uploads\\\/2024\\\/11\\\/cropped-cropped-cropped-IMAGO-LOGO-.jpg\",\"contentUrl\":\"https:\\\/\\\/imago-systems.com\\\/wp-content\\\/uploads\\\/2024\\\/11\\\/cropped-cropped-cropped-IMAGO-LOGO-.jpg\",\"width\":512,\"height\":512,\"caption\":\"IMAGO Poland sp. z o.o.\"},\"image\":{\"@id\":\"https:\\\/\\\/imago-systems.com\\\/#\\\/schema\\\/logo\\\/image\\\/\"},\"sameAs\":[\"https:\\\/\\\/www.linkedin.com\\\/company\\\/imago-poland\\\/\"]}]}<\/script>\n<!-- \/ Yoast SEO plugin. -->","yoast_head_json":{"title":"IMAGO Zebra Barcode Reader Holder - IMAGO","description":"The IMAGO Zebra barcode reader holder is the perfect solution for professional environments where efficiency and precision count.","robots":{"index":"index","follow":"follow","max-snippet":"max-snippet:-1","max-image-preview":"max-image-preview:large","max-video-preview":"max-video-preview:-1"},"canonical":"https:\/\/imago-systems.com\/en\/product\/imago-holder-for-zebra-barcode-reader\/","og_locale":"en_US","og_type":"article","og_title":"IMAGO Uchwyt na czytnik kod\u00f3w kreskowych Zebra - IMAGO","og_description":"IMAGO Uchwyt na czytnik kod\u00f3w kreskowych Zebra to idealne rozwi\u0105zanie dla profesjonalnych \u015brodowisk, w kt\u00f3rych liczy si\u0119 efektywno\u015b\u0107 i precyzja.","og_url":"https:\/\/imago-systems.com\/en\/product\/imago-holder-for-zebra-barcode-reader\/","og_site_name":"IMAGO","article_modified_time":"2025-10-17T12:49:22+00:00","og_image":[{"width":600,"height":600,"url":"https:\/\/imago-systems.com\/wp-content\/uploads\/2024\/08\/IMAGO-Uchwyt-dla-czytnika-kodow-kreskowych-Zebra.jpg","type":"image\/jpeg"}],"twitter_card":"summary_large_image","twitter_misc":{"Est. reading time":"2 minutes"},"schema":{"@context":"https:\/\/schema.org","@graph":[{"@type":"WebPage","@id":"https:\/\/imago-systems.com\/product\/imago-uchwyt-na-czytnik-kodow-kreskowych-zebra\/","url":"https:\/\/imago-systems.com\/product\/imago-uchwyt-na-czytnik-kodow-kreskowych-zebra\/","name":"IMAGO Zebra Barcode Reader Holder - IMAGO","isPartOf":{"@id":"https:\/\/imago-systems.com\/#website"},"primaryImageOfPage":{"@id":"https:\/\/imago-systems.com\/product\/imago-uchwyt-na-czytnik-kodow-kreskowych-zebra\/#primaryimage"},"image":{"@id":"https:\/\/imago-systems.com\/product\/imago-uchwyt-na-czytnik-kodow-kreskowych-zebra\/#primaryimage"},"thumbnailUrl":"https:\/\/imago-systems.com\/wp-content\/uploads\/2024\/08\/IMAGO-Uchwyt-dla-czytnika-kodow-kreskowych-Zebra.jpg","datePublished":"2024-08-21T10:50:03+00:00","dateModified":"2025-10-17T12:49:22+00:00","description":"The IMAGO Zebra barcode reader holder is the perfect solution for professional environments where efficiency and precision count.","breadcrumb":{"@id":"https:\/\/imago-systems.com\/product\/imago-uchwyt-na-czytnik-kodow-kreskowych-zebra\/#breadcrumb"},"inLanguage":"en-US","potentialAction":[{"@type":"ReadAction","target":["https:\/\/imago-systems.com\/product\/imago-uchwyt-na-czytnik-kodow-kreskowych-zebra\/"]}]},{"@type":"ImageObject","inLanguage":"en-US","@id":"https:\/\/imago-systems.com\/product\/imago-uchwyt-na-czytnik-kodow-kreskowych-zebra\/#primaryimage","url":"https:\/\/imago-systems.com\/wp-content\/uploads\/2024\/08\/IMAGO-Uchwyt-dla-czytnika-kodow-kreskowych-Zebra.jpg","contentUrl":"https:\/\/imago-systems.com\/wp-content\/uploads\/2024\/08\/IMAGO-Uchwyt-dla-czytnika-kodow-kreskowych-Zebra.jpg","width":600,"height":600,"caption":"IMAGO Uchwyt dla czytnika kod\u00f3w kreskowych Zebra"},{"@type":"BreadcrumbList","@id":"https:\/\/imago-systems.com\/product\/imago-uchwyt-na-czytnik-kodow-kreskowych-zebra\/#breadcrumb","itemListElement":[{"@type":"ListItem","position":1,"name":"Home","item":"https:\/\/imago-systems.com\/"},{"@type":"ListItem","position":2,"name":"Shop","item":"https:\/\/imago-systems.com\/shop\/"},{"@type":"ListItem","position":3,"name":"IMAGO Tree","item":"https:\/\/imago-systems.com\/product-category\/imago-tree\/"},{"@type":"ListItem","position":4,"name":"Uchwyty na czytniki kod\u00f3w kreskowych","item":"https:\/\/imago-systems.com\/product-category\/imago-tree\/uchwyty-na-czytniki-kodow-kreskowych\/"},{"@type":"ListItem","position":5,"name":"IMAGO Uchwyt na czytnik kod\u00f3w kreskowych Zebra"}]},{"@type":"WebSite","@id":"https:\/\/imago-systems.com\/#website","url":"https:\/\/imago-systems.com\/","name":"IMAGO systems","description":"Modern solutions for industry and retail.","publisher":{"@id":"https:\/\/imago-systems.com\/#organization"},"alternateName":"IMAGO","potentialAction":[{"@type":"SearchAction","target":{"@type":"EntryPoint","urlTemplate":"https:\/\/imago-systems.com\/?s={search_term_string}"},"query-input":{"@type":"PropertyValueSpecification","valueRequired":true,"valueName":"search_term_string"}}],"inLanguage":"en-US"},{"@type":"Organization","@id":"https:\/\/imago-systems.com\/#organization","name":"IMAGO Poland sp. z o. o.","alternateName":"IMAGO","url":"https:\/\/imago-systems.com\/","logo":{"@type":"ImageObject","inLanguage":"en-US","@id":"https:\/\/imago-systems.com\/#\/schema\/logo\/image\/","url":"https:\/\/imago-systems.com\/wp-content\/uploads\/2024\/11\/cropped-cropped-cropped-IMAGO-LOGO-.jpg","contentUrl":"https:\/\/imago-systems.com\/wp-content\/uploads\/2024\/11\/cropped-cropped-cropped-IMAGO-LOGO-.jpg","width":512,"height":512,"caption":"IMAGO Poland sp. z o.o."},"image":{"@id":"https:\/\/imago-systems.com\/#\/schema\/logo\/image\/"},"sameAs":["https:\/\/www.linkedin.com\/company\/imago-poland\/"]}]}},"_links":{"self":[{"href":"https:\/\/imago-systems.com\/en\/wp-json\/wp\/v2\/product\/1320","targetHints":{"allow":["GET"]}}],"collection":[{"href":"https:\/\/imago-systems.com\/en\/wp-json\/wp\/v2\/product"}],"about":[{"href":"https:\/\/imago-systems.com\/en\/wp-json\/wp\/v2\/types\/product"}],"replies":[{"embeddable":true,"href":"https:\/\/imago-systems.com\/en\/wp-json\/wp\/v2\/comments?post=1320"}],"wp:featuredmedia":[{"embeddable":true,"href":"https:\/\/imago-systems.com\/en\/wp-json\/wp\/v2\/media\/1985"}],"wp:attachment":[{"href":"https:\/\/imago-systems.com\/en\/wp-json\/wp\/v2\/media?parent=1320"}],"wp:term":[{"taxonomy":"product_brand","embeddable":true,"href":"https:\/\/imago-systems.com\/en\/wp-json\/wp\/v2\/product_brand?post=1320"},{"taxonomy":"product_cat","embeddable":true,"href":"https:\/\/imago-systems.com\/en\/wp-json\/wp\/v2\/product_cat?post=1320"},{"taxonomy":"product_tag","embeddable":true,"href":"https:\/\/imago-systems.com\/en\/wp-json\/wp\/v2\/product_tag?post=1320"}],"curies":[{"name":"wp","href":"https:\/\/api.w.org\/{rel}","templated":true}]}}