{"id":1319,"date":"2024-08-21T13:37:12","date_gmt":"2024-08-21T10:37:12","guid":{"rendered":"http:\/\/imago-systems.com\/?post_type=product&#038;p=1319"},"modified":"2025-10-17T13:49:32","modified_gmt":"2025-10-17T12:49:32","slug":"imago-uchwyt-na-czytnik-kodow-kreskowych-obrotowy-dla-sr-45-mm","status":"publish","type":"product","link":"https:\/\/imago-systems.com\/en\/product\/imago-uchwyt-na-czytnik-kodow-kreskowych-obrotowy-dla-sr-45-mm\/","title":{"rendered":"IMAGO Barcode Reader Holder Rotatable for Diameter 45mm"},"content":{"rendered":"<h1>IMAGO \u2013 <a href=\"https:\/\/imago-systems.com\/en\/product-category\/imago-tree\/uchwyty-na-czytniki-kodow-kreskowych\/\">barcode reader holder<\/a> | \u00d8 45 mm, rotatable<\/h1>\n<p>The IMAGO bracket is a practical and flexible solution for mounting a barcode reader on the IMAGO TREE system base post. The bracket allows for full <strong>360\u00b0 rotation around the column axis<\/strong>, which allows you to quickly and conveniently change the position of the reader relative to the operator or the environment, without having to dismantle or move the entire structure.<\/p>\n<p>The 45 mm diameter of the holder makes it compatible with most popular handheld scanners available on the market. Made of powder-coated steel, the holder guarantees durability, stability and resistance to mechanical damage and cleaning agents.<\/p>\n<h2 data-start=\"1073\" data-end=\"1097\"><strong data-start=\"1077\" data-end=\"1097\">Key benefits:<\/strong><\/h2>\n<ul>\n<li data-start=\"1100\" data-end=\"1195\"><strong>Full 360\u00b0 rotation around the post<\/strong> \u2013 maximum freedom of positioning and easy access to the reader.<\/li>\n<li data-start=\"1198\" data-end=\"1293\"><strong>Universal size (\u00d8 45 mm) <\/strong>\u2013 fits most handheld barcode readers.<\/li>\n<li data-start=\"1296\" data-end=\"1419\"><strong>Solid steel construction with powder coating<\/strong> \u2013 resistant to intensive use and easy to keep clean.<\/li>\n<li data-start=\"1422\" data-end=\"1501\"><strong>Secure attachment to the IMAGO TREE system<\/strong> \u2013 stable and safe, without any play.<\/li>\n<li data-start=\"1504\" data-end=\"1591\"><strong>Work ergonomics <\/strong>\u2013 facilitates the operation of the station and shortens the time needed for scanning.<\/li>\n<\/ul>\n<p>&nbsp;<\/p>\n<h3>Choose yours <a href=\"https:\/\/imago-systems.com\/en\/product-category\/imago-tree\/uchwyty-na-czytniki-kodow-kreskowych\/\">barcode reader holder<\/a> from the IMAGO offer or contact us and we will adapt them exactly to your needs.<\/h3>","protected":false},"excerpt":{"rendered":"<p>IMAGO Barcode Reader Holder for 45mm Diameter is a practical solution that provides stable and convenient mounting of the device. Thanks to its solid construction, the holder allows easy holding and precise scanning of codes, increasing work efficiency in various environments, such as shops, warehouses or distribution centers.<\/p>","protected":false},"featured_media":1769,"comment_status":"open","ping_status":"closed","template":"","meta":[],"product_brand":[],"product_cat":[185],"product_tag":[175],"class_list":{"0":"post-1319","1":"product","2":"type-product","3":"status-publish","4":"has-post-thumbnail","6":"product_cat-uchwyty-na-czytniki-kodow-kreskowych","7":"product_tag-175","9":"first","10":"instock","11":"shipping-taxable","12":"product-type-simple"},"acf":[],"yoast_head":"<!-- This site is optimized with the Yoast SEO plugin v27.6 - https:\/\/yoast.com\/product\/yoast-seo-wordpress\/ -->\n<title>IMAGO Uchwyt dla czytnika kod\u00f3w kreskowych dla \u015br. 45 mm.<\/title>\n<meta name=\"description\" content=\"IMAGO Uchwyt dla czytnika kod\u00f3w kreskowych dla \u015brednicy 45 mm to praktyczne rozwi\u0105zanie, kt\u00f3re zapewnia stabilne i wygodne mocowanie urz\u0105dzenia.\" \/>\n<meta name=\"robots\" content=\"index, follow, max-snippet:-1, max-image-preview:large, max-video-preview:-1\" \/>\n<link rel=\"canonical\" href=\"https:\/\/imago-systems.com\/en\/product\/imago-uchwyt-na-czytnik-kodow-kreskowych-obrotowy-dla-sr-45-mm\/\" \/>\n<meta property=\"og:locale\" content=\"en_US\" \/>\n<meta property=\"og:type\" content=\"article\" \/>\n<meta property=\"og:title\" content=\"IMAGO Uchwyt dla czytnika kod\u00f3w kreskowych dla \u015br. 45 mm.\" \/>\n<meta property=\"og:description\" content=\"IMAGO Uchwyt dla czytnika kod\u00f3w kreskowych dla \u015brednicy 45 mm to praktyczne rozwi\u0105zanie, kt\u00f3re zapewnia stabilne i wygodne mocowanie urz\u0105dzenia.\" \/>\n<meta property=\"og:url\" content=\"https:\/\/imago-systems.com\/en\/product\/imago-uchwyt-na-czytnik-kodow-kreskowych-obrotowy-dla-sr-45-mm\/\" \/>\n<meta property=\"og:site_name\" content=\"IMAGO\" \/>\n<meta property=\"article:modified_time\" content=\"2025-10-17T12:49:32+00:00\" \/>\n<meta property=\"og:image\" content=\"https:\/\/imago-systems.com\/wp-content\/uploads\/2024\/08\/IMAGO-Uchwyt-dla-czytnika-kodow-kreskowych-wariant-2-dla-sr.-45-mm.jpg\" \/>\n\t<meta property=\"og:image:width\" content=\"600\" \/>\n\t<meta property=\"og:image:height\" content=\"600\" \/>\n\t<meta property=\"og:image:type\" content=\"image\/jpeg\" \/>\n<meta name=\"twitter:card\" content=\"summary_large_image\" \/>\n<meta name=\"twitter:label1\" content=\"Est. reading time\" \/>\n\t<meta name=\"twitter:data1\" content=\"2 minutes\" \/>\n<script type=\"application\/ld+json\" class=\"yoast-schema-graph\">{\"@context\":\"https:\\\/\\\/schema.org\",\"@graph\":[{\"@type\":\"WebPage\",\"@id\":\"https:\\\/\\\/imago-systems.com\\\/product\\\/imago-uchwyt-na-czytnik-kodow-kreskowych-obrotowy-dla-sr-45-mm\\\/\",\"url\":\"https:\\\/\\\/imago-systems.com\\\/product\\\/imago-uchwyt-na-czytnik-kodow-kreskowych-obrotowy-dla-sr-45-mm\\\/\",\"name\":\"IMAGO Uchwyt dla czytnika kod\u00f3w kreskowych dla \u015br. 45 mm.\",\"isPartOf\":{\"@id\":\"https:\\\/\\\/imago-systems.com\\\/#website\"},\"primaryImageOfPage\":{\"@id\":\"https:\\\/\\\/imago-systems.com\\\/product\\\/imago-uchwyt-na-czytnik-kodow-kreskowych-obrotowy-dla-sr-45-mm\\\/#primaryimage\"},\"image\":{\"@id\":\"https:\\\/\\\/imago-systems.com\\\/product\\\/imago-uchwyt-na-czytnik-kodow-kreskowych-obrotowy-dla-sr-45-mm\\\/#primaryimage\"},\"thumbnailUrl\":\"https:\\\/\\\/imago-systems.com\\\/wp-content\\\/uploads\\\/2024\\\/08\\\/IMAGO-Uchwyt-dla-czytnika-kodow-kreskowych-wariant-2-dla-sr.-45-mm.jpg\",\"datePublished\":\"2024-08-21T10:37:12+00:00\",\"dateModified\":\"2025-10-17T12:49:32+00:00\",\"description\":\"IMAGO Uchwyt dla czytnika kod\u00f3w kreskowych dla \u015brednicy 45 mm to praktyczne rozwi\u0105zanie, kt\u00f3re zapewnia stabilne i wygodne mocowanie urz\u0105dzenia.\",\"breadcrumb\":{\"@id\":\"https:\\\/\\\/imago-systems.com\\\/product\\\/imago-uchwyt-na-czytnik-kodow-kreskowych-obrotowy-dla-sr-45-mm\\\/#breadcrumb\"},\"inLanguage\":\"en-US\",\"potentialAction\":[{\"@type\":\"ReadAction\",\"target\":[\"https:\\\/\\\/imago-systems.com\\\/product\\\/imago-uchwyt-na-czytnik-kodow-kreskowych-obrotowy-dla-sr-45-mm\\\/\"]}]},{\"@type\":\"ImageObject\",\"inLanguage\":\"en-US\",\"@id\":\"https:\\\/\\\/imago-systems.com\\\/product\\\/imago-uchwyt-na-czytnik-kodow-kreskowych-obrotowy-dla-sr-45-mm\\\/#primaryimage\",\"url\":\"https:\\\/\\\/imago-systems.com\\\/wp-content\\\/uploads\\\/2024\\\/08\\\/IMAGO-Uchwyt-dla-czytnika-kodow-kreskowych-wariant-2-dla-sr.-45-mm.jpg\",\"contentUrl\":\"https:\\\/\\\/imago-systems.com\\\/wp-content\\\/uploads\\\/2024\\\/08\\\/IMAGO-Uchwyt-dla-czytnika-kodow-kreskowych-wariant-2-dla-sr.-45-mm.jpg\",\"width\":600,\"height\":600,\"caption\":\"Uchwyt dla czytnika kod\u00f3w kreskowych wariant 2 dla \u015brednicy 45 mm\"},{\"@type\":\"BreadcrumbList\",\"@id\":\"https:\\\/\\\/imago-systems.com\\\/product\\\/imago-uchwyt-na-czytnik-kodow-kreskowych-obrotowy-dla-sr-45-mm\\\/#breadcrumb\",\"itemListElement\":[{\"@type\":\"ListItem\",\"position\":1,\"name\":\"Home\",\"item\":\"https:\\\/\\\/imago-systems.com\\\/\"},{\"@type\":\"ListItem\",\"position\":2,\"name\":\"Shop\",\"item\":\"https:\\\/\\\/imago-systems.com\\\/shop\\\/\"},{\"@type\":\"ListItem\",\"position\":3,\"name\":\"IMAGO Tree\",\"item\":\"https:\\\/\\\/imago-systems.com\\\/product-category\\\/imago-tree\\\/\"},{\"@type\":\"ListItem\",\"position\":4,\"name\":\"Uchwyty na czytniki kod\u00f3w kreskowych\",\"item\":\"https:\\\/\\\/imago-systems.com\\\/product-category\\\/imago-tree\\\/uchwyty-na-czytniki-kodow-kreskowych\\\/\"},{\"@type\":\"ListItem\",\"position\":5,\"name\":\"IMAGO Uchwyt na czytnik kod\u00f3w kreskowych obrotowy dla \u015br. 45 mm\"}]},{\"@type\":\"WebSite\",\"@id\":\"https:\\\/\\\/imago-systems.com\\\/#website\",\"url\":\"https:\\\/\\\/imago-systems.com\\\/\",\"name\":\"IMAGO systems\",\"description\":\"Nowoczesne rozwi\u0105zania dla przemys\u0142u i handlu detalicznego.\",\"publisher\":{\"@id\":\"https:\\\/\\\/imago-systems.com\\\/#organization\"},\"alternateName\":\"IMAGO\",\"potentialAction\":[{\"@type\":\"SearchAction\",\"target\":{\"@type\":\"EntryPoint\",\"urlTemplate\":\"https:\\\/\\\/imago-systems.com\\\/?s={search_term_string}\"},\"query-input\":{\"@type\":\"PropertyValueSpecification\",\"valueRequired\":true,\"valueName\":\"search_term_string\"}}],\"inLanguage\":\"en-US\"},{\"@type\":\"Organization\",\"@id\":\"https:\\\/\\\/imago-systems.com\\\/#organization\",\"name\":\"IMAGO Poland sp. z o.o.\",\"alternateName\":\"IMAGO\",\"url\":\"https:\\\/\\\/imago-systems.com\\\/\",\"logo\":{\"@type\":\"ImageObject\",\"inLanguage\":\"en-US\",\"@id\":\"https:\\\/\\\/imago-systems.com\\\/#\\\/schema\\\/logo\\\/image\\\/\",\"url\":\"https:\\\/\\\/imago-systems.com\\\/wp-content\\\/uploads\\\/2024\\\/11\\\/cropped-cropped-cropped-IMAGO-LOGO-.jpg\",\"contentUrl\":\"https:\\\/\\\/imago-systems.com\\\/wp-content\\\/uploads\\\/2024\\\/11\\\/cropped-cropped-cropped-IMAGO-LOGO-.jpg\",\"width\":512,\"height\":512,\"caption\":\"IMAGO Poland sp. z o.o.\"},\"image\":{\"@id\":\"https:\\\/\\\/imago-systems.com\\\/#\\\/schema\\\/logo\\\/image\\\/\"},\"sameAs\":[\"https:\\\/\\\/www.linkedin.com\\\/company\\\/imago-poland\\\/\"]}]}<\/script>\n<!-- \/ Yoast SEO plugin. -->","yoast_head_json":{"title":"IMAGO Barcode reader holder for diameter 45 mm.","description":"IMAGO Barcode Reader Holder for 45 mm Diameter is a practical solution that ensures stable and comfortable mounting of the device.","robots":{"index":"index","follow":"follow","max-snippet":"max-snippet:-1","max-image-preview":"max-image-preview:large","max-video-preview":"max-video-preview:-1"},"canonical":"https:\/\/imago-systems.com\/en\/product\/imago-uchwyt-na-czytnik-kodow-kreskowych-obrotowy-dla-sr-45-mm\/","og_locale":"en_US","og_type":"article","og_title":"IMAGO Uchwyt dla czytnika kod\u00f3w kreskowych dla \u015br. 45 mm.","og_description":"IMAGO Uchwyt dla czytnika kod\u00f3w kreskowych dla \u015brednicy 45 mm to praktyczne rozwi\u0105zanie, kt\u00f3re zapewnia stabilne i wygodne mocowanie urz\u0105dzenia.","og_url":"https:\/\/imago-systems.com\/en\/product\/imago-uchwyt-na-czytnik-kodow-kreskowych-obrotowy-dla-sr-45-mm\/","og_site_name":"IMAGO","article_modified_time":"2025-10-17T12:49:32+00:00","og_image":[{"width":600,"height":600,"url":"https:\/\/imago-systems.com\/wp-content\/uploads\/2024\/08\/IMAGO-Uchwyt-dla-czytnika-kodow-kreskowych-wariant-2-dla-sr.-45-mm.jpg","type":"image\/jpeg"}],"twitter_card":"summary_large_image","twitter_misc":{"Est. reading time":"2 minutes"},"schema":{"@context":"https:\/\/schema.org","@graph":[{"@type":"WebPage","@id":"https:\/\/imago-systems.com\/product\/imago-uchwyt-na-czytnik-kodow-kreskowych-obrotowy-dla-sr-45-mm\/","url":"https:\/\/imago-systems.com\/product\/imago-uchwyt-na-czytnik-kodow-kreskowych-obrotowy-dla-sr-45-mm\/","name":"IMAGO Barcode reader holder for diameter 45 mm.","isPartOf":{"@id":"https:\/\/imago-systems.com\/#website"},"primaryImageOfPage":{"@id":"https:\/\/imago-systems.com\/product\/imago-uchwyt-na-czytnik-kodow-kreskowych-obrotowy-dla-sr-45-mm\/#primaryimage"},"image":{"@id":"https:\/\/imago-systems.com\/product\/imago-uchwyt-na-czytnik-kodow-kreskowych-obrotowy-dla-sr-45-mm\/#primaryimage"},"thumbnailUrl":"https:\/\/imago-systems.com\/wp-content\/uploads\/2024\/08\/IMAGO-Uchwyt-dla-czytnika-kodow-kreskowych-wariant-2-dla-sr.-45-mm.jpg","datePublished":"2024-08-21T10:37:12+00:00","dateModified":"2025-10-17T12:49:32+00:00","description":"IMAGO Barcode Reader Holder for 45 mm Diameter is a practical solution that ensures stable and comfortable mounting of the device.","breadcrumb":{"@id":"https:\/\/imago-systems.com\/product\/imago-uchwyt-na-czytnik-kodow-kreskowych-obrotowy-dla-sr-45-mm\/#breadcrumb"},"inLanguage":"en-US","potentialAction":[{"@type":"ReadAction","target":["https:\/\/imago-systems.com\/product\/imago-uchwyt-na-czytnik-kodow-kreskowych-obrotowy-dla-sr-45-mm\/"]}]},{"@type":"ImageObject","inLanguage":"en-US","@id":"https:\/\/imago-systems.com\/product\/imago-uchwyt-na-czytnik-kodow-kreskowych-obrotowy-dla-sr-45-mm\/#primaryimage","url":"https:\/\/imago-systems.com\/wp-content\/uploads\/2024\/08\/IMAGO-Uchwyt-dla-czytnika-kodow-kreskowych-wariant-2-dla-sr.-45-mm.jpg","contentUrl":"https:\/\/imago-systems.com\/wp-content\/uploads\/2024\/08\/IMAGO-Uchwyt-dla-czytnika-kodow-kreskowych-wariant-2-dla-sr.-45-mm.jpg","width":600,"height":600,"caption":"Uchwyt dla czytnika kod\u00f3w kreskowych wariant 2 dla \u015brednicy 45 mm"},{"@type":"BreadcrumbList","@id":"https:\/\/imago-systems.com\/product\/imago-uchwyt-na-czytnik-kodow-kreskowych-obrotowy-dla-sr-45-mm\/#breadcrumb","itemListElement":[{"@type":"ListItem","position":1,"name":"Home","item":"https:\/\/imago-systems.com\/"},{"@type":"ListItem","position":2,"name":"Shop","item":"https:\/\/imago-systems.com\/shop\/"},{"@type":"ListItem","position":3,"name":"IMAGO Tree","item":"https:\/\/imago-systems.com\/product-category\/imago-tree\/"},{"@type":"ListItem","position":4,"name":"Uchwyty na czytniki kod\u00f3w kreskowych","item":"https:\/\/imago-systems.com\/product-category\/imago-tree\/uchwyty-na-czytniki-kodow-kreskowych\/"},{"@type":"ListItem","position":5,"name":"IMAGO Uchwyt na czytnik kod\u00f3w kreskowych obrotowy dla \u015br. 45 mm"}]},{"@type":"WebSite","@id":"https:\/\/imago-systems.com\/#website","url":"https:\/\/imago-systems.com\/","name":"IMAGO systems","description":"Modern solutions for industry and retail.","publisher":{"@id":"https:\/\/imago-systems.com\/#organization"},"alternateName":"IMAGO","potentialAction":[{"@type":"SearchAction","target":{"@type":"EntryPoint","urlTemplate":"https:\/\/imago-systems.com\/?s={search_term_string}"},"query-input":{"@type":"PropertyValueSpecification","valueRequired":true,"valueName":"search_term_string"}}],"inLanguage":"en-US"},{"@type":"Organization","@id":"https:\/\/imago-systems.com\/#organization","name":"IMAGO Poland sp. z o. o.","alternateName":"IMAGO","url":"https:\/\/imago-systems.com\/","logo":{"@type":"ImageObject","inLanguage":"en-US","@id":"https:\/\/imago-systems.com\/#\/schema\/logo\/image\/","url":"https:\/\/imago-systems.com\/wp-content\/uploads\/2024\/11\/cropped-cropped-cropped-IMAGO-LOGO-.jpg","contentUrl":"https:\/\/imago-systems.com\/wp-content\/uploads\/2024\/11\/cropped-cropped-cropped-IMAGO-LOGO-.jpg","width":512,"height":512,"caption":"IMAGO Poland sp. z o.o."},"image":{"@id":"https:\/\/imago-systems.com\/#\/schema\/logo\/image\/"},"sameAs":["https:\/\/www.linkedin.com\/company\/imago-poland\/"]}]}},"_links":{"self":[{"href":"https:\/\/imago-systems.com\/en\/wp-json\/wp\/v2\/product\/1319","targetHints":{"allow":["GET"]}}],"collection":[{"href":"https:\/\/imago-systems.com\/en\/wp-json\/wp\/v2\/product"}],"about":[{"href":"https:\/\/imago-systems.com\/en\/wp-json\/wp\/v2\/types\/product"}],"replies":[{"embeddable":true,"href":"https:\/\/imago-systems.com\/en\/wp-json\/wp\/v2\/comments?post=1319"}],"wp:featuredmedia":[{"embeddable":true,"href":"https:\/\/imago-systems.com\/en\/wp-json\/wp\/v2\/media\/1769"}],"wp:attachment":[{"href":"https:\/\/imago-systems.com\/en\/wp-json\/wp\/v2\/media?parent=1319"}],"wp:term":[{"taxonomy":"product_brand","embeddable":true,"href":"https:\/\/imago-systems.com\/en\/wp-json\/wp\/v2\/product_brand?post=1319"},{"taxonomy":"product_cat","embeddable":true,"href":"https:\/\/imago-systems.com\/en\/wp-json\/wp\/v2\/product_cat?post=1319"},{"taxonomy":"product_tag","embeddable":true,"href":"https:\/\/imago-systems.com\/en\/wp-json\/wp\/v2\/product_tag?post=1319"}],"curies":[{"name":"wp","href":"https:\/\/api.w.org\/{rel}","templated":true}]}}