{"id":1316,"date":"2024-08-21T13:29:20","date_gmt":"2024-08-21T10:29:20","guid":{"rendered":"http:\/\/imago-systems.com\/?post_type=product&#038;p=1316"},"modified":"2026-03-19T14:53:16","modified_gmt":"2026-03-19T13:53:16","slug":"imago-tacka-na-monety-ze-szklanym-wypelnieniem-150-mm-dla-sr-38-mm","status":"publish","type":"product","link":"https:\/\/imago-systems.com\/en\/product\/imago-tacka-na-monety-ze-szklanym-wypelnieniem-150-mm-dla-sr-38-mm\/","title":{"rendered":"IMAGO Coin tray with glass filling 150 mm for diameter 38 mm"},"content":{"rendered":"<p data-start=\"132\" data-end=\"405\">The IMAGO coin tray with glass filling is a practical solution for checkout counters that facilitates the transfer of cash between the cashier and the customer. Its clearly contoured surface ensures coins stay in place, making collection quick and convenient.<\/p>\n<p data-start=\"407\" data-end=\"568\">The glass filling gives the whole thing an aesthetic, cleaner look that works well in modern points of sale and customer service areas.<\/p>\n<h2 data-section-id=\"382w1a\" data-start=\"575\" data-end=\"601\">Convenience of everyday work<\/h2>\n<p data-start=\"603\" data-end=\"806\">The tray streamlines the cash handling process and reduces the need to place coins directly on the counter. This small detail speeds up work and improves the comfort of both the cashier and the customer.<\/p>\n<h2 data-section-id=\"1ytd77x\" data-start=\"813\" data-end=\"845\">Stable assembly and fit<\/h2>\n<p data-start=\"847\" data-end=\"1006\">The model is designed for mounting on 38 mm diameter systems, so it can be easily integrated with the IMAGO Tree system and other station elements.<\/p>\n<h2 data-section-id=\"o8cd1a\" data-start=\"1013\" data-end=\"1028\">Coin tray use:<\/h2>\n<ul>\n<li data-start=\"1032\" data-end=\"1057\">cash registers and POS<\/li>\n<li data-start=\"1060\" data-end=\"1077\">shops and retail<\/li>\n<li data-start=\"1080\" data-end=\"1097\">service points<\/li>\n<li data-start=\"1100\" data-end=\"1113\">gastronomy<\/li>\n<\/ul>\n<h2 data-section-id=\"otiqe2\" data-start=\"1120\" data-end=\"1142\">Key features<\/h2>\n<ul>\n<li data-start=\"1146\" data-end=\"1187\">glass filling \u2013 aesthetic appearance<\/li>\n<li data-start=\"1190\" data-end=\"1219\">convenient transfer of coins<\/li>\n<li data-start=\"1222\" data-end=\"1244\">stable construction<\/li>\n<li data-start=\"1247\" data-end=\"1295\">compatibility with the mounting system (\u00d8 38 mm)<\/li>\n<li data-start=\"1298\" data-end=\"1335\">ideal for intensive use<\/li>\n<\/ul>","protected":false},"excerpt":{"rendered":"<p>IMAGO Coin tray with glass filling 150 mm for a diameter of 38 mm is an elegant and functional accessory, ideal for orderly storage and presentation of coins.<\/p>","protected":false},"featured_media":1768,"comment_status":"open","ping_status":"closed","template":"","meta":[],"product_brand":[],"product_cat":[130],"product_tag":[172],"class_list":{"0":"post-1316","1":"product","2":"type-product","3":"status-publish","4":"has-post-thumbnail","6":"product_cat-tacki-na-pieniadze","7":"product_tag-172","9":"first","10":"instock","11":"shipping-taxable","12":"product-type-simple"},"acf":[],"yoast_head":"<!-- This site is optimized with the Yoast SEO plugin v27.6 - https:\/\/yoast.com\/product\/yoast-seo-wordpress\/ -->\n<title>Tacka na monety | tacka kasowa - IMAGO<\/title>\n<meta name=\"description\" content=\"IMAGO Tacka na monety z szklanym wype\u0142nieniem 150 mm dla \u015brednicy 38 mm to idealne akcesorium do uporz\u0105dkowanego przechowywania i prezentowania monet.\" \/>\n<meta name=\"robots\" content=\"index, follow, max-snippet:-1, max-image-preview:large, max-video-preview:-1\" \/>\n<link rel=\"canonical\" href=\"https:\/\/imago-systems.com\/en\/product\/imago-tacka-na-monety-ze-szklanym-wypelnieniem-150-mm-dla-sr-38-mm\/\" \/>\n<meta property=\"og:locale\" content=\"en_US\" \/>\n<meta property=\"og:type\" content=\"article\" \/>\n<meta property=\"og:title\" content=\"Tacka na monety | tacka kasowa - IMAGO\" \/>\n<meta property=\"og:description\" content=\"IMAGO Tacka na monety z szklanym wype\u0142nieniem 150 mm dla \u015brednicy 38 mm to idealne akcesorium do uporz\u0105dkowanego przechowywania i prezentowania monet.\" \/>\n<meta property=\"og:url\" content=\"https:\/\/imago-systems.com\/en\/product\/imago-tacka-na-monety-ze-szklanym-wypelnieniem-150-mm-dla-sr-38-mm\/\" \/>\n<meta property=\"og:site_name\" content=\"IMAGO\" \/>\n<meta property=\"article:modified_time\" content=\"2026-03-19T13:53:16+00:00\" \/>\n<meta property=\"og:image\" content=\"https:\/\/imago-systems.com\/wp-content\/uploads\/2024\/08\/IMAGO-Tacka-na-monety-ze-szklanym-wypelnieniem-150-mm-dla-sr.-38-mm.png\" \/>\n\t<meta property=\"og:image:width\" content=\"600\" \/>\n\t<meta property=\"og:image:height\" content=\"600\" \/>\n\t<meta property=\"og:image:type\" content=\"image\/png\" \/>\n<meta name=\"twitter:card\" content=\"summary_large_image\" \/>\n<meta name=\"twitter:label1\" content=\"Est. reading time\" \/>\n\t<meta name=\"twitter:data1\" content=\"2 minutes\" \/>\n<script type=\"application\/ld+json\" class=\"yoast-schema-graph\">{\"@context\":\"https:\\\/\\\/schema.org\",\"@graph\":[{\"@type\":\"WebPage\",\"@id\":\"https:\\\/\\\/imago-systems.com\\\/product\\\/imago-tacka-na-monety-ze-szklanym-wypelnieniem-150-mm-dla-sr-38-mm\\\/\",\"url\":\"https:\\\/\\\/imago-systems.com\\\/product\\\/imago-tacka-na-monety-ze-szklanym-wypelnieniem-150-mm-dla-sr-38-mm\\\/\",\"name\":\"Tacka na monety | tacka kasowa - IMAGO\",\"isPartOf\":{\"@id\":\"https:\\\/\\\/imago-systems.com\\\/#website\"},\"primaryImageOfPage\":{\"@id\":\"https:\\\/\\\/imago-systems.com\\\/product\\\/imago-tacka-na-monety-ze-szklanym-wypelnieniem-150-mm-dla-sr-38-mm\\\/#primaryimage\"},\"image\":{\"@id\":\"https:\\\/\\\/imago-systems.com\\\/product\\\/imago-tacka-na-monety-ze-szklanym-wypelnieniem-150-mm-dla-sr-38-mm\\\/#primaryimage\"},\"thumbnailUrl\":\"https:\\\/\\\/imago-systems.com\\\/wp-content\\\/uploads\\\/2024\\\/08\\\/IMAGO-Tacka-na-monety-ze-szklanym-wypelnieniem-150-mm-dla-sr.-38-mm.png\",\"datePublished\":\"2024-08-21T10:29:20+00:00\",\"dateModified\":\"2026-03-19T13:53:16+00:00\",\"description\":\"IMAGO Tacka na monety z szklanym wype\u0142nieniem 150 mm dla \u015brednicy 38 mm to idealne akcesorium do uporz\u0105dkowanego przechowywania i prezentowania monet.\",\"breadcrumb\":{\"@id\":\"https:\\\/\\\/imago-systems.com\\\/product\\\/imago-tacka-na-monety-ze-szklanym-wypelnieniem-150-mm-dla-sr-38-mm\\\/#breadcrumb\"},\"inLanguage\":\"en-US\",\"potentialAction\":[{\"@type\":\"ReadAction\",\"target\":[\"https:\\\/\\\/imago-systems.com\\\/product\\\/imago-tacka-na-monety-ze-szklanym-wypelnieniem-150-mm-dla-sr-38-mm\\\/\"]}]},{\"@type\":\"ImageObject\",\"inLanguage\":\"en-US\",\"@id\":\"https:\\\/\\\/imago-systems.com\\\/product\\\/imago-tacka-na-monety-ze-szklanym-wypelnieniem-150-mm-dla-sr-38-mm\\\/#primaryimage\",\"url\":\"https:\\\/\\\/imago-systems.com\\\/wp-content\\\/uploads\\\/2024\\\/08\\\/IMAGO-Tacka-na-monety-ze-szklanym-wypelnieniem-150-mm-dla-sr.-38-mm.png\",\"contentUrl\":\"https:\\\/\\\/imago-systems.com\\\/wp-content\\\/uploads\\\/2024\\\/08\\\/IMAGO-Tacka-na-monety-ze-szklanym-wypelnieniem-150-mm-dla-sr.-38-mm.png\",\"width\":600,\"height\":600},{\"@type\":\"BreadcrumbList\",\"@id\":\"https:\\\/\\\/imago-systems.com\\\/product\\\/imago-tacka-na-monety-ze-szklanym-wypelnieniem-150-mm-dla-sr-38-mm\\\/#breadcrumb\",\"itemListElement\":[{\"@type\":\"ListItem\",\"position\":1,\"name\":\"Home\",\"item\":\"https:\\\/\\\/imago-systems.com\\\/\"},{\"@type\":\"ListItem\",\"position\":2,\"name\":\"Shop\",\"item\":\"https:\\\/\\\/imago-systems.com\\\/shop\\\/\"},{\"@type\":\"ListItem\",\"position\":3,\"name\":\"IMAGO Tree\",\"item\":\"https:\\\/\\\/imago-systems.com\\\/product-category\\\/imago-tree\\\/\"},{\"@type\":\"ListItem\",\"position\":4,\"name\":\"Tacki na pieni\u0105dze\",\"item\":\"https:\\\/\\\/imago-systems.com\\\/product-category\\\/imago-tree\\\/tacki-na-pieniadze\\\/\"},{\"@type\":\"ListItem\",\"position\":5,\"name\":\"IMAGO Tacka na monety ze szklanym wype\u0142nieniem 150 mm dla \u015br. 38 mm\"}]},{\"@type\":\"WebSite\",\"@id\":\"https:\\\/\\\/imago-systems.com\\\/#website\",\"url\":\"https:\\\/\\\/imago-systems.com\\\/\",\"name\":\"IMAGO systems\",\"description\":\"Nowoczesne rozwi\u0105zania dla przemys\u0142u i handlu detalicznego.\",\"publisher\":{\"@id\":\"https:\\\/\\\/imago-systems.com\\\/#organization\"},\"alternateName\":\"IMAGO\",\"potentialAction\":[{\"@type\":\"SearchAction\",\"target\":{\"@type\":\"EntryPoint\",\"urlTemplate\":\"https:\\\/\\\/imago-systems.com\\\/?s={search_term_string}\"},\"query-input\":{\"@type\":\"PropertyValueSpecification\",\"valueRequired\":true,\"valueName\":\"search_term_string\"}}],\"inLanguage\":\"en-US\"},{\"@type\":\"Organization\",\"@id\":\"https:\\\/\\\/imago-systems.com\\\/#organization\",\"name\":\"IMAGO Poland sp. z o.o.\",\"alternateName\":\"IMAGO\",\"url\":\"https:\\\/\\\/imago-systems.com\\\/\",\"logo\":{\"@type\":\"ImageObject\",\"inLanguage\":\"en-US\",\"@id\":\"https:\\\/\\\/imago-systems.com\\\/#\\\/schema\\\/logo\\\/image\\\/\",\"url\":\"https:\\\/\\\/imago-systems.com\\\/wp-content\\\/uploads\\\/2024\\\/11\\\/cropped-cropped-cropped-IMAGO-LOGO-.jpg\",\"contentUrl\":\"https:\\\/\\\/imago-systems.com\\\/wp-content\\\/uploads\\\/2024\\\/11\\\/cropped-cropped-cropped-IMAGO-LOGO-.jpg\",\"width\":512,\"height\":512,\"caption\":\"IMAGO Poland sp. z o.o.\"},\"image\":{\"@id\":\"https:\\\/\\\/imago-systems.com\\\/#\\\/schema\\\/logo\\\/image\\\/\"},\"sameAs\":[\"https:\\\/\\\/www.linkedin.com\\\/company\\\/imago-poland\\\/\"]}]}<\/script>\n<!-- \/ Yoast SEO plugin. -->","yoast_head_json":{"title":"Tacka na monety | tacka kasowa - IMAGO","description":"IMAGO Coin tray with glass filling 150 mm for 38 mm diameter is the perfect accessory for orderly storage and presentation of coins.","robots":{"index":"index","follow":"follow","max-snippet":"max-snippet:-1","max-image-preview":"max-image-preview:large","max-video-preview":"max-video-preview:-1"},"canonical":"https:\/\/imago-systems.com\/en\/product\/imago-tacka-na-monety-ze-szklanym-wypelnieniem-150-mm-dla-sr-38-mm\/","og_locale":"en_US","og_type":"article","og_title":"Tacka na monety | tacka kasowa - IMAGO","og_description":"IMAGO Tacka na monety z szklanym wype\u0142nieniem 150 mm dla \u015brednicy 38 mm to idealne akcesorium do uporz\u0105dkowanego przechowywania i prezentowania monet.","og_url":"https:\/\/imago-systems.com\/en\/product\/imago-tacka-na-monety-ze-szklanym-wypelnieniem-150-mm-dla-sr-38-mm\/","og_site_name":"IMAGO","article_modified_time":"2026-03-19T13:53:16+00:00","og_image":[{"width":600,"height":600,"url":"https:\/\/imago-systems.com\/wp-content\/uploads\/2024\/08\/IMAGO-Tacka-na-monety-ze-szklanym-wypelnieniem-150-mm-dla-sr.-38-mm.png","type":"image\/png"}],"twitter_card":"summary_large_image","twitter_misc":{"Est. reading time":"2 minutes"},"schema":{"@context":"https:\/\/schema.org","@graph":[{"@type":"WebPage","@id":"https:\/\/imago-systems.com\/product\/imago-tacka-na-monety-ze-szklanym-wypelnieniem-150-mm-dla-sr-38-mm\/","url":"https:\/\/imago-systems.com\/product\/imago-tacka-na-monety-ze-szklanym-wypelnieniem-150-mm-dla-sr-38-mm\/","name":"Tacka na monety | tacka kasowa - IMAGO","isPartOf":{"@id":"https:\/\/imago-systems.com\/#website"},"primaryImageOfPage":{"@id":"https:\/\/imago-systems.com\/product\/imago-tacka-na-monety-ze-szklanym-wypelnieniem-150-mm-dla-sr-38-mm\/#primaryimage"},"image":{"@id":"https:\/\/imago-systems.com\/product\/imago-tacka-na-monety-ze-szklanym-wypelnieniem-150-mm-dla-sr-38-mm\/#primaryimage"},"thumbnailUrl":"https:\/\/imago-systems.com\/wp-content\/uploads\/2024\/08\/IMAGO-Tacka-na-monety-ze-szklanym-wypelnieniem-150-mm-dla-sr.-38-mm.png","datePublished":"2024-08-21T10:29:20+00:00","dateModified":"2026-03-19T13:53:16+00:00","description":"IMAGO Coin tray with glass filling 150 mm for 38 mm diameter is the perfect accessory for orderly storage and presentation of coins.","breadcrumb":{"@id":"https:\/\/imago-systems.com\/product\/imago-tacka-na-monety-ze-szklanym-wypelnieniem-150-mm-dla-sr-38-mm\/#breadcrumb"},"inLanguage":"en-US","potentialAction":[{"@type":"ReadAction","target":["https:\/\/imago-systems.com\/product\/imago-tacka-na-monety-ze-szklanym-wypelnieniem-150-mm-dla-sr-38-mm\/"]}]},{"@type":"ImageObject","inLanguage":"en-US","@id":"https:\/\/imago-systems.com\/product\/imago-tacka-na-monety-ze-szklanym-wypelnieniem-150-mm-dla-sr-38-mm\/#primaryimage","url":"https:\/\/imago-systems.com\/wp-content\/uploads\/2024\/08\/IMAGO-Tacka-na-monety-ze-szklanym-wypelnieniem-150-mm-dla-sr.-38-mm.png","contentUrl":"https:\/\/imago-systems.com\/wp-content\/uploads\/2024\/08\/IMAGO-Tacka-na-monety-ze-szklanym-wypelnieniem-150-mm-dla-sr.-38-mm.png","width":600,"height":600},{"@type":"BreadcrumbList","@id":"https:\/\/imago-systems.com\/product\/imago-tacka-na-monety-ze-szklanym-wypelnieniem-150-mm-dla-sr-38-mm\/#breadcrumb","itemListElement":[{"@type":"ListItem","position":1,"name":"Home","item":"https:\/\/imago-systems.com\/"},{"@type":"ListItem","position":2,"name":"Shop","item":"https:\/\/imago-systems.com\/shop\/"},{"@type":"ListItem","position":3,"name":"IMAGO Tree","item":"https:\/\/imago-systems.com\/product-category\/imago-tree\/"},{"@type":"ListItem","position":4,"name":"Tacki na pieni\u0105dze","item":"https:\/\/imago-systems.com\/product-category\/imago-tree\/tacki-na-pieniadze\/"},{"@type":"ListItem","position":5,"name":"IMAGO Tacka na monety ze szklanym wype\u0142nieniem 150 mm dla \u015br. 38 mm"}]},{"@type":"WebSite","@id":"https:\/\/imago-systems.com\/#website","url":"https:\/\/imago-systems.com\/","name":"IMAGO systems","description":"Modern solutions for industry and retail.","publisher":{"@id":"https:\/\/imago-systems.com\/#organization"},"alternateName":"IMAGO","potentialAction":[{"@type":"SearchAction","target":{"@type":"EntryPoint","urlTemplate":"https:\/\/imago-systems.com\/?s={search_term_string}"},"query-input":{"@type":"PropertyValueSpecification","valueRequired":true,"valueName":"search_term_string"}}],"inLanguage":"en-US"},{"@type":"Organization","@id":"https:\/\/imago-systems.com\/#organization","name":"IMAGO Poland sp. z o. o.","alternateName":"IMAGO","url":"https:\/\/imago-systems.com\/","logo":{"@type":"ImageObject","inLanguage":"en-US","@id":"https:\/\/imago-systems.com\/#\/schema\/logo\/image\/","url":"https:\/\/imago-systems.com\/wp-content\/uploads\/2024\/11\/cropped-cropped-cropped-IMAGO-LOGO-.jpg","contentUrl":"https:\/\/imago-systems.com\/wp-content\/uploads\/2024\/11\/cropped-cropped-cropped-IMAGO-LOGO-.jpg","width":512,"height":512,"caption":"IMAGO Poland sp. z o.o."},"image":{"@id":"https:\/\/imago-systems.com\/#\/schema\/logo\/image\/"},"sameAs":["https:\/\/www.linkedin.com\/company\/imago-poland\/"]}]}},"_links":{"self":[{"href":"https:\/\/imago-systems.com\/en\/wp-json\/wp\/v2\/product\/1316","targetHints":{"allow":["GET"]}}],"collection":[{"href":"https:\/\/imago-systems.com\/en\/wp-json\/wp\/v2\/product"}],"about":[{"href":"https:\/\/imago-systems.com\/en\/wp-json\/wp\/v2\/types\/product"}],"replies":[{"embeddable":true,"href":"https:\/\/imago-systems.com\/en\/wp-json\/wp\/v2\/comments?post=1316"}],"wp:featuredmedia":[{"embeddable":true,"href":"https:\/\/imago-systems.com\/en\/wp-json\/wp\/v2\/media\/1768"}],"wp:attachment":[{"href":"https:\/\/imago-systems.com\/en\/wp-json\/wp\/v2\/media?parent=1316"}],"wp:term":[{"taxonomy":"product_brand","embeddable":true,"href":"https:\/\/imago-systems.com\/en\/wp-json\/wp\/v2\/product_brand?post=1316"},{"taxonomy":"product_cat","embeddable":true,"href":"https:\/\/imago-systems.com\/en\/wp-json\/wp\/v2\/product_cat?post=1316"},{"taxonomy":"product_tag","embeddable":true,"href":"https:\/\/imago-systems.com\/en\/wp-json\/wp\/v2\/product_tag?post=1316"}],"curies":[{"name":"wp","href":"https:\/\/api.w.org\/{rel}","templated":true}]}}