{"id":1312,"date":"2024-08-21T12:00:41","date_gmt":"2024-08-21T09:00:41","guid":{"rendered":"http:\/\/imago-systems.com\/?post_type=product&#038;p=1312"},"modified":"2025-10-24T13:31:49","modified_gmt":"2025-10-24T12:31:49","slug":"imago-uchwyt-do-terminala-platniczego-verifone-vx520-38-120-kit","status":"publish","type":"product","link":"https:\/\/imago-systems.com\/en\/product\/imago-uchwyt-do-terminala-platniczego-verifone-vx520-38-120-kit\/","title":{"rendered":"IMAGO Holder for Verifone Vx520-38-120 KIT payment terminal"},"content":{"rendered":"<h1><strong>IMAGO Holder for Verifone Vx520-38-120 KIT payment terminal<\/strong><\/h1>\n<p>is a comprehensive solution that combines ergonomics, functionality and stability. The set includes a holder designed for mounting the Verifone Vx520-38 terminal and a solid stand that allows for easy operation of the device at points of sale or customer service stations.<\/p>\n<p>&nbsp;<\/p>\n<h3>Key features of the kit:<\/h3>\n<ul>\n<li><strong>Complete set (KIT) \u2013 <\/strong>includes a holder adapted to the Verifone Vx520-38 terminal and a dedicated stand, ensuring stability and easy access to the device.<\/li>\n<li><strong>Stable construction \u2013<\/strong> stand made of durable materials (powder-coated steel), guarantees reliable use and resistance to intensive use.<\/li>\n<li><strong>Work ergonomics \u2013 <\/strong>enables comfortable use of the terminal, thanks to the appropriate inclination and easy access.<\/li>\n<li><strong>Aesthetic design \u2013 <\/strong>modern look of the stand and holder, which fits perfectly into professional workstations.<\/li>\n<li><strong>Universal functionality \u2013 <\/strong>The set will work great in retail outlets, receptions or other places that require payment processing.<\/li>\n<\/ul>\n<p>&nbsp;<\/p>\n<p><a href=\"https:\/\/imago-systems.com\/en\/product-category\/imago-tree\/uchwyty-na-terminale-platnicze\/\">IMAGO Payment terminal holder<\/a> Verifone Vx520-38-120 KIT is the perfect solution for people who need a ready-made terminal assembly system that ensures comfort and professionalism in everyday use.<\/p>","protected":false},"excerpt":{"rendered":"<p>IMAGO Verifone Vx520-38-120 Terminal Holder is a specialized accessory designed for safe and stable installation of the Verifone Vx520-38-120 payment terminal. Thanks to its precise fit, the holder ensures comfortable use of the terminal, allowing easy access to all device functions.<\/p>","protected":false},"featured_media":1776,"comment_status":"open","ping_status":"closed","template":"","meta":[],"product_brand":[],"product_cat":[127],"product_tag":[165],"class_list":{"0":"post-1312","1":"product","2":"type-product","3":"status-publish","4":"has-post-thumbnail","6":"product_cat-uchwyty-na-terminale-platnicze","7":"product_tag-165","9":"first","10":"instock","11":"shipping-taxable","12":"product-type-simple"},"acf":[],"yoast_head":"<!-- This site is optimized with the Yoast SEO plugin v27.6 - https:\/\/yoast.com\/product\/yoast-seo-wordpress\/ -->\n<title>IMAGO Uchwyt do terminala Verifone Vx520-38-120 KIT<\/title>\n<meta name=\"description\" content=\"IMAGO Uchwyt do terminala Verifone Vx520-38-120 to specjalistyczne akcesorium zaprojektowane z my\u015bl\u0105 o bezpiecznym i stabilnym monta\u017cu terminala p\u0142atniczego\" \/>\n<meta name=\"robots\" content=\"index, follow, max-snippet:-1, max-image-preview:large, max-video-preview:-1\" \/>\n<link rel=\"canonical\" href=\"https:\/\/imago-systems.com\/en\/product\/imago-uchwyt-do-terminala-platniczego-verifone-vx520-38-120-kit\/\" \/>\n<meta property=\"og:locale\" content=\"en_US\" \/>\n<meta property=\"og:type\" content=\"article\" \/>\n<meta property=\"og:title\" content=\"IMAGO Uchwyt do terminala Verifone Vx520-38-120 KIT\" \/>\n<meta property=\"og:description\" content=\"IMAGO Uchwyt do terminala Verifone Vx520-38-120 to specjalistyczne akcesorium zaprojektowane z my\u015bl\u0105 o bezpiecznym i stabilnym monta\u017cu terminala p\u0142atniczego\" \/>\n<meta property=\"og:url\" content=\"https:\/\/imago-systems.com\/en\/product\/imago-uchwyt-do-terminala-platniczego-verifone-vx520-38-120-kit\/\" \/>\n<meta property=\"og:site_name\" content=\"IMAGO\" \/>\n<meta property=\"article:modified_time\" content=\"2025-10-24T12:31:49+00:00\" \/>\n<meta property=\"og:image\" content=\"https:\/\/imago-systems.com\/wp-content\/uploads\/2024\/08\/IMAGO-Uchwyt-do-terminala-Verifone-Vx520-38-120-do-montazu-do-IMAGO-TREE-1.jpg\" \/>\n\t<meta property=\"og:image:width\" content=\"600\" \/>\n\t<meta property=\"og:image:height\" content=\"600\" \/>\n\t<meta property=\"og:image:type\" content=\"image\/jpeg\" \/>\n<meta name=\"twitter:card\" content=\"summary_large_image\" \/>\n<meta name=\"twitter:label1\" content=\"Est. reading time\" \/>\n\t<meta name=\"twitter:data1\" content=\"2 minutes\" \/>\n<script type=\"application\/ld+json\" class=\"yoast-schema-graph\">{\"@context\":\"https:\\\/\\\/schema.org\",\"@graph\":[{\"@type\":\"WebPage\",\"@id\":\"https:\\\/\\\/imago-systems.com\\\/product\\\/imago-uchwyt-do-terminala-platniczego-verifone-vx520-38-120-kit\\\/\",\"url\":\"https:\\\/\\\/imago-systems.com\\\/product\\\/imago-uchwyt-do-terminala-platniczego-verifone-vx520-38-120-kit\\\/\",\"name\":\"IMAGO Uchwyt do terminala Verifone Vx520-38-120 KIT\",\"isPartOf\":{\"@id\":\"https:\\\/\\\/imago-systems.com\\\/#website\"},\"primaryImageOfPage\":{\"@id\":\"https:\\\/\\\/imago-systems.com\\\/product\\\/imago-uchwyt-do-terminala-platniczego-verifone-vx520-38-120-kit\\\/#primaryimage\"},\"image\":{\"@id\":\"https:\\\/\\\/imago-systems.com\\\/product\\\/imago-uchwyt-do-terminala-platniczego-verifone-vx520-38-120-kit\\\/#primaryimage\"},\"thumbnailUrl\":\"https:\\\/\\\/imago-systems.com\\\/wp-content\\\/uploads\\\/2024\\\/08\\\/IMAGO-Uchwyt-do-terminala-Verifone-Vx520-38-120-do-montazu-do-IMAGO-TREE-1.jpg\",\"datePublished\":\"2024-08-21T09:00:41+00:00\",\"dateModified\":\"2025-10-24T12:31:49+00:00\",\"description\":\"IMAGO Uchwyt do terminala Verifone Vx520-38-120 to specjalistyczne akcesorium zaprojektowane z my\u015bl\u0105 o bezpiecznym i stabilnym monta\u017cu terminala p\u0142atniczego\",\"breadcrumb\":{\"@id\":\"https:\\\/\\\/imago-systems.com\\\/product\\\/imago-uchwyt-do-terminala-platniczego-verifone-vx520-38-120-kit\\\/#breadcrumb\"},\"inLanguage\":\"en-US\",\"potentialAction\":[{\"@type\":\"ReadAction\",\"target\":[\"https:\\\/\\\/imago-systems.com\\\/product\\\/imago-uchwyt-do-terminala-platniczego-verifone-vx520-38-120-kit\\\/\"]}]},{\"@type\":\"ImageObject\",\"inLanguage\":\"en-US\",\"@id\":\"https:\\\/\\\/imago-systems.com\\\/product\\\/imago-uchwyt-do-terminala-platniczego-verifone-vx520-38-120-kit\\\/#primaryimage\",\"url\":\"https:\\\/\\\/imago-systems.com\\\/wp-content\\\/uploads\\\/2024\\\/08\\\/IMAGO-Uchwyt-do-terminala-Verifone-Vx520-38-120-do-montazu-do-IMAGO-TREE-1.jpg\",\"contentUrl\":\"https:\\\/\\\/imago-systems.com\\\/wp-content\\\/uploads\\\/2024\\\/08\\\/IMAGO-Uchwyt-do-terminala-Verifone-Vx520-38-120-do-montazu-do-IMAGO-TREE-1.jpg\",\"width\":600,\"height\":600,\"caption\":\"IMAGO Uchwyt do terminala Verifone Vx520-38-120 do monta\u017cu do IMAGO TREE (1)\"},{\"@type\":\"BreadcrumbList\",\"@id\":\"https:\\\/\\\/imago-systems.com\\\/product\\\/imago-uchwyt-do-terminala-platniczego-verifone-vx520-38-120-kit\\\/#breadcrumb\",\"itemListElement\":[{\"@type\":\"ListItem\",\"position\":1,\"name\":\"Home\",\"item\":\"https:\\\/\\\/imago-systems.com\\\/\"},{\"@type\":\"ListItem\",\"position\":2,\"name\":\"Shop\",\"item\":\"https:\\\/\\\/imago-systems.com\\\/shop\\\/\"},{\"@type\":\"ListItem\",\"position\":3,\"name\":\"IMAGO Tree\",\"item\":\"https:\\\/\\\/imago-systems.com\\\/product-category\\\/imago-tree\\\/\"},{\"@type\":\"ListItem\",\"position\":4,\"name\":\"Uchwyty na terminale p\u0142atnicze\",\"item\":\"https:\\\/\\\/imago-systems.com\\\/product-category\\\/imago-tree\\\/uchwyty-na-terminale-platnicze\\\/\"},{\"@type\":\"ListItem\",\"position\":5,\"name\":\"IMAGO Uchwyt do terminala p\u0142atniczego Verifone Vx520-38-120 KIT\"}]},{\"@type\":\"WebSite\",\"@id\":\"https:\\\/\\\/imago-systems.com\\\/#website\",\"url\":\"https:\\\/\\\/imago-systems.com\\\/\",\"name\":\"IMAGO systems\",\"description\":\"Nowoczesne rozwi\u0105zania dla przemys\u0142u i handlu detalicznego.\",\"publisher\":{\"@id\":\"https:\\\/\\\/imago-systems.com\\\/#organization\"},\"alternateName\":\"IMAGO\",\"potentialAction\":[{\"@type\":\"SearchAction\",\"target\":{\"@type\":\"EntryPoint\",\"urlTemplate\":\"https:\\\/\\\/imago-systems.com\\\/?s={search_term_string}\"},\"query-input\":{\"@type\":\"PropertyValueSpecification\",\"valueRequired\":true,\"valueName\":\"search_term_string\"}}],\"inLanguage\":\"en-US\"},{\"@type\":\"Organization\",\"@id\":\"https:\\\/\\\/imago-systems.com\\\/#organization\",\"name\":\"IMAGO Poland sp. z o.o.\",\"alternateName\":\"IMAGO\",\"url\":\"https:\\\/\\\/imago-systems.com\\\/\",\"logo\":{\"@type\":\"ImageObject\",\"inLanguage\":\"en-US\",\"@id\":\"https:\\\/\\\/imago-systems.com\\\/#\\\/schema\\\/logo\\\/image\\\/\",\"url\":\"https:\\\/\\\/imago-systems.com\\\/wp-content\\\/uploads\\\/2024\\\/11\\\/cropped-cropped-cropped-IMAGO-LOGO-.jpg\",\"contentUrl\":\"https:\\\/\\\/imago-systems.com\\\/wp-content\\\/uploads\\\/2024\\\/11\\\/cropped-cropped-cropped-IMAGO-LOGO-.jpg\",\"width\":512,\"height\":512,\"caption\":\"IMAGO Poland sp. z o.o.\"},\"image\":{\"@id\":\"https:\\\/\\\/imago-systems.com\\\/#\\\/schema\\\/logo\\\/image\\\/\"},\"sameAs\":[\"https:\\\/\\\/www.linkedin.com\\\/company\\\/imago-poland\\\/\"]}]}<\/script>\n<!-- \/ Yoast SEO plugin. -->","yoast_head_json":{"title":"IMAGO Holder for Verifone Vx520-38-120 KIT terminal","description":"IMAGO Holder for the Verifone Vx520-38-120 terminal is a specialized accessory designed for safe and stable installation of the payment terminal","robots":{"index":"index","follow":"follow","max-snippet":"max-snippet:-1","max-image-preview":"max-image-preview:large","max-video-preview":"max-video-preview:-1"},"canonical":"https:\/\/imago-systems.com\/en\/product\/imago-uchwyt-do-terminala-platniczego-verifone-vx520-38-120-kit\/","og_locale":"en_US","og_type":"article","og_title":"IMAGO Uchwyt do terminala Verifone Vx520-38-120 KIT","og_description":"IMAGO Uchwyt do terminala Verifone Vx520-38-120 to specjalistyczne akcesorium zaprojektowane z my\u015bl\u0105 o bezpiecznym i stabilnym monta\u017cu terminala p\u0142atniczego","og_url":"https:\/\/imago-systems.com\/en\/product\/imago-uchwyt-do-terminala-platniczego-verifone-vx520-38-120-kit\/","og_site_name":"IMAGO","article_modified_time":"2025-10-24T12:31:49+00:00","og_image":[{"width":600,"height":600,"url":"https:\/\/imago-systems.com\/wp-content\/uploads\/2024\/08\/IMAGO-Uchwyt-do-terminala-Verifone-Vx520-38-120-do-montazu-do-IMAGO-TREE-1.jpg","type":"image\/jpeg"}],"twitter_card":"summary_large_image","twitter_misc":{"Est. reading time":"2 minutes"},"schema":{"@context":"https:\/\/schema.org","@graph":[{"@type":"WebPage","@id":"https:\/\/imago-systems.com\/product\/imago-uchwyt-do-terminala-platniczego-verifone-vx520-38-120-kit\/","url":"https:\/\/imago-systems.com\/product\/imago-uchwyt-do-terminala-platniczego-verifone-vx520-38-120-kit\/","name":"IMAGO Holder for Verifone Vx520-38-120 KIT terminal","isPartOf":{"@id":"https:\/\/imago-systems.com\/#website"},"primaryImageOfPage":{"@id":"https:\/\/imago-systems.com\/product\/imago-uchwyt-do-terminala-platniczego-verifone-vx520-38-120-kit\/#primaryimage"},"image":{"@id":"https:\/\/imago-systems.com\/product\/imago-uchwyt-do-terminala-platniczego-verifone-vx520-38-120-kit\/#primaryimage"},"thumbnailUrl":"https:\/\/imago-systems.com\/wp-content\/uploads\/2024\/08\/IMAGO-Uchwyt-do-terminala-Verifone-Vx520-38-120-do-montazu-do-IMAGO-TREE-1.jpg","datePublished":"2024-08-21T09:00:41+00:00","dateModified":"2025-10-24T12:31:49+00:00","description":"IMAGO Holder for the Verifone Vx520-38-120 terminal is a specialized accessory designed for safe and stable installation of the payment terminal","breadcrumb":{"@id":"https:\/\/imago-systems.com\/product\/imago-uchwyt-do-terminala-platniczego-verifone-vx520-38-120-kit\/#breadcrumb"},"inLanguage":"en-US","potentialAction":[{"@type":"ReadAction","target":["https:\/\/imago-systems.com\/product\/imago-uchwyt-do-terminala-platniczego-verifone-vx520-38-120-kit\/"]}]},{"@type":"ImageObject","inLanguage":"en-US","@id":"https:\/\/imago-systems.com\/product\/imago-uchwyt-do-terminala-platniczego-verifone-vx520-38-120-kit\/#primaryimage","url":"https:\/\/imago-systems.com\/wp-content\/uploads\/2024\/08\/IMAGO-Uchwyt-do-terminala-Verifone-Vx520-38-120-do-montazu-do-IMAGO-TREE-1.jpg","contentUrl":"https:\/\/imago-systems.com\/wp-content\/uploads\/2024\/08\/IMAGO-Uchwyt-do-terminala-Verifone-Vx520-38-120-do-montazu-do-IMAGO-TREE-1.jpg","width":600,"height":600,"caption":"IMAGO Uchwyt do terminala Verifone Vx520-38-120 do monta\u017cu do IMAGO TREE (1)"},{"@type":"BreadcrumbList","@id":"https:\/\/imago-systems.com\/product\/imago-uchwyt-do-terminala-platniczego-verifone-vx520-38-120-kit\/#breadcrumb","itemListElement":[{"@type":"ListItem","position":1,"name":"Home","item":"https:\/\/imago-systems.com\/"},{"@type":"ListItem","position":2,"name":"Shop","item":"https:\/\/imago-systems.com\/shop\/"},{"@type":"ListItem","position":3,"name":"IMAGO Tree","item":"https:\/\/imago-systems.com\/product-category\/imago-tree\/"},{"@type":"ListItem","position":4,"name":"Uchwyty na terminale p\u0142atnicze","item":"https:\/\/imago-systems.com\/product-category\/imago-tree\/uchwyty-na-terminale-platnicze\/"},{"@type":"ListItem","position":5,"name":"IMAGO Uchwyt do terminala p\u0142atniczego Verifone Vx520-38-120 KIT"}]},{"@type":"WebSite","@id":"https:\/\/imago-systems.com\/#website","url":"https:\/\/imago-systems.com\/","name":"IMAGO systems","description":"Modern solutions for industry and retail.","publisher":{"@id":"https:\/\/imago-systems.com\/#organization"},"alternateName":"IMAGO","potentialAction":[{"@type":"SearchAction","target":{"@type":"EntryPoint","urlTemplate":"https:\/\/imago-systems.com\/?s={search_term_string}"},"query-input":{"@type":"PropertyValueSpecification","valueRequired":true,"valueName":"search_term_string"}}],"inLanguage":"en-US"},{"@type":"Organization","@id":"https:\/\/imago-systems.com\/#organization","name":"IMAGO Poland sp. z o. o.","alternateName":"IMAGO","url":"https:\/\/imago-systems.com\/","logo":{"@type":"ImageObject","inLanguage":"en-US","@id":"https:\/\/imago-systems.com\/#\/schema\/logo\/image\/","url":"https:\/\/imago-systems.com\/wp-content\/uploads\/2024\/11\/cropped-cropped-cropped-IMAGO-LOGO-.jpg","contentUrl":"https:\/\/imago-systems.com\/wp-content\/uploads\/2024\/11\/cropped-cropped-cropped-IMAGO-LOGO-.jpg","width":512,"height":512,"caption":"IMAGO Poland sp. z o.o."},"image":{"@id":"https:\/\/imago-systems.com\/#\/schema\/logo\/image\/"},"sameAs":["https:\/\/www.linkedin.com\/company\/imago-poland\/"]}]}},"_links":{"self":[{"href":"https:\/\/imago-systems.com\/en\/wp-json\/wp\/v2\/product\/1312","targetHints":{"allow":["GET"]}}],"collection":[{"href":"https:\/\/imago-systems.com\/en\/wp-json\/wp\/v2\/product"}],"about":[{"href":"https:\/\/imago-systems.com\/en\/wp-json\/wp\/v2\/types\/product"}],"replies":[{"embeddable":true,"href":"https:\/\/imago-systems.com\/en\/wp-json\/wp\/v2\/comments?post=1312"}],"wp:featuredmedia":[{"embeddable":true,"href":"https:\/\/imago-systems.com\/en\/wp-json\/wp\/v2\/media\/1776"}],"wp:attachment":[{"href":"https:\/\/imago-systems.com\/en\/wp-json\/wp\/v2\/media?parent=1312"}],"wp:term":[{"taxonomy":"product_brand","embeddable":true,"href":"https:\/\/imago-systems.com\/en\/wp-json\/wp\/v2\/product_brand?post=1312"},{"taxonomy":"product_cat","embeddable":true,"href":"https:\/\/imago-systems.com\/en\/wp-json\/wp\/v2\/product_cat?post=1312"},{"taxonomy":"product_tag","embeddable":true,"href":"https:\/\/imago-systems.com\/en\/wp-json\/wp\/v2\/product_tag?post=1312"}],"curies":[{"name":"wp","href":"https:\/\/api.w.org\/{rel}","templated":true}]}}