{"id":1310,"date":"2024-08-21T11:57:54","date_gmt":"2024-08-21T08:57:54","guid":{"rendered":"http:\/\/imago-systems.com\/?post_type=product&#038;p=1310"},"modified":"2025-11-19T14:35:13","modified_gmt":"2025-11-19T13:35:13","slug":"imago-holder-for-ingenico-ict220-38-120-3054-terminal","status":"publish","type":"product","link":"https:\/\/imago-systems.com\/en\/product\/imago-holder-for-ingenico-ict220-38-120-3054-terminal\/","title":{"rendered":"IMAGO Holder for Ingenico iCT220-38-120 terminal"},"content":{"rendered":"<h1>Holder designed for the Ingenico iCT220-38-120 terminal<\/h1>\n<p>When a workstation requires the use of multiple devices, such as a panel computer, printer, or scanner, or requires the addition of several different accessories, such as a cash tray and keyboard, building a dedicated system can prove much more functional than a single stand mount. This is how the Ingenico iCT220-38-120 terminal mount for mounting on the IMAGO TREE system was created.<\/p>\n<h2>What makes all our handles unique?<\/h2>\n<ul>\n<li>Holds the device stably<\/li>\n<li>Tilt adjustment<\/li>\n<li>Made of powder-coated steel \u2013 no accidental damage to the handle<\/li>\n<li>Possibility of personalization (color, other elements)<\/li>\n<\/ul>\n<p><strong>See the entire offer <a href=\"https:\/\/imago-systems.com\/en\/product-category\/imago-tree\/uchwyty-na-terminale-platnicze\/\">terminal holders<\/a> payment and decide on a new form of functionality\u00a0<\/strong><\/p>","protected":false},"excerpt":{"rendered":"<p>IMAGO Ingenico iCT220 Terminal Holder is a specialist accessory designed for safe and stable installation of the Ingenico iCT220 payment terminal. Thanks to its precise fit, the holder ensures comfortable use of the terminal, allowing easy access to all device functions.<\/p>","protected":false},"featured_media":1888,"comment_status":"open","ping_status":"closed","template":"","meta":[],"product_brand":[],"product_cat":[127],"product_tag":[164],"class_list":{"0":"post-1310","1":"product","2":"type-product","3":"status-publish","4":"has-post-thumbnail","6":"product_cat-uchwyty-na-terminale-platnicze","7":"product_tag-164","9":"first","10":"instock","11":"shipping-taxable","12":"product-type-simple"},"acf":[],"yoast_head":"<!-- This site is optimized with the Yoast SEO plugin v27.6 - https:\/\/yoast.com\/product\/yoast-seo-wordpress\/ -->\n<title>IMAGO Uchwyt do terminala Ingenico iCT220-38-120 - IMAGO<\/title>\n<meta name=\"description\" content=\"Uchwyt do terminala Ingenico iCT220\u00a0to specjalistyczne akcesorium zaprojektowane z my\u015bl\u0105 o bezpiecznym i stabilnym monta\u017cu terminala p\u0142atniczego.\" \/>\n<meta name=\"robots\" content=\"index, follow, max-snippet:-1, max-image-preview:large, max-video-preview:-1\" \/>\n<link rel=\"canonical\" href=\"https:\/\/imago-systems.com\/en\/product\/imago-holder-for-ingenico-ict220-38-120-3054-terminal\/\" \/>\n<meta property=\"og:locale\" content=\"en_US\" \/>\n<meta property=\"og:type\" content=\"article\" \/>\n<meta property=\"og:title\" content=\"IMAGO Uchwyt do terminala Ingenico iCT220-38-120 - IMAGO\" \/>\n<meta property=\"og:description\" content=\"Uchwyt do terminala Ingenico iCT220\u00a0to specjalistyczne akcesorium zaprojektowane z my\u015bl\u0105 o bezpiecznym i stabilnym monta\u017cu terminala p\u0142atniczego.\" \/>\n<meta property=\"og:url\" content=\"https:\/\/imago-systems.com\/en\/product\/imago-holder-for-ingenico-ict220-38-120-3054-terminal\/\" \/>\n<meta property=\"og:site_name\" content=\"IMAGO\" \/>\n<meta property=\"article:modified_time\" content=\"2025-11-19T13:35:13+00:00\" \/>\n<meta property=\"og:image\" content=\"https:\/\/imago-systems.com\/wp-content\/uploads\/2024\/08\/IMAGO-Uchwyt-do-terminala-platniczego-Ingenico-iCT220-38-120.jpg\" \/>\n\t<meta property=\"og:image:width\" content=\"600\" \/>\n\t<meta property=\"og:image:height\" content=\"600\" \/>\n\t<meta property=\"og:image:type\" content=\"image\/jpeg\" \/>\n<meta name=\"twitter:card\" content=\"summary_large_image\" \/>\n<meta name=\"twitter:label1\" content=\"Est. reading time\" \/>\n\t<meta name=\"twitter:data1\" content=\"1 minute\" \/>\n<script type=\"application\/ld+json\" class=\"yoast-schema-graph\">{\"@context\":\"https:\\\/\\\/schema.org\",\"@graph\":[{\"@type\":\"WebPage\",\"@id\":\"https:\\\/\\\/imago-systems.com\\\/product\\\/imago-uchwyt-do-terminala-ingenico-ict220-38-120-3054\\\/\",\"url\":\"https:\\\/\\\/imago-systems.com\\\/product\\\/imago-uchwyt-do-terminala-ingenico-ict220-38-120-3054\\\/\",\"name\":\"IMAGO Uchwyt do terminala Ingenico iCT220-38-120 - IMAGO\",\"isPartOf\":{\"@id\":\"https:\\\/\\\/imago-systems.com\\\/#website\"},\"primaryImageOfPage\":{\"@id\":\"https:\\\/\\\/imago-systems.com\\\/product\\\/imago-uchwyt-do-terminala-ingenico-ict220-38-120-3054\\\/#primaryimage\"},\"image\":{\"@id\":\"https:\\\/\\\/imago-systems.com\\\/product\\\/imago-uchwyt-do-terminala-ingenico-ict220-38-120-3054\\\/#primaryimage\"},\"thumbnailUrl\":\"https:\\\/\\\/imago-systems.com\\\/wp-content\\\/uploads\\\/2024\\\/08\\\/IMAGO-Uchwyt-do-terminala-platniczego-Ingenico-iCT220-38-120.jpg\",\"datePublished\":\"2024-08-21T08:57:54+00:00\",\"dateModified\":\"2025-11-19T13:35:13+00:00\",\"description\":\"Uchwyt do terminala Ingenico iCT220\u00a0to specjalistyczne akcesorium zaprojektowane z my\u015bl\u0105 o bezpiecznym i stabilnym monta\u017cu terminala p\u0142atniczego.\",\"breadcrumb\":{\"@id\":\"https:\\\/\\\/imago-systems.com\\\/product\\\/imago-uchwyt-do-terminala-ingenico-ict220-38-120-3054\\\/#breadcrumb\"},\"inLanguage\":\"en-US\",\"potentialAction\":[{\"@type\":\"ReadAction\",\"target\":[\"https:\\\/\\\/imago-systems.com\\\/product\\\/imago-uchwyt-do-terminala-ingenico-ict220-38-120-3054\\\/\"]}]},{\"@type\":\"ImageObject\",\"inLanguage\":\"en-US\",\"@id\":\"https:\\\/\\\/imago-systems.com\\\/product\\\/imago-uchwyt-do-terminala-ingenico-ict220-38-120-3054\\\/#primaryimage\",\"url\":\"https:\\\/\\\/imago-systems.com\\\/wp-content\\\/uploads\\\/2024\\\/08\\\/IMAGO-Uchwyt-do-terminala-platniczego-Ingenico-iCT220-38-120.jpg\",\"contentUrl\":\"https:\\\/\\\/imago-systems.com\\\/wp-content\\\/uploads\\\/2024\\\/08\\\/IMAGO-Uchwyt-do-terminala-platniczego-Ingenico-iCT220-38-120.jpg\",\"width\":600,\"height\":600,\"caption\":\"IMAGO Uchwyt do terminala p\u0142atniczego Ingenico iCT220-38-120\"},{\"@type\":\"BreadcrumbList\",\"@id\":\"https:\\\/\\\/imago-systems.com\\\/product\\\/imago-uchwyt-do-terminala-ingenico-ict220-38-120-3054\\\/#breadcrumb\",\"itemListElement\":[{\"@type\":\"ListItem\",\"position\":1,\"name\":\"Home\",\"item\":\"https:\\\/\\\/imago-systems.com\\\/\"},{\"@type\":\"ListItem\",\"position\":2,\"name\":\"Shop\",\"item\":\"https:\\\/\\\/imago-systems.com\\\/shop\\\/\"},{\"@type\":\"ListItem\",\"position\":3,\"name\":\"IMAGO Tree\",\"item\":\"https:\\\/\\\/imago-systems.com\\\/product-category\\\/imago-tree\\\/\"},{\"@type\":\"ListItem\",\"position\":4,\"name\":\"Uchwyty na terminale p\u0142atnicze\",\"item\":\"https:\\\/\\\/imago-systems.com\\\/product-category\\\/imago-tree\\\/uchwyty-na-terminale-platnicze\\\/\"},{\"@type\":\"ListItem\",\"position\":5,\"name\":\"IMAGO Uchwyt do terminala Ingenico iCT220-38-120\"}]},{\"@type\":\"WebSite\",\"@id\":\"https:\\\/\\\/imago-systems.com\\\/#website\",\"url\":\"https:\\\/\\\/imago-systems.com\\\/\",\"name\":\"IMAGO systems\",\"description\":\"Nowoczesne rozwi\u0105zania dla przemys\u0142u i handlu detalicznego.\",\"publisher\":{\"@id\":\"https:\\\/\\\/imago-systems.com\\\/#organization\"},\"alternateName\":\"IMAGO\",\"potentialAction\":[{\"@type\":\"SearchAction\",\"target\":{\"@type\":\"EntryPoint\",\"urlTemplate\":\"https:\\\/\\\/imago-systems.com\\\/?s={search_term_string}\"},\"query-input\":{\"@type\":\"PropertyValueSpecification\",\"valueRequired\":true,\"valueName\":\"search_term_string\"}}],\"inLanguage\":\"en-US\"},{\"@type\":\"Organization\",\"@id\":\"https:\\\/\\\/imago-systems.com\\\/#organization\",\"name\":\"IMAGO Poland sp. z o.o.\",\"alternateName\":\"IMAGO\",\"url\":\"https:\\\/\\\/imago-systems.com\\\/\",\"logo\":{\"@type\":\"ImageObject\",\"inLanguage\":\"en-US\",\"@id\":\"https:\\\/\\\/imago-systems.com\\\/#\\\/schema\\\/logo\\\/image\\\/\",\"url\":\"https:\\\/\\\/imago-systems.com\\\/wp-content\\\/uploads\\\/2024\\\/11\\\/cropped-cropped-cropped-IMAGO-LOGO-.jpg\",\"contentUrl\":\"https:\\\/\\\/imago-systems.com\\\/wp-content\\\/uploads\\\/2024\\\/11\\\/cropped-cropped-cropped-IMAGO-LOGO-.jpg\",\"width\":512,\"height\":512,\"caption\":\"IMAGO Poland sp. z o.o.\"},\"image\":{\"@id\":\"https:\\\/\\\/imago-systems.com\\\/#\\\/schema\\\/logo\\\/image\\\/\"},\"sameAs\":[\"https:\\\/\\\/www.linkedin.com\\\/company\\\/imago-poland\\\/\"]}]}<\/script>\n<!-- \/ Yoast SEO plugin. -->","yoast_head_json":{"title":"IMAGO Holder for Ingenico iCT220-38-120 Terminal - IMAGO","description":"The Ingenico iCT220 terminal holder is a specialized accessory designed for safe and stable installation of the payment terminal.","robots":{"index":"index","follow":"follow","max-snippet":"max-snippet:-1","max-image-preview":"max-image-preview:large","max-video-preview":"max-video-preview:-1"},"canonical":"https:\/\/imago-systems.com\/en\/product\/imago-holder-for-ingenico-ict220-38-120-3054-terminal\/","og_locale":"en_US","og_type":"article","og_title":"IMAGO Uchwyt do terminala Ingenico iCT220-38-120 - IMAGO","og_description":"Uchwyt do terminala Ingenico iCT220\u00a0to specjalistyczne akcesorium zaprojektowane z my\u015bl\u0105 o bezpiecznym i stabilnym monta\u017cu terminala p\u0142atniczego.","og_url":"https:\/\/imago-systems.com\/en\/product\/imago-holder-for-ingenico-ict220-38-120-3054-terminal\/","og_site_name":"IMAGO","article_modified_time":"2025-11-19T13:35:13+00:00","og_image":[{"width":600,"height":600,"url":"https:\/\/imago-systems.com\/wp-content\/uploads\/2024\/08\/IMAGO-Uchwyt-do-terminala-platniczego-Ingenico-iCT220-38-120.jpg","type":"image\/jpeg"}],"twitter_card":"summary_large_image","twitter_misc":{"Est. reading time":"1 minute"},"schema":{"@context":"https:\/\/schema.org","@graph":[{"@type":"WebPage","@id":"https:\/\/imago-systems.com\/product\/imago-uchwyt-do-terminala-ingenico-ict220-38-120-3054\/","url":"https:\/\/imago-systems.com\/product\/imago-uchwyt-do-terminala-ingenico-ict220-38-120-3054\/","name":"IMAGO Holder for Ingenico iCT220-38-120 Terminal - IMAGO","isPartOf":{"@id":"https:\/\/imago-systems.com\/#website"},"primaryImageOfPage":{"@id":"https:\/\/imago-systems.com\/product\/imago-uchwyt-do-terminala-ingenico-ict220-38-120-3054\/#primaryimage"},"image":{"@id":"https:\/\/imago-systems.com\/product\/imago-uchwyt-do-terminala-ingenico-ict220-38-120-3054\/#primaryimage"},"thumbnailUrl":"https:\/\/imago-systems.com\/wp-content\/uploads\/2024\/08\/IMAGO-Uchwyt-do-terminala-platniczego-Ingenico-iCT220-38-120.jpg","datePublished":"2024-08-21T08:57:54+00:00","dateModified":"2025-11-19T13:35:13+00:00","description":"The Ingenico iCT220 terminal holder is a specialized accessory designed for safe and stable installation of the payment terminal.","breadcrumb":{"@id":"https:\/\/imago-systems.com\/product\/imago-uchwyt-do-terminala-ingenico-ict220-38-120-3054\/#breadcrumb"},"inLanguage":"en-US","potentialAction":[{"@type":"ReadAction","target":["https:\/\/imago-systems.com\/product\/imago-uchwyt-do-terminala-ingenico-ict220-38-120-3054\/"]}]},{"@type":"ImageObject","inLanguage":"en-US","@id":"https:\/\/imago-systems.com\/product\/imago-uchwyt-do-terminala-ingenico-ict220-38-120-3054\/#primaryimage","url":"https:\/\/imago-systems.com\/wp-content\/uploads\/2024\/08\/IMAGO-Uchwyt-do-terminala-platniczego-Ingenico-iCT220-38-120.jpg","contentUrl":"https:\/\/imago-systems.com\/wp-content\/uploads\/2024\/08\/IMAGO-Uchwyt-do-terminala-platniczego-Ingenico-iCT220-38-120.jpg","width":600,"height":600,"caption":"IMAGO Uchwyt do terminala p\u0142atniczego Ingenico iCT220-38-120"},{"@type":"BreadcrumbList","@id":"https:\/\/imago-systems.com\/product\/imago-uchwyt-do-terminala-ingenico-ict220-38-120-3054\/#breadcrumb","itemListElement":[{"@type":"ListItem","position":1,"name":"Home","item":"https:\/\/imago-systems.com\/"},{"@type":"ListItem","position":2,"name":"Shop","item":"https:\/\/imago-systems.com\/shop\/"},{"@type":"ListItem","position":3,"name":"IMAGO Tree","item":"https:\/\/imago-systems.com\/product-category\/imago-tree\/"},{"@type":"ListItem","position":4,"name":"Uchwyty na terminale p\u0142atnicze","item":"https:\/\/imago-systems.com\/product-category\/imago-tree\/uchwyty-na-terminale-platnicze\/"},{"@type":"ListItem","position":5,"name":"IMAGO Uchwyt do terminala Ingenico iCT220-38-120"}]},{"@type":"WebSite","@id":"https:\/\/imago-systems.com\/#website","url":"https:\/\/imago-systems.com\/","name":"IMAGO systems","description":"Modern solutions for industry and retail.","publisher":{"@id":"https:\/\/imago-systems.com\/#organization"},"alternateName":"IMAGO","potentialAction":[{"@type":"SearchAction","target":{"@type":"EntryPoint","urlTemplate":"https:\/\/imago-systems.com\/?s={search_term_string}"},"query-input":{"@type":"PropertyValueSpecification","valueRequired":true,"valueName":"search_term_string"}}],"inLanguage":"en-US"},{"@type":"Organization","@id":"https:\/\/imago-systems.com\/#organization","name":"IMAGO Poland sp. z o. o.","alternateName":"IMAGO","url":"https:\/\/imago-systems.com\/","logo":{"@type":"ImageObject","inLanguage":"en-US","@id":"https:\/\/imago-systems.com\/#\/schema\/logo\/image\/","url":"https:\/\/imago-systems.com\/wp-content\/uploads\/2024\/11\/cropped-cropped-cropped-IMAGO-LOGO-.jpg","contentUrl":"https:\/\/imago-systems.com\/wp-content\/uploads\/2024\/11\/cropped-cropped-cropped-IMAGO-LOGO-.jpg","width":512,"height":512,"caption":"IMAGO Poland sp. z o.o."},"image":{"@id":"https:\/\/imago-systems.com\/#\/schema\/logo\/image\/"},"sameAs":["https:\/\/www.linkedin.com\/company\/imago-poland\/"]}]}},"_links":{"self":[{"href":"https:\/\/imago-systems.com\/en\/wp-json\/wp\/v2\/product\/1310","targetHints":{"allow":["GET"]}}],"collection":[{"href":"https:\/\/imago-systems.com\/en\/wp-json\/wp\/v2\/product"}],"about":[{"href":"https:\/\/imago-systems.com\/en\/wp-json\/wp\/v2\/types\/product"}],"replies":[{"embeddable":true,"href":"https:\/\/imago-systems.com\/en\/wp-json\/wp\/v2\/comments?post=1310"}],"wp:featuredmedia":[{"embeddable":true,"href":"https:\/\/imago-systems.com\/en\/wp-json\/wp\/v2\/media\/1888"}],"wp:attachment":[{"href":"https:\/\/imago-systems.com\/en\/wp-json\/wp\/v2\/media?parent=1310"}],"wp:term":[{"taxonomy":"product_brand","embeddable":true,"href":"https:\/\/imago-systems.com\/en\/wp-json\/wp\/v2\/product_brand?post=1310"},{"taxonomy":"product_cat","embeddable":true,"href":"https:\/\/imago-systems.com\/en\/wp-json\/wp\/v2\/product_cat?post=1310"},{"taxonomy":"product_tag","embeddable":true,"href":"https:\/\/imago-systems.com\/en\/wp-json\/wp\/v2\/product_tag?post=1310"}],"curies":[{"name":"wp","href":"https:\/\/api.w.org\/{rel}","templated":true}]}}