{"id":1309,"date":"2024-08-21T11:51:45","date_gmt":"2024-08-21T08:51:45","guid":{"rendered":"http:\/\/imago-systems.com\/?post_type=product&#038;p=1309"},"modified":"2025-10-24T13:32:20","modified_gmt":"2025-10-24T12:32:20","slug":"imago-uchwyt-uniwersalny-do-terminala-platniczego-do-montazu-dla-sr-38-mm","status":"publish","type":"product","link":"https:\/\/imago-systems.com\/en\/product\/imago-uchwyt-uniwersalny-do-terminala-platniczego-do-montazu-dla-sr-38-mm\/","title":{"rendered":"IMAGO Universal holder for payment terminal for mounting for diameter 38 mm"},"content":{"rendered":"<div class=\"flex-shrink-0 flex flex-col relative items-end\">\n<div>\n<div class=\"pt-0\">\n<div class=\"gizmo-bot-avatar flex h-8 w-8 items-center justify-center overflow-hidden rounded-full\">\n<h1 class=\"relative p-1 rounded-sm flex items-center justify-center bg-token-main-surface-primary text-token-text-primary h-8 w-8\"><strong>IMAGO Uchwyt uniwersalny do terminala p\u0142atniczego do monta\u017cu dla \u015br. 38 mm<\/strong><\/h1>\n<\/div>\n<\/div>\n<\/div>\n<\/div>\n<div class=\"group\/conversation-turn relative flex w-full min-w-0 flex-col agent-turn\">\n<div class=\"flex-col gap-1 md:gap-3\">\n<div class=\"flex max-w-full flex-col flex-grow\">\n<div class=\"min-h-8 text-message flex w-full flex-col items-end gap-2 whitespace-normal break-words [.text-message+&amp;]:mt-5\" dir=\"auto\" data-message-author-role=\"assistant\" data-message-id=\"5a5e1014-d283-47ae-af51-0386870f7293\" data-message-model-slug=\"gpt-4o\">\n<div class=\"flex w-full flex-col gap-1 empty:hidden first:pt-[3px]\">\n<div class=\"markdown prose w-full break-words dark:prose-invert light\">\n<p>to wszechstronne akcesorium zaprojektowane z my\u015bl\u0105 o wygodnym i stabilnym mocowaniu terminali p\u0142atniczych. Dzi\u0119ki swojej uniwersalnej konstrukcji doskonale sprawdzi si\u0119 w r\u00f3\u017cnorodnych \u015brodowiskach pracy, takich jak punkty sprzeda\u017cy czy recepcje.<\/p>\n<hr \/>\n<h2>Kluczowe cechy uchwytu:<\/h2>\n<ul>\n<li><strong>Uniwersalna kompatybilno\u015b\u0107 &#8211; <\/strong>pasuje do wi\u0119kszo\u015bci popularnych terminali p\u0142atniczych, co czyni go idealnym rozwi\u0105zaniem dla r\u00f3\u017cnych marek i modeli.<\/li>\n<li><strong>Monta\u017c na ramieniu o \u015brednicy 38 mm &#8211; z<\/strong>aprojektowany specjalnie do integracji z ramionami monta\u017cowymi systemu IMAGO TREE, zapewnia stabilne i bezpieczne mocowanie.<\/li>\n<li><strong>Solidna konstrukcja &#8211; <\/strong>wykonany z wysokiej jako\u015bci materia\u0142\u00f3w, kt\u00f3re gwarantuj\u0105 trwa\u0142o\u015b\u0107 oraz odporno\u015b\u0107 na codzienn\u0105 eksploatacj\u0119.<\/li>\n<li><strong>Ergonomia pracy- <\/strong>umo\u017cliwia \u0142atwy dost\u0119p do terminala, poprawiaj\u0105c komfort obs\u0142ugi p\u0142atno\u015bci.<\/li>\n<li><strong>Estetyczny design &#8211; <\/strong>minimalistyczny i nowoczesny wygl\u0105d, kt\u00f3ry harmonijnie komponuje si\u0119 z profesjonalnym stanowiskiem pracy.<\/li>\n<\/ul>\n<p>&nbsp;<\/p>\n<h3>Ten <a href=\"https:\/\/imago-systems.com\/product-category\/imago-tree\/uchwyty-na-terminale-platnicze\/\">uniwersalny uchwyt<\/a> to niezast\u0105pione rozwi\u0105zanie dla firm, kt\u00f3re potrzebuj\u0105 elastycznego i trwa\u0142ego sposobu na organizacj\u0119 stanowiska z terminalem p\u0142atniczym, zapewniaj\u0105c wygod\u0119 zar\u00f3wno dla pracownik\u00f3w, jak i klient\u00f3w.<\/h3>\n<\/div>\n<\/div>\n<\/div>\n<\/div>\n<\/div>\n<\/div>\n","protected":false},"excerpt":{"rendered":"<p>IMAGO <a href=\"https:\/\/imago-systems.com\/en\/product-category\/imago-tree\/uchwyty-na-terminale-platnicze\/\">Universal holder for a payment terminal<\/a> For a diameter of 38 mm, this versatile solution allows for secure mounting of various payment terminal models. Thanks to its universal design, this holder can be easily adapted to many devices, ensuring stability and comfort during use.<\/p>","protected":false},"featured_media":16761,"comment_status":"open","ping_status":"closed","template":"","meta":[],"product_brand":[],"product_cat":[127],"product_tag":[163],"class_list":{"0":"post-1309","1":"product","2":"type-product","3":"status-publish","4":"has-post-thumbnail","6":"product_cat-uchwyty-na-terminale-platnicze","7":"product_tag-163","9":"first","10":"instock","11":"shipping-taxable","12":"product-type-simple"},"acf":[],"yoast_head":"<!-- This site is optimized with the Yoast SEO plugin v27.6 - https:\/\/yoast.com\/product\/yoast-seo-wordpress\/ -->\n<title>IMAGO Uchwyt uniwersalny do terminala p\u0142atniczego dla \u015br. 38 mm<\/title>\n<meta name=\"description\" content=\"IMAGO Uchwyt uniwersalny do terminala p\u0142atniczego dla \u015brednicy 38 mm to rozwi\u0105zanie, kt\u00f3re umo\u017cliwia bezpieczny monta\u017c r\u00f3\u017cnych modeli terminali.\" \/>\n<meta name=\"robots\" content=\"index, follow, max-snippet:-1, max-image-preview:large, max-video-preview:-1\" \/>\n<link rel=\"canonical\" href=\"https:\/\/imago-systems.com\/en\/product\/imago-uchwyt-uniwersalny-do-terminala-platniczego-do-montazu-dla-sr-38-mm\/\" \/>\n<meta property=\"og:locale\" content=\"en_US\" \/>\n<meta property=\"og:type\" content=\"article\" \/>\n<meta property=\"og:title\" content=\"IMAGO Uchwyt uniwersalny do terminala p\u0142atniczego dla \u015br. 38 mm\" \/>\n<meta property=\"og:description\" content=\"IMAGO Uchwyt uniwersalny do terminala p\u0142atniczego dla \u015brednicy 38 mm to rozwi\u0105zanie, kt\u00f3re umo\u017cliwia bezpieczny monta\u017c r\u00f3\u017cnych modeli terminali.\" \/>\n<meta property=\"og:url\" content=\"https:\/\/imago-systems.com\/en\/product\/imago-uchwyt-uniwersalny-do-terminala-platniczego-do-montazu-dla-sr-38-mm\/\" \/>\n<meta property=\"og:site_name\" content=\"IMAGO\" \/>\n<meta property=\"article:modified_time\" content=\"2025-10-24T12:32:20+00:00\" \/>\n<meta property=\"og:image\" content=\"https:\/\/imago-systems.com\/wp-content\/uploads\/2024\/08\/PINH-UNIV-38.webp\" \/>\n\t<meta property=\"og:image:width\" content=\"600\" \/>\n\t<meta property=\"og:image:height\" content=\"600\" \/>\n\t<meta property=\"og:image:type\" content=\"image\/webp\" \/>\n<meta name=\"twitter:card\" content=\"summary_large_image\" \/>\n<meta name=\"twitter:label1\" content=\"Est. reading time\" \/>\n\t<meta name=\"twitter:data1\" content=\"2 minutes\" \/>\n<script type=\"application\/ld+json\" class=\"yoast-schema-graph\">{\"@context\":\"https:\\\/\\\/schema.org\",\"@graph\":[{\"@type\":\"WebPage\",\"@id\":\"https:\\\/\\\/imago-systems.com\\\/product\\\/imago-uchwyt-uniwersalny-do-terminala-platniczego-do-montazu-dla-sr-38-mm\\\/\",\"url\":\"https:\\\/\\\/imago-systems.com\\\/product\\\/imago-uchwyt-uniwersalny-do-terminala-platniczego-do-montazu-dla-sr-38-mm\\\/\",\"name\":\"IMAGO Uchwyt uniwersalny do terminala p\u0142atniczego dla \u015br. 38 mm\",\"isPartOf\":{\"@id\":\"https:\\\/\\\/imago-systems.com\\\/#website\"},\"primaryImageOfPage\":{\"@id\":\"https:\\\/\\\/imago-systems.com\\\/product\\\/imago-uchwyt-uniwersalny-do-terminala-platniczego-do-montazu-dla-sr-38-mm\\\/#primaryimage\"},\"image\":{\"@id\":\"https:\\\/\\\/imago-systems.com\\\/product\\\/imago-uchwyt-uniwersalny-do-terminala-platniczego-do-montazu-dla-sr-38-mm\\\/#primaryimage\"},\"thumbnailUrl\":\"https:\\\/\\\/imago-systems.com\\\/wp-content\\\/uploads\\\/2024\\\/08\\\/PINH-UNIV-38.webp\",\"datePublished\":\"2024-08-21T08:51:45+00:00\",\"dateModified\":\"2025-10-24T12:32:20+00:00\",\"description\":\"IMAGO Uchwyt uniwersalny do terminala p\u0142atniczego dla \u015brednicy 38 mm to rozwi\u0105zanie, kt\u00f3re umo\u017cliwia bezpieczny monta\u017c r\u00f3\u017cnych modeli terminali.\",\"breadcrumb\":{\"@id\":\"https:\\\/\\\/imago-systems.com\\\/product\\\/imago-uchwyt-uniwersalny-do-terminala-platniczego-do-montazu-dla-sr-38-mm\\\/#breadcrumb\"},\"inLanguage\":\"en-US\",\"potentialAction\":[{\"@type\":\"ReadAction\",\"target\":[\"https:\\\/\\\/imago-systems.com\\\/product\\\/imago-uchwyt-uniwersalny-do-terminala-platniczego-do-montazu-dla-sr-38-mm\\\/\"]}]},{\"@type\":\"ImageObject\",\"inLanguage\":\"en-US\",\"@id\":\"https:\\\/\\\/imago-systems.com\\\/product\\\/imago-uchwyt-uniwersalny-do-terminala-platniczego-do-montazu-dla-sr-38-mm\\\/#primaryimage\",\"url\":\"https:\\\/\\\/imago-systems.com\\\/wp-content\\\/uploads\\\/2024\\\/08\\\/PINH-UNIV-38.webp\",\"contentUrl\":\"https:\\\/\\\/imago-systems.com\\\/wp-content\\\/uploads\\\/2024\\\/08\\\/PINH-UNIV-38.webp\",\"width\":600,\"height\":600,\"caption\":\"uniwersalny uchwyt na terminale p\u0142atnicze\"},{\"@type\":\"BreadcrumbList\",\"@id\":\"https:\\\/\\\/imago-systems.com\\\/product\\\/imago-uchwyt-uniwersalny-do-terminala-platniczego-do-montazu-dla-sr-38-mm\\\/#breadcrumb\",\"itemListElement\":[{\"@type\":\"ListItem\",\"position\":1,\"name\":\"Home\",\"item\":\"https:\\\/\\\/imago-systems.com\\\/\"},{\"@type\":\"ListItem\",\"position\":2,\"name\":\"Shop\",\"item\":\"https:\\\/\\\/imago-systems.com\\\/shop\\\/\"},{\"@type\":\"ListItem\",\"position\":3,\"name\":\"IMAGO Tree\",\"item\":\"https:\\\/\\\/imago-systems.com\\\/product-category\\\/imago-tree\\\/\"},{\"@type\":\"ListItem\",\"position\":4,\"name\":\"Uchwyty na terminale p\u0142atnicze\",\"item\":\"https:\\\/\\\/imago-systems.com\\\/product-category\\\/imago-tree\\\/uchwyty-na-terminale-platnicze\\\/\"},{\"@type\":\"ListItem\",\"position\":5,\"name\":\"IMAGO Uchwyt uniwersalny do terminala p\u0142atniczego do monta\u017cu dla \u015br. 38 mm\"}]},{\"@type\":\"WebSite\",\"@id\":\"https:\\\/\\\/imago-systems.com\\\/#website\",\"url\":\"https:\\\/\\\/imago-systems.com\\\/\",\"name\":\"IMAGO systems\",\"description\":\"Nowoczesne rozwi\u0105zania dla przemys\u0142u i handlu detalicznego.\",\"publisher\":{\"@id\":\"https:\\\/\\\/imago-systems.com\\\/#organization\"},\"alternateName\":\"IMAGO\",\"potentialAction\":[{\"@type\":\"SearchAction\",\"target\":{\"@type\":\"EntryPoint\",\"urlTemplate\":\"https:\\\/\\\/imago-systems.com\\\/?s={search_term_string}\"},\"query-input\":{\"@type\":\"PropertyValueSpecification\",\"valueRequired\":true,\"valueName\":\"search_term_string\"}}],\"inLanguage\":\"en-US\"},{\"@type\":\"Organization\",\"@id\":\"https:\\\/\\\/imago-systems.com\\\/#organization\",\"name\":\"IMAGO Poland sp. z o.o.\",\"alternateName\":\"IMAGO\",\"url\":\"https:\\\/\\\/imago-systems.com\\\/\",\"logo\":{\"@type\":\"ImageObject\",\"inLanguage\":\"en-US\",\"@id\":\"https:\\\/\\\/imago-systems.com\\\/#\\\/schema\\\/logo\\\/image\\\/\",\"url\":\"https:\\\/\\\/imago-systems.com\\\/wp-content\\\/uploads\\\/2024\\\/11\\\/cropped-cropped-cropped-IMAGO-LOGO-.jpg\",\"contentUrl\":\"https:\\\/\\\/imago-systems.com\\\/wp-content\\\/uploads\\\/2024\\\/11\\\/cropped-cropped-cropped-IMAGO-LOGO-.jpg\",\"width\":512,\"height\":512,\"caption\":\"IMAGO Poland sp. z o.o.\"},\"image\":{\"@id\":\"https:\\\/\\\/imago-systems.com\\\/#\\\/schema\\\/logo\\\/image\\\/\"},\"sameAs\":[\"https:\\\/\\\/www.linkedin.com\\\/company\\\/imago-poland\\\/\"]}]}<\/script>\n<!-- \/ Yoast SEO plugin. -->","yoast_head_json":{"title":"IMAGO Universal holder for payment terminals with a diameter of 38 mm","description":"IMAGO Universal holder for a 38 mm diameter payment terminal is a solution that enables safe installation of various terminal models.","robots":{"index":"index","follow":"follow","max-snippet":"max-snippet:-1","max-image-preview":"max-image-preview:large","max-video-preview":"max-video-preview:-1"},"canonical":"https:\/\/imago-systems.com\/en\/product\/imago-uchwyt-uniwersalny-do-terminala-platniczego-do-montazu-dla-sr-38-mm\/","og_locale":"en_US","og_type":"article","og_title":"IMAGO Uchwyt uniwersalny do terminala p\u0142atniczego dla \u015br. 38 mm","og_description":"IMAGO Uchwyt uniwersalny do terminala p\u0142atniczego dla \u015brednicy 38 mm to rozwi\u0105zanie, kt\u00f3re umo\u017cliwia bezpieczny monta\u017c r\u00f3\u017cnych modeli terminali.","og_url":"https:\/\/imago-systems.com\/en\/product\/imago-uchwyt-uniwersalny-do-terminala-platniczego-do-montazu-dla-sr-38-mm\/","og_site_name":"IMAGO","article_modified_time":"2025-10-24T12:32:20+00:00","og_image":[{"width":600,"height":600,"url":"https:\/\/imago-systems.com\/wp-content\/uploads\/2024\/08\/PINH-UNIV-38.webp","type":"image\/webp"}],"twitter_card":"summary_large_image","twitter_misc":{"Est. reading time":"2 minutes"},"schema":{"@context":"https:\/\/schema.org","@graph":[{"@type":"WebPage","@id":"https:\/\/imago-systems.com\/product\/imago-uchwyt-uniwersalny-do-terminala-platniczego-do-montazu-dla-sr-38-mm\/","url":"https:\/\/imago-systems.com\/product\/imago-uchwyt-uniwersalny-do-terminala-platniczego-do-montazu-dla-sr-38-mm\/","name":"IMAGO Universal holder for payment terminals with a diameter of 38 mm","isPartOf":{"@id":"https:\/\/imago-systems.com\/#website"},"primaryImageOfPage":{"@id":"https:\/\/imago-systems.com\/product\/imago-uchwyt-uniwersalny-do-terminala-platniczego-do-montazu-dla-sr-38-mm\/#primaryimage"},"image":{"@id":"https:\/\/imago-systems.com\/product\/imago-uchwyt-uniwersalny-do-terminala-platniczego-do-montazu-dla-sr-38-mm\/#primaryimage"},"thumbnailUrl":"https:\/\/imago-systems.com\/wp-content\/uploads\/2024\/08\/PINH-UNIV-38.webp","datePublished":"2024-08-21T08:51:45+00:00","dateModified":"2025-10-24T12:32:20+00:00","description":"IMAGO Universal holder for a 38 mm diameter payment terminal is a solution that enables safe installation of various terminal models.","breadcrumb":{"@id":"https:\/\/imago-systems.com\/product\/imago-uchwyt-uniwersalny-do-terminala-platniczego-do-montazu-dla-sr-38-mm\/#breadcrumb"},"inLanguage":"en-US","potentialAction":[{"@type":"ReadAction","target":["https:\/\/imago-systems.com\/product\/imago-uchwyt-uniwersalny-do-terminala-platniczego-do-montazu-dla-sr-38-mm\/"]}]},{"@type":"ImageObject","inLanguage":"en-US","@id":"https:\/\/imago-systems.com\/product\/imago-uchwyt-uniwersalny-do-terminala-platniczego-do-montazu-dla-sr-38-mm\/#primaryimage","url":"https:\/\/imago-systems.com\/wp-content\/uploads\/2024\/08\/PINH-UNIV-38.webp","contentUrl":"https:\/\/imago-systems.com\/wp-content\/uploads\/2024\/08\/PINH-UNIV-38.webp","width":600,"height":600,"caption":"uniwersalny uchwyt na terminale p\u0142atnicze"},{"@type":"BreadcrumbList","@id":"https:\/\/imago-systems.com\/product\/imago-uchwyt-uniwersalny-do-terminala-platniczego-do-montazu-dla-sr-38-mm\/#breadcrumb","itemListElement":[{"@type":"ListItem","position":1,"name":"Home","item":"https:\/\/imago-systems.com\/"},{"@type":"ListItem","position":2,"name":"Shop","item":"https:\/\/imago-systems.com\/shop\/"},{"@type":"ListItem","position":3,"name":"IMAGO Tree","item":"https:\/\/imago-systems.com\/product-category\/imago-tree\/"},{"@type":"ListItem","position":4,"name":"Uchwyty na terminale p\u0142atnicze","item":"https:\/\/imago-systems.com\/product-category\/imago-tree\/uchwyty-na-terminale-platnicze\/"},{"@type":"ListItem","position":5,"name":"IMAGO Uchwyt uniwersalny do terminala p\u0142atniczego do monta\u017cu dla \u015br. 38 mm"}]},{"@type":"WebSite","@id":"https:\/\/imago-systems.com\/#website","url":"https:\/\/imago-systems.com\/","name":"IMAGO systems","description":"Modern solutions for industry and retail.","publisher":{"@id":"https:\/\/imago-systems.com\/#organization"},"alternateName":"IMAGO","potentialAction":[{"@type":"SearchAction","target":{"@type":"EntryPoint","urlTemplate":"https:\/\/imago-systems.com\/?s={search_term_string}"},"query-input":{"@type":"PropertyValueSpecification","valueRequired":true,"valueName":"search_term_string"}}],"inLanguage":"en-US"},{"@type":"Organization","@id":"https:\/\/imago-systems.com\/#organization","name":"IMAGO Poland sp. z o. o.","alternateName":"IMAGO","url":"https:\/\/imago-systems.com\/","logo":{"@type":"ImageObject","inLanguage":"en-US","@id":"https:\/\/imago-systems.com\/#\/schema\/logo\/image\/","url":"https:\/\/imago-systems.com\/wp-content\/uploads\/2024\/11\/cropped-cropped-cropped-IMAGO-LOGO-.jpg","contentUrl":"https:\/\/imago-systems.com\/wp-content\/uploads\/2024\/11\/cropped-cropped-cropped-IMAGO-LOGO-.jpg","width":512,"height":512,"caption":"IMAGO Poland sp. z o.o."},"image":{"@id":"https:\/\/imago-systems.com\/#\/schema\/logo\/image\/"},"sameAs":["https:\/\/www.linkedin.com\/company\/imago-poland\/"]}]}},"_links":{"self":[{"href":"https:\/\/imago-systems.com\/en\/wp-json\/wp\/v2\/product\/1309","targetHints":{"allow":["GET"]}}],"collection":[{"href":"https:\/\/imago-systems.com\/en\/wp-json\/wp\/v2\/product"}],"about":[{"href":"https:\/\/imago-systems.com\/en\/wp-json\/wp\/v2\/types\/product"}],"replies":[{"embeddable":true,"href":"https:\/\/imago-systems.com\/en\/wp-json\/wp\/v2\/comments?post=1309"}],"wp:featuredmedia":[{"embeddable":true,"href":"https:\/\/imago-systems.com\/en\/wp-json\/wp\/v2\/media\/16761"}],"wp:attachment":[{"href":"https:\/\/imago-systems.com\/en\/wp-json\/wp\/v2\/media?parent=1309"}],"wp:term":[{"taxonomy":"product_brand","embeddable":true,"href":"https:\/\/imago-systems.com\/en\/wp-json\/wp\/v2\/product_brand?post=1309"},{"taxonomy":"product_cat","embeddable":true,"href":"https:\/\/imago-systems.com\/en\/wp-json\/wp\/v2\/product_cat?post=1309"},{"taxonomy":"product_tag","embeddable":true,"href":"https:\/\/imago-systems.com\/en\/wp-json\/wp\/v2\/product_tag?post=1309"}],"curies":[{"name":"wp","href":"https:\/\/api.w.org\/{rel}","templated":true}]}}