{"id":1308,"date":"2024-08-21T11:51:23","date_gmt":"2024-08-21T08:51:23","guid":{"rendered":"http:\/\/imago-systems.com\/?post_type=product&#038;p=1308"},"modified":"2025-11-19T14:54:11","modified_gmt":"2025-11-19T13:54:11","slug":"imago-holder-for-verifone-vx820-payment-terminal","status":"publish","type":"product","link":"https:\/\/imago-systems.com\/en\/product\/imago-holder-for-verifone-vx820-payment-terminal\/","title":{"rendered":"IMAGO Verifone VX820 payment terminal holder"},"content":{"rendered":"<h1>Holder for Verifone VX820<\/h1>\n<p>Designed to organize counter space. No more sliding payment terminals; now you can control them with a dedicated holder. Designed for use with the IMAGO tree mounting system, it allows you to create a fully ergonomic workstation with other components, such as VESA mounts, barcode scanner mounts, fiscal printer stands, keyboards, and much more.<\/p>\n<h2>What you should know about our <a href=\"https:\/\/imago-systems.com\/en\/product-category\/imago-tree\/uchwyty-na-terminale-platnicze\/\">terminal holders<\/a>?<\/h2>\n<ul>\n<li>You can customize them \u2013 with a minimum production time, we can design an element for you in any color or other dedicated element.<\/li>\n<li>They are available in versions for mounting systems (like this one) or as standalone stands.<\/li>\n<li>They are made of powder-coated steel<\/li>\n<li>They allow you to work at different angles<\/li>\n<\/ul>\n<p><strong>Learn more about IMAGO holders and decide which solution best suits your needs.<\/strong><\/p>","protected":false},"excerpt":{"rendered":"<p>IMAGO Verifone VX820 payment terminal stand is a functional accessory designed specifically for safe and convenient installation of the payment terminal. Thanks to its precisely fitted design, the stand provides stability and easy access to the device, which improves customer service.<\/p>","protected":false},"featured_media":1892,"comment_status":"open","ping_status":"closed","template":"","meta":[],"product_brand":[],"product_cat":[127],"product_tag":[162],"class_list":{"0":"post-1308","1":"product","2":"type-product","3":"status-publish","4":"has-post-thumbnail","6":"product_cat-uchwyty-na-terminale-platnicze","7":"product_tag-162","9":"first","10":"instock","11":"shipping-taxable","12":"product-type-simple"},"acf":[],"yoast_head":"<!-- This site is optimized with the Yoast SEO plugin v27.6 - https:\/\/yoast.com\/product\/yoast-seo-wordpress\/ -->\n<title>IMAGO Uchwyt na terminal p\u0142atniczy Verifone VX820 - IMAGO<\/title>\n<meta name=\"description\" content=\"Uchwyt na terminal p\u0142atniczy Verifone VX820 to akcesorium, zaprojektowane specjalnie do wygodnego monta\u017cu terminala p\u0142atniczego. Personalizuj jak lubisz.\" \/>\n<meta name=\"robots\" content=\"index, follow, max-snippet:-1, max-image-preview:large, max-video-preview:-1\" \/>\n<link rel=\"canonical\" href=\"https:\/\/imago-systems.com\/en\/product\/imago-holder-for-verifone-vx820-payment-terminal\/\" \/>\n<meta property=\"og:locale\" content=\"en_US\" \/>\n<meta property=\"og:type\" content=\"article\" \/>\n<meta property=\"og:title\" content=\"IMAGO Uchwyt na terminal p\u0142atniczy Verifone VX820 - IMAGO\" \/>\n<meta property=\"og:description\" content=\"Uchwyt na terminal p\u0142atniczy Verifone VX820 to akcesorium, zaprojektowane specjalnie do wygodnego monta\u017cu terminala p\u0142atniczego. Personalizuj jak lubisz.\" \/>\n<meta property=\"og:url\" content=\"https:\/\/imago-systems.com\/en\/product\/imago-holder-for-verifone-vx820-payment-terminal\/\" \/>\n<meta property=\"og:site_name\" content=\"IMAGO\" \/>\n<meta property=\"article:modified_time\" content=\"2025-11-19T13:54:11+00:00\" \/>\n<meta property=\"og:image\" content=\"https:\/\/imago-systems.com\/wp-content\/uploads\/2024\/08\/IMAGO-Uchwyt-do-terminala-platniczego-Verifone-VX820.jpg\" \/>\n\t<meta property=\"og:image:width\" content=\"600\" \/>\n\t<meta property=\"og:image:height\" content=\"600\" \/>\n\t<meta property=\"og:image:type\" content=\"image\/jpeg\" \/>\n<meta name=\"twitter:card\" content=\"summary_large_image\" \/>\n<meta name=\"twitter:label1\" content=\"Est. reading time\" \/>\n\t<meta name=\"twitter:data1\" content=\"1 minute\" \/>\n<script type=\"application\/ld+json\" class=\"yoast-schema-graph\">{\"@context\":\"https:\\\/\\\/schema.org\",\"@graph\":[{\"@type\":\"WebPage\",\"@id\":\"https:\\\/\\\/imago-systems.com\\\/product\\\/imago-uchwyt-na-terminal-platniczy-verifone-vx820\\\/\",\"url\":\"https:\\\/\\\/imago-systems.com\\\/product\\\/imago-uchwyt-na-terminal-platniczy-verifone-vx820\\\/\",\"name\":\"IMAGO Uchwyt na terminal p\u0142atniczy Verifone VX820 - IMAGO\",\"isPartOf\":{\"@id\":\"https:\\\/\\\/imago-systems.com\\\/#website\"},\"primaryImageOfPage\":{\"@id\":\"https:\\\/\\\/imago-systems.com\\\/product\\\/imago-uchwyt-na-terminal-platniczy-verifone-vx820\\\/#primaryimage\"},\"image\":{\"@id\":\"https:\\\/\\\/imago-systems.com\\\/product\\\/imago-uchwyt-na-terminal-platniczy-verifone-vx820\\\/#primaryimage\"},\"thumbnailUrl\":\"https:\\\/\\\/imago-systems.com\\\/wp-content\\\/uploads\\\/2024\\\/08\\\/IMAGO-Uchwyt-do-terminala-platniczego-Verifone-VX820.jpg\",\"datePublished\":\"2024-08-21T08:51:23+00:00\",\"dateModified\":\"2025-11-19T13:54:11+00:00\",\"description\":\"Uchwyt na terminal p\u0142atniczy Verifone VX820 to akcesorium, zaprojektowane specjalnie do wygodnego monta\u017cu terminala p\u0142atniczego. Personalizuj jak lubisz.\",\"breadcrumb\":{\"@id\":\"https:\\\/\\\/imago-systems.com\\\/product\\\/imago-uchwyt-na-terminal-platniczy-verifone-vx820\\\/#breadcrumb\"},\"inLanguage\":\"en-US\",\"potentialAction\":[{\"@type\":\"ReadAction\",\"target\":[\"https:\\\/\\\/imago-systems.com\\\/product\\\/imago-uchwyt-na-terminal-platniczy-verifone-vx820\\\/\"]}]},{\"@type\":\"ImageObject\",\"inLanguage\":\"en-US\",\"@id\":\"https:\\\/\\\/imago-systems.com\\\/product\\\/imago-uchwyt-na-terminal-platniczy-verifone-vx820\\\/#primaryimage\",\"url\":\"https:\\\/\\\/imago-systems.com\\\/wp-content\\\/uploads\\\/2024\\\/08\\\/IMAGO-Uchwyt-do-terminala-platniczego-Verifone-VX820.jpg\",\"contentUrl\":\"https:\\\/\\\/imago-systems.com\\\/wp-content\\\/uploads\\\/2024\\\/08\\\/IMAGO-Uchwyt-do-terminala-platniczego-Verifone-VX820.jpg\",\"width\":600,\"height\":600,\"caption\":\"IMAGO Uchwyt do terminala p\u0142atniczego Verifone VX820\"},{\"@type\":\"BreadcrumbList\",\"@id\":\"https:\\\/\\\/imago-systems.com\\\/product\\\/imago-uchwyt-na-terminal-platniczy-verifone-vx820\\\/#breadcrumb\",\"itemListElement\":[{\"@type\":\"ListItem\",\"position\":1,\"name\":\"Home\",\"item\":\"https:\\\/\\\/imago-systems.com\\\/\"},{\"@type\":\"ListItem\",\"position\":2,\"name\":\"Shop\",\"item\":\"https:\\\/\\\/imago-systems.com\\\/shop\\\/\"},{\"@type\":\"ListItem\",\"position\":3,\"name\":\"IMAGO Tree\",\"item\":\"https:\\\/\\\/imago-systems.com\\\/product-category\\\/imago-tree\\\/\"},{\"@type\":\"ListItem\",\"position\":4,\"name\":\"Uchwyty na terminale p\u0142atnicze\",\"item\":\"https:\\\/\\\/imago-systems.com\\\/product-category\\\/imago-tree\\\/uchwyty-na-terminale-platnicze\\\/\"},{\"@type\":\"ListItem\",\"position\":5,\"name\":\"IMAGO Uchwyt na terminal p\u0142atniczy Verifone VX820\"}]},{\"@type\":\"WebSite\",\"@id\":\"https:\\\/\\\/imago-systems.com\\\/#website\",\"url\":\"https:\\\/\\\/imago-systems.com\\\/\",\"name\":\"IMAGO systems\",\"description\":\"Nowoczesne rozwi\u0105zania dla przemys\u0142u i handlu detalicznego.\",\"publisher\":{\"@id\":\"https:\\\/\\\/imago-systems.com\\\/#organization\"},\"alternateName\":\"IMAGO\",\"potentialAction\":[{\"@type\":\"SearchAction\",\"target\":{\"@type\":\"EntryPoint\",\"urlTemplate\":\"https:\\\/\\\/imago-systems.com\\\/?s={search_term_string}\"},\"query-input\":{\"@type\":\"PropertyValueSpecification\",\"valueRequired\":true,\"valueName\":\"search_term_string\"}}],\"inLanguage\":\"en-US\"},{\"@type\":\"Organization\",\"@id\":\"https:\\\/\\\/imago-systems.com\\\/#organization\",\"name\":\"IMAGO Poland sp. z o.o.\",\"alternateName\":\"IMAGO\",\"url\":\"https:\\\/\\\/imago-systems.com\\\/\",\"logo\":{\"@type\":\"ImageObject\",\"inLanguage\":\"en-US\",\"@id\":\"https:\\\/\\\/imago-systems.com\\\/#\\\/schema\\\/logo\\\/image\\\/\",\"url\":\"https:\\\/\\\/imago-systems.com\\\/wp-content\\\/uploads\\\/2024\\\/11\\\/cropped-cropped-cropped-IMAGO-LOGO-.jpg\",\"contentUrl\":\"https:\\\/\\\/imago-systems.com\\\/wp-content\\\/uploads\\\/2024\\\/11\\\/cropped-cropped-cropped-IMAGO-LOGO-.jpg\",\"width\":512,\"height\":512,\"caption\":\"IMAGO Poland sp. z o.o.\"},\"image\":{\"@id\":\"https:\\\/\\\/imago-systems.com\\\/#\\\/schema\\\/logo\\\/image\\\/\"},\"sameAs\":[\"https:\\\/\\\/www.linkedin.com\\\/company\\\/imago-poland\\\/\"]}]}<\/script>\n<!-- \/ Yoast SEO plugin. -->","yoast_head_json":{"title":"IMAGO Holder for Verifone VX820 Payment Terminal - IMAGO","description":"The Verifone VX820 payment terminal holder is an accessory designed specifically for conveniently mounting your payment terminal. Personalize it however you like.","robots":{"index":"index","follow":"follow","max-snippet":"max-snippet:-1","max-image-preview":"max-image-preview:large","max-video-preview":"max-video-preview:-1"},"canonical":"https:\/\/imago-systems.com\/en\/product\/imago-holder-for-verifone-vx820-payment-terminal\/","og_locale":"en_US","og_type":"article","og_title":"IMAGO Uchwyt na terminal p\u0142atniczy Verifone VX820 - IMAGO","og_description":"Uchwyt na terminal p\u0142atniczy Verifone VX820 to akcesorium, zaprojektowane specjalnie do wygodnego monta\u017cu terminala p\u0142atniczego. Personalizuj jak lubisz.","og_url":"https:\/\/imago-systems.com\/en\/product\/imago-holder-for-verifone-vx820-payment-terminal\/","og_site_name":"IMAGO","article_modified_time":"2025-11-19T13:54:11+00:00","og_image":[{"width":600,"height":600,"url":"https:\/\/imago-systems.com\/wp-content\/uploads\/2024\/08\/IMAGO-Uchwyt-do-terminala-platniczego-Verifone-VX820.jpg","type":"image\/jpeg"}],"twitter_card":"summary_large_image","twitter_misc":{"Est. reading time":"1 minute"},"schema":{"@context":"https:\/\/schema.org","@graph":[{"@type":"WebPage","@id":"https:\/\/imago-systems.com\/product\/imago-uchwyt-na-terminal-platniczy-verifone-vx820\/","url":"https:\/\/imago-systems.com\/product\/imago-uchwyt-na-terminal-platniczy-verifone-vx820\/","name":"IMAGO Holder for Verifone VX820 Payment Terminal - IMAGO","isPartOf":{"@id":"https:\/\/imago-systems.com\/#website"},"primaryImageOfPage":{"@id":"https:\/\/imago-systems.com\/product\/imago-uchwyt-na-terminal-platniczy-verifone-vx820\/#primaryimage"},"image":{"@id":"https:\/\/imago-systems.com\/product\/imago-uchwyt-na-terminal-platniczy-verifone-vx820\/#primaryimage"},"thumbnailUrl":"https:\/\/imago-systems.com\/wp-content\/uploads\/2024\/08\/IMAGO-Uchwyt-do-terminala-platniczego-Verifone-VX820.jpg","datePublished":"2024-08-21T08:51:23+00:00","dateModified":"2025-11-19T13:54:11+00:00","description":"The Verifone VX820 payment terminal holder is an accessory designed specifically for conveniently mounting your payment terminal. Personalize it however you like.","breadcrumb":{"@id":"https:\/\/imago-systems.com\/product\/imago-uchwyt-na-terminal-platniczy-verifone-vx820\/#breadcrumb"},"inLanguage":"en-US","potentialAction":[{"@type":"ReadAction","target":["https:\/\/imago-systems.com\/product\/imago-uchwyt-na-terminal-platniczy-verifone-vx820\/"]}]},{"@type":"ImageObject","inLanguage":"en-US","@id":"https:\/\/imago-systems.com\/product\/imago-uchwyt-na-terminal-platniczy-verifone-vx820\/#primaryimage","url":"https:\/\/imago-systems.com\/wp-content\/uploads\/2024\/08\/IMAGO-Uchwyt-do-terminala-platniczego-Verifone-VX820.jpg","contentUrl":"https:\/\/imago-systems.com\/wp-content\/uploads\/2024\/08\/IMAGO-Uchwyt-do-terminala-platniczego-Verifone-VX820.jpg","width":600,"height":600,"caption":"IMAGO Uchwyt do terminala p\u0142atniczego Verifone VX820"},{"@type":"BreadcrumbList","@id":"https:\/\/imago-systems.com\/product\/imago-uchwyt-na-terminal-platniczy-verifone-vx820\/#breadcrumb","itemListElement":[{"@type":"ListItem","position":1,"name":"Home","item":"https:\/\/imago-systems.com\/"},{"@type":"ListItem","position":2,"name":"Shop","item":"https:\/\/imago-systems.com\/shop\/"},{"@type":"ListItem","position":3,"name":"IMAGO Tree","item":"https:\/\/imago-systems.com\/product-category\/imago-tree\/"},{"@type":"ListItem","position":4,"name":"Uchwyty na terminale p\u0142atnicze","item":"https:\/\/imago-systems.com\/product-category\/imago-tree\/uchwyty-na-terminale-platnicze\/"},{"@type":"ListItem","position":5,"name":"IMAGO Uchwyt na terminal p\u0142atniczy Verifone VX820"}]},{"@type":"WebSite","@id":"https:\/\/imago-systems.com\/#website","url":"https:\/\/imago-systems.com\/","name":"IMAGO systems","description":"Modern solutions for industry and retail.","publisher":{"@id":"https:\/\/imago-systems.com\/#organization"},"alternateName":"IMAGO","potentialAction":[{"@type":"SearchAction","target":{"@type":"EntryPoint","urlTemplate":"https:\/\/imago-systems.com\/?s={search_term_string}"},"query-input":{"@type":"PropertyValueSpecification","valueRequired":true,"valueName":"search_term_string"}}],"inLanguage":"en-US"},{"@type":"Organization","@id":"https:\/\/imago-systems.com\/#organization","name":"IMAGO Poland sp. z o. o.","alternateName":"IMAGO","url":"https:\/\/imago-systems.com\/","logo":{"@type":"ImageObject","inLanguage":"en-US","@id":"https:\/\/imago-systems.com\/#\/schema\/logo\/image\/","url":"https:\/\/imago-systems.com\/wp-content\/uploads\/2024\/11\/cropped-cropped-cropped-IMAGO-LOGO-.jpg","contentUrl":"https:\/\/imago-systems.com\/wp-content\/uploads\/2024\/11\/cropped-cropped-cropped-IMAGO-LOGO-.jpg","width":512,"height":512,"caption":"IMAGO Poland sp. z o.o."},"image":{"@id":"https:\/\/imago-systems.com\/#\/schema\/logo\/image\/"},"sameAs":["https:\/\/www.linkedin.com\/company\/imago-poland\/"]}]}},"_links":{"self":[{"href":"https:\/\/imago-systems.com\/en\/wp-json\/wp\/v2\/product\/1308","targetHints":{"allow":["GET"]}}],"collection":[{"href":"https:\/\/imago-systems.com\/en\/wp-json\/wp\/v2\/product"}],"about":[{"href":"https:\/\/imago-systems.com\/en\/wp-json\/wp\/v2\/types\/product"}],"replies":[{"embeddable":true,"href":"https:\/\/imago-systems.com\/en\/wp-json\/wp\/v2\/comments?post=1308"}],"wp:featuredmedia":[{"embeddable":true,"href":"https:\/\/imago-systems.com\/en\/wp-json\/wp\/v2\/media\/1892"}],"wp:attachment":[{"href":"https:\/\/imago-systems.com\/en\/wp-json\/wp\/v2\/media?parent=1308"}],"wp:term":[{"taxonomy":"product_brand","embeddable":true,"href":"https:\/\/imago-systems.com\/en\/wp-json\/wp\/v2\/product_brand?post=1308"},{"taxonomy":"product_cat","embeddable":true,"href":"https:\/\/imago-systems.com\/en\/wp-json\/wp\/v2\/product_cat?post=1308"},{"taxonomy":"product_tag","embeddable":true,"href":"https:\/\/imago-systems.com\/en\/wp-json\/wp\/v2\/product_tag?post=1308"}],"curies":[{"name":"wp","href":"https:\/\/api.w.org\/{rel}","templated":true}]}}