{"id":1307,"date":"2024-08-21T11:35:01","date_gmt":"2024-08-21T08:35:01","guid":{"rendered":"http:\/\/imago-systems.com\/?post_type=product&#038;p=1307"},"modified":"2025-10-24T13:41:32","modified_gmt":"2025-10-24T12:41:32","slug":"imago-podstawa-do-drukarki-166-177-sr-45","status":"publish","type":"product","link":"https:\/\/imago-systems.com\/en\/product\/imago-podstawa-do-drukarki-166-177-sr-45\/","title":{"rendered":"IMAGO Printer base 166\u00d7177 mm for 45 mm diameter"},"content":{"rendered":"<h1><strong>IMAGO printer base 166\u00d7177 mm for diameter 45 mm<\/strong><\/h1>\n<p>The 166x177mm model is a solid base designed specifically for printers mounted on a 45mm diameter pole\/arm. It is ideal for sales and service stations, providing stability and functionality.<\/p>\n<h2>Product characteristics:<\/h2>\n<ul>\n<li>Base construction <strong>guarantees safe installation of the printer<\/strong>, eliminating the problem of the device moving and ensuring its stability during operation.<\/li>\n<li>Made of high quality powder coated steel, <strong>the base is resistant to mechanical factors and corrosion<\/strong>. This makes it suitable for everyday use in intensive conditions.<\/li>\n<li>Thanks to its dimensions, the base <strong>allows you to set the printer in the optimal position<\/strong>, without taking up much work space. The well-thought-out design makes it easy to access the device, which increases the convenience of use.<\/li>\n<\/ul>\n<p>&nbsp;<\/p>\n<h3><a href=\"https:\/\/imago-systems.com\/en\/product-category\/imago-tree\/printer-bases\/\">Printer Basics<\/a> IMAGO is an indispensable accessory that not only supports the stable operation of the printer, but also allows for better space management at the workstation, contributing to greater service efficiency.<\/h3>","protected":false},"excerpt":{"rendered":"<p>IMAGO Printer Base 166x177mm for 45mm diameter is a compact accessory that provides a stable and orderly printer placement. Thanks to its appropriately selected dimensions, the base is ideal for optimizing the workspace, ensuring safe and comfortable use of the device. It is a practical solution that will work well in various work environments, where functionality and space saving are important.<\/p>","protected":false},"featured_media":1748,"comment_status":"open","ping_status":"closed","template":"","meta":[],"product_brand":[],"product_cat":[156],"product_tag":[161],"class_list":{"0":"post-1307","1":"product","2":"type-product","3":"status-publish","4":"has-post-thumbnail","6":"product_cat-podstawy-do-drukarek","7":"product_tag-161","9":"first","10":"instock","11":"shipping-taxable","12":"product-type-simple"},"acf":[],"yoast_head":"<!-- This site is optimized with the Yoast SEO plugin v27.6 - https:\/\/yoast.com\/product\/yoast-seo-wordpress\/ -->\n<title>IMAGO Podstawa do drukarki 166x177 mm dla \u015br. 45 mm - IMAGO<\/title>\n<meta name=\"description\" content=\"IMAGO Podstawa do drukarki 166x177 mm dla \u015br. 45mm to kompaktowe akcesorium, kt\u00f3re zapewnia stabilne i uporz\u0105dkowane umieszczenie drukarki.\" \/>\n<meta name=\"robots\" content=\"index, follow, max-snippet:-1, max-image-preview:large, max-video-preview:-1\" \/>\n<link rel=\"canonical\" href=\"https:\/\/imago-systems.com\/en\/product\/imago-podstawa-do-drukarki-166-177-sr-45\/\" \/>\n<meta property=\"og:locale\" content=\"en_US\" \/>\n<meta property=\"og:type\" content=\"article\" \/>\n<meta property=\"og:title\" content=\"IMAGO Podstawa do drukarki 166x177 mm dla \u015br. 45 mm - IMAGO\" \/>\n<meta property=\"og:description\" content=\"IMAGO Podstawa do drukarki 166x177 mm dla \u015br. 45mm to kompaktowe akcesorium, kt\u00f3re zapewnia stabilne i uporz\u0105dkowane umieszczenie drukarki.\" \/>\n<meta property=\"og:url\" content=\"https:\/\/imago-systems.com\/en\/product\/imago-podstawa-do-drukarki-166-177-sr-45\/\" \/>\n<meta property=\"og:site_name\" content=\"IMAGO\" \/>\n<meta property=\"article:modified_time\" content=\"2025-10-24T12:41:32+00:00\" \/>\n<meta property=\"og:image\" content=\"https:\/\/imago-systems.com\/wp-content\/uploads\/2024\/08\/IMAGO-Podstawa-do-drukarki-177x166-mm-dla-sr.-45-mm.jpg\" \/>\n\t<meta property=\"og:image:width\" content=\"600\" \/>\n\t<meta property=\"og:image:height\" content=\"600\" \/>\n\t<meta property=\"og:image:type\" content=\"image\/jpeg\" \/>\n<meta name=\"twitter:card\" content=\"summary_large_image\" \/>\n<meta name=\"twitter:label1\" content=\"Est. reading time\" \/>\n\t<meta name=\"twitter:data1\" content=\"2 minutes\" \/>\n<script type=\"application\/ld+json\" class=\"yoast-schema-graph\">{\"@context\":\"https:\\\/\\\/schema.org\",\"@graph\":[{\"@type\":\"WebPage\",\"@id\":\"https:\\\/\\\/imago-systems.com\\\/product\\\/imago-podstawa-do-drukarki-166-177-sr-45\\\/\",\"url\":\"https:\\\/\\\/imago-systems.com\\\/product\\\/imago-podstawa-do-drukarki-166-177-sr-45\\\/\",\"name\":\"IMAGO Podstawa do drukarki 166x177 mm dla \u015br. 45 mm - IMAGO\",\"isPartOf\":{\"@id\":\"https:\\\/\\\/imago-systems.com\\\/#website\"},\"primaryImageOfPage\":{\"@id\":\"https:\\\/\\\/imago-systems.com\\\/product\\\/imago-podstawa-do-drukarki-166-177-sr-45\\\/#primaryimage\"},\"image\":{\"@id\":\"https:\\\/\\\/imago-systems.com\\\/product\\\/imago-podstawa-do-drukarki-166-177-sr-45\\\/#primaryimage\"},\"thumbnailUrl\":\"https:\\\/\\\/imago-systems.com\\\/wp-content\\\/uploads\\\/2024\\\/08\\\/IMAGO-Podstawa-do-drukarki-177x166-mm-dla-sr.-45-mm.jpg\",\"datePublished\":\"2024-08-21T08:35:01+00:00\",\"dateModified\":\"2025-10-24T12:41:32+00:00\",\"description\":\"IMAGO Podstawa do drukarki 166x177 mm dla \u015br. 45mm to kompaktowe akcesorium, kt\u00f3re zapewnia stabilne i uporz\u0105dkowane umieszczenie drukarki.\",\"breadcrumb\":{\"@id\":\"https:\\\/\\\/imago-systems.com\\\/product\\\/imago-podstawa-do-drukarki-166-177-sr-45\\\/#breadcrumb\"},\"inLanguage\":\"en-US\",\"potentialAction\":[{\"@type\":\"ReadAction\",\"target\":[\"https:\\\/\\\/imago-systems.com\\\/product\\\/imago-podstawa-do-drukarki-166-177-sr-45\\\/\"]}]},{\"@type\":\"ImageObject\",\"inLanguage\":\"en-US\",\"@id\":\"https:\\\/\\\/imago-systems.com\\\/product\\\/imago-podstawa-do-drukarki-166-177-sr-45\\\/#primaryimage\",\"url\":\"https:\\\/\\\/imago-systems.com\\\/wp-content\\\/uploads\\\/2024\\\/08\\\/IMAGO-Podstawa-do-drukarki-177x166-mm-dla-sr.-45-mm.jpg\",\"contentUrl\":\"https:\\\/\\\/imago-systems.com\\\/wp-content\\\/uploads\\\/2024\\\/08\\\/IMAGO-Podstawa-do-drukarki-177x166-mm-dla-sr.-45-mm.jpg\",\"width\":600,\"height\":600,\"caption\":\"IMAGO Podstawa do drukarki 177x166 mm dla \u015br. 45 mm\"},{\"@type\":\"BreadcrumbList\",\"@id\":\"https:\\\/\\\/imago-systems.com\\\/product\\\/imago-podstawa-do-drukarki-166-177-sr-45\\\/#breadcrumb\",\"itemListElement\":[{\"@type\":\"ListItem\",\"position\":1,\"name\":\"Home\",\"item\":\"https:\\\/\\\/imago-systems.com\\\/\"},{\"@type\":\"ListItem\",\"position\":2,\"name\":\"Shop\",\"item\":\"https:\\\/\\\/imago-systems.com\\\/shop\\\/\"},{\"@type\":\"ListItem\",\"position\":3,\"name\":\"IMAGO Tree\",\"item\":\"https:\\\/\\\/imago-systems.com\\\/product-category\\\/imago-tree\\\/\"},{\"@type\":\"ListItem\",\"position\":4,\"name\":\"Podstawy do drukarek\",\"item\":\"https:\\\/\\\/imago-systems.com\\\/product-category\\\/imago-tree\\\/podstawy-do-drukarek\\\/\"},{\"@type\":\"ListItem\",\"position\":5,\"name\":\"IMAGO Podstawa do drukarki 166&#215;177 mm dla \u015br. 45 mm\"}]},{\"@type\":\"WebSite\",\"@id\":\"https:\\\/\\\/imago-systems.com\\\/#website\",\"url\":\"https:\\\/\\\/imago-systems.com\\\/\",\"name\":\"IMAGO systems\",\"description\":\"Nowoczesne rozwi\u0105zania dla przemys\u0142u i handlu detalicznego.\",\"publisher\":{\"@id\":\"https:\\\/\\\/imago-systems.com\\\/#organization\"},\"alternateName\":\"IMAGO\",\"potentialAction\":[{\"@type\":\"SearchAction\",\"target\":{\"@type\":\"EntryPoint\",\"urlTemplate\":\"https:\\\/\\\/imago-systems.com\\\/?s={search_term_string}\"},\"query-input\":{\"@type\":\"PropertyValueSpecification\",\"valueRequired\":true,\"valueName\":\"search_term_string\"}}],\"inLanguage\":\"en-US\"},{\"@type\":\"Organization\",\"@id\":\"https:\\\/\\\/imago-systems.com\\\/#organization\",\"name\":\"IMAGO Poland sp. z o.o.\",\"alternateName\":\"IMAGO\",\"url\":\"https:\\\/\\\/imago-systems.com\\\/\",\"logo\":{\"@type\":\"ImageObject\",\"inLanguage\":\"en-US\",\"@id\":\"https:\\\/\\\/imago-systems.com\\\/#\\\/schema\\\/logo\\\/image\\\/\",\"url\":\"https:\\\/\\\/imago-systems.com\\\/wp-content\\\/uploads\\\/2024\\\/11\\\/cropped-cropped-cropped-IMAGO-LOGO-.jpg\",\"contentUrl\":\"https:\\\/\\\/imago-systems.com\\\/wp-content\\\/uploads\\\/2024\\\/11\\\/cropped-cropped-cropped-IMAGO-LOGO-.jpg\",\"width\":512,\"height\":512,\"caption\":\"IMAGO Poland sp. z o.o.\"},\"image\":{\"@id\":\"https:\\\/\\\/imago-systems.com\\\/#\\\/schema\\\/logo\\\/image\\\/\"},\"sameAs\":[\"https:\\\/\\\/www.linkedin.com\\\/company\\\/imago-poland\\\/\"]}]}<\/script>\n<!-- \/ Yoast SEO plugin. -->","yoast_head_json":{"title":"IMAGO Printer Stand 166x177 mm for 45 mm diameter - IMAGO","description":"IMAGO Printer Stand 166x177 mm for 45mm diameter is a compact accessory that ensures stable and tidy placement of the printer.","robots":{"index":"index","follow":"follow","max-snippet":"max-snippet:-1","max-image-preview":"max-image-preview:large","max-video-preview":"max-video-preview:-1"},"canonical":"https:\/\/imago-systems.com\/en\/product\/imago-podstawa-do-drukarki-166-177-sr-45\/","og_locale":"en_US","og_type":"article","og_title":"IMAGO Podstawa do drukarki 166x177 mm dla \u015br. 45 mm - IMAGO","og_description":"IMAGO Podstawa do drukarki 166x177 mm dla \u015br. 45mm to kompaktowe akcesorium, kt\u00f3re zapewnia stabilne i uporz\u0105dkowane umieszczenie drukarki.","og_url":"https:\/\/imago-systems.com\/en\/product\/imago-podstawa-do-drukarki-166-177-sr-45\/","og_site_name":"IMAGO","article_modified_time":"2025-10-24T12:41:32+00:00","og_image":[{"width":600,"height":600,"url":"https:\/\/imago-systems.com\/wp-content\/uploads\/2024\/08\/IMAGO-Podstawa-do-drukarki-177x166-mm-dla-sr.-45-mm.jpg","type":"image\/jpeg"}],"twitter_card":"summary_large_image","twitter_misc":{"Est. reading time":"2 minutes"},"schema":{"@context":"https:\/\/schema.org","@graph":[{"@type":"WebPage","@id":"https:\/\/imago-systems.com\/product\/imago-podstawa-do-drukarki-166-177-sr-45\/","url":"https:\/\/imago-systems.com\/product\/imago-podstawa-do-drukarki-166-177-sr-45\/","name":"IMAGO Printer Stand 166x177 mm for 45 mm diameter - IMAGO","isPartOf":{"@id":"https:\/\/imago-systems.com\/#website"},"primaryImageOfPage":{"@id":"https:\/\/imago-systems.com\/product\/imago-podstawa-do-drukarki-166-177-sr-45\/#primaryimage"},"image":{"@id":"https:\/\/imago-systems.com\/product\/imago-podstawa-do-drukarki-166-177-sr-45\/#primaryimage"},"thumbnailUrl":"https:\/\/imago-systems.com\/wp-content\/uploads\/2024\/08\/IMAGO-Podstawa-do-drukarki-177x166-mm-dla-sr.-45-mm.jpg","datePublished":"2024-08-21T08:35:01+00:00","dateModified":"2025-10-24T12:41:32+00:00","description":"IMAGO Printer Stand 166x177 mm for 45mm diameter is a compact accessory that ensures stable and tidy placement of the printer.","breadcrumb":{"@id":"https:\/\/imago-systems.com\/product\/imago-podstawa-do-drukarki-166-177-sr-45\/#breadcrumb"},"inLanguage":"en-US","potentialAction":[{"@type":"ReadAction","target":["https:\/\/imago-systems.com\/product\/imago-podstawa-do-drukarki-166-177-sr-45\/"]}]},{"@type":"ImageObject","inLanguage":"en-US","@id":"https:\/\/imago-systems.com\/product\/imago-podstawa-do-drukarki-166-177-sr-45\/#primaryimage","url":"https:\/\/imago-systems.com\/wp-content\/uploads\/2024\/08\/IMAGO-Podstawa-do-drukarki-177x166-mm-dla-sr.-45-mm.jpg","contentUrl":"https:\/\/imago-systems.com\/wp-content\/uploads\/2024\/08\/IMAGO-Podstawa-do-drukarki-177x166-mm-dla-sr.-45-mm.jpg","width":600,"height":600,"caption":"IMAGO Podstawa do drukarki 177x166 mm dla \u015br. 45 mm"},{"@type":"BreadcrumbList","@id":"https:\/\/imago-systems.com\/product\/imago-podstawa-do-drukarki-166-177-sr-45\/#breadcrumb","itemListElement":[{"@type":"ListItem","position":1,"name":"Home","item":"https:\/\/imago-systems.com\/"},{"@type":"ListItem","position":2,"name":"Shop","item":"https:\/\/imago-systems.com\/shop\/"},{"@type":"ListItem","position":3,"name":"IMAGO Tree","item":"https:\/\/imago-systems.com\/product-category\/imago-tree\/"},{"@type":"ListItem","position":4,"name":"Podstawy do drukarek","item":"https:\/\/imago-systems.com\/product-category\/imago-tree\/podstawy-do-drukarek\/"},{"@type":"ListItem","position":5,"name":"IMAGO Podstawa do drukarki 166&#215;177 mm dla \u015br. 45 mm"}]},{"@type":"WebSite","@id":"https:\/\/imago-systems.com\/#website","url":"https:\/\/imago-systems.com\/","name":"IMAGO systems","description":"Modern solutions for industry and retail.","publisher":{"@id":"https:\/\/imago-systems.com\/#organization"},"alternateName":"IMAGO","potentialAction":[{"@type":"SearchAction","target":{"@type":"EntryPoint","urlTemplate":"https:\/\/imago-systems.com\/?s={search_term_string}"},"query-input":{"@type":"PropertyValueSpecification","valueRequired":true,"valueName":"search_term_string"}}],"inLanguage":"en-US"},{"@type":"Organization","@id":"https:\/\/imago-systems.com\/#organization","name":"IMAGO Poland sp. z o. o.","alternateName":"IMAGO","url":"https:\/\/imago-systems.com\/","logo":{"@type":"ImageObject","inLanguage":"en-US","@id":"https:\/\/imago-systems.com\/#\/schema\/logo\/image\/","url":"https:\/\/imago-systems.com\/wp-content\/uploads\/2024\/11\/cropped-cropped-cropped-IMAGO-LOGO-.jpg","contentUrl":"https:\/\/imago-systems.com\/wp-content\/uploads\/2024\/11\/cropped-cropped-cropped-IMAGO-LOGO-.jpg","width":512,"height":512,"caption":"IMAGO Poland sp. z o.o."},"image":{"@id":"https:\/\/imago-systems.com\/#\/schema\/logo\/image\/"},"sameAs":["https:\/\/www.linkedin.com\/company\/imago-poland\/"]}]}},"_links":{"self":[{"href":"https:\/\/imago-systems.com\/en\/wp-json\/wp\/v2\/product\/1307","targetHints":{"allow":["GET"]}}],"collection":[{"href":"https:\/\/imago-systems.com\/en\/wp-json\/wp\/v2\/product"}],"about":[{"href":"https:\/\/imago-systems.com\/en\/wp-json\/wp\/v2\/types\/product"}],"replies":[{"embeddable":true,"href":"https:\/\/imago-systems.com\/en\/wp-json\/wp\/v2\/comments?post=1307"}],"wp:featuredmedia":[{"embeddable":true,"href":"https:\/\/imago-systems.com\/en\/wp-json\/wp\/v2\/media\/1748"}],"wp:attachment":[{"href":"https:\/\/imago-systems.com\/en\/wp-json\/wp\/v2\/media?parent=1307"}],"wp:term":[{"taxonomy":"product_brand","embeddable":true,"href":"https:\/\/imago-systems.com\/en\/wp-json\/wp\/v2\/product_brand?post=1307"},{"taxonomy":"product_cat","embeddable":true,"href":"https:\/\/imago-systems.com\/en\/wp-json\/wp\/v2\/product_cat?post=1307"},{"taxonomy":"product_tag","embeddable":true,"href":"https:\/\/imago-systems.com\/en\/wp-json\/wp\/v2\/product_tag?post=1307"}],"curies":[{"name":"wp","href":"https:\/\/api.w.org\/{rel}","templated":true}]}}