{"id":1306,"date":"2024-08-21T11:19:25","date_gmt":"2024-08-21T08:19:25","guid":{"rendered":"http:\/\/imago-systems.com\/?post_type=product&#038;p=1306"},"modified":"2025-10-24T13:41:57","modified_gmt":"2025-10-24T12:41:57","slug":"imago-podstawa-do-drukarki-sr-45","status":"publish","type":"product","link":"https:\/\/imago-systems.com\/en\/product\/imago-podstawa-do-drukarki-sr-45\/","title":{"rendered":"IMAGO Printer base 154\u00d7183 mm for 45 mm diameter"},"content":{"rendered":"<div class=\"flex-shrink-0 flex flex-col relative items-end\">\n<div>\n<div class=\"pt-0\">\n<div class=\"gizmo-bot-avatar flex h-8 w-8 items-center justify-center overflow-hidden rounded-full\">\n<h1 class=\"relative p-1 rounded-sm flex items-center justify-center bg-token-main-surface-primary text-token-text-primary h-8 w-8\"><strong>IMAGO Podstawa do drukarki 154&#215;183 mm dla \u015br. 45 mm<\/strong><\/h1>\n<\/div>\n<\/div>\n<\/div>\n<\/div>\n<div class=\"group\/conversation-turn relative flex w-full min-w-0 flex-col agent-turn\">\n<div class=\"flex-col gap-1 md:gap-3\">\n<div class=\"flex max-w-full flex-col flex-grow\">\n<div class=\"min-h-8 text-message flex w-full flex-col items-end gap-2 whitespace-normal break-words [.text-message+&amp;]:mt-5\" dir=\"auto\" data-message-author-role=\"assistant\" data-message-id=\"e2d8184d-be89-4f01-a0c2-b30bb439059f\" data-message-model-slug=\"gpt-4o\">\n<div class=\"flex w-full flex-col gap-1 empty:hidden first:pt-[3px]\">\n<div class=\"markdown prose w-full break-words dark:prose-invert light\">\n<p>IMAGO Podstawa do drukarki, o wymiarach 154&#215;183 mm, to praktyczne akcesorium, stworzone z my\u015bl\u0105 o stabilnym monta\u017cu drukarek w punktach sprzeda\u017cy oraz stanowiskach obs\u0142ugi. Zaprojektowana dla urz\u0105dze\u0144 z mocowaniem o \u015brednicy 45 mm, zapewnia niezawodne podparcie, kt\u00f3re sprawdzi si\u0119 w warunkach intensywnego u\u017cytkowania.<\/p>\n<h2>Najwa\u017cniejsze cechy produktu:<\/h2>\n<\/div>\n<\/div>\n<\/div>\n<\/div>\n<\/div>\n<\/div>\n<div class=\"group\/conversation-turn relative flex w-full min-w-0 flex-col agent-turn\">\n<div class=\"flex-col gap-1 md:gap-3\">\n<div class=\"flex max-w-full flex-col flex-grow\">\n<div class=\"min-h-8 text-message flex w-full flex-col items-end gap-2 whitespace-normal break-words [.text-message+&amp;]:mt-5\" dir=\"auto\" data-message-author-role=\"assistant\" data-message-id=\"e2d8184d-be89-4f01-a0c2-b30bb439059f\" data-message-model-slug=\"gpt-4o\">\n<div class=\"flex w-full flex-col gap-1 empty:hidden first:pt-[3px]\">\n<div class=\"markdown prose w-full break-words dark:prose-invert light\">\n<ul>\n<li><strong>Stabilno\u015b\u0107 monta\u017cu<\/strong><\/li>\n<\/ul>\n<p>Solidna konstrukcja podstawy gwarantuje mocne osadzenie drukarki, co skutecznie zapobiega jej przesuwaniu si\u0119 czy przypadkowemu przesuni\u0119ciu, wp\u0142ywaj\u0105c na bezpieczn\u0105 i wygodn\u0105 prac\u0119.<\/p>\n<\/div>\n<\/div>\n<\/div>\n<\/div>\n<\/div>\n<\/div>\n<div class=\"group\/conversation-turn relative flex w-full min-w-0 flex-col agent-turn\">\n<div class=\"flex-col gap-1 md:gap-3\">\n<div class=\"flex max-w-full flex-col flex-grow\">\n<div class=\"min-h-8 text-message flex w-full flex-col items-end gap-2 whitespace-normal break-words [.text-message+&amp;]:mt-5\" dir=\"auto\" data-message-author-role=\"assistant\" data-message-id=\"e2d8184d-be89-4f01-a0c2-b30bb439059f\" data-message-model-slug=\"gpt-4o\">\n<div class=\"flex w-full flex-col gap-1 empty:hidden first:pt-[3px]\">\n<div class=\"markdown prose w-full break-words dark:prose-invert light\">\n<ul>\n<li><strong>Odporno\u015b\u0107 na trudne warunki<\/strong><\/li>\n<\/ul>\n<p>Podstawa wykonana jest z wytrzyma\u0142ej stali malowanej proszkowo, dzi\u0119ki czemu jest odporna na uszkodzenia oraz korozj\u0119. Doskonale sprawdzi si\u0119 w wymagaj\u0105cym \u015brodowisku, oferuj\u0105c trwa\u0142o\u015b\u0107 i niezawodno\u015b\u0107 na lata.<\/p>\n<\/div>\n<\/div>\n<\/div>\n<\/div>\n<\/div>\n<\/div>\n<div class=\"group\/conversation-turn relative flex w-full min-w-0 flex-col agent-turn\">\n<div class=\"flex-col gap-1 md:gap-3\">\n<div class=\"flex max-w-full flex-col flex-grow\">\n<div class=\"min-h-8 text-message flex w-full flex-col items-end gap-2 whitespace-normal break-words [.text-message+&amp;]:mt-5\" dir=\"auto\" data-message-author-role=\"assistant\" data-message-id=\"e2d8184d-be89-4f01-a0c2-b30bb439059f\" data-message-model-slug=\"gpt-4o\">\n<div class=\"flex w-full flex-col gap-1 empty:hidden first:pt-[3px]\">\n<div class=\"markdown prose w-full break-words dark:prose-invert light\">\n<ul>\n<li><strong>Przemy\u015blana, kompaktowa konstrukcja<\/strong><\/li>\n<\/ul>\n<p>Zoptymalizowane wymiary umo\u017cliwiaj\u0105 wygodne umiejscowienie drukarki, oszcz\u0119dzaj\u0105c miejsce na stanowisku pracy. Jej ergonomiczny design u\u0142atwia dost\u0119p do urz\u0105dzenia, co znacz\u0105co poprawia komfort i p\u0142ynno\u015b\u0107 obs\u0142ugi.<\/p>\n<\/div>\n<\/div>\n<\/div>\n<\/div>\n<\/div>\n<\/div>\n<p>&nbsp;<\/p>\n<div class=\"group\/conversation-turn relative flex w-full min-w-0 flex-col agent-turn\">\n<div class=\"flex-col gap-1 md:gap-3\">\n<div class=\"flex max-w-full flex-col flex-grow\">\n<div class=\"min-h-8 text-message flex w-full flex-col items-end gap-2 whitespace-normal break-words [.text-message+&amp;]:mt-5\" dir=\"auto\" data-message-author-role=\"assistant\" data-message-id=\"e2d8184d-be89-4f01-a0c2-b30bb439059f\" data-message-model-slug=\"gpt-4o\">\n<div class=\"flex w-full flex-col gap-1 empty:hidden first:pt-[3px]\">\n<div class=\"markdown prose w-full break-words dark:prose-invert light\">\n<h3><a href=\"https:\/\/imago-systems.com\/product-category\/imago-tree\/podstawy-do-drukarek\/\">Podstawy do drukarek<\/a> IMAGO to dodatek, kt\u00f3ry przyczynia si\u0119 do lepszego zorganizowania stanowiska pracy i zwi\u0119kszenia wydajno\u015bci obs\u0142ugi klienta, b\u0119d\u0105c jednocze\u015bnie trwa\u0142ym i estetycznym elementem wyposa\u017cenia.<\/h3>\n<\/div>\n<\/div>\n<\/div>\n<\/div>\n<\/div>\n<\/div>\n","protected":false},"excerpt":{"rendered":"<p>IMAGO Printer Base 154\u00d7183 mm for 45mm diameter is a compact accessory that provides a stable and orderly printer placement. Thanks to its appropriately selected dimensions, the base is ideal for optimizing the workspace, ensuring safe and comfortable use of the device. It is a practical solution that will work in various work environments where functionality and space saving are important.<\/p>","protected":false},"featured_media":1751,"comment_status":"open","ping_status":"closed","template":"","meta":[],"product_brand":[],"product_cat":[156],"product_tag":[160],"class_list":{"0":"post-1306","1":"product","2":"type-product","3":"status-publish","4":"has-post-thumbnail","6":"product_cat-podstawy-do-drukarek","7":"product_tag-160","9":"first","10":"instock","11":"shipping-taxable","12":"product-type-simple"},"acf":[],"yoast_head":"<!-- This site is optimized with the Yoast SEO plugin v27.6 - https:\/\/yoast.com\/product\/yoast-seo-wordpress\/ -->\n<title>IMAGO Podstawa do drukarki 154x183 mm dla \u015br. 45 mm - IMAGO<\/title>\n<meta name=\"description\" content=\"IMAGO Podstawa do drukarki 154x183 mm dla \u015br. 45mm to kompaktowe akcesorium, kt\u00f3re zapewnia stabilne i uporz\u0105dkowane umieszczenie drukarki.\" \/>\n<meta name=\"robots\" content=\"index, follow, max-snippet:-1, max-image-preview:large, max-video-preview:-1\" \/>\n<link rel=\"canonical\" href=\"https:\/\/imago-systems.com\/en\/product\/imago-podstawa-do-drukarki-sr-45\/\" \/>\n<meta property=\"og:locale\" content=\"en_US\" \/>\n<meta property=\"og:type\" content=\"article\" \/>\n<meta property=\"og:title\" content=\"IMAGO Podstawa do drukarki 154x183 mm dla \u015br. 45 mm - IMAGO\" \/>\n<meta property=\"og:description\" content=\"IMAGO Podstawa do drukarki 154x183 mm dla \u015br. 45mm to kompaktowe akcesorium, kt\u00f3re zapewnia stabilne i uporz\u0105dkowane umieszczenie drukarki.\" \/>\n<meta property=\"og:url\" content=\"https:\/\/imago-systems.com\/en\/product\/imago-podstawa-do-drukarki-sr-45\/\" \/>\n<meta property=\"og:site_name\" content=\"IMAGO\" \/>\n<meta property=\"article:modified_time\" content=\"2025-10-24T12:41:57+00:00\" \/>\n<meta property=\"og:image\" content=\"https:\/\/imago-systems.com\/wp-content\/uploads\/2024\/08\/IMAGO-Podstawa-do-drukarki-183x154-mm-dla-sr.-45-mm.png\" \/>\n\t<meta property=\"og:image:width\" content=\"600\" \/>\n\t<meta property=\"og:image:height\" content=\"600\" \/>\n\t<meta property=\"og:image:type\" content=\"image\/png\" \/>\n<meta name=\"twitter:card\" content=\"summary_large_image\" \/>\n<meta name=\"twitter:label1\" content=\"Est. reading time\" \/>\n\t<meta name=\"twitter:data1\" content=\"2 minutes\" \/>\n<script type=\"application\/ld+json\" class=\"yoast-schema-graph\">{\"@context\":\"https:\\\/\\\/schema.org\",\"@graph\":[{\"@type\":\"WebPage\",\"@id\":\"https:\\\/\\\/imago-systems.com\\\/product\\\/imago-podstawa-do-drukarki-sr-45\\\/\",\"url\":\"https:\\\/\\\/imago-systems.com\\\/product\\\/imago-podstawa-do-drukarki-sr-45\\\/\",\"name\":\"IMAGO Podstawa do drukarki 154x183 mm dla \u015br. 45 mm - IMAGO\",\"isPartOf\":{\"@id\":\"https:\\\/\\\/imago-systems.com\\\/#website\"},\"primaryImageOfPage\":{\"@id\":\"https:\\\/\\\/imago-systems.com\\\/product\\\/imago-podstawa-do-drukarki-sr-45\\\/#primaryimage\"},\"image\":{\"@id\":\"https:\\\/\\\/imago-systems.com\\\/product\\\/imago-podstawa-do-drukarki-sr-45\\\/#primaryimage\"},\"thumbnailUrl\":\"https:\\\/\\\/imago-systems.com\\\/wp-content\\\/uploads\\\/2024\\\/08\\\/IMAGO-Podstawa-do-drukarki-183x154-mm-dla-sr.-45-mm.png\",\"datePublished\":\"2024-08-21T08:19:25+00:00\",\"dateModified\":\"2025-10-24T12:41:57+00:00\",\"description\":\"IMAGO Podstawa do drukarki 154x183 mm dla \u015br. 45mm to kompaktowe akcesorium, kt\u00f3re zapewnia stabilne i uporz\u0105dkowane umieszczenie drukarki.\",\"breadcrumb\":{\"@id\":\"https:\\\/\\\/imago-systems.com\\\/product\\\/imago-podstawa-do-drukarki-sr-45\\\/#breadcrumb\"},\"inLanguage\":\"en-US\",\"potentialAction\":[{\"@type\":\"ReadAction\",\"target\":[\"https:\\\/\\\/imago-systems.com\\\/product\\\/imago-podstawa-do-drukarki-sr-45\\\/\"]}]},{\"@type\":\"ImageObject\",\"inLanguage\":\"en-US\",\"@id\":\"https:\\\/\\\/imago-systems.com\\\/product\\\/imago-podstawa-do-drukarki-sr-45\\\/#primaryimage\",\"url\":\"https:\\\/\\\/imago-systems.com\\\/wp-content\\\/uploads\\\/2024\\\/08\\\/IMAGO-Podstawa-do-drukarki-183x154-mm-dla-sr.-45-mm.png\",\"contentUrl\":\"https:\\\/\\\/imago-systems.com\\\/wp-content\\\/uploads\\\/2024\\\/08\\\/IMAGO-Podstawa-do-drukarki-183x154-mm-dla-sr.-45-mm.png\",\"width\":600,\"height\":600,\"caption\":\"IMAGO Podstawa do drukarki 183x154 mm dla \u015br. 45 mm\"},{\"@type\":\"BreadcrumbList\",\"@id\":\"https:\\\/\\\/imago-systems.com\\\/product\\\/imago-podstawa-do-drukarki-sr-45\\\/#breadcrumb\",\"itemListElement\":[{\"@type\":\"ListItem\",\"position\":1,\"name\":\"Home\",\"item\":\"https:\\\/\\\/imago-systems.com\\\/\"},{\"@type\":\"ListItem\",\"position\":2,\"name\":\"Shop\",\"item\":\"https:\\\/\\\/imago-systems.com\\\/shop\\\/\"},{\"@type\":\"ListItem\",\"position\":3,\"name\":\"IMAGO Tree\",\"item\":\"https:\\\/\\\/imago-systems.com\\\/product-category\\\/imago-tree\\\/\"},{\"@type\":\"ListItem\",\"position\":4,\"name\":\"Podstawy do drukarek\",\"item\":\"https:\\\/\\\/imago-systems.com\\\/product-category\\\/imago-tree\\\/podstawy-do-drukarek\\\/\"},{\"@type\":\"ListItem\",\"position\":5,\"name\":\"IMAGO Podstawa do drukarki 154&#215;183 mm dla \u015br. 45 mm\"}]},{\"@type\":\"WebSite\",\"@id\":\"https:\\\/\\\/imago-systems.com\\\/#website\",\"url\":\"https:\\\/\\\/imago-systems.com\\\/\",\"name\":\"IMAGO systems\",\"description\":\"Nowoczesne rozwi\u0105zania dla przemys\u0142u i handlu detalicznego.\",\"publisher\":{\"@id\":\"https:\\\/\\\/imago-systems.com\\\/#organization\"},\"alternateName\":\"IMAGO\",\"potentialAction\":[{\"@type\":\"SearchAction\",\"target\":{\"@type\":\"EntryPoint\",\"urlTemplate\":\"https:\\\/\\\/imago-systems.com\\\/?s={search_term_string}\"},\"query-input\":{\"@type\":\"PropertyValueSpecification\",\"valueRequired\":true,\"valueName\":\"search_term_string\"}}],\"inLanguage\":\"en-US\"},{\"@type\":\"Organization\",\"@id\":\"https:\\\/\\\/imago-systems.com\\\/#organization\",\"name\":\"IMAGO Poland sp. z o.o.\",\"alternateName\":\"IMAGO\",\"url\":\"https:\\\/\\\/imago-systems.com\\\/\",\"logo\":{\"@type\":\"ImageObject\",\"inLanguage\":\"en-US\",\"@id\":\"https:\\\/\\\/imago-systems.com\\\/#\\\/schema\\\/logo\\\/image\\\/\",\"url\":\"https:\\\/\\\/imago-systems.com\\\/wp-content\\\/uploads\\\/2024\\\/11\\\/cropped-cropped-cropped-IMAGO-LOGO-.jpg\",\"contentUrl\":\"https:\\\/\\\/imago-systems.com\\\/wp-content\\\/uploads\\\/2024\\\/11\\\/cropped-cropped-cropped-IMAGO-LOGO-.jpg\",\"width\":512,\"height\":512,\"caption\":\"IMAGO Poland sp. z o.o.\"},\"image\":{\"@id\":\"https:\\\/\\\/imago-systems.com\\\/#\\\/schema\\\/logo\\\/image\\\/\"},\"sameAs\":[\"https:\\\/\\\/www.linkedin.com\\\/company\\\/imago-poland\\\/\"]}]}<\/script>\n<!-- \/ Yoast SEO plugin. -->","yoast_head_json":{"title":"IMAGO Printer Stand 154x183 mm for 45 mm diameter - IMAGO","description":"IMAGO Printer Stand 154x183 mm for 45mm diameter is a compact accessory that ensures stable and tidy placement of the printer.","robots":{"index":"index","follow":"follow","max-snippet":"max-snippet:-1","max-image-preview":"max-image-preview:large","max-video-preview":"max-video-preview:-1"},"canonical":"https:\/\/imago-systems.com\/en\/product\/imago-podstawa-do-drukarki-sr-45\/","og_locale":"en_US","og_type":"article","og_title":"IMAGO Podstawa do drukarki 154x183 mm dla \u015br. 45 mm - IMAGO","og_description":"IMAGO Podstawa do drukarki 154x183 mm dla \u015br. 45mm to kompaktowe akcesorium, kt\u00f3re zapewnia stabilne i uporz\u0105dkowane umieszczenie drukarki.","og_url":"https:\/\/imago-systems.com\/en\/product\/imago-podstawa-do-drukarki-sr-45\/","og_site_name":"IMAGO","article_modified_time":"2025-10-24T12:41:57+00:00","og_image":[{"width":600,"height":600,"url":"https:\/\/imago-systems.com\/wp-content\/uploads\/2024\/08\/IMAGO-Podstawa-do-drukarki-183x154-mm-dla-sr.-45-mm.png","type":"image\/png"}],"twitter_card":"summary_large_image","twitter_misc":{"Est. reading time":"2 minutes"},"schema":{"@context":"https:\/\/schema.org","@graph":[{"@type":"WebPage","@id":"https:\/\/imago-systems.com\/product\/imago-podstawa-do-drukarki-sr-45\/","url":"https:\/\/imago-systems.com\/product\/imago-podstawa-do-drukarki-sr-45\/","name":"IMAGO Printer Stand 154x183 mm for 45 mm diameter - IMAGO","isPartOf":{"@id":"https:\/\/imago-systems.com\/#website"},"primaryImageOfPage":{"@id":"https:\/\/imago-systems.com\/product\/imago-podstawa-do-drukarki-sr-45\/#primaryimage"},"image":{"@id":"https:\/\/imago-systems.com\/product\/imago-podstawa-do-drukarki-sr-45\/#primaryimage"},"thumbnailUrl":"https:\/\/imago-systems.com\/wp-content\/uploads\/2024\/08\/IMAGO-Podstawa-do-drukarki-183x154-mm-dla-sr.-45-mm.png","datePublished":"2024-08-21T08:19:25+00:00","dateModified":"2025-10-24T12:41:57+00:00","description":"IMAGO Printer Stand 154x183 mm for 45mm diameter is a compact accessory that ensures stable and tidy placement of the printer.","breadcrumb":{"@id":"https:\/\/imago-systems.com\/product\/imago-podstawa-do-drukarki-sr-45\/#breadcrumb"},"inLanguage":"en-US","potentialAction":[{"@type":"ReadAction","target":["https:\/\/imago-systems.com\/product\/imago-podstawa-do-drukarki-sr-45\/"]}]},{"@type":"ImageObject","inLanguage":"en-US","@id":"https:\/\/imago-systems.com\/product\/imago-podstawa-do-drukarki-sr-45\/#primaryimage","url":"https:\/\/imago-systems.com\/wp-content\/uploads\/2024\/08\/IMAGO-Podstawa-do-drukarki-183x154-mm-dla-sr.-45-mm.png","contentUrl":"https:\/\/imago-systems.com\/wp-content\/uploads\/2024\/08\/IMAGO-Podstawa-do-drukarki-183x154-mm-dla-sr.-45-mm.png","width":600,"height":600,"caption":"IMAGO Podstawa do drukarki 183x154 mm dla \u015br. 45 mm"},{"@type":"BreadcrumbList","@id":"https:\/\/imago-systems.com\/product\/imago-podstawa-do-drukarki-sr-45\/#breadcrumb","itemListElement":[{"@type":"ListItem","position":1,"name":"Home","item":"https:\/\/imago-systems.com\/"},{"@type":"ListItem","position":2,"name":"Shop","item":"https:\/\/imago-systems.com\/shop\/"},{"@type":"ListItem","position":3,"name":"IMAGO Tree","item":"https:\/\/imago-systems.com\/product-category\/imago-tree\/"},{"@type":"ListItem","position":4,"name":"Podstawy do drukarek","item":"https:\/\/imago-systems.com\/product-category\/imago-tree\/podstawy-do-drukarek\/"},{"@type":"ListItem","position":5,"name":"IMAGO Podstawa do drukarki 154&#215;183 mm dla \u015br. 45 mm"}]},{"@type":"WebSite","@id":"https:\/\/imago-systems.com\/#website","url":"https:\/\/imago-systems.com\/","name":"IMAGO systems","description":"Modern solutions for industry and retail.","publisher":{"@id":"https:\/\/imago-systems.com\/#organization"},"alternateName":"IMAGO","potentialAction":[{"@type":"SearchAction","target":{"@type":"EntryPoint","urlTemplate":"https:\/\/imago-systems.com\/?s={search_term_string}"},"query-input":{"@type":"PropertyValueSpecification","valueRequired":true,"valueName":"search_term_string"}}],"inLanguage":"en-US"},{"@type":"Organization","@id":"https:\/\/imago-systems.com\/#organization","name":"IMAGO Poland sp. z o. o.","alternateName":"IMAGO","url":"https:\/\/imago-systems.com\/","logo":{"@type":"ImageObject","inLanguage":"en-US","@id":"https:\/\/imago-systems.com\/#\/schema\/logo\/image\/","url":"https:\/\/imago-systems.com\/wp-content\/uploads\/2024\/11\/cropped-cropped-cropped-IMAGO-LOGO-.jpg","contentUrl":"https:\/\/imago-systems.com\/wp-content\/uploads\/2024\/11\/cropped-cropped-cropped-IMAGO-LOGO-.jpg","width":512,"height":512,"caption":"IMAGO Poland sp. z o.o."},"image":{"@id":"https:\/\/imago-systems.com\/#\/schema\/logo\/image\/"},"sameAs":["https:\/\/www.linkedin.com\/company\/imago-poland\/"]}]}},"_links":{"self":[{"href":"https:\/\/imago-systems.com\/en\/wp-json\/wp\/v2\/product\/1306","targetHints":{"allow":["GET"]}}],"collection":[{"href":"https:\/\/imago-systems.com\/en\/wp-json\/wp\/v2\/product"}],"about":[{"href":"https:\/\/imago-systems.com\/en\/wp-json\/wp\/v2\/types\/product"}],"replies":[{"embeddable":true,"href":"https:\/\/imago-systems.com\/en\/wp-json\/wp\/v2\/comments?post=1306"}],"wp:featuredmedia":[{"embeddable":true,"href":"https:\/\/imago-systems.com\/en\/wp-json\/wp\/v2\/media\/1751"}],"wp:attachment":[{"href":"https:\/\/imago-systems.com\/en\/wp-json\/wp\/v2\/media?parent=1306"}],"wp:term":[{"taxonomy":"product_brand","embeddable":true,"href":"https:\/\/imago-systems.com\/en\/wp-json\/wp\/v2\/product_brand?post=1306"},{"taxonomy":"product_cat","embeddable":true,"href":"https:\/\/imago-systems.com\/en\/wp-json\/wp\/v2\/product_cat?post=1306"},{"taxonomy":"product_tag","embeddable":true,"href":"https:\/\/imago-systems.com\/en\/wp-json\/wp\/v2\/product_tag?post=1306"}],"curies":[{"name":"wp","href":"https:\/\/api.w.org\/{rel}","templated":true}]}}