{"id":1303,"date":"2024-08-21T10:22:11","date_gmt":"2024-08-21T07:22:11","guid":{"rendered":"http:\/\/imago-systems.com\/?post_type=product&#038;p=1303"},"modified":"2025-10-24T13:43:18","modified_gmt":"2025-10-24T12:43:18","slug":"imago-uchwyt-podwojny-krotki-vesa-75-100-dla-sr-45-mm","status":"publish","type":"product","link":"https:\/\/imago-systems.com\/en\/product\/imago-uchwyt-podwojny-krotki-vesa-75-100-dla-sr-45-mm\/","title":{"rendered":"IMAGO Double short VESA 75\/100 mount for 45mm diameter"},"content":{"rendered":"<h1>IMAGO Double short VESA 75\/100 mount for 45mm diameter<\/h1>\n<p>This is a solid solution for mounting monitors compliant with the VESA 75\u00d775 and 100\u00d7100 standards.<\/p>\n<p>&nbsp;<\/p>\n<p>It provides stable and secure mounting, and thanks to the construction made of high-quality powder-coated steel, it is exceptionally durable and resistant to damage. Ideal for professional use in offices, studios and workplaces where reliability and aesthetics count.<\/p>\n<p>&nbsp;<\/p>\n<h3><a href=\"https:\/\/imago-systems.com\/en\/product-category\/imago-tree\/uchwyty-vesa\/\">VESA mounts<\/a> from IMAGO come in many versions, so you can customize the perfect solution for your needs.<\/h3>","protected":false},"excerpt":{"rendered":"<p>IMAGO Short double VESA mount 75x75 \/ 100x100 for 45 mm diameter is a mount designed for safe and stable attachment of devices to a stand. Thanks to its compliance with the VESA 75x75 and 100x100 standards, this mount is a versatile solution, ideal for various applications, providing convenient and durable attachment of devices<\/p>","protected":false},"featured_media":1783,"comment_status":"open","ping_status":"closed","template":"","meta":[],"product_brand":[],"product_cat":[147],"product_tag":[155],"class_list":{"0":"post-1303","1":"product","2":"type-product","3":"status-publish","4":"has-post-thumbnail","6":"product_cat-uchwyty-vesa","7":"product_tag-155","9":"first","10":"instock","11":"shipping-taxable","12":"product-type-simple"},"acf":[],"yoast_head":"<!-- This site is optimized with the Yoast SEO plugin v27.6 - https:\/\/yoast.com\/product\/yoast-seo-wordpress\/ -->\n<title>IMAGO Kr\u00f3tki podw\u00f3jny uchwyt VESA 75\/100 - IMAGO<\/title>\n<meta name=\"description\" content=\"IMAGO Kr\u00f3tki podw\u00f3jny uchwyt VESA 75\/100 dla \u015br. 45 mm do monta\u017cu do stojaka zosta\u0142 zaprojektowany do stabilnego mocowania urz\u0105dze\u0144.\" \/>\n<meta name=\"robots\" content=\"index, follow, max-snippet:-1, max-image-preview:large, max-video-preview:-1\" \/>\n<link rel=\"canonical\" href=\"https:\/\/imago-systems.com\/en\/product\/imago-uchwyt-podwojny-krotki-vesa-75-100-dla-sr-45-mm\/\" \/>\n<meta property=\"og:locale\" content=\"en_US\" \/>\n<meta property=\"og:type\" content=\"article\" \/>\n<meta property=\"og:title\" content=\"IMAGO Kr\u00f3tki podw\u00f3jny uchwyt VESA 75\/100 - IMAGO\" \/>\n<meta property=\"og:description\" content=\"IMAGO Kr\u00f3tki podw\u00f3jny uchwyt VESA 75\/100 dla \u015br. 45 mm do monta\u017cu do stojaka zosta\u0142 zaprojektowany do stabilnego mocowania urz\u0105dze\u0144.\" \/>\n<meta property=\"og:url\" content=\"https:\/\/imago-systems.com\/en\/product\/imago-uchwyt-podwojny-krotki-vesa-75-100-dla-sr-45-mm\/\" \/>\n<meta property=\"og:site_name\" content=\"IMAGO\" \/>\n<meta property=\"article:modified_time\" content=\"2025-10-24T12:43:18+00:00\" \/>\n<meta property=\"og:image\" content=\"https:\/\/imago-systems.com\/wp-content\/uploads\/2024\/08\/IMAGO-Krotki-podwojny-uchwyt-VESA-75x75-100x100-do-montazu-do-stojaka-dla-sr.-45-mm.png\" \/>\n\t<meta property=\"og:image:width\" content=\"600\" \/>\n\t<meta property=\"og:image:height\" content=\"600\" \/>\n\t<meta property=\"og:image:type\" content=\"image\/png\" \/>\n<meta name=\"twitter:card\" content=\"summary_large_image\" \/>\n<meta name=\"twitter:label1\" content=\"Est. reading time\" \/>\n\t<meta name=\"twitter:data1\" content=\"1 minute\" \/>\n<script type=\"application\/ld+json\" class=\"yoast-schema-graph\">{\"@context\":\"https:\\\/\\\/schema.org\",\"@graph\":[{\"@type\":\"WebPage\",\"@id\":\"https:\\\/\\\/imago-systems.com\\\/product\\\/imago-uchwyt-podwojny-krotki-vesa-75-100-dla-sr-45-mm\\\/\",\"url\":\"https:\\\/\\\/imago-systems.com\\\/product\\\/imago-uchwyt-podwojny-krotki-vesa-75-100-dla-sr-45-mm\\\/\",\"name\":\"IMAGO Kr\u00f3tki podw\u00f3jny uchwyt VESA 75\\\/100 - IMAGO\",\"isPartOf\":{\"@id\":\"https:\\\/\\\/imago-systems.com\\\/#website\"},\"primaryImageOfPage\":{\"@id\":\"https:\\\/\\\/imago-systems.com\\\/product\\\/imago-uchwyt-podwojny-krotki-vesa-75-100-dla-sr-45-mm\\\/#primaryimage\"},\"image\":{\"@id\":\"https:\\\/\\\/imago-systems.com\\\/product\\\/imago-uchwyt-podwojny-krotki-vesa-75-100-dla-sr-45-mm\\\/#primaryimage\"},\"thumbnailUrl\":\"https:\\\/\\\/imago-systems.com\\\/wp-content\\\/uploads\\\/2024\\\/08\\\/IMAGO-Krotki-podwojny-uchwyt-VESA-75x75-100x100-do-montazu-do-stojaka-dla-sr.-45-mm.png\",\"datePublished\":\"2024-08-21T07:22:11+00:00\",\"dateModified\":\"2025-10-24T12:43:18+00:00\",\"description\":\"IMAGO Kr\u00f3tki podw\u00f3jny uchwyt VESA 75\\\/100 dla \u015br. 45 mm do monta\u017cu do stojaka zosta\u0142 zaprojektowany do stabilnego mocowania urz\u0105dze\u0144.\",\"breadcrumb\":{\"@id\":\"https:\\\/\\\/imago-systems.com\\\/product\\\/imago-uchwyt-podwojny-krotki-vesa-75-100-dla-sr-45-mm\\\/#breadcrumb\"},\"inLanguage\":\"en-US\",\"potentialAction\":[{\"@type\":\"ReadAction\",\"target\":[\"https:\\\/\\\/imago-systems.com\\\/product\\\/imago-uchwyt-podwojny-krotki-vesa-75-100-dla-sr-45-mm\\\/\"]}]},{\"@type\":\"ImageObject\",\"inLanguage\":\"en-US\",\"@id\":\"https:\\\/\\\/imago-systems.com\\\/product\\\/imago-uchwyt-podwojny-krotki-vesa-75-100-dla-sr-45-mm\\\/#primaryimage\",\"url\":\"https:\\\/\\\/imago-systems.com\\\/wp-content\\\/uploads\\\/2024\\\/08\\\/IMAGO-Krotki-podwojny-uchwyt-VESA-75x75-100x100-do-montazu-do-stojaka-dla-sr.-45-mm.png\",\"contentUrl\":\"https:\\\/\\\/imago-systems.com\\\/wp-content\\\/uploads\\\/2024\\\/08\\\/IMAGO-Krotki-podwojny-uchwyt-VESA-75x75-100x100-do-montazu-do-stojaka-dla-sr.-45-mm.png\",\"width\":600,\"height\":600,\"caption\":\"IMAGO Kr\u00f3tki podw\u00f3jny uchwyt VESA 75x75 100x100 do monta\u017cu do stojaka dla \u015br. 45 mm\"},{\"@type\":\"BreadcrumbList\",\"@id\":\"https:\\\/\\\/imago-systems.com\\\/product\\\/imago-uchwyt-podwojny-krotki-vesa-75-100-dla-sr-45-mm\\\/#breadcrumb\",\"itemListElement\":[{\"@type\":\"ListItem\",\"position\":1,\"name\":\"Home\",\"item\":\"https:\\\/\\\/imago-systems.com\\\/\"},{\"@type\":\"ListItem\",\"position\":2,\"name\":\"Shop\",\"item\":\"https:\\\/\\\/imago-systems.com\\\/shop\\\/\"},{\"@type\":\"ListItem\",\"position\":3,\"name\":\"IMAGO Tree\",\"item\":\"https:\\\/\\\/imago-systems.com\\\/product-category\\\/imago-tree\\\/\"},{\"@type\":\"ListItem\",\"position\":4,\"name\":\"Uchwyty VESA\",\"item\":\"https:\\\/\\\/imago-systems.com\\\/product-category\\\/imago-tree\\\/uchwyty-vesa\\\/\"},{\"@type\":\"ListItem\",\"position\":5,\"name\":\"IMAGO Uchwyt podw\u00f3jny kr\u00f3tki VESA 75\\\/100 dla \u015br. 45 mm\"}]},{\"@type\":\"WebSite\",\"@id\":\"https:\\\/\\\/imago-systems.com\\\/#website\",\"url\":\"https:\\\/\\\/imago-systems.com\\\/\",\"name\":\"IMAGO systems\",\"description\":\"Nowoczesne rozwi\u0105zania dla przemys\u0142u i handlu detalicznego.\",\"publisher\":{\"@id\":\"https:\\\/\\\/imago-systems.com\\\/#organization\"},\"alternateName\":\"IMAGO\",\"potentialAction\":[{\"@type\":\"SearchAction\",\"target\":{\"@type\":\"EntryPoint\",\"urlTemplate\":\"https:\\\/\\\/imago-systems.com\\\/?s={search_term_string}\"},\"query-input\":{\"@type\":\"PropertyValueSpecification\",\"valueRequired\":true,\"valueName\":\"search_term_string\"}}],\"inLanguage\":\"en-US\"},{\"@type\":\"Organization\",\"@id\":\"https:\\\/\\\/imago-systems.com\\\/#organization\",\"name\":\"IMAGO Poland sp. z o.o.\",\"alternateName\":\"IMAGO\",\"url\":\"https:\\\/\\\/imago-systems.com\\\/\",\"logo\":{\"@type\":\"ImageObject\",\"inLanguage\":\"en-US\",\"@id\":\"https:\\\/\\\/imago-systems.com\\\/#\\\/schema\\\/logo\\\/image\\\/\",\"url\":\"https:\\\/\\\/imago-systems.com\\\/wp-content\\\/uploads\\\/2024\\\/11\\\/cropped-cropped-cropped-IMAGO-LOGO-.jpg\",\"contentUrl\":\"https:\\\/\\\/imago-systems.com\\\/wp-content\\\/uploads\\\/2024\\\/11\\\/cropped-cropped-cropped-IMAGO-LOGO-.jpg\",\"width\":512,\"height\":512,\"caption\":\"IMAGO Poland sp. z o.o.\"},\"image\":{\"@id\":\"https:\\\/\\\/imago-systems.com\\\/#\\\/schema\\\/logo\\\/image\\\/\"},\"sameAs\":[\"https:\\\/\\\/www.linkedin.com\\\/company\\\/imago-poland\\\/\"]}]}<\/script>\n<!-- \/ Yoast SEO plugin. -->","yoast_head_json":{"title":"IMAGO Short Double VESA 75\/100 Mount - IMAGO","description":"IMAGO Short Dual VESA 75\/100 Bracket for 45mm Diameter Stand Mount is designed for stable device mounting.","robots":{"index":"index","follow":"follow","max-snippet":"max-snippet:-1","max-image-preview":"max-image-preview:large","max-video-preview":"max-video-preview:-1"},"canonical":"https:\/\/imago-systems.com\/en\/product\/imago-uchwyt-podwojny-krotki-vesa-75-100-dla-sr-45-mm\/","og_locale":"en_US","og_type":"article","og_title":"IMAGO Kr\u00f3tki podw\u00f3jny uchwyt VESA 75\/100 - IMAGO","og_description":"IMAGO Kr\u00f3tki podw\u00f3jny uchwyt VESA 75\/100 dla \u015br. 45 mm do monta\u017cu do stojaka zosta\u0142 zaprojektowany do stabilnego mocowania urz\u0105dze\u0144.","og_url":"https:\/\/imago-systems.com\/en\/product\/imago-uchwyt-podwojny-krotki-vesa-75-100-dla-sr-45-mm\/","og_site_name":"IMAGO","article_modified_time":"2025-10-24T12:43:18+00:00","og_image":[{"width":600,"height":600,"url":"https:\/\/imago-systems.com\/wp-content\/uploads\/2024\/08\/IMAGO-Krotki-podwojny-uchwyt-VESA-75x75-100x100-do-montazu-do-stojaka-dla-sr.-45-mm.png","type":"image\/png"}],"twitter_card":"summary_large_image","twitter_misc":{"Est. reading time":"1 minute"},"schema":{"@context":"https:\/\/schema.org","@graph":[{"@type":"WebPage","@id":"https:\/\/imago-systems.com\/product\/imago-uchwyt-podwojny-krotki-vesa-75-100-dla-sr-45-mm\/","url":"https:\/\/imago-systems.com\/product\/imago-uchwyt-podwojny-krotki-vesa-75-100-dla-sr-45-mm\/","name":"IMAGO Short Double VESA 75\/100 Mount - IMAGO","isPartOf":{"@id":"https:\/\/imago-systems.com\/#website"},"primaryImageOfPage":{"@id":"https:\/\/imago-systems.com\/product\/imago-uchwyt-podwojny-krotki-vesa-75-100-dla-sr-45-mm\/#primaryimage"},"image":{"@id":"https:\/\/imago-systems.com\/product\/imago-uchwyt-podwojny-krotki-vesa-75-100-dla-sr-45-mm\/#primaryimage"},"thumbnailUrl":"https:\/\/imago-systems.com\/wp-content\/uploads\/2024\/08\/IMAGO-Krotki-podwojny-uchwyt-VESA-75x75-100x100-do-montazu-do-stojaka-dla-sr.-45-mm.png","datePublished":"2024-08-21T07:22:11+00:00","dateModified":"2025-10-24T12:43:18+00:00","description":"IMAGO Short Dual VESA 75\/100 Bracket for 45mm Diameter Stand Mount is designed for stable device mounting.","breadcrumb":{"@id":"https:\/\/imago-systems.com\/product\/imago-uchwyt-podwojny-krotki-vesa-75-100-dla-sr-45-mm\/#breadcrumb"},"inLanguage":"en-US","potentialAction":[{"@type":"ReadAction","target":["https:\/\/imago-systems.com\/product\/imago-uchwyt-podwojny-krotki-vesa-75-100-dla-sr-45-mm\/"]}]},{"@type":"ImageObject","inLanguage":"en-US","@id":"https:\/\/imago-systems.com\/product\/imago-uchwyt-podwojny-krotki-vesa-75-100-dla-sr-45-mm\/#primaryimage","url":"https:\/\/imago-systems.com\/wp-content\/uploads\/2024\/08\/IMAGO-Krotki-podwojny-uchwyt-VESA-75x75-100x100-do-montazu-do-stojaka-dla-sr.-45-mm.png","contentUrl":"https:\/\/imago-systems.com\/wp-content\/uploads\/2024\/08\/IMAGO-Krotki-podwojny-uchwyt-VESA-75x75-100x100-do-montazu-do-stojaka-dla-sr.-45-mm.png","width":600,"height":600,"caption":"IMAGO Kr\u00f3tki podw\u00f3jny uchwyt VESA 75x75 100x100 do monta\u017cu do stojaka dla \u015br. 45 mm"},{"@type":"BreadcrumbList","@id":"https:\/\/imago-systems.com\/product\/imago-uchwyt-podwojny-krotki-vesa-75-100-dla-sr-45-mm\/#breadcrumb","itemListElement":[{"@type":"ListItem","position":1,"name":"Home","item":"https:\/\/imago-systems.com\/"},{"@type":"ListItem","position":2,"name":"Shop","item":"https:\/\/imago-systems.com\/shop\/"},{"@type":"ListItem","position":3,"name":"IMAGO Tree","item":"https:\/\/imago-systems.com\/product-category\/imago-tree\/"},{"@type":"ListItem","position":4,"name":"Uchwyty VESA","item":"https:\/\/imago-systems.com\/product-category\/imago-tree\/uchwyty-vesa\/"},{"@type":"ListItem","position":5,"name":"IMAGO Uchwyt podw\u00f3jny kr\u00f3tki VESA 75\/100 dla \u015br. 45 mm"}]},{"@type":"WebSite","@id":"https:\/\/imago-systems.com\/#website","url":"https:\/\/imago-systems.com\/","name":"IMAGO systems","description":"Modern solutions for industry and retail.","publisher":{"@id":"https:\/\/imago-systems.com\/#organization"},"alternateName":"IMAGO","potentialAction":[{"@type":"SearchAction","target":{"@type":"EntryPoint","urlTemplate":"https:\/\/imago-systems.com\/?s={search_term_string}"},"query-input":{"@type":"PropertyValueSpecification","valueRequired":true,"valueName":"search_term_string"}}],"inLanguage":"en-US"},{"@type":"Organization","@id":"https:\/\/imago-systems.com\/#organization","name":"IMAGO Poland sp. z o. o.","alternateName":"IMAGO","url":"https:\/\/imago-systems.com\/","logo":{"@type":"ImageObject","inLanguage":"en-US","@id":"https:\/\/imago-systems.com\/#\/schema\/logo\/image\/","url":"https:\/\/imago-systems.com\/wp-content\/uploads\/2024\/11\/cropped-cropped-cropped-IMAGO-LOGO-.jpg","contentUrl":"https:\/\/imago-systems.com\/wp-content\/uploads\/2024\/11\/cropped-cropped-cropped-IMAGO-LOGO-.jpg","width":512,"height":512,"caption":"IMAGO Poland sp. z o.o."},"image":{"@id":"https:\/\/imago-systems.com\/#\/schema\/logo\/image\/"},"sameAs":["https:\/\/www.linkedin.com\/company\/imago-poland\/"]}]}},"_links":{"self":[{"href":"https:\/\/imago-systems.com\/en\/wp-json\/wp\/v2\/product\/1303","targetHints":{"allow":["GET"]}}],"collection":[{"href":"https:\/\/imago-systems.com\/en\/wp-json\/wp\/v2\/product"}],"about":[{"href":"https:\/\/imago-systems.com\/en\/wp-json\/wp\/v2\/types\/product"}],"replies":[{"embeddable":true,"href":"https:\/\/imago-systems.com\/en\/wp-json\/wp\/v2\/comments?post=1303"}],"wp:featuredmedia":[{"embeddable":true,"href":"https:\/\/imago-systems.com\/en\/wp-json\/wp\/v2\/media\/1783"}],"wp:attachment":[{"href":"https:\/\/imago-systems.com\/en\/wp-json\/wp\/v2\/media?parent=1303"}],"wp:term":[{"taxonomy":"product_brand","embeddable":true,"href":"https:\/\/imago-systems.com\/en\/wp-json\/wp\/v2\/product_brand?post=1303"},{"taxonomy":"product_cat","embeddable":true,"href":"https:\/\/imago-systems.com\/en\/wp-json\/wp\/v2\/product_cat?post=1303"},{"taxonomy":"product_tag","embeddable":true,"href":"https:\/\/imago-systems.com\/en\/wp-json\/wp\/v2\/product_tag?post=1303"}],"curies":[{"name":"wp","href":"https:\/\/api.w.org\/{rel}","templated":true}]}}