{"id":1299,"date":"2024-08-21T09:16:17","date_gmt":"2024-08-21T06:16:17","guid":{"rendered":"http:\/\/imago-systems.com\/?post_type=product&#038;p=1299"},"modified":"2025-10-24T13:45:51","modified_gmt":"2025-10-24T12:45:51","slug":"imago-krotki-uchwyt-vesa-75-100-dla-sr-45-mm-z-pierscieniem","status":"publish","type":"product","link":"https:\/\/imago-systems.com\/en\/product\/imago-krotki-uchwyt-vesa-75-100-dla-sr-45-mm-z-pierscieniem\/","title":{"rendered":"IMAGO Short VESA 75\/100 mount for 45mm diameter with ring"},"content":{"rendered":"<div class=\"flex max-w-full flex-col flex-grow\">\n<div class=\"min-h-8 text-message flex w-full flex-col items-end gap-2 whitespace-normal break-words [.text-message+&amp;]:mt-5\" dir=\"auto\" data-message-author-role=\"assistant\" data-message-id=\"41452143-09f9-4421-b466-0ac650877827\" data-message-model-slug=\"gpt-4o-mini\">\n<div class=\"flex w-full flex-col gap-1 empty:hidden first:pt-[3px]\">\n<div class=\"markdown prose w-full break-words dark:prose-invert light\">\n<h1>Uchwyt IMAGO VESA 75\/100 dla s\u0142upk\u00f3w o \u015brednicy 45 mm z pier\u015bcieniem.<\/h1>\n<p>Jest to solidne rozwi\u0105zanie monta\u017cowe przeznaczone do stabilnego mocowania monitor\u00f3w zgodnych z standardami VESA 75&#215;75 oraz 100&#215;100. Jego konstrukcja, wyposa\u017cona w dodatkowy pier\u015bcie\u0144, zapewnia dodatkow\u0105 stabilno\u015b\u0107 i bezpiecze\u0144stwo mocowania, co sprawia, \u017ce jest idealny do biur, punkt\u00f3w kasowych, stanowisk serwisowych oraz innych profesjonalnych \u015brodowisk, gdzie liczy si\u0119 niezawodno\u015b\u0107.<\/p>\n<h2><strong>G\u0142\u00f3wne cechy produktu:<\/strong><\/h2>\n<ul>\n<li>Kompatybilno\u015b\u0107 z <strong>VESA 75&#215;75 i 100&#215;100<\/strong><\/li>\n<li>Zaprojektowany <strong>do monta\u017cu na s\u0142upkach o \u015brednicy 45 mm<\/strong><\/li>\n<li>Dodatkowy<strong> pier\u015bcie\u0144 zwi\u0119kszaj\u0105cy stabilno\u015b\u0107 i bezpiecze\u0144stwo mocowania<\/strong><\/li>\n<li>Wykonany z wysokiej jako\u015bci<strong> stali malowanej proszkowo<\/strong>, co zapewnia trwa\u0142o\u015b\u0107 i odporno\u015b\u0107 na uszkodzenia<\/li>\n<li><strong>Prosty monta\u017c i regulacja<\/strong> umo\u017cliwiaj\u0105ca precyzyjne ustawienie monitora<\/li>\n<\/ul>\n<\/div>\n<\/div>\n<\/div>\n<\/div>\n<p>&nbsp;<\/p>\n<div class=\"flex max-w-full flex-col flex-grow\">\n<div class=\"min-h-8 text-message flex w-full flex-col items-end gap-2 whitespace-normal break-words [.text-message+&amp;]:mt-5\" dir=\"auto\" data-message-author-role=\"assistant\" data-message-id=\"41452143-09f9-4421-b466-0ac650877827\" data-message-model-slug=\"gpt-4o-mini\">\n<div class=\"flex w-full flex-col gap-1 empty:hidden first:pt-[3px]\">\n<div class=\"markdown prose w-full break-words dark:prose-invert light\">\n<p>Uchwyt ten doskonale sprawdza si\u0119 w wymagaj\u0105cych warunkach, gwarantuj\u0105c stabilne i bezpieczne mocowanie monitor\u00f3w. Jest tak\u017ce kompatybilny z systemem IMAGO Tree, co pozwala na elastyczne dostosowanie stanowiska pracy do indywidualnych potrzeb.<\/p>\n<\/div>\n<\/div>\n<\/div>\n<\/div>\n<p>&nbsp;<\/p>\n<div class=\"mb-2 flex gap-3 empty:hidden -ml-2\">\n<div class=\"items-center justify-start rounded-xl p-1 flex\">\n<div class=\"flex items-center\">\n<h3><strong><a href=\"https:\/\/imago-systems.com\/product-category\/imago-tree\/uchwyty-vesa\/\">Uchwyty VESA<\/a> dost\u0119pne s\u0105 w wielu wariantach.<\/strong><\/h3>\n<\/div>\n<\/div>\n<\/div>\n","protected":false},"excerpt":{"rendered":"<p>IMAGO Short Vesa 75\u00d775 \/ 100\u00d7100 Bracket is a short mounting bracket with a mounting ring, designed to securely and stably attach devices to a stand. Thanks to its compliance with VESA 75\u00d775 and 100\u00d7100 standards, this bracket is a versatile solution, ideal for various applications, providing convenient and durable attachment of devices.<\/p>","protected":false},"featured_media":1778,"comment_status":"open","ping_status":"closed","template":"","meta":[],"product_brand":[],"product_cat":[147],"product_tag":[152],"class_list":{"0":"post-1299","1":"product","2":"type-product","3":"status-publish","4":"has-post-thumbnail","6":"product_cat-uchwyty-vesa","7":"product_tag-152","9":"first","10":"instock","11":"shipping-taxable","12":"product-type-simple"},"acf":[],"yoast_head":"<!-- This site is optimized with the Yoast SEO plugin v27.6 - https:\/\/yoast.com\/product\/yoast-seo-wordpress\/ -->\n<title>IMAGO Uchwyt kr\u00f3tki VESA 75\/100 dla \u015br. 45 mm z pier\u015bcieniem<\/title>\n<meta name=\"description\" content=\"IMAGO Uchwyt kr\u00f3tki Vesa 75x75 \/ 100x100 z pier\u015bcieniem mocuj\u0105cym, zaprojektowany do bezpiecznego i stabilnego mocowania urz\u0105dze\u0144 do stojaka.\" \/>\n<meta name=\"robots\" content=\"index, follow, max-snippet:-1, max-image-preview:large, max-video-preview:-1\" \/>\n<link rel=\"canonical\" href=\"https:\/\/imago-systems.com\/en\/product\/imago-krotki-uchwyt-vesa-75-100-dla-sr-45-mm-z-pierscieniem\/\" \/>\n<meta property=\"og:locale\" content=\"en_US\" \/>\n<meta property=\"og:type\" content=\"article\" \/>\n<meta property=\"og:title\" content=\"IMAGO Uchwyt kr\u00f3tki VESA 75\/100 dla \u015br. 45 mm z pier\u015bcieniem\" \/>\n<meta property=\"og:description\" content=\"IMAGO Uchwyt kr\u00f3tki Vesa 75x75 \/ 100x100 z pier\u015bcieniem mocuj\u0105cym, zaprojektowany do bezpiecznego i stabilnego mocowania urz\u0105dze\u0144 do stojaka.\" \/>\n<meta property=\"og:url\" content=\"https:\/\/imago-systems.com\/en\/product\/imago-krotki-uchwyt-vesa-75-100-dla-sr-45-mm-z-pierscieniem\/\" \/>\n<meta property=\"og:site_name\" content=\"IMAGO\" \/>\n<meta property=\"article:modified_time\" content=\"2025-10-24T12:45:51+00:00\" \/>\n<meta property=\"og:image\" content=\"https:\/\/imago-systems.com\/wp-content\/uploads\/2024\/08\/IMAGO-Uchwyt-krotki-VESA-75\u00d775-100\u00d7100-do-montazu-stojaka-00460-z-pierscieniem-mocujacym.png\" \/>\n\t<meta property=\"og:image:width\" content=\"600\" \/>\n\t<meta property=\"og:image:height\" content=\"600\" \/>\n\t<meta property=\"og:image:type\" content=\"image\/png\" \/>\n<meta name=\"twitter:card\" content=\"summary_large_image\" \/>\n<meta name=\"twitter:label1\" content=\"Est. reading time\" \/>\n\t<meta name=\"twitter:data1\" content=\"2 minutes\" \/>\n<script type=\"application\/ld+json\" class=\"yoast-schema-graph\">{\"@context\":\"https:\\\/\\\/schema.org\",\"@graph\":[{\"@type\":\"WebPage\",\"@id\":\"https:\\\/\\\/imago-systems.com\\\/product\\\/imago-krotki-uchwyt-vesa-75-100-dla-sr-45-mm-z-pierscieniem\\\/\",\"url\":\"https:\\\/\\\/imago-systems.com\\\/product\\\/imago-krotki-uchwyt-vesa-75-100-dla-sr-45-mm-z-pierscieniem\\\/\",\"name\":\"IMAGO Uchwyt kr\u00f3tki VESA 75\\\/100 dla \u015br. 45 mm z pier\u015bcieniem\",\"isPartOf\":{\"@id\":\"https:\\\/\\\/imago-systems.com\\\/#website\"},\"primaryImageOfPage\":{\"@id\":\"https:\\\/\\\/imago-systems.com\\\/product\\\/imago-krotki-uchwyt-vesa-75-100-dla-sr-45-mm-z-pierscieniem\\\/#primaryimage\"},\"image\":{\"@id\":\"https:\\\/\\\/imago-systems.com\\\/product\\\/imago-krotki-uchwyt-vesa-75-100-dla-sr-45-mm-z-pierscieniem\\\/#primaryimage\"},\"thumbnailUrl\":\"https:\\\/\\\/imago-systems.com\\\/wp-content\\\/uploads\\\/2024\\\/08\\\/IMAGO-Uchwyt-krotki-VESA-75\u00d775-100\u00d7100-do-montazu-stojaka-00460-z-pierscieniem-mocujacym.png\",\"datePublished\":\"2024-08-21T06:16:17+00:00\",\"dateModified\":\"2025-10-24T12:45:51+00:00\",\"description\":\"IMAGO Uchwyt kr\u00f3tki Vesa 75x75 \\\/ 100x100 z pier\u015bcieniem mocuj\u0105cym, zaprojektowany do bezpiecznego i stabilnego mocowania urz\u0105dze\u0144 do stojaka.\",\"breadcrumb\":{\"@id\":\"https:\\\/\\\/imago-systems.com\\\/product\\\/imago-krotki-uchwyt-vesa-75-100-dla-sr-45-mm-z-pierscieniem\\\/#breadcrumb\"},\"inLanguage\":\"en-US\",\"potentialAction\":[{\"@type\":\"ReadAction\",\"target\":[\"https:\\\/\\\/imago-systems.com\\\/product\\\/imago-krotki-uchwyt-vesa-75-100-dla-sr-45-mm-z-pierscieniem\\\/\"]}]},{\"@type\":\"ImageObject\",\"inLanguage\":\"en-US\",\"@id\":\"https:\\\/\\\/imago-systems.com\\\/product\\\/imago-krotki-uchwyt-vesa-75-100-dla-sr-45-mm-z-pierscieniem\\\/#primaryimage\",\"url\":\"https:\\\/\\\/imago-systems.com\\\/wp-content\\\/uploads\\\/2024\\\/08\\\/IMAGO-Uchwyt-krotki-VESA-75\u00d775-100\u00d7100-do-montazu-stojaka-00460-z-pierscieniem-mocujacym.png\",\"contentUrl\":\"https:\\\/\\\/imago-systems.com\\\/wp-content\\\/uploads\\\/2024\\\/08\\\/IMAGO-Uchwyt-krotki-VESA-75\u00d775-100\u00d7100-do-montazu-stojaka-00460-z-pierscieniem-mocujacym.png\",\"width\":600,\"height\":600,\"caption\":\"IMAGO Uchwyt kr\u00f3tki VESA 75\u00d775 100\u00d7100 do monta\u017cu stojaka 00460 z pier\u015bcieniem mocuj\u0105cym\"},{\"@type\":\"BreadcrumbList\",\"@id\":\"https:\\\/\\\/imago-systems.com\\\/product\\\/imago-krotki-uchwyt-vesa-75-100-dla-sr-45-mm-z-pierscieniem\\\/#breadcrumb\",\"itemListElement\":[{\"@type\":\"ListItem\",\"position\":1,\"name\":\"Home\",\"item\":\"https:\\\/\\\/imago-systems.com\\\/\"},{\"@type\":\"ListItem\",\"position\":2,\"name\":\"Shop\",\"item\":\"https:\\\/\\\/imago-systems.com\\\/shop\\\/\"},{\"@type\":\"ListItem\",\"position\":3,\"name\":\"IMAGO Tree\",\"item\":\"https:\\\/\\\/imago-systems.com\\\/product-category\\\/imago-tree\\\/\"},{\"@type\":\"ListItem\",\"position\":4,\"name\":\"Uchwyty VESA\",\"item\":\"https:\\\/\\\/imago-systems.com\\\/product-category\\\/imago-tree\\\/uchwyty-vesa\\\/\"},{\"@type\":\"ListItem\",\"position\":5,\"name\":\"IMAGO Kr\u00f3tki uchwyt VESA 75\\\/100 dla \u015br. 45 mm z pier\u015bcieniem\"}]},{\"@type\":\"WebSite\",\"@id\":\"https:\\\/\\\/imago-systems.com\\\/#website\",\"url\":\"https:\\\/\\\/imago-systems.com\\\/\",\"name\":\"IMAGO systems\",\"description\":\"Nowoczesne rozwi\u0105zania dla przemys\u0142u i handlu detalicznego.\",\"publisher\":{\"@id\":\"https:\\\/\\\/imago-systems.com\\\/#organization\"},\"alternateName\":\"IMAGO\",\"potentialAction\":[{\"@type\":\"SearchAction\",\"target\":{\"@type\":\"EntryPoint\",\"urlTemplate\":\"https:\\\/\\\/imago-systems.com\\\/?s={search_term_string}\"},\"query-input\":{\"@type\":\"PropertyValueSpecification\",\"valueRequired\":true,\"valueName\":\"search_term_string\"}}],\"inLanguage\":\"en-US\"},{\"@type\":\"Organization\",\"@id\":\"https:\\\/\\\/imago-systems.com\\\/#organization\",\"name\":\"IMAGO Poland sp. z o.o.\",\"alternateName\":\"IMAGO\",\"url\":\"https:\\\/\\\/imago-systems.com\\\/\",\"logo\":{\"@type\":\"ImageObject\",\"inLanguage\":\"en-US\",\"@id\":\"https:\\\/\\\/imago-systems.com\\\/#\\\/schema\\\/logo\\\/image\\\/\",\"url\":\"https:\\\/\\\/imago-systems.com\\\/wp-content\\\/uploads\\\/2024\\\/11\\\/cropped-cropped-cropped-IMAGO-LOGO-.jpg\",\"contentUrl\":\"https:\\\/\\\/imago-systems.com\\\/wp-content\\\/uploads\\\/2024\\\/11\\\/cropped-cropped-cropped-IMAGO-LOGO-.jpg\",\"width\":512,\"height\":512,\"caption\":\"IMAGO Poland sp. z o.o.\"},\"image\":{\"@id\":\"https:\\\/\\\/imago-systems.com\\\/#\\\/schema\\\/logo\\\/image\\\/\"},\"sameAs\":[\"https:\\\/\\\/www.linkedin.com\\\/company\\\/imago-poland\\\/\"]}]}<\/script>\n<!-- \/ Yoast SEO plugin. -->","yoast_head_json":{"title":"IMAGO Short VESA 75\/100 mount for 45 mm diameter with ring","description":"IMAGO Short Vesa mount 75x75 \/ 100x100 with mounting ring, designed for safe and stable attachment of devices to the stand.","robots":{"index":"index","follow":"follow","max-snippet":"max-snippet:-1","max-image-preview":"max-image-preview:large","max-video-preview":"max-video-preview:-1"},"canonical":"https:\/\/imago-systems.com\/en\/product\/imago-krotki-uchwyt-vesa-75-100-dla-sr-45-mm-z-pierscieniem\/","og_locale":"en_US","og_type":"article","og_title":"IMAGO Uchwyt kr\u00f3tki VESA 75\/100 dla \u015br. 45 mm z pier\u015bcieniem","og_description":"IMAGO Uchwyt kr\u00f3tki Vesa 75x75 \/ 100x100 z pier\u015bcieniem mocuj\u0105cym, zaprojektowany do bezpiecznego i stabilnego mocowania urz\u0105dze\u0144 do stojaka.","og_url":"https:\/\/imago-systems.com\/en\/product\/imago-krotki-uchwyt-vesa-75-100-dla-sr-45-mm-z-pierscieniem\/","og_site_name":"IMAGO","article_modified_time":"2025-10-24T12:45:51+00:00","og_image":[{"width":600,"height":600,"url":"https:\/\/imago-systems.com\/wp-content\/uploads\/2024\/08\/IMAGO-Uchwyt-krotki-VESA-75\u00d775-100\u00d7100-do-montazu-stojaka-00460-z-pierscieniem-mocujacym.png","type":"image\/png"}],"twitter_card":"summary_large_image","twitter_misc":{"Est. reading time":"2 minutes"},"schema":{"@context":"https:\/\/schema.org","@graph":[{"@type":"WebPage","@id":"https:\/\/imago-systems.com\/product\/imago-krotki-uchwyt-vesa-75-100-dla-sr-45-mm-z-pierscieniem\/","url":"https:\/\/imago-systems.com\/product\/imago-krotki-uchwyt-vesa-75-100-dla-sr-45-mm-z-pierscieniem\/","name":"IMAGO Short VESA 75\/100 mount for 45 mm diameter with ring","isPartOf":{"@id":"https:\/\/imago-systems.com\/#website"},"primaryImageOfPage":{"@id":"https:\/\/imago-systems.com\/product\/imago-krotki-uchwyt-vesa-75-100-dla-sr-45-mm-z-pierscieniem\/#primaryimage"},"image":{"@id":"https:\/\/imago-systems.com\/product\/imago-krotki-uchwyt-vesa-75-100-dla-sr-45-mm-z-pierscieniem\/#primaryimage"},"thumbnailUrl":"https:\/\/imago-systems.com\/wp-content\/uploads\/2024\/08\/IMAGO-Uchwyt-krotki-VESA-75\u00d775-100\u00d7100-do-montazu-stojaka-00460-z-pierscieniem-mocujacym.png","datePublished":"2024-08-21T06:16:17+00:00","dateModified":"2025-10-24T12:45:51+00:00","description":"IMAGO Short Vesa mount 75x75 \/ 100x100 with mounting ring, designed for safe and stable attachment of devices to the stand.","breadcrumb":{"@id":"https:\/\/imago-systems.com\/product\/imago-krotki-uchwyt-vesa-75-100-dla-sr-45-mm-z-pierscieniem\/#breadcrumb"},"inLanguage":"en-US","potentialAction":[{"@type":"ReadAction","target":["https:\/\/imago-systems.com\/product\/imago-krotki-uchwyt-vesa-75-100-dla-sr-45-mm-z-pierscieniem\/"]}]},{"@type":"ImageObject","inLanguage":"en-US","@id":"https:\/\/imago-systems.com\/product\/imago-krotki-uchwyt-vesa-75-100-dla-sr-45-mm-z-pierscieniem\/#primaryimage","url":"https:\/\/imago-systems.com\/wp-content\/uploads\/2024\/08\/IMAGO-Uchwyt-krotki-VESA-75\u00d775-100\u00d7100-do-montazu-stojaka-00460-z-pierscieniem-mocujacym.png","contentUrl":"https:\/\/imago-systems.com\/wp-content\/uploads\/2024\/08\/IMAGO-Uchwyt-krotki-VESA-75\u00d775-100\u00d7100-do-montazu-stojaka-00460-z-pierscieniem-mocujacym.png","width":600,"height":600,"caption":"IMAGO Uchwyt kr\u00f3tki VESA 75\u00d775 100\u00d7100 do monta\u017cu stojaka 00460 z pier\u015bcieniem mocuj\u0105cym"},{"@type":"BreadcrumbList","@id":"https:\/\/imago-systems.com\/product\/imago-krotki-uchwyt-vesa-75-100-dla-sr-45-mm-z-pierscieniem\/#breadcrumb","itemListElement":[{"@type":"ListItem","position":1,"name":"Home","item":"https:\/\/imago-systems.com\/"},{"@type":"ListItem","position":2,"name":"Shop","item":"https:\/\/imago-systems.com\/shop\/"},{"@type":"ListItem","position":3,"name":"IMAGO Tree","item":"https:\/\/imago-systems.com\/product-category\/imago-tree\/"},{"@type":"ListItem","position":4,"name":"Uchwyty VESA","item":"https:\/\/imago-systems.com\/product-category\/imago-tree\/uchwyty-vesa\/"},{"@type":"ListItem","position":5,"name":"IMAGO Kr\u00f3tki uchwyt VESA 75\/100 dla \u015br. 45 mm z pier\u015bcieniem"}]},{"@type":"WebSite","@id":"https:\/\/imago-systems.com\/#website","url":"https:\/\/imago-systems.com\/","name":"IMAGO systems","description":"Modern solutions for industry and retail.","publisher":{"@id":"https:\/\/imago-systems.com\/#organization"},"alternateName":"IMAGO","potentialAction":[{"@type":"SearchAction","target":{"@type":"EntryPoint","urlTemplate":"https:\/\/imago-systems.com\/?s={search_term_string}"},"query-input":{"@type":"PropertyValueSpecification","valueRequired":true,"valueName":"search_term_string"}}],"inLanguage":"en-US"},{"@type":"Organization","@id":"https:\/\/imago-systems.com\/#organization","name":"IMAGO Poland sp. z o. o.","alternateName":"IMAGO","url":"https:\/\/imago-systems.com\/","logo":{"@type":"ImageObject","inLanguage":"en-US","@id":"https:\/\/imago-systems.com\/#\/schema\/logo\/image\/","url":"https:\/\/imago-systems.com\/wp-content\/uploads\/2024\/11\/cropped-cropped-cropped-IMAGO-LOGO-.jpg","contentUrl":"https:\/\/imago-systems.com\/wp-content\/uploads\/2024\/11\/cropped-cropped-cropped-IMAGO-LOGO-.jpg","width":512,"height":512,"caption":"IMAGO Poland sp. z o.o."},"image":{"@id":"https:\/\/imago-systems.com\/#\/schema\/logo\/image\/"},"sameAs":["https:\/\/www.linkedin.com\/company\/imago-poland\/"]}]}},"_links":{"self":[{"href":"https:\/\/imago-systems.com\/en\/wp-json\/wp\/v2\/product\/1299","targetHints":{"allow":["GET"]}}],"collection":[{"href":"https:\/\/imago-systems.com\/en\/wp-json\/wp\/v2\/product"}],"about":[{"href":"https:\/\/imago-systems.com\/en\/wp-json\/wp\/v2\/types\/product"}],"replies":[{"embeddable":true,"href":"https:\/\/imago-systems.com\/en\/wp-json\/wp\/v2\/comments?post=1299"}],"wp:featuredmedia":[{"embeddable":true,"href":"https:\/\/imago-systems.com\/en\/wp-json\/wp\/v2\/media\/1778"}],"wp:attachment":[{"href":"https:\/\/imago-systems.com\/en\/wp-json\/wp\/v2\/media?parent=1299"}],"wp:term":[{"taxonomy":"product_brand","embeddable":true,"href":"https:\/\/imago-systems.com\/en\/wp-json\/wp\/v2\/product_brand?post=1299"},{"taxonomy":"product_cat","embeddable":true,"href":"https:\/\/imago-systems.com\/en\/wp-json\/wp\/v2\/product_cat?post=1299"},{"taxonomy":"product_tag","embeddable":true,"href":"https:\/\/imago-systems.com\/en\/wp-json\/wp\/v2\/product_tag?post=1299"}],"curies":[{"name":"wp","href":"https:\/\/api.w.org\/{rel}","templated":true}]}}