{"id":1298,"date":"2024-08-20T16:54:36","date_gmt":"2024-08-20T13:54:36","guid":{"rendered":"http:\/\/imago-systems.com\/?post_type=product&#038;p=1298"},"modified":"2026-04-28T18:35:48","modified_gmt":"2026-04-28T17:35:48","slug":"imago-krotki-uchwyt-vesa-75-100-dla-sr-45-mm","status":"publish","type":"product","link":"https:\/\/imago-systems.com\/en\/product\/imago-krotki-uchwyt-vesa-75-100-dla-sr-45-mm\/","title":{"rendered":"IMAGO Short VESA 75\/100 mount for 45mm diameter"},"content":{"rendered":"<h2>IMAGO Short VESA 75\/100 mount for 45 mm diameter poles.<\/h2>\n<p>The holder is used to mount monitors, which allows for easy and stable attachment of devices compatible with VESA 75\u00d775 and 100\u00d7100 standards. Its compact design makes it perfect where space is limited, while offering full functionality.<\/p>\n<h2><strong>Key Features:<\/strong><\/h2>\n<ul>\n<li>Compliance with <strong>VESA 75\u00d775 and 100\u00d7100<\/strong><\/li>\n<li>Designed for mounting on <strong>45 mm diameter posts<\/strong><\/li>\n<li>Made of durable <strong>powder coated steel<\/strong>, resistant to damage<\/li>\n<li><strong>Easy to install and adjust<\/strong>to adjust the monitor position<\/li>\n<\/ul>\n<p>&nbsp;<\/p>\n<h3><strong><a href=\"https:\/\/imago-systems.com\/en\/product-category\/imago-tree\/uchwyty-vesa\/\">VESA mounts<\/a> are available in many variants.<\/strong><\/h3>","protected":false},"excerpt":{"rendered":"<p>IMAGO Short VESA 75\/100 Bracket for 45mm Diameter is a short mounting bracket designed to securely and stably attach devices to a stand. Compliant with VESA 75x75 and 100x100 standards, this bracket is a versatile solution, ideal for various applications, providing convenient and durable attachment of devices.<\/p>","protected":false},"featured_media":1899,"comment_status":"open","ping_status":"closed","template":"","meta":[],"product_brand":[],"product_cat":[147],"product_tag":[153],"class_list":{"0":"post-1298","1":"product","2":"type-product","3":"status-publish","4":"has-post-thumbnail","6":"product_cat-uchwyty-vesa","7":"product_tag-153","9":"first","10":"instock","11":"shipping-taxable","12":"product-type-simple"},"acf":[],"yoast_head":"<!-- This site is optimized with the Yoast SEO plugin v27.6 - https:\/\/yoast.com\/product\/yoast-seo-wordpress\/ -->\n<title>IMAGO Uchwyt kr\u00f3tki VESA 75\/100<\/title>\n<meta name=\"description\" content=\"IMAGO Uchwyt kr\u00f3tki VESA 75 x 75\/ 100 x 100 zosta\u0142 zaprojektowany do bezpiecznego i stabilnego mocowania urz\u0105dze\u0144 do stojaka.\" \/>\n<meta name=\"robots\" content=\"index, follow, max-snippet:-1, max-image-preview:large, max-video-preview:-1\" \/>\n<link rel=\"canonical\" href=\"https:\/\/imago-systems.com\/en\/product\/imago-krotki-uchwyt-vesa-75-100-dla-sr-45-mm\/\" \/>\n<meta property=\"og:locale\" content=\"en_US\" \/>\n<meta property=\"og:type\" content=\"article\" \/>\n<meta property=\"og:title\" content=\"IMAGO Uchwyt kr\u00f3tki VESA 75\/100\" \/>\n<meta property=\"og:description\" content=\"IMAGO Uchwyt kr\u00f3tki VESA 75 x 75\/ 100 x 100 zosta\u0142 zaprojektowany do bezpiecznego i stabilnego mocowania urz\u0105dze\u0144 do stojaka.\" \/>\n<meta property=\"og:url\" content=\"https:\/\/imago-systems.com\/en\/product\/imago-krotki-uchwyt-vesa-75-100-dla-sr-45-mm\/\" \/>\n<meta property=\"og:site_name\" content=\"IMAGO\" \/>\n<meta property=\"article:modified_time\" content=\"2026-04-28T17:35:48+00:00\" \/>\n<meta property=\"og:image\" content=\"https:\/\/imago-systems.com\/wp-content\/uploads\/2024\/08\/IMAGO-Krotki-uchwyt-VESA-75100-dla-sr.-45-mm-.png\" \/>\n\t<meta property=\"og:image:width\" content=\"600\" \/>\n\t<meta property=\"og:image:height\" content=\"600\" \/>\n\t<meta property=\"og:image:type\" content=\"image\/png\" \/>\n<meta name=\"twitter:card\" content=\"summary_large_image\" \/>\n<meta name=\"twitter:label1\" content=\"Est. reading time\" \/>\n\t<meta name=\"twitter:data1\" content=\"1 minute\" \/>\n<script type=\"application\/ld+json\" class=\"yoast-schema-graph\">{\"@context\":\"https:\\\/\\\/schema.org\",\"@graph\":[{\"@type\":\"WebPage\",\"@id\":\"https:\\\/\\\/imago-systems.com\\\/product\\\/imago-krotki-uchwyt-vesa-75-100-dla-sr-45-mm\\\/\",\"url\":\"https:\\\/\\\/imago-systems.com\\\/product\\\/imago-krotki-uchwyt-vesa-75-100-dla-sr-45-mm\\\/\",\"name\":\"IMAGO Uchwyt kr\u00f3tki VESA 75\\\/100\",\"isPartOf\":{\"@id\":\"https:\\\/\\\/imago-systems.com\\\/#website\"},\"primaryImageOfPage\":{\"@id\":\"https:\\\/\\\/imago-systems.com\\\/product\\\/imago-krotki-uchwyt-vesa-75-100-dla-sr-45-mm\\\/#primaryimage\"},\"image\":{\"@id\":\"https:\\\/\\\/imago-systems.com\\\/product\\\/imago-krotki-uchwyt-vesa-75-100-dla-sr-45-mm\\\/#primaryimage\"},\"thumbnailUrl\":\"https:\\\/\\\/imago-systems.com\\\/wp-content\\\/uploads\\\/2024\\\/08\\\/IMAGO-Krotki-uchwyt-VESA-75100-dla-sr.-45-mm-.png\",\"datePublished\":\"2024-08-20T13:54:36+00:00\",\"dateModified\":\"2026-04-28T17:35:48+00:00\",\"description\":\"IMAGO Uchwyt kr\u00f3tki VESA 75 x 75\\\/ 100 x 100 zosta\u0142 zaprojektowany do bezpiecznego i stabilnego mocowania urz\u0105dze\u0144 do stojaka.\",\"breadcrumb\":{\"@id\":\"https:\\\/\\\/imago-systems.com\\\/product\\\/imago-krotki-uchwyt-vesa-75-100-dla-sr-45-mm\\\/#breadcrumb\"},\"inLanguage\":\"en-US\",\"potentialAction\":[{\"@type\":\"ReadAction\",\"target\":[\"https:\\\/\\\/imago-systems.com\\\/product\\\/imago-krotki-uchwyt-vesa-75-100-dla-sr-45-mm\\\/\"]}]},{\"@type\":\"ImageObject\",\"inLanguage\":\"en-US\",\"@id\":\"https:\\\/\\\/imago-systems.com\\\/product\\\/imago-krotki-uchwyt-vesa-75-100-dla-sr-45-mm\\\/#primaryimage\",\"url\":\"https:\\\/\\\/imago-systems.com\\\/wp-content\\\/uploads\\\/2024\\\/08\\\/IMAGO-Krotki-uchwyt-VESA-75100-dla-sr.-45-mm-.png\",\"contentUrl\":\"https:\\\/\\\/imago-systems.com\\\/wp-content\\\/uploads\\\/2024\\\/08\\\/IMAGO-Krotki-uchwyt-VESA-75100-dla-sr.-45-mm-.png\",\"width\":600,\"height\":600,\"caption\":\"IMAGO Kr\u00f3tki uchwyt VESA 75100 dla \u015br. 45 mm\"},{\"@type\":\"BreadcrumbList\",\"@id\":\"https:\\\/\\\/imago-systems.com\\\/product\\\/imago-krotki-uchwyt-vesa-75-100-dla-sr-45-mm\\\/#breadcrumb\",\"itemListElement\":[{\"@type\":\"ListItem\",\"position\":1,\"name\":\"Home\",\"item\":\"https:\\\/\\\/imago-systems.com\\\/\"},{\"@type\":\"ListItem\",\"position\":2,\"name\":\"Shop\",\"item\":\"https:\\\/\\\/imago-systems.com\\\/shop\\\/\"},{\"@type\":\"ListItem\",\"position\":3,\"name\":\"IMAGO Tree\",\"item\":\"https:\\\/\\\/imago-systems.com\\\/product-category\\\/imago-tree\\\/\"},{\"@type\":\"ListItem\",\"position\":4,\"name\":\"Uchwyty VESA\",\"item\":\"https:\\\/\\\/imago-systems.com\\\/product-category\\\/imago-tree\\\/uchwyty-vesa\\\/\"},{\"@type\":\"ListItem\",\"position\":5,\"name\":\"IMAGO Kr\u00f3tki uchwyt VESA 75\\\/100 dla \u015br. 45 mm\"}]},{\"@type\":\"WebSite\",\"@id\":\"https:\\\/\\\/imago-systems.com\\\/#website\",\"url\":\"https:\\\/\\\/imago-systems.com\\\/\",\"name\":\"IMAGO systems\",\"description\":\"Nowoczesne rozwi\u0105zania dla przemys\u0142u i handlu detalicznego.\",\"publisher\":{\"@id\":\"https:\\\/\\\/imago-systems.com\\\/#organization\"},\"alternateName\":\"IMAGO\",\"potentialAction\":[{\"@type\":\"SearchAction\",\"target\":{\"@type\":\"EntryPoint\",\"urlTemplate\":\"https:\\\/\\\/imago-systems.com\\\/?s={search_term_string}\"},\"query-input\":{\"@type\":\"PropertyValueSpecification\",\"valueRequired\":true,\"valueName\":\"search_term_string\"}}],\"inLanguage\":\"en-US\"},{\"@type\":\"Organization\",\"@id\":\"https:\\\/\\\/imago-systems.com\\\/#organization\",\"name\":\"IMAGO Poland sp. z o.o.\",\"alternateName\":\"IMAGO\",\"url\":\"https:\\\/\\\/imago-systems.com\\\/\",\"logo\":{\"@type\":\"ImageObject\",\"inLanguage\":\"en-US\",\"@id\":\"https:\\\/\\\/imago-systems.com\\\/#\\\/schema\\\/logo\\\/image\\\/\",\"url\":\"https:\\\/\\\/imago-systems.com\\\/wp-content\\\/uploads\\\/2024\\\/11\\\/cropped-cropped-cropped-IMAGO-LOGO-.jpg\",\"contentUrl\":\"https:\\\/\\\/imago-systems.com\\\/wp-content\\\/uploads\\\/2024\\\/11\\\/cropped-cropped-cropped-IMAGO-LOGO-.jpg\",\"width\":512,\"height\":512,\"caption\":\"IMAGO Poland sp. z o.o.\"},\"image\":{\"@id\":\"https:\\\/\\\/imago-systems.com\\\/#\\\/schema\\\/logo\\\/image\\\/\"},\"sameAs\":[\"https:\\\/\\\/www.linkedin.com\\\/company\\\/imago-poland\\\/\"]}]}<\/script>\n<!-- \/ Yoast SEO plugin. -->","yoast_head_json":{"title":"IMAGO Short VESA 75\/100 Mount","description":"IMAGO Short VESA 75 x 75\/100 x 100 mount is designed for safe and stable attachment of devices to the stand.","robots":{"index":"index","follow":"follow","max-snippet":"max-snippet:-1","max-image-preview":"max-image-preview:large","max-video-preview":"max-video-preview:-1"},"canonical":"https:\/\/imago-systems.com\/en\/product\/imago-krotki-uchwyt-vesa-75-100-dla-sr-45-mm\/","og_locale":"en_US","og_type":"article","og_title":"IMAGO Uchwyt kr\u00f3tki VESA 75\/100","og_description":"IMAGO Uchwyt kr\u00f3tki VESA 75 x 75\/ 100 x 100 zosta\u0142 zaprojektowany do bezpiecznego i stabilnego mocowania urz\u0105dze\u0144 do stojaka.","og_url":"https:\/\/imago-systems.com\/en\/product\/imago-krotki-uchwyt-vesa-75-100-dla-sr-45-mm\/","og_site_name":"IMAGO","article_modified_time":"2026-04-28T17:35:48+00:00","og_image":[{"width":600,"height":600,"url":"https:\/\/imago-systems.com\/wp-content\/uploads\/2024\/08\/IMAGO-Krotki-uchwyt-VESA-75100-dla-sr.-45-mm-.png","type":"image\/png"}],"twitter_card":"summary_large_image","twitter_misc":{"Est. reading time":"1 minute"},"schema":{"@context":"https:\/\/schema.org","@graph":[{"@type":"WebPage","@id":"https:\/\/imago-systems.com\/product\/imago-krotki-uchwyt-vesa-75-100-dla-sr-45-mm\/","url":"https:\/\/imago-systems.com\/product\/imago-krotki-uchwyt-vesa-75-100-dla-sr-45-mm\/","name":"IMAGO Short VESA 75\/100 Mount","isPartOf":{"@id":"https:\/\/imago-systems.com\/#website"},"primaryImageOfPage":{"@id":"https:\/\/imago-systems.com\/product\/imago-krotki-uchwyt-vesa-75-100-dla-sr-45-mm\/#primaryimage"},"image":{"@id":"https:\/\/imago-systems.com\/product\/imago-krotki-uchwyt-vesa-75-100-dla-sr-45-mm\/#primaryimage"},"thumbnailUrl":"https:\/\/imago-systems.com\/wp-content\/uploads\/2024\/08\/IMAGO-Krotki-uchwyt-VESA-75100-dla-sr.-45-mm-.png","datePublished":"2024-08-20T13:54:36+00:00","dateModified":"2026-04-28T17:35:48+00:00","description":"IMAGO Short VESA 75 x 75\/100 x 100 mount is designed for safe and stable attachment of devices to the stand.","breadcrumb":{"@id":"https:\/\/imago-systems.com\/product\/imago-krotki-uchwyt-vesa-75-100-dla-sr-45-mm\/#breadcrumb"},"inLanguage":"en-US","potentialAction":[{"@type":"ReadAction","target":["https:\/\/imago-systems.com\/product\/imago-krotki-uchwyt-vesa-75-100-dla-sr-45-mm\/"]}]},{"@type":"ImageObject","inLanguage":"en-US","@id":"https:\/\/imago-systems.com\/product\/imago-krotki-uchwyt-vesa-75-100-dla-sr-45-mm\/#primaryimage","url":"https:\/\/imago-systems.com\/wp-content\/uploads\/2024\/08\/IMAGO-Krotki-uchwyt-VESA-75100-dla-sr.-45-mm-.png","contentUrl":"https:\/\/imago-systems.com\/wp-content\/uploads\/2024\/08\/IMAGO-Krotki-uchwyt-VESA-75100-dla-sr.-45-mm-.png","width":600,"height":600,"caption":"IMAGO Kr\u00f3tki uchwyt VESA 75100 dla \u015br. 45 mm"},{"@type":"BreadcrumbList","@id":"https:\/\/imago-systems.com\/product\/imago-krotki-uchwyt-vesa-75-100-dla-sr-45-mm\/#breadcrumb","itemListElement":[{"@type":"ListItem","position":1,"name":"Home","item":"https:\/\/imago-systems.com\/"},{"@type":"ListItem","position":2,"name":"Shop","item":"https:\/\/imago-systems.com\/shop\/"},{"@type":"ListItem","position":3,"name":"IMAGO Tree","item":"https:\/\/imago-systems.com\/product-category\/imago-tree\/"},{"@type":"ListItem","position":4,"name":"Uchwyty VESA","item":"https:\/\/imago-systems.com\/product-category\/imago-tree\/uchwyty-vesa\/"},{"@type":"ListItem","position":5,"name":"IMAGO Kr\u00f3tki uchwyt VESA 75\/100 dla \u015br. 45 mm"}]},{"@type":"WebSite","@id":"https:\/\/imago-systems.com\/#website","url":"https:\/\/imago-systems.com\/","name":"IMAGO systems","description":"Modern solutions for industry and retail.","publisher":{"@id":"https:\/\/imago-systems.com\/#organization"},"alternateName":"IMAGO","potentialAction":[{"@type":"SearchAction","target":{"@type":"EntryPoint","urlTemplate":"https:\/\/imago-systems.com\/?s={search_term_string}"},"query-input":{"@type":"PropertyValueSpecification","valueRequired":true,"valueName":"search_term_string"}}],"inLanguage":"en-US"},{"@type":"Organization","@id":"https:\/\/imago-systems.com\/#organization","name":"IMAGO Poland sp. z o. o.","alternateName":"IMAGO","url":"https:\/\/imago-systems.com\/","logo":{"@type":"ImageObject","inLanguage":"en-US","@id":"https:\/\/imago-systems.com\/#\/schema\/logo\/image\/","url":"https:\/\/imago-systems.com\/wp-content\/uploads\/2024\/11\/cropped-cropped-cropped-IMAGO-LOGO-.jpg","contentUrl":"https:\/\/imago-systems.com\/wp-content\/uploads\/2024\/11\/cropped-cropped-cropped-IMAGO-LOGO-.jpg","width":512,"height":512,"caption":"IMAGO Poland sp. z o.o."},"image":{"@id":"https:\/\/imago-systems.com\/#\/schema\/logo\/image\/"},"sameAs":["https:\/\/www.linkedin.com\/company\/imago-poland\/"]}]}},"_links":{"self":[{"href":"https:\/\/imago-systems.com\/en\/wp-json\/wp\/v2\/product\/1298","targetHints":{"allow":["GET"]}}],"collection":[{"href":"https:\/\/imago-systems.com\/en\/wp-json\/wp\/v2\/product"}],"about":[{"href":"https:\/\/imago-systems.com\/en\/wp-json\/wp\/v2\/types\/product"}],"replies":[{"embeddable":true,"href":"https:\/\/imago-systems.com\/en\/wp-json\/wp\/v2\/comments?post=1298"}],"wp:featuredmedia":[{"embeddable":true,"href":"https:\/\/imago-systems.com\/en\/wp-json\/wp\/v2\/media\/1899"}],"wp:attachment":[{"href":"https:\/\/imago-systems.com\/en\/wp-json\/wp\/v2\/media?parent=1298"}],"wp:term":[{"taxonomy":"product_brand","embeddable":true,"href":"https:\/\/imago-systems.com\/en\/wp-json\/wp\/v2\/product_brand?post=1298"},{"taxonomy":"product_cat","embeddable":true,"href":"https:\/\/imago-systems.com\/en\/wp-json\/wp\/v2\/product_cat?post=1298"},{"taxonomy":"product_tag","embeddable":true,"href":"https:\/\/imago-systems.com\/en\/wp-json\/wp\/v2\/product_tag?post=1298"}],"curies":[{"name":"wp","href":"https:\/\/api.w.org\/{rel}","templated":true}]}}