{"id":1295,"date":"2024-08-20T16:01:42","date_gmt":"2024-08-20T13:01:42","guid":{"rendered":"http:\/\/imago-systems.com\/?post_type=product&#038;p=1295"},"modified":"2025-10-24T13:47:10","modified_gmt":"2025-10-24T12:47:10","slug":"imago-ramie-150-mm-dla-sr-38-mm-do-tacki-na-pieniadze","status":"publish","type":"product","link":"https:\/\/imago-systems.com\/en\/product\/imago-ramie-150-mm-dla-sr-38-mm-do-tacki-na-pieniadze\/","title":{"rendered":"IMAGO Arm 150 mm for ?38 mm for money tray"},"content":{"rendered":"<h1><strong>IMAGO Arm for mounting a 150 mm cash tray for a diameter of 38 mm is a practical accessory that makes it easier to organize space at the checkout.<\/strong><\/h1>\n<p>With a length of 150 mm, the arm provides a stable and secure attachment of the money tray, while allowing for its comfortable use. Made of durable materials, it guarantees durability and reliability, even in intensively used places.<\/p>\n<h2><strong>Features of the Money Tray Mounting Arm:<\/strong><\/h2>\n<ul>\n<li>Made of powder coated steel<\/li>\n<li>Stable construction<\/li>\n<li>It makes it easier to organize space<\/li>\n<\/ul>\n<p>&nbsp;<\/p>\n<h3><strong><a href=\"https:\/\/imago-systems.com\/en\/product-category\/imago-tree\/ramiona-do-uchwytow-montazowych\/\">Arms for mounting brackets<\/a> come in different variants.<\/strong><\/h3>","protected":false},"excerpt":{"rendered":"<p>IMAGO Arm for mounting a 150 mm cash tray for a diameter of 38 mm is a practical accessory that makes it easier to organize space at the checkout.<\/p>","protected":false},"featured_media":1755,"comment_status":"open","ping_status":"closed","template":"","meta":[],"product_brand":[],"product_cat":[125],"product_tag":[144],"class_list":{"0":"post-1295","1":"product","2":"type-product","3":"status-publish","4":"has-post-thumbnail","6":"product_cat-ramiona-do-uchwytow-montazowych","7":"product_tag-144","9":"first","10":"instock","11":"shipping-taxable","12":"product-type-simple"},"acf":[],"yoast_head":"<!-- This site is optimized with the Yoast SEO plugin v27.6 - https:\/\/yoast.com\/product\/yoast-seo-wordpress\/ -->\n<title>IMAGO Rami\u0119 do mocowania tacki na pieni\u0105dze 150 mm<\/title>\n<meta name=\"description\" content=\"IMAGO Rami\u0119 do mocowania tacki na pieni\u0105dze 150 mm dla \u015br. 38 mm to praktyczne akcesorium, kt\u00f3re u\u0142atwia organizacj\u0119 przestrzeni na stanowisku kasowym.\" \/>\n<meta name=\"robots\" content=\"index, follow, max-snippet:-1, max-image-preview:large, max-video-preview:-1\" \/>\n<link rel=\"canonical\" href=\"https:\/\/imago-systems.com\/en\/product\/imago-ramie-150-mm-dla-sr-38-mm-do-tacki-na-pieniadze\/\" \/>\n<meta property=\"og:locale\" content=\"en_US\" \/>\n<meta property=\"og:type\" content=\"article\" \/>\n<meta property=\"og:title\" content=\"IMAGO Rami\u0119 do mocowania tacki na pieni\u0105dze 150 mm\" \/>\n<meta property=\"og:description\" content=\"IMAGO Rami\u0119 do mocowania tacki na pieni\u0105dze 150 mm dla \u015br. 38 mm to praktyczne akcesorium, kt\u00f3re u\u0142atwia organizacj\u0119 przestrzeni na stanowisku kasowym.\" \/>\n<meta property=\"og:url\" content=\"https:\/\/imago-systems.com\/en\/product\/imago-ramie-150-mm-dla-sr-38-mm-do-tacki-na-pieniadze\/\" \/>\n<meta property=\"og:site_name\" content=\"IMAGO\" \/>\n<meta property=\"article:modified_time\" content=\"2025-10-24T12:47:10+00:00\" \/>\n<meta property=\"og:image\" content=\"https:\/\/imago-systems.com\/wp-content\/uploads\/2024\/08\/IMAGO-Ramie-do-mocowania-tacki-na-pieniadze-150-mm-dla-sr-38-mm.jpg\" \/>\n\t<meta property=\"og:image:width\" content=\"600\" \/>\n\t<meta property=\"og:image:height\" content=\"600\" \/>\n\t<meta property=\"og:image:type\" content=\"image\/jpeg\" \/>\n<meta name=\"twitter:card\" content=\"summary_large_image\" \/>\n<meta name=\"twitter:label1\" content=\"Est. reading time\" \/>\n\t<meta name=\"twitter:data1\" content=\"1 minute\" \/>\n<script type=\"application\/ld+json\" class=\"yoast-schema-graph\">{\"@context\":\"https:\\\/\\\/schema.org\",\"@graph\":[{\"@type\":\"WebPage\",\"@id\":\"https:\\\/\\\/imago-systems.com\\\/product\\\/imago-ramie-150-mm-dla-sr-38-mm-do-tacki-na-pieniadze\\\/\",\"url\":\"https:\\\/\\\/imago-systems.com\\\/product\\\/imago-ramie-150-mm-dla-sr-38-mm-do-tacki-na-pieniadze\\\/\",\"name\":\"IMAGO Rami\u0119 do mocowania tacki na pieni\u0105dze 150 mm\",\"isPartOf\":{\"@id\":\"https:\\\/\\\/imago-systems.com\\\/#website\"},\"primaryImageOfPage\":{\"@id\":\"https:\\\/\\\/imago-systems.com\\\/product\\\/imago-ramie-150-mm-dla-sr-38-mm-do-tacki-na-pieniadze\\\/#primaryimage\"},\"image\":{\"@id\":\"https:\\\/\\\/imago-systems.com\\\/product\\\/imago-ramie-150-mm-dla-sr-38-mm-do-tacki-na-pieniadze\\\/#primaryimage\"},\"thumbnailUrl\":\"https:\\\/\\\/imago-systems.com\\\/wp-content\\\/uploads\\\/2024\\\/08\\\/IMAGO-Ramie-do-mocowania-tacki-na-pieniadze-150-mm-dla-sr-38-mm.jpg\",\"datePublished\":\"2024-08-20T13:01:42+00:00\",\"dateModified\":\"2025-10-24T12:47:10+00:00\",\"description\":\"IMAGO Rami\u0119 do mocowania tacki na pieni\u0105dze 150 mm dla \u015br. 38 mm to praktyczne akcesorium, kt\u00f3re u\u0142atwia organizacj\u0119 przestrzeni na stanowisku kasowym.\",\"breadcrumb\":{\"@id\":\"https:\\\/\\\/imago-systems.com\\\/product\\\/imago-ramie-150-mm-dla-sr-38-mm-do-tacki-na-pieniadze\\\/#breadcrumb\"},\"inLanguage\":\"en-US\",\"potentialAction\":[{\"@type\":\"ReadAction\",\"target\":[\"https:\\\/\\\/imago-systems.com\\\/product\\\/imago-ramie-150-mm-dla-sr-38-mm-do-tacki-na-pieniadze\\\/\"]}]},{\"@type\":\"ImageObject\",\"inLanguage\":\"en-US\",\"@id\":\"https:\\\/\\\/imago-systems.com\\\/product\\\/imago-ramie-150-mm-dla-sr-38-mm-do-tacki-na-pieniadze\\\/#primaryimage\",\"url\":\"https:\\\/\\\/imago-systems.com\\\/wp-content\\\/uploads\\\/2024\\\/08\\\/IMAGO-Ramie-do-mocowania-tacki-na-pieniadze-150-mm-dla-sr-38-mm.jpg\",\"contentUrl\":\"https:\\\/\\\/imago-systems.com\\\/wp-content\\\/uploads\\\/2024\\\/08\\\/IMAGO-Ramie-do-mocowania-tacki-na-pieniadze-150-mm-dla-sr-38-mm.jpg\",\"width\":600,\"height\":600,\"caption\":\"Rami\u0119 do mocowania tacki na pieni\u0105dze 150 mm dla \u015br 38 mm\"},{\"@type\":\"BreadcrumbList\",\"@id\":\"https:\\\/\\\/imago-systems.com\\\/product\\\/imago-ramie-150-mm-dla-sr-38-mm-do-tacki-na-pieniadze\\\/#breadcrumb\",\"itemListElement\":[{\"@type\":\"ListItem\",\"position\":1,\"name\":\"Home\",\"item\":\"https:\\\/\\\/imago-systems.com\\\/\"},{\"@type\":\"ListItem\",\"position\":2,\"name\":\"Shop\",\"item\":\"https:\\\/\\\/imago-systems.com\\\/shop\\\/\"},{\"@type\":\"ListItem\",\"position\":3,\"name\":\"IMAGO Tree\",\"item\":\"https:\\\/\\\/imago-systems.com\\\/product-category\\\/imago-tree\\\/\"},{\"@type\":\"ListItem\",\"position\":4,\"name\":\"Ramiona do uchwyt\u00f3w monta\u017cowych\",\"item\":\"https:\\\/\\\/imago-systems.com\\\/product-category\\\/imago-tree\\\/ramiona-do-uchwytow-montazowych\\\/\"},{\"@type\":\"ListItem\",\"position\":5,\"name\":\"IMAGO Rami\u0119 150 mm dla \u015br. 38 mm do tacki na pieni\u0105dze\"}]},{\"@type\":\"WebSite\",\"@id\":\"https:\\\/\\\/imago-systems.com\\\/#website\",\"url\":\"https:\\\/\\\/imago-systems.com\\\/\",\"name\":\"IMAGO systems\",\"description\":\"Nowoczesne rozwi\u0105zania dla przemys\u0142u i handlu detalicznego.\",\"publisher\":{\"@id\":\"https:\\\/\\\/imago-systems.com\\\/#organization\"},\"alternateName\":\"IMAGO\",\"potentialAction\":[{\"@type\":\"SearchAction\",\"target\":{\"@type\":\"EntryPoint\",\"urlTemplate\":\"https:\\\/\\\/imago-systems.com\\\/?s={search_term_string}\"},\"query-input\":{\"@type\":\"PropertyValueSpecification\",\"valueRequired\":true,\"valueName\":\"search_term_string\"}}],\"inLanguage\":\"en-US\"},{\"@type\":\"Organization\",\"@id\":\"https:\\\/\\\/imago-systems.com\\\/#organization\",\"name\":\"IMAGO Poland sp. z o.o.\",\"alternateName\":\"IMAGO\",\"url\":\"https:\\\/\\\/imago-systems.com\\\/\",\"logo\":{\"@type\":\"ImageObject\",\"inLanguage\":\"en-US\",\"@id\":\"https:\\\/\\\/imago-systems.com\\\/#\\\/schema\\\/logo\\\/image\\\/\",\"url\":\"https:\\\/\\\/imago-systems.com\\\/wp-content\\\/uploads\\\/2024\\\/11\\\/cropped-cropped-cropped-IMAGO-LOGO-.jpg\",\"contentUrl\":\"https:\\\/\\\/imago-systems.com\\\/wp-content\\\/uploads\\\/2024\\\/11\\\/cropped-cropped-cropped-IMAGO-LOGO-.jpg\",\"width\":512,\"height\":512,\"caption\":\"IMAGO Poland sp. z o.o.\"},\"image\":{\"@id\":\"https:\\\/\\\/imago-systems.com\\\/#\\\/schema\\\/logo\\\/image\\\/\"},\"sameAs\":[\"https:\\\/\\\/www.linkedin.com\\\/company\\\/imago-poland\\\/\"]}]}<\/script>\n<!-- \/ Yoast SEO plugin. -->","yoast_head_json":{"title":"IMAGO Arm for mounting the money tray 150 mm","description":"IMAGO Arm for mounting a 150 mm cash tray for a diameter of 38 mm is a practical accessory that makes it easier to organize space at the checkout.","robots":{"index":"index","follow":"follow","max-snippet":"max-snippet:-1","max-image-preview":"max-image-preview:large","max-video-preview":"max-video-preview:-1"},"canonical":"https:\/\/imago-systems.com\/en\/product\/imago-ramie-150-mm-dla-sr-38-mm-do-tacki-na-pieniadze\/","og_locale":"en_US","og_type":"article","og_title":"IMAGO Rami\u0119 do mocowania tacki na pieni\u0105dze 150 mm","og_description":"IMAGO Rami\u0119 do mocowania tacki na pieni\u0105dze 150 mm dla \u015br. 38 mm to praktyczne akcesorium, kt\u00f3re u\u0142atwia organizacj\u0119 przestrzeni na stanowisku kasowym.","og_url":"https:\/\/imago-systems.com\/en\/product\/imago-ramie-150-mm-dla-sr-38-mm-do-tacki-na-pieniadze\/","og_site_name":"IMAGO","article_modified_time":"2025-10-24T12:47:10+00:00","og_image":[{"width":600,"height":600,"url":"https:\/\/imago-systems.com\/wp-content\/uploads\/2024\/08\/IMAGO-Ramie-do-mocowania-tacki-na-pieniadze-150-mm-dla-sr-38-mm.jpg","type":"image\/jpeg"}],"twitter_card":"summary_large_image","twitter_misc":{"Est. reading time":"1 minute"},"schema":{"@context":"https:\/\/schema.org","@graph":[{"@type":"WebPage","@id":"https:\/\/imago-systems.com\/product\/imago-ramie-150-mm-dla-sr-38-mm-do-tacki-na-pieniadze\/","url":"https:\/\/imago-systems.com\/product\/imago-ramie-150-mm-dla-sr-38-mm-do-tacki-na-pieniadze\/","name":"IMAGO Arm for mounting the money tray 150 mm","isPartOf":{"@id":"https:\/\/imago-systems.com\/#website"},"primaryImageOfPage":{"@id":"https:\/\/imago-systems.com\/product\/imago-ramie-150-mm-dla-sr-38-mm-do-tacki-na-pieniadze\/#primaryimage"},"image":{"@id":"https:\/\/imago-systems.com\/product\/imago-ramie-150-mm-dla-sr-38-mm-do-tacki-na-pieniadze\/#primaryimage"},"thumbnailUrl":"https:\/\/imago-systems.com\/wp-content\/uploads\/2024\/08\/IMAGO-Ramie-do-mocowania-tacki-na-pieniadze-150-mm-dla-sr-38-mm.jpg","datePublished":"2024-08-20T13:01:42+00:00","dateModified":"2025-10-24T12:47:10+00:00","description":"IMAGO Arm for mounting a 150 mm cash tray for a diameter of 38 mm is a practical accessory that makes it easier to organize space at the checkout.","breadcrumb":{"@id":"https:\/\/imago-systems.com\/product\/imago-ramie-150-mm-dla-sr-38-mm-do-tacki-na-pieniadze\/#breadcrumb"},"inLanguage":"en-US","potentialAction":[{"@type":"ReadAction","target":["https:\/\/imago-systems.com\/product\/imago-ramie-150-mm-dla-sr-38-mm-do-tacki-na-pieniadze\/"]}]},{"@type":"ImageObject","inLanguage":"en-US","@id":"https:\/\/imago-systems.com\/product\/imago-ramie-150-mm-dla-sr-38-mm-do-tacki-na-pieniadze\/#primaryimage","url":"https:\/\/imago-systems.com\/wp-content\/uploads\/2024\/08\/IMAGO-Ramie-do-mocowania-tacki-na-pieniadze-150-mm-dla-sr-38-mm.jpg","contentUrl":"https:\/\/imago-systems.com\/wp-content\/uploads\/2024\/08\/IMAGO-Ramie-do-mocowania-tacki-na-pieniadze-150-mm-dla-sr-38-mm.jpg","width":600,"height":600,"caption":"Rami\u0119 do mocowania tacki na pieni\u0105dze 150 mm dla \u015br 38 mm"},{"@type":"BreadcrumbList","@id":"https:\/\/imago-systems.com\/product\/imago-ramie-150-mm-dla-sr-38-mm-do-tacki-na-pieniadze\/#breadcrumb","itemListElement":[{"@type":"ListItem","position":1,"name":"Home","item":"https:\/\/imago-systems.com\/"},{"@type":"ListItem","position":2,"name":"Shop","item":"https:\/\/imago-systems.com\/shop\/"},{"@type":"ListItem","position":3,"name":"IMAGO Tree","item":"https:\/\/imago-systems.com\/product-category\/imago-tree\/"},{"@type":"ListItem","position":4,"name":"Ramiona do uchwyt\u00f3w monta\u017cowych","item":"https:\/\/imago-systems.com\/product-category\/imago-tree\/ramiona-do-uchwytow-montazowych\/"},{"@type":"ListItem","position":5,"name":"IMAGO Rami\u0119 150 mm dla \u015br. 38 mm do tacki na pieni\u0105dze"}]},{"@type":"WebSite","@id":"https:\/\/imago-systems.com\/#website","url":"https:\/\/imago-systems.com\/","name":"IMAGO systems","description":"Modern solutions for industry and retail.","publisher":{"@id":"https:\/\/imago-systems.com\/#organization"},"alternateName":"IMAGO","potentialAction":[{"@type":"SearchAction","target":{"@type":"EntryPoint","urlTemplate":"https:\/\/imago-systems.com\/?s={search_term_string}"},"query-input":{"@type":"PropertyValueSpecification","valueRequired":true,"valueName":"search_term_string"}}],"inLanguage":"en-US"},{"@type":"Organization","@id":"https:\/\/imago-systems.com\/#organization","name":"IMAGO Poland sp. z o. o.","alternateName":"IMAGO","url":"https:\/\/imago-systems.com\/","logo":{"@type":"ImageObject","inLanguage":"en-US","@id":"https:\/\/imago-systems.com\/#\/schema\/logo\/image\/","url":"https:\/\/imago-systems.com\/wp-content\/uploads\/2024\/11\/cropped-cropped-cropped-IMAGO-LOGO-.jpg","contentUrl":"https:\/\/imago-systems.com\/wp-content\/uploads\/2024\/11\/cropped-cropped-cropped-IMAGO-LOGO-.jpg","width":512,"height":512,"caption":"IMAGO Poland sp. z o.o."},"image":{"@id":"https:\/\/imago-systems.com\/#\/schema\/logo\/image\/"},"sameAs":["https:\/\/www.linkedin.com\/company\/imago-poland\/"]}]}},"_links":{"self":[{"href":"https:\/\/imago-systems.com\/en\/wp-json\/wp\/v2\/product\/1295","targetHints":{"allow":["GET"]}}],"collection":[{"href":"https:\/\/imago-systems.com\/en\/wp-json\/wp\/v2\/product"}],"about":[{"href":"https:\/\/imago-systems.com\/en\/wp-json\/wp\/v2\/types\/product"}],"replies":[{"embeddable":true,"href":"https:\/\/imago-systems.com\/en\/wp-json\/wp\/v2\/comments?post=1295"}],"wp:featuredmedia":[{"embeddable":true,"href":"https:\/\/imago-systems.com\/en\/wp-json\/wp\/v2\/media\/1755"}],"wp:attachment":[{"href":"https:\/\/imago-systems.com\/en\/wp-json\/wp\/v2\/media?parent=1295"}],"wp:term":[{"taxonomy":"product_brand","embeddable":true,"href":"https:\/\/imago-systems.com\/en\/wp-json\/wp\/v2\/product_brand?post=1295"},{"taxonomy":"product_cat","embeddable":true,"href":"https:\/\/imago-systems.com\/en\/wp-json\/wp\/v2\/product_cat?post=1295"},{"taxonomy":"product_tag","embeddable":true,"href":"https:\/\/imago-systems.com\/en\/wp-json\/wp\/v2\/product_tag?post=1295"}],"curies":[{"name":"wp","href":"https:\/\/api.w.org\/{rel}","templated":true}]}}